{"id":335,"date":"2012-08-15T12:32:34","date_gmt":"2012-08-15T12:32:34","guid":{"rendered":"https:\/\/welcome-ontour.de\/wordpress\/index.php\/2012-02-05\/"},"modified":"2022-06-30T23:07:29","modified_gmt":"2022-06-30T23:07:29","slug":"2012-02-05","status":"publish","type":"page","link":"https:\/\/welcome-ontour.de\/wordpress\/index.php\/2012-02-05\/","title":{"rendered":"2012 02 05"},"content":{"rendered":"<p style=\"text-align: center;\"><span style=\"font-family: arial, helvetica, sans-serif; font-size: x-small;\"><a href=\"https:\/\/welcome-ontour.de\/wordpress\/index.php\/2012-01-18-prolog\/\">prolog<\/a>\u00a0&#8211;\u00a0<a href=\"https:\/\/welcome-ontour.de\/wordpress\/index.php\/2012-01-19\/\">hinflug<\/a>\u00a0&#8211;\u00a0<a href=\"https:\/\/welcome-ontour.de\/wordpress\/index.php\/2012-01-20\/\">everglades<\/a>\u00a0&#8211;\u00a0<a href=\"https:\/\/welcome-ontour.de\/wordpress\/index.php\/2012-01-21\/\">key biskayne<\/a>\u00a0&#8211;\u00a0<a href=\"https:\/\/welcome-ontour.de\/wordpress\/index.php\/2012-01-22\/\">southbeach<\/a>\u00a0&#8211;\u00a0<a href=\"https:\/\/welcome-ontour.de\/wordpress\/index.php\/2012-01-23\/\">70.000<\/a>\u00a0&#8211;\u00a0<a href=\"https:\/\/welcome-ontour.de\/wordpress\/index.php\/2012-01-27\/\">florida keys<\/a>\u00a0&#8211;\u00a0<a href=\"https:\/\/welcome-ontour.de\/wordpress\/index.php\/2012-01-28\/\">key west<\/a>\u00a0&#8211;\u00a0<a href=\"https:\/\/welcome-ontour.de\/wordpress\/index.php\/2012-01-29\/\">bahia honda<\/a>\u00a0&#8211;\u00a0<a href=\"https:\/\/welcome-ontour.de\/wordpress\/index.php\/2012-01-30\/\">key largo<\/a>\u00a0&#8211;\u00a0<a href=\"https:\/\/welcome-ontour.de\/wordpress\/index.php\/2012-01-30\/\">everglades 2<\/a>\u00a0&#8211;\u00a0<a href=\"https:\/\/welcome-ontour.de\/wordpress\/index.php\/2012-02-01\/\">fort myers<\/a>\u00a0&#8211;\u00a0<a href=\"https:\/\/welcome-ontour.de\/wordpress\/index.php\/2012-02-03\/\">myaka<\/a>\u00a0&#8211;\u00a0<a href=\"https:\/\/welcome-ontour.de\/wordpress\/index.php\/2012-02-04\/\">st.pete<\/a>\u00a0&#8211;\u00a0<a href=\"https:\/\/welcome-ontour.de\/wordpress\/index.php\/2012-02-06\/\">siesta key<\/a>\u00a0&#8211;\u00a0<a href=\"https:\/\/welcome-ontour.de\/wordpress\/index.php\/2012-02-07\/\">ft.lauderdale<\/a>\u00a0&#8211;\u00a0<a href=\"https:\/\/welcome-ontour.de\/wordpress\/index.php\/2012-02-09\/\">r\u00fcckflug<\/a>\u00a0&#8211;\u00a0<a href=\"https:\/\/welcome-ontour.de\/wordpress\/index.php\/2012-02-11-fazit\/\">fazit<\/a><\/span><\/p>\n<p style=\"text-align: center;\"><span style=\"font-family: arial, helvetica, sans-serif; font-size: medium;\">\u00a0<\/span><\/p>\n<p style=\"text-align: center;\"><span style=\"font-family: arial, helvetica, sans-serif; font-size: small;\"><a href=\"https:\/\/welcome-ontour.de\/wordpress\/index.php\/2012-02-04\/\">&lt; Zur\u00fcck<\/a>\u00a0 \u00a0 \u00a0 \u00a0 \u00a0 \u00a0 \u00a0 \u00a0 \u00a0 \u00a0 \u00a0 \u00a0 \u00a0 \u00a0 \u00a0 \u00a0 \u00a0 \u00a0 \u00a0 \u00a0 \u00a0 \u00a0 \u00a0 \u00a0 \u00a0 \u00a0 \u00a0 \u00a0 \u00a0 \u00a0 \u00a0 \u00a0 \u00a0 \u00a0 \u00a0 \u00a0 \u00a0 \u00a0 \u00a0 \u00a0 \u00a0 \u00a0 \u00a0 \u00a0 \u00a0 \u00a0 \u00a0 \u00a0 \u00a0 \u00a0 \u00a0 \u00a0 \u00a0 \u00a0 \u00a0 \u00a0 \u00a0 \u00a0 \u00a0 \u00a0 \u00a0 \u00a0 \u00a0 \u00a0 \u00a0 \u00a0 \u00a0 \u00a0 \u00a0 \u00a0 \u00a0 \u00a0 \u00a0 \u00a0 \u00a0 \u00a0 \u00a0 \u00a0 \u00a0 \u00a0 \u00a0 \u00a0 \u00a0 \u00a0 \u00a0 \u00a0 \u00a0 \u00a0 \u00a0 \u00a0 \u00a0 \u00a0 \u00a0 \u00a0 \u00a0 \u00a0 \u00a0 \u00a0 \u00a0\u00a0<a href=\"https:\/\/welcome-ontour.de\/wordpress\/index.php\/2012-02-06\/\">Weiter &gt;<\/a><\/span><\/p>\n<p style=\"text-align: center;\"><span style=\"font-family: arial, helvetica, sans-serif; font-size: medium;\">\u00a0<\/span><\/p>\n<p style=\"text-align: center;\"><strong><span style=\"font-family: arial, helvetica, sans-serif; font-size: medium;\">So 05.02.2012, 3.Woche, 18.Tag<\/span><\/strong><\/p>\n<p style=\"text-align: center;\"><strong><span style=\"font-family: arial, helvetica, sans-serif; font-size: medium;\">St. Pete Beach<\/span><\/strong><\/p>\n<p style=\"text-align: center;\"><span style=\"font-family: arial, helvetica, sans-serif; font-size: medium;\">\u00a0<\/span><\/p>\n<p style=\"text-align: center;\"><span style=\"font-family: arial, helvetica, sans-serif; font-size: medium;\">Der Tag beginnt mit einem z\u00fcnftigen <a href=\"http:\/\/www.wafflehouse.com\/\" target=\"_blank\" rel=\"noopener noreferrer\">Waffle House<\/a>\u00a0Breakfast, wie immer am Tresen sitzend.<\/span><\/p>\n<p style=\"text-align: center;\"><span style=\"font-family: arial, helvetica, sans-serif; font-size: medium;\">\u00a0<\/span><\/p>\n<p style=\"text-align: center;\"><span style=\"font-family: arial, helvetica, sans-serif; font-size: medium;\"><img decoding=\"async\" class=\" size-full wp-image-324\" title=\"Waffle House\" src=\"https:\/\/welcome-ontour.de\/wordpress\/wp-content\/uploads\/2012\/08\/phoca_thumb_l_2012-02-05-01-img_8749.jpg\" width=\"600\" height=\"452\" border=\"0\" srcset=\"https:\/\/welcome-ontour.de\/wordpress\/wp-content\/uploads\/2012\/08\/phoca_thumb_l_2012-02-05-01-img_8749.jpg 600w, https:\/\/welcome-ontour.de\/wordpress\/wp-content\/uploads\/2012\/08\/phoca_thumb_l_2012-02-05-01-img_8749-300x226.jpg 300w\" sizes=\"(max-width: 600px) 100vw, 600px\" \/><\/span><\/p>\n<p style=\"text-align: center;\"><span style=\"font-family: arial, helvetica, sans-serif; font-size: medium;\">\u00a0<\/span><\/p>\n<p style=\"text-align: center;\"><a href=\"https:\/\/welcome-ontour.de\/wordpress\/wp-content\/uploads\/2012\/08\/phoca_thumb_l_2012-02-05-02-img_8748-kopie.jpg\" target=\"_blank\" rel=\"noopener noreferrer\"><span style=\"font-family: arial, helvetica, sans-serif; font-size: medium;\"><img decoding=\"async\" class=\" size-full wp-image-325\" title=\"Waffle - Klick mich\" src=\"https:\/\/welcome-ontour.de\/wordpress\/wp-content\/uploads\/2012\/08\/phoca_thumb_l_2012-02-05-02-img_8748-kopie.jpg\" width=\"600\" height=\"451\" border=\"0\" srcset=\"https:\/\/welcome-ontour.de\/wordpress\/wp-content\/uploads\/2012\/08\/phoca_thumb_l_2012-02-05-02-img_8748-kopie.jpg 1331w, https:\/\/welcome-ontour.de\/wordpress\/wp-content\/uploads\/2012\/08\/phoca_thumb_l_2012-02-05-02-img_8748-kopie-300x225.jpg 300w, https:\/\/welcome-ontour.de\/wordpress\/wp-content\/uploads\/2012\/08\/phoca_thumb_l_2012-02-05-02-img_8748-kopie-1024x769.jpg 1024w, https:\/\/welcome-ontour.de\/wordpress\/wp-content\/uploads\/2012\/08\/phoca_thumb_l_2012-02-05-02-img_8748-kopie-768x577.jpg 768w\" sizes=\"(max-width: 600px) 100vw, 600px\" \/><\/span><\/a><\/p>\n<p style=\"text-align: center;\"><span style=\"font-family: arial, helvetica, sans-serif; font-size: medium;\">\u00a0<\/span><\/p>\n<p style=\"text-align: center;\"><a href=\"https:\/\/welcome-ontour.de\/wordpress\/wp-content\/uploads\/2012\/08\/phoca_thumb_l_2012-02-05-03-img_8747-kopie.jpg\" target=\"_blank\" rel=\"noopener noreferrer\"><span style=\"font-family: arial, helvetica, sans-serif; font-size: medium;\"><img decoding=\"async\" class=\" size-full wp-image-326\" title=\"Hash Browns - Klick\" src=\"https:\/\/welcome-ontour.de\/wordpress\/wp-content\/uploads\/2012\/08\/phoca_thumb_l_2012-02-05-03-img_8747-kopie.jpg\" width=\"600\" height=\"451\" border=\"0\" srcset=\"https:\/\/welcome-ontour.de\/wordpress\/wp-content\/uploads\/2012\/08\/phoca_thumb_l_2012-02-05-03-img_8747-kopie.jpg 1331w, https:\/\/welcome-ontour.de\/wordpress\/wp-content\/uploads\/2012\/08\/phoca_thumb_l_2012-02-05-03-img_8747-kopie-300x225.jpg 300w, https:\/\/welcome-ontour.de\/wordpress\/wp-content\/uploads\/2012\/08\/phoca_thumb_l_2012-02-05-03-img_8747-kopie-1024x769.jpg 1024w, https:\/\/welcome-ontour.de\/wordpress\/wp-content\/uploads\/2012\/08\/phoca_thumb_l_2012-02-05-03-img_8747-kopie-768x577.jpg 768w\" sizes=\"(max-width: 600px) 100vw, 600px\" \/><\/span><\/a><\/p>\n<p style=\"text-align: center;\"><span style=\"font-family: arial, helvetica, sans-serif; font-size: medium;\">\u00a0<\/span><\/p>\n<p style=\"text-align: center;\"><span style=\"font-family: arial, helvetica, sans-serif; font-size: medium;\">Heute war laut Planung eigentlich unser Beach-Day vorgesehen.<\/span><\/p>\n<p style=\"text-align: center;\"><span style=\"font-family: arial, helvetica, sans-serif; font-size: medium;\">Klappt bis zum Mittag auch recht gut, dann zieht es sich langsam aber sicher zu.<\/span><\/p>\n<p style=\"text-align: center;\"><span style=\"font-family: arial, helvetica, sans-serif; font-size: medium;\">Als es zum Nachmittag immer bedeckter wird, fahren wir nochmal nach St. Petersburg und Tampa r\u00fcber.<\/span><\/p>\n<p style=\"text-align: center;\"><span style=\"font-family: arial, helvetica, sans-serif; font-size: medium;\">\u00a0<\/span><\/p>\n<p style=\"text-align: center;\"><span style=\"font-family: arial, helvetica, sans-serif; font-size: medium;\"><img decoding=\"async\" class=\" size-full wp-image-327\" title=\"Treasure Island Causeway\" src=\"https:\/\/welcome-ontour.de\/wordpress\/wp-content\/uploads\/2012\/08\/phoca_thumb_l_2012-02-05-04-img_8790.jpg\" width=\"600\" height=\"452\" border=\"0\" srcset=\"https:\/\/welcome-ontour.de\/wordpress\/wp-content\/uploads\/2012\/08\/phoca_thumb_l_2012-02-05-04-img_8790.jpg 600w, https:\/\/welcome-ontour.de\/wordpress\/wp-content\/uploads\/2012\/08\/phoca_thumb_l_2012-02-05-04-img_8790-300x226.jpg 300w\" sizes=\"(max-width: 600px) 100vw, 600px\" \/><\/span><\/p>\n<p style=\"text-align: center;\"><span style=\"font-family: arial, helvetica, sans-serif; font-size: medium;\">\u00a0<\/span><\/p>\n<p style=\"text-align: center;\"><span style=\"font-family: arial, helvetica, sans-serif; font-size: medium;\"><a href=\"http:\/\/www.jimshd.com\/\" target=\"_blank\" rel=\"noopener noreferrer\">Harley Davidson<\/a>\u00a0und <a href=\"http:\/\/www.hardrock.com\/locations\/cafes3\/cafe.aspx?LocationID=589&amp;MIBenumID=3\" target=\"_blank\" rel=\"noopener noreferrer\">Hard Rock Cafe<\/a>\u00a0wollen besucht werden.<\/span><\/p>\n<p style=\"text-align: center;\"><span style=\"font-family: arial, helvetica, sans-serif; font-size: medium;\">Und ein <a href=\"http:\/\/www.goldencorral.com\/\" target=\"_blank\" rel=\"noopener noreferrer\">Golden Corral B\u00fcfett<\/a>\u00a0kommt uns gerade recht.<\/span><\/p>\n<p style=\"text-align: center;\"><span style=\"font-family: arial, helvetica, sans-serif; font-size: medium;\">\u00a0<\/span><\/p>\n<p style=\"text-align: center;\"><span style=\"font-family: arial, helvetica, sans-serif; font-size: medium;\"><img decoding=\"async\" class=\" size-full wp-image-328\" title=\"Grilled-to-order USDA Steaks &amp; Awesome Pot Roast\" src=\"https:\/\/welcome-ontour.de\/wordpress\/wp-content\/uploads\/2012\/08\/phoca_thumb_l_2012-02-05-05-img_8802.jpg\" width=\"600\" height=\"452\" border=\"0\" srcset=\"https:\/\/welcome-ontour.de\/wordpress\/wp-content\/uploads\/2012\/08\/phoca_thumb_l_2012-02-05-05-img_8802.jpg 600w, https:\/\/welcome-ontour.de\/wordpress\/wp-content\/uploads\/2012\/08\/phoca_thumb_l_2012-02-05-05-img_8802-300x226.jpg 300w\" sizes=\"(max-width: 600px) 100vw, 600px\" \/><\/span><\/p>\n<p style=\"text-align: center;\"><span style=\"font-family: arial, helvetica, sans-serif; font-size: medium;\">\u00a0<\/span><\/p>\n<p style=\"text-align: center;\"><span style=\"font-family: arial, helvetica, sans-serif; font-size: medium;\">Den Sonnenuntergang genie\u00dfen wir am Indian Rocks Beach, s\u00fcdlich von Clearwater.<\/span><\/p>\n<p style=\"text-align: center;\"><span style=\"font-family: arial, helvetica, sans-serif; font-size: medium;\">\u00a0<\/span><\/p>\n<p style=\"text-align: center;\"><a href=\"https:\/\/welcome-ontour.de\/wordpress\/wp-content\/uploads\/2012\/08\/phoca_thumb_l_2012-02-05-06-img_8803-kopie.jpg\" target=\"_blank\" rel=\"noopener noreferrer\"><span style=\"font-family: arial, helvetica, sans-serif; font-size: medium;\"><img decoding=\"async\" class=\" size-full wp-image-329\" title=\"Indian Rocks Beach 5pm\" src=\"https:\/\/welcome-ontour.de\/wordpress\/wp-content\/uploads\/2012\/08\/phoca_thumb_l_2012-02-05-06-img_8803-kopie.jpg\" width=\"600\" height=\"451\" border=\"0\" srcset=\"https:\/\/welcome-ontour.de\/wordpress\/wp-content\/uploads\/2012\/08\/phoca_thumb_l_2012-02-05-06-img_8803-kopie.jpg 1331w, https:\/\/welcome-ontour.de\/wordpress\/wp-content\/uploads\/2012\/08\/phoca_thumb_l_2012-02-05-06-img_8803-kopie-300x225.jpg 300w, https:\/\/welcome-ontour.de\/wordpress\/wp-content\/uploads\/2012\/08\/phoca_thumb_l_2012-02-05-06-img_8803-kopie-1024x769.jpg 1024w, https:\/\/welcome-ontour.de\/wordpress\/wp-content\/uploads\/2012\/08\/phoca_thumb_l_2012-02-05-06-img_8803-kopie-768x577.jpg 768w\" sizes=\"(max-width: 600px) 100vw, 600px\" \/><\/span><\/a><\/p>\n<p style=\"text-align: center;\"><span style=\"font-family: arial, helvetica, sans-serif; font-size: medium;\">\u00a0<\/span><\/p>\n<p style=\"text-align: center;\"><a href=\"https:\/\/welcome-ontour.de\/wordpress\/wp-content\/uploads\/2012\/08\/phoca_thumb_l_2012-02-05-07-img_8886-kopie.jpg\" target=\"_blank\" rel=\"noopener noreferrer\"><span style=\"font-family: arial, helvetica, sans-serif; font-size: medium;\"><img decoding=\"async\" class=\" size-full wp-image-330\" title=\"Indian Rocks 5:01pm\" src=\"https:\/\/welcome-ontour.de\/wordpress\/wp-content\/uploads\/2012\/08\/phoca_thumb_l_2012-02-05-07-img_8886-kopie.jpg\" width=\"600\" height=\"451\" border=\"0\" srcset=\"https:\/\/welcome-ontour.de\/wordpress\/wp-content\/uploads\/2012\/08\/phoca_thumb_l_2012-02-05-07-img_8886-kopie.jpg 1331w, https:\/\/welcome-ontour.de\/wordpress\/wp-content\/uploads\/2012\/08\/phoca_thumb_l_2012-02-05-07-img_8886-kopie-300x225.jpg 300w, https:\/\/welcome-ontour.de\/wordpress\/wp-content\/uploads\/2012\/08\/phoca_thumb_l_2012-02-05-07-img_8886-kopie-1024x769.jpg 1024w, https:\/\/welcome-ontour.de\/wordpress\/wp-content\/uploads\/2012\/08\/phoca_thumb_l_2012-02-05-07-img_8886-kopie-768x577.jpg 768w\" sizes=\"(max-width: 600px) 100vw, 600px\" \/><\/span><\/a><\/p>\n<p style=\"text-align: center;\">\u00a0<\/p>\n<p style=\"text-align: center;\"><a href=\"https:\/\/welcome-ontour.de\/wordpress\/wp-content\/uploads\/2012\/08\/phoca_thumb_l_2012-02-05-08-img_8824-kopie.jpg\" target=\"_blank\" rel=\"noopener noreferrer\"><span style=\"font-family: arial, helvetica, sans-serif; font-size: medium;\"><img decoding=\"async\" class=\" size-full wp-image-331\" title=\"Indian Rocks 5:10pm\" src=\"https:\/\/welcome-ontour.de\/wordpress\/wp-content\/uploads\/2012\/08\/phoca_thumb_l_2012-02-05-08-img_8824-kopie.jpg\" width=\"600\" height=\"451\" border=\"0\" srcset=\"https:\/\/welcome-ontour.de\/wordpress\/wp-content\/uploads\/2012\/08\/phoca_thumb_l_2012-02-05-08-img_8824-kopie.jpg 1331w, https:\/\/welcome-ontour.de\/wordpress\/wp-content\/uploads\/2012\/08\/phoca_thumb_l_2012-02-05-08-img_8824-kopie-300x225.jpg 300w, https:\/\/welcome-ontour.de\/wordpress\/wp-content\/uploads\/2012\/08\/phoca_thumb_l_2012-02-05-08-img_8824-kopie-1024x769.jpg 1024w, https:\/\/welcome-ontour.de\/wordpress\/wp-content\/uploads\/2012\/08\/phoca_thumb_l_2012-02-05-08-img_8824-kopie-768x577.jpg 768w\" sizes=\"(max-width: 600px) 100vw, 600px\" \/><\/span><\/a><\/p>\n<p style=\"text-align: center;\"><span style=\"font-family: arial, helvetica, sans-serif; font-size: medium;\">\u00a0<\/span><\/p>\n<p style=\"text-align: center;\"><a href=\"https:\/\/welcome-ontour.de\/wordpress\/wp-content\/uploads\/2012\/08\/phoca_thumb_l_2012-02-05-09-img_8821-kopie.jpg\" target=\"_blank\" rel=\"noopener noreferrer\"><span style=\"font-family: arial, helvetica, sans-serif; font-size: medium;\"><img decoding=\"async\" class=\" size-full wp-image-332\" title=\"Indian Rocks 6pm\" src=\"https:\/\/welcome-ontour.de\/wordpress\/wp-content\/uploads\/2012\/08\/phoca_thumb_l_2012-02-05-09-img_8821-kopie.jpg\" width=\"600\" height=\"451\" border=\"0\" srcset=\"https:\/\/welcome-ontour.de\/wordpress\/wp-content\/uploads\/2012\/08\/phoca_thumb_l_2012-02-05-09-img_8821-kopie.jpg 1331w, https:\/\/welcome-ontour.de\/wordpress\/wp-content\/uploads\/2012\/08\/phoca_thumb_l_2012-02-05-09-img_8821-kopie-300x225.jpg 300w, https:\/\/welcome-ontour.de\/wordpress\/wp-content\/uploads\/2012\/08\/phoca_thumb_l_2012-02-05-09-img_8821-kopie-1024x769.jpg 1024w, https:\/\/welcome-ontour.de\/wordpress\/wp-content\/uploads\/2012\/08\/phoca_thumb_l_2012-02-05-09-img_8821-kopie-768x577.jpg 768w\" sizes=\"(max-width: 600px) 100vw, 600px\" \/><\/span><\/a><\/p>\n<p style=\"text-align: center;\"><span style=\"font-family: arial, helvetica, sans-serif; font-size: medium;\">\u00a0<\/span><\/p>\n<p style=\"text-align: center;\"><a href=\"https:\/\/welcome-ontour.de\/wordpress\/wp-content\/uploads\/2012\/08\/phoca_thumb_l_2012-02-05-10-img_8829-kopie.jpg\" target=\"_blank\" rel=\"noopener noreferrer\"><span style=\"font-family: arial, helvetica, sans-serif; font-size: medium;\"><img decoding=\"async\" class=\" size-full wp-image-333\" title=\"Indian Rocks 6:20pm\" src=\"https:\/\/welcome-ontour.de\/wordpress\/wp-content\/uploads\/2012\/08\/phoca_thumb_l_2012-02-05-10-img_8829-kopie.jpg\" width=\"600\" height=\"451\" border=\"0\" srcset=\"https:\/\/welcome-ontour.de\/wordpress\/wp-content\/uploads\/2012\/08\/phoca_thumb_l_2012-02-05-10-img_8829-kopie.jpg 1331w, https:\/\/welcome-ontour.de\/wordpress\/wp-content\/uploads\/2012\/08\/phoca_thumb_l_2012-02-05-10-img_8829-kopie-300x225.jpg 300w, https:\/\/welcome-ontour.de\/wordpress\/wp-content\/uploads\/2012\/08\/phoca_thumb_l_2012-02-05-10-img_8829-kopie-1024x769.jpg 1024w, https:\/\/welcome-ontour.de\/wordpress\/wp-content\/uploads\/2012\/08\/phoca_thumb_l_2012-02-05-10-img_8829-kopie-768x577.jpg 768w\" sizes=\"(max-width: 600px) 100vw, 600px\" \/><\/span><\/a><\/p>\n<p style=\"text-align: center;\"><span style=\"font-family: arial, helvetica, sans-serif; font-size: medium;\">\u00a0<\/span><\/p>\n<p style=\"text-align: center;\"><span style=\"font-family: arial, helvetica, sans-serif; font-size: medium;\"><img decoding=\"async\" class=\" size-full wp-image-334\" title=\"Indian Rocks 6:30pm\" src=\"https:\/\/welcome-ontour.de\/wordpress\/wp-content\/uploads\/2012\/08\/phoca_thumb_l_2012-02-05-12-img_8890.jpg\" width=\"600\" height=\"452\" border=\"0\" srcset=\"https:\/\/welcome-ontour.de\/wordpress\/wp-content\/uploads\/2012\/08\/phoca_thumb_l_2012-02-05-12-img_8890.jpg 600w, https:\/\/welcome-ontour.de\/wordpress\/wp-content\/uploads\/2012\/08\/phoca_thumb_l_2012-02-05-12-img_8890-300x226.jpg 300w\" sizes=\"(max-width: 600px) 100vw, 600px\" \/><\/span><\/p>\n<p style=\"text-align: center;\"><span style=\"font-family: arial, helvetica, sans-serif; font-size: medium;\">\u00a0<\/span><\/p>\n<p style=\"text-align: center;\"><span style=\"font-family: arial, helvetica, sans-serif; font-size: medium;\">Danach geht es im Dunkeln via Madeira Beach zur\u00fcck nach St. Pete Beach.<\/span><\/p>\n<p style=\"text-align: center;\"><span style=\"font-family: arial, helvetica, sans-serif; font-size: medium;\">Alle Stra\u00dfen sind menschenleer, Superbowl Time.<\/span><\/p>\n<p style=\"text-align: center;\"><span style=\"font-family: arial, helvetica, sans-serif; font-size: medium;\">Die n\u00e4chsten N\u00e4chte sind unvorgebucht.\u00a0<\/span><span style=\"font-family: arial, helvetica, sans-serif; font-size: medium;\">Wegen des guten Wetters\u00a0<\/span><span style=\"font-family: arial, helvetica, sans-serif; font-size: medium;\">wollen wir noch eine Nacht<\/span><\/p>\n<p style=\"text-align: center;\"><span style=\"font-family: arial, helvetica, sans-serif; font-size: medium;\"> an der Golfk\u00fcste bleiben und versuchen ein Quartier an Sarasotas Str\u00e4nden zu ergattern.<\/span><\/p>\n<p style=\"text-align: center;\"><span style=\"font-family: arial, helvetica, sans-serif; font-size: medium;\">Bei Priceline haben wir auf die Schnelle keinen Erfolg.<\/span><\/p>\n<p style=\"text-align: center;\"><span style=\"font-family: arial, helvetica, sans-serif; font-size: medium;\">Aber Hotwire schickt uns f\u00fcr 84$ ins Tropical Beach Resort Siesta Key.<\/span><\/p>\n<p style=\"text-align: center;\"><span style=\"font-family: arial, helvetica, sans-serif; font-size: medium;\">Schnell noch nachgeschaut, wie hoch die normale Roomrate w\u00e4re.<\/span><\/p>\n<p style=\"text-align: center;\"><span style=\"font-family: arial, helvetica, sans-serif; font-size: medium;\">\u00dcber 200; drauf noch zwei Drinks!<\/span><\/p>\n<p style=\"text-align: center;\"><span style=\"font-family: arial, helvetica, sans-serif; font-size: medium;\">\u00a0<\/span><\/p>\n<p style=\"text-align: center;\"><span style=\"font-family: arial, helvetica, sans-serif; font-size: medium;\">Gefahrene Meilen \/ Kilometer: 39 \/ 63<\/span><\/p>\n<p style=\"text-align: center;\"><span style=\"font-family: arial, helvetica, sans-serif; font-size: medium;\">\u00a0<\/span><\/p>\n<p style=\"text-align: center;\"><span style=\"font-family: arial, helvetica, sans-serif; font-size: medium;\">\u00dcbernachtung: <a href=\"http:\/\/www.sirata.com\/\" target=\"_blank\" rel=\"noopener noreferrer\">Sirata Beach Resort<\/a>, St. Pete Beach 73$ ****<\/span><\/p>\n<p style=\"text-align: center;\"><span style=\"font-family: arial, helvetica, sans-serif; font-size: medium;\">\u00a0<\/span><\/p>\n<p style=\"text-align: center;\"><span style=\"font-family: arial, helvetica, sans-serif; font-size: small;\"><a href=\"https:\/\/welcome-ontour.de\/wordpress\/index.php\/2012-02-04\/\">&lt; Zur\u00fcck<\/a>\u00a0 \u00a0 \u00a0 \u00a0 \u00a0 \u00a0 \u00a0 \u00a0 \u00a0 \u00a0 \u00a0 \u00a0 \u00a0 \u00a0 \u00a0 \u00a0 \u00a0 \u00a0 \u00a0 \u00a0 \u00a0 \u00a0 \u00a0 \u00a0 \u00a0 \u00a0 \u00a0 \u00a0 \u00a0 \u00a0 \u00a0 \u00a0 \u00a0 \u00a0 \u00a0 \u00a0 \u00a0 \u00a0 \u00a0 \u00a0 \u00a0 \u00a0 \u00a0 \u00a0 \u00a0 \u00a0 \u00a0 \u00a0 \u00a0 \u00a0 \u00a0 \u00a0 \u00a0 \u00a0 \u00a0 \u00a0 \u00a0 \u00a0 \u00a0 \u00a0 \u00a0 \u00a0 \u00a0 \u00a0 \u00a0 \u00a0 \u00a0 \u00a0 \u00a0 \u00a0 \u00a0 \u00a0 \u00a0 \u00a0 \u00a0 \u00a0 \u00a0 \u00a0 \u00a0 \u00a0 \u00a0 \u00a0 \u00a0 \u00a0 \u00a0 \u00a0 \u00a0 \u00a0 \u00a0 \u00a0 \u00a0 \u00a0 \u00a0 \u00a0 \u00a0 \u00a0 \u00a0 \u00a0 \u00a0\u00a0<a href=\"https:\/\/welcome-ontour.de\/wordpress\/index.php\/2012-02-06\/\">Weiter &gt;<\/a><\/span><\/p>\n","protected":false},"excerpt":{"rendered":"<p>prolog\u00a0&#8211;\u00a0hinflug\u00a0&#8211;\u00a0everglades\u00a0&#8211;\u00a0key biskayne\u00a0&#8211;\u00a0southbeach\u00a0&#8211;\u00a070.000\u00a0&#8211;\u00a0florida keys\u00a0&#8211;\u00a0key west\u00a0&#8211;\u00a0bahia honda\u00a0&#8211;\u00a0key largo\u00a0&#8211;\u00a0everglades 2\u00a0&#8211;\u00a0fort myers\u00a0&#8211;\u00a0myaka\u00a0&#8211;\u00a0st.pete\u00a0&#8211;\u00a0siesta key\u00a0&#8211;\u00a0ft.lauderdale\u00a0&#8211;\u00a0r\u00fcckflug\u00a0&#8211;\u00a0fazit \u00a0 &lt; Zur\u00fcck\u00a0 \u00a0 \u00a0 \u00a0 \u00a0 \u00a0 \u00a0 \u00a0 \u00a0 \u00a0 \u00a0 \u00a0 \u00a0 \u00a0 \u00a0 \u00a0 \u00a0 \u00a0 \u00a0 \u00a0 \u00a0 \u00a0 \u00a0 \u00a0 \u00a0 \u00a0 \u00a0 \u00a0 \u00a0 \u00a0 \u00a0 \u00a0 \u00a0 \u00a0 \u00a0 \u00a0 \u00a0 \u00a0 \u00a0 \u00a0 \u00a0 \u00a0 \u00a0 \u00a0 \u00a0 \u00a0 \u00a0 \u00a0 \u00a0 \u00a0 \u00a0 \u00a0 \u00a0 \u00a0 \u00a0 \u00a0 \u00a0 \u00a0 \u00a0 \u00a0 \u00a0 \u00a0 \u00a0 \u00a0 \u00a0 \u00a0 \u00a0 \u00a0 \u00a0 \u00a0 \u00a0 \u00a0 \u00a0 \u00a0 \u00a0 \u00a0 \u00a0 \u00a0 \u00a0 \u00a0 \u00a0 \u00a0 \u00a0 \u00a0 \u00a0 \u00a0 \u00a0 \u00a0 \u00a0 \u00a0 \u00a0 \u00a0 \u00a0 \u00a0 \u00a0 \u00a0 \u00a0 \u00a0 \u00a0\u00a0Weiter &gt; \u00a0 So 05.02.2012, 3.Woche, 18.Tag St. Pete Beach \u00a0 Der Tag beginnt mit einem z\u00fcnftigen Waffle House\u00a0Breakfast, wie immer am Tresen sitzend. \u00a0 \u00a0 \u00a0 \u00a0 Heute war laut Planung eigentlich unser Beach-Day vorgesehen. Klappt bis zum Mittag auch recht gut, dann zieht es sich langsam aber sicher zu. Als es zum Nachmittag immer bedeckter wird, fahren wir nochmal nach St. Petersburg und Tampa r\u00fcber. \u00a0 \u00a0 Harley Davidson\u00a0und Hard Rock Cafe\u00a0wollen besucht werden. Und ein Golden Corral B\u00fcfett\u00a0kommt uns gerade recht. \u00a0 \u00a0 Den Sonnenuntergang genie\u00dfen wir am Indian Rocks Beach, s\u00fcdlich von Clearwater. \u00a0 \u00a0 \u00a0 \u00a0 \u00a0 \u00a0 \u00a0 Danach geht es im Dunkeln via Madeira Beach zur\u00fcck nach St. Pete Beach. Alle Stra\u00dfen sind menschenleer, Superbowl Time. Die n\u00e4chsten N\u00e4chte sind unvorgebucht.\u00a0Wegen des guten Wetters\u00a0wollen wir noch eine Nacht an der Golfk\u00fcste bleiben und versuchen ein Quartier an Sarasotas Str\u00e4nden zu ergattern. Bei Priceline haben wir auf die Schnelle keinen Erfolg. Aber Hotwire schickt uns f\u00fcr 84$ ins Tropical Beach Resort Siesta Key. Schnell noch nachgeschaut, wie hoch die normale Roomrate w\u00e4re. \u00dcber 200; drauf noch zwei Drinks! \u00a0 Gefahrene Meilen \/ Kilometer: 39 \/ 63 \u00a0 \u00dcbernachtung: Sirata Beach Resort, St. Pete Beach 73$ **** \u00a0 &lt; Zur\u00fcck\u00a0 \u00a0 \u00a0 \u00a0 \u00a0 \u00a0 \u00a0 \u00a0 \u00a0 \u00a0 \u00a0 \u00a0 \u00a0 \u00a0 \u00a0 \u00a0 \u00a0 \u00a0 \u00a0 \u00a0 \u00a0 \u00a0 \u00a0 \u00a0 \u00a0 \u00a0 \u00a0 \u00a0 \u00a0 \u00a0 \u00a0 \u00a0 \u00a0 \u00a0 \u00a0 \u00a0 \u00a0 \u00a0 \u00a0 \u00a0 \u00a0 \u00a0 \u00a0 \u00a0 \u00a0 \u00a0 \u00a0 \u00a0 \u00a0 \u00a0 \u00a0 \u00a0 \u00a0 \u00a0 \u00a0 \u00a0 \u00a0 \u00a0 \u00a0 \u00a0 \u00a0 \u00a0 \u00a0 \u00a0 \u00a0 \u00a0 \u00a0 \u00a0 \u00a0 \u00a0 \u00a0 \u00a0 \u00a0 \u00a0 \u00a0 \u00a0 \u00a0 \u00a0 \u00a0 \u00a0 \u00a0 \u00a0 \u00a0 \u00a0 \u00a0 \u00a0 \u00a0 \u00a0 \u00a0 \u00a0 \u00a0 \u00a0 \u00a0 \u00a0 \u00a0 \u00a0 \u00a0 \u00a0 \u00a0\u00a0Weiter &gt;<\/p>\n","protected":false},"author":1,"featured_media":324,"parent":0,"menu_order":19,"comment_status":"closed","ping_status":"closed","template":"","meta":{"footnotes":""},"class_list":["post-335","page","type-page","status-publish","has-post-thumbnail","hentry"],"_links":{"self":[{"href":"https:\/\/welcome-ontour.de\/wordpress\/index.php\/wp-json\/wp\/v2\/pages\/335","targetHints":{"allow":["GET"]}}],"collection":[{"href":"https:\/\/welcome-ontour.de\/wordpress\/index.php\/wp-json\/wp\/v2\/pages"}],"about":[{"href":"https:\/\/welcome-ontour.de\/wordpress\/index.php\/wp-json\/wp\/v2\/types\/page"}],"author":[{"embeddable":true,"href":"https:\/\/welcome-ontour.de\/wordpress\/index.php\/wp-json\/wp\/v2\/users\/1"}],"replies":[{"embeddable":true,"href":"https:\/\/welcome-ontour.de\/wordpress\/index.php\/wp-json\/wp\/v2\/comments?post=335"}],"version-history":[{"count":1,"href":"https:\/\/welcome-ontour.de\/wordpress\/index.php\/wp-json\/wp\/v2\/pages\/335\/revisions"}],"predecessor-version":[{"id":2918,"href":"https:\/\/welcome-ontour.de\/wordpress\/index.php\/wp-json\/wp\/v2\/pages\/335\/revisions\/2918"}],"wp:featuredmedia":[{"embeddable":true,"href":"https:\/\/welcome-ontour.de\/wordpress\/index.php\/wp-json\/wp\/v2\/media\/324"}],"wp:attachment":[{"href":"https:\/\/welcome-ontour.de\/wordpress\/index.php\/wp-json\/wp\/v2\/media?parent=335"}],"curies":[{"name":"wp","href":"https:\/\/api.w.org\/{rel}","templated":true}]}}