{"id":3204,"date":"2013-01-08T07:14:28","date_gmt":"2013-01-08T07:14:28","guid":{"rendered":"https:\/\/welcome-ontour.de\/wordpress\/index.php\/2009-06-16\/"},"modified":"2022-06-30T23:06:16","modified_gmt":"2022-06-30T23:06:16","slug":"2009-06-16","status":"publish","type":"page","link":"https:\/\/welcome-ontour.de\/wordpress\/index.php\/2009-06-16\/","title":{"rendered":"2009 06 16"},"content":{"rendered":"<p style=\"text-align: center;\"><a style=\"font-family: arial, helvetica, sans-serif; font-size: x-small; line-height: 1.3em;\" href=\"https:\/\/welcome-ontour.de\/wordpress\/index.php\/2009-05-21-prolog\/\">prolog<\/a><span style=\"font-family: arial, helvetica, sans-serif; font-size: x-small; line-height: 1.3em;\">\u00a0\u00a0&#8211; \u00a0<\/span><a style=\"font-family: arial, helvetica, sans-serif; font-size: x-small; line-height: 1.3em;\" href=\"https:\/\/welcome-ontour.de\/wordpress\/index.php\/2009-05-22\/\">hinflug<\/a><span style=\"font-family: arial, helvetica, sans-serif; font-size: x-small; line-height: 1.3em;\">\u00a0\u00a0&#8211; \u00a0<\/span><a style=\"font-family: arial, helvetica, sans-serif; font-size: x-small; line-height: 1.3em;\" href=\"https:\/\/welcome-ontour.de\/wordpress\/index.php\/2009-05-23\/\">olympic<\/a><span style=\"font-family: arial, helvetica, sans-serif; font-size: x-small; line-height: 1.3em;\">\u00a0\u00a0&#8211; \u00a0<\/span><a style=\"font-family: arial, helvetica, sans-serif; font-size: x-small; line-height: 1.3em;\" href=\"https:\/\/welcome-ontour.de\/wordpress\/index.php\/2009-05-25\/\">mount rainier<\/a><span style=\"font-family: arial, helvetica, sans-serif; font-size: x-small; line-height: 1.3em;\">\u00a0\u00a0&#8211; \u00a0<\/span><a style=\"font-family: arial, helvetica, sans-serif; font-size: x-small; line-height: 1.3em;\" href=\"https:\/\/welcome-ontour.de\/wordpress\/index.php\/2009-05-26\/\">mount saint helens<\/a><span style=\"font-family: arial, helvetica, sans-serif; font-size: x-small; line-height: 1.3em;\">\u00a0\u00a0&#8211; \u00a0<\/span><a style=\"font-family: arial, helvetica, sans-serif; font-size: x-small; line-height: 1.3em;\" href=\"https:\/\/welcome-ontour.de\/wordpress\/index.php\/2009-05-27\/\">columbia river gorge<\/a><span style=\"font-family: arial, helvetica, sans-serif; font-size: x-small; line-height: 1.3em;\">\u00a0\u00a0&#8211; \u00a0<\/span><a style=\"font-family: arial, helvetica, sans-serif; font-size: x-small; line-height: 1.3em;\" href=\"https:\/\/welcome-ontour.de\/wordpress\/index.php\/2009-05-28\/\">portland<\/a><span style=\"font-family: arial, helvetica, sans-serif; font-size: x-small; line-height: 1.3em;\">\u00a0\u00a0&#8211; \u00a0<\/span><a style=\"font-family: arial, helvetica, sans-serif; font-size: x-small; line-height: 1.3em;\" href=\"https:\/\/welcome-ontour.de\/wordpress\/index.php\/2009-05-29\/\">oregon coast<\/a><span style=\"font-family: arial, helvetica, sans-serif; font-size: x-small; line-height: 1.3em;\">\u00a0\u00a0&#8211; \u00a0<\/span><a style=\"font-family: arial, helvetica, sans-serif; font-size: x-small; line-height: 1.3em;\" href=\"https:\/\/welcome-ontour.de\/wordpress\/index.php\/2009-05-31\/\">redwoods<\/a><span style=\"font-family: arial, helvetica, sans-serif; font-size: x-small; line-height: 1.3em;\">\u00a0\u00a0&#8211; \u00a0<\/span><a style=\"font-family: arial, helvetica, sans-serif; font-size: x-small; line-height: 1.3em;\" href=\"https:\/\/welcome-ontour.de\/wordpress\/index.php\/2009-06-02\/\">lassen volcanic<\/a><span style=\"font-family: arial, helvetica, sans-serif; font-size: x-small; line-height: 1.3em;\">\u00a0\u00a0&#8211; \u00a0<\/span><a style=\"font-family: arial, helvetica, sans-serif; font-size: x-small; line-height: 1.3em;\" href=\"https:\/\/welcome-ontour.de\/wordpress\/index.php\/2009-06-03\/\">crater lake<\/a><span style=\"font-family: arial, helvetica, sans-serif; font-size: x-small; line-height: 1.3em;\">\u00a0\u00a0&#8211; \u00a0<\/span><a style=\"font-family: arial, helvetica, sans-serif; font-size: x-small; line-height: 1.3em;\" href=\"https:\/\/welcome-ontour.de\/wordpress\/index.php\/2009-06-04\/\">smith rock state park<\/a><\/p>\n<p style=\"text-align: center;\"><a style=\"font-family: arial, helvetica, sans-serif; font-size: x-small; line-height: 1.3em;\" href=\"https:\/\/welcome-ontour.de\/wordpress\/index.php\/2009-06-05\/\">painted hills<\/a><span style=\"font-family: arial, helvetica, sans-serif; font-size: x-small; line-height: 1.3em;\">\u00a0 &#8211; \u00a0<\/span><a style=\"font-family: arial, helvetica, sans-serif; font-size: x-small; line-height: 1.3em;\" href=\"https:\/\/welcome-ontour.de\/wordpress\/index.php\/2009-06-06\/\">hells canyon<\/a><span style=\"font-family: arial, helvetica, sans-serif; font-size: x-small; line-height: 1.3em;\">\u00a0\u00a0&#8211; \u00a0\u00a0<\/span><a style=\"font-family: arial, helvetica, sans-serif; font-size: x-small; line-height: 1.3em;\" href=\"https:\/\/welcome-ontour.de\/wordpress\/index.php\/2009-06-07\/\">lochsa river<\/a><span style=\"font-family: arial, helvetica, sans-serif; font-size: x-small; line-height: 1.3em;\">\u00a0\u00a0&#8211; \u00a0<\/span><a style=\"font-family: arial, helvetica, sans-serif; font-size: x-small; line-height: 1.3em;\" href=\"https:\/\/welcome-ontour.de\/wordpress\/index.php\/2009-06-08\/\">glacier nationalpark<\/a><span style=\"font-family: arial, helvetica, sans-serif; font-size: x-small; line-height: 1.3em;\">\u00a0\u00a0&#8211; \u00a0<\/span><a style=\"font-family: arial, helvetica, sans-serif; font-size: x-small; line-height: 1.3em;\" href=\"https:\/\/welcome-ontour.de\/wordpress\/index.php\/2009-06-09\/\">waterton provincial park<\/a><span style=\"font-family: arial, helvetica, sans-serif; font-size: x-small; line-height: 1.3em;\">\u00a0\u00a0&#8211; \u00a0<\/span><a style=\"font-family: arial, helvetica, sans-serif; font-size: x-small; line-height: 1.3em;\" href=\"https:\/\/welcome-ontour.de\/wordpress\/index.php\/2009-06-10\/\">spokane<\/a><span style=\"font-family: arial, helvetica, sans-serif; font-size: x-small; line-height: 1.3em;\">\u00a0\u00a0&#8211; \u00a0<\/span><a style=\"font-family: arial, helvetica, sans-serif; font-size: x-small; line-height: 1.3em;\" href=\"https:\/\/welcome-ontour.de\/wordpress\/index.php\/2009-06-13\/\">seattle<\/a><span style=\"font-family: arial, helvetica, sans-serif; font-size: x-small; line-height: 1.3em;\">\u00a0\u00a0&#8211; \u00a0<\/span><a style=\"font-family: arial, helvetica, sans-serif; font-size: x-small; line-height: 1.3em;\" href=\"https:\/\/welcome-ontour.de\/wordpress\/index.php\/2009-06-15\/\">r\u00fcckflug<\/a><span style=\"font-family: arial, helvetica, sans-serif; font-size: x-small; line-height: 1.3em;\">\u00a0\u00a0&#8211; \u00a0<\/span><a style=\"font-family: arial, helvetica, sans-serif; font-size: x-small; line-height: 1.3em;\" href=\"https:\/\/welcome-ontour.de\/wordpress\/index.php\/2009-06-17-fazit\/\">fazit<\/a><\/p>\n<p style=\"text-align: center;\">\u00a0<\/p>\n<p style=\"text-align: center;\"><a style=\"font-family: arial, helvetica, sans-serif; font-size: small; line-height: 1.3em;\" href=\"https:\/\/welcome-ontour.de\/wordpress\/index.php\/2009-06-15\/\">&lt;\u00a0Zur\u00fcck<\/a><span style=\"font-family: arial, helvetica, sans-serif; font-size: small; line-height: 1.3em;\">\u00a0 \u00a0 \u00a0 \u00a0 \u00a0 \u00a0 \u00a0 \u00a0 \u00a0 \u00a0 \u00a0 \u00a0 \u00a0 \u00a0 \u00a0 \u00a0 \u00a0 \u00a0 \u00a0 \u00a0 \u00a0 \u00a0 \u00a0 \u00a0 \u00a0 \u00a0 \u00a0 \u00a0 \u00a0 \u00a0 \u00a0 \u00a0 \u00a0 \u00a0 \u00a0 \u00a0 \u00a0 \u00a0 \u00a0 \u00a0 \u00a0 \u00a0 \u00a0 \u00a0 \u00a0 \u00a0 \u00a0 \u00a0 \u00a0 \u00a0 \u00a0 \u00a0 \u00a0 \u00a0 \u00a0 \u00a0 \u00a0 \u00a0 \u00a0 \u00a0 \u00a0 \u00a0 \u00a0 \u00a0 \u00a0 \u00a0 \u00a0 \u00a0 \u00a0 \u00a0 \u00a0 \u00a0 \u00a0 \u00a0 \u00a0 \u00a0 \u00a0 \u00a0 \u00a0 \u00a0 \u00a0 \u00a0 \u00a0 \u00a0 \u00a0 \u00a0 \u00a0 \u00a0 \u00a0 \u00a0 \u00a0 \u00a0 \u00a0 \u00a0 \u00a0 \u00a0 \u00a0 \u00a0 \u00a0 \u00a0 \u00a0 \u00a0 \u00a0\u00a0<\/span><a style=\"font-family: arial, helvetica, sans-serif; font-size: small; line-height: 1.3em;\" href=\"https:\/\/welcome-ontour.de\/wordpress\/index.php\/2009-06-17-fazit\/\">Weiter &gt;<\/a><\/p>\n<p style=\"text-align: center;\">\u00a0<\/p>\n<p style=\"text-align: center;\"><strong style=\"line-height: 1.3em;\"><span style=\"font-family: arial, helvetica, sans-serif; font-size: medium;\">Di 16.06.2009, 4.Woche, 26.Tag<\/span><\/strong><\/p>\n<p style=\"text-align: center;\"><strong><span style=\"font-family: arial, helvetica, sans-serif; font-size: medium;\">Seattle \u2013 Berlin<\/span><\/strong><\/p>\n<p style=\"text-align: center;\"><span style=\"font-family: arial, helvetica, sans-serif; font-size: medium;\">\u00a0<\/span><\/p>\n<p style=\"text-align: center;\"><span style=\"font-family: arial, helvetica, sans-serif; font-size: medium;\">Dann gibt\u2019s Futter und Filme.<\/span><\/p>\n<p style=\"text-align: center;\"><span style=\"font-family: arial, helvetica, sans-serif; font-size: medium;\">Ich sehe mir <a href=\"http:\/\/www.imdb.de\/title\/tt0409459\/\" target=\"_blank\" rel=\"noopener noreferrer\">Watchmen<\/a> an. Schwachsinn.<\/span><\/p>\n<p style=\"text-align: center;\"><span style=\"font-family: arial, helvetica, sans-serif; font-size: medium;\">Danach tun Bier und Wein ihre Wirkung und wir schaffen&#8217;s tats\u00e4chlich, drei Stunden zu schlafen.<\/span><\/p>\n<p style=\"text-align: center;\"><span style=\"font-family: arial, helvetica, sans-serif; font-size: medium;\">Um elf werden wir durch Cafe Duft geweckt.<\/span><\/p>\n<p style=\"text-align: center;\"><span style=\"font-family: arial, helvetica, sans-serif; font-size: medium;\">Das SAS Fr\u00fchst\u00fcck ist zwar mickrig, aber der Cafe schmeckt.<\/span><\/p>\n<p style=\"text-align: center;\"><span style=\"font-family: arial, helvetica, sans-serif; font-size: medium;\">\u00dcber den Flug selbst k\u00f6nnen wir uns nicht beschweren, sehr ruhig.<\/span><\/p>\n<p style=\"text-align: center;\"><span style=\"font-family: arial, helvetica, sans-serif; font-size: medium;\">\u00dcber Stavanger beginnt der Landeanflug.<\/span><\/p>\n<p style=\"text-align: center;\"><span style=\"font-family: arial, helvetica, sans-serif; font-size: medium;\">Die Fjordlandschaft im s\u00fcdlichen Norwegen ist gut zu erkennen.<\/span><\/p>\n<p style=\"text-align: center;\"><span style=\"font-family: arial, helvetica, sans-serif; font-size: medium;\">Erinnert uns von hier ober ein wenig an das Yosemite Valley.<\/span><\/p>\n<p style=\"text-align: center;\"><span style=\"font-family: arial, helvetica, sans-serif; font-size: medium;\">\u00a0<\/span><\/p>\n<p style=\"text-align: center;\"><span style=\"font-family: arial, helvetica, sans-serif; font-size: medium;\"><img decoding=\"async\" class=\" size-full wp-image-3202\" title=\"S\u00fcd-Norwegen\" src=\"https:\/\/welcome-ontour.de\/wordpress\/wp-content\/uploads\/2013\/01\/phoca_thumb_l_2009-06-16-1.jpg\" width=\"600\" height=\"455\" border=\"0\" srcset=\"https:\/\/welcome-ontour.de\/wordpress\/wp-content\/uploads\/2013\/01\/phoca_thumb_l_2009-06-16-1.jpg 600w, https:\/\/welcome-ontour.de\/wordpress\/wp-content\/uploads\/2013\/01\/phoca_thumb_l_2009-06-16-1-300x228.jpg 300w\" sizes=\"(max-width: 600px) 100vw, 600px\" \/><\/span><\/p>\n<p style=\"text-align: center;\"><span style=\"font-family: arial, helvetica, sans-serif; font-size: medium;\">\u00a0<\/span><\/p>\n<p style=\"text-align: center;\"><span style=\"font-family: arial, helvetica, sans-serif; font-size: medium;\">An der d\u00e4nischen Nordseek\u00fcste tauchen wir in die Wolkendecke ein<\/span><\/p>\n<p style=\"text-align: center;\"><span style=\"font-family: arial, helvetica, sans-serif; font-size: medium;\">und um eins, eine Viertelstunde fr\u00fcher als geplant, setzen wir in Kopenhagen Kastrup auf.<\/span><\/p>\n<p style=\"text-align: center;\"><span style=\"font-family: arial, helvetica, sans-serif; font-size: medium;\">\u00a0<\/span><\/p>\n<p style=\"text-align: center;\"><span style=\"font-family: arial, helvetica, sans-serif; font-size: medium;\"><img decoding=\"async\" class=\" size-full wp-image-3203\" title=\"Landung in Kopenhagen\" src=\"https:\/\/welcome-ontour.de\/wordpress\/wp-content\/uploads\/2013\/01\/phoca_thumb_l_2009-06-16-2.jpg\" width=\"600\" height=\"509\" border=\"0\" srcset=\"https:\/\/welcome-ontour.de\/wordpress\/wp-content\/uploads\/2013\/01\/phoca_thumb_l_2009-06-16-2.jpg 600w, https:\/\/welcome-ontour.de\/wordpress\/wp-content\/uploads\/2013\/01\/phoca_thumb_l_2009-06-16-2-300x255.jpg 300w\" sizes=\"(max-width: 600px) 100vw, 600px\" \/><\/span><\/p>\n<p style=\"text-align: center;\"><span style=\"font-family: arial, helvetica, sans-serif; font-size: medium;\">\u00a0<\/span><\/p>\n<p style=\"text-align: center;\"><span style=\"font-family: arial, helvetica, sans-serif; font-size: medium;\">Die Zeit bis zum Anschlussflug hatte mir im Vorfeld etwas Kopfweh bereitet.<\/span><\/p>\n<p style=\"text-align: center;\"><span style=\"font-family: arial, helvetica, sans-serif; font-size: medium;\">Eine Stunde erschien mir etwas knapp. Ist aber v\u00f6llig unbegr\u00fcndet.<\/span><\/p>\n<p style=\"text-align: center;\"><span style=\"font-family: arial, helvetica, sans-serif; font-size: medium;\">Der Anschlussflug geht quasi vom Nachbargate, 200 m weiter.<\/span><\/p>\n<p style=\"text-align: center;\"><span style=\"font-family: arial, helvetica, sans-serif; font-size: medium;\">Security und Passkontrolle und schon sind wir da.<\/span><\/p>\n<p style=\"text-align: center;\"><span style=\"font-family: arial, helvetica, sans-serif; font-size: medium;\">Zehn vor zwei werden alle in die Maschine gelassen.<\/span><\/p>\n<p style=\"text-align: center;\"><span style=\"font-family: arial, helvetica, sans-serif; font-size: medium;\">Die kleine MD 80 ist h\u00f6chstens halb voll.<\/span><\/p>\n<p style=\"text-align: center;\"><span style=\"font-family: arial, helvetica, sans-serif; font-size: medium;\">Wie schon im gro\u00dfen Airbus sind wir die einzigen Deutschen.<\/span><\/p>\n<p style=\"text-align: center;\"><span style=\"font-family: arial, helvetica, sans-serif; font-size: medium;\">14:15 geht\u2019s p\u00fcnktlich los zur Schlussetappe.<\/span><\/p>\n<p style=\"text-align: center;\"><span style=\"font-family: arial, helvetica, sans-serif; font-size: medium;\">Leider gibt\u2019s \u00fcber Deutschland eine dichte Wolkendecke.<\/span><\/p>\n<p style=\"text-align: center;\"><span style=\"font-family: arial, helvetica, sans-serif; font-size: medium;\">Nach einem 45 min \u2013 Hopser landen wir p\u00fcnktlich viertel nach drei in Berlin Tegel.<\/span><\/p>\n<p style=\"text-align: center;\"><span style=\"font-family: arial, helvetica, sans-serif; font-size: medium;\">Bei der kleinen Maschine dauert&#8217;s auch nicht lange bis alle Koffer ankommen.<\/span><\/p>\n<p style=\"text-align: center;\"><span style=\"font-family: arial, helvetica, sans-serif; font-size: medium;\">Wieder mal holt uns Bonzo ab.<\/span><\/p>\n<p style=\"text-align: center;\"><span style=\"font-family: arial, helvetica, sans-serif; font-size: medium;\">Nach einer knappen Stunde Fahrt sind wir halb f\u00fcnf zu Hause.<\/span><\/p>\n<p style=\"text-align: center;\"><span style=\"font-family: arial, helvetica, sans-serif; font-size: medium;\">Ich f\u00fchl mich noch erstaunlich frisch, Uti ist platt.<\/span><\/p>\n<p style=\"text-align: center;\"><span style=\"font-family: arial, helvetica, sans-serif; font-size: medium;\">\u00a0<\/span><\/p>\n<p style=\"text-align: center;\"><span style=\"font-family: arial, helvetica, sans-serif; font-size: medium;\"><span style=\"font-size: small;\"><a href=\"https:\/\/welcome-ontour.de\/wordpress\/index.php\/2009-06-15\/\">&lt;\u00a0Zur\u00fcck<\/a>\u00a0 \u00a0 \u00a0 \u00a0 \u00a0 \u00a0 \u00a0 \u00a0 \u00a0 \u00a0 \u00a0 \u00a0 \u00a0 \u00a0 \u00a0 \u00a0 \u00a0 \u00a0 \u00a0 \u00a0 \u00a0 \u00a0 \u00a0 \u00a0 \u00a0 \u00a0 \u00a0 \u00a0 \u00a0 \u00a0 \u00a0 \u00a0 \u00a0 \u00a0 \u00a0 \u00a0 \u00a0 \u00a0 \u00a0 \u00a0 \u00a0 \u00a0 \u00a0 \u00a0 \u00a0 \u00a0 \u00a0 \u00a0 \u00a0 \u00a0 \u00a0 \u00a0 \u00a0 \u00a0 \u00a0 \u00a0 \u00a0 \u00a0 \u00a0 \u00a0 \u00a0 \u00a0 \u00a0 \u00a0 \u00a0 \u00a0 \u00a0 \u00a0 \u00a0 \u00a0 \u00a0 \u00a0 \u00a0 \u00a0 \u00a0 \u00a0 \u00a0 \u00a0 \u00a0 \u00a0 \u00a0 \u00a0 \u00a0 \u00a0 \u00a0 \u00a0 \u00a0 \u00a0 \u00a0 \u00a0 \u00a0 \u00a0 \u00a0 \u00a0 \u00a0 \u00a0 \u00a0 \u00a0 \u00a0 \u00a0 \u00a0 \u00a0 \u00a0\u00a0<a href=\"https:\/\/welcome-ontour.de\/wordpress\/index.php\/2009-06-17-fazit\/\">Weiter &gt;<\/a><\/span>\u00a0<\/span><\/p>\n","protected":false},"excerpt":{"rendered":"<p>prolog\u00a0\u00a0&#8211; \u00a0hinflug\u00a0\u00a0&#8211; \u00a0olympic\u00a0\u00a0&#8211; \u00a0mount rainier\u00a0\u00a0&#8211; \u00a0mount saint helens\u00a0\u00a0&#8211; \u00a0columbia river gorge\u00a0\u00a0&#8211; \u00a0portland\u00a0\u00a0&#8211; \u00a0oregon coast\u00a0\u00a0&#8211; \u00a0redwoods\u00a0\u00a0&#8211; \u00a0lassen volcanic\u00a0\u00a0&#8211; \u00a0crater lake\u00a0\u00a0&#8211; \u00a0smith rock state park painted hills\u00a0 &#8211; \u00a0hells canyon\u00a0\u00a0&#8211; \u00a0\u00a0lochsa river\u00a0\u00a0&#8211; \u00a0glacier nationalpark\u00a0\u00a0&#8211; \u00a0waterton provincial park\u00a0\u00a0&#8211; \u00a0spokane\u00a0\u00a0&#8211; \u00a0seattle\u00a0\u00a0&#8211; \u00a0r\u00fcckflug\u00a0\u00a0&#8211; \u00a0fazit \u00a0 &lt;\u00a0Zur\u00fcck\u00a0 \u00a0 \u00a0 \u00a0 \u00a0 \u00a0 \u00a0 \u00a0 \u00a0 \u00a0 \u00a0 \u00a0 \u00a0 \u00a0 \u00a0 \u00a0 \u00a0 \u00a0 \u00a0 \u00a0 \u00a0 \u00a0 \u00a0 \u00a0 \u00a0 \u00a0 \u00a0 \u00a0 \u00a0 \u00a0 \u00a0 \u00a0 \u00a0 \u00a0 \u00a0 \u00a0 \u00a0 \u00a0 \u00a0 \u00a0 \u00a0 \u00a0 \u00a0 \u00a0 \u00a0 \u00a0 \u00a0 \u00a0 \u00a0 \u00a0 \u00a0 \u00a0 \u00a0 \u00a0 \u00a0 \u00a0 \u00a0 \u00a0 \u00a0 \u00a0 \u00a0 \u00a0 \u00a0 \u00a0 \u00a0 \u00a0 \u00a0 \u00a0 \u00a0 \u00a0 \u00a0 \u00a0 \u00a0 \u00a0 \u00a0 \u00a0 \u00a0 \u00a0 \u00a0 \u00a0 \u00a0 \u00a0 \u00a0 \u00a0 \u00a0 \u00a0 \u00a0 \u00a0 \u00a0 \u00a0 \u00a0 \u00a0 \u00a0 \u00a0 \u00a0 \u00a0 \u00a0 \u00a0 \u00a0 \u00a0 \u00a0 \u00a0 \u00a0\u00a0Weiter &gt; \u00a0 Di 16.06.2009, 4.Woche, 26.Tag Seattle \u2013 Berlin \u00a0 Dann gibt\u2019s Futter und Filme. Ich sehe mir Watchmen an. Schwachsinn. Danach tun Bier und Wein ihre Wirkung und wir schaffen&#8217;s tats\u00e4chlich, drei Stunden zu schlafen. Um elf werden wir durch Cafe Duft geweckt. Das SAS Fr\u00fchst\u00fcck ist zwar mickrig, aber der Cafe schmeckt. \u00dcber den Flug selbst k\u00f6nnen wir uns nicht beschweren, sehr ruhig. \u00dcber Stavanger beginnt der Landeanflug. Die Fjordlandschaft im s\u00fcdlichen Norwegen ist gut zu erkennen. Erinnert uns von hier ober ein wenig an das Yosemite Valley. \u00a0 \u00a0 An der d\u00e4nischen Nordseek\u00fcste tauchen wir in die Wolkendecke ein und um eins, eine Viertelstunde fr\u00fcher als geplant, setzen wir in Kopenhagen Kastrup auf. \u00a0 \u00a0 Die Zeit bis zum Anschlussflug hatte mir im Vorfeld etwas Kopfweh bereitet. Eine Stunde erschien mir etwas knapp. Ist aber v\u00f6llig unbegr\u00fcndet. Der Anschlussflug geht quasi vom Nachbargate, 200 m weiter. Security und Passkontrolle und schon sind wir da. Zehn vor zwei werden alle in die Maschine gelassen. Die kleine MD 80 ist h\u00f6chstens halb voll. Wie schon im gro\u00dfen Airbus sind wir die einzigen Deutschen. 14:15 geht\u2019s p\u00fcnktlich los zur Schlussetappe. Leider gibt\u2019s \u00fcber Deutschland eine dichte Wolkendecke. Nach einem 45 min \u2013 Hopser landen wir p\u00fcnktlich viertel nach drei in Berlin Tegel. Bei der kleinen Maschine dauert&#8217;s auch nicht lange bis alle Koffer ankommen. Wieder mal holt uns Bonzo ab. Nach einer knappen Stunde Fahrt sind wir halb f\u00fcnf zu Hause. Ich f\u00fchl mich noch erstaunlich frisch, Uti ist platt. \u00a0 &lt;\u00a0Zur\u00fcck\u00a0 \u00a0 \u00a0 \u00a0 \u00a0 \u00a0 \u00a0 \u00a0 \u00a0 \u00a0 \u00a0 \u00a0 \u00a0 \u00a0 \u00a0 \u00a0 \u00a0 \u00a0 \u00a0 \u00a0 \u00a0 \u00a0 \u00a0 \u00a0 \u00a0 \u00a0 \u00a0 \u00a0 \u00a0 \u00a0 \u00a0 \u00a0 \u00a0 \u00a0 \u00a0 \u00a0 \u00a0 \u00a0 \u00a0 \u00a0 \u00a0 \u00a0 \u00a0 \u00a0 \u00a0 \u00a0 \u00a0 \u00a0 \u00a0 \u00a0 \u00a0 \u00a0 \u00a0 \u00a0 \u00a0 \u00a0 \u00a0 \u00a0 \u00a0 \u00a0 \u00a0 \u00a0 \u00a0 \u00a0 \u00a0 \u00a0 \u00a0 \u00a0 \u00a0 \u00a0 \u00a0 \u00a0 \u00a0 \u00a0 \u00a0 \u00a0 \u00a0 \u00a0 \u00a0 \u00a0 \u00a0 \u00a0 \u00a0 \u00a0 \u00a0 \u00a0 \u00a0 \u00a0 \u00a0 \u00a0 \u00a0 \u00a0 \u00a0 \u00a0 \u00a0 \u00a0 \u00a0 \u00a0 \u00a0 \u00a0 \u00a0 \u00a0 \u00a0\u00a0Weiter &gt;\u00a0<\/p>\n","protected":false},"author":1,"featured_media":3202,"parent":0,"menu_order":1,"comment_status":"closed","ping_status":"closed","template":"","meta":{"footnotes":""},"class_list":["post-3204","page","type-page","status-publish","has-post-thumbnail","hentry"],"_links":{"self":[{"href":"https:\/\/welcome-ontour.de\/wordpress\/index.php\/wp-json\/wp\/v2\/pages\/3204","targetHints":{"allow":["GET"]}}],"collection":[{"href":"https:\/\/welcome-ontour.de\/wordpress\/index.php\/wp-json\/wp\/v2\/pages"}],"about":[{"href":"https:\/\/welcome-ontour.de\/wordpress\/index.php\/wp-json\/wp\/v2\/types\/page"}],"author":[{"embeddable":true,"href":"https:\/\/welcome-ontour.de\/wordpress\/index.php\/wp-json\/wp\/v2\/users\/1"}],"replies":[{"embeddable":true,"href":"https:\/\/welcome-ontour.de\/wordpress\/index.php\/wp-json\/wp\/v2\/comments?post=3204"}],"version-history":[{"count":1,"href":"https:\/\/welcome-ontour.de\/wordpress\/index.php\/wp-json\/wp\/v2\/pages\/3204\/revisions"}],"predecessor-version":[{"id":14856,"href":"https:\/\/welcome-ontour.de\/wordpress\/index.php\/wp-json\/wp\/v2\/pages\/3204\/revisions\/14856"}],"wp:featuredmedia":[{"embeddable":true,"href":"https:\/\/welcome-ontour.de\/wordpress\/index.php\/wp-json\/wp\/v2\/media\/3202"}],"wp:attachment":[{"href":"https:\/\/welcome-ontour.de\/wordpress\/index.php\/wp-json\/wp\/v2\/media?parent=3204"}],"curies":[{"name":"wp","href":"https:\/\/api.w.org\/{rel}","templated":true}]}}