{"id":27943,"date":"2026-03-24T12:28:51","date_gmt":"2026-03-24T12:28:51","guid":{"rendered":"https:\/\/welcome-ontour.de\/wordpress\/?page_id=27943"},"modified":"2026-03-25T08:58:30","modified_gmt":"2026-03-25T08:58:30","slug":"2026-02-18-prolog","status":"publish","type":"page","link":"https:\/\/welcome-ontour.de\/wordpress\/index.php\/2026-02-18-prolog\/","title":{"rendered":"2026 02 18 prolog"},"content":{"rendered":"<p style=\"text-align: center;\"><span style=\"font-family: arial, helvetica, sans-serif; font-size: 8pt; color: #000000;\"><a style=\"color: #000000;\" href=\"https:\/\/welcome-ontour.de\/wordpress\/index.php\/2026-02-18-prolog\">Prolog<\/a>\u00a0 \u00a0 \u00a0 \u00a0 \u00a0<a style=\"color: #000000;\" href=\"https:\/\/welcome-ontour.de\/wordpress\/index.php\/2026-02-19\"> Anreise<\/a>\u00a0 \u00a0 \u00a0 \u00a0 \u00a0 <a style=\"color: #000000;\" href=\"https:\/\/welcome-ontour.de\/wordpress\/index.php\/2026-02-20\">Marbella<\/a>\u00a0 \u00a0 \u00a0 \u00a0 \u00a0 <a style=\"color: #000000;\" href=\"https:\/\/welcome-ontour.de\/wordpress\/index.php\/2026-02-21\">Gibraltar<\/a>\u00a0 \u00a0 \u00a0 \u00a0 \u00a0 <a style=\"color: #000000;\" href=\"https:\/\/welcome-ontour.de\/wordpress\/index.php\/2026-02-22\">Jerez<\/a>\u00a0 \u00a0 \u00a0 \u00a0 \u00a0 <a style=\"color: #000000;\" href=\"https:\/\/welcome-ontour.de\/wordpress\/index.php\/2026-02-23\">Cadiz<\/a>\u00a0 \u00a0 \u00a0 \u00a0 \u00a0 <a style=\"color: #000000;\" href=\"https:\/\/welcome-ontour.de\/wordpress\/index.php\/2026-02-24\">Sevilla<\/a>\u00a0 \u00a0 \u00a0 \u00a0 \u00a0 <a style=\"color: #000000;\" href=\"https:\/\/welcome-ontour.de\/wordpress\/index.php\/2026-02-27\">Cordoba<\/a>\u00a0 \u00a0 \u00a0 \u00a0 \u00a0 <a style=\"color: #000000;\" href=\"https:\/\/welcome-ontour.de\/wordpress\/index.php\/2026-03-02\">Malaga<\/a>\u00a0 \u00a0 \u00a0 \u00a0 \u00a0 <a style=\"color: #000000;\" href=\"https:\/\/welcome-ontour.de\/wordpress\/index.php\/2026-03-04\">Abreise<\/a>\u00a0 \u00a0 \u00a0 \u00a0 \u00a0 <a style=\"color: #000000;\" href=\"https:\/\/welcome-ontour.de\/wordpress\/index.php\/2026-03-05\">Fazit<\/a><\/span><\/p>\n<p><span style=\"color: #000000;\"><a style=\"color: #000000;\" href=\"https:\/\/welcome-ontour.de\/wordpress\/index.php\/reiseberichte\/\"><img decoding=\"async\" class=\"alignleft wp-image-27944\" src=\"https:\/\/welcome-ontour.de\/wordpress\/wp-content\/uploads\/2026\/03\/2026-02-18-01.jpg\" alt=\"\" width=\"80\" height=\"49\" \/><\/a><\/span><\/p>\n<p style=\"text-align: center;\"><span style=\"color: #000000;\"><a style=\"color: #000000;\" href=\"https:\/\/welcome-ontour.de\/wordpress\/index.php\/2026-02-19\"><img decoding=\"async\" class=\"alignright wp-image-27945\" src=\"https:\/\/welcome-ontour.de\/wordpress\/wp-content\/uploads\/2026\/03\/2026-02-18-02.jpg\" alt=\"\" width=\"80\" height=\"49\" \/><\/a><\/span><\/p>\n<p>&nbsp;<\/p>\n<p>&nbsp;<\/p>\n<p style=\"text-align: center;\"><span style=\"font-size: 24pt; color: #000000;\"><strong><span style=\"font-family: arial, helvetica, sans-serif;\">Warm Ways<\/span><\/strong><\/span><\/p>\n<p style=\"text-align: center;\">\u00a0<\/p>\n<p style=\"text-align: center;\"><span style=\"font-size: 18pt; color: #000000;\"><strong><span style=\"font-family: arial, helvetica, sans-serif;\">Andalusien 2026<\/span><\/strong><\/span><\/p>\n<p style=\"text-align: center;\">\u00a0<\/p>\n<p style=\"text-align: center;\"><span style=\"font-family: arial, helvetica, sans-serif; font-size: 12pt; color: #000000;\"><a style=\"color: #000000;\" href=\"https:\/\/welcome-ontour.de\/wordpress\/wp-content\/uploads\/2026\/03\/2026-02-18-03.jpg\"><img decoding=\"async\" class=\"aligncenter wp-image-27946\" src=\"https:\/\/welcome-ontour.de\/wordpress\/wp-content\/uploads\/2026\/03\/2026-02-18-03.jpg\" alt=\"\" width=\"810\" height=\"252\" srcset=\"https:\/\/welcome-ontour.de\/wordpress\/wp-content\/uploads\/2026\/03\/2026-02-18-03.jpg 1606w, https:\/\/welcome-ontour.de\/wordpress\/wp-content\/uploads\/2026\/03\/2026-02-18-03-300x93.jpg 300w, https:\/\/welcome-ontour.de\/wordpress\/wp-content\/uploads\/2026\/03\/2026-02-18-03-700x218.jpg 700w, https:\/\/welcome-ontour.de\/wordpress\/wp-content\/uploads\/2026\/03\/2026-02-18-03-768x239.jpg 768w, https:\/\/welcome-ontour.de\/wordpress\/wp-content\/uploads\/2026\/03\/2026-02-18-03-1536x478.jpg 1536w, https:\/\/welcome-ontour.de\/wordpress\/wp-content\/uploads\/2026\/03\/2026-02-18-03-1140x355.jpg 1140w\" sizes=\"(max-width: 810px) 100vw, 810px\" \/><\/a><\/span><\/p>\n<p style=\"text-align: center;\">\u00a0<\/p>\n<p style=\"text-align: center;\"><span style=\"font-size: 14pt; color: #000000;\"><strong><span style=\"font-family: arial, helvetica, sans-serif;\">Prolog<\/span><\/strong><\/span><\/p>\n<p style=\"text-align: center;\">\u00a0<\/p>\n<p style=\"text-align: center;\"><span style=\"font-family: arial, helvetica, sans-serif; font-size: 12pt; color: #000000;\">Resturlaub aus dem Vorjahr ist bis Ende M\u00e4rz abzugelten.<\/span><\/p>\n<p style=\"text-align: center;\"><span style=\"font-family: arial, helvetica, sans-serif; font-size: 12pt; color: #000000;\">In diesem Jahr kommt noch anteiliger aus 2026 dazu.<\/span><\/p>\n<p style=\"text-align: center;\"><span style=\"font-family: arial, helvetica, sans-serif; font-size: 12pt; color: #000000;\">Ab April ist dann Finito mit Berufst\u00e4tigkeit und wir sind im Ruhestand.<\/span><\/p>\n<p style=\"text-align: center;\"><span style=\"font-family: arial, helvetica, sans-serif; font-size: 12pt; color: #000000;\">Zwei Wochen Andalusien gehen immer, besonders w\u00e4hrend der deutschen Winterzeit.<\/span><\/p>\n<p style=\"text-align: center;\">\u00a0<\/p>\n<p style=\"text-align: center;\"><span style=\"font-family: arial, helvetica, sans-serif; font-size: 12pt; color: #000000;\"><img decoding=\"async\" class=\"aligncenter wp-image-27947\" src=\"https:\/\/welcome-ontour.de\/wordpress\/wp-content\/uploads\/2026\/03\/2026-02-18-04.jpg\" alt=\"\" width=\"400\" height=\"361\" srcset=\"https:\/\/welcome-ontour.de\/wordpress\/wp-content\/uploads\/2026\/03\/2026-02-18-04.jpg 600w, https:\/\/welcome-ontour.de\/wordpress\/wp-content\/uploads\/2026\/03\/2026-02-18-04-300x271.jpg 300w\" sizes=\"(max-width: 400px) 100vw, 400px\" \/><\/span><\/p>\n<p style=\"text-align: center;\">\u00a0<\/p>\n<p style=\"text-align: center;\"><span style=\"font-family: arial, helvetica, sans-serif; font-size: 12pt; color: #000000;\">Wir buchen Fl\u00fcge nach Malaga und stellen uns einen zweiw\u00f6chigen Roadtrip zusammen.<\/span><\/p>\n<p style=\"text-align: center;\"><span style=\"font-family: arial, helvetica, sans-serif; font-size: 12pt; color: #000000;\">Malaga \u2013 Marbella \u2013 Gibraltar \u2013 Jerez \u2013 Cadiz\u00a0 \u2013 Sevilla \u2013 Cordoba \u2013 Malaga.<\/span><\/p>\n<p style=\"text-align: center;\"><span style=\"font-family: arial, helvetica, sans-serif; font-size: 12pt; color: #000000;\">Keine langen Etappen und fast immer mehrere Tage an einem Ort.<\/span><\/p>\n<p>&nbsp;<\/p>\n<p><span style=\"color: #000000;\"><img decoding=\"async\" class=\"aligncenter wp-image-27965\" src=\"https:\/\/welcome-ontour.de\/wordpress\/wp-content\/uploads\/2026\/03\/2026-02-18-04a.jpg\" alt=\"\" width=\"500\" height=\"305\" srcset=\"https:\/\/welcome-ontour.de\/wordpress\/wp-content\/uploads\/2026\/03\/2026-02-18-04a.jpg 672w, https:\/\/welcome-ontour.de\/wordpress\/wp-content\/uploads\/2026\/03\/2026-02-18-04a-300x183.jpg 300w\" sizes=\"(max-width: 500px) 100vw, 500px\" \/><\/span><\/p>\n<p>&nbsp;<\/p>\n<p style=\"text-align: center;\"><span style=\"font-family: arial, helvetica, sans-serif; font-size: 12pt; color: #000000;\">Hotels und Mietwagen sind schnell gebucht.<\/span><\/p>\n<p style=\"text-align: center;\"><span style=\"font-family: arial, helvetica, sans-serif; font-size: 12pt; color: #000000;\">Am Vorabend werden ein paar Klamotten zusammen gepackt.<\/span><\/p>\n<p style=\"text-align: center;\"><span style=\"font-family: arial, helvetica, sans-serif; font-size: 12pt; color: #000000;\">Uns erwarten sonnige Tage.<\/span><\/p>\n<p style=\"text-align: center;\"><span style=\"font-family: arial, helvetica, sans-serif; font-size: 12pt; color: #000000;\">Andalusien, wir kommen.<\/span><\/p>\n<p style=\"text-align: center;\">\u00a0<\/p>\n<p style=\"text-align: center;\"><span style=\"font-family: arial, helvetica, sans-serif; font-size: 12pt; color: #000000;\"><img decoding=\"async\" class=\"wp-image-27948 aligncenter\" src=\"https:\/\/welcome-ontour.de\/wordpress\/wp-content\/uploads\/2026\/03\/2026-02-18-05.jpg\" alt=\"\" width=\"150\" height=\"130\" \/><\/span><\/p>\n<p><span style=\"color: #000000;\"><a style=\"color: #000000;\" href=\"https:\/\/welcome-ontour.de\/wordpress\/index.php\/reiseberichte\/\"><img decoding=\"async\" class=\"alignleft wp-image-27944\" src=\"https:\/\/welcome-ontour.de\/wordpress\/wp-content\/uploads\/2026\/03\/2026-02-18-01.jpg\" alt=\"\" width=\"80\" height=\"49\" \/><\/a><\/span><\/p>\n<p style=\"text-align: center;\"><span style=\"color: #000000;\"><a style=\"color: #000000;\" href=\"https:\/\/welcome-ontour.de\/wordpress\/index.php\/2026-02-19\"><img decoding=\"async\" class=\"alignright wp-image-27945\" src=\"https:\/\/welcome-ontour.de\/wordpress\/wp-content\/uploads\/2026\/03\/2026-02-18-02.jpg\" alt=\"\" width=\"80\" height=\"49\" \/><\/a><\/span><\/p>\n","protected":false},"excerpt":{"rendered":"<p>Prolog\u00a0 \u00a0 \u00a0 \u00a0 \u00a0 Anreise\u00a0 \u00a0 \u00a0 \u00a0 \u00a0 Marbella\u00a0 \u00a0 \u00a0 \u00a0 \u00a0 Gibraltar\u00a0 \u00a0 \u00a0 \u00a0 \u00a0 Jerez\u00a0 \u00a0 \u00a0 \u00a0 \u00a0 Cadiz\u00a0 \u00a0 \u00a0 \u00a0 \u00a0 Sevilla\u00a0 \u00a0 \u00a0 \u00a0 \u00a0 Cordoba\u00a0 \u00a0 \u00a0 \u00a0 \u00a0 Malaga\u00a0 \u00a0 \u00a0 \u00a0 \u00a0 Abreise\u00a0 \u00a0 \u00a0 \u00a0 \u00a0 Fazit &nbsp; &nbsp; Warm Ways \u00a0 Andalusien 2026 \u00a0 \u00a0 Prolog \u00a0 Resturlaub aus dem Vorjahr ist bis Ende M\u00e4rz abzugelten. In diesem Jahr kommt noch anteiliger aus 2026 dazu. Ab April ist dann Finito mit Berufst\u00e4tigkeit und wir sind im Ruhestand. Zwei Wochen Andalusien gehen immer, besonders w\u00e4hrend der deutschen Winterzeit. \u00a0 \u00a0 Wir buchen Fl\u00fcge nach Malaga und stellen uns einen zweiw\u00f6chigen Roadtrip zusammen. Malaga \u2013 Marbella \u2013 Gibraltar \u2013 Jerez \u2013 Cadiz\u00a0 \u2013 Sevilla \u2013 Cordoba \u2013 Malaga. Keine langen Etappen und fast immer mehrere Tage an einem Ort. &nbsp; &nbsp; Hotels und Mietwagen sind schnell gebucht. Am Vorabend werden ein paar Klamotten zusammen gepackt. Uns erwarten sonnige Tage. Andalusien, wir kommen. \u00a0<\/p>\n","protected":false},"author":1,"featured_media":0,"parent":0,"menu_order":0,"comment_status":"closed","ping_status":"closed","template":"","meta":{"footnotes":""},"class_list":["post-27943","page","type-page","status-publish","hentry"],"_links":{"self":[{"href":"https:\/\/welcome-ontour.de\/wordpress\/index.php\/wp-json\/wp\/v2\/pages\/27943","targetHints":{"allow":["GET"]}}],"collection":[{"href":"https:\/\/welcome-ontour.de\/wordpress\/index.php\/wp-json\/wp\/v2\/pages"}],"about":[{"href":"https:\/\/welcome-ontour.de\/wordpress\/index.php\/wp-json\/wp\/v2\/types\/page"}],"author":[{"embeddable":true,"href":"https:\/\/welcome-ontour.de\/wordpress\/index.php\/wp-json\/wp\/v2\/users\/1"}],"replies":[{"embeddable":true,"href":"https:\/\/welcome-ontour.de\/wordpress\/index.php\/wp-json\/wp\/v2\/comments?post=27943"}],"version-history":[{"count":9,"href":"https:\/\/welcome-ontour.de\/wordpress\/index.php\/wp-json\/wp\/v2\/pages\/27943\/revisions"}],"predecessor-version":[{"id":27967,"href":"https:\/\/welcome-ontour.de\/wordpress\/index.php\/wp-json\/wp\/v2\/pages\/27943\/revisions\/27967"}],"wp:attachment":[{"href":"https:\/\/welcome-ontour.de\/wordpress\/index.php\/wp-json\/wp\/v2\/media?parent=27943"}],"curies":[{"name":"wp","href":"https:\/\/api.w.org\/{rel}","templated":true}]}}