{"id":27891,"date":"2026-02-16T11:19:19","date_gmt":"2026-02-16T11:19:19","guid":{"rendered":"https:\/\/welcome-ontour.de\/wordpress\/?page_id=27891"},"modified":"2026-02-18T12:02:34","modified_gmt":"2026-02-18T12:02:34","slug":"2025-12-20-prolog","status":"publish","type":"page","link":"https:\/\/welcome-ontour.de\/wordpress\/index.php\/2025-12-20-prolog\/","title":{"rendered":"2025 12 20 prolog"},"content":{"rendered":"<p style=\"text-align: center;\"><span style=\"font-family: arial, helvetica, sans-serif; font-size: 12pt; color: #000000;\"><span style=\"font-size: 8pt;\"><a style=\"color: #000000;\" href=\"https:\/\/welcome-ontour.de\/wordpress\/index.php\/2025-12-20\">Prolog<\/a>\u00a0 \u00a0 \u00a0 \u00a0 \u00a0 <a style=\"color: #000000;\" href=\"https:\/\/welcome-ontour.de\/wordpress\/index.php\/2025-12-21\">Anreise<\/a>\u00a0 \u00a0 \u00a0 \u00a0 \u00a0 <a style=\"color: #000000;\" href=\"https:\/\/welcome-ontour.de\/wordpress\/index.php\/2025-12-22\">Strand<\/a>\u00a0 \u00a0 \u00a0 \u00a0 \u00a0 <a style=\"color: #000000;\" href=\"https:\/\/welcome-ontour.de\/wordpress\/index.php\/2025-12-24\">El Drago<\/a>\u00a0 \u00a0 \u00a0 \u00a0 \u00a0 <a style=\"color: #000000;\" href=\"https:\/\/welcome-ontour.de\/wordpress\/index.php\/2025-12-25\">Teresitas<\/a>\u00a0 \u00a0 \u00a0 \u00a0 \u00a0 <a style=\"color: #000000;\" href=\"https:\/\/welcome-ontour.de\/wordpress\/index.php\/2025-12-26\">Strand<\/a>\u00a0 \u00a0 \u00a0 \u00a0 \u00a0 <a style=\"color: #000000;\" href=\"https:\/\/welcome-ontour.de\/wordpress\/index.php\/2025-12-28\">Abreise<\/a>\u00a0 \u00a0 \u00a0 \u00a0 \u00a0 <a style=\"color: #000000;\" href=\"https:\/\/welcome-ontour.de\/wordpress\/index.php\/2025-12-29\">Fazit<\/a><\/span><\/span><\/p>\n<p style=\"text-align: center;\"><span style=\"font-family: arial, helvetica, sans-serif; font-size: 12pt; color: #000000;\"><a style=\"color: #000000;\" href=\"https:\/\/welcome-ontour.de\/wordpress\/index.php\/reiseberichte\/\"><img decoding=\"async\" class=\"alignleft wp-image-27893\" src=\"https:\/\/welcome-ontour.de\/wordpress\/wp-content\/uploads\/2026\/02\/2025-12-20-01.jpg\" alt=\"\" width=\"60\" height=\"48\" \/><\/a><\/span><\/p>\n<p style=\"text-align: center;\"><span style=\"font-family: arial, helvetica, sans-serif; font-size: 12pt; color: #000000;\">\u00a0 <a style=\"color: #000000;\" href=\"https:\/\/welcome-ontour.de\/wordpress\/index.php\/2025-12-21\"><img decoding=\"async\" class=\"alignright wp-image-27894\" src=\"https:\/\/welcome-ontour.de\/wordpress\/wp-content\/uploads\/2026\/02\/2025-12-20-02.jpg\" alt=\"\" width=\"60\" height=\"48\" \/><\/a><br \/>\n<\/span><\/p>\n<p>&nbsp;<\/p>\n<p>&nbsp;<\/p>\n<p style=\"text-align: center;\"><span style=\"font-size: 24pt; color: #000000;\"><strong><span style=\"font-family: arial, helvetica, sans-serif;\">Follow The Sun<\/span><\/strong><\/span><\/p>\n<p>&nbsp;<\/p>\n<p style=\"text-align: center;\"><span style=\"font-size: 18pt; color: #000000;\"><strong><span style=\"font-family: arial, helvetica, sans-serif;\">Teneriffa 2025<\/span><\/strong><\/span><\/p>\n<p style=\"text-align: center;\">\u00a0<\/p>\n<p style=\"text-align: center;\"><span style=\"font-family: arial, helvetica, sans-serif; font-size: 12pt; color: #000000;\"><a style=\"color: #000000;\" href=\"https:\/\/welcome-ontour.de\/wordpress\/wp-content\/uploads\/2026\/02\/2025-12-20-04.jpg\" target=\"_blank\" rel=\"noopener\"><img decoding=\"async\" class=\"aligncenter wp-image-27888\" src=\"https:\/\/welcome-ontour.de\/wordpress\/wp-content\/uploads\/2026\/02\/2025-12-20-04.jpg\" alt=\"\" width=\"666\" height=\"160\" srcset=\"https:\/\/welcome-ontour.de\/wordpress\/wp-content\/uploads\/2026\/02\/2025-12-20-04.jpg 1606w, https:\/\/welcome-ontour.de\/wordpress\/wp-content\/uploads\/2026\/02\/2025-12-20-04-300x72.jpg 300w, https:\/\/welcome-ontour.de\/wordpress\/wp-content\/uploads\/2026\/02\/2025-12-20-04-700x168.jpg 700w, https:\/\/welcome-ontour.de\/wordpress\/wp-content\/uploads\/2026\/02\/2025-12-20-04-768x184.jpg 768w, https:\/\/welcome-ontour.de\/wordpress\/wp-content\/uploads\/2026\/02\/2025-12-20-04-1536x368.jpg 1536w, https:\/\/welcome-ontour.de\/wordpress\/wp-content\/uploads\/2026\/02\/2025-12-20-04-1140x273.jpg 1140w\" sizes=\"(max-width: 666px) 100vw, 666px\" \/><\/a><\/span><\/p>\n<p>&nbsp;<\/p>\n<p style=\"text-align: center;\"><span style=\"font-family: arial, helvetica, sans-serif; font-size: 12pt; color: #000000;\"><span style=\"font-size: 14pt;\"><strong><span style=\"font-family: arial, helvetica, sans-serif;\">Prolog<\/span><\/strong><\/span><\/span><\/p>\n<p style=\"text-align: center;\"><span style=\"font-family: arial, helvetica, sans-serif; font-size: 12pt; color: #000000;\">Weihnachten im Warmen, das ist die Idee.<\/span><\/p>\n<p style=\"text-align: center;\"><span style=\"font-family: arial, helvetica, sans-serif; font-size: 12pt; color: #000000;\">Wir werden nach fast 20 Jahren mal wieder zu dritt verreisen.<\/span><\/p>\n<p style=\"text-align: center;\"><span style=\"font-family: arial, helvetica, sans-serif; font-size: 12pt; color: #000000;\">Ute verabschiedet sich gerade aus dem Berufsleben,<\/span><\/p>\n<p style=\"text-align: center;\"><span style=\"font-family: arial, helvetica, sans-serif; font-size: 12pt; color: #000000;\"> ich habe seit Jahren \u00fcber Weihnachten Betriebsferien <\/span><\/p>\n<p style=\"text-align: center;\"><span style=\"font-family: arial, helvetica, sans-serif; font-size: 12pt; color: #000000;\">und unsere Tochter Inga hat sich Urlaub genommen.<\/span><\/p>\n<p style=\"text-align: center;\"><span style=\"font-family: arial, helvetica, sans-serif; font-size: 12pt; color: #000000;\">Wohin?<\/span><\/p>\n<p style=\"text-align: center;\"><span style=\"font-family: arial, helvetica, sans-serif; font-size: 12pt; color: #000000;\">Eigentlich haben wir ausschlie\u00dflich gute Erinnerungen an die kanarischen Inseln.<\/span><\/p>\n<p style=\"text-align: center;\"><span style=\"font-family: arial, helvetica, sans-serif; font-size: 12pt; color: #000000;\">Also setzen wir uns im Sommer zusammen, <\/span><\/p>\n<p style=\"text-align: center;\"><span style=\"font-family: arial, helvetica, sans-serif; font-size: 12pt; color: #000000;\">suchen eine sch\u00f6ne Pauschalreise nach Teneriffa raus und buchen.<\/span><\/p>\n<p>&nbsp;<\/p>\n<p style=\"text-align: center;\"><span style=\"font-family: arial, helvetica, sans-serif; font-size: 12pt; color: #000000;\"><a style=\"color: #000000;\" href=\"https:\/\/welcome-ontour.de\/wordpress\/wp-content\/uploads\/2026\/02\/2025-12-20-03.jpg\" target=\"_blank\" rel=\"noopener\"><img decoding=\"async\" class=\"aligncenter wp-image-27887\" src=\"https:\/\/welcome-ontour.de\/wordpress\/wp-content\/uploads\/2026\/02\/2025-12-20-03.jpg\" alt=\"\" width=\"600\" height=\"401\" srcset=\"https:\/\/welcome-ontour.de\/wordpress\/wp-content\/uploads\/2026\/02\/2025-12-20-03.jpg 1600w, https:\/\/welcome-ontour.de\/wordpress\/wp-content\/uploads\/2026\/02\/2025-12-20-03-300x201.jpg 300w, https:\/\/welcome-ontour.de\/wordpress\/wp-content\/uploads\/2026\/02\/2025-12-20-03-700x468.jpg 700w, https:\/\/welcome-ontour.de\/wordpress\/wp-content\/uploads\/2026\/02\/2025-12-20-03-768x514.jpg 768w, https:\/\/welcome-ontour.de\/wordpress\/wp-content\/uploads\/2026\/02\/2025-12-20-03-1536x1027.jpg 1536w, https:\/\/welcome-ontour.de\/wordpress\/wp-content\/uploads\/2026\/02\/2025-12-20-03-1140x762.jpg 1140w\" sizes=\"(max-width: 600px) 100vw, 600px\" \/><\/a><\/span><\/p>\n<p>&nbsp;<\/p>\n<p style=\"text-align: center;\"><span style=\"font-family: arial, helvetica, sans-serif; font-size: 12pt; color: #000000;\">Wir wohnen eine Woche im luxuri\u00f6sen Marylanza Hotel in Playa Las Americas.<\/span><\/p>\n<p style=\"text-align: center;\"><span style=\"font-family: arial, helvetica, sans-serif; font-size: 12pt; color: #000000;\">Fliegen werden wir mit Easyjet.<\/span><\/p>\n<p style=\"text-align: center;\"><span style=\"font-family: arial, helvetica, sans-serif; font-size: 12pt; color: #000000;\">F\u00fcr unsere Reisezeit sind die Preise leider alles andere als g\u00fcnstig.<\/span><\/p>\n<p style=\"text-align: center;\"><span style=\"font-family: arial, helvetica, sans-serif; font-size: 12pt; color: #000000;\">Was soll\u2019s, gleich noch eine Mietwagenbuchung im Anschluss.<\/span><\/p>\n<p style=\"text-align: center;\"><span style=\"font-family: arial, helvetica, sans-serif; font-size: 12pt; color: #000000;\">Teneriffa wir kommen.<\/span><\/p>\n<p style=\"text-align: center;\"><span style=\"font-family: arial, helvetica, sans-serif; font-size: 12pt; color: #000000;\">Am Vorabend werden die Klamotten gepackt.<\/span><\/p>\n<p style=\"text-align: center;\"><span style=\"font-family: arial, helvetica, sans-serif; font-size: 12pt; color: #000000;\">Wir konnten auch Inga davon \u00fcberzeugen, nur mit Handgep\u00e4ck unterwegs zu sein.<\/span><\/p>\n<p style=\"text-align: center;\"><span style=\"font-family: arial, helvetica, sans-serif; font-size: 12pt; color: #000000;\">Wecker gestellt, zeitig ins Bett, wir m\u00fcssen fr\u00fch raus.<\/span><\/p>\n<p>&nbsp;<\/p>\n<p style=\"text-align: center;\"><span style=\"font-family: arial, helvetica, sans-serif; font-size: 12pt; color: #000000;\"><img decoding=\"async\" class=\"aligncenter wp-image-27895\" src=\"https:\/\/welcome-ontour.de\/wordpress\/wp-content\/uploads\/2026\/02\/2025-12-20-05.jpg\" alt=\"\" width=\"120\" height=\"120\" srcset=\"https:\/\/welcome-ontour.de\/wordpress\/wp-content\/uploads\/2026\/02\/2025-12-20-05.jpg 200w, https:\/\/welcome-ontour.de\/wordpress\/wp-content\/uploads\/2026\/02\/2025-12-20-05-150x150.jpg 150w, https:\/\/welcome-ontour.de\/wordpress\/wp-content\/uploads\/2026\/02\/2025-12-20-05-75x75.jpg 75w\" sizes=\"(max-width: 120px) 100vw, 120px\" \/><\/span><\/p>\n<p style=\"text-align: center;\"><span style=\"font-family: arial, helvetica, sans-serif; font-size: 12pt; color: #000000;\"><a style=\"color: #000000;\" href=\"https:\/\/welcome-ontour.de\/wordpress\/index.php\/reiseberichte\/\"><img decoding=\"async\" class=\"alignleft wp-image-27893\" src=\"https:\/\/welcome-ontour.de\/wordpress\/wp-content\/uploads\/2026\/02\/2025-12-20-01.jpg\" alt=\"\" width=\"60\" height=\"48\" \/><\/a><\/span><\/p>\n<p style=\"text-align: center;\"><span style=\"font-family: arial, helvetica, sans-serif; font-size: 12pt; color: #000000;\">\u00a0 <a style=\"color: #000000;\" href=\"https:\/\/welcome-ontour.de\/wordpress\/index.php\/2025-12-21\"><img decoding=\"async\" class=\"alignright wp-image-27894\" src=\"https:\/\/welcome-ontour.de\/wordpress\/wp-content\/uploads\/2026\/02\/2025-12-20-02.jpg\" alt=\"\" width=\"60\" height=\"48\" \/><\/a><br \/>\n<\/span><\/p>\n<p>&nbsp;<\/p>\n","protected":false},"excerpt":{"rendered":"<p>Prolog\u00a0 \u00a0 \u00a0 \u00a0 \u00a0 Anreise\u00a0 \u00a0 \u00a0 \u00a0 \u00a0 Strand\u00a0 \u00a0 \u00a0 \u00a0 \u00a0 El Drago\u00a0 \u00a0 \u00a0 \u00a0 \u00a0 Teresitas\u00a0 \u00a0 \u00a0 \u00a0 \u00a0 Strand\u00a0 \u00a0 \u00a0 \u00a0 \u00a0 Abreise\u00a0 \u00a0 \u00a0 \u00a0 \u00a0 Fazit \u00a0 &nbsp; &nbsp; Follow The Sun &nbsp; Teneriffa 2025 \u00a0 &nbsp; Prolog Weihnachten im Warmen, das ist die Idee. Wir werden nach fast 20 Jahren mal wieder zu dritt verreisen. Ute verabschiedet sich gerade aus dem Berufsleben, ich habe seit Jahren \u00fcber Weihnachten Betriebsferien und unsere Tochter Inga hat sich Urlaub genommen. Wohin? Eigentlich haben wir ausschlie\u00dflich gute Erinnerungen an die kanarischen Inseln. Also setzen wir uns im Sommer zusammen, suchen eine sch\u00f6ne Pauschalreise nach Teneriffa raus und buchen. &nbsp; &nbsp; Wir wohnen eine Woche im luxuri\u00f6sen Marylanza Hotel in Playa Las Americas. Fliegen werden wir mit Easyjet. F\u00fcr unsere Reisezeit sind die Preise leider alles andere als g\u00fcnstig. Was soll\u2019s, gleich noch eine Mietwagenbuchung im Anschluss. Teneriffa wir kommen. Am Vorabend werden die Klamotten gepackt. Wir konnten auch Inga davon \u00fcberzeugen, nur mit Handgep\u00e4ck unterwegs zu sein. Wecker gestellt, zeitig ins Bett, wir m\u00fcssen fr\u00fch raus. &nbsp; \u00a0 &nbsp;<\/p>\n","protected":false},"author":1,"featured_media":0,"parent":0,"menu_order":0,"comment_status":"closed","ping_status":"closed","template":"","meta":{"footnotes":""},"class_list":["post-27891","page","type-page","status-publish","hentry"],"_links":{"self":[{"href":"https:\/\/welcome-ontour.de\/wordpress\/index.php\/wp-json\/wp\/v2\/pages\/27891","targetHints":{"allow":["GET"]}}],"collection":[{"href":"https:\/\/welcome-ontour.de\/wordpress\/index.php\/wp-json\/wp\/v2\/pages"}],"about":[{"href":"https:\/\/welcome-ontour.de\/wordpress\/index.php\/wp-json\/wp\/v2\/types\/page"}],"author":[{"embeddable":true,"href":"https:\/\/welcome-ontour.de\/wordpress\/index.php\/wp-json\/wp\/v2\/users\/1"}],"replies":[{"embeddable":true,"href":"https:\/\/welcome-ontour.de\/wordpress\/index.php\/wp-json\/wp\/v2\/comments?post=27891"}],"version-history":[{"count":13,"href":"https:\/\/welcome-ontour.de\/wordpress\/index.php\/wp-json\/wp\/v2\/pages\/27891\/revisions"}],"predecessor-version":[{"id":27929,"href":"https:\/\/welcome-ontour.de\/wordpress\/index.php\/wp-json\/wp\/v2\/pages\/27891\/revisions\/27929"}],"wp:attachment":[{"href":"https:\/\/welcome-ontour.de\/wordpress\/index.php\/wp-json\/wp\/v2\/media?parent=27891"}],"curies":[{"name":"wp","href":"https:\/\/api.w.org\/{rel}","templated":true}]}}