{"id":27602,"date":"2025-11-07T08:20:23","date_gmt":"2025-11-07T08:20:23","guid":{"rendered":"https:\/\/welcome-ontour.de\/wordpress\/?page_id=27602"},"modified":"2025-11-26T10:44:34","modified_gmt":"2025-11-26T10:44:34","slug":"2025-10-07-fazit","status":"publish","type":"page","link":"https:\/\/welcome-ontour.de\/wordpress\/index.php\/2025-10-07-fazit\/","title":{"rendered":"2025 10 07 fazit"},"content":{"rendered":"<p style=\"text-align: center;\"><span style=\"color: #000000;\"><span style=\"font-family: arial, helvetica, sans-serif; font-size: 8pt;\"><a style=\"color: #000000;\" href=\"https:\/\/welcome-ontour.de\/wordpress\/index.php\/2025-09-30-prolog\/\">Prolog<\/a>\u00a0 \u00a0 \u00a0 \u00a0<a style=\"color: #000000;\" href=\"https:\/\/welcome-ontour.de\/wordpress\/index.php\/2025-10-01\">Anreise<\/a>\u00a0 \u00a0 \u00a0 \u00a0<a style=\"color: #000000;\" href=\"https:\/\/welcome-ontour.de\/wordpress\/index.php\/2025-10-02\">Gulbenkian \/ Rossio<\/a>\u00a0 \u00a0 \u00a0 \u00a0<\/span><span style=\"font-family: arial, helvetica, sans-serif; font-size: 8pt;\"><a style=\"color: #000000;\" href=\"https:\/\/welcome-ontour.de\/wordpress\/index.php\/2025-10-03\">Time Out Market \/ Cascais<\/a>\u00a0 \u00a0 \u00a0 \u00a0<\/span><span style=\"font-family: arial, helvetica, sans-serif; font-size: 8pt;\"><a style=\"color: #000000;\" href=\"https:\/\/welcome-ontour.de\/wordpress\/index.php\/2025-10-04\">Museu Decorativas<\/a>\u00a0 \u00a0 \u00a0 \u00a0<\/span><span style=\"font-family: arial, helvetica, sans-serif; font-size: 8pt;\"><a style=\"color: #000000;\" href=\"https:\/\/welcome-ontour.de\/wordpress\/index.php\/2025-10-05\">Cruise \/ Alfama<\/a>\u00a0 \u00a0 \u00a0 \u00a0<a style=\"color: #000000;\" href=\"https:\/\/welcome-ontour.de\/wordpress\/index.php\/2025-10-06\">Abreise<\/a>\u00a0 \u00a0 \u00a0 \u00a0<a style=\"color: #000000;\" href=\"https:\/\/welcome-ontour.de\/wordpress\/index.php\/2025-10-07\">Fazit<\/a><\/span><\/span><\/p>\n<p><span style=\"color: #000000;\"><a style=\"color: #000000;\" href=\"https:\/\/welcome-ontour.de\/wordpress\/index.php\/2025-10-06\"><img decoding=\"async\" class=\"alignleft wp-image-27518\" src=\"https:\/\/welcome-ontour.de\/wordpress\/wp-content\/uploads\/2025\/10\/2025-09-30-01.jpg\" alt=\"\" width=\"99\" height=\"66\" \/><\/a><\/span><\/p>\n<p><span style=\"color: #000000;\"><a style=\"color: #000000;\" href=\"https:\/\/welcome-ontour.de\/wordpress\/index.php\/reiseberichte\/\"><img decoding=\"async\" class=\"alignright wp-image-27519\" src=\"https:\/\/welcome-ontour.de\/wordpress\/wp-content\/uploads\/2025\/10\/2025-09-30-02.jpg\" alt=\"\" width=\"99\" height=\"66\" \/><\/a><\/span><\/p>\n<p>&nbsp;<\/p>\n<p style=\"text-align: center;\">\u00a0<\/p>\n<p style=\"text-align: center;\"><span style=\"color: #000000;\"><strong><span style=\"font-family: arial, helvetica, sans-serif; font-size: 14pt;\">Fazit<\/span><\/strong><\/span><\/p>\n<p style=\"text-align: center;\">\u00a0<\/p>\n<p style=\"text-align: center;\"><span style=\"font-family: arial, helvetica, sans-serif; font-size: 12pt; color: #000000;\"><img decoding=\"async\" class=\"size-full wp-image-27753 aligncenter\" src=\"https:\/\/welcome-ontour.de\/wordpress\/wp-content\/uploads\/2025\/11\/2025-10-07-01.jpg\" alt=\"\" width=\"810\" height=\"408\" srcset=\"https:\/\/welcome-ontour.de\/wordpress\/wp-content\/uploads\/2025\/11\/2025-10-07-01.jpg 810w, https:\/\/welcome-ontour.de\/wordpress\/wp-content\/uploads\/2025\/11\/2025-10-07-01-300x151.jpg 300w, https:\/\/welcome-ontour.de\/wordpress\/wp-content\/uploads\/2025\/11\/2025-10-07-01-700x353.jpg 700w, https:\/\/welcome-ontour.de\/wordpress\/wp-content\/uploads\/2025\/11\/2025-10-07-01-768x387.jpg 768w\" sizes=\"(max-width: 810px) 100vw, 810px\" \/><\/span><\/p>\n<p style=\"text-align: center;\">\u00a0<\/p>\n<p style=\"text-align: center;\"><span style=\"font-family: arial, helvetica, sans-serif; font-size: 12pt; color: #000000;\">Lissabon im Herbst hatten wir schon eine ganze Weile im Visier, nun war es endlich soweit.<\/span><\/p>\n<p style=\"text-align: center;\"><span style=\"font-family: arial, helvetica, sans-serif; font-size: 12pt; color: #000000;\">W\u00e4hrend zu Hause mit erstem Nachtfrost zu rechnen ist,<\/span><\/p>\n<p style=\"text-align: center;\"><span style=\"font-family: arial, helvetica, sans-serif; font-size: 12pt; color: #000000;\"> lockt Portugals Hauptstadt um diese Zeit mit sommerlichem Klima.<\/span><\/p>\n<p style=\"text-align: center;\"><span style=\"font-family: arial, helvetica, sans-serif; font-size: 12pt; color: #000000;\">Es gibt Unmengen an historischen, traditionellen und kulturellen Highlights zu entdecken.<\/span><\/p>\n<p style=\"text-align: center;\"><span style=\"font-family: arial, helvetica, sans-serif; font-size: 12pt; color: #000000;\">Die Gastfreundlichkeit ist bemerkenswert und fast alles in der Stadt ist zu Fu\u00df zu erkunden.<\/span><\/p>\n<p style=\"text-align: center;\"><span style=\"font-family: arial, helvetica, sans-serif; font-size: 12pt; color: #000000;\">Dessen ungeachtet hat Lissabon ein hervorragend funktionierendes \u00f6ffentliches Nahverkehrsnetz.<\/span><\/p>\n<p style=\"text-align: center;\"><span style=\"font-family: arial, helvetica, sans-serif; font-size: 12pt; color: #000000;\">Wir waren jeden Tag von fr\u00fch bis abends unterwegs, die Tage waren voll mit Eindr\u00fccken.<\/span><\/p>\n<p style=\"text-align: center;\">\u00a0<\/p>\n<p style=\"text-align: center;\"><span style=\"font-family: arial, helvetica, sans-serif; font-size: 12pt; color: #000000;\"><img decoding=\"async\" class=\"aligncenter wp-image-27754\" src=\"https:\/\/welcome-ontour.de\/wordpress\/wp-content\/uploads\/2025\/11\/2025-10-07-02.jpg\" alt=\"\" width=\"810\" height=\"159\" srcset=\"https:\/\/welcome-ontour.de\/wordpress\/wp-content\/uploads\/2025\/11\/2025-10-07-02.jpg 1558w, https:\/\/welcome-ontour.de\/wordpress\/wp-content\/uploads\/2025\/11\/2025-10-07-02-300x59.jpg 300w, https:\/\/welcome-ontour.de\/wordpress\/wp-content\/uploads\/2025\/11\/2025-10-07-02-700x137.jpg 700w, https:\/\/welcome-ontour.de\/wordpress\/wp-content\/uploads\/2025\/11\/2025-10-07-02-768x151.jpg 768w, https:\/\/welcome-ontour.de\/wordpress\/wp-content\/uploads\/2025\/11\/2025-10-07-02-1536x302.jpg 1536w, https:\/\/welcome-ontour.de\/wordpress\/wp-content\/uploads\/2025\/11\/2025-10-07-02-1140x224.jpg 1140w\" sizes=\"(max-width: 810px) 100vw, 810px\" \/><\/span><\/p>\n<p style=\"text-align: center;\">\u00a0<\/p>\n<p style=\"text-align: center;\"><span style=\"font-family: arial, helvetica, sans-serif; font-size: 12pt; color: #000000;\">TAP fliegt mehrmals t\u00e4glich von Berlin nonstop nach Lissabon.<\/span><\/p>\n<p style=\"text-align: center;\"><span style=\"font-family: arial, helvetica, sans-serif; font-size: 12pt; color: #000000;\">Bei Buchung fast ein Jahr im Voraus war es sogar einigerma\u00dfen erschwinglich.<\/span><\/p>\n<p style=\"text-align: center;\"><span style=\"font-family: arial, helvetica, sans-serif; font-size: 12pt; color: #000000;\">Die Fl\u00fcge im modernen Airbus waren trotz der etwa 4 Stunden entspannt und gut aushaltbar.<\/span><\/p>\n<p style=\"text-align: center;\"><span style=\"font-family: arial, helvetica, sans-serif; font-size: 12pt; color: #000000;\">Service und Freundlichkeit des Personals waren angenehm.<\/span><\/p>\n<p style=\"text-align: center;\"><span style=\"font-family: arial, helvetica, sans-serif; font-size: 12pt; color: #000000;\">Der internationale Flughafen in Lissabon ist trotz der Gr\u00f6\u00dfe \u00fcbersichtlich <\/span><\/p>\n<p style=\"text-align: center;\"><span style=\"font-family: arial, helvetica, sans-serif; font-size: 12pt; color: #000000;\">und die direkte Anbindung an die Metro optimal.<\/span><\/p>\n<p style=\"text-align: center;\">\u00a0<\/p>\n<p style=\"text-align: center;\"><span style=\"font-family: arial, helvetica, sans-serif; font-size: 12pt; color: #000000;\"><img decoding=\"async\" class=\"aligncenter wp-image-27755 size-large\" src=\"https:\/\/welcome-ontour.de\/wordpress\/wp-content\/uploads\/2025\/11\/2025-10-07-03-700x193.jpg\" alt=\"\" width=\"700\" height=\"193\" srcset=\"https:\/\/welcome-ontour.de\/wordpress\/wp-content\/uploads\/2025\/11\/2025-10-07-03-700x193.jpg 700w, https:\/\/welcome-ontour.de\/wordpress\/wp-content\/uploads\/2025\/11\/2025-10-07-03-300x83.jpg 300w, https:\/\/welcome-ontour.de\/wordpress\/wp-content\/uploads\/2025\/11\/2025-10-07-03-768x212.jpg 768w, https:\/\/welcome-ontour.de\/wordpress\/wp-content\/uploads\/2025\/11\/2025-10-07-03.jpg 1110w\" sizes=\"(max-width: 700px) 100vw, 700px\" \/><\/span><\/p>\n<p style=\"text-align: center;\"><span style=\"font-family: arial, helvetica, sans-serif; font-size: 12pt; color: #000000;\"><img decoding=\"async\" class=\"aligncenter wp-image-27756 size-large\" src=\"https:\/\/welcome-ontour.de\/wordpress\/wp-content\/uploads\/2025\/11\/2025-10-07-04-700x193.jpg\" alt=\"\" width=\"700\" height=\"193\" srcset=\"https:\/\/welcome-ontour.de\/wordpress\/wp-content\/uploads\/2025\/11\/2025-10-07-04-700x193.jpg 700w, https:\/\/welcome-ontour.de\/wordpress\/wp-content\/uploads\/2025\/11\/2025-10-07-04-300x83.jpg 300w, https:\/\/welcome-ontour.de\/wordpress\/wp-content\/uploads\/2025\/11\/2025-10-07-04-768x212.jpg 768w, https:\/\/welcome-ontour.de\/wordpress\/wp-content\/uploads\/2025\/11\/2025-10-07-04.jpg 1110w\" sizes=\"(max-width: 700px) 100vw, 700px\" \/><\/span><\/p>\n<p style=\"text-align: center;\">\u00a0<\/p>\n<p style=\"text-align: center;\"><span style=\"font-family: arial, helvetica, sans-serif; font-size: 12pt; color: #000000;\">Unser Quartier im Zentrum hatte einen \u00fcberschaubaren Komfort.<\/span><\/p>\n<p style=\"text-align: center;\"><span style=\"font-family: arial, helvetica, sans-serif; font-size: 12pt; color: #000000;\">Die Zimmer waren mit Klimaanlagen, bequemen Betten und modernen B\u00e4dern gut ausgestattet.<\/span><\/p>\n<p style=\"text-align: center;\"><span style=\"font-family: arial, helvetica, sans-serif; font-size: 12pt; color: #000000;\">Aussicht war quasi nicht vorhanden und beim t\u00e4glichen Fr\u00fchst\u00fcck gab es noch Luft nach oben.<\/span><\/p>\n<p style=\"text-align: center;\"><span style=\"font-family: arial, helvetica, sans-serif; font-size: 12pt; color: #000000;\">Aber es war ruhig und die zentrale Lage war sehr vorteilhaft.<\/span><\/p>\n<p style=\"text-align: center;\"><span style=\"font-family: arial, helvetica, sans-serif; font-size: 12pt; color: #000000;\">20 m zum U-Bahneingang, 100 m zur Stra\u00dfenbahn,<\/span><\/p>\n<p style=\"text-align: center;\"><span style=\"font-family: arial, helvetica, sans-serif; font-size: 12pt; color: #000000;\"> in 10 min zum Meer oder zum Rossio Platz, was will man mehr.<\/span><\/p>\n<p style=\"text-align: center;\">\u00a0<\/p>\n<p style=\"text-align: center;\"><span style=\"font-family: arial, helvetica, sans-serif; font-size: 12pt; color: #000000;\"><img decoding=\"async\" class=\"aligncenter wp-image-27757 size-large\" src=\"https:\/\/welcome-ontour.de\/wordpress\/wp-content\/uploads\/2025\/11\/2025-10-07-05-700x193.jpg\" alt=\"\" width=\"700\" height=\"193\" srcset=\"https:\/\/welcome-ontour.de\/wordpress\/wp-content\/uploads\/2025\/11\/2025-10-07-05-700x193.jpg 700w, https:\/\/welcome-ontour.de\/wordpress\/wp-content\/uploads\/2025\/11\/2025-10-07-05-300x83.jpg 300w, https:\/\/welcome-ontour.de\/wordpress\/wp-content\/uploads\/2025\/11\/2025-10-07-05-768x212.jpg 768w, https:\/\/welcome-ontour.de\/wordpress\/wp-content\/uploads\/2025\/11\/2025-10-07-05.jpg 1110w\" sizes=\"(max-width: 700px) 100vw, 700px\" \/><\/span><\/p>\n<p style=\"text-align: center;\"><span style=\"font-family: arial, helvetica, sans-serif; font-size: 12pt; color: #000000;\"><img decoding=\"async\" class=\"aligncenter wp-image-27758 size-large\" src=\"https:\/\/welcome-ontour.de\/wordpress\/wp-content\/uploads\/2025\/11\/2025-10-07-06-700x193.jpg\" alt=\"\" width=\"700\" height=\"193\" srcset=\"https:\/\/welcome-ontour.de\/wordpress\/wp-content\/uploads\/2025\/11\/2025-10-07-06-700x193.jpg 700w, https:\/\/welcome-ontour.de\/wordpress\/wp-content\/uploads\/2025\/11\/2025-10-07-06-300x83.jpg 300w, https:\/\/welcome-ontour.de\/wordpress\/wp-content\/uploads\/2025\/11\/2025-10-07-06-768x212.jpg 768w, https:\/\/welcome-ontour.de\/wordpress\/wp-content\/uploads\/2025\/11\/2025-10-07-06.jpg 1110w\" sizes=\"(max-width: 700px) 100vw, 700px\" \/><\/span><\/p>\n<p style=\"text-align: center;\">\u00a0<\/p>\n<p style=\"text-align: center;\"><span style=\"font-family: arial, helvetica, sans-serif; font-size: 12pt; color: #000000;\">Was hat das alles gekostet?<\/span><\/p>\n<p style=\"text-align: center;\"><span style=\"font-family: arial, helvetica, sans-serif; font-size: 12pt; color: #000000;\">Die Fl\u00fcge haben wir direkt bei TAP Airlines gebucht.<\/span><\/p>\n<p style=\"text-align: center;\"><span style=\"font-family: arial, helvetica, sans-serif; font-size: 12pt; color: #000000;\">Hin- und R\u00fcckflug sowie die Sitzplatzreservierung in den vorderen Reihen <\/span><\/p>\n<p style=\"text-align: center;\"><span style=\"font-family: arial, helvetica, sans-serif; font-size: 12pt; color: #000000;\">mit mehr Beinfreiheit haben 225 Euro pro Person gekostet.<\/span><\/p>\n<p style=\"text-align: center;\"><span style=\"font-family: arial, helvetica, sans-serif; font-size: 12pt; color: #000000;\">F\u00fcr 5 N\u00e4chte im Doppelzimmer mit Fr\u00fchst\u00fcck im Stay Hotel Chiado waren rund 800 Euro pro Zimmer f\u00e4llig.<\/span><\/p>\n<p style=\"text-align: center;\"><span style=\"font-family: arial, helvetica, sans-serif; font-size: 12pt; color: #000000;\">Der Mix aus Zimmerkomfort und guter Lage war uns auch im Nachhinein den Preis wert.<\/span><\/p>\n<p style=\"text-align: center;\"><span style=\"font-family: arial, helvetica, sans-serif; font-size: 12pt; color: #000000;\">Mc Parking wollte dieses Mal 93 Euro f\u00fcr Park- und Shuttleservice haben.<\/span><\/p>\n<p style=\"text-align: center;\">\u00a0<\/p>\n<p style=\"text-align: center;\"><span style=\"font-family: arial, helvetica, sans-serif; font-size: 12pt; color: #000000;\"><img decoding=\"async\" class=\"aligncenter wp-image-27759 size-large\" src=\"https:\/\/welcome-ontour.de\/wordpress\/wp-content\/uploads\/2025\/11\/2025-10-07-07-700x193.jpg\" alt=\"\" width=\"700\" height=\"193\" srcset=\"https:\/\/welcome-ontour.de\/wordpress\/wp-content\/uploads\/2025\/11\/2025-10-07-07-700x193.jpg 700w, https:\/\/welcome-ontour.de\/wordpress\/wp-content\/uploads\/2025\/11\/2025-10-07-07-300x83.jpg 300w, https:\/\/welcome-ontour.de\/wordpress\/wp-content\/uploads\/2025\/11\/2025-10-07-07-768x212.jpg 768w, https:\/\/welcome-ontour.de\/wordpress\/wp-content\/uploads\/2025\/11\/2025-10-07-07.jpg 1110w\" sizes=\"(max-width: 700px) 100vw, 700px\" \/><\/span><\/p>\n<p style=\"text-align: center;\"><span style=\"font-family: arial, helvetica, sans-serif; font-size: 12pt; color: #000000;\"><img decoding=\"async\" class=\"aligncenter wp-image-27760 size-large\" src=\"https:\/\/welcome-ontour.de\/wordpress\/wp-content\/uploads\/2025\/11\/2025-10-07-08-700x193.jpg\" alt=\"\" width=\"700\" height=\"193\" srcset=\"https:\/\/welcome-ontour.de\/wordpress\/wp-content\/uploads\/2025\/11\/2025-10-07-08-700x193.jpg 700w, https:\/\/welcome-ontour.de\/wordpress\/wp-content\/uploads\/2025\/11\/2025-10-07-08-300x83.jpg 300w, https:\/\/welcome-ontour.de\/wordpress\/wp-content\/uploads\/2025\/11\/2025-10-07-08-768x212.jpg 768w, https:\/\/welcome-ontour.de\/wordpress\/wp-content\/uploads\/2025\/11\/2025-10-07-08.jpg 1110w\" sizes=\"(max-width: 700px) 100vw, 700px\" \/><\/span><\/p>\n<p style=\"text-align: center;\">\u00a0<\/p>\n<p style=\"text-align: center;\"><span style=\"font-family: arial, helvetica, sans-serif; font-size: 12pt; color: #000000;\">Lissabon hat uns allen prima gefallen.<\/span><\/p>\n<p style=\"text-align: center;\"><span style=\"font-family: arial, helvetica, sans-serif; font-size: 12pt; color: #000000;\">Wer Lust auf Sommer im Herbst hat ist hier genau richtig.<\/span><\/p>\n<p style=\"text-align: center;\"><span style=\"font-family: arial, helvetica, sans-serif; font-size: 12pt; color: #000000;\">Auch unabh\u00e4ngig von Klima und Temperaturen ist die Stadt auf jeden Fall eine Reise wert.<\/span><\/p>\n<p style=\"text-align: center;\"><span style=\"font-family: arial, helvetica, sans-serif; font-size: 12pt; color: #000000;\">Die entspannten Tage haben uns allen gut getan.<\/span><\/p>\n<p style=\"text-align: center;\"><span style=\"font-family: arial, helvetica, sans-serif; font-size: 12pt; color: #000000;\">Und so sind wir gut erholt wieder zu Hause angekommen.<\/span><\/p>\n<p style=\"text-align: center;\"><span style=\"font-family: arial, helvetica, sans-serif; font-size: 12pt; color: #000000;\">Weitere Reisen werden folgen.<\/span><\/p>\n<p style=\"text-align: center;\"><span style=\"font-family: arial, helvetica, sans-serif; font-size: 12pt; color: #000000;\">Wohin es im n\u00e4chsten Jahr geht, dar\u00fcber sind wir uns noch nicht einig.<\/span><\/p>\n<p style=\"text-align: center;\"><span style=\"font-family: arial, helvetica, sans-serif; font-size: 12pt; color: #000000;\">Mal schauen.<\/span><\/p>\n<p style=\"text-align: center;\"><span style=\"font-family: arial, helvetica, sans-serif; font-size: 12pt; color: #000000;\">Bis demn\u00e4chst!<\/span><\/p>\n<p style=\"text-align: center;\">\u00a0<\/p>\n<p style=\"text-align: center;\"><span style=\"font-family: arial, helvetica, sans-serif; font-size: 12pt; color: #000000;\"><img decoding=\"async\" class=\"size-full wp-image-27761 aligncenter\" src=\"https:\/\/welcome-ontour.de\/wordpress\/wp-content\/uploads\/2025\/11\/2025-10-07-09.jpg\" alt=\"\" width=\"810\" height=\"408\" srcset=\"https:\/\/welcome-ontour.de\/wordpress\/wp-content\/uploads\/2025\/11\/2025-10-07-09.jpg 810w, https:\/\/welcome-ontour.de\/wordpress\/wp-content\/uploads\/2025\/11\/2025-10-07-09-300x151.jpg 300w, https:\/\/welcome-ontour.de\/wordpress\/wp-content\/uploads\/2025\/11\/2025-10-07-09-700x353.jpg 700w, https:\/\/welcome-ontour.de\/wordpress\/wp-content\/uploads\/2025\/11\/2025-10-07-09-768x387.jpg 768w\" sizes=\"(max-width: 810px) 100vw, 810px\" \/><\/span><\/p>\n<p>&nbsp;<\/p>\n<p><span style=\"color: #000000;\"><a style=\"color: #000000;\" href=\"https:\/\/welcome-ontour.de\/wordpress\/index.php\/2025-10-06\"><img decoding=\"async\" class=\"alignleft wp-image-27518\" src=\"https:\/\/welcome-ontour.de\/wordpress\/wp-content\/uploads\/2025\/10\/2025-09-30-01.jpg\" alt=\"\" width=\"99\" height=\"66\" \/><\/a><\/span><\/p>\n<p><span style=\"color: #000000;\"><a style=\"color: #000000;\" href=\"https:\/\/welcome-ontour.de\/wordpress\/index.php\/reiseberichte\/\"><img decoding=\"async\" class=\"alignright wp-image-27519\" src=\"https:\/\/welcome-ontour.de\/wordpress\/wp-content\/uploads\/2025\/10\/2025-09-30-02.jpg\" alt=\"\" width=\"99\" height=\"66\" \/><\/a><\/span><\/p>\n<p>&nbsp;<\/p>\n<p style=\"text-align: center;\">\u00a0<\/p>\n","protected":false},"excerpt":{"rendered":"<p>Prolog\u00a0 \u00a0 \u00a0 \u00a0Anreise\u00a0 \u00a0 \u00a0 \u00a0Gulbenkian \/ Rossio\u00a0 \u00a0 \u00a0 \u00a0Time Out Market \/ Cascais\u00a0 \u00a0 \u00a0 \u00a0Museu Decorativas\u00a0 \u00a0 \u00a0 \u00a0Cruise \/ Alfama\u00a0 \u00a0 \u00a0 \u00a0Abreise\u00a0 \u00a0 \u00a0 \u00a0Fazit &nbsp; \u00a0 Fazit \u00a0 \u00a0 Lissabon im Herbst hatten wir schon eine ganze Weile im Visier, nun war es endlich soweit. W\u00e4hrend zu Hause mit erstem Nachtfrost zu rechnen ist, lockt Portugals Hauptstadt um diese Zeit mit sommerlichem Klima. Es gibt Unmengen an historischen, traditionellen und kulturellen Highlights zu entdecken. Die Gastfreundlichkeit ist bemerkenswert und fast alles in der Stadt ist zu Fu\u00df zu erkunden. Dessen ungeachtet hat Lissabon ein hervorragend funktionierendes \u00f6ffentliches Nahverkehrsnetz. Wir waren jeden Tag von fr\u00fch bis abends unterwegs, die Tage waren voll mit Eindr\u00fccken. \u00a0 \u00a0 TAP fliegt mehrmals t\u00e4glich von Berlin nonstop nach Lissabon. Bei Buchung fast ein Jahr im Voraus war es sogar einigerma\u00dfen erschwinglich. Die Fl\u00fcge im modernen Airbus waren trotz der etwa 4 Stunden entspannt und gut aushaltbar. Service und Freundlichkeit des Personals waren angenehm. Der internationale Flughafen in Lissabon ist trotz der Gr\u00f6\u00dfe \u00fcbersichtlich und die direkte Anbindung an die Metro optimal. \u00a0 \u00a0 Unser Quartier im Zentrum hatte einen \u00fcberschaubaren Komfort. Die Zimmer waren mit Klimaanlagen, bequemen Betten und modernen B\u00e4dern gut ausgestattet. Aussicht war quasi nicht vorhanden und beim t\u00e4glichen Fr\u00fchst\u00fcck gab es noch Luft nach oben. Aber es war ruhig und die zentrale Lage war sehr vorteilhaft. 20 m zum U-Bahneingang, 100 m zur Stra\u00dfenbahn, in 10 min zum Meer oder zum Rossio Platz, was will man mehr. \u00a0 \u00a0 Was hat das alles gekostet? Die Fl\u00fcge haben wir direkt bei TAP Airlines gebucht. Hin- und R\u00fcckflug sowie die Sitzplatzreservierung in den vorderen Reihen mit mehr Beinfreiheit haben 225 Euro pro Person gekostet. F\u00fcr 5 N\u00e4chte im Doppelzimmer mit Fr\u00fchst\u00fcck im Stay Hotel Chiado waren rund 800 Euro pro Zimmer f\u00e4llig. Der Mix aus Zimmerkomfort und guter Lage war uns auch im Nachhinein den Preis wert. Mc Parking wollte dieses Mal 93 Euro f\u00fcr Park- und Shuttleservice haben. \u00a0 \u00a0 Lissabon hat uns allen prima gefallen. Wer Lust auf Sommer im Herbst hat ist hier genau richtig. Auch unabh\u00e4ngig von Klima und Temperaturen ist die Stadt auf jeden Fall eine Reise wert. Die entspannten Tage haben uns allen gut getan. Und so sind wir gut erholt wieder zu Hause angekommen. Weitere Reisen werden folgen. Wohin es im n\u00e4chsten Jahr geht, dar\u00fcber sind wir uns noch nicht einig. Mal schauen. Bis demn\u00e4chst! \u00a0 &nbsp; &nbsp; \u00a0<\/p>\n","protected":false},"author":1,"featured_media":0,"parent":0,"menu_order":0,"comment_status":"closed","ping_status":"closed","template":"","meta":{"footnotes":""},"class_list":["post-27602","page","type-page","status-publish","hentry"],"_links":{"self":[{"href":"https:\/\/welcome-ontour.de\/wordpress\/index.php\/wp-json\/wp\/v2\/pages\/27602","targetHints":{"allow":["GET"]}}],"collection":[{"href":"https:\/\/welcome-ontour.de\/wordpress\/index.php\/wp-json\/wp\/v2\/pages"}],"about":[{"href":"https:\/\/welcome-ontour.de\/wordpress\/index.php\/wp-json\/wp\/v2\/types\/page"}],"author":[{"embeddable":true,"href":"https:\/\/welcome-ontour.de\/wordpress\/index.php\/wp-json\/wp\/v2\/users\/1"}],"replies":[{"embeddable":true,"href":"https:\/\/welcome-ontour.de\/wordpress\/index.php\/wp-json\/wp\/v2\/comments?post=27602"}],"version-history":[{"count":6,"href":"https:\/\/welcome-ontour.de\/wordpress\/index.php\/wp-json\/wp\/v2\/pages\/27602\/revisions"}],"predecessor-version":[{"id":27752,"href":"https:\/\/welcome-ontour.de\/wordpress\/index.php\/wp-json\/wp\/v2\/pages\/27602\/revisions\/27752"}],"wp:attachment":[{"href":"https:\/\/welcome-ontour.de\/wordpress\/index.php\/wp-json\/wp\/v2\/media?parent=27602"}],"curies":[{"name":"wp","href":"https:\/\/api.w.org\/{rel}","templated":true}]}}