{"id":27598,"date":"2025-11-07T08:19:56","date_gmt":"2025-11-07T08:19:56","guid":{"rendered":"https:\/\/welcome-ontour.de\/wordpress\/?page_id=27598"},"modified":"2025-11-20T11:48:46","modified_gmt":"2025-11-20T11:48:46","slug":"2025-10-05","status":"publish","type":"page","link":"https:\/\/welcome-ontour.de\/wordpress\/index.php\/2025-10-05\/","title":{"rendered":"2025 10 05"},"content":{"rendered":"<p style=\"text-align: center;\"><span style=\"color: #000000;\"><span style=\"font-family: arial, helvetica, sans-serif; font-size: 8pt;\"><a style=\"color: #000000;\" href=\"https:\/\/welcome-ontour.de\/wordpress\/index.php\/2025-09-30-prolog\/\">Prolog<\/a>\u00a0 \u00a0 \u00a0 \u00a0<a style=\"color: #000000;\" href=\"https:\/\/welcome-ontour.de\/wordpress\/index.php\/2025-10-01\">Anreise<\/a>\u00a0 \u00a0 \u00a0 \u00a0<a style=\"color: #000000;\" href=\"https:\/\/welcome-ontour.de\/wordpress\/index.php\/2025-10-02\">Gulbenkian \/ Rossio<\/a>\u00a0 \u00a0 \u00a0 \u00a0<\/span><span style=\"font-family: arial, helvetica, sans-serif; font-size: 8pt;\"><a style=\"color: #000000;\" href=\"https:\/\/welcome-ontour.de\/wordpress\/index.php\/2025-10-03\">Time Out Market \/ Cascais<\/a>\u00a0 \u00a0 \u00a0 \u00a0<\/span><span style=\"font-family: arial, helvetica, sans-serif; font-size: 8pt;\"><a style=\"color: #000000;\" href=\"https:\/\/welcome-ontour.de\/wordpress\/index.php\/2025-10-04\">Museu Decorativas<\/a>\u00a0 \u00a0 \u00a0 \u00a0<\/span><span style=\"font-family: arial, helvetica, sans-serif; font-size: 8pt;\"><a style=\"color: #000000;\" href=\"https:\/\/welcome-ontour.de\/wordpress\/index.php\/2025-10-05\">Cruise \/ Alfama<\/a>\u00a0 \u00a0 \u00a0 \u00a0<a style=\"color: #000000;\" href=\"https:\/\/welcome-ontour.de\/wordpress\/index.php\/2025-10-06\">Abreise<\/a>\u00a0 \u00a0 \u00a0 \u00a0<a style=\"color: #000000;\" href=\"https:\/\/welcome-ontour.de\/wordpress\/index.php\/2025-10-07\">Fazit<\/a><\/span><\/span><\/p>\n<p><span style=\"color: #000000;\"><a style=\"color: #000000;\" href=\"https:\/\/welcome-ontour.de\/wordpress\/index.php\/2025-10-04\"><img decoding=\"async\" class=\"alignleft wp-image-27518\" src=\"https:\/\/welcome-ontour.de\/wordpress\/wp-content\/uploads\/2025\/10\/2025-09-30-01.jpg\" alt=\"\" width=\"99\" height=\"66\" \/><\/a><\/span><\/p>\n<p><span style=\"color: #000000;\"><a style=\"color: #000000;\" href=\"https:\/\/welcome-ontour.de\/wordpress\/index.php\/2025-10-06\"><img decoding=\"async\" class=\"alignright wp-image-27519\" src=\"https:\/\/welcome-ontour.de\/wordpress\/wp-content\/uploads\/2025\/10\/2025-09-30-02.jpg\" alt=\"\" width=\"99\" height=\"66\" \/><\/a><\/span><\/p>\n<p>&nbsp;<\/p>\n<p>&nbsp;<\/p>\n<p style=\"text-align: center;\"><span style=\"color: #000000;\"><strong><span style=\"font-family: arial, helvetica, sans-serif; font-size: 14pt;\">So 5.10.<\/span><\/strong><\/span><\/p>\n<p style=\"text-align: center;\">\u00a0<\/p>\n<p style=\"text-align: center;\"><span style=\"color: #000000;\"><strong><span style=\"font-family: arial, helvetica, sans-serif; font-size: 14pt;\">Cruise \/ Alfama<\/span><\/strong><\/span><\/p>\n<p style=\"text-align: center;\">\u00a0<\/p>\n<p style=\"text-align: center;\"><span style=\"font-family: arial, helvetica, sans-serif; font-size: 12pt; color: #000000;\">Nach einer gem\u00fctlichen Fr\u00fchst\u00fccksstunde wird wieder gesplittet.<\/span><\/p>\n<p style=\"text-align: center;\"><span style=\"font-family: arial, helvetica, sans-serif; font-size: 12pt; color: #000000;\">Wir fahren mit Conny zum Cruise Terminal, der Rest will sich durch Alfama k\u00e4mpfen.<\/span><\/p>\n<p style=\"text-align: center;\"><span style=\"font-family: arial, helvetica, sans-serif; font-size: 12pt; color: #000000;\">Bei Blue Cruises holen wir uns Tickets f\u00fcr die n\u00e4chste Sightseeing Tour.<\/span><\/p>\n<p style=\"text-align: center;\">\u00a0<\/p>\n<p style=\"text-align: center;\"><span style=\"font-family: arial, helvetica, sans-serif; font-size: 12pt; color: #000000;\"><img decoding=\"async\" class=\"size-full wp-image-27720 aligncenter\" src=\"https:\/\/welcome-ontour.de\/wordpress\/wp-content\/uploads\/2025\/11\/2025-10-05-01.jpg\" alt=\"\" width=\"810\" height=\"408\" srcset=\"https:\/\/welcome-ontour.de\/wordpress\/wp-content\/uploads\/2025\/11\/2025-10-05-01.jpg 810w, https:\/\/welcome-ontour.de\/wordpress\/wp-content\/uploads\/2025\/11\/2025-10-05-01-300x151.jpg 300w, https:\/\/welcome-ontour.de\/wordpress\/wp-content\/uploads\/2025\/11\/2025-10-05-01-700x353.jpg 700w, https:\/\/welcome-ontour.de\/wordpress\/wp-content\/uploads\/2025\/11\/2025-10-05-01-768x387.jpg 768w\" sizes=\"(max-width: 810px) 100vw, 810px\" \/><\/span><\/p>\n<p style=\"text-align: center;\">\u00a0<\/p>\n<p style=\"text-align: center;\"><span style=\"font-family: arial, helvetica, sans-serif; font-size: 12pt; color: #000000;\">Die Fahrt dauert \u00fcber zwei Stunden und kostet 19 Euro pro Person.<\/span><\/p>\n<p style=\"text-align: center;\">\u00a0<\/p>\n<p style=\"text-align: center;\"><span style=\"font-family: arial, helvetica, sans-serif; font-size: 12pt; color: #000000;\"><img decoding=\"async\" class=\"size-full wp-image-27721 aligncenter\" src=\"https:\/\/welcome-ontour.de\/wordpress\/wp-content\/uploads\/2025\/11\/2025-10-05-02.jpg\" alt=\"\" width=\"810\" height=\"408\" srcset=\"https:\/\/welcome-ontour.de\/wordpress\/wp-content\/uploads\/2025\/11\/2025-10-05-02.jpg 810w, https:\/\/welcome-ontour.de\/wordpress\/wp-content\/uploads\/2025\/11\/2025-10-05-02-300x151.jpg 300w, https:\/\/welcome-ontour.de\/wordpress\/wp-content\/uploads\/2025\/11\/2025-10-05-02-700x353.jpg 700w, https:\/\/welcome-ontour.de\/wordpress\/wp-content\/uploads\/2025\/11\/2025-10-05-02-768x387.jpg 768w\" sizes=\"(max-width: 810px) 100vw, 810px\" \/><\/span><\/p>\n<p style=\"text-align: center;\">\u00a0<\/p>\n<p style=\"text-align: center;\"><span style=\"font-family: arial, helvetica, sans-serif; font-size: 12pt; color: #000000;\">Wir sitzen auf dem offenen Oberdeck in der Sonne, <\/span><\/p>\n<p style=\"text-align: center;\"><span style=\"font-family: arial, helvetica, sans-serif; font-size: 12pt; color: #000000;\">fahren bis zum Torre de Belem und wechseln dann das Flussufer.<\/span><\/p>\n<p style=\"text-align: center;\">\u00a0<\/p>\n<p style=\"text-align: center;\"><span style=\"font-family: arial, helvetica, sans-serif; font-size: 12pt; color: #000000;\"><img decoding=\"async\" class=\"size-full wp-image-27722 aligncenter\" src=\"https:\/\/welcome-ontour.de\/wordpress\/wp-content\/uploads\/2025\/11\/2025-10-05-03.jpg\" alt=\"\" width=\"810\" height=\"384\" srcset=\"https:\/\/welcome-ontour.de\/wordpress\/wp-content\/uploads\/2025\/11\/2025-10-05-03.jpg 810w, https:\/\/welcome-ontour.de\/wordpress\/wp-content\/uploads\/2025\/11\/2025-10-05-03-300x142.jpg 300w, https:\/\/welcome-ontour.de\/wordpress\/wp-content\/uploads\/2025\/11\/2025-10-05-03-700x332.jpg 700w, https:\/\/welcome-ontour.de\/wordpress\/wp-content\/uploads\/2025\/11\/2025-10-05-03-768x364.jpg 768w\" sizes=\"(max-width: 810px) 100vw, 810px\" \/><\/span><\/p>\n<p style=\"text-align: center;\"><span style=\"font-family: arial, helvetica, sans-serif; font-size: 12pt; color: #000000;\"><img decoding=\"async\" class=\"size-full wp-image-27723 aligncenter\" src=\"https:\/\/welcome-ontour.de\/wordpress\/wp-content\/uploads\/2025\/11\/2025-10-05-04.jpg\" alt=\"\" width=\"809\" height=\"384\" srcset=\"https:\/\/welcome-ontour.de\/wordpress\/wp-content\/uploads\/2025\/11\/2025-10-05-04.jpg 809w, https:\/\/welcome-ontour.de\/wordpress\/wp-content\/uploads\/2025\/11\/2025-10-05-04-300x142.jpg 300w, https:\/\/welcome-ontour.de\/wordpress\/wp-content\/uploads\/2025\/11\/2025-10-05-04-700x332.jpg 700w, https:\/\/welcome-ontour.de\/wordpress\/wp-content\/uploads\/2025\/11\/2025-10-05-04-768x365.jpg 768w\" sizes=\"(max-width: 809px) 100vw, 809px\" \/><\/span><\/p>\n<p style=\"text-align: center;\">\u00a0<\/p>\n<p style=\"text-align: center;\"><span style=\"font-family: arial, helvetica, sans-serif; font-size: 12pt; color: #000000;\"><img decoding=\"async\" class=\"size-full wp-image-27724 aligncenter\" src=\"https:\/\/welcome-ontour.de\/wordpress\/wp-content\/uploads\/2025\/11\/2025-10-05-05.jpg\" alt=\"\" width=\"810\" height=\"408\" srcset=\"https:\/\/welcome-ontour.de\/wordpress\/wp-content\/uploads\/2025\/11\/2025-10-05-05.jpg 810w, https:\/\/welcome-ontour.de\/wordpress\/wp-content\/uploads\/2025\/11\/2025-10-05-05-300x151.jpg 300w, https:\/\/welcome-ontour.de\/wordpress\/wp-content\/uploads\/2025\/11\/2025-10-05-05-700x353.jpg 700w, https:\/\/welcome-ontour.de\/wordpress\/wp-content\/uploads\/2025\/11\/2025-10-05-05-768x387.jpg 768w\" sizes=\"(max-width: 810px) 100vw, 810px\" \/><\/span><\/p>\n<p style=\"text-align: center;\">\u00a0<\/p>\n<p style=\"text-align: center;\"><span style=\"font-family: arial, helvetica, sans-serif; font-size: 12pt; color: #000000;\">Zur\u00fcck wieder unter der gro\u00dfen Br\u00fccke hindurch <\/span><\/p>\n<p style=\"text-align: center;\"><span style=\"font-family: arial, helvetica, sans-serif; font-size: 12pt; color: #000000;\">und vorbei an den Kreuzfahrtschiffen weiter in \u00f6stliche Richtung bis Apolonia.<\/span><\/p>\n<p style=\"text-align: center;\">\u00a0<\/p>\n<p style=\"text-align: center;\"><span style=\"font-family: arial, helvetica, sans-serif; font-size: 12pt; color: #000000;\"><img decoding=\"async\" class=\"size-full wp-image-27725 aligncenter\" src=\"https:\/\/welcome-ontour.de\/wordpress\/wp-content\/uploads\/2025\/11\/2025-10-05-06.jpg\" alt=\"\" width=\"810\" height=\"408\" srcset=\"https:\/\/welcome-ontour.de\/wordpress\/wp-content\/uploads\/2025\/11\/2025-10-05-06.jpg 810w, https:\/\/welcome-ontour.de\/wordpress\/wp-content\/uploads\/2025\/11\/2025-10-05-06-300x151.jpg 300w, https:\/\/welcome-ontour.de\/wordpress\/wp-content\/uploads\/2025\/11\/2025-10-05-06-700x353.jpg 700w, https:\/\/welcome-ontour.de\/wordpress\/wp-content\/uploads\/2025\/11\/2025-10-05-06-768x387.jpg 768w\" sizes=\"(max-width: 810px) 100vw, 810px\" \/><\/span><\/p>\n<p style=\"text-align: center;\">\u00a0<\/p>\n<p style=\"text-align: center;\"><span style=\"font-family: arial, helvetica, sans-serif; font-size: 12pt; color: #000000;\"><img decoding=\"async\" class=\"size-full wp-image-27726 aligncenter\" src=\"https:\/\/welcome-ontour.de\/wordpress\/wp-content\/uploads\/2025\/11\/2025-10-05-07.jpg\" alt=\"\" width=\"812\" height=\"279\" srcset=\"https:\/\/welcome-ontour.de\/wordpress\/wp-content\/uploads\/2025\/11\/2025-10-05-07.jpg 812w, https:\/\/welcome-ontour.de\/wordpress\/wp-content\/uploads\/2025\/11\/2025-10-05-07-300x103.jpg 300w, https:\/\/welcome-ontour.de\/wordpress\/wp-content\/uploads\/2025\/11\/2025-10-05-07-700x241.jpg 700w, https:\/\/welcome-ontour.de\/wordpress\/wp-content\/uploads\/2025\/11\/2025-10-05-07-768x264.jpg 768w\" sizes=\"(max-width: 812px) 100vw, 812px\" \/><\/span><\/p>\n<p style=\"text-align: center;\">\u00a0<\/p>\n<p style=\"text-align: center;\"><span style=\"font-family: arial, helvetica, sans-serif; font-size: 12pt; color: #000000;\"><img decoding=\"async\" class=\"size-full wp-image-27727 aligncenter\" src=\"https:\/\/welcome-ontour.de\/wordpress\/wp-content\/uploads\/2025\/11\/2025-10-05-08.jpg\" alt=\"\" width=\"810\" height=\"408\" srcset=\"https:\/\/welcome-ontour.de\/wordpress\/wp-content\/uploads\/2025\/11\/2025-10-05-08.jpg 810w, https:\/\/welcome-ontour.de\/wordpress\/wp-content\/uploads\/2025\/11\/2025-10-05-08-300x151.jpg 300w, https:\/\/welcome-ontour.de\/wordpress\/wp-content\/uploads\/2025\/11\/2025-10-05-08-700x353.jpg 700w, https:\/\/welcome-ontour.de\/wordpress\/wp-content\/uploads\/2025\/11\/2025-10-05-08-768x387.jpg 768w\" sizes=\"(max-width: 810px) 100vw, 810px\" \/><\/span><\/p>\n<p style=\"text-align: center;\">\u00a0<\/p>\n<p style=\"text-align: center;\"><span style=\"font-family: arial, helvetica, sans-serif; font-size: 12pt; color: #000000;\">Von dort wieder direkt entlang des Alfama Viertels zur Anlegestelle.<\/span><\/p>\n<p style=\"text-align: center;\"><span style=\"font-family: arial, helvetica, sans-serif; font-size: 12pt; color: #000000;\">Bei dem herrlichen Wetter eine sehr entspannte Angelegenheit.<\/span><\/p>\n<p style=\"text-align: center;\"><span style=\"font-family: arial, helvetica, sans-serif; font-size: 12pt; color: #000000;\">Wieder an Land in die Metro und nach Santa Apolonia gefahren.<\/span><\/p>\n<p style=\"text-align: center;\"><span style=\"font-family: arial, helvetica, sans-serif; font-size: 12pt; color: #000000;\">Die Sonne brennt, wir haben Durst und Hunger.<\/span><\/p>\n<p style=\"text-align: center;\"><span style=\"font-family: arial, helvetica, sans-serif; font-size: 12pt; color: #000000;\">Zum Lunch finden wir einen Tisch im Arcaz Velho Restaurant.<\/span><\/p>\n<p style=\"text-align: center;\">\u00a0<\/p>\n<p style=\"text-align: center;\"><span style=\"font-family: arial, helvetica, sans-serif; font-size: 12pt; color: #000000;\"><img decoding=\"async\" class=\"size-full wp-image-27728 aligncenter\" src=\"https:\/\/welcome-ontour.de\/wordpress\/wp-content\/uploads\/2025\/11\/2025-10-05-09.jpg\" alt=\"\" width=\"809\" height=\"384\" srcset=\"https:\/\/welcome-ontour.de\/wordpress\/wp-content\/uploads\/2025\/11\/2025-10-05-09.jpg 809w, https:\/\/welcome-ontour.de\/wordpress\/wp-content\/uploads\/2025\/11\/2025-10-05-09-300x142.jpg 300w, https:\/\/welcome-ontour.de\/wordpress\/wp-content\/uploads\/2025\/11\/2025-10-05-09-700x332.jpg 700w, https:\/\/welcome-ontour.de\/wordpress\/wp-content\/uploads\/2025\/11\/2025-10-05-09-768x365.jpg 768w\" sizes=\"(max-width: 809px) 100vw, 809px\" \/><\/span><\/p>\n<p style=\"text-align: center;\">\u00a0<\/p>\n<p style=\"text-align: center;\"><span style=\"font-family: arial, helvetica, sans-serif; font-size: 12pt; color: #000000;\">Das Bier ist eiskalt, das traditionell portugiesische Essen erweist sich als indische K\u00fcche.<\/span><\/p>\n<p style=\"text-align: center;\"><span style=\"font-family: arial, helvetica, sans-serif; font-size: 12pt; color: #000000;\">Just in Time st\u00f6\u00dft der Rest der Dorfreisegruppe zu uns.<\/span><\/p>\n<p style=\"text-align: center;\"><span style=\"font-family: arial, helvetica, sans-serif; font-size: 12pt; color: #000000;\">Gemeinsam spazieren wir durch die engen Gassen des Alfamar Viertels.<\/span><\/p>\n<p style=\"text-align: center;\">\u00a0<\/p>\n<p style=\"text-align: center;\"><span style=\"font-family: arial, helvetica, sans-serif; font-size: 12pt; color: #000000;\"><img decoding=\"async\" class=\"size-full wp-image-27729 aligncenter\" src=\"https:\/\/welcome-ontour.de\/wordpress\/wp-content\/uploads\/2025\/11\/2025-10-05-10.jpg\" alt=\"\" width=\"811\" height=\"279\" srcset=\"https:\/\/welcome-ontour.de\/wordpress\/wp-content\/uploads\/2025\/11\/2025-10-05-10.jpg 811w, https:\/\/welcome-ontour.de\/wordpress\/wp-content\/uploads\/2025\/11\/2025-10-05-10-300x103.jpg 300w, https:\/\/welcome-ontour.de\/wordpress\/wp-content\/uploads\/2025\/11\/2025-10-05-10-700x241.jpg 700w, https:\/\/welcome-ontour.de\/wordpress\/wp-content\/uploads\/2025\/11\/2025-10-05-10-768x264.jpg 768w\" sizes=\"(max-width: 811px) 100vw, 811px\" \/><\/span><\/p>\n<p style=\"text-align: center;\"><span style=\"font-family: arial, helvetica, sans-serif; font-size: 12pt; color: #000000;\"><img decoding=\"async\" class=\"size-full wp-image-27730 aligncenter\" src=\"https:\/\/welcome-ontour.de\/wordpress\/wp-content\/uploads\/2025\/11\/2025-10-05-11.jpg\" alt=\"\" width=\"811\" height=\"279\" srcset=\"https:\/\/welcome-ontour.de\/wordpress\/wp-content\/uploads\/2025\/11\/2025-10-05-11.jpg 811w, https:\/\/welcome-ontour.de\/wordpress\/wp-content\/uploads\/2025\/11\/2025-10-05-11-300x103.jpg 300w, https:\/\/welcome-ontour.de\/wordpress\/wp-content\/uploads\/2025\/11\/2025-10-05-11-700x241.jpg 700w, https:\/\/welcome-ontour.de\/wordpress\/wp-content\/uploads\/2025\/11\/2025-10-05-11-768x264.jpg 768w\" sizes=\"(max-width: 811px) 100vw, 811px\" \/><\/span><\/p>\n<p style=\"text-align: center;\">\u00a0<\/p>\n<p style=\"text-align: center;\"><span style=\"font-family: arial, helvetica, sans-serif; font-size: 12pt; color: #000000;\">Ein Mix aus Charme, Tradition und Historie.<\/span><\/p>\n<p style=\"text-align: center;\"><span style=\"font-family: arial, helvetica, sans-serif; font-size: 12pt; color: #000000;\">Unser Weg f\u00fchrt uns ins Fado Museum unten am Kreuzfahrt Terminal.<\/span><\/p>\n<p style=\"text-align: center;\"><span style=\"font-family: arial, helvetica, sans-serif; font-size: 12pt; color: #000000;\">Der\u00a0<a style=\"color: #000000;\" href=\"https:\/\/www.portugal360.de\/kultur\/musik\/fado\">F<\/a>ado\u00a0ist das musikalische Erbe Portugals.<\/span><\/p>\n<p style=\"text-align: center;\">\u00a0<\/p>\n<p style=\"text-align: center;\"><span style=\"font-family: arial, helvetica, sans-serif; font-size: 12pt; color: #000000;\"><img decoding=\"async\" class=\"size-full wp-image-27731 aligncenter\" src=\"https:\/\/welcome-ontour.de\/wordpress\/wp-content\/uploads\/2025\/11\/2025-10-05-12.jpg\" alt=\"\" width=\"810\" height=\"385\" srcset=\"https:\/\/welcome-ontour.de\/wordpress\/wp-content\/uploads\/2025\/11\/2025-10-05-12.jpg 810w, https:\/\/welcome-ontour.de\/wordpress\/wp-content\/uploads\/2025\/11\/2025-10-05-12-300x143.jpg 300w, https:\/\/welcome-ontour.de\/wordpress\/wp-content\/uploads\/2025\/11\/2025-10-05-12-700x333.jpg 700w, https:\/\/welcome-ontour.de\/wordpress\/wp-content\/uploads\/2025\/11\/2025-10-05-12-768x365.jpg 768w\" sizes=\"(max-width: 810px) 100vw, 810px\" \/><\/span><\/p>\n<p style=\"text-align: center;\">\u00a0<\/p>\n<p style=\"text-align: center;\"><span style=\"font-family: arial, helvetica, sans-serif; font-size: 12pt; color: #000000;\">All sein Weltschmerz und seine Sehnsucht kann der Portugiese in diesem Musikstil verpacken.\u00a0<\/span><\/p>\n<p style=\"text-align: center;\">\u00a0<\/p>\n<p style=\"text-align: center;\"><span style=\"font-family: arial, helvetica, sans-serif; font-size: 12pt; color: #000000;\"><img decoding=\"async\" class=\"size-full wp-image-27732 aligncenter\" src=\"https:\/\/welcome-ontour.de\/wordpress\/wp-content\/uploads\/2025\/11\/2025-10-05-13.jpg\" alt=\"\" width=\"811\" height=\"279\" srcset=\"https:\/\/welcome-ontour.de\/wordpress\/wp-content\/uploads\/2025\/11\/2025-10-05-13.jpg 811w, https:\/\/welcome-ontour.de\/wordpress\/wp-content\/uploads\/2025\/11\/2025-10-05-13-300x103.jpg 300w, https:\/\/welcome-ontour.de\/wordpress\/wp-content\/uploads\/2025\/11\/2025-10-05-13-700x241.jpg 700w, https:\/\/welcome-ontour.de\/wordpress\/wp-content\/uploads\/2025\/11\/2025-10-05-13-768x264.jpg 768w\" sizes=\"(max-width: 811px) 100vw, 811px\" \/><\/span><\/p>\n<p style=\"text-align: center;\">\u00a0<\/p>\n<p style=\"text-align: center;\"><span style=\"font-family: arial, helvetica, sans-serif; font-size: 12pt; color: #000000;\">Audio-F\u00fchrer begleiten uns auf dem Weg durch die Ausstellung.<\/span><\/p>\n<p style=\"text-align: center;\"><span style=\"font-family: arial, helvetica, sans-serif; font-size: 12pt; color: #000000;\">Urspr\u00fcnge und die Geschichte des Fado werden erl\u00e4utert.<\/span><\/p>\n<p style=\"text-align: center;\">\u00a0<\/p>\n<p style=\"text-align: center;\"><span style=\"font-family: arial, helvetica, sans-serif; font-size: 12pt; color: #000000;\"><img decoding=\"async\" class=\"size-full wp-image-27733 aligncenter\" src=\"https:\/\/welcome-ontour.de\/wordpress\/wp-content\/uploads\/2025\/11\/2025-10-05-14.jpg\" alt=\"\" width=\"809\" height=\"384\" srcset=\"https:\/\/welcome-ontour.de\/wordpress\/wp-content\/uploads\/2025\/11\/2025-10-05-14.jpg 809w, https:\/\/welcome-ontour.de\/wordpress\/wp-content\/uploads\/2025\/11\/2025-10-05-14-300x142.jpg 300w, https:\/\/welcome-ontour.de\/wordpress\/wp-content\/uploads\/2025\/11\/2025-10-05-14-700x332.jpg 700w, https:\/\/welcome-ontour.de\/wordpress\/wp-content\/uploads\/2025\/11\/2025-10-05-14-768x365.jpg 768w\" sizes=\"(max-width: 809px) 100vw, 809px\" \/><\/span><\/p>\n<p style=\"text-align: center;\">\u00a0<\/p>\n<p style=\"text-align: center;\"><span style=\"font-family: arial, helvetica, sans-serif; font-size: 12pt; color: #000000;\">Zu Ehren (und zu Wort) kommen zahlreiche schon verstorbene und noch lebende Interpreten.<\/span><\/p>\n<p style=\"text-align: center;\"><span style=\"font-family: arial, helvetica, sans-serif; font-size: 12pt; color: #000000;\">Zu Fu\u00df wandern wir zur\u00fcck in die Baixa Fu\u00dfg\u00e4ngerzone.<\/span><\/p>\n<p style=\"text-align: center;\">\u00a0<\/p>\n<p style=\"text-align: center;\"><span style=\"font-family: arial, helvetica, sans-serif; font-size: 12pt; color: #000000;\"><img decoding=\"async\" class=\"size-full wp-image-27734 aligncenter\" src=\"https:\/\/welcome-ontour.de\/wordpress\/wp-content\/uploads\/2025\/11\/2025-10-05-15.jpg\" alt=\"\" width=\"810\" height=\"384\" srcset=\"https:\/\/welcome-ontour.de\/wordpress\/wp-content\/uploads\/2025\/11\/2025-10-05-15.jpg 810w, https:\/\/welcome-ontour.de\/wordpress\/wp-content\/uploads\/2025\/11\/2025-10-05-15-300x142.jpg 300w, https:\/\/welcome-ontour.de\/wordpress\/wp-content\/uploads\/2025\/11\/2025-10-05-15-700x332.jpg 700w, https:\/\/welcome-ontour.de\/wordpress\/wp-content\/uploads\/2025\/11\/2025-10-05-15-768x364.jpg 768w\" sizes=\"(max-width: 810px) 100vw, 810px\" \/><\/span><\/p>\n<p style=\"text-align: center;\">\u00a0<\/p>\n<p style=\"text-align: center;\"><span style=\"font-family: arial, helvetica, sans-serif; font-size: 12pt; color: #000000;\">Abends um sechs sind noch immer 25\u00b0, in den Gassen der Stadt h\u00e4lt sich die W\u00e4rme.<\/span><\/p>\n<p style=\"text-align: center;\"><span style=\"font-family: arial, helvetica, sans-serif; font-size: 12pt; color: #000000;\">An einem der zahlreichen Restaurants bekommen wir drau\u00dfen einen gro\u00dfen Tisch.<\/span><\/p>\n<p style=\"text-align: center;\"><span style=\"font-family: arial, helvetica, sans-serif; font-size: 12pt; color: #000000;\">Laune und Getr\u00e4nke sind gut, Essen mal wieder eher nicht.<\/span><\/p>\n<p style=\"text-align: center;\"><span style=\"font-family: arial, helvetica, sans-serif; font-size: 12pt; color: #000000;\">So klingt der letzte Abend gem\u00fctlich bereits halb zehn aus.<\/span><\/p>\n<p style=\"text-align: center;\">\u00a0<\/p>\n<p><span style=\"font-family: arial, helvetica, sans-serif; font-size: 12pt; color: #000000;\"><img decoding=\"async\" class=\"size-full wp-image-27521 aligncenter\" src=\"https:\/\/welcome-ontour.de\/wordpress\/wp-content\/uploads\/2025\/10\/2025-09-30-04.jpg\" alt=\"\" width=\"250\" height=\"189\" \/><\/span><\/p>\n<p><span style=\"color: #000000;\"><a style=\"color: #000000;\" href=\"https:\/\/welcome-ontour.de\/wordpress\/index.php\/2025-10-04\"><img decoding=\"async\" class=\"alignleft wp-image-27518\" src=\"https:\/\/welcome-ontour.de\/wordpress\/wp-content\/uploads\/2025\/10\/2025-09-30-01.jpg\" alt=\"\" width=\"99\" height=\"66\" \/><\/a><\/span><\/p>\n<p><span style=\"color: #000000;\"><a style=\"color: #000000;\" href=\"https:\/\/welcome-ontour.de\/wordpress\/index.php\/2025-10-06\"><img decoding=\"async\" class=\"alignright wp-image-27519\" src=\"https:\/\/welcome-ontour.de\/wordpress\/wp-content\/uploads\/2025\/10\/2025-09-30-02.jpg\" alt=\"\" width=\"99\" height=\"66\" \/><\/a><\/span><\/p>\n<p>&nbsp;<\/p>\n<p style=\"text-align: center;\">\u00a0<\/p>\n","protected":false},"excerpt":{"rendered":"<p>Prolog\u00a0 \u00a0 \u00a0 \u00a0Anreise\u00a0 \u00a0 \u00a0 \u00a0Gulbenkian \/ Rossio\u00a0 \u00a0 \u00a0 \u00a0Time Out Market \/ Cascais\u00a0 \u00a0 \u00a0 \u00a0Museu Decorativas\u00a0 \u00a0 \u00a0 \u00a0Cruise \/ Alfama\u00a0 \u00a0 \u00a0 \u00a0Abreise\u00a0 \u00a0 \u00a0 \u00a0Fazit &nbsp; &nbsp; So 5.10. \u00a0 Cruise \/ Alfama \u00a0 Nach einer gem\u00fctlichen Fr\u00fchst\u00fccksstunde wird wieder gesplittet. Wir fahren mit Conny zum Cruise Terminal, der Rest will sich durch Alfama k\u00e4mpfen. Bei Blue Cruises holen wir uns Tickets f\u00fcr die n\u00e4chste Sightseeing Tour. \u00a0 \u00a0 Die Fahrt dauert \u00fcber zwei Stunden und kostet 19 Euro pro Person. \u00a0 \u00a0 Wir sitzen auf dem offenen Oberdeck in der Sonne, fahren bis zum Torre de Belem und wechseln dann das Flussufer. \u00a0 \u00a0 \u00a0 Zur\u00fcck wieder unter der gro\u00dfen Br\u00fccke hindurch und vorbei an den Kreuzfahrtschiffen weiter in \u00f6stliche Richtung bis Apolonia. \u00a0 \u00a0 \u00a0 \u00a0 Von dort wieder direkt entlang des Alfama Viertels zur Anlegestelle. Bei dem herrlichen Wetter eine sehr entspannte Angelegenheit. Wieder an Land in die Metro und nach Santa Apolonia gefahren. Die Sonne brennt, wir haben Durst und Hunger. Zum Lunch finden wir einen Tisch im Arcaz Velho Restaurant. \u00a0 \u00a0 Das Bier ist eiskalt, das traditionell portugiesische Essen erweist sich als indische K\u00fcche. Just in Time st\u00f6\u00dft der Rest der Dorfreisegruppe zu uns. Gemeinsam spazieren wir durch die engen Gassen des Alfamar Viertels. \u00a0 \u00a0 Ein Mix aus Charme, Tradition und Historie. Unser Weg f\u00fchrt uns ins Fado Museum unten am Kreuzfahrt Terminal. Der\u00a0Fado\u00a0ist das musikalische Erbe Portugals. \u00a0 \u00a0 All sein Weltschmerz und seine Sehnsucht kann der Portugiese in diesem Musikstil verpacken.\u00a0 \u00a0 \u00a0 Audio-F\u00fchrer begleiten uns auf dem Weg durch die Ausstellung. Urspr\u00fcnge und die Geschichte des Fado werden erl\u00e4utert. \u00a0 \u00a0 Zu Ehren (und zu Wort) kommen zahlreiche schon verstorbene und noch lebende Interpreten. Zu Fu\u00df wandern wir zur\u00fcck in die Baixa Fu\u00dfg\u00e4ngerzone. \u00a0 \u00a0 Abends um sechs sind noch immer 25\u00b0, in den Gassen der Stadt h\u00e4lt sich die W\u00e4rme. An einem der zahlreichen Restaurants bekommen wir drau\u00dfen einen gro\u00dfen Tisch. Laune und Getr\u00e4nke sind gut, Essen mal wieder eher nicht. So klingt der letzte Abend gem\u00fctlich bereits halb zehn aus. \u00a0 &nbsp; \u00a0<\/p>\n","protected":false},"author":1,"featured_media":0,"parent":0,"menu_order":0,"comment_status":"closed","ping_status":"closed","template":"","meta":{"footnotes":""},"class_list":["post-27598","page","type-page","status-publish","hentry"],"_links":{"self":[{"href":"https:\/\/welcome-ontour.de\/wordpress\/index.php\/wp-json\/wp\/v2\/pages\/27598","targetHints":{"allow":["GET"]}}],"collection":[{"href":"https:\/\/welcome-ontour.de\/wordpress\/index.php\/wp-json\/wp\/v2\/pages"}],"about":[{"href":"https:\/\/welcome-ontour.de\/wordpress\/index.php\/wp-json\/wp\/v2\/types\/page"}],"author":[{"embeddable":true,"href":"https:\/\/welcome-ontour.de\/wordpress\/index.php\/wp-json\/wp\/v2\/users\/1"}],"replies":[{"embeddable":true,"href":"https:\/\/welcome-ontour.de\/wordpress\/index.php\/wp-json\/wp\/v2\/comments?post=27598"}],"version-history":[{"count":5,"href":"https:\/\/welcome-ontour.de\/wordpress\/index.php\/wp-json\/wp\/v2\/pages\/27598\/revisions"}],"predecessor-version":[{"id":27719,"href":"https:\/\/welcome-ontour.de\/wordpress\/index.php\/wp-json\/wp\/v2\/pages\/27598\/revisions\/27719"}],"wp:attachment":[{"href":"https:\/\/welcome-ontour.de\/wordpress\/index.php\/wp-json\/wp\/v2\/media?parent=27598"}],"curies":[{"name":"wp","href":"https:\/\/api.w.org\/{rel}","templated":true}]}}