{"id":27550,"date":"2025-10-30T11:57:39","date_gmt":"2025-10-30T11:57:39","guid":{"rendered":"https:\/\/welcome-ontour.de\/wordpress\/?page_id=27550"},"modified":"2026-04-07T13:05:31","modified_gmt":"2026-04-07T13:05:31","slug":"2025-05-26","status":"publish","type":"page","link":"https:\/\/welcome-ontour.de\/wordpress\/index.php\/2025-05-26\/","title":{"rendered":"2025 05 26"},"content":{"rendered":"<p style=\"text-align: center;\"><span style=\"font-family: arial, helvetica, sans-serif; font-size: 8pt; color: #000000;\"><a style=\"color: #000000;\" href=\"https:\/\/welcome-ontour.de\/wordpress\/index.php\/2025-05-21-prolog\/\">Prolog<\/a>\u00a0 \u00a0 \u00a0<a style=\"color: #000000;\" href=\"https:\/\/welcome-ontour.de\/wordpress\/index.php\/2025-05-22\">Anreise<\/a>\u00a0 \u00a0 \u00a0<a style=\"color: #000000;\" href=\"https:\/\/welcome-ontour.de\/wordpress\/index.php\/2025-05-24\">Praslin (Lazio)<\/a>\u00a0 \u00a0 \u00a0<a style=\"color: #000000;\" href=\"https:\/\/welcome-ontour.de\/wordpress\/index.php\/2025-05-25\">Curieuse<\/a>\u00a0 \u00a0 \u00a0<a style=\"color: #000000;\" href=\"https:\/\/welcome-ontour.de\/wordpress\/index.php\/2025-05-26\">Georgette<\/a>\u00a0 \u00a0 \u00a0<a style=\"color: #000000;\" href=\"https:\/\/welcome-ontour.de\/wordpress\/index.php\/2025-05-27\">Valle de Mai<\/a>\u00a0 \u00a0 \u00a0<a style=\"color: #000000;\" href=\"https:\/\/welcome-ontour.de\/wordpress\/index.php\/2025-05-29\">La Digue<\/a>\u00a0 \u00a0 \u00a0<a style=\"color: #000000;\" href=\"https:\/\/welcome-ontour.de\/wordpress\/index.php\/2025-05-30\">Source Argent 1<\/a>\u00a0 \u00a0 \u00a0<a style=\"color: #000000;\" href=\"https:\/\/welcome-ontour.de\/wordpress\/index.php\/2025-05-31\">Patates<\/a><\/span><\/p>\n<p style=\"text-align: center;\"><span style=\"font-family: arial, helvetica, sans-serif; font-size: 8pt; color: #000000;\"><a style=\"color: #000000;\" href=\"https:\/\/welcome-ontour.de\/wordpress\/index.php\/2025-06-01\">Grand \/ Petit<\/a>\u00a0 \u00a0 \u00a0<a style=\"color: #000000;\" href=\"https:\/\/welcome-ontour.de\/wordpress\/index.php\/2025-06-02\">Source Argent 2<\/a>\u00a0 \u00a0 \u00a0<a style=\"color: #000000;\" href=\"https:\/\/welcome-ontour.de\/wordpress\/index.php\/2025-06-03\">Severe<\/a>\u00a0 \u00a0 \u00a0<a style=\"color: #000000;\" href=\"https:\/\/welcome-ontour.de\/wordpress\/index.php\/2025-06-04\">Mahe<\/a>\u00a0 \u00a0 \u00a0<a style=\"color: #000000;\" href=\"https:\/\/welcome-ontour.de\/wordpress\/index.php\/2025-06-05\">Hospital<\/a>\u00a0 \u00a0 \u00a0<a style=\"color: #000000;\" href=\"https:\/\/welcome-ontour.de\/wordpress\/index.php\/2025-06-06\">Jardin du Roi<\/a>\u00a0 \u00a0 \u00a0 <a style=\"color: #000000;\" href=\"https:\/\/welcome-ontour.de\/wordpress\/index.php\/2025-06-07\">Petit Anse<\/a>\u00a0 \u00a0 \u00a0<a style=\"color: #000000;\" href=\"https:\/\/welcome-ontour.de\/wordpress\/index.php\/2025-06-08\">Takamaka<\/a>\u00a0 \u00a0 \u00a0<a style=\"color: #000000;\" href=\"https:\/\/welcome-ontour.de\/wordpress\/index.php\/2025-06-09\">La Mouche<\/a>\u00a0 \u00a0 \u00a0<a style=\"color: #000000;\" href=\"https:\/\/welcome-ontour.de\/wordpress\/index.php\/2025-06-10\">Abreise<\/a>\u00a0 \u00a0 \u00a0<a style=\"color: #000000;\" href=\"https:\/\/welcome-ontour.de\/wordpress\/index.php\/2025-06-12\">Fazit<\/a><\/span><\/p>\n<p>&nbsp;<\/p>\n<p style=\"text-align: center;\"><span style=\"font-family: arial, helvetica, sans-serif; font-size: 12pt; color: #000000;\"><a style=\"color: #000000;\" href=\"https:\/\/welcome-ontour.de\/wordpress\/index.php\/2025-05-25\"><img decoding=\"async\" class=\"alignleft wp-image-25390\" src=\"https:\/\/welcome-ontour.de\/wordpress\/wp-content\/uploads\/2025\/06\/2025-05-21-01.jpg\" alt=\"\" width=\"80\" height=\"33\" \/><\/a>\u00a0 <a style=\"color: #000000;\" href=\"https:\/\/welcome-ontour.de\/wordpress\/index.php\/2025-05-27\"><img decoding=\"async\" class=\"alignright wp-image-25391\" src=\"https:\/\/welcome-ontour.de\/wordpress\/wp-content\/uploads\/2025\/06\/2025-05-21-02.jpg\" alt=\"\" width=\"80\" height=\"33\" \/><\/a><\/span><\/p>\n<p style=\"text-align: center;\"><span style=\"color: #000000;\"><strong><span style=\"font-family: arial, helvetica, sans-serif; font-size: 14pt;\">Mo 26.5.<\/span><\/strong><\/span><\/p>\n<p style=\"text-align: center;\">\u00a0<\/p>\n<p style=\"text-align: center;\"><span style=\"color: #000000;\"><strong><span style=\"font-family: arial, helvetica, sans-serif; font-size: 14pt;\">Georgette<\/span><\/strong><\/span><\/p>\n<p style=\"text-align: center;\">\u00a0<\/p>\n<p style=\"text-align: center;\"><span style=\"font-family: arial, helvetica, sans-serif; font-size: 12pt; color: #000000;\">Super geschlafen und gut gefr\u00fchst\u00fcckt.<\/span><\/p>\n<p style=\"text-align: center;\">\u00a0<\/p>\n<p style=\"text-align: center;\"><span style=\"font-family: arial, helvetica, sans-serif; font-size: 12pt; color: #000000;\"><img decoding=\"async\" class=\"size-full wp-image-28066 aligncenter\" src=\"https:\/\/welcome-ontour.de\/wordpress\/wp-content\/uploads\/2026\/04\/2025-05-26-01.jpg\" alt=\"\" width=\"808\" height=\"383\" srcset=\"https:\/\/welcome-ontour.de\/wordpress\/wp-content\/uploads\/2026\/04\/2025-05-26-01.jpg 808w, https:\/\/welcome-ontour.de\/wordpress\/wp-content\/uploads\/2026\/04\/2025-05-26-01-300x142.jpg 300w, https:\/\/welcome-ontour.de\/wordpress\/wp-content\/uploads\/2026\/04\/2025-05-26-01-700x332.jpg 700w, https:\/\/welcome-ontour.de\/wordpress\/wp-content\/uploads\/2026\/04\/2025-05-26-01-768x364.jpg 768w\" sizes=\"(max-width: 808px) 100vw, 808px\" \/><\/span><\/p>\n<p style=\"text-align: center;\">\u00a0<\/p>\n<p style=\"text-align: center;\"><span style=\"font-family: arial, helvetica, sans-serif; font-size: 12pt; color: #000000;\">Heute wollen wir an den Anse Georgette Strand.<\/span><\/p>\n<p style=\"text-align: center;\"><span style=\"font-family: arial, helvetica, sans-serif; font-size: 12pt; color: #000000;\">Dazu f\u00e4hrt man bis vor das Gel\u00e4nde des Lemuria Golf Resorts und stellt das Auto am Einlass ab.<\/span><\/p>\n<p style=\"text-align: center;\">\u00a0<\/p>\n<p style=\"text-align: center;\"><span style=\"font-family: arial, helvetica, sans-serif; font-size: 12pt; color: #000000;\"><img decoding=\"async\" class=\"size-full wp-image-28067 aligncenter\" src=\"https:\/\/welcome-ontour.de\/wordpress\/wp-content\/uploads\/2026\/04\/2025-05-26-02.jpg\" alt=\"\" width=\"810\" height=\"384\" srcset=\"https:\/\/welcome-ontour.de\/wordpress\/wp-content\/uploads\/2026\/04\/2025-05-26-02.jpg 810w, https:\/\/welcome-ontour.de\/wordpress\/wp-content\/uploads\/2026\/04\/2025-05-26-02-300x142.jpg 300w, https:\/\/welcome-ontour.de\/wordpress\/wp-content\/uploads\/2026\/04\/2025-05-26-02-700x332.jpg 700w, https:\/\/welcome-ontour.de\/wordpress\/wp-content\/uploads\/2026\/04\/2025-05-26-02-768x364.jpg 768w\" sizes=\"(max-width: 810px) 100vw, 810px\" \/><\/span><\/p>\n<p style=\"text-align: center;\">\u00a0<\/p>\n<p style=\"text-align: center;\"><span style=\"font-family: arial, helvetica, sans-serif; font-size: 12pt; color: #000000;\">Zu Fu\u00df kann jeder das weitr\u00e4umige Areal des Luxus Resorts betreten.<\/span><\/p>\n<p style=\"text-align: center;\">\u00a0<\/p>\n<p style=\"text-align: center;\"><span style=\"font-family: arial, helvetica, sans-serif; font-size: 12pt; color: #000000;\"><img decoding=\"async\" class=\"size-full wp-image-28068 aligncenter\" src=\"https:\/\/welcome-ontour.de\/wordpress\/wp-content\/uploads\/2026\/04\/2025-05-26-03.jpg\" alt=\"\" width=\"809\" height=\"384\" srcset=\"https:\/\/welcome-ontour.de\/wordpress\/wp-content\/uploads\/2026\/04\/2025-05-26-03.jpg 809w, https:\/\/welcome-ontour.de\/wordpress\/wp-content\/uploads\/2026\/04\/2025-05-26-03-300x142.jpg 300w, https:\/\/welcome-ontour.de\/wordpress\/wp-content\/uploads\/2026\/04\/2025-05-26-03-700x332.jpg 700w, https:\/\/welcome-ontour.de\/wordpress\/wp-content\/uploads\/2026\/04\/2025-05-26-03-768x365.jpg 768w\" sizes=\"(max-width: 809px) 100vw, 809px\" \/><\/span><\/p>\n<p style=\"text-align: center;\">\u00a0<\/p>\n<p style=\"text-align: center;\"><span style=\"font-family: arial, helvetica, sans-serif; font-size: 12pt; color: #000000;\">Vorbei am Empfangsgeb\u00e4ude und entlang verschiedener Golf Greens <\/span><\/p>\n<p style=\"text-align: center;\"><span style=\"font-family: arial, helvetica, sans-serif; font-size: 12pt; color: #000000;\">gelangen wir in etwa 30 min zum Traumstrand an der Nordwestspitze Praslins.<\/span><\/p>\n<p style=\"text-align: center;\">\u00a0<\/p>\n<p style=\"text-align: center;\"><span style=\"font-family: arial, helvetica, sans-serif; font-size: 12pt; color: #000000;\"><img decoding=\"async\" class=\"size-full wp-image-28069 aligncenter\" src=\"https:\/\/welcome-ontour.de\/wordpress\/wp-content\/uploads\/2026\/04\/2025-05-26-04.jpg\" alt=\"\" width=\"810\" height=\"408\" srcset=\"https:\/\/welcome-ontour.de\/wordpress\/wp-content\/uploads\/2026\/04\/2025-05-26-04.jpg 810w, https:\/\/welcome-ontour.de\/wordpress\/wp-content\/uploads\/2026\/04\/2025-05-26-04-300x151.jpg 300w, https:\/\/welcome-ontour.de\/wordpress\/wp-content\/uploads\/2026\/04\/2025-05-26-04-700x353.jpg 700w, https:\/\/welcome-ontour.de\/wordpress\/wp-content\/uploads\/2026\/04\/2025-05-26-04-768x387.jpg 768w\" sizes=\"(max-width: 810px) 100vw, 810px\" \/><\/span><\/p>\n<p style=\"text-align: center;\">\u00a0<\/p>\n<p style=\"text-align: center;\"><span style=\"font-family: arial, helvetica, sans-serif; font-size: 12pt; color: #000000;\"><img decoding=\"async\" class=\"size-full wp-image-28070 aligncenter\" src=\"https:\/\/welcome-ontour.de\/wordpress\/wp-content\/uploads\/2026\/04\/2025-05-26-05.jpg\" alt=\"\" width=\"810\" height=\"408\" srcset=\"https:\/\/welcome-ontour.de\/wordpress\/wp-content\/uploads\/2026\/04\/2025-05-26-05.jpg 810w, https:\/\/welcome-ontour.de\/wordpress\/wp-content\/uploads\/2026\/04\/2025-05-26-05-300x151.jpg 300w, https:\/\/welcome-ontour.de\/wordpress\/wp-content\/uploads\/2026\/04\/2025-05-26-05-700x353.jpg 700w, https:\/\/welcome-ontour.de\/wordpress\/wp-content\/uploads\/2026\/04\/2025-05-26-05-768x387.jpg 768w\" sizes=\"(max-width: 810px) 100vw, 810px\" \/><\/span><\/p>\n<p style=\"text-align: center;\">\u00a0<\/p>\n<p style=\"text-align: center;\"><span style=\"font-family: arial, helvetica, sans-serif; font-size: 12pt; color: #000000;\">Ich hab die sichelf\u00f6rmige Bucht schon vor ein paar Tagen aus dem Flugzeug gesehen.<\/span><\/p>\n<p style=\"text-align: center;\">\u00a0<\/p>\n<p style=\"text-align: center;\"><span style=\"font-family: arial, helvetica, sans-serif; font-size: 12pt; color: #000000;\"><img decoding=\"async\" class=\"size-full wp-image-28071 aligncenter\" src=\"https:\/\/welcome-ontour.de\/wordpress\/wp-content\/uploads\/2026\/04\/2025-05-26-06.jpg\" alt=\"\" width=\"811\" height=\"279\" srcset=\"https:\/\/welcome-ontour.de\/wordpress\/wp-content\/uploads\/2026\/04\/2025-05-26-06.jpg 811w, https:\/\/welcome-ontour.de\/wordpress\/wp-content\/uploads\/2026\/04\/2025-05-26-06-300x103.jpg 300w, https:\/\/welcome-ontour.de\/wordpress\/wp-content\/uploads\/2026\/04\/2025-05-26-06-700x241.jpg 700w, https:\/\/welcome-ontour.de\/wordpress\/wp-content\/uploads\/2026\/04\/2025-05-26-06-768x264.jpg 768w\" sizes=\"(max-width: 811px) 100vw, 811px\" \/><\/span><\/p>\n<p style=\"text-align: center;\">\u00a0<\/p>\n<p style=\"text-align: center;\"><span style=\"font-family: arial, helvetica, sans-serif; font-size: 12pt; color: #000000;\">Der Landeanflug zum Airport geht genau \u00fcber die Georgette.<\/span><\/p>\n<p style=\"text-align: center;\">\u00a0<\/p>\n<p style=\"text-align: center;\"><span style=\"font-family: arial, helvetica, sans-serif; font-size: 12pt; color: #000000;\"><img decoding=\"async\" class=\"size-full wp-image-28072 aligncenter\" src=\"https:\/\/welcome-ontour.de\/wordpress\/wp-content\/uploads\/2026\/04\/2025-05-26-07.jpg\" alt=\"\" width=\"810\" height=\"384\" srcset=\"https:\/\/welcome-ontour.de\/wordpress\/wp-content\/uploads\/2026\/04\/2025-05-26-07.jpg 810w, https:\/\/welcome-ontour.de\/wordpress\/wp-content\/uploads\/2026\/04\/2025-05-26-07-300x142.jpg 300w, https:\/\/welcome-ontour.de\/wordpress\/wp-content\/uploads\/2026\/04\/2025-05-26-07-700x332.jpg 700w, https:\/\/welcome-ontour.de\/wordpress\/wp-content\/uploads\/2026\/04\/2025-05-26-07-768x364.jpg 768w\" sizes=\"(max-width: 810px) 100vw, 810px\" \/><\/span><\/p>\n<p style=\"text-align: center;\">\u00a0<\/p>\n<p style=\"text-align: center;\"><span style=\"font-family: arial, helvetica, sans-serif; font-size: 12pt; color: #000000;\">Wir suchen uns einen schattigen Platz, die Sonne brennt unbarmherzig.<\/span><\/p>\n<p style=\"text-align: center;\">\u00a0<\/p>\n<p style=\"text-align: center;\"><span style=\"font-family: arial, helvetica, sans-serif; font-size: 12pt; color: #000000;\"><a href=\"https:\/\/welcome-ontour.de\/wordpress\/wp-content\/uploads\/2026\/04\/2025-05-26-08.jpg\" target=\"_blank\" rel=\"noopener\"><img decoding=\"async\" class=\"aligncenter wp-image-28073\" src=\"https:\/\/welcome-ontour.de\/wordpress\/wp-content\/uploads\/2026\/04\/2025-05-26-08.jpg\" alt=\"\" width=\"810\" height=\"406\" srcset=\"https:\/\/welcome-ontour.de\/wordpress\/wp-content\/uploads\/2026\/04\/2025-05-26-08.jpg 2006w, https:\/\/welcome-ontour.de\/wordpress\/wp-content\/uploads\/2026\/04\/2025-05-26-08-300x150.jpg 300w, https:\/\/welcome-ontour.de\/wordpress\/wp-content\/uploads\/2026\/04\/2025-05-26-08-700x351.jpg 700w, https:\/\/welcome-ontour.de\/wordpress\/wp-content\/uploads\/2026\/04\/2025-05-26-08-768x385.jpg 768w, https:\/\/welcome-ontour.de\/wordpress\/wp-content\/uploads\/2026\/04\/2025-05-26-08-1536x770.jpg 1536w, https:\/\/welcome-ontour.de\/wordpress\/wp-content\/uploads\/2026\/04\/2025-05-26-08-1080x540.jpg 1080w, https:\/\/welcome-ontour.de\/wordpress\/wp-content\/uploads\/2026\/04\/2025-05-26-08-1140x572.jpg 1140w\" sizes=\"(max-width: 810px) 100vw, 810px\" \/><\/a><\/span><\/p>\n<p style=\"text-align: center;\">\u00a0<\/p>\n<p style=\"text-align: center;\"><span style=\"font-family: arial, helvetica, sans-serif; font-size: 12pt; color: #000000;\">In den Wellen zu schwimmen mit der beeindruckenden Kulisse ist unbeschreiblich.<\/span><\/p>\n<p style=\"text-align: center;\">\u00a0<\/p>\n<p style=\"text-align: center;\"><span style=\"font-family: arial, helvetica, sans-serif; font-size: 12pt; color: #000000;\"><a href=\"https:\/\/welcome-ontour.de\/wordpress\/wp-content\/uploads\/2026\/04\/2025-05-26-09.jpg\" target=\"_blank\" rel=\"noopener\"><img decoding=\"async\" class=\"aligncenter wp-image-28074\" src=\"https:\/\/welcome-ontour.de\/wordpress\/wp-content\/uploads\/2026\/04\/2025-05-26-09.jpg\" alt=\"\" width=\"810\" height=\"406\" srcset=\"https:\/\/welcome-ontour.de\/wordpress\/wp-content\/uploads\/2026\/04\/2025-05-26-09.jpg 2006w, https:\/\/welcome-ontour.de\/wordpress\/wp-content\/uploads\/2026\/04\/2025-05-26-09-300x150.jpg 300w, https:\/\/welcome-ontour.de\/wordpress\/wp-content\/uploads\/2026\/04\/2025-05-26-09-700x351.jpg 700w, https:\/\/welcome-ontour.de\/wordpress\/wp-content\/uploads\/2026\/04\/2025-05-26-09-768x385.jpg 768w, https:\/\/welcome-ontour.de\/wordpress\/wp-content\/uploads\/2026\/04\/2025-05-26-09-1536x770.jpg 1536w, https:\/\/welcome-ontour.de\/wordpress\/wp-content\/uploads\/2026\/04\/2025-05-26-09-1080x540.jpg 1080w, https:\/\/welcome-ontour.de\/wordpress\/wp-content\/uploads\/2026\/04\/2025-05-26-09-1140x572.jpg 1140w\" sizes=\"(max-width: 810px) 100vw, 810px\" \/><\/a><\/span><\/p>\n<p style=\"text-align: center;\">\u00a0<\/p>\n<p style=\"text-align: center;\"><span style=\"font-family: arial, helvetica, sans-serif; font-size: 12pt; color: #000000;\"><a href=\"https:\/\/welcome-ontour.de\/wordpress\/wp-content\/uploads\/2026\/04\/2025-05-26-10.jpg\" target=\"_blank\" rel=\"noopener\"><img decoding=\"async\" class=\"aligncenter wp-image-28075\" src=\"https:\/\/welcome-ontour.de\/wordpress\/wp-content\/uploads\/2026\/04\/2025-05-26-10.jpg\" alt=\"\" width=\"810\" height=\"406\" srcset=\"https:\/\/welcome-ontour.de\/wordpress\/wp-content\/uploads\/2026\/04\/2025-05-26-10.jpg 2006w, https:\/\/welcome-ontour.de\/wordpress\/wp-content\/uploads\/2026\/04\/2025-05-26-10-300x150.jpg 300w, https:\/\/welcome-ontour.de\/wordpress\/wp-content\/uploads\/2026\/04\/2025-05-26-10-700x351.jpg 700w, https:\/\/welcome-ontour.de\/wordpress\/wp-content\/uploads\/2026\/04\/2025-05-26-10-768x385.jpg 768w, https:\/\/welcome-ontour.de\/wordpress\/wp-content\/uploads\/2026\/04\/2025-05-26-10-1536x770.jpg 1536w, https:\/\/welcome-ontour.de\/wordpress\/wp-content\/uploads\/2026\/04\/2025-05-26-10-1080x540.jpg 1080w, https:\/\/welcome-ontour.de\/wordpress\/wp-content\/uploads\/2026\/04\/2025-05-26-10-1140x572.jpg 1140w\" sizes=\"(max-width: 810px) 100vw, 810px\" \/><\/a><\/span><\/p>\n<p style=\"text-align: center;\">\u00a0<\/p>\n<p style=\"text-align: center;\"><span style=\"font-family: arial, helvetica, sans-serif; font-size: 12pt; color: #000000;\">Nat\u00fcrlich machen wir viel zu viele Fotos.<\/span><\/p>\n<p style=\"text-align: center;\">\u00a0<\/p>\n<p style=\"text-align: center;\"><span style=\"font-family: arial, helvetica, sans-serif; font-size: 12pt; color: #000000;\"><img decoding=\"async\" class=\"aligncenter wp-image-28080\" src=\"https:\/\/welcome-ontour.de\/wordpress\/wp-content\/uploads\/2026\/04\/2025-05-26-11-1.jpg\" alt=\"\" width=\"810\" height=\"518\" srcset=\"https:\/\/welcome-ontour.de\/wordpress\/wp-content\/uploads\/2026\/04\/2025-05-26-11-1.jpg 704w, https:\/\/welcome-ontour.de\/wordpress\/wp-content\/uploads\/2026\/04\/2025-05-26-11-1-300x192.jpg 300w, https:\/\/welcome-ontour.de\/wordpress\/wp-content\/uploads\/2026\/04\/2025-05-26-11-1-700x447.jpg 700w\" sizes=\"(max-width: 810px) 100vw, 810px\" \/><\/span><\/p>\n<p style=\"text-align: center;\">\u00a0<\/p>\n<p style=\"text-align: center;\"><span style=\"font-family: arial, helvetica, sans-serif; font-size: 12pt; color: #000000;\">An dem kleinen Fruchtstand holen wir uns eine zauberhafte Obstplatte und kalte Kokosn\u00fcsse.<\/span><\/p>\n<p style=\"text-align: center;\">\u00a0<\/p>\n<p style=\"text-align: center;\"><span style=\"font-family: arial, helvetica, sans-serif; font-size: 12pt; color: #000000;\"><img decoding=\"async\" class=\"size-full wp-image-28077 aligncenter\" src=\"https:\/\/welcome-ontour.de\/wordpress\/wp-content\/uploads\/2026\/04\/2025-05-26-12.jpg\" alt=\"\" width=\"808\" height=\"301\" srcset=\"https:\/\/welcome-ontour.de\/wordpress\/wp-content\/uploads\/2026\/04\/2025-05-26-12.jpg 808w, https:\/\/welcome-ontour.de\/wordpress\/wp-content\/uploads\/2026\/04\/2025-05-26-12-300x112.jpg 300w, https:\/\/welcome-ontour.de\/wordpress\/wp-content\/uploads\/2026\/04\/2025-05-26-12-700x261.jpg 700w, https:\/\/welcome-ontour.de\/wordpress\/wp-content\/uploads\/2026\/04\/2025-05-26-12-768x286.jpg 768w\" sizes=\"(max-width: 808px) 100vw, 808px\" \/><\/span><\/p>\n<p style=\"text-align: center;\">\u00a0<\/p>\n<p style=\"text-align: center;\"><span style=\"font-family: arial, helvetica, sans-serif; font-size: 12pt; color: #000000;\">Nach dem Austrinken werden die N\u00fcsse aufgeschlagen <\/span><\/p>\n<p style=\"text-align: center;\"><span style=\"font-family: arial, helvetica, sans-serif; font-size: 12pt; color: #000000;\">und wir lassen uns das leckere weiche Fleisch schmecken.<\/span><\/p>\n<p style=\"text-align: center;\"><span style=\"font-family: arial, helvetica, sans-serif; font-size: 12pt; color: #000000;\">Auf der R\u00fcckfahrt halten wir in Grand Anse.<\/span><\/p>\n<p style=\"text-align: center;\"><span style=\"font-family: arial, helvetica, sans-serif; font-size: 12pt; color: #000000;\">Es gibt Souvenirs, Damenbekleidung und Lunch bei Jake\u2019s Take Away.<\/span><\/p>\n<p style=\"text-align: center;\"><span style=\"font-family: arial, helvetica, sans-serif; font-size: 12pt; color: #000000;\">Fish, Chicken, Cocos Water und Passionjuice sind frisch und lecker.<\/span><\/p>\n<p style=\"text-align: center;\">\u00a0<\/p>\n<p style=\"text-align: center;\"><span style=\"font-family: arial, helvetica, sans-serif; font-size: 12pt; color: #000000;\"><img decoding=\"async\" class=\"size-full wp-image-28078 aligncenter\" src=\"https:\/\/welcome-ontour.de\/wordpress\/wp-content\/uploads\/2026\/04\/2025-05-26-13.jpg\" alt=\"\" width=\"810\" height=\"384\" srcset=\"https:\/\/welcome-ontour.de\/wordpress\/wp-content\/uploads\/2026\/04\/2025-05-26-13.jpg 810w, https:\/\/welcome-ontour.de\/wordpress\/wp-content\/uploads\/2026\/04\/2025-05-26-13-300x142.jpg 300w, https:\/\/welcome-ontour.de\/wordpress\/wp-content\/uploads\/2026\/04\/2025-05-26-13-700x332.jpg 700w, https:\/\/welcome-ontour.de\/wordpress\/wp-content\/uploads\/2026\/04\/2025-05-26-13-768x364.jpg 768w\" sizes=\"(max-width: 810px) 100vw, 810px\" \/><\/span><\/p>\n<p style=\"text-align: center;\">\u00a0<\/p>\n<p style=\"text-align: center;\"><span style=\"font-family: arial, helvetica, sans-serif; font-size: 12pt; color: #000000;\">Gut ges\u00e4ttigt sind wir rechtzeitig vor Sonnenuntergang wieder zu Hause.<\/span><\/p>\n<p style=\"text-align: center;\"><span style=\"font-family: arial, helvetica, sans-serif; font-size: 12pt; color: #000000;\">Pool, Flughunde und heute mal einige wenige Gespr\u00e4che mit anderen G\u00e4sten.<\/span><\/p>\n<p style=\"text-align: center;\">\u00a0<\/p>\n<p style=\"text-align: center;\"><span style=\"font-family: arial, helvetica, sans-serif; font-size: 12pt; color: #000000;\"><img decoding=\"async\" class=\"aligncenter wp-image-28079\" src=\"https:\/\/welcome-ontour.de\/wordpress\/wp-content\/uploads\/2026\/04\/2025-05-26-14.jpg\" alt=\"\" width=\"810\" height=\"302\" srcset=\"https:\/\/welcome-ontour.de\/wordpress\/wp-content\/uploads\/2026\/04\/2025-05-26-14.jpg 1030w, https:\/\/welcome-ontour.de\/wordpress\/wp-content\/uploads\/2026\/04\/2025-05-26-14-300x112.jpg 300w, https:\/\/welcome-ontour.de\/wordpress\/wp-content\/uploads\/2026\/04\/2025-05-26-14-700x261.jpg 700w, https:\/\/welcome-ontour.de\/wordpress\/wp-content\/uploads\/2026\/04\/2025-05-26-14-768x286.jpg 768w\" sizes=\"(max-width: 810px) 100vw, 810px\" \/><\/span><\/p>\n<p style=\"text-align: center;\">\u00a0<\/p>\n<p style=\"text-align: center;\"><span style=\"font-family: arial, helvetica, sans-serif; font-size: 12pt; color: #000000;\">Abends duschen und Drinks, dann sind wir wie jeden Abend ziemlich erschossen.<\/span><\/p>\n<p style=\"text-align: center;\">\u00a0<\/p>\n<p style=\"text-align: center;\"><span style=\"font-family: arial, helvetica, sans-serif; font-size: 12pt; color: #000000;\">Gefahrene Kilometer: 27<\/span><\/p>\n<p style=\"text-align: center;\">\u00a0<\/p>\n<p style=\"text-align: center;\"><span style=\"font-family: arial, helvetica, sans-serif; font-size: 12pt; color: #000000;\">Unterkunft: Coco De Mer Hotel, Praslin 247\u20ac ****<\/span><\/p>\n<p style=\"text-align: center;\"><span style=\"font-family: arial, helvetica, sans-serif; font-size: 12pt; color: #000000;\"><img decoding=\"async\" class=\"wp-image-25394 aligncenter\" src=\"https:\/\/welcome-ontour.de\/wordpress\/wp-content\/uploads\/2025\/06\/2025-05-21-05.jpg\" alt=\"\" width=\"100\" height=\"74\" \/><\/span><\/p>\n<p style=\"text-align: center;\"><span style=\"font-family: arial, helvetica, sans-serif; font-size: 12pt; color: #000000;\"><a style=\"color: #000000;\" href=\"https:\/\/welcome-ontour.de\/wordpress\/index.php\/2025-05-25\"><img decoding=\"async\" class=\"alignleft wp-image-25390\" src=\"https:\/\/welcome-ontour.de\/wordpress\/wp-content\/uploads\/2025\/06\/2025-05-21-01.jpg\" alt=\"\" width=\"80\" height=\"33\" \/><\/a>\u00a0 <a style=\"color: #000000;\" href=\"https:\/\/welcome-ontour.de\/wordpress\/index.php\/2025-05-27\"><img decoding=\"async\" class=\"alignright wp-image-25391\" src=\"https:\/\/welcome-ontour.de\/wordpress\/wp-content\/uploads\/2025\/06\/2025-05-21-02.jpg\" alt=\"\" width=\"80\" height=\"33\" \/><\/a><\/span><\/p>\n<p style=\"text-align: center;\">\u00a0<\/p>\n","protected":false},"excerpt":{"rendered":"<p>Prolog\u00a0 \u00a0 \u00a0Anreise\u00a0 \u00a0 \u00a0Praslin (Lazio)\u00a0 \u00a0 \u00a0Curieuse\u00a0 \u00a0 \u00a0Georgette\u00a0 \u00a0 \u00a0Valle de Mai\u00a0 \u00a0 \u00a0La Digue\u00a0 \u00a0 \u00a0Source Argent 1\u00a0 \u00a0 \u00a0Patates Grand \/ Petit\u00a0 \u00a0 \u00a0Source Argent 2\u00a0 \u00a0 \u00a0Severe\u00a0 \u00a0 \u00a0Mahe\u00a0 \u00a0 \u00a0Hospital\u00a0 \u00a0 \u00a0Jardin du Roi\u00a0 \u00a0 \u00a0 Petit Anse\u00a0 \u00a0 \u00a0Takamaka\u00a0 \u00a0 \u00a0La Mouche\u00a0 \u00a0 \u00a0Abreise\u00a0 \u00a0 \u00a0Fazit &nbsp; \u00a0 Mo 26.5. \u00a0 Georgette \u00a0 Super geschlafen und gut gefr\u00fchst\u00fcckt. \u00a0 \u00a0 Heute wollen wir an den Anse Georgette Strand. Dazu f\u00e4hrt man bis vor das Gel\u00e4nde des Lemuria Golf Resorts und stellt das Auto am Einlass ab. \u00a0 \u00a0 Zu Fu\u00df kann jeder das weitr\u00e4umige Areal des Luxus Resorts betreten. \u00a0 \u00a0 Vorbei am Empfangsgeb\u00e4ude und entlang verschiedener Golf Greens gelangen wir in etwa 30 min zum Traumstrand an der Nordwestspitze Praslins. \u00a0 \u00a0 \u00a0 Ich hab die sichelf\u00f6rmige Bucht schon vor ein paar Tagen aus dem Flugzeug gesehen. \u00a0 \u00a0 Der Landeanflug zum Airport geht genau \u00fcber die Georgette. \u00a0 \u00a0 Wir suchen uns einen schattigen Platz, die Sonne brennt unbarmherzig. \u00a0 \u00a0 In den Wellen zu schwimmen mit der beeindruckenden Kulisse ist unbeschreiblich. \u00a0 \u00a0 \u00a0 Nat\u00fcrlich machen wir viel zu viele Fotos. \u00a0 \u00a0 An dem kleinen Fruchtstand holen wir uns eine zauberhafte Obstplatte und kalte Kokosn\u00fcsse. \u00a0 \u00a0 Nach dem Austrinken werden die N\u00fcsse aufgeschlagen und wir lassen uns das leckere weiche Fleisch schmecken. Auf der R\u00fcckfahrt halten wir in Grand Anse. Es gibt Souvenirs, Damenbekleidung und Lunch bei Jake\u2019s Take Away. Fish, Chicken, Cocos Water und Passionjuice sind frisch und lecker. \u00a0 \u00a0 Gut ges\u00e4ttigt sind wir rechtzeitig vor Sonnenuntergang wieder zu Hause. Pool, Flughunde und heute mal einige wenige Gespr\u00e4che mit anderen G\u00e4sten. \u00a0 \u00a0 Abends duschen und Drinks, dann sind wir wie jeden Abend ziemlich erschossen. \u00a0 Gefahrene Kilometer: 27 \u00a0 Unterkunft: Coco De Mer Hotel, Praslin 247\u20ac **** \u00a0 \u00a0<\/p>\n","protected":false},"author":1,"featured_media":0,"parent":0,"menu_order":0,"comment_status":"closed","ping_status":"closed","template":"","meta":{"footnotes":""},"class_list":["post-27550","page","type-page","status-publish","hentry"],"_links":{"self":[{"href":"https:\/\/welcome-ontour.de\/wordpress\/index.php\/wp-json\/wp\/v2\/pages\/27550","targetHints":{"allow":["GET"]}}],"collection":[{"href":"https:\/\/welcome-ontour.de\/wordpress\/index.php\/wp-json\/wp\/v2\/pages"}],"about":[{"href":"https:\/\/welcome-ontour.de\/wordpress\/index.php\/wp-json\/wp\/v2\/types\/page"}],"author":[{"embeddable":true,"href":"https:\/\/welcome-ontour.de\/wordpress\/index.php\/wp-json\/wp\/v2\/users\/1"}],"replies":[{"embeddable":true,"href":"https:\/\/welcome-ontour.de\/wordpress\/index.php\/wp-json\/wp\/v2\/comments?post=27550"}],"version-history":[{"count":5,"href":"https:\/\/welcome-ontour.de\/wordpress\/index.php\/wp-json\/wp\/v2\/pages\/27550\/revisions"}],"predecessor-version":[{"id":28083,"href":"https:\/\/welcome-ontour.de\/wordpress\/index.php\/wp-json\/wp\/v2\/pages\/27550\/revisions\/28083"}],"wp:attachment":[{"href":"https:\/\/welcome-ontour.de\/wordpress\/index.php\/wp-json\/wp\/v2\/media?parent=27550"}],"curies":[{"name":"wp","href":"https:\/\/api.w.org\/{rel}","templated":true}]}}