{"id":27530,"date":"2025-10-30T11:49:51","date_gmt":"2025-10-30T11:49:51","guid":{"rendered":"https:\/\/welcome-ontour.de\/wordpress\/?page_id=27530"},"modified":"2025-12-11T11:22:07","modified_gmt":"2025-12-11T11:22:07","slug":"2025-05-22","status":"publish","type":"page","link":"https:\/\/welcome-ontour.de\/wordpress\/index.php\/2025-05-22\/","title":{"rendered":"2025 05 22"},"content":{"rendered":"<p style=\"text-align: center;\"><span style=\"font-family: arial, helvetica, sans-serif; font-size: 8pt; color: #000000;\"><a style=\"color: #000000;\" href=\"https:\/\/welcome-ontour.de\/wordpress\/index.php\/2025-05-21-prolog\/\">Prolog<\/a>\u00a0 \u00a0 \u00a0<a style=\"color: #000000;\" href=\"https:\/\/welcome-ontour.de\/wordpress\/index.php\/2025-05-22\">Anreise<\/a>\u00a0 \u00a0 \u00a0<a style=\"color: #000000;\" href=\"https:\/\/welcome-ontour.de\/wordpress\/index.php\/2025-05-24\">Praslin (Lazio)<\/a>\u00a0 \u00a0 \u00a0<a style=\"color: #000000;\" href=\"https:\/\/welcome-ontour.de\/wordpress\/index.php\/2025-05-25\">Curieuse<\/a>\u00a0 \u00a0 \u00a0<a style=\"color: #000000;\" href=\"https:\/\/welcome-ontour.de\/wordpress\/index.php\/2025-05-26\">Georgette<\/a>\u00a0 \u00a0 \u00a0<a style=\"color: #000000;\" href=\"https:\/\/welcome-ontour.de\/wordpress\/index.php\/2025-05-27\">Valle de Mai<\/a>\u00a0 \u00a0 \u00a0<a style=\"color: #000000;\" href=\"https:\/\/welcome-ontour.de\/wordpress\/index.php\/2025-05-29\">La Digue<\/a>\u00a0 \u00a0 \u00a0<a style=\"color: #000000;\" href=\"https:\/\/welcome-ontour.de\/wordpress\/index.php\/2025-05-30\">Source Argent 1<\/a>\u00a0 \u00a0 \u00a0<a style=\"color: #000000;\" href=\"https:\/\/welcome-ontour.de\/wordpress\/index.php\/2025-05-31\">Patates<\/a><\/span><\/p>\n<p style=\"text-align: center;\"><span style=\"font-family: arial, helvetica, sans-serif; font-size: 8pt; color: #000000;\"><a style=\"color: #000000;\" href=\"https:\/\/welcome-ontour.de\/wordpress\/index.php\/2025-06-01\">Grand \/ Petit<\/a>\u00a0 \u00a0 \u00a0<a style=\"color: #000000;\" href=\"https:\/\/welcome-ontour.de\/wordpress\/index.php\/2025-06-02\">Source Argent 2<\/a>\u00a0 \u00a0 \u00a0<a style=\"color: #000000;\" href=\"https:\/\/welcome-ontour.de\/wordpress\/index.php\/2025-06-03\">Severe<\/a>\u00a0 \u00a0 \u00a0<a style=\"color: #000000;\" href=\"https:\/\/welcome-ontour.de\/wordpress\/index.php\/2025-06-04\">Mahe<\/a>\u00a0 \u00a0 \u00a0<a style=\"color: #000000;\" href=\"https:\/\/welcome-ontour.de\/wordpress\/index.php\/2025-06-05\">Hospital<\/a>\u00a0 \u00a0 \u00a0<a style=\"color: #000000;\" href=\"https:\/\/welcome-ontour.de\/wordpress\/index.php\/2025-06-06\">Jardin du Roi<\/a>\u00a0 \u00a0 \u00a0 <a style=\"color: #000000;\" href=\"https:\/\/welcome-ontour.de\/wordpress\/index.php\/2025-06-07\">Petit Anse<\/a>\u00a0 \u00a0 \u00a0<a style=\"color: #000000;\" href=\"https:\/\/welcome-ontour.de\/wordpress\/index.php\/2025-06-08\">Takamaka<\/a>\u00a0 \u00a0 \u00a0<a style=\"color: #000000;\" href=\"https:\/\/welcome-ontour.de\/wordpress\/index.php\/2025-06-09\">La Mouche<\/a>\u00a0 \u00a0 \u00a0<a style=\"color: #000000;\" href=\"https:\/\/welcome-ontour.de\/wordpress\/index.php\/2025-06-10\">Abreise<\/a>\u00a0 \u00a0 \u00a0<a style=\"color: #000000;\" href=\"https:\/\/welcome-ontour.de\/wordpress\/index.php\/2025-06-12\">Fazit<\/a><\/span><\/p>\n<p style=\"text-align: center;\">\u00a0<\/p>\n<p style=\"text-align: center;\"><span style=\"font-family: arial, helvetica, sans-serif; font-size: 12pt; color: #000000;\"><a style=\"color: #000000;\" href=\"https:\/\/welcome-ontour.de\/wordpress\/index.php\/2025-05-21\"><img decoding=\"async\" class=\"alignleft wp-image-25390\" src=\"https:\/\/welcome-ontour.de\/wordpress\/wp-content\/uploads\/2025\/06\/2025-05-21-01.jpg\" alt=\"\" width=\"80\" height=\"33\" \/><\/a>\u00a0 <a style=\"color: #000000;\" href=\"https:\/\/welcome-ontour.de\/wordpress\/index.php\/2025-05-23\"><img decoding=\"async\" class=\"alignright wp-image-25391\" src=\"https:\/\/welcome-ontour.de\/wordpress\/wp-content\/uploads\/2025\/06\/2025-05-21-02.jpg\" alt=\"\" width=\"80\" height=\"33\" \/><\/a><\/span><\/p>\n<p style=\"text-align: center;\"><span style=\"color: #000000;\"><strong><span style=\"font-family: arial, helvetica, sans-serif; font-size: 14pt;\">Do 22.5.<\/span><\/strong><\/span><\/p>\n<p>&nbsp;<\/p>\n<p style=\"text-align: center;\"><span style=\"color: #000000;\"><strong><span style=\"font-family: arial, helvetica, sans-serif; font-size: 14pt;\">Anreise<\/span><\/strong><\/span><\/p>\n<p>&nbsp;<\/p>\n<p style=\"text-align: center;\"><span style=\"font-family: arial, helvetica, sans-serif; font-size: 12pt; color: #000000;\">Abflug ist 16:30, also machen wir uns mittags auf den Weg zu Mc Parking.<\/span><\/p>\n<p style=\"text-align: center;\"><span style=\"font-family: arial, helvetica, sans-serif; font-size: 12pt; color: #000000;\">Der Shuttlebus setzt uns halb zwei am BER Airport ab.<\/span><\/p>\n<p style=\"text-align: center;\"><span style=\"font-family: arial, helvetica, sans-serif; font-size: 12pt; color: #000000;\">Wir m\u00fcssen uns am Check In melden.<\/span><\/p>\n<p style=\"text-align: center;\"><span style=\"font-family: arial, helvetica, sans-serif; font-size: 12pt; color: #000000;\">Die elektronische Einreisegenehmigung f\u00fcr die Seychellen wird kontrolliert.<\/span><\/p>\n<p style=\"text-align: center;\"><span style=\"font-family: arial, helvetica, sans-serif; font-size: 12pt; color: #000000;\">Au\u00dferdem wird unser Handgep\u00e4ck gepr\u00fcft und gewogen.<\/span><\/p>\n<p>&nbsp;<\/p>\n<p style=\"text-align: center;\"><span style=\"font-family: arial, helvetica, sans-serif; font-size: 12pt; color: #000000;\"><img decoding=\"async\" class=\"size-full wp-image-27531 aligncenter\" src=\"https:\/\/welcome-ontour.de\/wordpress\/wp-content\/uploads\/2025\/10\/2025-05-22-01.jpg\" alt=\"\" width=\"811\" height=\"279\" srcset=\"https:\/\/welcome-ontour.de\/wordpress\/wp-content\/uploads\/2025\/10\/2025-05-22-01.jpg 811w, https:\/\/welcome-ontour.de\/wordpress\/wp-content\/uploads\/2025\/10\/2025-05-22-01-300x103.jpg 300w, https:\/\/welcome-ontour.de\/wordpress\/wp-content\/uploads\/2025\/10\/2025-05-22-01-700x241.jpg 700w, https:\/\/welcome-ontour.de\/wordpress\/wp-content\/uploads\/2025\/10\/2025-05-22-01-768x264.jpg 768w\" sizes=\"(max-width: 811px) 100vw, 811px\" \/><\/span><\/p>\n<p>&nbsp;<\/p>\n<p style=\"text-align: center;\"><span style=\"font-family: arial, helvetica, sans-serif; font-size: 12pt; color: #000000;\">Hinter den Sicherheitskontrollen genehmigen wir uns einen Imbiss <\/span><\/p>\n<p style=\"text-align: center;\"><span style=\"font-family: arial, helvetica, sans-serif; font-size: 12pt; color: #000000;\">und machen uns dann auf den Weg zu unserem Abfluggate C7.<\/span><\/p>\n<p>&nbsp;<\/p>\n<p style=\"text-align: center;\"><span style=\"font-family: arial, helvetica, sans-serif; font-size: 12pt; color: #000000;\"><img decoding=\"async\" class=\"size-full wp-image-27532 aligncenter\" src=\"https:\/\/welcome-ontour.de\/wordpress\/wp-content\/uploads\/2025\/10\/2025-05-22-02.jpg\" alt=\"\" width=\"812\" height=\"233\" srcset=\"https:\/\/welcome-ontour.de\/wordpress\/wp-content\/uploads\/2025\/10\/2025-05-22-02.jpg 812w, https:\/\/welcome-ontour.de\/wordpress\/wp-content\/uploads\/2025\/10\/2025-05-22-02-300x86.jpg 300w, https:\/\/welcome-ontour.de\/wordpress\/wp-content\/uploads\/2025\/10\/2025-05-22-02-700x201.jpg 700w, https:\/\/welcome-ontour.de\/wordpress\/wp-content\/uploads\/2025\/10\/2025-05-22-02-768x220.jpg 768w\" sizes=\"(max-width: 812px) 100vw, 812px\" \/><\/span><\/p>\n<p>&nbsp;<\/p>\n<p style=\"text-align: center;\"><span style=\"font-family: arial, helvetica, sans-serif; font-size: 12pt; color: #000000;\">Eine Stunde vor dem Start wird damit begonnen, die Passagiere in die fast neue Boeing 787-9 zu lassen.<\/span><\/p>\n<p>&nbsp;<\/p>\n<p style=\"text-align: center;\"><span style=\"font-family: arial, helvetica, sans-serif; font-size: 12pt; color: #000000;\"><img decoding=\"async\" class=\"size-full wp-image-27533 aligncenter\" src=\"https:\/\/welcome-ontour.de\/wordpress\/wp-content\/uploads\/2025\/10\/2025-05-22-03.jpg\" alt=\"\" width=\"810\" height=\"408\" srcset=\"https:\/\/welcome-ontour.de\/wordpress\/wp-content\/uploads\/2025\/10\/2025-05-22-03.jpg 810w, https:\/\/welcome-ontour.de\/wordpress\/wp-content\/uploads\/2025\/10\/2025-05-22-03-300x151.jpg 300w, https:\/\/welcome-ontour.de\/wordpress\/wp-content\/uploads\/2025\/10\/2025-05-22-03-700x353.jpg 700w, https:\/\/welcome-ontour.de\/wordpress\/wp-content\/uploads\/2025\/10\/2025-05-22-03-768x387.jpg 768w\" sizes=\"(max-width: 810px) 100vw, 810px\" \/><\/span><\/p>\n<p>&nbsp;<\/p>\n<p style=\"text-align: center;\"><span style=\"font-family: arial, helvetica, sans-serif; font-size: 12pt; color: #000000;\">Bisher verl\u00e4uft alles sehr entspannt.<\/span><\/p>\n<p style=\"text-align: center;\"><span style=\"font-family: arial, helvetica, sans-serif; font-size: 12pt; color: #000000;\">Unsere Sitzpl\u00e4tze 28 B und C sind Exit Seats und haben unendlich viel Beinfreiheit.<\/span><\/p>\n<p>&nbsp;<\/p>\n<p style=\"text-align: center;\"><span style=\"font-family: arial, helvetica, sans-serif; font-size: 12pt; color: #000000;\"><img decoding=\"async\" class=\"size-full wp-image-27534 aligncenter\" src=\"https:\/\/welcome-ontour.de\/wordpress\/wp-content\/uploads\/2025\/10\/2025-05-22-04.jpg\" alt=\"\" width=\"809\" height=\"384\" srcset=\"https:\/\/welcome-ontour.de\/wordpress\/wp-content\/uploads\/2025\/10\/2025-05-22-04.jpg 809w, https:\/\/welcome-ontour.de\/wordpress\/wp-content\/uploads\/2025\/10\/2025-05-22-04-300x142.jpg 300w, https:\/\/welcome-ontour.de\/wordpress\/wp-content\/uploads\/2025\/10\/2025-05-22-04-700x332.jpg 700w, https:\/\/welcome-ontour.de\/wordpress\/wp-content\/uploads\/2025\/10\/2025-05-22-04-768x365.jpg 768w\" sizes=\"(max-width: 809px) 100vw, 809px\" \/><\/span><\/p>\n<p>&nbsp;<\/p>\n<p style=\"text-align: center;\"><span style=\"font-family: arial, helvetica, sans-serif; font-size: 12pt; color: #000000;\">P\u00fcnktlich halb f\u00fcnf hebt der gro\u00dfe Qatar Dreamliner ab.<\/span><\/p>\n<p style=\"text-align: center;\"><span style=\"font-family: arial, helvetica, sans-serif; font-size: 12pt; color: #000000;\">Die Flugzeit nach Doha wird knapp sechs Stunden betragen.<\/span><\/p>\n<p>&nbsp;<\/p>\n<p style=\"text-align: center;\"><span style=\"font-family: arial, helvetica, sans-serif; font-size: 12pt; color: #000000;\"><img decoding=\"async\" class=\"size-full wp-image-27535 aligncenter\" src=\"https:\/\/welcome-ontour.de\/wordpress\/wp-content\/uploads\/2025\/10\/2025-05-22-05.jpg\" alt=\"\" width=\"810\" height=\"408\" srcset=\"https:\/\/welcome-ontour.de\/wordpress\/wp-content\/uploads\/2025\/10\/2025-05-22-05.jpg 810w, https:\/\/welcome-ontour.de\/wordpress\/wp-content\/uploads\/2025\/10\/2025-05-22-05-300x151.jpg 300w, https:\/\/welcome-ontour.de\/wordpress\/wp-content\/uploads\/2025\/10\/2025-05-22-05-700x353.jpg 700w, https:\/\/welcome-ontour.de\/wordpress\/wp-content\/uploads\/2025\/10\/2025-05-22-05-768x387.jpg 768w\" sizes=\"(max-width: 810px) 100vw, 810px\" \/><\/span><\/p>\n<p>&nbsp;<\/p>\n<p style=\"text-align: center;\"><span style=\"font-family: arial, helvetica, sans-serif; font-size: 12pt; color: #000000;\">Service, Unterhaltungsprogramm, Sitzkomfort und Sauberkeit sind hervorragend.<\/span><\/p>\n<p style=\"text-align: center;\"><span style=\"font-family: arial, helvetica, sans-serif; font-size: 12pt; color: #000000;\">Unser vorbestelltes Sonderessen ist einwandfrei, Wein, Sekt und S\u00e4fte lecker.<\/span><\/p>\n<p>&nbsp;<\/p>\n<p style=\"text-align: center;\"><span style=\"font-family: arial, helvetica, sans-serif; font-size: 12pt; color: #000000;\"><img decoding=\"async\" class=\"size-full wp-image-27536 aligncenter\" src=\"https:\/\/welcome-ontour.de\/wordpress\/wp-content\/uploads\/2025\/10\/2025-05-22-06.jpg\" alt=\"\" width=\"812\" height=\"232\" srcset=\"https:\/\/welcome-ontour.de\/wordpress\/wp-content\/uploads\/2025\/10\/2025-05-22-06.jpg 812w, https:\/\/welcome-ontour.de\/wordpress\/wp-content\/uploads\/2025\/10\/2025-05-22-06-300x86.jpg 300w, https:\/\/welcome-ontour.de\/wordpress\/wp-content\/uploads\/2025\/10\/2025-05-22-06-700x200.jpg 700w, https:\/\/welcome-ontour.de\/wordpress\/wp-content\/uploads\/2025\/10\/2025-05-22-06-768x219.jpg 768w\" sizes=\"(max-width: 812px) 100vw, 812px\" \/><\/span><\/p>\n<p>&nbsp;<\/p>\n<p style=\"text-align: center;\"><span style=\"font-family: arial, helvetica, sans-serif; font-size: 12pt; color: #000000;\">Nach dem Essen schauen wir uns den Kinofilm \u201eHeil C\u00e4sar\u201c an, totaler Schwachsinn.<\/span><\/p>\n<p style=\"text-align: center;\"><span style=\"font-family: arial, helvetica, sans-serif; font-size: 12pt; color: #000000;\">23:20 Landung in Doha, die Uhrzeit wurde inzwischen eine Stunde vor gestellt.<\/span><\/p>\n<p style=\"text-align: center;\"><span style=\"font-family: arial, helvetica, sans-serif; font-size: 12pt; color: #000000;\">Der hochmoderne Hamad International Airport ist das Drehkreuz von Qatar Airways.<\/span><\/p>\n<p style=\"text-align: center;\"><span style=\"font-family: arial, helvetica, sans-serif; font-size: 12pt; color: #000000;\">Im Minutentakt starten und landen hier Maschinen aus der ganzen Welt, <\/span><\/p>\n<p style=\"text-align: center;\"><span style=\"font-family: arial, helvetica, sans-serif; font-size: 12pt; color: #000000;\">rund um die Uhr, es gibt kein Nachtflugverbot.<\/span><\/p>\n<p style=\"text-align: center;\"><span style=\"font-family: arial, helvetica, sans-serif; font-size: 12pt; color: #000000;\">Nord- und S\u00fcdamerika, Europa, Afrika, Asien, Australien, von hier kommt man nonstop fast \u00fcberall hin.<\/span><\/p>\n<p style=\"text-align: center;\"><span style=\"font-family: arial, helvetica, sans-serif; font-size: 12pt; color: #000000;\">Trotz des gewaltigen Passagieraufkommens l\u00e4uft alles sehr geordnet ab.<\/span><\/p>\n<p>&nbsp;<\/p>\n<p style=\"text-align: center;\"><span style=\"font-family: arial, helvetica, sans-serif; font-size: 12pt; color: #000000;\"><img decoding=\"async\" class=\"size-full wp-image-27537 aligncenter\" src=\"https:\/\/welcome-ontour.de\/wordpress\/wp-content\/uploads\/2025\/10\/2025-05-22-07.jpg\" alt=\"\" width=\"810\" height=\"408\" srcset=\"https:\/\/welcome-ontour.de\/wordpress\/wp-content\/uploads\/2025\/10\/2025-05-22-07.jpg 810w, https:\/\/welcome-ontour.de\/wordpress\/wp-content\/uploads\/2025\/10\/2025-05-22-07-300x151.jpg 300w, https:\/\/welcome-ontour.de\/wordpress\/wp-content\/uploads\/2025\/10\/2025-05-22-07-700x353.jpg 700w, https:\/\/welcome-ontour.de\/wordpress\/wp-content\/uploads\/2025\/10\/2025-05-22-07-768x387.jpg 768w\" sizes=\"(max-width: 810px) 100vw, 810px\" \/><\/span><\/p>\n<p>&nbsp;<\/p>\n<p style=\"text-align: center;\"><span style=\"font-family: arial, helvetica, sans-serif; font-size: 12pt; color: #000000;\">Nochmal durch eine der Sicherheitskontrollen und wir sind im Orchard, <\/span><\/p>\n<p style=\"text-align: center;\"><span style=\"font-family: arial, helvetica, sans-serif; font-size: 12pt; color: #000000;\">dem markanten tropischen Garten im Flughafengeb\u00e4ude.<\/span><\/p>\n<p>&nbsp;<\/p>\n<p style=\"text-align: center;\"><span style=\"font-family: arial, helvetica, sans-serif; font-size: 12pt; color: #000000;\"><img decoding=\"async\" class=\"size-full wp-image-27538 aligncenter\" src=\"https:\/\/welcome-ontour.de\/wordpress\/wp-content\/uploads\/2025\/10\/2025-05-22-08.jpg\" alt=\"\" width=\"810\" height=\"408\" srcset=\"https:\/\/welcome-ontour.de\/wordpress\/wp-content\/uploads\/2025\/10\/2025-05-22-08.jpg 810w, https:\/\/welcome-ontour.de\/wordpress\/wp-content\/uploads\/2025\/10\/2025-05-22-08-300x151.jpg 300w, https:\/\/welcome-ontour.de\/wordpress\/wp-content\/uploads\/2025\/10\/2025-05-22-08-700x353.jpg 700w, https:\/\/welcome-ontour.de\/wordpress\/wp-content\/uploads\/2025\/10\/2025-05-22-08-768x387.jpg 768w\" sizes=\"(max-width: 810px) 100vw, 810px\" \/><\/span><\/p>\n<p>&nbsp;<\/p>\n<p style=\"text-align: center;\"><span style=\"font-family: arial, helvetica, sans-serif; font-size: 12pt; color: #000000;\">In diesem Atrium gibt es auf mehreren Etagen einen Foodcourt, Shopping M\u00f6glichkeiten, <\/span><\/p>\n<p style=\"text-align: center;\"><span style=\"font-family: arial, helvetica, sans-serif; font-size: 12pt; color: #000000;\">Restaurants, Bars und Lounges.<\/span><\/p>\n<p>&nbsp;<\/p>\n<p style=\"text-align: center;\"><span style=\"font-family: arial, helvetica, sans-serif; font-size: 12pt; color: #000000;\"><img decoding=\"async\" class=\"size-full wp-image-27539 aligncenter\" src=\"https:\/\/welcome-ontour.de\/wordpress\/wp-content\/uploads\/2025\/10\/2025-05-22-09.jpg\" alt=\"\" width=\"809\" height=\"384\" srcset=\"https:\/\/welcome-ontour.de\/wordpress\/wp-content\/uploads\/2025\/10\/2025-05-22-09.jpg 809w, https:\/\/welcome-ontour.de\/wordpress\/wp-content\/uploads\/2025\/10\/2025-05-22-09-300x142.jpg 300w, https:\/\/welcome-ontour.de\/wordpress\/wp-content\/uploads\/2025\/10\/2025-05-22-09-700x332.jpg 700w, https:\/\/welcome-ontour.de\/wordpress\/wp-content\/uploads\/2025\/10\/2025-05-22-09-768x365.jpg 768w\" sizes=\"(max-width: 809px) 100vw, 809px\" \/><\/span><\/p>\n<p>&nbsp;<\/p>\n<p style=\"text-align: center;\"><span style=\"font-family: arial, helvetica, sans-serif; font-size: 12pt; color: #000000;\">Die Zeit bis zum Weiterflug (2:50) vertr\u00f6deln wir auf dem blitzblanken, \u00fcbersichtlichen Riesen-Airport.<\/span><\/p>\n<p style=\"text-align: center;\">\u00a0<\/p>\n<p style=\"text-align: center;\"><span style=\"font-family: arial, helvetica, sans-serif; font-size: 12pt; color: #000000;\"><img decoding=\"async\" class=\"wp-image-25394 aligncenter\" src=\"https:\/\/welcome-ontour.de\/wordpress\/wp-content\/uploads\/2025\/06\/2025-05-21-05.jpg\" alt=\"\" width=\"100\" height=\"74\" \/><\/span><\/p>\n<p style=\"text-align: center;\"><span style=\"font-family: arial, helvetica, sans-serif; font-size: 12pt; color: #000000;\"><a style=\"color: #000000;\" href=\"https:\/\/welcome-ontour.de\/wordpress\/index.php\/2025-05-21\"><img decoding=\"async\" class=\"alignleft wp-image-25390\" src=\"https:\/\/welcome-ontour.de\/wordpress\/wp-content\/uploads\/2025\/06\/2025-05-21-01.jpg\" alt=\"\" width=\"80\" height=\"33\" \/><\/a>\u00a0 <a style=\"color: #000000;\" href=\"https:\/\/welcome-ontour.de\/wordpress\/index.php\/2025-05-23\"><img decoding=\"async\" class=\"alignright wp-image-25391\" src=\"https:\/\/welcome-ontour.de\/wordpress\/wp-content\/uploads\/2025\/06\/2025-05-21-02.jpg\" alt=\"\" width=\"80\" height=\"33\" \/><\/a><\/span><\/p>\n<p style=\"text-align: center;\">\u00a0<\/p>\n","protected":false},"excerpt":{"rendered":"<p>Prolog\u00a0 \u00a0 \u00a0Anreise\u00a0 \u00a0 \u00a0Praslin (Lazio)\u00a0 \u00a0 \u00a0Curieuse\u00a0 \u00a0 \u00a0Georgette\u00a0 \u00a0 \u00a0Valle de Mai\u00a0 \u00a0 \u00a0La Digue\u00a0 \u00a0 \u00a0Source Argent 1\u00a0 \u00a0 \u00a0Patates Grand \/ Petit\u00a0 \u00a0 \u00a0Source Argent 2\u00a0 \u00a0 \u00a0Severe\u00a0 \u00a0 \u00a0Mahe\u00a0 \u00a0 \u00a0Hospital\u00a0 \u00a0 \u00a0Jardin du Roi\u00a0 \u00a0 \u00a0 Petit Anse\u00a0 \u00a0 \u00a0Takamaka\u00a0 \u00a0 \u00a0La Mouche\u00a0 \u00a0 \u00a0Abreise\u00a0 \u00a0 \u00a0Fazit \u00a0 \u00a0 Do 22.5. &nbsp; Anreise &nbsp; Abflug ist 16:30, also machen wir uns mittags auf den Weg zu Mc Parking. Der Shuttlebus setzt uns halb zwei am BER Airport ab. Wir m\u00fcssen uns am Check In melden. Die elektronische Einreisegenehmigung f\u00fcr die Seychellen wird kontrolliert. Au\u00dferdem wird unser Handgep\u00e4ck gepr\u00fcft und gewogen. &nbsp; &nbsp; Hinter den Sicherheitskontrollen genehmigen wir uns einen Imbiss und machen uns dann auf den Weg zu unserem Abfluggate C7. &nbsp; &nbsp; Eine Stunde vor dem Start wird damit begonnen, die Passagiere in die fast neue Boeing 787-9 zu lassen. &nbsp; &nbsp; Bisher verl\u00e4uft alles sehr entspannt. Unsere Sitzpl\u00e4tze 28 B und C sind Exit Seats und haben unendlich viel Beinfreiheit. &nbsp; &nbsp; P\u00fcnktlich halb f\u00fcnf hebt der gro\u00dfe Qatar Dreamliner ab. Die Flugzeit nach Doha wird knapp sechs Stunden betragen. &nbsp; &nbsp; Service, Unterhaltungsprogramm, Sitzkomfort und Sauberkeit sind hervorragend. Unser vorbestelltes Sonderessen ist einwandfrei, Wein, Sekt und S\u00e4fte lecker. &nbsp; &nbsp; Nach dem Essen schauen wir uns den Kinofilm \u201eHeil C\u00e4sar\u201c an, totaler Schwachsinn. 23:20 Landung in Doha, die Uhrzeit wurde inzwischen eine Stunde vor gestellt. Der hochmoderne Hamad International Airport ist das Drehkreuz von Qatar Airways. Im Minutentakt starten und landen hier Maschinen aus der ganzen Welt, rund um die Uhr, es gibt kein Nachtflugverbot. Nord- und S\u00fcdamerika, Europa, Afrika, Asien, Australien, von hier kommt man nonstop fast \u00fcberall hin. Trotz des gewaltigen Passagieraufkommens l\u00e4uft alles sehr geordnet ab. &nbsp; &nbsp; Nochmal durch eine der Sicherheitskontrollen und wir sind im Orchard, dem markanten tropischen Garten im Flughafengeb\u00e4ude. &nbsp; &nbsp; In diesem Atrium gibt es auf mehreren Etagen einen Foodcourt, Shopping M\u00f6glichkeiten, Restaurants, Bars und Lounges. &nbsp; &nbsp; Die Zeit bis zum Weiterflug (2:50) vertr\u00f6deln wir auf dem blitzblanken, \u00fcbersichtlichen Riesen-Airport. \u00a0 \u00a0 \u00a0<\/p>\n","protected":false},"author":1,"featured_media":0,"parent":0,"menu_order":0,"comment_status":"closed","ping_status":"closed","template":"","meta":{"footnotes":""},"class_list":["post-27530","page","type-page","status-publish","hentry"],"_links":{"self":[{"href":"https:\/\/welcome-ontour.de\/wordpress\/index.php\/wp-json\/wp\/v2\/pages\/27530","targetHints":{"allow":["GET"]}}],"collection":[{"href":"https:\/\/welcome-ontour.de\/wordpress\/index.php\/wp-json\/wp\/v2\/pages"}],"about":[{"href":"https:\/\/welcome-ontour.de\/wordpress\/index.php\/wp-json\/wp\/v2\/types\/page"}],"author":[{"embeddable":true,"href":"https:\/\/welcome-ontour.de\/wordpress\/index.php\/wp-json\/wp\/v2\/users\/1"}],"replies":[{"embeddable":true,"href":"https:\/\/welcome-ontour.de\/wordpress\/index.php\/wp-json\/wp\/v2\/comments?post=27530"}],"version-history":[{"count":7,"href":"https:\/\/welcome-ontour.de\/wordpress\/index.php\/wp-json\/wp\/v2\/pages\/27530\/revisions"}],"predecessor-version":[{"id":27541,"href":"https:\/\/welcome-ontour.de\/wordpress\/index.php\/wp-json\/wp\/v2\/pages\/27530\/revisions\/27541"}],"wp:attachment":[{"href":"https:\/\/welcome-ontour.de\/wordpress\/index.php\/wp-json\/wp\/v2\/media?parent=27530"}],"curies":[{"name":"wp","href":"https:\/\/api.w.org\/{rel}","templated":true}]}}