{"id":2707,"date":"2013-01-08T06:55:12","date_gmt":"2013-01-08T06:55:12","guid":{"rendered":"https:\/\/welcome-ontour.de\/wordpress\/index.php\/2009-05-21-prolog\/"},"modified":"2022-06-30T23:07:31","modified_gmt":"2022-06-30T23:07:31","slug":"2009-05-21-prolog","status":"publish","type":"page","link":"https:\/\/welcome-ontour.de\/wordpress\/index.php\/2009-05-21-prolog\/","title":{"rendered":"2009 05 21 prolog"},"content":{"rendered":"<p style=\"text-align: center;\"><span style=\"font-size: x-small; font-family: arial, helvetica, sans-serif;\"><a href=\"https:\/\/welcome-ontour.de\/wordpress\/index.php\/2009-05-21-prolog\/\">prolog<\/a> \u00a0&#8211; \u00a0<a href=\"https:\/\/welcome-ontour.de\/wordpress\/index.php\/2009-05-22\/\">hinflug<\/a> \u00a0&#8211; \u00a0<a href=\"https:\/\/welcome-ontour.de\/wordpress\/index.php\/2009-05-23\/\">olympic<\/a> \u00a0&#8211; \u00a0<a href=\"https:\/\/welcome-ontour.de\/wordpress\/index.php\/2009-05-25\/\">mount rainier<\/a> \u00a0&#8211; \u00a0<a href=\"https:\/\/welcome-ontour.de\/wordpress\/index.php\/2009-05-26\/\">mount saint helens<\/a> \u00a0&#8211; \u00a0<a href=\"https:\/\/welcome-ontour.de\/wordpress\/index.php\/2009-05-27\/\">columbia river gorge<\/a> \u00a0&#8211; \u00a0<a href=\"https:\/\/welcome-ontour.de\/wordpress\/index.php\/2009-05-28\/\">portland<\/a> \u00a0&#8211; \u00a0<a href=\"https:\/\/welcome-ontour.de\/wordpress\/index.php\/2009-05-29\/\">oregon coast<\/a> \u00a0&#8211; \u00a0<a href=\"https:\/\/welcome-ontour.de\/wordpress\/index.php\/2009-05-31\/\">redwoods<\/a> \u00a0&#8211; \u00a0<a href=\"https:\/\/welcome-ontour.de\/wordpress\/index.php\/2009-06-02\/\">lassen volcanic<\/a> \u00a0&#8211; \u00a0<\/span><span style=\"font-size: x-small; font-family: arial, helvetica, sans-serif;\"><a href=\"https:\/\/welcome-ontour.de\/wordpress\/index.php\/2009-06-03\/\">crater lake<\/a> \u00a0&#8211; \u00a0<\/span><span style=\"font-size: x-small; font-family: arial, helvetica, sans-serif;\"><a href=\"https:\/\/welcome-ontour.de\/wordpress\/index.php\/2009-06-04\/\">smith rock state park<\/a><\/span><\/p>\n<p style=\"text-align: center;\"><span style=\"font-size: x-small; font-family: arial, helvetica, sans-serif;\"><a href=\"https:\/\/welcome-ontour.de\/wordpress\/index.php\/2009-06-05\/\">painted hills<\/a>\u00a0 &#8211; \u00a0<a href=\"https:\/\/welcome-ontour.de\/wordpress\/index.php\/2009-06-06\/\">hells canyon<\/a> \u00a0&#8211; \u00a0 <a href=\"https:\/\/welcome-ontour.de\/wordpress\/index.php\/2009-06-07\/\">lochsa river<\/a> \u00a0&#8211; \u00a0<\/span><span style=\"line-height: 1.3em; font-size: x-small; font-family: arial, helvetica, sans-serif;\"><a href=\"https:\/\/welcome-ontour.de\/wordpress\/index.php\/2009-06-08\/\">glacier nationalpark<\/a> \u00a0&#8211; \u00a0<a href=\"https:\/\/welcome-ontour.de\/wordpress\/index.php\/2009-06-09\/\">waterton provincial park<\/a> \u00a0&#8211; \u00a0<\/span><span style=\"font-family: arial, helvetica, sans-serif; font-size: x-small; line-height: 1.3em;\"><a href=\"https:\/\/welcome-ontour.de\/wordpress\/index.php\/2009-06-10\/\">spokane<\/a> \u00a0&#8211; \u00a0<a href=\"https:\/\/welcome-ontour.de\/wordpress\/index.php\/2009-06-13\/\">seattle<\/a> \u00a0&#8211; \u00a0<a href=\"https:\/\/welcome-ontour.de\/wordpress\/index.php\/2009-06-15\/\">r\u00fcckflug<\/a> \u00a0&#8211; \u00a0<a href=\"https:\/\/welcome-ontour.de\/wordpress\/index.php\/2009-06-17-fazit\/\">fazit<\/a><\/span><\/p>\n<p>\u00a0<\/p>\n<p style=\"text-align: center;\"><a style=\"font-family: arial, helvetica, sans-serif; font-size: small; line-height: 1.3em;\" href=\"https:\/\/welcome-ontour.de\/wordpress\/index.php\/reiseberichte\/\">&lt; Reiseberichte<\/a><span style=\"font-family: arial, helvetica, sans-serif; font-size: small; line-height: 1.3em;\"> \u00a0 \u00a0 \u00a0 \u00a0 \u00a0 \u00a0 \u00a0 \u00a0 \u00a0 \u00a0 \u00a0 \u00a0 \u00a0 \u00a0 \u00a0 \u00a0 \u00a0 \u00a0 \u00a0 \u00a0 \u00a0 \u00a0 \u00a0 \u00a0 \u00a0 \u00a0 \u00a0 \u00a0 \u00a0 \u00a0 \u00a0 \u00a0 \u00a0 \u00a0 \u00a0 \u00a0 \u00a0 \u00a0 \u00a0 \u00a0 \u00a0 \u00a0 \u00a0 \u00a0 \u00a0 \u00a0 \u00a0 \u00a0 \u00a0 \u00a0 \u00a0 \u00a0 \u00a0 \u00a0 \u00a0 \u00a0 \u00a0 \u00a0 \u00a0 \u00a0 \u00a0 \u00a0 \u00a0 \u00a0 \u00a0 \u00a0 \u00a0 \u00a0 \u00a0 \u00a0 \u00a0 \u00a0 \u00a0 \u00a0 \u00a0 \u00a0 \u00a0 \u00a0 \u00a0 \u00a0 \u00a0 \u00a0 \u00a0 \u00a0 \u00a0 \u00a0 \u00a0 \u00a0 \u00a0 \u00a0 \u00a0 \u00a0 \u00a0 \u00a0 \u00a0 \u00a0 \u00a0 \u00a0 <\/span><a style=\"font-family: arial, helvetica, sans-serif; font-size: small; line-height: 1.3em;\" href=\"https:\/\/welcome-ontour.de\/wordpress\/index.php\/2009-05-22\/\">Weiter &gt;<\/a><\/p>\n<p style=\"text-align: center;\"><span style=\"font-size: medium; font-family: arial, helvetica, sans-serif;\">\u00a0<\/span><\/p>\n<p style=\"text-align: center;\"><span style=\"font-size: xx-large;\"><strong><span style=\"font-family: arial, helvetica, sans-serif;\">\u00a0<\/span><\/strong><\/span><strong style=\"font-size: xx-large; line-height: 1.3em;\"><span style=\"font-family: arial, helvetica, sans-serif;\">River Deep Mountain High<\/span><\/strong><\/p>\n<p style=\"text-align: center;\"><span style=\"font-size: xx-large;\"><strong><span style=\"font-family: arial, helvetica, sans-serif;\">\u00a0<\/span><\/strong><\/span><\/p>\n<p style=\"text-align: center;\"><span style=\"font-size: x-large;\"><strong><span style=\"font-family: arial, helvetica, sans-serif;\">Northwest 2009<\/span><\/strong><\/span><\/p>\n<p style=\"text-align: center;\"><span style=\"font-size: x-large;\"><strong><span style=\"font-family: arial, helvetica, sans-serif;\">\u00a0<\/span><\/strong><\/span><\/p>\n<p style=\"text-align: center;\"><span style=\"font-size: medium; font-family: arial, helvetica, sans-serif;\">\u00a0<\/span><\/p>\n<p style=\"text-align: center;\"><span style=\"font-size: medium; font-family: arial, helvetica, sans-serif;\">Der Nordwesten der Vereinigten Staaten; wild, weit, urw\u00fcchsig.<\/span><\/p>\n<p style=\"text-align: center;\"><span style=\"font-size: medium; font-family: arial, helvetica, sans-serif;\">Hohe Berge, tiefe T\u00e4ler, eine faszinierende K\u00fcste, riesige B\u00e4ume, beeindruckende Wasserf\u00e4lle und viel Regen.<\/span><\/p>\n<p style=\"text-align: center;\"><span style=\"font-size: medium; font-family: arial, helvetica, sans-serif;\">Im Fr\u00fchsommer 2009 haben wir uns diesen Teil der USA als Reiseziel vorgenommen.<\/span><\/p>\n<p style=\"text-align: center;\"><span style=\"font-size: medium; font-family: arial, helvetica, sans-serif;\">Start und Ziel soll Seattle, die gr\u00f6\u00dfte Stadt Washingtons sein.<\/span><\/p>\n<p style=\"text-align: center;\"><span style=\"font-size: medium; font-family: arial, helvetica, sans-serif;\">F\u00fcr die Fl\u00fcge haben wir ein gutes Angebot von Scandinavian Airlines gefunden.<\/span><\/p>\n<p style=\"text-align: center;\"><span style=\"font-size: medium; font-family: arial, helvetica, sans-serif;\">Die fliegen Seattle direkt von Kopenhagen aus an.<\/span><\/p>\n<p style=\"text-align: center;\"><span style=\"font-size: medium; font-family: arial, helvetica, sans-serif;\">Unsere Tour soll uns an der Pazifikk\u00fcste entlang bis in den Norden Kaliforniens f\u00fchren.<\/span><\/p>\n<p style=\"text-align: center;\"><span style=\"font-size: medium; font-family: arial, helvetica, sans-serif;\">Dann wollen wir im Landesinneren durch Oregon, Idaho und Montana <\/span><\/p>\n<p style=\"text-align: center;\"><span style=\"font-size: medium; font-family: arial, helvetica, sans-serif;\">bis in die kanadischen Rocky Mountains vordringen,<\/span><\/p>\n<p style=\"text-align: center;\"><span style=\"font-size: medium; font-family: arial, helvetica, sans-serif;\">um uns zum Schluss wieder nach Seattle durchzuschlagen.<\/span><\/p>\n<p style=\"text-align: center;\"><span style=\"font-size: medium; font-family: arial, helvetica, sans-serif;\">Quartiere f\u00fcr die erste H\u00e4lfte der Reise haben wir im Vorfeld gr\u00f6\u00dftenteils \u00fcber Priceline ersteigert.<\/span><\/p>\n<p style=\"text-align: center;\"><span style=\"font-size: medium; font-family: arial, helvetica, sans-serif;\">26 Tage haben wir Zeit, dann geht&#8217;s wieder retour.<\/span><\/p>\n<p style=\"text-align: center;\"><span style=\"font-size: medium; font-family: arial, helvetica, sans-serif;\">Ein unbeschreibliches Abenteuer mit diversen angenehmen \u00dcberraschungen.<\/span><\/p>\n<p style=\"text-align: center;\"><span style=\"font-size: medium; font-family: arial, helvetica, sans-serif;\">\u00a0<\/span><\/p>\n<p style=\"text-align: center;\"><span style=\"font-size: medium; font-family: arial, helvetica, sans-serif;\">\u00a0<\/span><\/p>\n<p style=\"text-align: center;\"><span style=\"font-size: medium; font-family: arial, helvetica, sans-serif;\"><img decoding=\"async\" class=\" size-full wp-image-2706\" title=\"Crater Lake, Oregon\" src=\"https:\/\/welcome-ontour.de\/wordpress\/wp-content\/uploads\/2013\/01\/phoca_thumb_l_aa-crater-lake-oregon.jpg\" width=\"452\" height=\"270\" border=\"0\" srcset=\"https:\/\/welcome-ontour.de\/wordpress\/wp-content\/uploads\/2013\/01\/phoca_thumb_l_aa-crater-lake-oregon.jpg 452w, https:\/\/welcome-ontour.de\/wordpress\/wp-content\/uploads\/2013\/01\/phoca_thumb_l_aa-crater-lake-oregon-300x179.jpg 300w\" sizes=\"(max-width: 452px) 100vw, 452px\" \/><\/span><\/p>\n<p style=\"text-align: center;\"><span style=\"font-size: medium; font-family: arial, helvetica, sans-serif;\">\u00a0<\/span><\/p>\n<p style=\"text-align: center;\"><span style=\"font-size: medium; font-family: arial, helvetica, sans-serif;\">\u00a0<\/span><\/p>\n<p style=\"text-align: center;\"><span style=\"font-family: arial, helvetica, sans-serif; font-size: small;\"><a href=\"https:\/\/welcome-ontour.de\/wordpress\/index.php\/reiseberichte\/\">&lt; Reiseberichte<\/a>\u00a0\u00a0 \u00a0 \u00a0 \u00a0 \u00a0 \u00a0 \u00a0 \u00a0 \u00a0 \u00a0 \u00a0 \u00a0 \u00a0 \u00a0 \u00a0 \u00a0 \u00a0 \u00a0 \u00a0 \u00a0 \u00a0 \u00a0 \u00a0 \u00a0 \u00a0 \u00a0 \u00a0 \u00a0 \u00a0 \u00a0 \u00a0 \u00a0 \u00a0 \u00a0 \u00a0 \u00a0 \u00a0 \u00a0 \u00a0 \u00a0 \u00a0 \u00a0 \u00a0 \u00a0 \u00a0 \u00a0 \u00a0 \u00a0 \u00a0 \u00a0 \u00a0 \u00a0 \u00a0 \u00a0 \u00a0 \u00a0 \u00a0 \u00a0 \u00a0 \u00a0 \u00a0 \u00a0 \u00a0 \u00a0 \u00a0 \u00a0 \u00a0 \u00a0 \u00a0 \u00a0 \u00a0 \u00a0 \u00a0 \u00a0 \u00a0 \u00a0 \u00a0 \u00a0 \u00a0 \u00a0 \u00a0 \u00a0 \u00a0 \u00a0 \u00a0 \u00a0 \u00a0 \u00a0 \u00a0 \u00a0 \u00a0 \u00a0 \u00a0 \u00a0 \u00a0 \u00a0 \u00a0 \u00a0\u00a0<a href=\"https:\/\/welcome-ontour.de\/wordpress\/index.php\/2009-05-22\/\">Weiter &gt;<\/a><\/span><\/p>\n","protected":false},"excerpt":{"rendered":"<p>prolog \u00a0&#8211; \u00a0hinflug \u00a0&#8211; \u00a0olympic \u00a0&#8211; \u00a0mount rainier \u00a0&#8211; \u00a0mount saint helens \u00a0&#8211; \u00a0columbia river gorge \u00a0&#8211; \u00a0portland \u00a0&#8211; \u00a0oregon coast \u00a0&#8211; \u00a0redwoods \u00a0&#8211; \u00a0lassen volcanic \u00a0&#8211; \u00a0crater lake \u00a0&#8211; \u00a0smith rock state park painted hills\u00a0 &#8211; \u00a0hells canyon \u00a0&#8211; \u00a0 lochsa river \u00a0&#8211; \u00a0glacier nationalpark \u00a0&#8211; \u00a0waterton provincial park \u00a0&#8211; \u00a0spokane \u00a0&#8211; \u00a0seattle \u00a0&#8211; \u00a0r\u00fcckflug \u00a0&#8211; \u00a0fazit \u00a0 &lt; Reiseberichte \u00a0 \u00a0 \u00a0 \u00a0 \u00a0 \u00a0 \u00a0 \u00a0 \u00a0 \u00a0 \u00a0 \u00a0 \u00a0 \u00a0 \u00a0 \u00a0 \u00a0 \u00a0 \u00a0 \u00a0 \u00a0 \u00a0 \u00a0 \u00a0 \u00a0 \u00a0 \u00a0 \u00a0 \u00a0 \u00a0 \u00a0 \u00a0 \u00a0 \u00a0 \u00a0 \u00a0 \u00a0 \u00a0 \u00a0 \u00a0 \u00a0 \u00a0 \u00a0 \u00a0 \u00a0 \u00a0 \u00a0 \u00a0 \u00a0 \u00a0 \u00a0 \u00a0 \u00a0 \u00a0 \u00a0 \u00a0 \u00a0 \u00a0 \u00a0 \u00a0 \u00a0 \u00a0 \u00a0 \u00a0 \u00a0 \u00a0 \u00a0 \u00a0 \u00a0 \u00a0 \u00a0 \u00a0 \u00a0 \u00a0 \u00a0 \u00a0 \u00a0 \u00a0 \u00a0 \u00a0 \u00a0 \u00a0 \u00a0 \u00a0 \u00a0 \u00a0 \u00a0 \u00a0 \u00a0 \u00a0 \u00a0 \u00a0 \u00a0 \u00a0 \u00a0 \u00a0 \u00a0 \u00a0 Weiter &gt; \u00a0 \u00a0River Deep Mountain High \u00a0 Northwest 2009 \u00a0 \u00a0 Der Nordwesten der Vereinigten Staaten; wild, weit, urw\u00fcchsig. Hohe Berge, tiefe T\u00e4ler, eine faszinierende K\u00fcste, riesige B\u00e4ume, beeindruckende Wasserf\u00e4lle und viel Regen. Im Fr\u00fchsommer 2009 haben wir uns diesen Teil der USA als Reiseziel vorgenommen. Start und Ziel soll Seattle, die gr\u00f6\u00dfte Stadt Washingtons sein. F\u00fcr die Fl\u00fcge haben wir ein gutes Angebot von Scandinavian Airlines gefunden. Die fliegen Seattle direkt von Kopenhagen aus an. Unsere Tour soll uns an der Pazifikk\u00fcste entlang bis in den Norden Kaliforniens f\u00fchren. Dann wollen wir im Landesinneren durch Oregon, Idaho und Montana bis in die kanadischen Rocky Mountains vordringen, um uns zum Schluss wieder nach Seattle durchzuschlagen. Quartiere f\u00fcr die erste H\u00e4lfte der Reise haben wir im Vorfeld gr\u00f6\u00dftenteils \u00fcber Priceline ersteigert. 26 Tage haben wir Zeit, dann geht&#8217;s wieder retour. Ein unbeschreibliches Abenteuer mit diversen angenehmen \u00dcberraschungen. \u00a0 \u00a0 \u00a0 \u00a0 &lt; Reiseberichte\u00a0\u00a0 \u00a0 \u00a0 \u00a0 \u00a0 \u00a0 \u00a0 \u00a0 \u00a0 \u00a0 \u00a0 \u00a0 \u00a0 \u00a0 \u00a0 \u00a0 \u00a0 \u00a0 \u00a0 \u00a0 \u00a0 \u00a0 \u00a0 \u00a0 \u00a0 \u00a0 \u00a0 \u00a0 \u00a0 \u00a0 \u00a0 \u00a0 \u00a0 \u00a0 \u00a0 \u00a0 \u00a0 \u00a0 \u00a0 \u00a0 \u00a0 \u00a0 \u00a0 \u00a0 \u00a0 \u00a0 \u00a0 \u00a0 \u00a0 \u00a0 \u00a0 \u00a0 \u00a0 \u00a0 \u00a0 \u00a0 \u00a0 \u00a0 \u00a0 \u00a0 \u00a0 \u00a0 \u00a0 \u00a0 \u00a0 \u00a0 \u00a0 \u00a0 \u00a0 \u00a0 \u00a0 \u00a0 \u00a0 \u00a0 \u00a0 \u00a0 \u00a0 \u00a0 \u00a0 \u00a0 \u00a0 \u00a0 \u00a0 \u00a0 \u00a0 \u00a0 \u00a0 \u00a0 \u00a0 \u00a0 \u00a0 \u00a0 \u00a0 \u00a0 \u00a0 \u00a0 \u00a0 \u00a0\u00a0Weiter &gt;<\/p>\n","protected":false},"author":1,"featured_media":2706,"parent":0,"menu_order":27,"comment_status":"closed","ping_status":"closed","template":"","meta":{"footnotes":""},"class_list":["post-2707","page","type-page","status-publish","has-post-thumbnail","hentry"],"_links":{"self":[{"href":"https:\/\/welcome-ontour.de\/wordpress\/index.php\/wp-json\/wp\/v2\/pages\/2707","targetHints":{"allow":["GET"]}}],"collection":[{"href":"https:\/\/welcome-ontour.de\/wordpress\/index.php\/wp-json\/wp\/v2\/pages"}],"about":[{"href":"https:\/\/welcome-ontour.de\/wordpress\/index.php\/wp-json\/wp\/v2\/types\/page"}],"author":[{"embeddable":true,"href":"https:\/\/welcome-ontour.de\/wordpress\/index.php\/wp-json\/wp\/v2\/users\/1"}],"replies":[{"embeddable":true,"href":"https:\/\/welcome-ontour.de\/wordpress\/index.php\/wp-json\/wp\/v2\/comments?post=2707"}],"version-history":[{"count":2,"href":"https:\/\/welcome-ontour.de\/wordpress\/index.php\/wp-json\/wp\/v2\/pages\/2707\/revisions"}],"predecessor-version":[{"id":14830,"href":"https:\/\/welcome-ontour.de\/wordpress\/index.php\/wp-json\/wp\/v2\/pages\/2707\/revisions\/14830"}],"wp:featuredmedia":[{"embeddable":true,"href":"https:\/\/welcome-ontour.de\/wordpress\/index.php\/wp-json\/wp\/v2\/media\/2706"}],"wp:attachment":[{"href":"https:\/\/welcome-ontour.de\/wordpress\/index.php\/wp-json\/wp\/v2\/media?parent=2707"}],"curies":[{"name":"wp","href":"https:\/\/api.w.org\/{rel}","templated":true}]}}