{"id":2696,"date":"2013-01-07T10:52:50","date_gmt":"2013-01-07T10:52:50","guid":{"rendered":"https:\/\/welcome-ontour.de\/wordpress\/index.php\/2009-09-24\/"},"modified":"2022-06-30T23:06:17","modified_gmt":"2022-06-30T23:06:17","slug":"2009-09-24","status":"publish","type":"page","link":"https:\/\/welcome-ontour.de\/wordpress\/index.php\/2009-09-24\/","title":{"rendered":"2009 09 24"},"content":{"rendered":"<p style=\"text-align: center;\"><a style=\"font-family: arial, helvetica, sans-serif; font-size: x-small; line-height: 1.3em;\" href=\"https:\/\/welcome-ontour.de\/wordpress\/index.php\/2009-09-09-prolog\/\">prolog<\/a><span style=\"font-family: arial, helvetica, sans-serif; font-size: x-small; line-height: 1.3em;\">\u00a0&#8211;\u00a0<\/span><a style=\"font-family: arial, helvetica, sans-serif; font-size: x-small; line-height: 1.3em;\" href=\"https:\/\/welcome-ontour.de\/wordpress\/index.php\/2009-09-10\/\">hinflug<\/a><span style=\"font-family: arial, helvetica, sans-serif; font-size: x-small; line-height: 1.3em;\">\u00a0&#8211;\u00a0<\/span><a style=\"font-family: arial, helvetica, sans-serif; font-size: x-small; line-height: 1.3em;\" href=\"https:\/\/welcome-ontour.de\/wordpress\/index.php\/2009-09-11\/\">apachee trail<\/a><span style=\"font-family: arial, helvetica, sans-serif; font-size: x-small; line-height: 1.3em;\">\u00a0&#8211;\u00a0<\/span><a style=\"font-family: arial, helvetica, sans-serif; font-size: x-small; line-height: 1.3em;\" href=\"https:\/\/welcome-ontour.de\/wordpress\/index.php\/2009-09-12\/\">el malpais<\/a><span style=\"font-family: arial, helvetica, sans-serif; font-size: x-small; line-height: 1.3em;\">\u00a0&#8211;\u00a0<\/span><a style=\"font-family: arial, helvetica, sans-serif; font-size: x-small; line-height: 1.3em;\" href=\"https:\/\/welcome-ontour.de\/wordpress\/index.php\/2009-09-13\/\">chaco<\/a><span style=\"font-family: arial, helvetica, sans-serif; font-size: x-small; line-height: 1.3em;\">\u00a0&#8211;\u00a0<\/span><a style=\"font-family: arial, helvetica, sans-serif; font-size: x-small; line-height: 1.3em;\" href=\"https:\/\/welcome-ontour.de\/wordpress\/index.php\/2009-09-14\/\">bistis<\/a><span style=\"font-family: arial, helvetica, sans-serif; font-size: x-small; line-height: 1.3em;\">\u00a0&#8211;\u00a0<\/span><a style=\"font-family: arial, helvetica, sans-serif; font-size: x-small; line-height: 1.3em;\" href=\"https:\/\/welcome-ontour.de\/wordpress\/index.php\/2009-09-15\/\">aztec arches \/ mesa verde<\/a><span style=\"font-family: arial, helvetica, sans-serif; font-size: x-small; line-height: 1.3em;\">\u00a0&#8211;\u00a0<\/span><a style=\"font-family: arial, helvetica, sans-serif; font-size: x-small; line-height: 1.3em;\" href=\"https:\/\/welcome-ontour.de\/wordpress\/index.php\/2009-09-16\/\">monument valley<\/a><span style=\"font-family: arial, helvetica, sans-serif; font-size: x-small; line-height: 1.3em;\">\u00a0&#8211;\u00a0<\/span><a style=\"font-family: arial, helvetica, sans-serif; font-size: x-small; line-height: 1.3em;\" href=\"https:\/\/welcome-ontour.de\/wordpress\/index.php\/2009-09-17\/\">page<\/a><span style=\"font-family: arial, helvetica, sans-serif; font-size: x-small; line-height: 1.3em;\">\u00a0 &#8211;\u00a0<\/span><a style=\"font-family: arial, helvetica, sans-serif; font-size: x-small; line-height: 1.3em;\" href=\"https:\/\/welcome-ontour.de\/wordpress\/index.php\/2009-09-18\/\">coal mine \/ blue canyon<\/a><span style=\"font-family: arial, helvetica, sans-serif; font-size: x-small; line-height: 1.3em;\">\u00a0&#8211;\u00a0<\/span><a style=\"font-family: arial, helvetica, sans-serif; font-size: x-small; line-height: 1.3em;\" href=\"https:\/\/welcome-ontour.de\/wordpress\/index.php\/2009-09-19\/\">yellow rock<\/a><span style=\"font-family: arial, helvetica, sans-serif; font-size: x-small; line-height: 1.3em;\">\u00a0&#8211;\u00a0<\/span><a style=\"font-family: arial, helvetica, sans-serif; font-size: x-small; line-height: 1.3em;\" href=\"https:\/\/welcome-ontour.de\/wordpress\/index.php\/2009-09-20\/\">white pocket \/ cbs<\/a><span style=\"font-family: arial, helvetica, sans-serif; font-size: x-small; line-height: 1.3em;\">\u00a0&#8211;\u00a0<\/span><a style=\"font-family: arial, helvetica, sans-serif; font-size: x-small; line-height: 1.3em;\" href=\"https:\/\/welcome-ontour.de\/wordpress\/index.php\/2009-09-22\/\">sedona<\/a><span style=\"font-family: arial, helvetica, sans-serif; font-size: x-small; line-height: 1.3em;\">\u00a0&#8211;\u00a0<\/span><a style=\"font-family: arial, helvetica, sans-serif; font-size: x-small; line-height: 1.3em;\" href=\"https:\/\/welcome-ontour.de\/wordpress\/index.php\/2009-09-25\/\">r\u00fcckflug<\/a><span style=\"font-family: arial, helvetica, sans-serif; font-size: x-small; line-height: 1.3em;\">\u00a0&#8211;\u00a0<\/span><a style=\"font-family: arial, helvetica, sans-serif; font-size: x-small; line-height: 1.3em;\" href=\"https:\/\/welcome-ontour.de\/wordpress\/index.php\/2009-09-27\/\">fazit<\/a><\/p>\n<p style=\"text-align: center;\">\u00a0<\/p>\n<p style=\"text-align: center;\"><a style=\"font-family: arial, helvetica, sans-serif; font-size: small; line-height: 1.3em;\" href=\"https:\/\/welcome-ontour.de\/wordpress\/index.php\/2009-09-23\/\">&lt; Zur\u00fcck<\/a><span style=\"font-family: arial, helvetica, sans-serif; font-size: small; line-height: 1.3em;\">\u00a0 \u00a0 \u00a0 \u00a0 \u00a0 \u00a0 \u00a0 \u00a0 \u00a0 \u00a0 \u00a0 \u00a0 \u00a0 \u00a0 \u00a0 \u00a0 \u00a0 \u00a0 \u00a0 \u00a0 \u00a0 \u00a0 \u00a0 \u00a0 \u00a0 \u00a0 \u00a0 \u00a0 \u00a0 \u00a0 \u00a0 \u00a0 \u00a0 \u00a0 \u00a0 \u00a0 \u00a0 \u00a0 \u00a0 \u00a0 \u00a0 \u00a0 \u00a0 \u00a0 \u00a0 \u00a0 \u00a0 \u00a0 \u00a0 \u00a0 \u00a0 \u00a0 \u00a0 \u00a0 \u00a0 \u00a0 \u00a0 \u00a0 \u00a0 \u00a0 \u00a0 \u00a0 \u00a0 \u00a0 \u00a0 \u00a0 \u00a0 \u00a0 \u00a0 \u00a0 \u00a0 \u00a0 \u00a0 \u00a0 \u00a0 \u00a0 \u00a0 \u00a0 \u00a0 \u00a0 \u00a0 \u00a0 \u00a0 \u00a0 \u00a0 \u00a0 \u00a0 \u00a0 \u00a0 \u00a0 \u00a0 \u00a0 \u00a0 \u00a0 \u00a0 \u00a0 \u00a0 \u00a0 \u00a0 \u00a0 \u00a0 \u00a0\u00a0<\/span><a style=\"font-family: arial, helvetica, sans-serif; font-size: small; line-height: 1.3em;\" href=\"https:\/\/welcome-ontour.de\/wordpress\/index.php\/2009-09-25\/\">Weiter &gt;<\/a><\/p>\n<p style=\"text-align: center;\">\u00a0<\/p>\n<p style=\"text-align: center;\"><span style=\"font-family: arial, helvetica, sans-serif; font-size: medium;\">\u00a0<\/span><\/p>\n<p style=\"text-align: center;\"><strong><span style=\"font-family: arial, helvetica, sans-serif; font-size: medium;\">Do 24.09.2009, 3.Woche, 15.Tag<\/span><\/strong><\/p>\n<p style=\"text-align: center;\"><strong><span style=\"font-family: arial, helvetica, sans-serif; font-size: medium;\">Sedona \u2013 Scottsdale<\/span><\/strong><\/p>\n<p style=\"text-align: center;\"><span style=\"font-family: arial, helvetica, sans-serif; font-size: medium;\">\u00a0<\/span><\/p>\n<p style=\"text-align: center;\"><span style=\"font-family: arial, helvetica, sans-serif; font-size: medium;\">Um acht verlassen wir unser Nummer-Eins-Hotel dieser Tour.<\/span><\/p>\n<p style=\"text-align: center;\"><span style=\"font-family: arial, helvetica, sans-serif; font-size: medium;\">Sedona hat uns diesmal prima gefallen.<\/span><\/p>\n<p style=\"text-align: center;\"><span style=\"font-family: arial, helvetica, sans-serif; font-size: medium;\">Wird wohl nicht unser letzter Besuch hier gewesen sein.<\/span><\/p>\n<p style=\"text-align: center;\"><span style=\"font-family: arial, helvetica, sans-serif; font-size: medium;\">Weil uns danach ist, fahren wir noch mal nach Flagstaff zur Route 66.<\/span><\/p>\n<p style=\"text-align: center;\"><span style=\"font-family: arial, helvetica, sans-serif; font-size: medium;\">Die Fahrt durch den Oak Creek Canyon ist wie immer ein Genu\u00df.<\/span><\/p>\n<p style=\"text-align: center;\"><span style=\"font-family: arial, helvetica, sans-serif; font-size: medium;\">\u00a0<\/span><\/p>\n<p style=\"text-align: center;\"><span style=\"font-family: arial, helvetica, sans-serif; font-size: medium;\"><img decoding=\"async\" class=\" size-full wp-image-2692\" title=\"Oak Creek Canyon\" src=\"https:\/\/welcome-ontour.de\/wordpress\/wp-content\/uploads\/2013\/01\/phoca_thumb_l_2009-09-24-01-img_7405.jpg\" width=\"600\" height=\"452\" border=\"0\" srcset=\"https:\/\/welcome-ontour.de\/wordpress\/wp-content\/uploads\/2013\/01\/phoca_thumb_l_2009-09-24-01-img_7405.jpg 600w, https:\/\/welcome-ontour.de\/wordpress\/wp-content\/uploads\/2013\/01\/phoca_thumb_l_2009-09-24-01-img_7405-300x226.jpg 300w\" sizes=\"(max-width: 600px) 100vw, 600px\" \/><\/span><\/p>\n<p style=\"text-align: center;\"><span style=\"font-family: arial, helvetica, sans-serif; font-size: medium;\">\u00a0<\/span><\/p>\n<p style=\"text-align: center;\"><span style=\"font-family: arial, helvetica, sans-serif; font-size: medium;\"><img decoding=\"async\" class=\" size-full wp-image-2693\" title=\"Oak Creek Canyon\" src=\"https:\/\/welcome-ontour.de\/wordpress\/wp-content\/uploads\/2013\/01\/phoca_thumb_l_2009-09-24-02-img_7406.jpg\" width=\"600\" height=\"452\" border=\"0\" srcset=\"https:\/\/welcome-ontour.de\/wordpress\/wp-content\/uploads\/2013\/01\/phoca_thumb_l_2009-09-24-02-img_7406.jpg 600w, https:\/\/welcome-ontour.de\/wordpress\/wp-content\/uploads\/2013\/01\/phoca_thumb_l_2009-09-24-02-img_7406-300x226.jpg 300w\" sizes=\"(max-width: 600px) 100vw, 600px\" \/><\/span><\/p>\n<p style=\"text-align: center;\"><span style=\"font-family: arial, helvetica, sans-serif; font-size: medium;\">\u00a0<\/span><\/p>\n<p style=\"text-align: center;\"><span style=\"font-family: arial, helvetica, sans-serif; font-size: medium;\">F\u00fcr empfindliche Nasen aber nicht unbedingt.<\/span><\/p>\n<p style=\"text-align: center;\"><span style=\"font-family: arial, helvetica, sans-serif; font-size: medium;\">Der Scenic Highway k\u00f6nnte morgens auch \u201eDead Skunk Road\u201c hei\u00dfen.<\/span><\/p>\n<p style=\"text-align: center;\"><span style=\"font-family: arial, helvetica, sans-serif; font-size: medium;\">Man riecht sie, bevor man sie sieht.<\/span><\/p>\n<p style=\"text-align: center;\"><span style=\"font-family: arial, helvetica, sans-serif; font-size: medium;\">Um neun sitzen wir in unserem Stamm-Dennys im S\u00fcden Flagstaffs zum Breakfast.<\/span><\/p>\n<p style=\"text-align: center;\"><span style=\"font-family: arial, helvetica, sans-serif; font-size: medium;\">Kurz danach besuchen wir das Visitorcenter am Bahnhof<\/span><\/p>\n<p style=\"text-align: center;\"><span style=\"font-family: arial, helvetica, sans-serif; font-size: medium;\">und tanken in Flagstaff den Buick noch mal halbvoll.<\/span><\/p>\n<p style=\"text-align: center;\"><span style=\"font-family: arial, helvetica, sans-serif; font-size: medium;\">\u00a0<\/span><\/p>\n<p style=\"text-align: center;\"><span style=\"font-family: arial, helvetica, sans-serif; font-size: medium;\"><img decoding=\"async\" class=\" size-full wp-image-2694\" title=\"Flagstaff Route 66 Beute ...\" src=\"https:\/\/welcome-ontour.de\/wordpress\/wp-content\/uploads\/2013\/01\/phoca_thumb_l_2009-09-24-03-img_7408.jpg\" width=\"600\" height=\"410\" border=\"0\" srcset=\"https:\/\/welcome-ontour.de\/wordpress\/wp-content\/uploads\/2013\/01\/phoca_thumb_l_2009-09-24-03-img_7408.jpg 600w, https:\/\/welcome-ontour.de\/wordpress\/wp-content\/uploads\/2013\/01\/phoca_thumb_l_2009-09-24-03-img_7408-300x205.jpg 300w\" sizes=\"(max-width: 600px) 100vw, 600px\" \/><\/span><\/p>\n<p style=\"text-align: center;\"><span style=\"font-family: arial, helvetica, sans-serif; font-size: medium;\">\u00a0<\/span><\/p>\n<p style=\"text-align: center;\"><span style=\"font-family: arial, helvetica, sans-serif; font-size: medium;\">Dann geht es auf die Interstate 17, die uns in zwei Stunden in den Gro\u00dfraum Phoenix bringt.<\/span><\/p>\n<p style=\"text-align: center;\"><span style=\"font-family: arial, helvetica, sans-serif; font-size: medium;\">Von 7.500 Fu\u00df auf 1.000, verbunden mit einem deutlich sp\u00fcrbaren Temperaturunterschied.<\/span><\/p>\n<p style=\"text-align: center;\"><span style=\"font-family: arial, helvetica, sans-serif; font-size: medium;\">\u00a0Um zehn sind wir in Flagstaff bei 51\u00b0F gestartet.<\/span><\/p>\n<p style=\"text-align: center;\"><span style=\"font-family: arial, helvetica, sans-serif; font-size: medium;\">Als wir an der Shopping Mall in der Happy Valley Road in North Phoenix den Parkplatz erreichen,<\/span><\/p>\n<p style=\"text-align: center;\"><span style=\"font-family: arial, helvetica, sans-serif; font-size: medium;\">zeigt das Autothermometer 105\u00b0F an.<\/span><\/p>\n<p style=\"text-align: center;\"><span style=\"font-family: arial, helvetica, sans-serif; font-size: medium;\">Nach einem weiteren Zwischenstopp bei Abercrombie and Fitch sind wir etwa um drei in Scottsdale.<\/span><\/p>\n<p style=\"text-align: center;\"><span style=\"font-family: arial, helvetica, sans-serif; font-size: medium;\">Priceline hat uns das 3* Clarion zugewiesen.<\/span><\/p>\n<p style=\"text-align: center;\"><span style=\"font-family: arial, helvetica, sans-serif; font-size: medium;\">Ein \u00e4lteres, aber sauberes Hotel mit einer herrlichen Poolanlage.<\/span><\/p>\n<p style=\"text-align: center;\"><span style=\"font-family: arial, helvetica, sans-serif; font-size: medium;\">\u00a0<\/span><\/p>\n<p style=\"text-align: center;\"><span style=\"font-family: arial, helvetica, sans-serif; font-size: medium;\"><img decoding=\"async\" class=\" size-full wp-image-2695\" title=\"Clarion Scottsdale Poolarea\" src=\"https:\/\/welcome-ontour.de\/wordpress\/wp-content\/uploads\/2013\/01\/phoca_thumb_l_2009-09-24-04-img_7411.jpg\" width=\"600\" height=\"452\" border=\"0\" srcset=\"https:\/\/welcome-ontour.de\/wordpress\/wp-content\/uploads\/2013\/01\/phoca_thumb_l_2009-09-24-04-img_7411.jpg 600w, https:\/\/welcome-ontour.de\/wordpress\/wp-content\/uploads\/2013\/01\/phoca_thumb_l_2009-09-24-04-img_7411-300x226.jpg 300w\" sizes=\"(max-width: 600px) 100vw, 600px\" \/><\/span><\/p>\n<p style=\"text-align: center;\"><span style=\"font-family: arial, helvetica, sans-serif; font-size: medium;\">\u00a0<\/span><\/p>\n<p style=\"text-align: center;\"><span style=\"font-family: arial, helvetica, sans-serif; font-size: medium;\">Beim einchecken fragen wir gleich nach, ob wir morgen bis um drei im Zimmer bleiben d\u00fcrfen.<\/span><\/p>\n<p style=\"text-align: center;\"><span style=\"font-family: arial, helvetica, sans-serif; font-size: medium;\">\u201eKlar, kein Problem!\u201c<\/span><\/p>\n<p style=\"text-align: center;\"><span style=\"font-family: arial, helvetica, sans-serif; font-size: medium;\">Dort verbringen wir bei der fast unertr\u00e4glichen Hitze die n\u00e4chsten 2 Stunden im Schatten.<\/span><\/p>\n<p style=\"text-align: center;\"><span style=\"font-family: arial, helvetica, sans-serif; font-size: medium;\">P\u00fcnktlich 19:20 melden wir uns \u00fcbers Internet bei Britisch Airways zum Online Checkin.<\/span><\/p>\n<p style=\"text-align: center;\"><span style=\"font-family: arial, helvetica, sans-serif; font-size: medium;\">Abends fahren wir ins King B\u00fcffet zum Chinesen, drehen eine Runde<\/span><\/p>\n<p style=\"text-align: center;\"><span style=\"font-family: arial, helvetica, sans-serif; font-size: medium;\">durch die fast schon leere Oldtown Scottsdale und sind halb elf wieder zu Hause.<\/span><\/p>\n<p style=\"text-align: center;\"><span style=\"font-family: arial, helvetica, sans-serif; font-size: medium;\">Im Garten des Clarion gibt es bei immer noch \u00fcber 100\u00b0F eisgek\u00fchlte Getr\u00e4nke.<\/span><\/p>\n<p style=\"text-align: center;\"><span style=\"font-family: arial, helvetica, sans-serif; font-size: medium;\">Erst nach zw\u00f6lf ist Schluss f\u00fcr heute.<\/span><\/p>\n<p style=\"text-align: center;\"><span style=\"font-family: arial, helvetica, sans-serif; font-size: medium;\">\u00a0<\/span><\/p>\n<p style=\"text-align: center;\"><span style=\"font-family: arial, helvetica, sans-serif; font-size: medium;\">Gefahrene Meilen \/ Kilometer:\u00a0 210 \/ 338<\/span><\/p>\n<p style=\"text-align: center;\"><span style=\"font-family: arial, helvetica, sans-serif; font-size: medium;\">\u00a0<\/span><\/p>\n<p style=\"text-align: center;\"><span style=\"font-family: arial, helvetica, sans-serif; font-size: medium;\">\u00dcbernachtung:\u00a0 <a href=\"http:\/\/clarionscottsdale.com\/\" target=\"_blank\" rel=\"noopener noreferrer\">clarion<\/a>, scottsdale, arizona $38\u00a0\u00a0 ***<\/span><\/p>\n<p style=\"text-align: center;\"><span style=\"font-family: arial, helvetica, sans-serif; font-size: medium;\">\u00a0<\/span><\/p>\n<p style=\"text-align: center;\"><span style=\"font-family: arial, helvetica, sans-serif; font-size: medium;\"><span style=\"font-size: small;\"><a href=\"https:\/\/welcome-ontour.de\/wordpress\/index.php\/2009-09-23\/\">&lt; Zur\u00fcck<\/a>\u00a0 \u00a0 \u00a0 \u00a0 \u00a0 \u00a0 \u00a0 \u00a0 \u00a0 \u00a0 \u00a0 \u00a0 \u00a0 \u00a0 \u00a0 \u00a0 \u00a0 \u00a0 \u00a0 \u00a0 \u00a0 \u00a0 \u00a0 \u00a0 \u00a0 \u00a0 \u00a0 \u00a0 \u00a0 \u00a0 \u00a0 \u00a0 \u00a0 \u00a0 \u00a0 \u00a0 \u00a0 \u00a0 \u00a0 \u00a0 \u00a0 \u00a0 \u00a0 \u00a0 \u00a0 \u00a0 \u00a0 \u00a0 \u00a0 \u00a0 \u00a0 \u00a0 \u00a0 \u00a0 \u00a0 \u00a0 \u00a0 \u00a0 \u00a0 \u00a0 \u00a0 \u00a0 \u00a0 \u00a0 \u00a0 \u00a0 \u00a0 \u00a0 \u00a0 \u00a0 \u00a0 \u00a0 \u00a0 \u00a0 \u00a0 \u00a0 \u00a0 \u00a0 \u00a0 \u00a0 \u00a0 \u00a0 \u00a0 \u00a0 \u00a0 \u00a0 \u00a0 \u00a0 \u00a0 \u00a0 \u00a0 \u00a0 \u00a0 \u00a0 \u00a0 \u00a0 \u00a0 \u00a0 \u00a0 \u00a0 \u00a0 \u00a0\u00a0<a href=\"https:\/\/welcome-ontour.de\/wordpress\/index.php\/2009-09-25\/\">Weiter &gt;<\/a><\/span>\u00a0<\/span><\/p>\n","protected":false},"excerpt":{"rendered":"<p>prolog\u00a0&#8211;\u00a0hinflug\u00a0&#8211;\u00a0apachee trail\u00a0&#8211;\u00a0el malpais\u00a0&#8211;\u00a0chaco\u00a0&#8211;\u00a0bistis\u00a0&#8211;\u00a0aztec arches \/ mesa verde\u00a0&#8211;\u00a0monument valley\u00a0&#8211;\u00a0page\u00a0 &#8211;\u00a0coal mine \/ blue canyon\u00a0&#8211;\u00a0yellow rock\u00a0&#8211;\u00a0white pocket \/ cbs\u00a0&#8211;\u00a0sedona\u00a0&#8211;\u00a0r\u00fcckflug\u00a0&#8211;\u00a0fazit \u00a0 &lt; Zur\u00fcck\u00a0 \u00a0 \u00a0 \u00a0 \u00a0 \u00a0 \u00a0 \u00a0 \u00a0 \u00a0 \u00a0 \u00a0 \u00a0 \u00a0 \u00a0 \u00a0 \u00a0 \u00a0 \u00a0 \u00a0 \u00a0 \u00a0 \u00a0 \u00a0 \u00a0 \u00a0 \u00a0 \u00a0 \u00a0 \u00a0 \u00a0 \u00a0 \u00a0 \u00a0 \u00a0 \u00a0 \u00a0 \u00a0 \u00a0 \u00a0 \u00a0 \u00a0 \u00a0 \u00a0 \u00a0 \u00a0 \u00a0 \u00a0 \u00a0 \u00a0 \u00a0 \u00a0 \u00a0 \u00a0 \u00a0 \u00a0 \u00a0 \u00a0 \u00a0 \u00a0 \u00a0 \u00a0 \u00a0 \u00a0 \u00a0 \u00a0 \u00a0 \u00a0 \u00a0 \u00a0 \u00a0 \u00a0 \u00a0 \u00a0 \u00a0 \u00a0 \u00a0 \u00a0 \u00a0 \u00a0 \u00a0 \u00a0 \u00a0 \u00a0 \u00a0 \u00a0 \u00a0 \u00a0 \u00a0 \u00a0 \u00a0 \u00a0 \u00a0 \u00a0 \u00a0 \u00a0 \u00a0 \u00a0 \u00a0 \u00a0 \u00a0 \u00a0\u00a0Weiter &gt; \u00a0 \u00a0 Do 24.09.2009, 3.Woche, 15.Tag Sedona \u2013 Scottsdale \u00a0 Um acht verlassen wir unser Nummer-Eins-Hotel dieser Tour. Sedona hat uns diesmal prima gefallen. Wird wohl nicht unser letzter Besuch hier gewesen sein. Weil uns danach ist, fahren wir noch mal nach Flagstaff zur Route 66. Die Fahrt durch den Oak Creek Canyon ist wie immer ein Genu\u00df. \u00a0 \u00a0 \u00a0 F\u00fcr empfindliche Nasen aber nicht unbedingt. Der Scenic Highway k\u00f6nnte morgens auch \u201eDead Skunk Road\u201c hei\u00dfen. Man riecht sie, bevor man sie sieht. Um neun sitzen wir in unserem Stamm-Dennys im S\u00fcden Flagstaffs zum Breakfast. Kurz danach besuchen wir das Visitorcenter am Bahnhof und tanken in Flagstaff den Buick noch mal halbvoll. \u00a0 \u00a0 Dann geht es auf die Interstate 17, die uns in zwei Stunden in den Gro\u00dfraum Phoenix bringt. Von 7.500 Fu\u00df auf 1.000, verbunden mit einem deutlich sp\u00fcrbaren Temperaturunterschied. \u00a0Um zehn sind wir in Flagstaff bei 51\u00b0F gestartet. Als wir an der Shopping Mall in der Happy Valley Road in North Phoenix den Parkplatz erreichen, zeigt das Autothermometer 105\u00b0F an. Nach einem weiteren Zwischenstopp bei Abercrombie and Fitch sind wir etwa um drei in Scottsdale. Priceline hat uns das 3* Clarion zugewiesen. Ein \u00e4lteres, aber sauberes Hotel mit einer herrlichen Poolanlage. \u00a0 \u00a0 Beim einchecken fragen wir gleich nach, ob wir morgen bis um drei im Zimmer bleiben d\u00fcrfen. \u201eKlar, kein Problem!\u201c Dort verbringen wir bei der fast unertr\u00e4glichen Hitze die n\u00e4chsten 2 Stunden im Schatten. P\u00fcnktlich 19:20 melden wir uns \u00fcbers Internet bei Britisch Airways zum Online Checkin. Abends fahren wir ins King B\u00fcffet zum Chinesen, drehen eine Runde durch die fast schon leere Oldtown Scottsdale und sind halb elf wieder zu Hause. Im Garten des Clarion gibt es bei immer noch \u00fcber 100\u00b0F eisgek\u00fchlte Getr\u00e4nke. Erst nach zw\u00f6lf ist Schluss f\u00fcr heute. \u00a0 Gefahrene Meilen \/ Kilometer:\u00a0 210 \/ 338 \u00a0 \u00dcbernachtung:\u00a0 clarion, scottsdale, arizona $38\u00a0\u00a0 *** \u00a0 &lt; Zur\u00fcck\u00a0 \u00a0 \u00a0 \u00a0 \u00a0 \u00a0 \u00a0 \u00a0 \u00a0 \u00a0 \u00a0 \u00a0 \u00a0 \u00a0 \u00a0 \u00a0 \u00a0 \u00a0 \u00a0 \u00a0 \u00a0 \u00a0 \u00a0 \u00a0 \u00a0 \u00a0 \u00a0 \u00a0 \u00a0 \u00a0 \u00a0 \u00a0 \u00a0 \u00a0 \u00a0 \u00a0 \u00a0 \u00a0 \u00a0 \u00a0 \u00a0 \u00a0 \u00a0 \u00a0 \u00a0 \u00a0 \u00a0 \u00a0 \u00a0 \u00a0 \u00a0 \u00a0 \u00a0 \u00a0 \u00a0 \u00a0 \u00a0 \u00a0 \u00a0 \u00a0 \u00a0 \u00a0 \u00a0 \u00a0 \u00a0 \u00a0 \u00a0 \u00a0 \u00a0 \u00a0 \u00a0 \u00a0 \u00a0 \u00a0 \u00a0 \u00a0 \u00a0 \u00a0 \u00a0 \u00a0 \u00a0 \u00a0 \u00a0 \u00a0 \u00a0 \u00a0 \u00a0 \u00a0 \u00a0 \u00a0 \u00a0 \u00a0 \u00a0 \u00a0 \u00a0 \u00a0 \u00a0 \u00a0 \u00a0 \u00a0 \u00a0 \u00a0\u00a0Weiter &gt;\u00a0<\/p>\n","protected":false},"author":1,"featured_media":2692,"parent":0,"menu_order":3,"comment_status":"closed","ping_status":"closed","template":"","meta":{"footnotes":""},"class_list":["post-2696","page","type-page","status-publish","has-post-thumbnail","hentry"],"_links":{"self":[{"href":"https:\/\/welcome-ontour.de\/wordpress\/index.php\/wp-json\/wp\/v2\/pages\/2696","targetHints":{"allow":["GET"]}}],"collection":[{"href":"https:\/\/welcome-ontour.de\/wordpress\/index.php\/wp-json\/wp\/v2\/pages"}],"about":[{"href":"https:\/\/welcome-ontour.de\/wordpress\/index.php\/wp-json\/wp\/v2\/types\/page"}],"author":[{"embeddable":true,"href":"https:\/\/welcome-ontour.de\/wordpress\/index.php\/wp-json\/wp\/v2\/users\/1"}],"replies":[{"embeddable":true,"href":"https:\/\/welcome-ontour.de\/wordpress\/index.php\/wp-json\/wp\/v2\/comments?post=2696"}],"version-history":[{"count":1,"href":"https:\/\/welcome-ontour.de\/wordpress\/index.php\/wp-json\/wp\/v2\/pages\/2696\/revisions"}],"predecessor-version":[{"id":3096,"href":"https:\/\/welcome-ontour.de\/wordpress\/index.php\/wp-json\/wp\/v2\/pages\/2696\/revisions\/3096"}],"wp:featuredmedia":[{"embeddable":true,"href":"https:\/\/welcome-ontour.de\/wordpress\/index.php\/wp-json\/wp\/v2\/media\/2692"}],"wp:attachment":[{"href":"https:\/\/welcome-ontour.de\/wordpress\/index.php\/wp-json\/wp\/v2\/media?parent=2696"}],"curies":[{"name":"wp","href":"https:\/\/api.w.org\/{rel}","templated":true}]}}