{"id":25389,"date":"2025-06-30T08:44:34","date_gmt":"2025-06-30T08:44:34","guid":{"rendered":"https:\/\/welcome-ontour.de\/wordpress\/?page_id=25389"},"modified":"2025-12-11T11:13:33","modified_gmt":"2025-12-11T11:13:33","slug":"2025-05-21-prolog","status":"publish","type":"page","link":"https:\/\/welcome-ontour.de\/wordpress\/index.php\/2025-05-21-prolog\/","title":{"rendered":"2025 05 21 prolog"},"content":{"rendered":"<p style=\"text-align: center;\"><span style=\"font-family: arial, helvetica, sans-serif; font-size: 8pt; color: #000000;\"><a style=\"color: #000000;\" href=\"https:\/\/welcome-ontour.de\/wordpress\/index.php\/2025-05-21-prolog\/\">Prolog<\/a>\u00a0 \u00a0 \u00a0<a style=\"color: #000000;\" href=\"https:\/\/welcome-ontour.de\/wordpress\/index.php\/2025-05-22\">Anreise<\/a>\u00a0 \u00a0 \u00a0<a style=\"color: #000000;\" href=\"https:\/\/welcome-ontour.de\/wordpress\/index.php\/2025-05-24\">Praslin (Lazio)<\/a>\u00a0 \u00a0 \u00a0<a style=\"color: #000000;\" href=\"https:\/\/welcome-ontour.de\/wordpress\/index.php\/2025-05-25\">Curieuse<\/a>\u00a0 \u00a0 \u00a0<a style=\"color: #000000;\" href=\"https:\/\/welcome-ontour.de\/wordpress\/index.php\/2025-05-26\">Georgette<\/a>\u00a0 \u00a0 \u00a0<a style=\"color: #000000;\" href=\"https:\/\/welcome-ontour.de\/wordpress\/index.php\/2025-05-27\">Valle de Mai<\/a>\u00a0 \u00a0 \u00a0<a style=\"color: #000000;\" href=\"https:\/\/welcome-ontour.de\/wordpress\/index.php\/2025-05-29\">La Digue<\/a>\u00a0 \u00a0 \u00a0<a style=\"color: #000000;\" href=\"https:\/\/welcome-ontour.de\/wordpress\/index.php\/2025-05-30\">Source Argent 1<\/a>\u00a0 \u00a0 \u00a0<a style=\"color: #000000;\" href=\"https:\/\/welcome-ontour.de\/wordpress\/index.php\/2025-05-31\">Patates<\/a><\/span><\/p>\n<p style=\"text-align: center;\"><span style=\"font-family: arial, helvetica, sans-serif; font-size: 8pt; color: #000000;\"><a style=\"color: #000000;\" href=\"https:\/\/welcome-ontour.de\/wordpress\/index.php\/2025-06-01\">Grand \/ Petit<\/a>\u00a0 \u00a0 \u00a0<a style=\"color: #000000;\" href=\"https:\/\/welcome-ontour.de\/wordpress\/index.php\/2025-06-02\">Source Argent 2<\/a>\u00a0 \u00a0 \u00a0<a style=\"color: #000000;\" href=\"https:\/\/welcome-ontour.de\/wordpress\/index.php\/2025-06-03\">Severe<\/a>\u00a0 \u00a0 \u00a0<a style=\"color: #000000;\" href=\"https:\/\/welcome-ontour.de\/wordpress\/index.php\/2025-06-04\">Mahe<\/a>\u00a0 \u00a0 \u00a0<a style=\"color: #000000;\" href=\"https:\/\/welcome-ontour.de\/wordpress\/index.php\/2025-06-05\">Hospital<\/a>\u00a0 \u00a0 \u00a0<a style=\"color: #000000;\" href=\"https:\/\/welcome-ontour.de\/wordpress\/index.php\/2025-06-06\">Jardin du Roi<\/a>\u00a0 \u00a0 \u00a0 <a style=\"color: #000000;\" href=\"https:\/\/welcome-ontour.de\/wordpress\/index.php\/2025-06-07\">Petit Anse<\/a>\u00a0 \u00a0 \u00a0<a style=\"color: #000000;\" href=\"https:\/\/welcome-ontour.de\/wordpress\/index.php\/2025-06-08\">Takamaka<\/a>\u00a0 \u00a0 \u00a0<a style=\"color: #000000;\" href=\"https:\/\/welcome-ontour.de\/wordpress\/index.php\/2025-06-09\">La Mouche<\/a>\u00a0 \u00a0 \u00a0<a style=\"color: #000000;\" href=\"https:\/\/welcome-ontour.de\/wordpress\/index.php\/2025-06-10\">Abreise<\/a>\u00a0 \u00a0 \u00a0<a style=\"color: #000000;\" href=\"https:\/\/welcome-ontour.de\/wordpress\/index.php\/2025-06-12\">Fazit<\/a><\/span><\/p>\n<p style=\"text-align: center;\">\u00a0<\/p>\n<p style=\"text-align: center;\"><span style=\"font-family: arial, helvetica, sans-serif; font-size: 12pt;\"><a href=\"https:\/\/welcome-ontour.de\/wordpress\/index.php\/reiseberichte\/\"><img decoding=\"async\" class=\"alignleft wp-image-25390\" src=\"https:\/\/welcome-ontour.de\/wordpress\/wp-content\/uploads\/2025\/06\/2025-05-21-01.jpg\" alt=\"\" width=\"80\" height=\"33\" \/><\/a>\u00a0 <a href=\"https:\/\/welcome-ontour.de\/wordpress\/index.php\/2025-05-22\"><img decoding=\"async\" class=\"alignright wp-image-25391\" src=\"https:\/\/welcome-ontour.de\/wordpress\/wp-content\/uploads\/2025\/06\/2025-05-21-02.jpg\" alt=\"\" width=\"80\" height=\"33\" \/><\/a><\/span><\/p>\n<p style=\"text-align: center;\"><span style=\"font-size: 24pt;\"><strong><span style=\"font-family: arial, helvetica, sans-serif;\">Laguna Sunrise<\/span><\/strong><\/span><\/p>\n<p>&nbsp;<\/p>\n<p style=\"text-align: center;\"><strong><span style=\"font-family: arial, helvetica, sans-serif; font-size: 18pt;\">Seychellen 2025<\/span><\/strong><\/p>\n<p>&nbsp;<\/p>\n<p style=\"text-align: center;\"><span style=\"font-family: arial, helvetica, sans-serif; font-size: 12pt;\"><a href=\"https:\/\/welcome-ontour.de\/wordpress\/wp-content\/uploads\/2025\/06\/2025-05-21-03.jpg\" target=\"_blank\" rel=\"noopener\"><img decoding=\"async\" class=\"wp-image-25392 aligncenter\" title=\"DREAMS\" src=\"https:\/\/welcome-ontour.de\/wordpress\/wp-content\/uploads\/2025\/06\/2025-05-21-03.jpg\" alt=\"\" width=\"810\" height=\"302\" srcset=\"https:\/\/welcome-ontour.de\/wordpress\/wp-content\/uploads\/2025\/06\/2025-05-21-03.jpg 2006w, https:\/\/welcome-ontour.de\/wordpress\/wp-content\/uploads\/2025\/06\/2025-05-21-03-300x112.jpg 300w, https:\/\/welcome-ontour.de\/wordpress\/wp-content\/uploads\/2025\/06\/2025-05-21-03-700x261.jpg 700w, https:\/\/welcome-ontour.de\/wordpress\/wp-content\/uploads\/2025\/06\/2025-05-21-03-768x286.jpg 768w, https:\/\/welcome-ontour.de\/wordpress\/wp-content\/uploads\/2025\/06\/2025-05-21-03-1536x572.jpg 1536w, https:\/\/welcome-ontour.de\/wordpress\/wp-content\/uploads\/2025\/06\/2025-05-21-03-1140x425.jpg 1140w\" sizes=\"(max-width: 810px) 100vw, 810px\" \/><\/a><\/span><\/p>\n<p>&nbsp;<\/p>\n<p style=\"text-align: center;\"><strong><span style=\"font-family: arial, helvetica, sans-serif; font-size: 14pt;\">Prolog<\/span><\/strong><\/p>\n<p>&nbsp;<\/p>\n<p style=\"text-align: center;\"><span style=\"font-family: arial, helvetica, sans-serif; font-size: 12pt;\">Bereits im Sommer 2024 entscheiden wir uns f\u00fcr einen Trip zu den Seychellen.<\/span><\/p>\n<p style=\"text-align: center;\"><span style=\"font-family: arial, helvetica, sans-serif; font-size: 12pt;\">Einerseits wollten wir schon immer mal dort hin.<\/span><\/p>\n<p style=\"text-align: center;\"><span style=\"font-family: arial, helvetica, sans-serif; font-size: 12pt;\">Andererseits war uns schon zu dieser Zeit klar, was sich in den USA entwickeln k\u00f6nnte.<\/span><\/p>\n<p style=\"text-align: center;\"><span style=\"font-family: arial, helvetica, sans-serif; font-size: 12pt;\">Reisezeit wird Mai\/Juni 2025 sein.<\/span><\/p>\n<p style=\"text-align: center;\"><span style=\"font-family: arial, helvetica, sans-serif; font-size: 12pt;\">Da bleibt genug Zeit, sich um alles N\u00f6tige zu k\u00fcmmern.<\/span><\/p>\n<p style=\"text-align: center;\"><span style=\"font-family: arial, helvetica, sans-serif; font-size: 12pt;\">Wir werden mit Qatar Airways fliegen.<\/span><\/p>\n<p style=\"text-align: center;\"><span style=\"font-family: arial, helvetica, sans-serif; font-size: 12pt;\">Die fliegen von Berlin und wir brauchen nur einmal in Doha umsteigen.<\/span><\/p>\n<p>&nbsp;<\/p>\n<p style=\"text-align: center;\"><span style=\"font-family: arial, helvetica, sans-serif; font-size: 12pt;\"><img decoding=\"async\" class=\"wp-image-25393 aligncenter\" src=\"https:\/\/welcome-ontour.de\/wordpress\/wp-content\/uploads\/2025\/06\/2025-05-21-04.jpg\" alt=\"\" width=\"555\" height=\"476\" srcset=\"https:\/\/welcome-ontour.de\/wordpress\/wp-content\/uploads\/2025\/06\/2025-05-21-04.jpg 1006w, https:\/\/welcome-ontour.de\/wordpress\/wp-content\/uploads\/2025\/06\/2025-05-21-04-300x257.jpg 300w, https:\/\/welcome-ontour.de\/wordpress\/wp-content\/uploads\/2025\/06\/2025-05-21-04-700x600.jpg 700w, https:\/\/welcome-ontour.de\/wordpress\/wp-content\/uploads\/2025\/06\/2025-05-21-04-768x659.jpg 768w\" sizes=\"(max-width: 555px) 100vw, 555px\" \/><\/span><\/p>\n<p>&nbsp;<\/p>\n<p style=\"text-align: center;\"><span style=\"font-family: arial, helvetica, sans-serif; font-size: 12pt;\">Die kurzen Inselfl\u00fcge werden von Air Seychelles durchgef\u00fchrt.<\/span><\/p>\n<p style=\"text-align: center;\"><span style=\"font-family: arial, helvetica, sans-serif; font-size: 12pt;\">Bei drei Wochen Reisezeit f\u00e4llt die Aufteilung nicht schwer.<\/span><\/p>\n<p style=\"text-align: center;\"><span style=\"font-family: arial, helvetica, sans-serif; font-size: 12pt;\">Eine Woche pro Insel in der Reihenfolge Praslin, La Digue und Mahe.<\/span><\/p>\n<p>&nbsp;<\/p>\n<p><img decoding=\"async\" class=\"aligncenter wp-image-25410\" src=\"https:\/\/welcome-ontour.de\/wordpress\/wp-content\/uploads\/2025\/06\/2025-05-21-04b.jpg\" alt=\"\" width=\"400\" height=\"314\" srcset=\"https:\/\/welcome-ontour.de\/wordpress\/wp-content\/uploads\/2025\/06\/2025-05-21-04b.jpg 510w, https:\/\/welcome-ontour.de\/wordpress\/wp-content\/uploads\/2025\/06\/2025-05-21-04b-300x235.jpg 300w\" sizes=\"(max-width: 400px) 100vw, 400px\" \/><\/p>\n<p>&nbsp;<\/p>\n<p style=\"text-align: center;\"><span style=\"font-family: arial, helvetica, sans-serif; font-size: 12pt;\">Passende Unterk\u00fcnfte buchen wir 10 Monate im Voraus, Mietwagen f\u00fcr Praslin und Mahe ebenfalls.<\/span><\/p>\n<p style=\"text-align: center;\"><span style=\"font-family: arial, helvetica, sans-serif; font-size: 12pt;\">Alles ist gebucht und gr\u00f6\u00dftenteils bezahlt, jetzt hei\u00dft es warten.<\/span><\/p>\n<p style=\"text-align: center;\"><span style=\"font-family: arial, helvetica, sans-serif; font-size: 12pt;\">Nach monatelanger Ungeduld ist es dann bald soweit.<\/span><\/p>\n<p style=\"text-align: center;\"><span style=\"font-family: arial, helvetica, sans-serif; font-size: 12pt;\">Wir sind online eingecheckt und das Minigep\u00e4ck ist verstaut.<\/span><\/p>\n<p style=\"text-align: center;\"><span style=\"font-family: arial, helvetica, sans-serif; font-size: 12pt;\">Nur mit Handgep\u00e4ck unterwegs zu sein, ist bei Qatar Airways eine Herausforderung.<\/span><\/p>\n<p style=\"text-align: center;\"><span style=\"font-family: arial, helvetica, sans-serif; font-size: 12pt;\">Maximale Gr\u00f6\u00dfe des Kabinentrolleys 45x35x20 cm und nicht schwerer als 7 kg.<\/span><\/p>\n<p style=\"text-align: center;\"><span style=\"font-family: arial, helvetica, sans-serif; font-size: 12pt;\">Wir haben uns extra zwei passende ultraleichte Samsonite Upseater gekauft, <\/span><\/p>\n<p style=\"text-align: center;\"><span style=\"font-family: arial, helvetica, sans-serif; font-size: 12pt;\">die dann sp\u00e4ter auch bei Easyjet passen.<\/span><\/p>\n<p>&nbsp;<\/p>\n<p style=\"text-align: center;\"><span style=\"font-family: arial, helvetica, sans-serif; font-size: 12pt;\"><img decoding=\"async\" class=\"wp-image-25394 aligncenter\" src=\"https:\/\/welcome-ontour.de\/wordpress\/wp-content\/uploads\/2025\/06\/2025-05-21-05.jpg\" alt=\"\" width=\"100\" height=\"74\" \/><\/span><\/p>\n<p style=\"text-align: center;\"><span style=\"font-family: arial, helvetica, sans-serif; font-size: 12pt;\"><a href=\"https:\/\/welcome-ontour.de\/wordpress\/index.php\/reiseberichte\/\"><img decoding=\"async\" class=\"alignleft wp-image-25390\" src=\"https:\/\/welcome-ontour.de\/wordpress\/wp-content\/uploads\/2025\/06\/2025-05-21-01.jpg\" alt=\"\" width=\"80\" height=\"33\" \/><\/a>\u00a0 <a href=\"https:\/\/welcome-ontour.de\/wordpress\/index.php\/2025-05-22\"><img decoding=\"async\" class=\"alignright wp-image-25391\" src=\"https:\/\/welcome-ontour.de\/wordpress\/wp-content\/uploads\/2025\/06\/2025-05-21-02.jpg\" alt=\"\" width=\"80\" height=\"33\" \/><\/a><\/span><\/p>\n<p style=\"text-align: center;\">\u00a0<\/p>\n","protected":false},"excerpt":{"rendered":"<p>Prolog\u00a0 \u00a0 \u00a0Anreise\u00a0 \u00a0 \u00a0Praslin (Lazio)\u00a0 \u00a0 \u00a0Curieuse\u00a0 \u00a0 \u00a0Georgette\u00a0 \u00a0 \u00a0Valle de Mai\u00a0 \u00a0 \u00a0La Digue\u00a0 \u00a0 \u00a0Source Argent 1\u00a0 \u00a0 \u00a0Patates Grand \/ Petit\u00a0 \u00a0 \u00a0Source Argent 2\u00a0 \u00a0 \u00a0Severe\u00a0 \u00a0 \u00a0Mahe\u00a0 \u00a0 \u00a0Hospital\u00a0 \u00a0 \u00a0Jardin du Roi\u00a0 \u00a0 \u00a0 Petit Anse\u00a0 \u00a0 \u00a0Takamaka\u00a0 \u00a0 \u00a0La Mouche\u00a0 \u00a0 \u00a0Abreise\u00a0 \u00a0 \u00a0Fazit \u00a0 \u00a0 Laguna Sunrise &nbsp; Seychellen 2025 &nbsp; &nbsp; Prolog &nbsp; Bereits im Sommer 2024 entscheiden wir uns f\u00fcr einen Trip zu den Seychellen. Einerseits wollten wir schon immer mal dort hin. Andererseits war uns schon zu dieser Zeit klar, was sich in den USA entwickeln k\u00f6nnte. Reisezeit wird Mai\/Juni 2025 sein. Da bleibt genug Zeit, sich um alles N\u00f6tige zu k\u00fcmmern. Wir werden mit Qatar Airways fliegen. Die fliegen von Berlin und wir brauchen nur einmal in Doha umsteigen. &nbsp; &nbsp; Die kurzen Inselfl\u00fcge werden von Air Seychelles durchgef\u00fchrt. Bei drei Wochen Reisezeit f\u00e4llt die Aufteilung nicht schwer. Eine Woche pro Insel in der Reihenfolge Praslin, La Digue und Mahe. &nbsp; &nbsp; Passende Unterk\u00fcnfte buchen wir 10 Monate im Voraus, Mietwagen f\u00fcr Praslin und Mahe ebenfalls. Alles ist gebucht und gr\u00f6\u00dftenteils bezahlt, jetzt hei\u00dft es warten. Nach monatelanger Ungeduld ist es dann bald soweit. Wir sind online eingecheckt und das Minigep\u00e4ck ist verstaut. Nur mit Handgep\u00e4ck unterwegs zu sein, ist bei Qatar Airways eine Herausforderung. Maximale Gr\u00f6\u00dfe des Kabinentrolleys 45x35x20 cm und nicht schwerer als 7 kg. Wir haben uns extra zwei passende ultraleichte Samsonite Upseater gekauft, die dann sp\u00e4ter auch bei Easyjet passen. &nbsp; \u00a0 \u00a0<\/p>\n","protected":false},"author":1,"featured_media":0,"parent":0,"menu_order":0,"comment_status":"closed","ping_status":"closed","template":"","meta":{"footnotes":""},"class_list":["post-25389","page","type-page","status-publish","hentry"],"_links":{"self":[{"href":"https:\/\/welcome-ontour.de\/wordpress\/index.php\/wp-json\/wp\/v2\/pages\/25389","targetHints":{"allow":["GET"]}}],"collection":[{"href":"https:\/\/welcome-ontour.de\/wordpress\/index.php\/wp-json\/wp\/v2\/pages"}],"about":[{"href":"https:\/\/welcome-ontour.de\/wordpress\/index.php\/wp-json\/wp\/v2\/types\/page"}],"author":[{"embeddable":true,"href":"https:\/\/welcome-ontour.de\/wordpress\/index.php\/wp-json\/wp\/v2\/users\/1"}],"replies":[{"embeddable":true,"href":"https:\/\/welcome-ontour.de\/wordpress\/index.php\/wp-json\/wp\/v2\/comments?post=25389"}],"version-history":[{"count":17,"href":"https:\/\/welcome-ontour.de\/wordpress\/index.php\/wp-json\/wp\/v2\/pages\/25389\/revisions"}],"predecessor-version":[{"id":27769,"href":"https:\/\/welcome-ontour.de\/wordpress\/index.php\/wp-json\/wp\/v2\/pages\/25389\/revisions\/27769"}],"wp:attachment":[{"href":"https:\/\/welcome-ontour.de\/wordpress\/index.php\/wp-json\/wp\/v2\/media?parent=25389"}],"curies":[{"name":"wp","href":"https:\/\/api.w.org\/{rel}","templated":true}]}}