{"id":25310,"date":"2025-05-13T10:40:02","date_gmt":"2025-05-13T10:40:02","guid":{"rendered":"https:\/\/welcome-ontour.de\/wordpress\/?page_id=25310"},"modified":"2025-08-25T09:11:03","modified_gmt":"2025-08-25T09:11:03","slug":"2025-04-09-fazit","status":"publish","type":"page","link":"https:\/\/welcome-ontour.de\/wordpress\/index.php\/2025-04-09-fazit\/","title":{"rendered":"2025 04 09 fazit"},"content":{"rendered":"<p style=\"text-align: center;\"><span style=\"font-size: 8pt; font-family: arial, helvetica, sans-serif; color: #000000;\"><a style=\"color: #000000;\" href=\"https:\/\/welcome-ontour.de\/wordpress\/index.php\/2025-04-02-prolog\/\">Prolog<\/a>\u00a0 \u00a0 \u00a0 \u00a0 \u00a0 <a style=\"color: #000000;\" href=\"https:\/\/welcome-ontour.de\/wordpress\/index.php\/2025-04-03\">Anreise<\/a>\u00a0 \u00a0 \u00a0 \u00a0 \u00a0 <a style=\"color: #000000;\" href=\"https:\/\/welcome-ontour.de\/wordpress\/index.php\/2025-04-04\">Vatikan<\/a>\u00a0 \u00a0 \u00a0 \u00a0 \u00a0 <a style=\"color: #000000;\" href=\"https:\/\/welcome-ontour.de\/wordpress\/index.php\/2025-04-05\">Colosseum<\/a>\u00a0 \u00a0 \u00a0 \u00a0 \u00a0 <a style=\"color: #000000;\" href=\"https:\/\/welcome-ontour.de\/wordpress\/index.php\/2025-04-06\">Trastevere<\/a>\u00a0 \u00a0 \u00a0 \u00a0 \u00a0 <a style=\"color: #000000;\" href=\"https:\/\/welcome-ontour.de\/wordpress\/index.php\/2025-04-07\">Pantheon<\/a>\u00a0 \u00a0 \u00a0 \u00a0 \u00a0 <a style=\"color: #000000;\" href=\"https:\/\/welcome-ontour.de\/wordpress\/index.php\/2025-04-08\">Abreise<\/a>\u00a0 \u00a0 \u00a0 \u00a0 \u00a0 <a style=\"color: #000000;\" href=\"https:\/\/welcome-ontour.de\/wordpress\/index.php\/2025-04-09-fazit\/\">Fazit<\/a><\/span><\/p>\n<p style=\"text-align: center;\"><span style=\"font-family: arial, helvetica, sans-serif; font-size: 12pt; color: #000000;\"><a style=\"color: #000000;\" href=\"https:\/\/welcome-ontour.de\/wordpress\/index.php\/2025-04-08\"><img decoding=\"async\" class=\"alignleft wp-image-25313\" src=\"https:\/\/welcome-ontour.de\/wordpress\/wp-content\/uploads\/2025\/05\/2025-04-02-01.jpg\" alt=\"\" width=\"66\" height=\"37\" \/><\/a>\u00a0 <a style=\"color: #000000;\" href=\"https:\/\/welcome-ontour.de\/wordpress\/index.php\/reiseberichte\/\"><img decoding=\"async\" class=\"alignright wp-image-25314\" src=\"https:\/\/welcome-ontour.de\/wordpress\/wp-content\/uploads\/2025\/05\/2025-04-02-02.jpg\" alt=\"\" width=\"66\" height=\"37\" \/><\/a><\/span><\/p>\n<p>&nbsp;<\/p>\n<p style=\"text-align: center;\"><span style=\"color: #000000;\"><strong><span style=\"font-family: arial, helvetica, sans-serif; font-size: 14pt;\">Fazit<\/span><\/strong><\/span><\/p>\n<p>&nbsp;<\/p>\n<p style=\"text-align: center;\"><span style=\"font-family: arial, helvetica, sans-serif; font-size: 12pt; color: #000000;\"><a href=\"https:\/\/welcome-ontour.de\/wordpress\/wp-content\/uploads\/2025\/08\/2025-04-09-01.jpg\" target=\"_blank\" rel=\"noopener\"><img decoding=\"async\" class=\"aligncenter wp-image-25653\" src=\"https:\/\/welcome-ontour.de\/wordpress\/wp-content\/uploads\/2025\/08\/2025-04-09-01.jpg\" alt=\"\" width=\"810\" height=\"283\" srcset=\"https:\/\/welcome-ontour.de\/wordpress\/wp-content\/uploads\/2025\/08\/2025-04-09-01.jpg 1606w, https:\/\/welcome-ontour.de\/wordpress\/wp-content\/uploads\/2025\/08\/2025-04-09-01-300x105.jpg 300w, https:\/\/welcome-ontour.de\/wordpress\/wp-content\/uploads\/2025\/08\/2025-04-09-01-700x245.jpg 700w, https:\/\/welcome-ontour.de\/wordpress\/wp-content\/uploads\/2025\/08\/2025-04-09-01-768x269.jpg 768w, https:\/\/welcome-ontour.de\/wordpress\/wp-content\/uploads\/2025\/08\/2025-04-09-01-1536x538.jpg 1536w, https:\/\/welcome-ontour.de\/wordpress\/wp-content\/uploads\/2025\/08\/2025-04-09-01-1140x399.jpg 1140w\" sizes=\"(max-width: 810px) 100vw, 810px\" \/><\/a><\/span><\/p>\n<p>&nbsp;<\/p>\n<p style=\"text-align: center;\"><span style=\"font-family: arial, helvetica, sans-serif; font-size: 12pt; color: #000000;\">Rom ist eine Reise wert.<\/span><\/p>\n<p style=\"text-align: center;\"><span style=\"font-family: arial, helvetica, sans-serif; font-size: 12pt; color: #000000;\">H\u00f6rt sich ziemlich abgedroschen an, ist aber die Wahrheit.<\/span><\/p>\n<p style=\"text-align: center;\"><span style=\"font-family: arial, helvetica, sans-serif; font-size: 12pt; color: #000000;\">Die Jahrtausende alte Historie ist mehr als beeindruckend.<\/span><\/p>\n<p style=\"text-align: center;\"><span style=\"font-family: arial, helvetica, sans-serif; font-size: 12pt; color: #000000;\">Im Zentrum wird man alle paar Minuten mit r\u00f6mischer und damit Menschheitsgeschichte konfrontiert.<\/span><\/p>\n<p style=\"text-align: center;\"><span style=\"font-family: arial, helvetica, sans-serif; font-size: 12pt; color: #000000;\">Wenn man damit etwas anfangen kann, kommt man aus dem Staunen nicht mehr heraus.<\/span><\/p>\n<p style=\"text-align: center;\"><span style=\"font-family: arial, helvetica, sans-serif; font-size: 12pt; color: #000000;\">Das alles verbunden mit Roms Rolle als Zentrum der Weltkirche <\/span><\/p>\n<p style=\"text-align: center;\"><span style=\"font-family: arial, helvetica, sans-serif; font-size: 12pt; color: #000000;\">lockt nat\u00fcrlich Unmengen Besucher in die Metropole am Tiber.<\/span><\/p>\n<p style=\"text-align: center;\"><span style=\"font-family: arial, helvetica, sans-serif; font-size: 12pt; color: #000000;\">Die kleinen Gassen waren oftmals fast verstopft.<\/span><\/p>\n<p style=\"text-align: center;\"><span style=\"font-family: arial, helvetica, sans-serif; font-size: 12pt; color: #000000;\">Trotzdem war es eigentlich kein Problem, einem Tisch f\u00fcr uns sechs zu bekommen.<\/span><\/p>\n<p style=\"text-align: center;\"><span style=\"font-family: arial, helvetica, sans-serif; font-size: 12pt; color: #000000;\">Kalte Bierchen, sonnige Cappuccino, leckere Nudelgerichte oder knusprige Pizza gab es des \u00d6fteren.<\/span><\/p>\n<p style=\"text-align: center;\"><span style=\"font-family: arial, helvetica, sans-serif; font-size: 12pt; color: #000000;\">Alles nicht unbedingt super g\u00fcnstig, zum Sparen ist Rom die falsche Adresse.<\/span><\/p>\n<p style=\"text-align: center;\"><span style=\"font-family: arial, helvetica, sans-serif; font-size: 12pt; color: #000000;\">Mit dem Wetter hatten wir ausgesprochenes Gl\u00fcck.<\/span><\/p>\n<p style=\"text-align: center;\"><span style=\"font-family: arial, helvetica, sans-serif; font-size: 12pt; color: #000000;\">Bei Tagestemperaturen von 19-22\u00b0 sind wir sogar ins Schwitzen gekommen.<\/span><\/p>\n<p style=\"text-align: center;\"><span style=\"font-family: arial, helvetica, sans-serif; font-size: 12pt; color: #000000;\">Abends war definitiv eine Jacke n\u00f6tig.<\/span><\/p>\n<p style=\"text-align: center;\"><span style=\"font-family: arial, helvetica, sans-serif; font-size: 12pt; color: #000000;\">Hatten wir uns im Vorfeld auch so vorgestellt.<\/span><\/p>\n<p style=\"text-align: center;\"><span style=\"font-family: arial, helvetica, sans-serif; font-size: 12pt; color: #000000;\">Die Fl\u00fcge mit Ryanair waren okay.<\/span><\/p>\n<p style=\"text-align: center;\"><span style=\"font-family: arial, helvetica, sans-serif; font-size: 12pt; color: #000000;\">F\u00fcr zwei Stunden kann man es gut aushalten, auf Notausgang-Sitzpl\u00e4tzen mit sehr guter Beinfreiheit erst recht.<\/span><\/p>\n<p style=\"text-align: center;\"><span style=\"font-family: arial, helvetica, sans-serif; font-size: 12pt; color: #000000;\">Unser Quartier war f\u00fcr uns genau richtig.<\/span><\/p>\n<p style=\"text-align: center;\"><span style=\"font-family: arial, helvetica, sans-serif; font-size: 12pt; color: #000000;\">Eine ger\u00e4umige, voll eingerichtete K\u00fcche mit komfortablem Esstisch f\u00fcr sechs Personen <\/span><\/p>\n<p style=\"text-align: center;\"><span style=\"font-family: arial, helvetica, sans-serif; font-size: 12pt; color: #000000;\">und drei bequeme Schlafzimmer mit jeweils eigenem Bad, ideal f\u00fcr drei Paare.<\/span><\/p>\n<p style=\"text-align: center;\"><span style=\"font-family: arial, helvetica, sans-serif; font-size: 12pt; color: #000000;\">Sehr gut erreichbar, keine hundert Meter vom Hauptbahnhof, dem Zentrum des \u00d6PNV Roms.<\/span><\/p>\n<p style=\"text-align: center;\"><span style=\"font-family: arial, helvetica, sans-serif; font-size: 12pt; color: #000000;\">Gl\u00fcck gehabt.<\/span><\/p>\n<p>&nbsp;<\/p>\n<p style=\"text-align: center;\"><span style=\"font-family: arial, helvetica, sans-serif; font-size: 12pt; color: #000000;\"><a href=\"https:\/\/welcome-ontour.de\/wordpress\/wp-content\/uploads\/2025\/08\/2025-04-09-02.jpg\" target=\"_blank\" rel=\"noopener\"><img decoding=\"async\" class=\"aligncenter wp-image-25654\" src=\"https:\/\/welcome-ontour.de\/wordpress\/wp-content\/uploads\/2025\/08\/2025-04-09-02.jpg\" alt=\"\" width=\"810\" height=\"407\" srcset=\"https:\/\/welcome-ontour.de\/wordpress\/wp-content\/uploads\/2025\/08\/2025-04-09-02.jpg 1606w, https:\/\/welcome-ontour.de\/wordpress\/wp-content\/uploads\/2025\/08\/2025-04-09-02-300x151.jpg 300w, https:\/\/welcome-ontour.de\/wordpress\/wp-content\/uploads\/2025\/08\/2025-04-09-02-700x351.jpg 700w, https:\/\/welcome-ontour.de\/wordpress\/wp-content\/uploads\/2025\/08\/2025-04-09-02-768x385.jpg 768w, https:\/\/welcome-ontour.de\/wordpress\/wp-content\/uploads\/2025\/08\/2025-04-09-02-1536x771.jpg 1536w, https:\/\/welcome-ontour.de\/wordpress\/wp-content\/uploads\/2025\/08\/2025-04-09-02-1140x572.jpg 1140w\" sizes=\"(max-width: 810px) 100vw, 810px\" \/><\/a><\/span><\/p>\n<p>&nbsp;<\/p>\n<p style=\"text-align: center;\"><span style=\"font-family: arial, helvetica, sans-serif; font-size: 12pt; color: #000000;\">Wie immer die Frage nach den Kosten.<\/span><\/p>\n<p style=\"text-align: center;\"><span style=\"font-family: arial, helvetica, sans-serif; font-size: 12pt; color: #000000;\">Die Fl\u00fcge haben wir etwa ein Jahr im Voraus direkt bei der Airline gebucht.<\/span><\/p>\n<p style=\"text-align: center;\"><span style=\"font-family: arial, helvetica, sans-serif; font-size: 12pt; color: #000000;\">Ryanair wollte f\u00fcr die Nonstopverbindung inkl. Sitzen mit mehr Beinfreiheit 132 Euro pro Person haben.<\/span><\/p>\n<p style=\"text-align: center;\"><span style=\"font-family: arial, helvetica, sans-serif; font-size: 12pt; color: #000000;\">Das Apartment wurde kurz danach auf Airbnb gefunden.<\/span><\/p>\n<p style=\"text-align: center;\"><span style=\"font-family: arial, helvetica, sans-serif; font-size: 12pt; color: #000000;\">F\u00fcnf N\u00e4chte mit Eigenversorgung haben insgesamt knapp 2500 Euro gekostet.<\/span><\/p>\n<p style=\"text-align: center;\"><span style=\"font-family: arial, helvetica, sans-serif; font-size: 12pt; color: #000000;\">K\u00f6nnen wir zwar durch drei teilen, trotzdem viel Geld, <\/span><\/p>\n<p style=\"text-align: center;\"><span style=\"font-family: arial, helvetica, sans-serif; font-size: 12pt; color: #000000;\">aber drei gute Hotelzimmer in \u00e4hnlicher Lage w\u00e4ren erheblich teurer gewesen.<\/span><\/p>\n<p>&nbsp;<\/p>\n<p style=\"text-align: center;\"><span style=\"font-family: arial, helvetica, sans-serif; font-size: 12pt; color: #000000;\"><img decoding=\"async\" class=\"aligncenter wp-image-25655\" src=\"https:\/\/welcome-ontour.de\/wordpress\/wp-content\/uploads\/2025\/08\/2025-04-09-03.jpg\" alt=\"\" width=\"810\" height=\"267\" srcset=\"https:\/\/welcome-ontour.de\/wordpress\/wp-content\/uploads\/2025\/08\/2025-04-09-03.jpg 1213w, https:\/\/welcome-ontour.de\/wordpress\/wp-content\/uploads\/2025\/08\/2025-04-09-03-300x99.jpg 300w, https:\/\/welcome-ontour.de\/wordpress\/wp-content\/uploads\/2025\/08\/2025-04-09-03-700x231.jpg 700w, https:\/\/welcome-ontour.de\/wordpress\/wp-content\/uploads\/2025\/08\/2025-04-09-03-768x253.jpg 768w, https:\/\/welcome-ontour.de\/wordpress\/wp-content\/uploads\/2025\/08\/2025-04-09-03-1140x376.jpg 1140w\" sizes=\"(max-width: 810px) 100vw, 810px\" \/><\/span><\/p>\n<p>&nbsp;<\/p>\n<p style=\"text-align: center;\"><span style=\"font-family: arial, helvetica, sans-serif; font-size: 12pt; color: #000000;\">Vollgestopft mit unz\u00e4hligen Eindr\u00fccken aus der ewigen Stadt haben wir nach sechs Tagen den R\u00fcckflug angetreten.<\/span><\/p>\n<p style=\"text-align: center;\"><span style=\"font-family: arial, helvetica, sans-serif; font-size: 12pt; color: #000000;\">Rom ist etwas ganz besonderes und hat uns allen super gefallen.<\/span><\/p>\n<p style=\"text-align: center;\"><span style=\"font-family: arial, helvetica, sans-serif; font-size: 12pt; color: #000000;\">Die Dorfreisegruppe schaut mit einem L\u00e4cheln zur\u00fcck und mit Vorfreude in die Zukunft.<\/span><\/p>\n<p style=\"text-align: center;\"><span style=\"font-family: arial, helvetica, sans-serif; font-size: 12pt; color: #000000;\">Es wird im Sp\u00e4tsommer eine weitere Reise in diesem Jahr geben.<\/span><\/p>\n<p style=\"text-align: center;\"><span style=\"font-family: arial, helvetica, sans-serif; font-size: 12pt; color: #000000;\">Gebucht und bezahlt ist alles seit Monaten.<\/span><\/p>\n<p style=\"text-align: center;\"><span style=\"font-family: arial, helvetica, sans-serif; font-size: 12pt; color: #000000;\">Wohin wird&#8217;s gehen?<\/span><\/p>\n<p style=\"text-align: center;\"><span style=\"font-family: arial, helvetica, sans-serif; font-size: 12pt; color: #000000;\">Lasst euch \u00fcberraschen,\u00a0 demn\u00e4chst hier.<\/span><\/p>\n<p>&nbsp;<\/p>\n<p style=\"text-align: center;\"><span style=\"font-family: arial, helvetica, sans-serif; font-size: 12pt; color: #000000;\"><img decoding=\"async\" class=\"wp-image-25656 size-large aligncenter\" src=\"https:\/\/welcome-ontour.de\/wordpress\/wp-content\/uploads\/2025\/08\/2025-04-09-04-700x526.jpg\" alt=\"\" width=\"700\" height=\"526\" srcset=\"https:\/\/welcome-ontour.de\/wordpress\/wp-content\/uploads\/2025\/08\/2025-04-09-04-700x526.jpg 700w, https:\/\/welcome-ontour.de\/wordpress\/wp-content\/uploads\/2025\/08\/2025-04-09-04-300x226.jpg 300w, https:\/\/welcome-ontour.de\/wordpress\/wp-content\/uploads\/2025\/08\/2025-04-09-04-768x577.jpg 768w, https:\/\/welcome-ontour.de\/wordpress\/wp-content\/uploads\/2025\/08\/2025-04-09-04.jpg 810w\" sizes=\"(max-width: 700px) 100vw, 700px\" \/><\/span><\/p>\n<p>&nbsp;<\/p>\n<p style=\"text-align: center;\"><span style=\"font-family: arial, helvetica, sans-serif; font-size: 12pt; color: #000000;\">Bis dahin seid alle gegr\u00fc\u00dft und macht&#8217;s gut Leute.\u00a0<\/span><\/p>\n<p>&nbsp;<\/p>\n<p style=\"text-align: center;\"><span style=\"font-family: arial, helvetica, sans-serif; font-size: 12pt; color: #000000;\"><img decoding=\"async\" class=\"size-full wp-image-25657 aligncenter\" src=\"https:\/\/welcome-ontour.de\/wordpress\/wp-content\/uploads\/2025\/08\/2025-04-09-05.jpg\" alt=\"\" width=\"400\" height=\"203\" srcset=\"https:\/\/welcome-ontour.de\/wordpress\/wp-content\/uploads\/2025\/08\/2025-04-09-05.jpg 400w, https:\/\/welcome-ontour.de\/wordpress\/wp-content\/uploads\/2025\/08\/2025-04-09-05-300x152.jpg 300w\" sizes=\"(max-width: 400px) 100vw, 400px\" \/><\/span><\/p>\n<p style=\"text-align: center;\"><span style=\"font-family: arial, helvetica, sans-serif; font-size: 12pt; color: #000000;\"><a style=\"color: #000000;\" href=\"https:\/\/welcome-ontour.de\/wordpress\/index.php\/2025-04-08\"><img decoding=\"async\" class=\"alignleft wp-image-25313\" src=\"https:\/\/welcome-ontour.de\/wordpress\/wp-content\/uploads\/2025\/05\/2025-04-02-01.jpg\" alt=\"\" width=\"66\" height=\"37\" \/><\/a>\u00a0 <a style=\"color: #000000;\" href=\"https:\/\/welcome-ontour.de\/wordpress\/index.php\/reiseberichte\/\"><img decoding=\"async\" class=\"alignright wp-image-25314\" src=\"https:\/\/welcome-ontour.de\/wordpress\/wp-content\/uploads\/2025\/05\/2025-04-02-02.jpg\" alt=\"\" width=\"66\" height=\"37\" \/><\/a><\/span><\/p>\n<p style=\"text-align: center;\">\u00a0<\/p>\n","protected":false},"excerpt":{"rendered":"<p>Prolog\u00a0 \u00a0 \u00a0 \u00a0 \u00a0 Anreise\u00a0 \u00a0 \u00a0 \u00a0 \u00a0 Vatikan\u00a0 \u00a0 \u00a0 \u00a0 \u00a0 Colosseum\u00a0 \u00a0 \u00a0 \u00a0 \u00a0 Trastevere\u00a0 \u00a0 \u00a0 \u00a0 \u00a0 Pantheon\u00a0 \u00a0 \u00a0 \u00a0 \u00a0 Abreise\u00a0 \u00a0 \u00a0 \u00a0 \u00a0 Fazit \u00a0 &nbsp; Fazit &nbsp; &nbsp; Rom ist eine Reise wert. H\u00f6rt sich ziemlich abgedroschen an, ist aber die Wahrheit. Die Jahrtausende alte Historie ist mehr als beeindruckend. Im Zentrum wird man alle paar Minuten mit r\u00f6mischer und damit Menschheitsgeschichte konfrontiert. Wenn man damit etwas anfangen kann, kommt man aus dem Staunen nicht mehr heraus. Das alles verbunden mit Roms Rolle als Zentrum der Weltkirche lockt nat\u00fcrlich Unmengen Besucher in die Metropole am Tiber. Die kleinen Gassen waren oftmals fast verstopft. Trotzdem war es eigentlich kein Problem, einem Tisch f\u00fcr uns sechs zu bekommen. Kalte Bierchen, sonnige Cappuccino, leckere Nudelgerichte oder knusprige Pizza gab es des \u00d6fteren. Alles nicht unbedingt super g\u00fcnstig, zum Sparen ist Rom die falsche Adresse. Mit dem Wetter hatten wir ausgesprochenes Gl\u00fcck. Bei Tagestemperaturen von 19-22\u00b0 sind wir sogar ins Schwitzen gekommen. Abends war definitiv eine Jacke n\u00f6tig. Hatten wir uns im Vorfeld auch so vorgestellt. Die Fl\u00fcge mit Ryanair waren okay. F\u00fcr zwei Stunden kann man es gut aushalten, auf Notausgang-Sitzpl\u00e4tzen mit sehr guter Beinfreiheit erst recht. Unser Quartier war f\u00fcr uns genau richtig. Eine ger\u00e4umige, voll eingerichtete K\u00fcche mit komfortablem Esstisch f\u00fcr sechs Personen und drei bequeme Schlafzimmer mit jeweils eigenem Bad, ideal f\u00fcr drei Paare. Sehr gut erreichbar, keine hundert Meter vom Hauptbahnhof, dem Zentrum des \u00d6PNV Roms. Gl\u00fcck gehabt. &nbsp; &nbsp; Wie immer die Frage nach den Kosten. Die Fl\u00fcge haben wir etwa ein Jahr im Voraus direkt bei der Airline gebucht. Ryanair wollte f\u00fcr die Nonstopverbindung inkl. Sitzen mit mehr Beinfreiheit 132 Euro pro Person haben. Das Apartment wurde kurz danach auf Airbnb gefunden. F\u00fcnf N\u00e4chte mit Eigenversorgung haben insgesamt knapp 2500 Euro gekostet. K\u00f6nnen wir zwar durch drei teilen, trotzdem viel Geld, aber drei gute Hotelzimmer in \u00e4hnlicher Lage w\u00e4ren erheblich teurer gewesen. &nbsp; &nbsp; Vollgestopft mit unz\u00e4hligen Eindr\u00fccken aus der ewigen Stadt haben wir nach sechs Tagen den R\u00fcckflug angetreten. Rom ist etwas ganz besonderes und hat uns allen super gefallen. Die Dorfreisegruppe schaut mit einem L\u00e4cheln zur\u00fcck und mit Vorfreude in die Zukunft. Es wird im Sp\u00e4tsommer eine weitere Reise in diesem Jahr geben. Gebucht und bezahlt ist alles seit Monaten. Wohin wird&#8217;s gehen? Lasst euch \u00fcberraschen,\u00a0 demn\u00e4chst hier. &nbsp; &nbsp; Bis dahin seid alle gegr\u00fc\u00dft und macht&#8217;s gut Leute.\u00a0 &nbsp; \u00a0 \u00a0<\/p>\n","protected":false},"author":1,"featured_media":0,"parent":0,"menu_order":0,"comment_status":"closed","ping_status":"closed","template":"","meta":{"footnotes":""},"class_list":["post-25310","page","type-page","status-publish","hentry"],"_links":{"self":[{"href":"https:\/\/welcome-ontour.de\/wordpress\/index.php\/wp-json\/wp\/v2\/pages\/25310","targetHints":{"allow":["GET"]}}],"collection":[{"href":"https:\/\/welcome-ontour.de\/wordpress\/index.php\/wp-json\/wp\/v2\/pages"}],"about":[{"href":"https:\/\/welcome-ontour.de\/wordpress\/index.php\/wp-json\/wp\/v2\/types\/page"}],"author":[{"embeddable":true,"href":"https:\/\/welcome-ontour.de\/wordpress\/index.php\/wp-json\/wp\/v2\/users\/1"}],"replies":[{"embeddable":true,"href":"https:\/\/welcome-ontour.de\/wordpress\/index.php\/wp-json\/wp\/v2\/comments?post=25310"}],"version-history":[{"count":8,"href":"https:\/\/welcome-ontour.de\/wordpress\/index.php\/wp-json\/wp\/v2\/pages\/25310\/revisions"}],"predecessor-version":[{"id":25662,"href":"https:\/\/welcome-ontour.de\/wordpress\/index.php\/wp-json\/wp\/v2\/pages\/25310\/revisions\/25662"}],"wp:attachment":[{"href":"https:\/\/welcome-ontour.de\/wordpress\/index.php\/wp-json\/wp\/v2\/media?parent=25310"}],"curies":[{"name":"wp","href":"https:\/\/api.w.org\/{rel}","templated":true}]}}