{"id":25308,"date":"2025-05-13T10:39:45","date_gmt":"2025-05-13T10:39:45","guid":{"rendered":"https:\/\/welcome-ontour.de\/wordpress\/?page_id=25308"},"modified":"2025-12-17T11:25:15","modified_gmt":"2025-12-17T11:25:15","slug":"2025-04-08","status":"publish","type":"page","link":"https:\/\/welcome-ontour.de\/wordpress\/index.php\/2025-04-08\/","title":{"rendered":"2025 04 08"},"content":{"rendered":"<p style=\"text-align: center;\"><span style=\"font-size: 8pt; font-family: arial, helvetica, sans-serif; color: #000000;\"><a style=\"color: #000000;\" href=\"https:\/\/welcome-ontour.de\/wordpress\/index.php\/2025-04-02-prolog\/\">Prolog<\/a>\u00a0 \u00a0 \u00a0 \u00a0 \u00a0 <a style=\"color: #000000;\" href=\"https:\/\/welcome-ontour.de\/wordpress\/index.php\/2025-04-03\">Anreise<\/a>\u00a0 \u00a0 \u00a0 \u00a0 \u00a0 <a style=\"color: #000000;\" href=\"https:\/\/welcome-ontour.de\/wordpress\/index.php\/2025-04-04\">Vatikan<\/a>\u00a0 \u00a0 \u00a0 \u00a0 \u00a0 <a style=\"color: #000000;\" href=\"https:\/\/welcome-ontour.de\/wordpress\/index.php\/2025-04-05\">Colosseum<\/a>\u00a0 \u00a0 \u00a0 \u00a0 \u00a0 <a style=\"color: #000000;\" href=\"https:\/\/welcome-ontour.de\/wordpress\/index.php\/2025-04-06\">Trastevere<\/a>\u00a0 \u00a0 \u00a0 \u00a0 \u00a0 <a style=\"color: #000000;\" href=\"https:\/\/welcome-ontour.de\/wordpress\/index.php\/2025-04-07\">Pantheon<\/a>\u00a0 \u00a0 \u00a0 \u00a0 \u00a0 <a style=\"color: #000000;\" href=\"https:\/\/welcome-ontour.de\/wordpress\/index.php\/2025-04-08\">Abreise<\/a>\u00a0 \u00a0 \u00a0 \u00a0 \u00a0 <a style=\"color: #000000;\" href=\"https:\/\/welcome-ontour.de\/wordpress\/index.php\/2025-04-09-fazit\/\">Fazit<\/a><\/span><\/p>\n<p style=\"text-align: center;\"><span style=\"font-family: arial, helvetica, sans-serif; font-size: 12pt; color: #000000;\"><a style=\"color: #000000;\" href=\"https:\/\/welcome-ontour.de\/wordpress\/index.php\/2025-04-07\"><img decoding=\"async\" class=\"alignleft wp-image-25313\" src=\"https:\/\/welcome-ontour.de\/wordpress\/wp-content\/uploads\/2025\/05\/2025-04-02-01.jpg\" alt=\"\" width=\"66\" height=\"37\" \/><\/a>\u00a0 <a style=\"color: #000000;\" href=\"https:\/\/welcome-ontour.de\/wordpress\/index.php\/2025-04-09\"><img decoding=\"async\" class=\"alignright wp-image-25314\" src=\"https:\/\/welcome-ontour.de\/wordpress\/wp-content\/uploads\/2025\/05\/2025-04-02-02.jpg\" alt=\"\" width=\"66\" height=\"37\" \/><\/a><\/span><\/p>\n<p>&nbsp;<\/p>\n<p style=\"text-align: center;\"><span style=\"color: #000000;\"><strong><span style=\"font-family: arial, helvetica, sans-serif; font-size: 14pt;\">Di 8.4.<\/span><\/strong><\/span><\/p>\n<p style=\"text-align: center;\">\u00a0<\/p>\n<p style=\"text-align: center;\"><span style=\"color: #000000;\"><strong><span style=\"font-family: arial, helvetica, sans-serif; font-size: 14pt;\">Abreise<\/span><\/strong><\/span><\/p>\n<p style=\"text-align: center;\">\u00a0<\/p>\n<p style=\"text-align: center;\"><span style=\"font-family: arial, helvetica, sans-serif; font-size: 12pt; color: #000000;\">Ein letztes langes Fr\u00fchst\u00fcck, dann hei\u00dft es Klamotten in die Taschen, <\/span><\/p>\n<p style=\"text-align: center;\"><span style=\"font-family: arial, helvetica, sans-serif; font-size: 12pt; color: #000000;\">M\u00fcll raus und halb elf die Wohnungst\u00fcr zugezogen.<\/span><\/p>\n<p style=\"text-align: center;\">\n<span style=\"font-family: arial, helvetica, sans-serif; font-size: 12pt; color: #000000;\">In 5 min sind wir am Termini und holen uns Fahrkarten f\u00fcr den Schnellzug zum Flughafen.<\/span><\/p>\n<p style=\"text-align: center;\">\n<span style=\"font-family: arial, helvetica, sans-serif; font-size: 12pt; color: #000000;\">Der Leonardo Express bringt uns in 40 min v\u00f6llig entspannt zum Airport.<\/span><\/p>\n<p style=\"text-align: center;\">\u00a0<\/p>\n<p style=\"text-align: center;\"><span style=\"font-family: arial, helvetica, sans-serif; font-size: 12pt; color: #000000;\"><img decoding=\"async\" class=\"size-full wp-image-25642 aligncenter\" src=\"https:\/\/welcome-ontour.de\/wordpress\/wp-content\/uploads\/2025\/08\/2025-04-08-01.jpg\" alt=\"\" width=\"811\" height=\"279\" srcset=\"https:\/\/welcome-ontour.de\/wordpress\/wp-content\/uploads\/2025\/08\/2025-04-08-01.jpg 811w, https:\/\/welcome-ontour.de\/wordpress\/wp-content\/uploads\/2025\/08\/2025-04-08-01-300x103.jpg 300w, https:\/\/welcome-ontour.de\/wordpress\/wp-content\/uploads\/2025\/08\/2025-04-08-01-700x241.jpg 700w, https:\/\/welcome-ontour.de\/wordpress\/wp-content\/uploads\/2025\/08\/2025-04-08-01-768x264.jpg 768w\" sizes=\"(max-width: 811px) 100vw, 811px\" \/><\/span><\/p>\n<p>&nbsp;<\/p>\n<p style=\"text-align: center;\">\n<span style=\"font-family: arial, helvetica, sans-serif; font-size: 12pt; color: #000000;\">Zum T1 Terminal sind es lange Wege, die Atmosph\u00e4re ist sehr entspannt.<\/span><\/p>\n<p style=\"text-align: center;\">\n<span style=\"font-family: arial, helvetica, sans-serif; font-size: 12pt; color: #000000;\">Die Sicherheitskontrollen sind rasch bew\u00e4ltigt.<\/span><\/p>\n<p style=\"text-align: center;\">\n<span style=\"font-family: arial, helvetica, sans-serif; font-size: 12pt; color: #000000;\">Im Restaurant Sophia Loren ist der Service chaotisch und beschissen haben sie uns auch.<\/span><\/p>\n<p style=\"text-align: center;\">\u00a0<\/p>\n<p style=\"text-align: center;\"><span style=\"font-family: arial, helvetica, sans-serif; font-size: 12pt; color: #000000;\"><img decoding=\"async\" class=\"size-full wp-image-25643 aligncenter\" src=\"https:\/\/welcome-ontour.de\/wordpress\/wp-content\/uploads\/2025\/08\/2025-04-08-02.jpg\" alt=\"\" width=\"613\" height=\"400\" srcset=\"https:\/\/welcome-ontour.de\/wordpress\/wp-content\/uploads\/2025\/08\/2025-04-08-02.jpg 613w, https:\/\/welcome-ontour.de\/wordpress\/wp-content\/uploads\/2025\/08\/2025-04-08-02-300x196.jpg 300w\" sizes=\"(max-width: 613px) 100vw, 613px\" \/><\/span><\/p>\n<p style=\"text-align: center;\">\u00a0<\/p>\n<p style=\"text-align: center;\"><span style=\"font-family: arial, helvetica, sans-serif; font-size: 12pt; color: #000000;\">An der Bar des Doppio Malto Brauhauses gibt es die letzten Bierchen, <\/span><\/p>\n<p style=\"text-align: center;\"><span style=\"font-family: arial, helvetica, sans-serif; font-size: 12pt; color: #000000;\">bevor wir uns zu unserem Abfluggate A3 bewegen.<\/span><\/p>\n<p style=\"text-align: center;\">\u00a0<\/p>\n<p style=\"text-align: center;\"><span style=\"font-family: arial, helvetica, sans-serif; font-size: 12pt; color: #000000;\"><img decoding=\"async\" class=\"size-full wp-image-25644 aligncenter\" src=\"https:\/\/welcome-ontour.de\/wordpress\/wp-content\/uploads\/2025\/08\/2025-04-08-03.jpg\" alt=\"\" width=\"810\" height=\"302\" srcset=\"https:\/\/welcome-ontour.de\/wordpress\/wp-content\/uploads\/2025\/08\/2025-04-08-03.jpg 810w, https:\/\/welcome-ontour.de\/wordpress\/wp-content\/uploads\/2025\/08\/2025-04-08-03-300x112.jpg 300w, https:\/\/welcome-ontour.de\/wordpress\/wp-content\/uploads\/2025\/08\/2025-04-08-03-700x261.jpg 700w, https:\/\/welcome-ontour.de\/wordpress\/wp-content\/uploads\/2025\/08\/2025-04-08-03-768x286.jpg 768w\" sizes=\"(max-width: 810px) 100vw, 810px\" \/><\/span><\/p>\n<p style=\"text-align: center;\">\u00a0<\/p>\n<p style=\"text-align: center;\"><span style=\"font-family: arial, helvetica, sans-serif; font-size: 12pt; color: #000000;\">Unser Ryanair Flug hat knapp 1,5 Stunden Versp\u00e4tung und startet erst 16:30.<\/span><\/p>\n<p style=\"text-align: center;\"><span style=\"font-family: arial, helvetica, sans-serif; font-size: 12pt; color: #000000;\">Die Boeing 737 ist voll bis auf den letzten Platz<\/span><\/p>\n<p style=\"text-align: center;\"><span style=\"font-family: arial, helvetica, sans-serif; font-size: 12pt; color: #000000;\">Unsere Sitze in der Notausgangs-Reihe 17 sind genauso ger\u00e4umig wie auf dem Hinflug.<\/span><\/p>\n<p style=\"text-align: center;\">\u00a0<\/p>\n<p style=\"text-align: center;\"><span style=\"font-family: arial, helvetica, sans-serif; font-size: 12pt; color: #000000;\"><img decoding=\"async\" class=\"size-full wp-image-25645 aligncenter\" src=\"https:\/\/welcome-ontour.de\/wordpress\/wp-content\/uploads\/2025\/08\/2025-04-08-04.jpg\" alt=\"\" width=\"810\" height=\"384\" srcset=\"https:\/\/welcome-ontour.de\/wordpress\/wp-content\/uploads\/2025\/08\/2025-04-08-04.jpg 810w, https:\/\/welcome-ontour.de\/wordpress\/wp-content\/uploads\/2025\/08\/2025-04-08-04-300x142.jpg 300w, https:\/\/welcome-ontour.de\/wordpress\/wp-content\/uploads\/2025\/08\/2025-04-08-04-700x332.jpg 700w, https:\/\/welcome-ontour.de\/wordpress\/wp-content\/uploads\/2025\/08\/2025-04-08-04-768x364.jpg 768w\" sizes=\"(max-width: 810px) 100vw, 810px\" \/><\/span><\/p>\n<p style=\"text-align: center;\">\u00a0<\/p>\n<p style=\"text-align: center;\"><span style=\"font-family: arial, helvetica, sans-serif; font-size: 12pt; color: #000000;\">\u00dcber Venedig und Prag segeln wir in knapp zwei Stunden nach Berlin.<\/span><\/p>\n<p style=\"text-align: center;\">\u00a0<\/p>\n<p style=\"text-align: center;\"><span style=\"font-family: arial, helvetica, sans-serif; font-size: 12pt; color: #000000;\"><img decoding=\"async\" class=\"aligncenter wp-image-25646\" src=\"https:\/\/welcome-ontour.de\/wordpress\/wp-content\/uploads\/2025\/08\/2025-04-08-05.jpg\" alt=\"\" width=\"333\" height=\"531\" srcset=\"https:\/\/welcome-ontour.de\/wordpress\/wp-content\/uploads\/2025\/08\/2025-04-08-05.jpg 508w, https:\/\/welcome-ontour.de\/wordpress\/wp-content\/uploads\/2025\/08\/2025-04-08-05-188x300.jpg 188w\" sizes=\"(max-width: 333px) 100vw, 333px\" \/><\/span><\/p>\n<p style=\"text-align: center;\">\u00a0<\/p>\n<p style=\"text-align: center;\"><span style=\"font-family: arial, helvetica, sans-serif; font-size: 12pt; color: #000000;\">Die Alpengipfel sind noch mit Schnee bedeckt.<\/span><\/p>\n<p style=\"text-align: center;\">\u00a0<\/p>\n<p style=\"text-align: center;\"><span style=\"font-family: arial, helvetica, sans-serif; font-size: 12pt; color: #000000;\"><img decoding=\"async\" class=\"size-full wp-image-25647 aligncenter\" src=\"https:\/\/welcome-ontour.de\/wordpress\/wp-content\/uploads\/2025\/08\/2025-04-08-06.jpg\" alt=\"\" width=\"810\" height=\"408\" srcset=\"https:\/\/welcome-ontour.de\/wordpress\/wp-content\/uploads\/2025\/08\/2025-04-08-06.jpg 810w, https:\/\/welcome-ontour.de\/wordpress\/wp-content\/uploads\/2025\/08\/2025-04-08-06-300x151.jpg 300w, https:\/\/welcome-ontour.de\/wordpress\/wp-content\/uploads\/2025\/08\/2025-04-08-06-700x353.jpg 700w, https:\/\/welcome-ontour.de\/wordpress\/wp-content\/uploads\/2025\/08\/2025-04-08-06-768x387.jpg 768w\" sizes=\"(max-width: 810px) 100vw, 810px\" \/><\/span><\/p>\n<p style=\"text-align: center;\">\u00a0<\/p>\n<p style=\"text-align: center;\"><span style=\"font-family: arial, helvetica, sans-serif; font-size: 12pt; color: #000000;\">Kurz vor halb sieben landen wir am BER Airport.<\/span><\/p>\n<p style=\"text-align: center;\"><span style=\"font-family: arial, helvetica, sans-serif; font-size: 12pt; color: #000000;\">Mc Parking Shuttle, Uwe f\u00e4hrt uns in einer Stunde nach Hause.<\/span><\/p>\n<p style=\"text-align: center;\"><span style=\"font-family: arial, helvetica, sans-serif; font-size: 12pt; color: #000000;\">Um acht sind wir in Wandlitz, voll von Eindr\u00fccken aus der ewigen Stadt.<\/span><\/p>\n<p>&nbsp;<\/p>\n<p style=\"text-align: center;\"><span style=\"font-family: arial, helvetica, sans-serif; font-size: 12pt; color: #000000;\"><img decoding=\"async\" class=\"wp-image-25316 aligncenter\" src=\"https:\/\/welcome-ontour.de\/wordpress\/wp-content\/uploads\/2025\/05\/2025-04-02-04.jpg\" alt=\"\" width=\"140\" height=\"140\" srcset=\"https:\/\/welcome-ontour.de\/wordpress\/wp-content\/uploads\/2025\/05\/2025-04-02-04.jpg 300w, https:\/\/welcome-ontour.de\/wordpress\/wp-content\/uploads\/2025\/05\/2025-04-02-04-150x150.jpg 150w, https:\/\/welcome-ontour.de\/wordpress\/wp-content\/uploads\/2025\/05\/2025-04-02-04-75x75.jpg 75w\" sizes=\"(max-width: 140px) 100vw, 140px\" \/><\/span><\/p>\n<p style=\"text-align: center;\"><span style=\"font-family: arial, helvetica, sans-serif; font-size: 12pt; color: #000000;\"><a style=\"color: #000000;\" href=\"https:\/\/welcome-ontour.de\/wordpress\/index.php\/2025-04-07\"><img decoding=\"async\" class=\"alignleft wp-image-25313\" src=\"https:\/\/welcome-ontour.de\/wordpress\/wp-content\/uploads\/2025\/05\/2025-04-02-01.jpg\" alt=\"\" width=\"66\" height=\"37\" \/><\/a>\u00a0 <a style=\"color: #000000;\" href=\"https:\/\/welcome-ontour.de\/wordpress\/index.php\/2025-04-09\"><img decoding=\"async\" class=\"alignright wp-image-25314\" src=\"https:\/\/welcome-ontour.de\/wordpress\/wp-content\/uploads\/2025\/05\/2025-04-02-02.jpg\" alt=\"\" width=\"66\" height=\"37\" \/><\/a><\/span><\/p>\n<p style=\"text-align: center;\">\u00a0<\/p>\n","protected":false},"excerpt":{"rendered":"<p>Prolog\u00a0 \u00a0 \u00a0 \u00a0 \u00a0 Anreise\u00a0 \u00a0 \u00a0 \u00a0 \u00a0 Vatikan\u00a0 \u00a0 \u00a0 \u00a0 \u00a0 Colosseum\u00a0 \u00a0 \u00a0 \u00a0 \u00a0 Trastevere\u00a0 \u00a0 \u00a0 \u00a0 \u00a0 Pantheon\u00a0 \u00a0 \u00a0 \u00a0 \u00a0 Abreise\u00a0 \u00a0 \u00a0 \u00a0 \u00a0 Fazit \u00a0 &nbsp; Di 8.4. \u00a0 Abreise \u00a0 Ein letztes langes Fr\u00fchst\u00fcck, dann hei\u00dft es Klamotten in die Taschen, M\u00fcll raus und halb elf die Wohnungst\u00fcr zugezogen. In 5 min sind wir am Termini und holen uns Fahrkarten f\u00fcr den Schnellzug zum Flughafen. Der Leonardo Express bringt uns in 40 min v\u00f6llig entspannt zum Airport. \u00a0 &nbsp; Zum T1 Terminal sind es lange Wege, die Atmosph\u00e4re ist sehr entspannt. Die Sicherheitskontrollen sind rasch bew\u00e4ltigt. Im Restaurant Sophia Loren ist der Service chaotisch und beschissen haben sie uns auch. \u00a0 \u00a0 An der Bar des Doppio Malto Brauhauses gibt es die letzten Bierchen, bevor wir uns zu unserem Abfluggate A3 bewegen. \u00a0 \u00a0 Unser Ryanair Flug hat knapp 1,5 Stunden Versp\u00e4tung und startet erst 16:30. Die Boeing 737 ist voll bis auf den letzten Platz Unsere Sitze in der Notausgangs-Reihe 17 sind genauso ger\u00e4umig wie auf dem Hinflug. \u00a0 \u00a0 \u00dcber Venedig und Prag segeln wir in knapp zwei Stunden nach Berlin. \u00a0 \u00a0 Die Alpengipfel sind noch mit Schnee bedeckt. \u00a0 \u00a0 Kurz vor halb sieben landen wir am BER Airport. Mc Parking Shuttle, Uwe f\u00e4hrt uns in einer Stunde nach Hause. Um acht sind wir in Wandlitz, voll von Eindr\u00fccken aus der ewigen Stadt. &nbsp; \u00a0 \u00a0<\/p>\n","protected":false},"author":1,"featured_media":0,"parent":0,"menu_order":0,"comment_status":"closed","ping_status":"closed","template":"","meta":{"footnotes":""},"class_list":["post-25308","page","type-page","status-publish","hentry"],"_links":{"self":[{"href":"https:\/\/welcome-ontour.de\/wordpress\/index.php\/wp-json\/wp\/v2\/pages\/25308","targetHints":{"allow":["GET"]}}],"collection":[{"href":"https:\/\/welcome-ontour.de\/wordpress\/index.php\/wp-json\/wp\/v2\/pages"}],"about":[{"href":"https:\/\/welcome-ontour.de\/wordpress\/index.php\/wp-json\/wp\/v2\/types\/page"}],"author":[{"embeddable":true,"href":"https:\/\/welcome-ontour.de\/wordpress\/index.php\/wp-json\/wp\/v2\/users\/1"}],"replies":[{"embeddable":true,"href":"https:\/\/welcome-ontour.de\/wordpress\/index.php\/wp-json\/wp\/v2\/comments?post=25308"}],"version-history":[{"count":8,"href":"https:\/\/welcome-ontour.de\/wordpress\/index.php\/wp-json\/wp\/v2\/pages\/25308\/revisions"}],"predecessor-version":[{"id":27858,"href":"https:\/\/welcome-ontour.de\/wordpress\/index.php\/wp-json\/wp\/v2\/pages\/25308\/revisions\/27858"}],"wp:attachment":[{"href":"https:\/\/welcome-ontour.de\/wordpress\/index.php\/wp-json\/wp\/v2\/media?parent=25308"}],"curies":[{"name":"wp","href":"https:\/\/api.w.org\/{rel}","templated":true}]}}