{"id":25304,"date":"2025-05-13T10:39:14","date_gmt":"2025-05-13T10:39:14","guid":{"rendered":"https:\/\/welcome-ontour.de\/wordpress\/?page_id=25304"},"modified":"2025-08-20T07:43:36","modified_gmt":"2025-08-20T07:43:36","slug":"2025-04-06","status":"publish","type":"page","link":"https:\/\/welcome-ontour.de\/wordpress\/index.php\/2025-04-06\/","title":{"rendered":"2025 04 06"},"content":{"rendered":"<p style=\"text-align: center;\"><span style=\"font-size: 8pt; font-family: arial, helvetica, sans-serif; color: #000000;\"><a style=\"color: #000000;\" href=\"https:\/\/welcome-ontour.de\/wordpress\/index.php\/2025-04-02-prolog\/\">Prolog<\/a>\u00a0 \u00a0 \u00a0 \u00a0 \u00a0 <a style=\"color: #000000;\" href=\"https:\/\/welcome-ontour.de\/wordpress\/index.php\/2025-04-03\">Anreise<\/a>\u00a0 \u00a0 \u00a0 \u00a0 \u00a0 <a style=\"color: #000000;\" href=\"https:\/\/welcome-ontour.de\/wordpress\/index.php\/2025-04-04\">Vatikan<\/a>\u00a0 \u00a0 \u00a0 \u00a0 \u00a0 <a style=\"color: #000000;\" href=\"https:\/\/welcome-ontour.de\/wordpress\/index.php\/2025-04-05\">Colosseum<\/a>\u00a0 \u00a0 \u00a0 \u00a0 \u00a0 <a style=\"color: #000000;\" href=\"https:\/\/welcome-ontour.de\/wordpress\/index.php\/2025-04-06\">Trastevere<\/a>\u00a0 \u00a0 \u00a0 \u00a0 \u00a0 <a style=\"color: #000000;\" href=\"https:\/\/welcome-ontour.de\/wordpress\/index.php\/2025-04-07\">Pantheon<\/a>\u00a0 \u00a0 \u00a0 \u00a0 \u00a0 <a style=\"color: #000000;\" href=\"https:\/\/welcome-ontour.de\/wordpress\/index.php\/2025-04-08\">Abreise<\/a>\u00a0 \u00a0 \u00a0 \u00a0 \u00a0 <a style=\"color: #000000;\" href=\"https:\/\/welcome-ontour.de\/wordpress\/index.php\/2025-04-09-fazit\/\">Fazit<\/a><\/span><\/p>\n<p style=\"text-align: center;\"><span style=\"font-family: arial, helvetica, sans-serif; font-size: 12pt; color: #000000;\"><a style=\"color: #000000;\" href=\"https:\/\/welcome-ontour.de\/wordpress\/index.php\/2025-04-05\"><img decoding=\"async\" class=\"alignleft wp-image-25313\" src=\"https:\/\/welcome-ontour.de\/wordpress\/wp-content\/uploads\/2025\/05\/2025-04-02-01.jpg\" alt=\"\" width=\"66\" height=\"37\" \/><\/a>\u00a0 <a style=\"color: #000000;\" href=\"https:\/\/welcome-ontour.de\/wordpress\/index.php\/2025-04-07\"><img decoding=\"async\" class=\"alignright wp-image-25314\" src=\"https:\/\/welcome-ontour.de\/wordpress\/wp-content\/uploads\/2025\/05\/2025-04-02-02.jpg\" alt=\"\" width=\"66\" height=\"37\" \/><\/a><\/span><\/p>\n<p>&nbsp;<\/p>\n<p style=\"text-align: center;\"><span style=\"color: #000000;\"><strong><span style=\"font-family: arial, helvetica, sans-serif; font-size: 14pt;\">So 6.4.<\/span><\/strong><\/span><\/p>\n<p style=\"text-align: center;\">\u00a0<\/p>\n<p style=\"text-align: center;\"><span style=\"color: #000000;\"><strong><span style=\"font-family: arial, helvetica, sans-serif; font-size: 14pt;\">Trastevere<\/span><\/strong><\/span><\/p>\n<p style=\"text-align: center;\">\u00a0<\/p>\n<p style=\"text-align: center;\"><span style=\"font-family: arial, helvetica, sans-serif; font-size: 12pt; color: #000000;\">Fr\u00fchst\u00fcck bis um zehn, wie immer.<\/span><\/p>\n<p style=\"text-align: center;\"><span style=\"font-family: arial, helvetica, sans-serif; font-size: 12pt; color: #000000;\">Per Bus und Stra\u00dfenbahn fahren wir heute zum Sonntagsmarkt nach Porta Portese.<\/span><\/p>\n<p style=\"text-align: center;\"><span style=\"font-family: arial, helvetica, sans-serif; font-size: 12pt; color: #000000;\">Der Markt befindet sich im Stadtteil Trastevere in Rom und erstreckt sich<\/span><\/p>\n<p style=\"text-align: center;\"><span style=\"font-family: arial, helvetica, sans-serif; font-size: 12pt; color: #000000;\"> fast 3 km entlang der Via Portuense und den umliegenden Stra\u00dfen.<\/span><\/p>\n<p>&nbsp;<\/p>\n<p><img decoding=\"async\" class=\"size-full wp-image-25603 aligncenter\" src=\"https:\/\/welcome-ontour.de\/wordpress\/wp-content\/uploads\/2025\/08\/2025-04-06-1-2.jpg\" alt=\"\" width=\"808\" height=\"384\" srcset=\"https:\/\/welcome-ontour.de\/wordpress\/wp-content\/uploads\/2025\/08\/2025-04-06-1-2.jpg 808w, https:\/\/welcome-ontour.de\/wordpress\/wp-content\/uploads\/2025\/08\/2025-04-06-1-2-300x143.jpg 300w, https:\/\/welcome-ontour.de\/wordpress\/wp-content\/uploads\/2025\/08\/2025-04-06-1-2-700x333.jpg 700w, https:\/\/welcome-ontour.de\/wordpress\/wp-content\/uploads\/2025\/08\/2025-04-06-1-2-768x365.jpg 768w\" sizes=\"(max-width: 808px) 100vw, 808px\" \/><\/p>\n<p style=\"text-align: center;\">\u00a0<\/p>\n<p style=\"text-align: center;\"><span style=\"font-family: arial, helvetica, sans-serif; font-size: 12pt; color: #000000;\">Der Porta Portese Markt ist bekannt f\u00fcr eine gro\u00dfe Auswahl an Antiquit\u00e4ten, <\/span><\/p>\n<p style=\"text-align: center;\"><span style=\"font-family: arial, helvetica, sans-serif; font-size: 12pt; color: #000000;\">Vintage-Kleidung, Accessoires, B\u00fccher, M\u00f6bel, Kunst, Elektronik und mehr.<\/span><\/p>\n<p>&nbsp;<\/p>\n<p><img decoding=\"async\" class=\"size-full wp-image-25604 aligncenter\" src=\"https:\/\/welcome-ontour.de\/wordpress\/wp-content\/uploads\/2025\/08\/2025-04-06-3-4.jpg\" alt=\"\" width=\"810\" height=\"385\" srcset=\"https:\/\/welcome-ontour.de\/wordpress\/wp-content\/uploads\/2025\/08\/2025-04-06-3-4.jpg 810w, https:\/\/welcome-ontour.de\/wordpress\/wp-content\/uploads\/2025\/08\/2025-04-06-3-4-300x143.jpg 300w, https:\/\/welcome-ontour.de\/wordpress\/wp-content\/uploads\/2025\/08\/2025-04-06-3-4-700x333.jpg 700w, https:\/\/welcome-ontour.de\/wordpress\/wp-content\/uploads\/2025\/08\/2025-04-06-3-4-768x365.jpg 768w\" sizes=\"(max-width: 810px) 100vw, 810px\" \/><\/p>\n<p style=\"text-align: center;\">\u00a0<\/p>\n<p style=\"text-align: center;\"><span style=\"font-family: arial, helvetica, sans-serif; font-size: 12pt; color: #000000;\">Vor allem wird sehr viel selbst gen\u00e4hte und gebrauchte Kleidung angeboten.<\/span><\/p>\n<p style=\"text-align: center;\"><span style=\"font-family: arial, helvetica, sans-serif; font-size: 12pt; color: #000000;\">Ute und ich haben schon nach wenigen Minuten genug von dem ganzen alten Kram.<\/span><\/p>\n<p style=\"text-align: center;\"><span style=\"font-family: arial, helvetica, sans-serif; font-size: 12pt; color: #000000;\">Wir verlassen das Gel\u00e4nde und gehen an der Sublicio Br\u00fccke runter zum Fluss.<\/span><\/p>\n<p>&nbsp;<\/p>\n<p><img decoding=\"async\" class=\"size-full wp-image-25605 aligncenter\" src=\"https:\/\/welcome-ontour.de\/wordpress\/wp-content\/uploads\/2025\/08\/2025-04-06-5-6.jpg\" alt=\"\" width=\"810\" height=\"301\" srcset=\"https:\/\/welcome-ontour.de\/wordpress\/wp-content\/uploads\/2025\/08\/2025-04-06-5-6.jpg 810w, https:\/\/welcome-ontour.de\/wordpress\/wp-content\/uploads\/2025\/08\/2025-04-06-5-6-300x111.jpg 300w, https:\/\/welcome-ontour.de\/wordpress\/wp-content\/uploads\/2025\/08\/2025-04-06-5-6-700x260.jpg 700w, https:\/\/welcome-ontour.de\/wordpress\/wp-content\/uploads\/2025\/08\/2025-04-06-5-6-768x285.jpg 768w\" sizes=\"(max-width: 810px) 100vw, 810px\" \/><\/p>\n<p style=\"text-align: center;\">\u00a0<\/p>\n<p style=\"text-align: center;\"><span style=\"font-family: arial, helvetica, sans-serif; font-size: 12pt; color: #000000;\">Hier am gem\u00fctlich dahin flie\u00dfenden Tiber ist die Atmosph\u00e4re ungleich entspannter.<\/span><\/p>\n<p style=\"text-align: center;\"><span style=\"font-family: arial, helvetica, sans-serif; font-size: 12pt; color: #000000;\">Man trifft auf ein paar Sonntags-Spazierg\u00e4nger und einige wenige Radfahrer.<\/span><\/p>\n<p style=\"text-align: center;\"><span style=\"font-family: arial, helvetica, sans-serif; font-size: 12pt; color: #000000;\">In der Sonne laufen wir bis zur n\u00e4chsten Br\u00fccke.<\/span><\/p>\n<p style=\"text-align: center;\"><span style=\"font-family: arial, helvetica, sans-serif; font-size: 12pt; color: #000000;\">In der Hoffnung auf ein schnelles k\u00fchles Getr\u00e4nk landen wir in einer Pizzeria an der Ponte Testaccio.<\/span><\/p>\n<p style=\"text-align: center;\"><span style=\"font-family: arial, helvetica, sans-serif; font-size: 12pt; color: #000000;\">Der Rest der Reisegruppe hat sich inzwischen durch den Markt gek\u00e4mpft und trifft kurz nach uns ein.<\/span><\/p>\n<p style=\"text-align: center;\"><span style=\"font-family: arial, helvetica, sans-serif; font-size: 12pt; color: #000000;\">Das Restaurant ist eine Katastrophe.<\/span><\/p>\n<p style=\"text-align: center;\"><span style=\"font-family: arial, helvetica, sans-serif; font-size: 12pt; color: #000000;\">Getr\u00e4nke dauern ewig, Bestellungen werden verwechselt und auf der Rechnung steht zu viel.<\/span><\/p>\n<p style=\"text-align: center;\"><span style=\"font-family: arial, helvetica, sans-serif; font-size: 12pt; color: #000000;\">Fehlgriff.<\/span><\/p>\n<p style=\"text-align: center;\"><span style=\"font-family: arial, helvetica, sans-serif; font-size: 12pt; color: #000000;\">Den Nachmittag verbringen wir komplett in Trastevere.<\/span><\/p>\n<p style=\"text-align: center;\"><span style=\"font-family: arial, helvetica, sans-serif; font-size: 12pt; color: #000000;\">Das \u201eDorf in der Stadt\u201c, so wird die Region am westlichen Ufer des Tiber auch genannt.<\/span><\/p>\n<p>&nbsp;<\/p>\n<p><img decoding=\"async\" class=\"size-full wp-image-25606 aligncenter\" src=\"https:\/\/welcome-ontour.de\/wordpress\/wp-content\/uploads\/2025\/08\/2025-04-06-7-8-9.jpg\" alt=\"\" width=\"812\" height=\"350\" srcset=\"https:\/\/welcome-ontour.de\/wordpress\/wp-content\/uploads\/2025\/08\/2025-04-06-7-8-9.jpg 812w, https:\/\/welcome-ontour.de\/wordpress\/wp-content\/uploads\/2025\/08\/2025-04-06-7-8-9-300x129.jpg 300w, https:\/\/welcome-ontour.de\/wordpress\/wp-content\/uploads\/2025\/08\/2025-04-06-7-8-9-700x302.jpg 700w, https:\/\/welcome-ontour.de\/wordpress\/wp-content\/uploads\/2025\/08\/2025-04-06-7-8-9-768x331.jpg 768w\" sizes=\"(max-width: 812px) 100vw, 812px\" \/><\/p>\n<p style=\"text-align: center;\"><span style=\"font-family: arial, helvetica, sans-serif; font-size: 12pt; color: #000000;\">\u00a0<\/span><\/p>\n<p style=\"text-align: center;\"><span style=\"font-family: arial, helvetica, sans-serif; font-size: 12pt; color: #000000;\">Kein Wunder, denn die engen, verwinkelten Gassen mit ihren roten und gelben H\u00e4usern mit reichlich Patina<\/span><\/p>\n<p style=\"text-align: center;\"><span style=\"font-family: arial, helvetica, sans-serif; font-size: 12pt; color: #000000;\"> strahlen einen unglaublich urigen, italienischen Charakter aus.<\/span><\/p>\n<p>&nbsp;<\/p>\n<p><img decoding=\"async\" class=\"size-full wp-image-25607 aligncenter\" src=\"https:\/\/welcome-ontour.de\/wordpress\/wp-content\/uploads\/2025\/08\/2025-04-06-10-11.jpg\" alt=\"\" width=\"810\" height=\"302\" srcset=\"https:\/\/welcome-ontour.de\/wordpress\/wp-content\/uploads\/2025\/08\/2025-04-06-10-11.jpg 810w, https:\/\/welcome-ontour.de\/wordpress\/wp-content\/uploads\/2025\/08\/2025-04-06-10-11-300x112.jpg 300w, https:\/\/welcome-ontour.de\/wordpress\/wp-content\/uploads\/2025\/08\/2025-04-06-10-11-700x261.jpg 700w, https:\/\/welcome-ontour.de\/wordpress\/wp-content\/uploads\/2025\/08\/2025-04-06-10-11-768x286.jpg 768w\" sizes=\"(max-width: 810px) 100vw, 810px\" \/><\/p>\n<p style=\"text-align: center;\"><span style=\"font-family: arial, helvetica, sans-serif; font-size: 12pt; color: #000000;\">\u00a0<\/span><\/p>\n<p style=\"text-align: center;\"><span style=\"font-family: arial, helvetica, sans-serif; font-size: 12pt; color: #000000;\">Am Piazza di Santa Maria schl\u00e4gt das Herz des Viertels.<\/span><\/p>\n<p>&nbsp;<\/p>\n<p><img decoding=\"async\" class=\"size-full wp-image-25608 aligncenter\" src=\"https:\/\/welcome-ontour.de\/wordpress\/wp-content\/uploads\/2025\/08\/2025-04-06-12-13-14.jpg\" alt=\"\" width=\"811\" height=\"279\" srcset=\"https:\/\/welcome-ontour.de\/wordpress\/wp-content\/uploads\/2025\/08\/2025-04-06-12-13-14.jpg 811w, https:\/\/welcome-ontour.de\/wordpress\/wp-content\/uploads\/2025\/08\/2025-04-06-12-13-14-300x103.jpg 300w, https:\/\/welcome-ontour.de\/wordpress\/wp-content\/uploads\/2025\/08\/2025-04-06-12-13-14-700x241.jpg 700w, https:\/\/welcome-ontour.de\/wordpress\/wp-content\/uploads\/2025\/08\/2025-04-06-12-13-14-768x264.jpg 768w\" sizes=\"(max-width: 811px) 100vw, 811px\" \/><\/p>\n<p style=\"text-align: center;\">\u00a0<\/p>\n<p style=\"text-align: center;\"><span style=\"font-family: arial, helvetica, sans-serif; font-size: 12pt; color: #000000;\">Die malerische Basilika ist die \u00e4lteste Marienkirche Roms.<\/span><\/p>\n<p style=\"text-align: center;\">\u00a0<\/p>\n<p style=\"text-align: center;\"><span style=\"font-family: arial, helvetica, sans-serif; font-size: 12pt; color: #000000;\"><img decoding=\"async\" class=\"size-full wp-image-25528 aligncenter\" src=\"https:\/\/welcome-ontour.de\/wordpress\/wp-content\/uploads\/2025\/08\/2025-04-06-15.jpg\" alt=\"\" width=\"810\" height=\"408\" srcset=\"https:\/\/welcome-ontour.de\/wordpress\/wp-content\/uploads\/2025\/08\/2025-04-06-15.jpg 810w, https:\/\/welcome-ontour.de\/wordpress\/wp-content\/uploads\/2025\/08\/2025-04-06-15-300x151.jpg 300w, https:\/\/welcome-ontour.de\/wordpress\/wp-content\/uploads\/2025\/08\/2025-04-06-15-700x353.jpg 700w, https:\/\/welcome-ontour.de\/wordpress\/wp-content\/uploads\/2025\/08\/2025-04-06-15-768x387.jpg 768w\" sizes=\"(max-width: 810px) 100vw, 810px\" \/><\/span><\/p>\n<p style=\"text-align: center;\">\u00a0<\/p>\n<p style=\"text-align: center;\"><span style=\"font-family: arial, helvetica, sans-serif; font-size: 12pt; color: #000000;\">Wir finden einen sonnigen Tisch direkt an der Piazza <\/span><\/p>\n<p style=\"text-align: center;\"><span style=\"font-family: arial, helvetica, sans-serif; font-size: 12pt; color: #000000;\">und genie\u00dfen Essen, Trinken und die wunderbare Atmosph\u00e4re.<\/span><\/p>\n<p style=\"text-align: center;\">\u00a0<\/p>\n<p style=\"text-align: center;\"><span style=\"font-family: arial, helvetica, sans-serif; font-size: 12pt; color: #000000;\"><img decoding=\"async\" class=\"wp-image-25529 size-large aligncenter\" src=\"https:\/\/welcome-ontour.de\/wordpress\/wp-content\/uploads\/2025\/08\/2025-04-06-16-700x353.jpg\" alt=\"\" width=\"700\" height=\"353\" srcset=\"https:\/\/welcome-ontour.de\/wordpress\/wp-content\/uploads\/2025\/08\/2025-04-06-16-700x353.jpg 700w, https:\/\/welcome-ontour.de\/wordpress\/wp-content\/uploads\/2025\/08\/2025-04-06-16-300x151.jpg 300w, https:\/\/welcome-ontour.de\/wordpress\/wp-content\/uploads\/2025\/08\/2025-04-06-16-768x387.jpg 768w, https:\/\/welcome-ontour.de\/wordpress\/wp-content\/uploads\/2025\/08\/2025-04-06-16.jpg 810w\" sizes=\"(max-width: 700px) 100vw, 700px\" \/><\/span><\/p>\n<p style=\"text-align: center;\">\u00a0<\/p>\n<p style=\"text-align: center;\"><span style=\"font-family: arial, helvetica, sans-serif; font-size: 12pt; color: #000000;\">Anschlie\u00dfend schw\u00e4rmen alle aus und ziehen durch die herrlich charmanten Gassen.<\/span><\/p>\n<p>&nbsp;<\/p>\n<p><img decoding=\"async\" class=\"size-full wp-image-25609 aligncenter\" src=\"https:\/\/welcome-ontour.de\/wordpress\/wp-content\/uploads\/2025\/08\/2025-04-06-17-18-19.jpg\" alt=\"\" width=\"811\" height=\"279\" srcset=\"https:\/\/welcome-ontour.de\/wordpress\/wp-content\/uploads\/2025\/08\/2025-04-06-17-18-19.jpg 811w, https:\/\/welcome-ontour.de\/wordpress\/wp-content\/uploads\/2025\/08\/2025-04-06-17-18-19-300x103.jpg 300w, https:\/\/welcome-ontour.de\/wordpress\/wp-content\/uploads\/2025\/08\/2025-04-06-17-18-19-700x241.jpg 700w, https:\/\/welcome-ontour.de\/wordpress\/wp-content\/uploads\/2025\/08\/2025-04-06-17-18-19-768x264.jpg 768w\" sizes=\"(max-width: 811px) 100vw, 811px\" \/><\/p>\n<p style=\"text-align: center;\">\u00a0<\/p>\n<p style=\"text-align: center;\"><span style=\"font-family: arial, helvetica, sans-serif; font-size: 12pt; color: #000000;\"><img decoding=\"async\" class=\"size-full wp-image-25533 aligncenter\" src=\"https:\/\/welcome-ontour.de\/wordpress\/wp-content\/uploads\/2025\/08\/2025-04-06-20.jpg\" alt=\"\" width=\"810\" height=\"408\" srcset=\"https:\/\/welcome-ontour.de\/wordpress\/wp-content\/uploads\/2025\/08\/2025-04-06-20.jpg 810w, https:\/\/welcome-ontour.de\/wordpress\/wp-content\/uploads\/2025\/08\/2025-04-06-20-300x151.jpg 300w, https:\/\/welcome-ontour.de\/wordpress\/wp-content\/uploads\/2025\/08\/2025-04-06-20-700x353.jpg 700w, https:\/\/welcome-ontour.de\/wordpress\/wp-content\/uploads\/2025\/08\/2025-04-06-20-768x387.jpg 768w\" sizes=\"(max-width: 810px) 100vw, 810px\" \/><\/span><\/p>\n<p style=\"text-align: center;\">\u00a0<\/p>\n<p style=\"text-align: center;\"><span style=\"font-family: arial, helvetica, sans-serif; font-size: 12pt; color: #000000;\">Abends gehen wir gemeinsam \u00fcber die Ponte Sisto wieder r\u00fcber ins antike Rom.<\/span><\/p>\n<p>&nbsp;<\/p>\n<p><img decoding=\"async\" class=\"size-full wp-image-25610 aligncenter\" src=\"https:\/\/welcome-ontour.de\/wordpress\/wp-content\/uploads\/2025\/08\/2025-04-06-21-22.jpg\" alt=\"\" width=\"811\" height=\"302\" srcset=\"https:\/\/welcome-ontour.de\/wordpress\/wp-content\/uploads\/2025\/08\/2025-04-06-21-22.jpg 811w, https:\/\/welcome-ontour.de\/wordpress\/wp-content\/uploads\/2025\/08\/2025-04-06-21-22-300x112.jpg 300w, https:\/\/welcome-ontour.de\/wordpress\/wp-content\/uploads\/2025\/08\/2025-04-06-21-22-700x261.jpg 700w, https:\/\/welcome-ontour.de\/wordpress\/wp-content\/uploads\/2025\/08\/2025-04-06-21-22-768x286.jpg 768w\" sizes=\"(max-width: 811px) 100vw, 811px\" \/><\/p>\n<p><img decoding=\"async\" class=\"size-full wp-image-25611 aligncenter\" src=\"https:\/\/welcome-ontour.de\/wordpress\/wp-content\/uploads\/2025\/08\/2025-04-06-23-24.jpg\" alt=\"\" width=\"809\" height=\"384\" srcset=\"https:\/\/welcome-ontour.de\/wordpress\/wp-content\/uploads\/2025\/08\/2025-04-06-23-24.jpg 809w, https:\/\/welcome-ontour.de\/wordpress\/wp-content\/uploads\/2025\/08\/2025-04-06-23-24-300x142.jpg 300w, https:\/\/welcome-ontour.de\/wordpress\/wp-content\/uploads\/2025\/08\/2025-04-06-23-24-700x332.jpg 700w, https:\/\/welcome-ontour.de\/wordpress\/wp-content\/uploads\/2025\/08\/2025-04-06-23-24-768x365.jpg 768w\" sizes=\"(max-width: 809px) 100vw, 809px\" \/><\/p>\n<p style=\"text-align: center;\">\u00a0<\/p>\n<p style=\"text-align: center;\"><span style=\"font-family: arial, helvetica, sans-serif; font-size: 12pt; color: #000000;\">Der 64er Bus bringt uns zur\u00fcck zum Termini Bahnhof, von wo wir in 3 min zu Hause sind.<\/span><\/p>\n<p>&nbsp;<\/p>\n<p style=\"text-align: center;\"><span style=\"font-family: arial, helvetica, sans-serif; font-size: 12pt; color: #000000;\"><img decoding=\"async\" class=\"wp-image-25316 aligncenter\" src=\"https:\/\/welcome-ontour.de\/wordpress\/wp-content\/uploads\/2025\/05\/2025-04-02-04.jpg\" alt=\"\" width=\"140\" height=\"140\" srcset=\"https:\/\/welcome-ontour.de\/wordpress\/wp-content\/uploads\/2025\/05\/2025-04-02-04.jpg 300w, https:\/\/welcome-ontour.de\/wordpress\/wp-content\/uploads\/2025\/05\/2025-04-02-04-150x150.jpg 150w, https:\/\/welcome-ontour.de\/wordpress\/wp-content\/uploads\/2025\/05\/2025-04-02-04-75x75.jpg 75w\" sizes=\"(max-width: 140px) 100vw, 140px\" \/><\/span><\/p>\n<p style=\"text-align: center;\"><span style=\"font-family: arial, helvetica, sans-serif; font-size: 12pt; color: #000000;\"><a style=\"color: #000000;\" href=\"https:\/\/welcome-ontour.de\/wordpress\/index.php\/2025-04-05\"><img decoding=\"async\" class=\"alignleft wp-image-25313\" src=\"https:\/\/welcome-ontour.de\/wordpress\/wp-content\/uploads\/2025\/05\/2025-04-02-01.jpg\" alt=\"\" width=\"66\" height=\"37\" \/><\/a>\u00a0 <a style=\"color: #000000;\" href=\"https:\/\/welcome-ontour.de\/wordpress\/index.php\/2025-04-07\"><img decoding=\"async\" class=\"alignright wp-image-25314\" src=\"https:\/\/welcome-ontour.de\/wordpress\/wp-content\/uploads\/2025\/05\/2025-04-02-02.jpg\" alt=\"\" width=\"66\" height=\"37\" \/><\/a><\/span><\/p>\n<p style=\"text-align: center;\">\u00a0<\/p>\n","protected":false},"excerpt":{"rendered":"<p>Prolog\u00a0 \u00a0 \u00a0 \u00a0 \u00a0 Anreise\u00a0 \u00a0 \u00a0 \u00a0 \u00a0 Vatikan\u00a0 \u00a0 \u00a0 \u00a0 \u00a0 Colosseum\u00a0 \u00a0 \u00a0 \u00a0 \u00a0 Trastevere\u00a0 \u00a0 \u00a0 \u00a0 \u00a0 Pantheon\u00a0 \u00a0 \u00a0 \u00a0 \u00a0 Abreise\u00a0 \u00a0 \u00a0 \u00a0 \u00a0 Fazit \u00a0 &nbsp; So 6.4. \u00a0 Trastevere \u00a0 Fr\u00fchst\u00fcck bis um zehn, wie immer. Per Bus und Stra\u00dfenbahn fahren wir heute zum Sonntagsmarkt nach Porta Portese. Der Markt befindet sich im Stadtteil Trastevere in Rom und erstreckt sich fast 3 km entlang der Via Portuense und den umliegenden Stra\u00dfen. &nbsp; \u00a0 Der Porta Portese Markt ist bekannt f\u00fcr eine gro\u00dfe Auswahl an Antiquit\u00e4ten, Vintage-Kleidung, Accessoires, B\u00fccher, M\u00f6bel, Kunst, Elektronik und mehr. &nbsp; \u00a0 Vor allem wird sehr viel selbst gen\u00e4hte und gebrauchte Kleidung angeboten. Ute und ich haben schon nach wenigen Minuten genug von dem ganzen alten Kram. Wir verlassen das Gel\u00e4nde und gehen an der Sublicio Br\u00fccke runter zum Fluss. &nbsp; \u00a0 Hier am gem\u00fctlich dahin flie\u00dfenden Tiber ist die Atmosph\u00e4re ungleich entspannter. Man trifft auf ein paar Sonntags-Spazierg\u00e4nger und einige wenige Radfahrer. In der Sonne laufen wir bis zur n\u00e4chsten Br\u00fccke. In der Hoffnung auf ein schnelles k\u00fchles Getr\u00e4nk landen wir in einer Pizzeria an der Ponte Testaccio. Der Rest der Reisegruppe hat sich inzwischen durch den Markt gek\u00e4mpft und trifft kurz nach uns ein. Das Restaurant ist eine Katastrophe. Getr\u00e4nke dauern ewig, Bestellungen werden verwechselt und auf der Rechnung steht zu viel. Fehlgriff. Den Nachmittag verbringen wir komplett in Trastevere. Das \u201eDorf in der Stadt\u201c, so wird die Region am westlichen Ufer des Tiber auch genannt. &nbsp; \u00a0 Kein Wunder, denn die engen, verwinkelten Gassen mit ihren roten und gelben H\u00e4usern mit reichlich Patina strahlen einen unglaublich urigen, italienischen Charakter aus. &nbsp; \u00a0 Am Piazza di Santa Maria schl\u00e4gt das Herz des Viertels. &nbsp; \u00a0 Die malerische Basilika ist die \u00e4lteste Marienkirche Roms. \u00a0 \u00a0 Wir finden einen sonnigen Tisch direkt an der Piazza und genie\u00dfen Essen, Trinken und die wunderbare Atmosph\u00e4re. \u00a0 \u00a0 Anschlie\u00dfend schw\u00e4rmen alle aus und ziehen durch die herrlich charmanten Gassen. &nbsp; \u00a0 \u00a0 Abends gehen wir gemeinsam \u00fcber die Ponte Sisto wieder r\u00fcber ins antike Rom. &nbsp; \u00a0 Der 64er Bus bringt uns zur\u00fcck zum Termini Bahnhof, von wo wir in 3 min zu Hause sind. &nbsp; \u00a0 \u00a0<\/p>\n","protected":false},"author":1,"featured_media":0,"parent":0,"menu_order":0,"comment_status":"closed","ping_status":"closed","template":"","meta":{"footnotes":""},"class_list":["post-25304","page","type-page","status-publish","hentry"],"_links":{"self":[{"href":"https:\/\/welcome-ontour.de\/wordpress\/index.php\/wp-json\/wp\/v2\/pages\/25304","targetHints":{"allow":["GET"]}}],"collection":[{"href":"https:\/\/welcome-ontour.de\/wordpress\/index.php\/wp-json\/wp\/v2\/pages"}],"about":[{"href":"https:\/\/welcome-ontour.de\/wordpress\/index.php\/wp-json\/wp\/v2\/types\/page"}],"author":[{"embeddable":true,"href":"https:\/\/welcome-ontour.de\/wordpress\/index.php\/wp-json\/wp\/v2\/users\/1"}],"replies":[{"embeddable":true,"href":"https:\/\/welcome-ontour.de\/wordpress\/index.php\/wp-json\/wp\/v2\/comments?post=25304"}],"version-history":[{"count":6,"href":"https:\/\/welcome-ontour.de\/wordpress\/index.php\/wp-json\/wp\/v2\/pages\/25304\/revisions"}],"predecessor-version":[{"id":25513,"href":"https:\/\/welcome-ontour.de\/wordpress\/index.php\/wp-json\/wp\/v2\/pages\/25304\/revisions\/25513"}],"wp:attachment":[{"href":"https:\/\/welcome-ontour.de\/wordpress\/index.php\/wp-json\/wp\/v2\/media?parent=25304"}],"curies":[{"name":"wp","href":"https:\/\/api.w.org\/{rel}","templated":true}]}}