{"id":25296,"date":"2025-05-13T10:38:06","date_gmt":"2025-05-13T10:38:06","guid":{"rendered":"https:\/\/welcome-ontour.de\/wordpress\/?page_id=25296"},"modified":"2025-08-19T10:35:41","modified_gmt":"2025-08-19T10:35:41","slug":"2025-04-02-prolog","status":"publish","type":"page","link":"https:\/\/welcome-ontour.de\/wordpress\/index.php\/2025-04-02-prolog\/","title":{"rendered":"2025 04 02 prolog"},"content":{"rendered":"<p style=\"text-align: center;\"><span style=\"font-size: 8pt; font-family: arial, helvetica, sans-serif; color: #000000;\"><a style=\"color: #000000;\" href=\"https:\/\/welcome-ontour.de\/wordpress\/index.php\/2025-04-02-prolog\/\">Prolog<\/a>\u00a0 \u00a0 \u00a0 \u00a0 \u00a0 <a style=\"color: #000000;\" href=\"https:\/\/welcome-ontour.de\/wordpress\/index.php\/2025-04-03\">Anreise<\/a>\u00a0 \u00a0 \u00a0 \u00a0 \u00a0 <a style=\"color: #000000;\" href=\"https:\/\/welcome-ontour.de\/wordpress\/index.php\/2025-04-04\">Vatikan<\/a>\u00a0 \u00a0 \u00a0 \u00a0 \u00a0 <a style=\"color: #000000;\" href=\"https:\/\/welcome-ontour.de\/wordpress\/index.php\/2025-04-05\">Colosseum<\/a>\u00a0 \u00a0 \u00a0 \u00a0 \u00a0 <a style=\"color: #000000;\" href=\"https:\/\/welcome-ontour.de\/wordpress\/index.php\/2025-04-06\">Trastevere<\/a>\u00a0 \u00a0 \u00a0 \u00a0 \u00a0 <a style=\"color: #000000;\" href=\"https:\/\/welcome-ontour.de\/wordpress\/index.php\/2025-04-07\">Pantheon<\/a>\u00a0 \u00a0 \u00a0 \u00a0 \u00a0 <a style=\"color: #000000;\" href=\"https:\/\/welcome-ontour.de\/wordpress\/index.php\/2025-04-08\">Abreise<\/a>\u00a0 \u00a0 \u00a0 \u00a0 \u00a0 <a style=\"color: #000000;\" href=\"https:\/\/welcome-ontour.de\/wordpress\/index.php\/2025-04-09-fazit\/\">Fazit<\/a><\/span><\/p>\n<p style=\"text-align: center;\"><span style=\"font-family: arial, helvetica, sans-serif; font-size: 12pt; color: #000000;\"><a style=\"color: #000000;\" href=\"https:\/\/welcome-ontour.de\/wordpress\/index.php\/reiseberichte\/\"><img decoding=\"async\" class=\"alignleft wp-image-25313\" src=\"https:\/\/welcome-ontour.de\/wordpress\/wp-content\/uploads\/2025\/05\/2025-04-02-01.jpg\" alt=\"\" width=\"66\" height=\"37\" \/><\/a>\u00a0 <a style=\"color: #000000;\" href=\"https:\/\/welcome-ontour.de\/wordpress\/index.php\/2025-04-03\"><img decoding=\"async\" class=\"alignright wp-image-25314\" src=\"https:\/\/welcome-ontour.de\/wordpress\/wp-content\/uploads\/2025\/05\/2025-04-02-02.jpg\" alt=\"\" width=\"66\" height=\"37\" \/><\/a><\/span><\/p>\n<p>&nbsp;<\/p>\n<p style=\"text-align: center;\"><span style=\"font-size: 24pt; color: #000000;\"><strong><span style=\"font-family: arial, helvetica, sans-serif;\">The Eternal City<\/span><\/strong><\/span><\/p>\n<p>&nbsp;<\/p>\n<p style=\"text-align: center;\"><span style=\"font-size: 18pt; color: #000000;\"><strong><span style=\"font-family: arial, helvetica, sans-serif;\">Rom 2025<\/span><\/strong><\/span><\/p>\n<p>&nbsp;<\/p>\n<p style=\"text-align: center;\"><span style=\"font-family: arial, helvetica, sans-serif; font-size: 12pt; color: #000000;\"><a style=\"color: #000000;\" href=\"https:\/\/welcome-ontour.de\/wordpress\/wp-content\/uploads\/2025\/05\/2025-04-02-03.jpg\" target=\"_blank\" rel=\"noopener\"><img decoding=\"async\" class=\"wp-image-25315 aligncenter\" title=\"Rom 2025\" src=\"https:\/\/welcome-ontour.de\/wordpress\/wp-content\/uploads\/2025\/05\/2025-04-02-03.jpg\" alt=\"\" width=\"810\" height=\"283\" srcset=\"https:\/\/welcome-ontour.de\/wordpress\/wp-content\/uploads\/2025\/05\/2025-04-02-03.jpg 1606w, https:\/\/welcome-ontour.de\/wordpress\/wp-content\/uploads\/2025\/05\/2025-04-02-03-300x105.jpg 300w, https:\/\/welcome-ontour.de\/wordpress\/wp-content\/uploads\/2025\/05\/2025-04-02-03-700x245.jpg 700w, https:\/\/welcome-ontour.de\/wordpress\/wp-content\/uploads\/2025\/05\/2025-04-02-03-768x269.jpg 768w, https:\/\/welcome-ontour.de\/wordpress\/wp-content\/uploads\/2025\/05\/2025-04-02-03-1536x538.jpg 1536w, https:\/\/welcome-ontour.de\/wordpress\/wp-content\/uploads\/2025\/05\/2025-04-02-03-1140x399.jpg 1140w\" sizes=\"(max-width: 810px) 100vw, 810px\" \/><\/a><\/span><\/p>\n<p>&nbsp;<\/p>\n<p style=\"text-align: center;\"><span style=\"color: #000000;\"><strong><span style=\"font-family: arial, helvetica, sans-serif; font-size: 14pt;\">Prolog<\/span><\/strong><\/span><\/p>\n<p style=\"text-align: center;\"><span style=\"font-family: arial, helvetica, sans-serif; font-size: 12pt; color: #000000;\">Die Dorfreisegruppe ist wieder unterwegs.<\/span><\/p>\n<p style=\"text-align: center;\"><span style=\"font-family: arial, helvetica, sans-serif; font-size: 12pt; color: #000000;\">Eine Tour nach Rom konnten wir uns schon seit einiger Zeit gut vorstellen.<\/span><\/p>\n<p style=\"text-align: center;\"><span style=\"font-family: arial, helvetica, sans-serif; font-size: 12pt; color: #000000;\">Anfang April wurde als angenehme Reisezeit erachtet.<\/span><\/p>\n<p style=\"text-align: center;\"><span style=\"font-family: arial, helvetica, sans-serif; font-size: 12pt; color: #000000;\">Fl\u00fcge und Quartier werden mit 10 Monaten Vorlauf gebucht.<\/span><\/p>\n<p style=\"text-align: center;\"><span style=\"font-family: arial, helvetica, sans-serif; font-size: 12pt; color: #000000;\">Ryanair fliegt nonstop f\u00fcr wenig Geld.<\/span><\/p>\n<p style=\"text-align: center;\"><span style=\"font-family: arial, helvetica, sans-serif; font-size: 12pt; color: #000000;\">Weil wir als drei Paare unterwegs sein werden, buchen wir eine Wohnung im Stadtzentrum.<\/span><\/p>\n<p style=\"text-align: center;\"><span style=\"font-family: arial, helvetica, sans-serif; font-size: 12pt; color: #000000;\">Donnerstag hin, Dienstag zur\u00fcck, genug Zeit f\u00fcr einen ersten Eindruck.<\/span><\/p>\n<p style=\"text-align: center;\"><span style=\"font-family: arial, helvetica, sans-serif; font-size: 12pt; color: #000000;\">Klimatisch rechnen wir mit fr\u00fchsommerlichen Temperaturen, kleines Handgep\u00e4ck reicht aus.<\/span><\/p>\n<p style=\"text-align: center;\"><span style=\"font-family: arial, helvetica, sans-serif; font-size: 12pt; color: #000000;\">Abflug ist bereits um sechs, wir werden mitten in der Nacht von zu Hause abgeholt.<\/span><\/p>\n<p style=\"text-align: center;\"><span style=\"font-family: arial, helvetica, sans-serif; font-size: 12pt; color: #000000;\">Also am Vorabend fr\u00fch ins Bett, um noch eine M\u00fctze Schlaf zu bekommen.<\/span><\/p>\n<p>&nbsp;<\/p>\n<p style=\"text-align: center;\"><span style=\"font-family: arial, helvetica, sans-serif; font-size: 12pt; color: #000000;\"><img decoding=\"async\" class=\"wp-image-25316 aligncenter\" src=\"https:\/\/welcome-ontour.de\/wordpress\/wp-content\/uploads\/2025\/05\/2025-04-02-04.jpg\" alt=\"\" width=\"140\" height=\"140\" srcset=\"https:\/\/welcome-ontour.de\/wordpress\/wp-content\/uploads\/2025\/05\/2025-04-02-04.jpg 300w, https:\/\/welcome-ontour.de\/wordpress\/wp-content\/uploads\/2025\/05\/2025-04-02-04-150x150.jpg 150w, https:\/\/welcome-ontour.de\/wordpress\/wp-content\/uploads\/2025\/05\/2025-04-02-04-75x75.jpg 75w\" sizes=\"(max-width: 140px) 100vw, 140px\" \/><\/span><\/p>\n<p style=\"text-align: center;\"><span style=\"font-family: arial, helvetica, sans-serif; font-size: 12pt; color: #000000;\"><a style=\"color: #000000;\" href=\"https:\/\/welcome-ontour.de\/wordpress\/index.php\/reiseberichte\/\"><img decoding=\"async\" class=\"alignleft wp-image-25313\" src=\"https:\/\/welcome-ontour.de\/wordpress\/wp-content\/uploads\/2025\/05\/2025-04-02-01.jpg\" alt=\"\" width=\"66\" height=\"37\" \/><\/a>\u00a0 <a style=\"color: #000000;\" href=\"https:\/\/welcome-ontour.de\/wordpress\/index.php\/2025-04-03\"><img decoding=\"async\" class=\"alignright wp-image-25314\" src=\"https:\/\/welcome-ontour.de\/wordpress\/wp-content\/uploads\/2025\/05\/2025-04-02-02.jpg\" alt=\"\" width=\"66\" height=\"37\" \/><\/a><\/span><\/p>\n<p style=\"text-align: center;\">\u00a0<\/p>\n","protected":false},"excerpt":{"rendered":"<p>Prolog\u00a0 \u00a0 \u00a0 \u00a0 \u00a0 Anreise\u00a0 \u00a0 \u00a0 \u00a0 \u00a0 Vatikan\u00a0 \u00a0 \u00a0 \u00a0 \u00a0 Colosseum\u00a0 \u00a0 \u00a0 \u00a0 \u00a0 Trastevere\u00a0 \u00a0 \u00a0 \u00a0 \u00a0 Pantheon\u00a0 \u00a0 \u00a0 \u00a0 \u00a0 Abreise\u00a0 \u00a0 \u00a0 \u00a0 \u00a0 Fazit \u00a0 &nbsp; The Eternal City &nbsp; Rom 2025 &nbsp; &nbsp; Prolog Die Dorfreisegruppe ist wieder unterwegs. Eine Tour nach Rom konnten wir uns schon seit einiger Zeit gut vorstellen. Anfang April wurde als angenehme Reisezeit erachtet. Fl\u00fcge und Quartier werden mit 10 Monaten Vorlauf gebucht. Ryanair fliegt nonstop f\u00fcr wenig Geld. Weil wir als drei Paare unterwegs sein werden, buchen wir eine Wohnung im Stadtzentrum. Donnerstag hin, Dienstag zur\u00fcck, genug Zeit f\u00fcr einen ersten Eindruck. Klimatisch rechnen wir mit fr\u00fchsommerlichen Temperaturen, kleines Handgep\u00e4ck reicht aus. Abflug ist bereits um sechs, wir werden mitten in der Nacht von zu Hause abgeholt. Also am Vorabend fr\u00fch ins Bett, um noch eine M\u00fctze Schlaf zu bekommen. &nbsp; \u00a0 \u00a0<\/p>\n","protected":false},"author":1,"featured_media":0,"parent":0,"menu_order":0,"comment_status":"closed","ping_status":"closed","template":"","meta":{"footnotes":""},"class_list":["post-25296","page","type-page","status-publish","hentry"],"_links":{"self":[{"href":"https:\/\/welcome-ontour.de\/wordpress\/index.php\/wp-json\/wp\/v2\/pages\/25296","targetHints":{"allow":["GET"]}}],"collection":[{"href":"https:\/\/welcome-ontour.de\/wordpress\/index.php\/wp-json\/wp\/v2\/pages"}],"about":[{"href":"https:\/\/welcome-ontour.de\/wordpress\/index.php\/wp-json\/wp\/v2\/types\/page"}],"author":[{"embeddable":true,"href":"https:\/\/welcome-ontour.de\/wordpress\/index.php\/wp-json\/wp\/v2\/users\/1"}],"replies":[{"embeddable":true,"href":"https:\/\/welcome-ontour.de\/wordpress\/index.php\/wp-json\/wp\/v2\/comments?post=25296"}],"version-history":[{"count":10,"href":"https:\/\/welcome-ontour.de\/wordpress\/index.php\/wp-json\/wp\/v2\/pages\/25296\/revisions"}],"predecessor-version":[{"id":25542,"href":"https:\/\/welcome-ontour.de\/wordpress\/index.php\/wp-json\/wp\/v2\/pages\/25296\/revisions\/25542"}],"wp:attachment":[{"href":"https:\/\/welcome-ontour.de\/wordpress\/index.php\/wp-json\/wp\/v2\/media?parent=25296"}],"curies":[{"name":"wp","href":"https:\/\/api.w.org\/{rel}","templated":true}]}}