{"id":24859,"date":"2025-03-11T09:27:43","date_gmt":"2025-03-11T09:27:43","guid":{"rendered":"https:\/\/welcome-ontour.de\/wordpress\/?page_id=24859"},"modified":"2025-08-26T09:58:00","modified_gmt":"2025-08-26T09:58:00","slug":"2025-02-23-fazit","status":"publish","type":"page","link":"https:\/\/welcome-ontour.de\/wordpress\/index.php\/2025-02-23-fazit\/","title":{"rendered":"2025 02 23 fazit"},"content":{"rendered":"<p style=\"text-align: center;\"><span style=\"color: #000000;\"><span style=\"font-family: arial, helvetica, sans-serif; font-size: 8pt;\"><a style=\"color: #000000;\" href=\"https:\/\/welcome-ontour.de\/wordpress\/index.php\/2025-02-13-prolog\/\">Prolog<\/a>\u00a0 \u00a0 \u00a0 \u00a0<a style=\"color: #000000;\" href=\"https:\/\/welcome-ontour.de\/wordpress\/index.php\/2025-02-14\">Anreise<\/a>\u00a0 \u00a0 \u00a0 \u00a0<a style=\"color: #000000;\" href=\"https:\/\/welcome-ontour.de\/wordpress\/index.php\/2025-02-15\">Funchal 1<\/a>\u00a0 \u00a0 \u00a0 \u00a0<a style=\"color: #000000;\" href=\"https:\/\/welcome-ontour.de\/wordpress\/index.php\/2025-02-16\">25 Fontes<\/a>\u00a0 \u00a0 \u00a0 \u00a0<a style=\"color: #000000;\" href=\"https:\/\/welcome-ontour.de\/wordpress\/index.php\/2025-02-17\">Ponta Lorenzo<\/a>\u00a0 \u00a0 \u00a0 \u00a0<a style=\"color: #000000;\" href=\"https:\/\/welcome-ontour.de\/wordpress\/index.php\/2025-02-18\">Funchal 2<\/a>\u00a0 \u00a0 \u00a0 \u00a0<a style=\"color: #000000;\" href=\"https:\/\/welcome-ontour.de\/wordpress\/index.php\/2025-02-19\">Ponta Do Sol<\/a>\u00a0 \u00a0 \u00a0 \u00a0<a style=\"color: #000000;\" href=\"https:\/\/welcome-ontour.de\/wordpress\/index.php\/2025-02-20\">Pico Areeiro<\/a>\u00a0 \u00a0 \u00a0 \u00a0<a style=\"color: #000000;\" href=\"https:\/\/welcome-ontour.de\/wordpress\/index.php\/2025-02-21\">Ribeira Frio<\/a><\/span><span style=\"font-family: arial, helvetica, sans-serif; font-size: 8pt;\">\u00a0 \u00a0 \u00a0 \u00a0<a style=\"color: #000000;\" href=\"https:\/\/welcome-ontour.de\/wordpress\/index.php\/2025-02-22\">Abreise<\/a>\u00a0 \u00a0 \u00a0 \u00a0<a style=\"color: #000000;\" href=\"https:\/\/welcome-ontour.de\/wordpress\/index.php\/2025-02-23-fazit\">Fazit<\/a><\/span><\/span><\/p>\n<p style=\"text-align: center;\"><span style=\"font-family: arial, helvetica, sans-serif; font-size: 12pt; color: #000000;\"><a style=\"color: #000000;\" href=\"https:\/\/welcome-ontour.de\/wordpress\/index.php\/2025-02-22\"><img decoding=\"async\" class=\"alignleft wp-image-24826\" src=\"https:\/\/welcome-ontour.de\/wordpress\/wp-content\/uploads\/2025\/03\/2025-02-13-01.jpg\" alt=\"\" width=\"70\" height=\"49\" \/><\/a><a style=\"color: #000000;\" href=\"https:\/\/welcome-ontour.de\/wordpress\/index.php\/reiseberichte\/\"><img decoding=\"async\" class=\"alignright wp-image-24827\" src=\"https:\/\/welcome-ontour.de\/wordpress\/wp-content\/uploads\/2025\/03\/2025-02-13-02.jpg\" alt=\"\" width=\"70\" height=\"49\" \/><\/a><br \/>\n<\/span><\/p>\n<p>&nbsp;<\/p>\n<p style=\"text-align: center;\"><span style=\"font-size: 14pt;\"><strong><span style=\"font-family: arial, helvetica, sans-serif;\">Fazit<\/span><\/strong><\/span><\/p>\n<p>&nbsp;<\/p>\n<p style=\"text-align: center;\"><span style=\"font-family: arial, helvetica, sans-serif; font-size: 12pt; color: #000000;\"><a href=\"https:\/\/welcome-ontour.de\/wordpress\/wp-content\/uploads\/2025\/03\/2025-02-23-01.jpg\" target=\"_blank\" rel=\"noopener\"><img decoding=\"async\" class=\"wp-image-25262 aligncenter\" src=\"https:\/\/welcome-ontour.de\/wordpress\/wp-content\/uploads\/2025\/03\/2025-02-23-01.jpg\" alt=\"\" width=\"804\" height=\"273\" srcset=\"https:\/\/welcome-ontour.de\/wordpress\/wp-content\/uploads\/2025\/03\/2025-02-23-01.jpg 1606w, https:\/\/welcome-ontour.de\/wordpress\/wp-content\/uploads\/2025\/03\/2025-02-23-01-300x102.jpg 300w, https:\/\/welcome-ontour.de\/wordpress\/wp-content\/uploads\/2025\/03\/2025-02-23-01-700x238.jpg 700w, https:\/\/welcome-ontour.de\/wordpress\/wp-content\/uploads\/2025\/03\/2025-02-23-01-768x261.jpg 768w, https:\/\/welcome-ontour.de\/wordpress\/wp-content\/uploads\/2025\/03\/2025-02-23-01-1536x521.jpg 1536w, https:\/\/welcome-ontour.de\/wordpress\/wp-content\/uploads\/2025\/03\/2025-02-23-01-1140x387.jpg 1140w\" sizes=\"(max-width: 804px) 100vw, 804px\" \/><\/a><\/span><\/p>\n<p style=\"text-align: center;\">\u00a0<\/p>\n<p style=\"text-align: center;\"><span style=\"font-family: arial, helvetica, sans-serif; font-size: 12pt; color: #000000;\">Wir hatten ein gutes Gef\u00fchl, dass es ein sch\u00f6ner Urlaub werden k\u00f6nnte und so ist es auch gekommen.<\/span><\/p>\n<p style=\"text-align: center;\"><span style=\"font-family: arial, helvetica, sans-serif; font-size: 12pt; color: #000000;\">Mit den Fl\u00fcgen, der Unterkunft und den Mietwagen waren wir zufrieden.<\/span><\/p>\n<p style=\"text-align: center;\"><span style=\"font-family: arial, helvetica, sans-serif; font-size: 12pt; color: #000000;\">Klar k\u00f6nnte man sich aufregen, wegen der Flugversp\u00e4tung, des defekten Autos oder der einseitigen Hotelverpflegung.<\/span><\/p>\n<p style=\"text-align: center;\"><span style=\"font-family: arial, helvetica, sans-serif; font-size: 12pt; color: #000000;\">Aber genau das werden wir in ein paar Wochen wieder vergessen haben.<\/span><\/p>\n<p style=\"text-align: center;\"><span style=\"font-family: arial, helvetica, sans-serif; font-size: 12pt; color: #000000;\">H\u00e4ngen geblieben ist dagegen eine warme Winterwoche in fantastischer Fr\u00fchlingsnatur.<\/span><\/p>\n<p style=\"text-align: center;\"><span style=\"font-family: arial, helvetica, sans-serif; font-size: 12pt; color: #000000;\">Wir hatten anstrengende Wanderungen, kulinarische H\u00f6hepunkte, herrlich harmonische Tage voller Humor.<\/span><\/p>\n<p style=\"text-align: center;\"><span style=\"font-family: arial, helvetica, sans-serif; font-size: 12pt; color: #000000;\">Was haben wir gelacht \u2026<\/span><\/p>\n<p style=\"text-align: center;\">\u00a0<\/p>\n<p style=\"text-align: center;\"><span style=\"font-family: arial, helvetica, sans-serif; font-size: 12pt; color: #000000;\"><a href=\"https:\/\/welcome-ontour.de\/wordpress\/wp-content\/uploads\/2025\/03\/2025-02-23-02.jpg\" target=\"_blank\" rel=\"noopener\"><img decoding=\"async\" class=\"aligncenter wp-image-25263 size-large\" src=\"https:\/\/welcome-ontour.de\/wordpress\/wp-content\/uploads\/2025\/03\/2025-02-23-02-700x351.jpg\" alt=\"\" width=\"700\" height=\"351\" srcset=\"https:\/\/welcome-ontour.de\/wordpress\/wp-content\/uploads\/2025\/03\/2025-02-23-02-700x351.jpg 700w, https:\/\/welcome-ontour.de\/wordpress\/wp-content\/uploads\/2025\/03\/2025-02-23-02-300x151.jpg 300w, https:\/\/welcome-ontour.de\/wordpress\/wp-content\/uploads\/2025\/03\/2025-02-23-02-768x385.jpg 768w, https:\/\/welcome-ontour.de\/wordpress\/wp-content\/uploads\/2025\/03\/2025-02-23-02-1536x771.jpg 1536w, https:\/\/welcome-ontour.de\/wordpress\/wp-content\/uploads\/2025\/03\/2025-02-23-02-1080x540.jpg 1080w, https:\/\/welcome-ontour.de\/wordpress\/wp-content\/uploads\/2025\/03\/2025-02-23-02-1140x572.jpg 1140w, https:\/\/welcome-ontour.de\/wordpress\/wp-content\/uploads\/2025\/03\/2025-02-23-02.jpg 1606w\" sizes=\"(max-width: 700px) 100vw, 700px\" \/><\/a>\u00a0 <a href=\"https:\/\/welcome-ontour.de\/wordpress\/wp-content\/uploads\/2025\/03\/2025-02-23-03.jpg\" target=\"_blank\" rel=\"noopener\"><img decoding=\"async\" class=\"aligncenter wp-image-25264 size-large\" src=\"https:\/\/welcome-ontour.de\/wordpress\/wp-content\/uploads\/2025\/03\/2025-02-23-03-700x351.jpg\" alt=\"\" width=\"700\" height=\"351\" srcset=\"https:\/\/welcome-ontour.de\/wordpress\/wp-content\/uploads\/2025\/03\/2025-02-23-03-700x351.jpg 700w, https:\/\/welcome-ontour.de\/wordpress\/wp-content\/uploads\/2025\/03\/2025-02-23-03-300x151.jpg 300w, https:\/\/welcome-ontour.de\/wordpress\/wp-content\/uploads\/2025\/03\/2025-02-23-03-768x385.jpg 768w, https:\/\/welcome-ontour.de\/wordpress\/wp-content\/uploads\/2025\/03\/2025-02-23-03-1536x771.jpg 1536w, https:\/\/welcome-ontour.de\/wordpress\/wp-content\/uploads\/2025\/03\/2025-02-23-03-1080x540.jpg 1080w, https:\/\/welcome-ontour.de\/wordpress\/wp-content\/uploads\/2025\/03\/2025-02-23-03-1140x572.jpg 1140w, https:\/\/welcome-ontour.de\/wordpress\/wp-content\/uploads\/2025\/03\/2025-02-23-03.jpg 1606w\" sizes=\"(max-width: 700px) 100vw, 700px\" \/><\/a><\/span><\/p>\n<p style=\"text-align: center;\">\u00a0<\/p>\n<p style=\"text-align: center;\"><span style=\"font-family: arial, helvetica, sans-serif; font-size: 12pt; color: #000000;\">Die Fl\u00fcge waren okay.<\/span><\/p>\n<p style=\"text-align: center;\"><span style=\"font-family: arial, helvetica, sans-serif; font-size: 12pt; color: #000000;\">F\u00fcr die Ultra Versp\u00e4tung beim Hinflug kann Easyjet nichts, <\/span><\/p>\n<p style=\"text-align: center;\"><span style=\"font-family: arial, helvetica, sans-serif; font-size: 12pt; color: #000000;\">da war einzig die Unf\u00e4higkeit des BER-Airports f\u00fcr verantwortlich.<\/span><\/p>\n<p style=\"text-align: center;\"><span style=\"font-family: arial, helvetica, sans-serif; font-size: 12pt; color: #000000;\">Mit der Unterkunft waren wir zufrieden, nicht mehr, nicht weniger.<\/span><\/p>\n<p style=\"text-align: center;\"><span style=\"font-family: arial, helvetica, sans-serif; font-size: 12pt; color: #000000;\">Die Studios waren sauber und ger\u00e4umig, die Einrichtung funktional, das Servicepersonal freundlich.<\/span><\/p>\n<p style=\"text-align: center;\"><span style=\"font-family: arial, helvetica, sans-serif; font-size: 12pt; color: #000000;\">Es war immer ein Parkplatz vorhanden, auch ohne Reservierung.<\/span><\/p>\n<p style=\"text-align: center;\"><span style=\"font-family: arial, helvetica, sans-serif; font-size: 12pt; color: #000000;\">Die fehlende Abwechslung beim Fr\u00fchst\u00fccksb\u00fcfett hat uns nicht wirklich gest\u00f6rt.<\/span><\/p>\n<p style=\"text-align: center;\"><span style=\"font-family: arial, helvetica, sans-serif; font-size: 12pt; color: #000000;\">Der Versuch des Hotel-Dinners war zum schnell vergessen, Schwamm dr\u00fcber.<\/span><\/p>\n<p style=\"text-align: center;\"><span style=\"font-family: arial, helvetica, sans-serif; font-size: 12pt; color: #000000;\">Der erste Mietwagen hat sich als Katastrophe entpuppt.<\/span><\/p>\n<p style=\"text-align: center;\"><span style=\"font-family: arial, helvetica, sans-serif; font-size: 12pt; color: #000000;\">Keinem Kunden sollte ein Fahrzeug mit defekten Bremsen \u00fcbergeben werden, schon gar nicht auf Madeira.<\/span><\/p>\n<p style=\"text-align: center;\"><span style=\"font-family: arial, helvetica, sans-serif; font-size: 12pt; color: #000000;\">Gl\u00fccklicherweise verlief der Autotausch problemlos und es gab auch keinen wirklichen Zeitverlust.<\/span><\/p>\n<p style=\"text-align: center;\"><span style=\"font-family: arial, helvetica, sans-serif; font-size: 12pt; color: #000000;\">Mit dem Nissan Qashqai waren wir dann rundum gl\u00fccklich.<\/span><\/p>\n<p style=\"text-align: center;\">\u00a0<\/p>\n<p style=\"text-align: center;\"><span style=\"font-family: arial, helvetica, sans-serif; font-size: 12pt; color: #000000;\"><a href=\"https:\/\/welcome-ontour.de\/wordpress\/wp-content\/uploads\/2025\/03\/2025-02-23-04.jpg\" target=\"_blank\" rel=\"noopener\"><img decoding=\"async\" class=\"aligncenter wp-image-25265 size-large\" src=\"https:\/\/welcome-ontour.de\/wordpress\/wp-content\/uploads\/2025\/03\/2025-02-23-04-700x351.jpg\" alt=\"\" width=\"700\" height=\"351\" srcset=\"https:\/\/welcome-ontour.de\/wordpress\/wp-content\/uploads\/2025\/03\/2025-02-23-04-700x351.jpg 700w, https:\/\/welcome-ontour.de\/wordpress\/wp-content\/uploads\/2025\/03\/2025-02-23-04-300x151.jpg 300w, https:\/\/welcome-ontour.de\/wordpress\/wp-content\/uploads\/2025\/03\/2025-02-23-04-768x385.jpg 768w, https:\/\/welcome-ontour.de\/wordpress\/wp-content\/uploads\/2025\/03\/2025-02-23-04-1536x771.jpg 1536w, https:\/\/welcome-ontour.de\/wordpress\/wp-content\/uploads\/2025\/03\/2025-02-23-04-1080x540.jpg 1080w, https:\/\/welcome-ontour.de\/wordpress\/wp-content\/uploads\/2025\/03\/2025-02-23-04-1140x572.jpg 1140w, https:\/\/welcome-ontour.de\/wordpress\/wp-content\/uploads\/2025\/03\/2025-02-23-04.jpg 1606w\" sizes=\"(max-width: 700px) 100vw, 700px\" \/><\/a>\u00a0 <a href=\"https:\/\/welcome-ontour.de\/wordpress\/wp-content\/uploads\/2025\/03\/2025-02-23-05.jpg\" target=\"_blank\" rel=\"noopener\"><img decoding=\"async\" class=\"aligncenter wp-image-25266 size-large\" src=\"https:\/\/welcome-ontour.de\/wordpress\/wp-content\/uploads\/2025\/03\/2025-02-23-05-700x351.jpg\" alt=\"\" width=\"700\" height=\"351\" srcset=\"https:\/\/welcome-ontour.de\/wordpress\/wp-content\/uploads\/2025\/03\/2025-02-23-05-700x351.jpg 700w, https:\/\/welcome-ontour.de\/wordpress\/wp-content\/uploads\/2025\/03\/2025-02-23-05-300x151.jpg 300w, https:\/\/welcome-ontour.de\/wordpress\/wp-content\/uploads\/2025\/03\/2025-02-23-05-768x385.jpg 768w, https:\/\/welcome-ontour.de\/wordpress\/wp-content\/uploads\/2025\/03\/2025-02-23-05-1536x771.jpg 1536w, https:\/\/welcome-ontour.de\/wordpress\/wp-content\/uploads\/2025\/03\/2025-02-23-05-1080x540.jpg 1080w, https:\/\/welcome-ontour.de\/wordpress\/wp-content\/uploads\/2025\/03\/2025-02-23-05-1140x572.jpg 1140w, https:\/\/welcome-ontour.de\/wordpress\/wp-content\/uploads\/2025\/03\/2025-02-23-05.jpg 1606w\" sizes=\"(max-width: 700px) 100vw, 700px\" \/><\/a><\/span><\/p>\n<p style=\"text-align: center;\">\u00a0<\/p>\n<p style=\"text-align: center;\"><span style=\"font-family: arial, helvetica, sans-serif; font-size: 12pt; color: #000000;\">Was das alles gekostet hat?<\/span><\/p>\n<p style=\"text-align: center;\"><span style=\"font-family: arial, helvetica, sans-serif; font-size: 12pt; color: #000000;\">Aufgrund der Tatsache, dass wir uns recht sp\u00e4t entschieden haben, gab es keine Sonderpreise.<\/span><\/p>\n<p style=\"text-align: center;\"><span style=\"font-family: arial, helvetica, sans-serif; font-size: 12pt; color: #000000;\">Die Easyjetfl\u00fcge haben 390 Euro pro Person gekostet.<\/span><\/p>\n<p style=\"text-align: center;\"><span style=\"font-family: arial, helvetica, sans-serif; font-size: 12pt; color: #000000;\">Gro\u00dfes Handgep\u00e4ck und mehr Beinfreiheit waren daf\u00fcr mitverantwortlich.<\/span><\/p>\n<p style=\"text-align: center;\"><span style=\"font-family: arial, helvetica, sans-serif; font-size: 12pt; color: #000000;\">Bez\u00fcglich der Unterkunft wurden wir bei Hotels.com f\u00fcndig.<\/span><\/p>\n<p style=\"text-align: center;\"><span style=\"font-family: arial, helvetica, sans-serif; font-size: 12pt; color: #000000;\">F\u00fcr 8 N\u00e4chte Studiosuite im Florasol Residence Hotel Funchal inklusive Fr\u00fchst\u00fcck waren 860 Euro pro Zimmer f\u00e4llig.<\/span><\/p>\n<p style=\"text-align: center;\"><span style=\"font-family: arial, helvetica, sans-serif; font-size: 12pt; color: #000000;\">Den Mietwagen haben wir bei Billigermietwagen gebucht, Vermieter vor Ort war Hertz.<\/span><\/p>\n<p style=\"text-align: center;\"><span style=\"font-family: arial, helvetica, sans-serif; font-size: 12pt; color: #000000;\">Die Preise auf Madeira schwanken recht stark und erschwerend kam hinzu, dass wir einen Vertrag mit zwei Fahrern wollten.<\/span><\/p>\n<p style=\"text-align: center;\"><span style=\"font-family: arial, helvetica, sans-serif; font-size: 12pt; color: #000000;\">Der Service, die gesamte Reisezeit ein Auto zur Verf\u00fcgung zu haben hat uns 260 Euro gekostet.<\/span><\/p>\n<p style=\"text-align: center;\"><span style=\"font-family: arial, helvetica, sans-serif; font-size: 12pt; color: #000000;\">Alles zusammen nicht gerade super g\u00fcnstig, aber unterm Strich war uns der Urlaub jeden Euro wert.<\/span><\/p>\n<p style=\"text-align: center;\">\u00a0<\/p>\n<p style=\"text-align: center;\"><span style=\"font-family: arial, helvetica, sans-serif; font-size: 12pt; color: #000000;\"><a href=\"https:\/\/welcome-ontour.de\/wordpress\/wp-content\/uploads\/2025\/03\/2025-02-23-06.jpg\" target=\"_blank\" rel=\"noopener\"><img decoding=\"async\" class=\"aligncenter wp-image-25267 size-large\" src=\"https:\/\/welcome-ontour.de\/wordpress\/wp-content\/uploads\/2025\/03\/2025-02-23-06-700x351.jpg\" alt=\"\" width=\"700\" height=\"351\" srcset=\"https:\/\/welcome-ontour.de\/wordpress\/wp-content\/uploads\/2025\/03\/2025-02-23-06-700x351.jpg 700w, https:\/\/welcome-ontour.de\/wordpress\/wp-content\/uploads\/2025\/03\/2025-02-23-06-300x151.jpg 300w, https:\/\/welcome-ontour.de\/wordpress\/wp-content\/uploads\/2025\/03\/2025-02-23-06-768x385.jpg 768w, https:\/\/welcome-ontour.de\/wordpress\/wp-content\/uploads\/2025\/03\/2025-02-23-06-1536x771.jpg 1536w, https:\/\/welcome-ontour.de\/wordpress\/wp-content\/uploads\/2025\/03\/2025-02-23-06-1080x540.jpg 1080w, https:\/\/welcome-ontour.de\/wordpress\/wp-content\/uploads\/2025\/03\/2025-02-23-06-1140x572.jpg 1140w, https:\/\/welcome-ontour.de\/wordpress\/wp-content\/uploads\/2025\/03\/2025-02-23-06.jpg 1606w\" sizes=\"(max-width: 700px) 100vw, 700px\" \/><\/a>\u00a0 <a href=\"https:\/\/welcome-ontour.de\/wordpress\/wp-content\/uploads\/2025\/03\/2025-02-23-07.jpg\" target=\"_blank\" rel=\"noopener\"><img decoding=\"async\" class=\"aligncenter wp-image-25268 size-large\" src=\"https:\/\/welcome-ontour.de\/wordpress\/wp-content\/uploads\/2025\/03\/2025-02-23-07-700x351.jpg\" alt=\"\" width=\"700\" height=\"351\" srcset=\"https:\/\/welcome-ontour.de\/wordpress\/wp-content\/uploads\/2025\/03\/2025-02-23-07-700x351.jpg 700w, https:\/\/welcome-ontour.de\/wordpress\/wp-content\/uploads\/2025\/03\/2025-02-23-07-300x151.jpg 300w, https:\/\/welcome-ontour.de\/wordpress\/wp-content\/uploads\/2025\/03\/2025-02-23-07-768x385.jpg 768w, https:\/\/welcome-ontour.de\/wordpress\/wp-content\/uploads\/2025\/03\/2025-02-23-07-1536x771.jpg 1536w, https:\/\/welcome-ontour.de\/wordpress\/wp-content\/uploads\/2025\/03\/2025-02-23-07-1080x540.jpg 1080w, https:\/\/welcome-ontour.de\/wordpress\/wp-content\/uploads\/2025\/03\/2025-02-23-07-1140x572.jpg 1140w, https:\/\/welcome-ontour.de\/wordpress\/wp-content\/uploads\/2025\/03\/2025-02-23-07.jpg 1606w\" sizes=\"(max-width: 700px) 100vw, 700px\" \/><\/a><\/span><\/p>\n<p style=\"text-align: center;\">\u00a0<\/p>\n<p style=\"text-align: center;\"><span style=\"font-family: arial, helvetica, sans-serif; font-size: 12pt; color: #000000;\">Fast schon wehm\u00fctig sind wir nach 8 Tagen wieder nach Hause geflogen.<\/span><\/p>\n<p style=\"text-align: center;\"><span style=\"font-family: arial, helvetica, sans-serif; font-size: 12pt; color: #000000;\">Die Insel im Atlantik hat uns auch dieses Mal gut gefallen.<\/span><\/p>\n<p style=\"text-align: center;\"><span style=\"font-family: arial, helvetica, sans-serif; font-size: 12pt; color: #000000;\">Die Wanderungen haben wir vor 18 Jahren viel besser bew\u00e4ltigt und nicht so anstrengend in Erinnerung gehabt.<\/span><\/p>\n<p style=\"text-align: center;\"><span style=\"font-family: arial, helvetica, sans-serif; font-size: 12pt; color: #000000;\">Angenehm war es, dieses Mal zu viert hier gewesen zu sein.<\/span><\/p>\n<p style=\"text-align: center;\"><span style=\"font-family: arial, helvetica, sans-serif; font-size: 12pt; color: #000000;\">Was nat\u00fcrlich zu gro\u00dfen Teilen an unseren Mitreisenden lag.<\/span><\/p>\n<p style=\"text-align: center;\"><span style=\"font-family: arial, helvetica, sans-serif; font-size: 12pt; color: #000000;\">Danke Karen und Uwe!<\/span><\/p>\n<p style=\"text-align: center;\"><span style=\"font-family: arial, helvetica, sans-serif; font-size: 12pt; color: #000000;\">Wird das unser letzter Madeira Besuch gewesen sein?<\/span><\/p>\n<p style=\"text-align: center;\"><span style=\"font-family: arial, helvetica, sans-serif; font-size: 12pt; color: #000000;\">Eventuell, vielleicht, m\u00f6glicherweise.<\/span><\/p>\n<p style=\"text-align: center;\"><span style=\"font-family: arial, helvetica, sans-serif; font-size: 12pt; color: #000000;\">Es gibt bekannterweise noch andere interessante Reiseziele, aber reizen w\u00fcrde uns das schon.<\/span><\/p>\n<p style=\"text-align: center;\"><span style=\"font-family: arial, helvetica, sans-serif; font-size: 12pt; color: #000000;\">Falls es dazu kommen sollte, sicherlich nicht erst wieder in 18 Jahren.<\/span><\/p>\n<p style=\"text-align: center;\"><span style=\"font-family: arial, helvetica, sans-serif; font-size: 12pt; color: #000000;\">Wir werden sehen.<\/span><\/p>\n<p style=\"text-align: center;\"><span style=\"font-family: arial, helvetica, sans-serif; font-size: 12pt; color: #000000;\">Bis dahin seid gegr\u00fc\u00dft und macht\u2019s gut.<\/span><\/p>\n<p style=\"text-align: center;\">\u00a0<\/p>\n<p style=\"text-align: center;\"><span style=\"font-family: arial, helvetica, sans-serif; font-size: 12pt; color: #000000;\">Ute und Andie<\/span><\/p>\n<p style=\"text-align: center;\">\u00a0<\/p>\n<p style=\"text-align: center;\"><span style=\"font-family: arial, helvetica, sans-serif; font-size: 12pt; color: #000000;\"><a href=\"https:\/\/welcome-ontour.de\/wordpress\/wp-content\/uploads\/2025\/03\/2025-02-23-08.jpg\" target=\"_blank\" rel=\"noopener\"><img decoding=\"async\" class=\"aligncenter wp-image-25269 size-large\" src=\"https:\/\/welcome-ontour.de\/wordpress\/wp-content\/uploads\/2025\/03\/2025-02-23-08-700x325.jpg\" alt=\"\" width=\"700\" height=\"325\" srcset=\"https:\/\/welcome-ontour.de\/wordpress\/wp-content\/uploads\/2025\/03\/2025-02-23-08-700x325.jpg 700w, https:\/\/welcome-ontour.de\/wordpress\/wp-content\/uploads\/2025\/03\/2025-02-23-08-300x139.jpg 300w, https:\/\/welcome-ontour.de\/wordpress\/wp-content\/uploads\/2025\/03\/2025-02-23-08-768x356.jpg 768w, https:\/\/welcome-ontour.de\/wordpress\/wp-content\/uploads\/2025\/03\/2025-02-23-08-1536x713.jpg 1536w, https:\/\/welcome-ontour.de\/wordpress\/wp-content\/uploads\/2025\/03\/2025-02-23-08-1140x529.jpg 1140w, https:\/\/welcome-ontour.de\/wordpress\/wp-content\/uploads\/2025\/03\/2025-02-23-08.jpg 1606w\" sizes=\"(max-width: 700px) 100vw, 700px\" \/><\/a><\/span><\/p>\n<p style=\"text-align: center;\"><span style=\"font-family: arial, helvetica, sans-serif; font-size: 12pt; color: #000000;\"><a style=\"color: #000000;\" href=\"https:\/\/welcome-ontour.de\/wordpress\/index.php\/2025-02-22\"><img decoding=\"async\" class=\"alignleft wp-image-24826\" src=\"https:\/\/welcome-ontour.de\/wordpress\/wp-content\/uploads\/2025\/03\/2025-02-13-01.jpg\" alt=\"\" width=\"70\" height=\"49\" \/><\/a><a style=\"color: #000000;\" href=\"https:\/\/welcome-ontour.de\/wordpress\/index.php\/reiseberichte\/\"><img decoding=\"async\" class=\"alignright wp-image-24827\" src=\"https:\/\/welcome-ontour.de\/wordpress\/wp-content\/uploads\/2025\/03\/2025-02-13-02.jpg\" alt=\"\" width=\"70\" height=\"49\" \/><\/a><\/span><\/p>\n","protected":false},"excerpt":{"rendered":"<p>Prolog\u00a0 \u00a0 \u00a0 \u00a0Anreise\u00a0 \u00a0 \u00a0 \u00a0Funchal 1\u00a0 \u00a0 \u00a0 \u00a025 Fontes\u00a0 \u00a0 \u00a0 \u00a0Ponta Lorenzo\u00a0 \u00a0 \u00a0 \u00a0Funchal 2\u00a0 \u00a0 \u00a0 \u00a0Ponta Do Sol\u00a0 \u00a0 \u00a0 \u00a0Pico Areeiro\u00a0 \u00a0 \u00a0 \u00a0Ribeira Frio\u00a0 \u00a0 \u00a0 \u00a0Abreise\u00a0 \u00a0 \u00a0 \u00a0Fazit &nbsp; Fazit &nbsp; \u00a0 Wir hatten ein gutes Gef\u00fchl, dass es ein sch\u00f6ner Urlaub werden k\u00f6nnte und so ist es auch gekommen. Mit den Fl\u00fcgen, der Unterkunft und den Mietwagen waren wir zufrieden. Klar k\u00f6nnte man sich aufregen, wegen der Flugversp\u00e4tung, des defekten Autos oder der einseitigen Hotelverpflegung. Aber genau das werden wir in ein paar Wochen wieder vergessen haben. H\u00e4ngen geblieben ist dagegen eine warme Winterwoche in fantastischer Fr\u00fchlingsnatur. Wir hatten anstrengende Wanderungen, kulinarische H\u00f6hepunkte, herrlich harmonische Tage voller Humor. Was haben wir gelacht \u2026 \u00a0 \u00a0 \u00a0 Die Fl\u00fcge waren okay. F\u00fcr die Ultra Versp\u00e4tung beim Hinflug kann Easyjet nichts, da war einzig die Unf\u00e4higkeit des BER-Airports f\u00fcr verantwortlich. Mit der Unterkunft waren wir zufrieden, nicht mehr, nicht weniger. Die Studios waren sauber und ger\u00e4umig, die Einrichtung funktional, das Servicepersonal freundlich. Es war immer ein Parkplatz vorhanden, auch ohne Reservierung. Die fehlende Abwechslung beim Fr\u00fchst\u00fccksb\u00fcfett hat uns nicht wirklich gest\u00f6rt. Der Versuch des Hotel-Dinners war zum schnell vergessen, Schwamm dr\u00fcber. Der erste Mietwagen hat sich als Katastrophe entpuppt. Keinem Kunden sollte ein Fahrzeug mit defekten Bremsen \u00fcbergeben werden, schon gar nicht auf Madeira. Gl\u00fccklicherweise verlief der Autotausch problemlos und es gab auch keinen wirklichen Zeitverlust. Mit dem Nissan Qashqai waren wir dann rundum gl\u00fccklich. \u00a0 \u00a0 \u00a0 Was das alles gekostet hat? Aufgrund der Tatsache, dass wir uns recht sp\u00e4t entschieden haben, gab es keine Sonderpreise. Die Easyjetfl\u00fcge haben 390 Euro pro Person gekostet. Gro\u00dfes Handgep\u00e4ck und mehr Beinfreiheit waren daf\u00fcr mitverantwortlich. Bez\u00fcglich der Unterkunft wurden wir bei Hotels.com f\u00fcndig. F\u00fcr 8 N\u00e4chte Studiosuite im Florasol Residence Hotel Funchal inklusive Fr\u00fchst\u00fcck waren 860 Euro pro Zimmer f\u00e4llig. Den Mietwagen haben wir bei Billigermietwagen gebucht, Vermieter vor Ort war Hertz. Die Preise auf Madeira schwanken recht stark und erschwerend kam hinzu, dass wir einen Vertrag mit zwei Fahrern wollten. Der Service, die gesamte Reisezeit ein Auto zur Verf\u00fcgung zu haben hat uns 260 Euro gekostet. Alles zusammen nicht gerade super g\u00fcnstig, aber unterm Strich war uns der Urlaub jeden Euro wert. \u00a0 \u00a0 \u00a0 Fast schon wehm\u00fctig sind wir nach 8 Tagen wieder nach Hause geflogen. Die Insel im Atlantik hat uns auch dieses Mal gut gefallen. Die Wanderungen haben wir vor 18 Jahren viel besser bew\u00e4ltigt und nicht so anstrengend in Erinnerung gehabt. Angenehm war es, dieses Mal zu viert hier gewesen zu sein. Was nat\u00fcrlich zu gro\u00dfen Teilen an unseren Mitreisenden lag. Danke Karen und Uwe! Wird das unser letzter Madeira Besuch gewesen sein? Eventuell, vielleicht, m\u00f6glicherweise. Es gibt bekannterweise noch andere interessante Reiseziele, aber reizen w\u00fcrde uns das schon. Falls es dazu kommen sollte, sicherlich nicht erst wieder in 18 Jahren. Wir werden sehen. Bis dahin seid gegr\u00fc\u00dft und macht\u2019s gut. \u00a0 Ute und Andie \u00a0<\/p>\n","protected":false},"author":1,"featured_media":0,"parent":0,"menu_order":0,"comment_status":"closed","ping_status":"closed","template":"","meta":{"footnotes":""},"class_list":["post-24859","page","type-page","status-publish","hentry"],"_links":{"self":[{"href":"https:\/\/welcome-ontour.de\/wordpress\/index.php\/wp-json\/wp\/v2\/pages\/24859","targetHints":{"allow":["GET"]}}],"collection":[{"href":"https:\/\/welcome-ontour.de\/wordpress\/index.php\/wp-json\/wp\/v2\/pages"}],"about":[{"href":"https:\/\/welcome-ontour.de\/wordpress\/index.php\/wp-json\/wp\/v2\/types\/page"}],"author":[{"embeddable":true,"href":"https:\/\/welcome-ontour.de\/wordpress\/index.php\/wp-json\/wp\/v2\/users\/1"}],"replies":[{"embeddable":true,"href":"https:\/\/welcome-ontour.de\/wordpress\/index.php\/wp-json\/wp\/v2\/comments?post=24859"}],"version-history":[{"count":12,"href":"https:\/\/welcome-ontour.de\/wordpress\/index.php\/wp-json\/wp\/v2\/pages\/24859\/revisions"}],"predecessor-version":[{"id":24884,"href":"https:\/\/welcome-ontour.de\/wordpress\/index.php\/wp-json\/wp\/v2\/pages\/24859\/revisions\/24884"}],"wp:attachment":[{"href":"https:\/\/welcome-ontour.de\/wordpress\/index.php\/wp-json\/wp\/v2\/media?parent=24859"}],"curies":[{"name":"wp","href":"https:\/\/api.w.org\/{rel}","templated":true}]}}