{"id":24834,"date":"2025-03-11T08:39:19","date_gmt":"2025-03-11T08:39:19","guid":{"rendered":"https:\/\/welcome-ontour.de\/wordpress\/?page_id=24834"},"modified":"2025-08-25T17:10:22","modified_gmt":"2025-08-25T17:10:22","slug":"2025-02-13-prolog","status":"publish","type":"page","link":"https:\/\/welcome-ontour.de\/wordpress\/index.php\/2025-02-13-prolog\/","title":{"rendered":"2025 02 13 prolog"},"content":{"rendered":"<p style=\"text-align: center;\"><span style=\"font-family: arial, helvetica, sans-serif; font-size: 8pt; color: #000000;\"><a style=\"color: #000000;\" href=\"https:\/\/welcome-ontour.de\/wordpress\/index.php\/2025-02-13-prolog\/\">Prolog<\/a>\u00a0 \u00a0 \u00a0 \u00a0<a style=\"color: #000000;\" href=\"https:\/\/welcome-ontour.de\/wordpress\/index.php\/2025-02-14\">Anreise<\/a>\u00a0 \u00a0 \u00a0 \u00a0<a style=\"color: #000000;\" href=\"https:\/\/welcome-ontour.de\/wordpress\/index.php\/2025-02-15\">Funchal 1<\/a>\u00a0 \u00a0 \u00a0 \u00a0<a style=\"color: #000000;\" href=\"https:\/\/welcome-ontour.de\/wordpress\/index.php\/2025-02-16\">25 Fontes<\/a>\u00a0 \u00a0 \u00a0 \u00a0<a style=\"color: #000000;\" href=\"https:\/\/welcome-ontour.de\/wordpress\/index.php\/2025-02-17\">Ponta Lorenzo<\/a>\u00a0 \u00a0 \u00a0 \u00a0<a style=\"color: #000000;\" href=\"https:\/\/welcome-ontour.de\/wordpress\/index.php\/2025-02-18\">Funchal 2<\/a>\u00a0 \u00a0 \u00a0 \u00a0<a style=\"color: #000000;\" href=\"https:\/\/welcome-ontour.de\/wordpress\/index.php\/2025-02-19\">Ponta Do Sol<\/a>\u00a0 \u00a0 \u00a0 \u00a0<a style=\"color: #000000;\" href=\"https:\/\/welcome-ontour.de\/wordpress\/index.php\/2025-02-20\">Pico Areeiro<\/a>\u00a0 \u00a0 \u00a0 \u00a0<a style=\"color: #000000;\" href=\"https:\/\/welcome-ontour.de\/wordpress\/index.php\/2025-02-21\">Ribeira Frio<\/a><\/span><span style=\"font-family: arial, helvetica, sans-serif; font-size: 8pt; color: #000000;\">\u00a0 \u00a0 \u00a0 \u00a0<a style=\"color: #000000;\" href=\"https:\/\/welcome-ontour.de\/wordpress\/index.php\/2025-02-22\">Abreise<\/a>\u00a0 \u00a0 \u00a0 \u00a0<a style=\"color: #000000;\" href=\"https:\/\/welcome-ontour.de\/wordpress\/index.php\/2025-02-23-fazit\">Fazit<\/a><\/span><\/p>\n<p style=\"text-align: center;\"><span style=\"font-family: arial, helvetica, sans-serif; font-size: 12pt; color: #000000;\"><a style=\"color: #000000;\" href=\"https:\/\/welcome-ontour.de\/wordpress\/index.php\/reiseberichte\/\"><img decoding=\"async\" class=\"alignleft wp-image-24826\" src=\"https:\/\/welcome-ontour.de\/wordpress\/wp-content\/uploads\/2025\/03\/2025-02-13-01.jpg\" alt=\"\" width=\"70\" height=\"49\" \/><\/a><a style=\"color: #000000;\" href=\"https:\/\/welcome-ontour.de\/wordpress\/index.php\/2025-02-14\"><img decoding=\"async\" class=\"alignright wp-image-24827\" src=\"https:\/\/welcome-ontour.de\/wordpress\/wp-content\/uploads\/2025\/03\/2025-02-13-02.jpg\" alt=\"\" width=\"70\" height=\"49\" \/><\/a><br \/>\n<\/span><\/p>\n<p style=\"text-align: center;\">\u00a0<\/p>\n<p style=\"text-align: center;\"><span style=\"color: #000000;\"><span style=\"font-size: 24pt;\"><strong><span style=\"font-family: arial, helvetica, sans-serif;\">Blue Sky<\/span><\/strong><\/span><\/span><\/p>\n<p>&nbsp;<\/p>\n<p style=\"text-align: center;\"><span style=\"font-size: 18pt; color: #000000;\"><strong><span style=\"font-family: arial, helvetica, sans-serif;\">Madeira 2025<\/span><\/strong><\/span><\/p>\n<p style=\"text-align: center;\">\u00a0<\/p>\n<p style=\"text-align: center;\"><span style=\"font-family: arial, helvetica, sans-serif; font-size: 12pt; color: #000000;\"><a style=\"color: #000000;\" href=\"https:\/\/welcome-ontour.de\/wordpress\/wp-content\/uploads\/2025\/03\/2025-02-13-03a.jpg\" target=\"_blank\" rel=\"noopener\"><img decoding=\"async\" class=\"wp-image-24829 aligncenter\" src=\"https:\/\/welcome-ontour.de\/wordpress\/wp-content\/uploads\/2025\/03\/2025-02-13-03a.jpg\" alt=\"\" width=\"810\" height=\"275\" srcset=\"https:\/\/welcome-ontour.de\/wordpress\/wp-content\/uploads\/2025\/03\/2025-02-13-03a.jpg 1606w, https:\/\/welcome-ontour.de\/wordpress\/wp-content\/uploads\/2025\/03\/2025-02-13-03a-300x102.jpg 300w, https:\/\/welcome-ontour.de\/wordpress\/wp-content\/uploads\/2025\/03\/2025-02-13-03a-700x238.jpg 700w, https:\/\/welcome-ontour.de\/wordpress\/wp-content\/uploads\/2025\/03\/2025-02-13-03a-768x261.jpg 768w, https:\/\/welcome-ontour.de\/wordpress\/wp-content\/uploads\/2025\/03\/2025-02-13-03a-1536x521.jpg 1536w, https:\/\/welcome-ontour.de\/wordpress\/wp-content\/uploads\/2025\/03\/2025-02-13-03a-1140x387.jpg 1140w\" sizes=\"(max-width: 810px) 100vw, 810px\" \/><\/a><\/span><\/p>\n<p style=\"text-align: center;\">\u00a0<\/p>\n<p style=\"text-align: center;\"><span style=\"color: #000000;\"><strong><span style=\"font-family: arial, helvetica, sans-serif; font-size: 14pt;\">Prolog<\/span><\/strong><\/span><\/p>\n<p style=\"text-align: center;\">\u00a0<\/p>\n<p style=\"text-align: center;\"><span style=\"font-family: arial, helvetica, sans-serif; font-size: 12pt; color: #000000;\">Relativ kurzfristig entscheiden wir uns, den deutschen Winter f\u00fcr ein paar Tage zu verlassen.<\/span><\/p>\n<p style=\"text-align: center;\"><span style=\"font-family: arial, helvetica, sans-serif; font-size: 12pt; color: #000000;\">Zwei Monate vor Reisebeginn sind g\u00fcnstige Pauschalangebote nicht mehr verf\u00fcgbar.<\/span><\/p>\n<p style=\"text-align: center;\"><span style=\"font-family: arial, helvetica, sans-serif; font-size: 12pt; color: #000000;\">Also suchen wir uns eine Unterkunft bei hotels.com.<\/span><\/p>\n<p style=\"text-align: center;\"><span style=\"font-family: arial, helvetica, sans-serif; font-size: 12pt; color: #000000;\">F\u00fcr Nonstopfl\u00fcge werden wir bei Easyjet f\u00fcndig.<\/span><\/p>\n<p style=\"text-align: center;\"><span style=\"font-family: arial, helvetica, sans-serif; font-size: 12pt; color: #000000;\">Separat gebucht spart in diesem Fall ein wenig.<\/span><\/p>\n<p style=\"text-align: center;\"><span style=\"font-family: arial, helvetica, sans-serif; font-size: 12pt; color: #000000;\">Einen fahrbaren Untersatz gibt es bei Billigermietwagen.<\/span><\/p>\n<p style=\"text-align: center;\"><span style=\"font-family: arial, helvetica, sans-serif; font-size: 12pt; color: #000000;\">Wir werden dieses Mal mit unseren Freunden Karen und Uwe unterwegs sein.<\/span><\/p>\n<p style=\"text-align: center;\"><span style=\"font-family: arial, helvetica, sans-serif; font-size: 12pt; color: #000000;\">Wie sich herausstellen sollte, macht die Reise zu viert noch mehr Spa\u00df.<\/span><\/p>\n<p style=\"text-align: center;\"><span style=\"font-family: arial, helvetica, sans-serif; font-size: 12pt; color: #000000;\">Einen Abend vor Abflug, f\u00e4ngt es in Deutschland an zu schneien und h\u00f6rt vorerst nicht mehr auf.<\/span><\/p>\n<p style=\"text-align: center;\"><span style=\"font-family: arial, helvetica, sans-serif; font-size: 12pt; color: #000000;\">Also Zeitpuffer f\u00fcr die Anreise zum Flughafen einplanen.<\/span><\/p>\n<p style=\"text-align: center;\">\u00a0<\/p>\n<p style=\"text-align: center;\"><span style=\"font-family: arial, helvetica, sans-serif; font-size: 12pt; color: #000000;\"><img decoding=\"async\" class=\"wp-image-24837 aligncenter\" src=\"https:\/\/welcome-ontour.de\/wordpress\/wp-content\/uploads\/2025\/03\/2025-02-13-04.jpg\" alt=\"\" width=\"150\" height=\"153\" \/><\/span><\/p>\n<p style=\"text-align: center;\"><span style=\"font-family: arial, helvetica, sans-serif; font-size: 12pt; color: #000000;\"><a style=\"color: #000000;\" href=\"https:\/\/welcome-ontour.de\/wordpress\/index.php\/reiseberichte\/\"><img decoding=\"async\" class=\"alignleft wp-image-24826\" src=\"https:\/\/welcome-ontour.de\/wordpress\/wp-content\/uploads\/2025\/03\/2025-02-13-01.jpg\" alt=\"\" width=\"70\" height=\"49\" \/><\/a><a style=\"color: #000000;\" href=\"https:\/\/welcome-ontour.de\/wordpress\/index.php\/2025-02-14\"><img decoding=\"async\" class=\"alignright wp-image-24827\" src=\"https:\/\/welcome-ontour.de\/wordpress\/wp-content\/uploads\/2025\/03\/2025-02-13-02.jpg\" alt=\"\" width=\"70\" height=\"49\" \/><\/a><\/span><\/p>\n","protected":false},"excerpt":{"rendered":"<p>Prolog\u00a0 \u00a0 \u00a0 \u00a0Anreise\u00a0 \u00a0 \u00a0 \u00a0Funchal 1\u00a0 \u00a0 \u00a0 \u00a025 Fontes\u00a0 \u00a0 \u00a0 \u00a0Ponta Lorenzo\u00a0 \u00a0 \u00a0 \u00a0Funchal 2\u00a0 \u00a0 \u00a0 \u00a0Ponta Do Sol\u00a0 \u00a0 \u00a0 \u00a0Pico Areeiro\u00a0 \u00a0 \u00a0 \u00a0Ribeira Frio\u00a0 \u00a0 \u00a0 \u00a0Abreise\u00a0 \u00a0 \u00a0 \u00a0Fazit \u00a0 Blue Sky &nbsp; Madeira 2025 \u00a0 \u00a0 Prolog \u00a0 Relativ kurzfristig entscheiden wir uns, den deutschen Winter f\u00fcr ein paar Tage zu verlassen. Zwei Monate vor Reisebeginn sind g\u00fcnstige Pauschalangebote nicht mehr verf\u00fcgbar. Also suchen wir uns eine Unterkunft bei hotels.com. F\u00fcr Nonstopfl\u00fcge werden wir bei Easyjet f\u00fcndig. Separat gebucht spart in diesem Fall ein wenig. Einen fahrbaren Untersatz gibt es bei Billigermietwagen. Wir werden dieses Mal mit unseren Freunden Karen und Uwe unterwegs sein. Wie sich herausstellen sollte, macht die Reise zu viert noch mehr Spa\u00df. Einen Abend vor Abflug, f\u00e4ngt es in Deutschland an zu schneien und h\u00f6rt vorerst nicht mehr auf. Also Zeitpuffer f\u00fcr die Anreise zum Flughafen einplanen. \u00a0<\/p>\n","protected":false},"author":1,"featured_media":0,"parent":0,"menu_order":0,"comment_status":"closed","ping_status":"closed","template":"","meta":{"footnotes":""},"class_list":["post-24834","page","type-page","status-publish","hentry"],"_links":{"self":[{"href":"https:\/\/welcome-ontour.de\/wordpress\/index.php\/wp-json\/wp\/v2\/pages\/24834","targetHints":{"allow":["GET"]}}],"collection":[{"href":"https:\/\/welcome-ontour.de\/wordpress\/index.php\/wp-json\/wp\/v2\/pages"}],"about":[{"href":"https:\/\/welcome-ontour.de\/wordpress\/index.php\/wp-json\/wp\/v2\/types\/page"}],"author":[{"embeddable":true,"href":"https:\/\/welcome-ontour.de\/wordpress\/index.php\/wp-json\/wp\/v2\/users\/1"}],"replies":[{"embeddable":true,"href":"https:\/\/welcome-ontour.de\/wordpress\/index.php\/wp-json\/wp\/v2\/comments?post=24834"}],"version-history":[{"count":8,"href":"https:\/\/welcome-ontour.de\/wordpress\/index.php\/wp-json\/wp\/v2\/pages\/24834\/revisions"}],"predecessor-version":[{"id":24836,"href":"https:\/\/welcome-ontour.de\/wordpress\/index.php\/wp-json\/wp\/v2\/pages\/24834\/revisions\/24836"}],"wp:attachment":[{"href":"https:\/\/welcome-ontour.de\/wordpress\/index.php\/wp-json\/wp\/v2\/media?parent=24834"}],"curies":[{"name":"wp","href":"https:\/\/api.w.org\/{rel}","templated":true}]}}