{"id":23930,"date":"2025-01-06T10:43:53","date_gmt":"2025-01-06T10:43:53","guid":{"rendered":"https:\/\/welcome-ontour.de\/wordpress\/?page_id=23930"},"modified":"2025-08-29T15:53:05","modified_gmt":"2025-08-29T15:53:05","slug":"2024-10-14","status":"publish","type":"page","link":"https:\/\/welcome-ontour.de\/wordpress\/index.php\/2024-10-14\/","title":{"rendered":"2024 10 14"},"content":{"rendered":"<p style=\"text-align: center;\"><span style=\"font-family: arial, helvetica, sans-serif; font-size: 8pt; color: #000000;\"><a style=\"color: #000000;\" href=\"https:\/\/welcome-ontour.de\/wordpress\/index.php\/2024-09-20-prolog\/\">Prolog<\/a>\u00a0 \u00a0 \u00a0<a style=\"color: #000000;\" href=\"https:\/\/welcome-ontour.de\/wordpress\/index.php\/2024-09-21\">Anreise<\/a>\u00a0 \u00a0 \u00a0<a style=\"color: #000000;\" href=\"https:\/\/welcome-ontour.de\/wordpress\/index.php\/2024-09-23\">Lone Pine<\/a>\u00a0 \u00a0 \u00a0<a style=\"color: #000000;\" href=\"https:\/\/welcome-ontour.de\/wordpress\/index.php\/2024-09-25\">Death Valley<\/a>\u00a0 \u00a0 \u00a0<a style=\"color: #000000;\" href=\"https:\/\/welcome-ontour.de\/wordpress\/index.php\/2024-09-26\">Las Vegas<\/a>\u00a0 \u00a0 \u00a0<a style=\"color: #000000;\" href=\"https:\/\/welcome-ontour.de\/wordpress\/index.php\/2024-09-27\">Kanab<\/a>\u00a0 \u00a0 \u00a0<a style=\"color: #000000;\" href=\"https:\/\/welcome-ontour.de\/wordpress\/index.php\/2024-09-28\">Escalante<\/a>\u00a0 \u00a0 \u00a0<a style=\"color: #000000;\" href=\"https:\/\/welcome-ontour.de\/wordpress\/index.php\/2024-09-30\">Moab<\/a>\u00a0 \u00a0 \u00a0<a style=\"color: #000000;\" href=\"https:\/\/welcome-ontour.de\/wordpress\/index.php\/2024-10-03\">Chinle<\/a><\/span><\/p>\n<p style=\"text-align: center;\"><span style=\"font-family: arial, helvetica, sans-serif; font-size: 8pt; color: #000000;\"><a style=\"color: #000000;\" href=\"https:\/\/welcome-ontour.de\/wordpress\/index.php\/2024-10-05\">Winslow<\/a>\u00a0 \u00a0 \u00a0<a style=\"color: #000000;\" href=\"https:\/\/welcome-ontour.de\/wordpress\/index.php\/2024-10-06\">Tonto<\/a>\u00a0 \u00a0 \u00a0<a style=\"color: #000000;\" href=\"https:\/\/welcome-ontour.de\/wordpress\/index.php\/2024-10-07\">Phoenix<\/a>\u00a0 \u00a0 \u00a0<a style=\"color: #000000;\" href=\"https:\/\/welcome-ontour.de\/wordpress\/index.php\/2024-10-09\">Organ Pipes<\/a>\u00a0 \u00a0 \u00a0<a style=\"color: #000000;\" href=\"https:\/\/welcome-ontour.de\/wordpress\/index.php\/2024-10-10\">San Diego<\/a>\u00a0 \u00a0 \u00a0<a style=\"color: #000000;\" href=\"https:\/\/welcome-ontour.de\/wordpress\/index.php\/2024-10-13\">LAX<\/a>\u00a0 \u00a0 \u00a0<a style=\"color: #000000;\" href=\"https:\/\/welcome-ontour.de\/wordpress\/index.php\/2024-10-14\">Abreise<\/a>\u00a0 \u00a0 \u00a0<a style=\"color: #000000;\" href=\"https:\/\/welcome-ontour.de\/wordpress\/index.php\/2024-10-16\">Fazit<\/a><\/span><\/p>\n<p>&nbsp;<\/p>\n<p style=\"text-align: center;\"><span style=\"color: #000000;\"><span style=\"font-family: arial, helvetica, sans-serif; font-size: 12pt;\"><a style=\"color: #000000;\" href=\"https:\/\/welcome-ontour.de\/wordpress\/index.php\/2024-10-13\"><img decoding=\"async\" class=\"alignleft wp-image-23857\" src=\"https:\/\/welcome-ontour.de\/wordpress\/wp-content\/uploads\/2024\/12\/2024-09-21-01.jpg\" alt=\"\" width=\"43\" height=\"40\" \/><\/a><\/span><span style=\"font-family: arial, helvetica, sans-serif; font-size: 12pt;\"><a style=\"color: #000000;\" href=\"https:\/\/welcome-ontour.de\/wordpress\/index.php\/2024-10-15\"><img decoding=\"async\" class=\"alignright wp-image-23858\" src=\"https:\/\/welcome-ontour.de\/wordpress\/wp-content\/uploads\/2024\/12\/2024-09-21-02.jpg\" alt=\"\" width=\"43\" height=\"40\" \/><\/a><\/span><\/span><\/p>\n<p>&nbsp;<\/p>\n<p style=\"text-align: center;\">\u00a0<\/p>\n<p style=\"text-align: center;\"><span style=\"color: #000000;\"><strong><span style=\"font-family: arial, helvetica, sans-serif; font-size: 14pt;\">Mo 14.10.<\/span><\/strong><\/span><\/p>\n<p style=\"text-align: center;\">\u00a0<\/p>\n<p style=\"text-align: center;\"><span style=\"color: #000000;\"><strong><span style=\"font-family: arial, helvetica, sans-serif; font-size: 14pt;\">Abflug Los Angeles<\/span><\/strong><\/span><\/p>\n<p style=\"text-align: center;\">\u00a0<\/p>\n<p style=\"text-align: center;\"><span style=\"font-family: arial, helvetica, sans-serif; font-size: 12pt; color: #000000;\">Hyatt Place Breakfast ist ausgezeichnet.<\/span><\/p>\n<p style=\"text-align: center;\"><span style=\"font-family: arial, helvetica, sans-serif; font-size: 12pt; color: #000000;\">Endlich mal wieder ohne Pappe und Plastik, geht doch.<\/span><\/p>\n<p style=\"text-align: center;\"><span style=\"font-family: arial, helvetica, sans-serif; font-size: 12pt; color: #000000;\">Danach wird alles was wir haben auf den Betten ausgebreitet <\/span><\/p>\n<p style=\"text-align: center;\"><span style=\"font-family: arial, helvetica, sans-serif; font-size: 12pt; color: #000000;\">und wandert sauber komprimiert in die zwei Kabinentrolleys.<\/span><\/p>\n<p style=\"text-align: center;\"><span style=\"font-family: arial, helvetica, sans-serif; font-size: 12pt; color: #000000;\">Mit System bekommen wir alles gut verstaut.<\/span><\/p>\n<p style=\"text-align: center;\">\u00a0<\/p>\n<p style=\"text-align: center;\"><span style=\"font-family: arial, helvetica, sans-serif; font-size: 12pt; color: #000000;\"><img decoding=\"async\" class=\"wp-image-24734 aligncenter\" src=\"https:\/\/welcome-ontour.de\/wordpress\/wp-content\/uploads\/2025\/02\/2024-10-14-01.jpg\" alt=\"\" width=\"500\" height=\"305\" srcset=\"https:\/\/welcome-ontour.de\/wordpress\/wp-content\/uploads\/2025\/02\/2024-10-14-01.jpg 810w, https:\/\/welcome-ontour.de\/wordpress\/wp-content\/uploads\/2025\/02\/2024-10-14-01-300x183.jpg 300w, https:\/\/welcome-ontour.de\/wordpress\/wp-content\/uploads\/2025\/02\/2024-10-14-01-700x427.jpg 700w, https:\/\/welcome-ontour.de\/wordpress\/wp-content\/uploads\/2025\/02\/2024-10-14-01-768x468.jpg 768w\" sizes=\"(max-width: 500px) 100vw, 500px\" \/><\/span><\/p>\n<p style=\"text-align: center;\">\u00a0<\/p>\n<p style=\"text-align: center;\"><span style=\"font-family: arial, helvetica, sans-serif; font-size: 12pt; color: #000000;\">Selbst Ute\u2019s neue Winterjacke und der gro\u00dfe Thermobecher finden ihren Platz.<\/span><\/p>\n<p style=\"text-align: center;\"><span style=\"font-family: arial, helvetica, sans-serif; font-size: 12pt; color: #000000;\">Halb zehn checken wir aus und starten ein letztes Mal den Ford Truck.<\/span><\/p>\n<p style=\"text-align: center;\"><span style=\"font-family: arial, helvetica, sans-serif; font-size: 12pt; color: #000000;\">Es ist bedeckt, fast schon neblig.<\/span><\/p>\n<p style=\"text-align: center;\"><span style=\"font-family: arial, helvetica, sans-serif; font-size: 12pt; color: #000000;\">Bis zur Alamo Station am Aviation Boulevard hinterm Flughafen sind es 15 min Fahrt.<\/span><\/p>\n<p style=\"text-align: center;\">\u00a0<\/p>\n<p style=\"text-align: center;\"><span style=\"font-family: arial, helvetica, sans-serif; font-size: 12pt; color: #000000;\"><img decoding=\"async\" class=\"aligncenter wp-image-26068\" src=\"https:\/\/welcome-ontour.de\/wordpress\/wp-content\/uploads\/2025\/08\/2024-10-14-02-03.jpg\" alt=\"\" width=\"810\" height=\"269\" srcset=\"https:\/\/welcome-ontour.de\/wordpress\/wp-content\/uploads\/2025\/08\/2024-10-14-02-03.jpg 811w, https:\/\/welcome-ontour.de\/wordpress\/wp-content\/uploads\/2025\/08\/2024-10-14-02-03-300x100.jpg 300w, https:\/\/welcome-ontour.de\/wordpress\/wp-content\/uploads\/2025\/08\/2024-10-14-02-03-700x232.jpg 700w, https:\/\/welcome-ontour.de\/wordpress\/wp-content\/uploads\/2025\/08\/2024-10-14-02-03-768x255.jpg 768w\" sizes=\"(max-width: 810px) 100vw, 810px\" \/><\/span><\/p>\n<p style=\"text-align: center;\">\u00a0<\/p>\n<p style=\"text-align: center;\"><span style=\"font-family: arial, helvetica, sans-serif; font-size: 12pt; color: #000000;\">Auto verlassen, Gep\u00e4ck raus, Beleg (mit 0,00$) in Empfang nehmen, das war\u2019s.<\/span><\/p>\n<p style=\"text-align: center;\"><span style=\"font-family: arial, helvetica, sans-serif; font-size: 12pt; color: #000000;\">Dieses Mal nicht ganz.<\/span><\/p>\n<p style=\"text-align: center;\"><span style=\"font-family: arial, helvetica, sans-serif; font-size: 12pt; color: #000000;\">Wir gehen zum (leeren) Schalter, zeigen unsere Reifenwechselquittung aus Moab und bekommen den Betrag erstattet.<\/span><\/p>\n<p style=\"text-align: center;\"><span style=\"font-family: arial, helvetica, sans-serif; font-size: 12pt; color: #000000;\">H\u00e4tten nicht gedacht, dass es so problemlos funktionieren w\u00fcrde.<\/span><\/p>\n<p style=\"text-align: center;\"><span style=\"font-family: arial, helvetica, sans-serif; font-size: 12pt; color: #000000;\">Anschlie\u00dfend stauen wir uns in 40 min zum Flughafen.<\/span><\/p>\n<p style=\"text-align: center;\"><span style=\"font-family: arial, helvetica, sans-serif; font-size: 12pt; color: #000000;\">Im International Tom Bradley Terminal ist es gl\u00fccklicherweise nur m\u00e4\u00dfig voll.<\/span><\/p>\n<p style=\"text-align: center;\"><span style=\"font-family: arial, helvetica, sans-serif; font-size: 12pt; color: #000000;\">Wir sind rasch durch die Sicherheitskontrollen und g\u00f6nnen uns bei Beecher\u2019s die letzten US-Biere.<\/span><\/p>\n<p style=\"text-align: center;\">\u00a0<\/p>\n<p style=\"text-align: center;\"><span style=\"font-family: arial, helvetica, sans-serif; font-size: 12pt; color: #000000;\"><img decoding=\"async\" class=\"aligncenter wp-image-26069\" src=\"https:\/\/welcome-ontour.de\/wordpress\/wp-content\/uploads\/2025\/08\/2024-10-14-04-06.jpg\" alt=\"\" width=\"810\" height=\"232\" srcset=\"https:\/\/welcome-ontour.de\/wordpress\/wp-content\/uploads\/2025\/08\/2024-10-14-04-06.jpg 812w, https:\/\/welcome-ontour.de\/wordpress\/wp-content\/uploads\/2025\/08\/2024-10-14-04-06-300x86.jpg 300w, https:\/\/welcome-ontour.de\/wordpress\/wp-content\/uploads\/2025\/08\/2024-10-14-04-06-700x201.jpg 700w, https:\/\/welcome-ontour.de\/wordpress\/wp-content\/uploads\/2025\/08\/2024-10-14-04-06-768x220.jpg 768w\" sizes=\"(max-width: 810px) 100vw, 810px\" \/><\/span><\/p>\n<p style=\"text-align: center;\">\u00a0<\/p>\n<p style=\"text-align: center;\"><span style=\"font-family: arial, helvetica, sans-serif; font-size: 12pt; color: #000000;\">Danach durch den Fu\u00dfg\u00e4ngertunnel zum Terminal 4B.<\/span><\/p>\n<p style=\"text-align: center;\"><span style=\"font-family: arial, helvetica, sans-serif; font-size: 12pt; color: #000000;\">Gleich nach unserer Ankunft am Gate 204 beginnt das Boarding.<\/span><\/p>\n<p style=\"text-align: center;\">\u00a0<\/p>\n<p style=\"text-align: center;\"><span style=\"font-family: arial, helvetica, sans-serif; font-size: 12pt; color: #000000;\"><img decoding=\"async\" class=\"aligncenter wp-image-26070\" src=\"https:\/\/welcome-ontour.de\/wordpress\/wp-content\/uploads\/2025\/08\/2024-10-14-07-09.jpg\" alt=\"\" width=\"810\" height=\"279\" srcset=\"https:\/\/welcome-ontour.de\/wordpress\/wp-content\/uploads\/2025\/08\/2024-10-14-07-09.jpg 811w, https:\/\/welcome-ontour.de\/wordpress\/wp-content\/uploads\/2025\/08\/2024-10-14-07-09-300x103.jpg 300w, https:\/\/welcome-ontour.de\/wordpress\/wp-content\/uploads\/2025\/08\/2024-10-14-07-09-700x241.jpg 700w, https:\/\/welcome-ontour.de\/wordpress\/wp-content\/uploads\/2025\/08\/2024-10-14-07-09-768x264.jpg 768w\" sizes=\"(max-width: 810px) 100vw, 810px\" \/><\/span><\/p>\n<p style=\"text-align: center;\">\u00a0<\/p>\n<p style=\"text-align: center;\"><span style=\"font-family: arial, helvetica, sans-serif; font-size: 12pt; color: #000000;\">Wir kommen als erste in den gro\u00dfen Dreamliner.<\/span><\/p>\n<p style=\"text-align: center;\">\u00a0<\/p>\n<p style=\"text-align: center;\"><span style=\"font-family: arial, helvetica, sans-serif; font-size: 12pt; color: #000000;\"><img decoding=\"async\" class=\"size-full wp-image-24743 aligncenter\" src=\"https:\/\/welcome-ontour.de\/wordpress\/wp-content\/uploads\/2025\/02\/2024-10-14-10.jpg\" alt=\"\" width=\"810\" height=\"408\" srcset=\"https:\/\/welcome-ontour.de\/wordpress\/wp-content\/uploads\/2025\/02\/2024-10-14-10.jpg 810w, https:\/\/welcome-ontour.de\/wordpress\/wp-content\/uploads\/2025\/02\/2024-10-14-10-300x151.jpg 300w, https:\/\/welcome-ontour.de\/wordpress\/wp-content\/uploads\/2025\/02\/2024-10-14-10-700x353.jpg 700w, https:\/\/welcome-ontour.de\/wordpress\/wp-content\/uploads\/2025\/02\/2024-10-14-10-768x387.jpg 768w\" sizes=\"(max-width: 810px) 100vw, 810px\" \/><\/span><\/p>\n<p style=\"text-align: center;\">\u00a0<\/p>\n<p style=\"text-align: center;\"><span style=\"font-family: arial, helvetica, sans-serif; font-size: 12pt; color: #000000;\">KLM setzt auf der Strecke die Boeing 787-1000 der neuesten Generation ein.<\/span><\/p>\n<p style=\"text-align: center;\"><span style=\"font-family: arial, helvetica, sans-serif; font-size: 12pt; color: #000000;\">Die Premium Comfort Kabine hat 4 Reihen.<\/span><\/p>\n<p style=\"text-align: center;\"><span style=\"font-family: arial, helvetica, sans-serif; font-size: 12pt; color: #000000;\">Wir sitzen in der ersten auf 11H und K, Ute am Gang, ich am Fenster.<\/span><\/p>\n<p style=\"text-align: center;\"><span style=\"font-family: arial, helvetica, sans-serif; font-size: 12pt; color: #000000;\">Die Sitze sind sehr bequem, lassen sich gut verstellen und bieten Platz ohne Ende.<\/span><\/p>\n<p style=\"text-align: center;\">\u00a0<\/p>\n<p style=\"text-align: center;\"><span style=\"font-family: arial, helvetica, sans-serif; font-size: 12pt; color: #000000;\"><img decoding=\"async\" class=\"aligncenter wp-image-26071\" src=\"https:\/\/welcome-ontour.de\/wordpress\/wp-content\/uploads\/2025\/08\/2024-10-14-11-12.jpg\" alt=\"\" width=\"810\" height=\"384\" srcset=\"https:\/\/welcome-ontour.de\/wordpress\/wp-content\/uploads\/2025\/08\/2024-10-14-11-12.jpg 809w, https:\/\/welcome-ontour.de\/wordpress\/wp-content\/uploads\/2025\/08\/2024-10-14-11-12-300x142.jpg 300w, https:\/\/welcome-ontour.de\/wordpress\/wp-content\/uploads\/2025\/08\/2024-10-14-11-12-700x332.jpg 700w, https:\/\/welcome-ontour.de\/wordpress\/wp-content\/uploads\/2025\/08\/2024-10-14-11-12-768x365.jpg 768w\" sizes=\"(max-width: 810px) 100vw, 810px\" \/><\/span><\/p>\n<p style=\"text-align: center;\">\u00a0<\/p>\n<p style=\"text-align: center;\"><span style=\"font-family: arial, helvetica, sans-serif; font-size: 12pt; color: #000000;\">P\u00fcnktlich 13:50 hebt KL602 mit Flugziel Amsterdam ab.<\/span><\/p>\n<p style=\"text-align: center;\"><span style=\"font-family: arial, helvetica, sans-serif; font-size: 12pt; color: #000000;\">Die Flugzeit soll heute 9 Stunden und 50 Minuten betragen.<\/span><\/p>\n<p style=\"text-align: center;\"><span style=\"font-family: arial, helvetica, sans-serif; font-size: 12pt; color: #000000;\">Die Route f\u00fchrt nach Norden \u00fcber die Sierra Nevada, \u00fcber Idaho \u00fcberqueren wir die kanadische Grenze.<\/span><\/p>\n<p style=\"text-align: center;\">\u00a0<\/p>\n<p style=\"text-align: center;\"><span style=\"font-family: arial, helvetica, sans-serif; font-size: 12pt; color: #000000;\"><img decoding=\"async\" class=\"size-full wp-image-24746 aligncenter\" src=\"https:\/\/welcome-ontour.de\/wordpress\/wp-content\/uploads\/2025\/02\/2024-10-14-13.jpg\" alt=\"\" width=\"810\" height=\"408\" srcset=\"https:\/\/welcome-ontour.de\/wordpress\/wp-content\/uploads\/2025\/02\/2024-10-14-13.jpg 810w, https:\/\/welcome-ontour.de\/wordpress\/wp-content\/uploads\/2025\/02\/2024-10-14-13-300x151.jpg 300w, https:\/\/welcome-ontour.de\/wordpress\/wp-content\/uploads\/2025\/02\/2024-10-14-13-700x353.jpg 700w, https:\/\/welcome-ontour.de\/wordpress\/wp-content\/uploads\/2025\/02\/2024-10-14-13-768x387.jpg 768w\" sizes=\"(max-width: 810px) 100vw, 810px\" \/><\/span><\/p>\n<p style=\"text-align: center;\">\u00a0<\/p>\n<p style=\"text-align: center;\"><span style=\"font-family: arial, helvetica, sans-serif; font-size: 12pt; color: #000000;\">Ute stellt ihre Armbanduhr um, von 15 Uhr Pacific Standard Time auf 0 Uhr Mitteleurop\u00e4ische Sommerzeit.<\/span><\/p>\n<p style=\"text-align: center;\"><span style=\"font-family: arial, helvetica, sans-serif; font-size: 12pt; color: #000000;\">Die Stewardess spricht uns mit unseren Namen an, wir f\u00fchlen uns wohl.<\/span><\/p>\n<p style=\"text-align: center;\">\u00a0<\/p>\n<p style=\"text-align: center;\"><span style=\"font-family: arial, helvetica, sans-serif; font-size: 12pt; color: #000000;\"><img decoding=\"async\" class=\"aligncenter wp-image-26072\" src=\"https:\/\/welcome-ontour.de\/wordpress\/wp-content\/uploads\/2025\/08\/2024-10-14-14-16.jpg\" alt=\"\" width=\"810\" height=\"279\" srcset=\"https:\/\/welcome-ontour.de\/wordpress\/wp-content\/uploads\/2025\/08\/2024-10-14-14-16.jpg 811w, https:\/\/welcome-ontour.de\/wordpress\/wp-content\/uploads\/2025\/08\/2024-10-14-14-16-300x103.jpg 300w, https:\/\/welcome-ontour.de\/wordpress\/wp-content\/uploads\/2025\/08\/2024-10-14-14-16-700x241.jpg 700w, https:\/\/welcome-ontour.de\/wordpress\/wp-content\/uploads\/2025\/08\/2024-10-14-14-16-768x264.jpg 768w\" sizes=\"(max-width: 810px) 100vw, 810px\" \/><\/span><\/p>\n<p style=\"text-align: center;\">\u00a0<\/p>\n<p style=\"text-align: center;\"><span style=\"font-family: arial, helvetica, sans-serif; font-size: 12pt; color: #000000;\">Die Verpflegung ist super, wir werden rundum versorgt.<\/span><\/p>\n<p style=\"text-align: center;\"><span style=\"font-family: arial, helvetica, sans-serif; font-size: 12pt; color: #000000;\">Starten mit Champagner, dann Tomatensaft, dann Rotwein, dann Bier, dann Wasser und enden vorerst mit Kaffee und Baileys.<\/span><\/p>\n<p style=\"text-align: center;\"><span style=\"font-family: arial, helvetica, sans-serif; font-size: 12pt; color: #000000;\">Auch das Essen ist Klasse.<\/span><\/p>\n<p style=\"text-align: center;\"><span style=\"font-family: arial, helvetica, sans-serif; font-size: 12pt; color: #000000;\">Als wir damit durch sind, stellen wir die Sitzlehnen weit nach hinten und genehmigen uns eine M\u00fctze Schlaf.<\/span><\/p>\n<p style=\"text-align: center;\">\u00a0<\/p>\n<p style=\"text-align: center;\"><span style=\"font-family: arial, helvetica, sans-serif; font-size: 12pt; color: #000000;\">Gefahrene Meilen \/ Kilometer: 17 \/ 27<\/span><\/p>\n<p style=\"text-align: center;\">\u00a0<\/p>\n<p style=\"text-align: center;\"><span style=\"font-family: arial, helvetica, sans-serif; font-size: 12pt; color: #000000;\"><img decoding=\"async\" class=\"wp-image-24750 aligncenter\" src=\"https:\/\/welcome-ontour.de\/wordpress\/wp-content\/uploads\/2025\/02\/2024-10-14-17.jpg\" alt=\"\" width=\"88\" height=\"66\" \/><\/span><\/p>\n<p style=\"text-align: center;\"><span style=\"font-family: arial, helvetica, sans-serif; font-size: 12pt; color: #000000;\"><a style=\"color: #000000;\" href=\"https:\/\/welcome-ontour.de\/wordpress\/index.php\/2024-10-13\"><img decoding=\"async\" class=\"alignleft wp-image-23857\" src=\"https:\/\/welcome-ontour.de\/wordpress\/wp-content\/uploads\/2024\/12\/2024-09-21-01.jpg\" alt=\"\" width=\"43\" height=\"40\" \/><\/a><a style=\"color: #000000;\" href=\"https:\/\/welcome-ontour.de\/wordpress\/index.php\/2024-10-15\"><img decoding=\"async\" class=\"alignright wp-image-23858\" src=\"https:\/\/welcome-ontour.de\/wordpress\/wp-content\/uploads\/2024\/12\/2024-09-21-02.jpg\" alt=\"\" width=\"43\" height=\"40\" \/><\/a><\/span><\/p>\n<p style=\"text-align: center;\">\u00a0<\/p>\n","protected":false},"excerpt":{"rendered":"<p>Prolog\u00a0 \u00a0 \u00a0Anreise\u00a0 \u00a0 \u00a0Lone Pine\u00a0 \u00a0 \u00a0Death Valley\u00a0 \u00a0 \u00a0Las Vegas\u00a0 \u00a0 \u00a0Kanab\u00a0 \u00a0 \u00a0Escalante\u00a0 \u00a0 \u00a0Moab\u00a0 \u00a0 \u00a0Chinle Winslow\u00a0 \u00a0 \u00a0Tonto\u00a0 \u00a0 \u00a0Phoenix\u00a0 \u00a0 \u00a0Organ Pipes\u00a0 \u00a0 \u00a0San Diego\u00a0 \u00a0 \u00a0LAX\u00a0 \u00a0 \u00a0Abreise\u00a0 \u00a0 \u00a0Fazit &nbsp; &nbsp; \u00a0 Mo 14.10. \u00a0 Abflug Los Angeles \u00a0 Hyatt Place Breakfast ist ausgezeichnet. Endlich mal wieder ohne Pappe und Plastik, geht doch. Danach wird alles was wir haben auf den Betten ausgebreitet und wandert sauber komprimiert in die zwei Kabinentrolleys. Mit System bekommen wir alles gut verstaut. \u00a0 \u00a0 Selbst Ute\u2019s neue Winterjacke und der gro\u00dfe Thermobecher finden ihren Platz. Halb zehn checken wir aus und starten ein letztes Mal den Ford Truck. Es ist bedeckt, fast schon neblig. Bis zur Alamo Station am Aviation Boulevard hinterm Flughafen sind es 15 min Fahrt. \u00a0 \u00a0 Auto verlassen, Gep\u00e4ck raus, Beleg (mit 0,00$) in Empfang nehmen, das war\u2019s. Dieses Mal nicht ganz. Wir gehen zum (leeren) Schalter, zeigen unsere Reifenwechselquittung aus Moab und bekommen den Betrag erstattet. H\u00e4tten nicht gedacht, dass es so problemlos funktionieren w\u00fcrde. Anschlie\u00dfend stauen wir uns in 40 min zum Flughafen. Im International Tom Bradley Terminal ist es gl\u00fccklicherweise nur m\u00e4\u00dfig voll. Wir sind rasch durch die Sicherheitskontrollen und g\u00f6nnen uns bei Beecher\u2019s die letzten US-Biere. \u00a0 \u00a0 Danach durch den Fu\u00dfg\u00e4ngertunnel zum Terminal 4B. Gleich nach unserer Ankunft am Gate 204 beginnt das Boarding. \u00a0 \u00a0 Wir kommen als erste in den gro\u00dfen Dreamliner. \u00a0 \u00a0 KLM setzt auf der Strecke die Boeing 787-1000 der neuesten Generation ein. Die Premium Comfort Kabine hat 4 Reihen. Wir sitzen in der ersten auf 11H und K, Ute am Gang, ich am Fenster. Die Sitze sind sehr bequem, lassen sich gut verstellen und bieten Platz ohne Ende. \u00a0 \u00a0 P\u00fcnktlich 13:50 hebt KL602 mit Flugziel Amsterdam ab. Die Flugzeit soll heute 9 Stunden und 50 Minuten betragen. Die Route f\u00fchrt nach Norden \u00fcber die Sierra Nevada, \u00fcber Idaho \u00fcberqueren wir die kanadische Grenze. \u00a0 \u00a0 Ute stellt ihre Armbanduhr um, von 15 Uhr Pacific Standard Time auf 0 Uhr Mitteleurop\u00e4ische Sommerzeit. Die Stewardess spricht uns mit unseren Namen an, wir f\u00fchlen uns wohl. \u00a0 \u00a0 Die Verpflegung ist super, wir werden rundum versorgt. Starten mit Champagner, dann Tomatensaft, dann Rotwein, dann Bier, dann Wasser und enden vorerst mit Kaffee und Baileys. Auch das Essen ist Klasse. Als wir damit durch sind, stellen wir die Sitzlehnen weit nach hinten und genehmigen uns eine M\u00fctze Schlaf. \u00a0 Gefahrene Meilen \/ Kilometer: 17 \/ 27 \u00a0 \u00a0<\/p>\n","protected":false},"author":1,"featured_media":0,"parent":0,"menu_order":0,"comment_status":"closed","ping_status":"closed","template":"","meta":{"footnotes":""},"class_list":["post-23930","page","type-page","status-publish","hentry"],"_links":{"self":[{"href":"https:\/\/welcome-ontour.de\/wordpress\/index.php\/wp-json\/wp\/v2\/pages\/23930","targetHints":{"allow":["GET"]}}],"collection":[{"href":"https:\/\/welcome-ontour.de\/wordpress\/index.php\/wp-json\/wp\/v2\/pages"}],"about":[{"href":"https:\/\/welcome-ontour.de\/wordpress\/index.php\/wp-json\/wp\/v2\/types\/page"}],"author":[{"embeddable":true,"href":"https:\/\/welcome-ontour.de\/wordpress\/index.php\/wp-json\/wp\/v2\/users\/1"}],"replies":[{"embeddable":true,"href":"https:\/\/welcome-ontour.de\/wordpress\/index.php\/wp-json\/wp\/v2\/comments?post=23930"}],"version-history":[{"count":6,"href":"https:\/\/welcome-ontour.de\/wordpress\/index.php\/wp-json\/wp\/v2\/pages\/23930\/revisions"}],"predecessor-version":[{"id":24733,"href":"https:\/\/welcome-ontour.de\/wordpress\/index.php\/wp-json\/wp\/v2\/pages\/23930\/revisions\/24733"}],"wp:attachment":[{"href":"https:\/\/welcome-ontour.de\/wordpress\/index.php\/wp-json\/wp\/v2\/media?parent=23930"}],"curies":[{"name":"wp","href":"https:\/\/api.w.org\/{rel}","templated":true}]}}