{"id":23910,"date":"2025-01-06T10:40:58","date_gmt":"2025-01-06T10:40:58","guid":{"rendered":"https:\/\/welcome-ontour.de\/wordpress\/?page_id=23910"},"modified":"2025-08-28T17:12:36","modified_gmt":"2025-08-28T17:12:36","slug":"2024-10-04","status":"publish","type":"page","link":"https:\/\/welcome-ontour.de\/wordpress\/index.php\/2024-10-04\/","title":{"rendered":"2024 10 04"},"content":{"rendered":"<p style=\"text-align: center;\"><span style=\"font-family: arial, helvetica, sans-serif; font-size: 8pt; color: #000000;\"><a style=\"color: #000000;\" href=\"https:\/\/welcome-ontour.de\/wordpress\/index.php\/2024-09-20-prolog\/\">Prolog<\/a>\u00a0 \u00a0 \u00a0<a style=\"color: #000000;\" href=\"https:\/\/welcome-ontour.de\/wordpress\/index.php\/2024-09-21\">Anreise<\/a>\u00a0 \u00a0 \u00a0<a style=\"color: #000000;\" href=\"https:\/\/welcome-ontour.de\/wordpress\/index.php\/2024-09-23\">Lone Pine<\/a>\u00a0 \u00a0 \u00a0<a style=\"color: #000000;\" href=\"https:\/\/welcome-ontour.de\/wordpress\/index.php\/2024-09-25\">Death Valley<\/a>\u00a0 \u00a0 \u00a0<a style=\"color: #000000;\" href=\"https:\/\/welcome-ontour.de\/wordpress\/index.php\/2024-09-26\">Las Vegas<\/a>\u00a0 \u00a0 \u00a0<a style=\"color: #000000;\" href=\"https:\/\/welcome-ontour.de\/wordpress\/index.php\/2024-09-27\">Kanab<\/a>\u00a0 \u00a0 \u00a0<a style=\"color: #000000;\" href=\"https:\/\/welcome-ontour.de\/wordpress\/index.php\/2024-09-28\">Escalante<\/a>\u00a0 \u00a0 \u00a0<a style=\"color: #000000;\" href=\"https:\/\/welcome-ontour.de\/wordpress\/index.php\/2024-09-30\">Moab<\/a>\u00a0 \u00a0 \u00a0<a style=\"color: #000000;\" href=\"https:\/\/welcome-ontour.de\/wordpress\/index.php\/2024-10-03\">Chinle<\/a><\/span><\/p>\n<p style=\"text-align: center;\"><span style=\"font-family: arial, helvetica, sans-serif; font-size: 8pt; color: #000000;\"><a style=\"color: #000000;\" href=\"https:\/\/welcome-ontour.de\/wordpress\/index.php\/2024-10-05\">Winslow<\/a>\u00a0 \u00a0 \u00a0<a style=\"color: #000000;\" href=\"https:\/\/welcome-ontour.de\/wordpress\/index.php\/2024-10-06\">Tonto<\/a>\u00a0 \u00a0 \u00a0<a style=\"color: #000000;\" href=\"https:\/\/welcome-ontour.de\/wordpress\/index.php\/2024-10-07\">Phoenix<\/a>\u00a0 \u00a0 \u00a0<a style=\"color: #000000;\" href=\"https:\/\/welcome-ontour.de\/wordpress\/index.php\/2024-10-09\">Organ Pipes<\/a>\u00a0 \u00a0 \u00a0<a style=\"color: #000000;\" href=\"https:\/\/welcome-ontour.de\/wordpress\/index.php\/2024-10-10\">San Diego<\/a>\u00a0 \u00a0 \u00a0<a style=\"color: #000000;\" href=\"https:\/\/welcome-ontour.de\/wordpress\/index.php\/2024-10-13\">LAX<\/a>\u00a0 \u00a0 \u00a0<a style=\"color: #000000;\" href=\"https:\/\/welcome-ontour.de\/wordpress\/index.php\/2024-10-14\">Abreise<\/a>\u00a0 \u00a0 \u00a0<a style=\"color: #000000;\" href=\"https:\/\/welcome-ontour.de\/wordpress\/index.php\/2024-10-16\">Fazit<\/a><\/span><\/p>\n<p>&nbsp;<\/p>\n<p style=\"text-align: center;\"><span style=\"color: #000000;\"><span style=\"font-family: arial, helvetica, sans-serif; font-size: 12pt;\"><a style=\"color: #000000;\" href=\"https:\/\/welcome-ontour.de\/wordpress\/index.php\/2024-10-03\"><img decoding=\"async\" class=\"alignleft wp-image-23857\" src=\"https:\/\/welcome-ontour.de\/wordpress\/wp-content\/uploads\/2024\/12\/2024-09-21-01.jpg\" alt=\"\" width=\"43\" height=\"40\" \/><\/a><\/span><span style=\"font-family: arial, helvetica, sans-serif; font-size: 12pt;\"><a style=\"color: #000000;\" href=\"https:\/\/welcome-ontour.de\/wordpress\/index.php\/2024-10-05\"><img decoding=\"async\" class=\"alignright wp-image-23858\" src=\"https:\/\/welcome-ontour.de\/wordpress\/wp-content\/uploads\/2024\/12\/2024-09-21-02.jpg\" alt=\"\" width=\"43\" height=\"40\" \/><\/a><\/span><\/span><\/p>\n<p>&nbsp;<\/p>\n<p style=\"text-align: center;\">\u00a0<\/p>\n<p style=\"text-align: center;\"><span style=\"color: #000000;\"><strong><span style=\"font-family: arial, helvetica, sans-serif; font-size: 14pt;\">Fr 4.10.<\/span><\/strong><\/span><\/p>\n<p style=\"text-align: center;\">\u00a0<\/p>\n<p style=\"text-align: center;\"><span style=\"color: #000000;\"><strong><span style=\"font-family: arial, helvetica, sans-serif; font-size: 14pt;\">Chinle<\/span><\/strong><\/span><\/p>\n<p style=\"text-align: center;\">\u00a0<\/p>\n<p style=\"text-align: center;\"><span style=\"font-family: arial, helvetica, sans-serif; font-size: 12pt; color: #000000;\">Heute sind angenehme 33\u00b0 vorhergesagt.<\/span><\/p>\n<p style=\"text-align: center;\"><span style=\"font-family: arial, helvetica, sans-serif; font-size: 12pt; color: #000000;\">Wir wollen den Tag in drei Teile gliedern.<\/span><\/p>\n<p style=\"text-align: center;\"><span style=\"font-family: arial, helvetica, sans-serif; font-size: 12pt; color: #000000;\">Morgens Arch, mittags Pool, abends Canyon.<\/span><\/p>\n<p style=\"text-align: center;\"><span style=\"font-family: arial, helvetica, sans-serif; font-size: 12pt; color: #000000;\">Aber erst mal gibt es eine sportliche \u00dcberraschung.<\/span><\/p>\n<p style=\"text-align: center;\"><span style=\"font-family: arial, helvetica, sans-serif; font-size: 12pt; color: #000000;\">Als wir etwa um 8 zum Breakfast gehen, zeigt das Thermometer 6\u00b0.<\/span><\/p>\n<p style=\"text-align: center;\"><span style=\"font-family: arial, helvetica, sans-serif; font-size: 12pt; color: #000000;\">Das Fr\u00fchst\u00fcck wird im Hotelrestaurant angeboten.<\/span><\/p>\n<p style=\"text-align: center;\"><span style=\"font-family: arial, helvetica, sans-serif; font-size: 12pt; color: #000000;\">F\u00fcr je ein warmes Gericht pro Person aus der Karte gab es Coupons beim Check In, <\/span><\/p>\n<p style=\"text-align: center;\"><span style=\"font-family: arial, helvetica, sans-serif; font-size: 12pt; color: #000000;\">der Kaffee wird extra berechnet.<\/span><\/p>\n<p style=\"text-align: center;\">\u00a0<\/p>\n<p style=\"text-align: center;\"><span style=\"font-family: arial, helvetica, sans-serif; font-size: 12pt; color: #000000;\"><img decoding=\"async\" class=\"size-full wp-image-25940 aligncenter\" src=\"https:\/\/welcome-ontour.de\/wordpress\/wp-content\/uploads\/2025\/08\/2024-10-04-01-02.jpg\" alt=\"\" width=\"810\" height=\"269\" srcset=\"https:\/\/welcome-ontour.de\/wordpress\/wp-content\/uploads\/2025\/08\/2024-10-04-01-02.jpg 810w, https:\/\/welcome-ontour.de\/wordpress\/wp-content\/uploads\/2025\/08\/2024-10-04-01-02-300x100.jpg 300w, https:\/\/welcome-ontour.de\/wordpress\/wp-content\/uploads\/2025\/08\/2024-10-04-01-02-700x232.jpg 700w, https:\/\/welcome-ontour.de\/wordpress\/wp-content\/uploads\/2025\/08\/2024-10-04-01-02-768x255.jpg 768w\" sizes=\"(max-width: 810px) 100vw, 810px\" \/><\/span><\/p>\n<p style=\"text-align: center;\">\u00a0<\/p>\n<p style=\"text-align: center;\"><span style=\"font-family: arial, helvetica, sans-serif; font-size: 12pt; color: #000000;\">Omelette und Fr\u00fchst\u00fcckspfanne sind riesig und auch geschmacklich gut.<\/span><\/p>\n<p style=\"text-align: center;\"><span style=\"font-family: arial, helvetica, sans-serif; font-size: 12pt; color: #000000;\">Anschlie\u00dfend starten wir zum Hope Arch, der westlich des Highway 191 zu finden ist.<\/span><\/p>\n<p style=\"text-align: center;\"><span style=\"font-family: arial, helvetica, sans-serif; font-size: 12pt; color: #000000;\">Eine halbe Stunde Fahrt, die zweite H\u00e4lfte davon auf unbefestigter Offroadpiste.<\/span><\/p>\n<p style=\"text-align: center;\">\u00a0<\/p>\n<p style=\"text-align: center;\"><span style=\"font-family: arial, helvetica, sans-serif; font-size: 12pt; color: #000000;\"><img decoding=\"async\" class=\"size-full wp-image-25941 aligncenter\" src=\"https:\/\/welcome-ontour.de\/wordpress\/wp-content\/uploads\/2025\/08\/2024-10-04-03-04.jpg\" alt=\"\" width=\"810\" height=\"269\" srcset=\"https:\/\/welcome-ontour.de\/wordpress\/wp-content\/uploads\/2025\/08\/2024-10-04-03-04.jpg 810w, https:\/\/welcome-ontour.de\/wordpress\/wp-content\/uploads\/2025\/08\/2024-10-04-03-04-300x100.jpg 300w, https:\/\/welcome-ontour.de\/wordpress\/wp-content\/uploads\/2025\/08\/2024-10-04-03-04-700x232.jpg 700w, https:\/\/welcome-ontour.de\/wordpress\/wp-content\/uploads\/2025\/08\/2024-10-04-03-04-768x255.jpg 768w\" sizes=\"(max-width: 810px) 100vw, 810px\" \/><\/span><\/p>\n<p style=\"text-align: center;\">\u00a0<\/p>\n<p style=\"text-align: center;\"><span style=\"font-family: arial, helvetica, sans-serif; font-size: 12pt; color: #000000;\">Wenn man wei\u00df, wo man suchen muss, ist die gro\u00dfe Steinbr\u00fccke leicht zu finden.<\/span><\/p>\n<p style=\"text-align: center;\">\u00a0<\/p>\n<p style=\"text-align: center;\"><span style=\"font-family: arial, helvetica, sans-serif; font-size: 12pt; color: #000000;\"><a href=\"https:\/\/welcome-ontour.de\/wordpress\/wp-content\/uploads\/2025\/01\/2024-10-04-05.jpg\" target=\"_blank\" rel=\"noopener\"><img decoding=\"async\" class=\"wp-image-24380 aligncenter\" src=\"https:\/\/welcome-ontour.de\/wordpress\/wp-content\/uploads\/2025\/01\/2024-10-04-05.jpg\" alt=\"\" width=\"810\" height=\"407\" srcset=\"https:\/\/welcome-ontour.de\/wordpress\/wp-content\/uploads\/2025\/01\/2024-10-04-05.jpg 1606w, https:\/\/welcome-ontour.de\/wordpress\/wp-content\/uploads\/2025\/01\/2024-10-04-05-300x151.jpg 300w, https:\/\/welcome-ontour.de\/wordpress\/wp-content\/uploads\/2025\/01\/2024-10-04-05-700x351.jpg 700w, https:\/\/welcome-ontour.de\/wordpress\/wp-content\/uploads\/2025\/01\/2024-10-04-05-768x385.jpg 768w, https:\/\/welcome-ontour.de\/wordpress\/wp-content\/uploads\/2025\/01\/2024-10-04-05-1536x771.jpg 1536w, https:\/\/welcome-ontour.de\/wordpress\/wp-content\/uploads\/2025\/01\/2024-10-04-05-1140x572.jpg 1140w\" sizes=\"(max-width: 810px) 100vw, 810px\" \/><\/a><\/span><\/p>\n<p style=\"text-align: center;\">\u00a0<\/p>\n<p style=\"text-align: center;\"><span style=\"font-family: arial, helvetica, sans-serif; font-size: 12pt; color: #000000;\">Eigentlich ist es ein riesiges Fenster in einer senkrecht stehenden Sandsteinplatte.<\/span><\/p>\n<p style=\"text-align: center;\">\u00a0<\/p>\n<p style=\"text-align: center;\"><span style=\"font-family: arial, helvetica, sans-serif; font-size: 12pt; color: #000000;\"><a href=\"https:\/\/welcome-ontour.de\/wordpress\/wp-content\/uploads\/2025\/01\/2024-10-04-06.jpg\" target=\"_blank\" rel=\"noopener\"><img decoding=\"async\" class=\"wp-image-24381 aligncenter\" src=\"https:\/\/welcome-ontour.de\/wordpress\/wp-content\/uploads\/2025\/01\/2024-10-04-06.jpg\" alt=\"\" width=\"810\" height=\"407\" srcset=\"https:\/\/welcome-ontour.de\/wordpress\/wp-content\/uploads\/2025\/01\/2024-10-04-06.jpg 1606w, https:\/\/welcome-ontour.de\/wordpress\/wp-content\/uploads\/2025\/01\/2024-10-04-06-300x151.jpg 300w, https:\/\/welcome-ontour.de\/wordpress\/wp-content\/uploads\/2025\/01\/2024-10-04-06-700x351.jpg 700w, https:\/\/welcome-ontour.de\/wordpress\/wp-content\/uploads\/2025\/01\/2024-10-04-06-768x385.jpg 768w, https:\/\/welcome-ontour.de\/wordpress\/wp-content\/uploads\/2025\/01\/2024-10-04-06-1536x771.jpg 1536w, https:\/\/welcome-ontour.de\/wordpress\/wp-content\/uploads\/2025\/01\/2024-10-04-06-1140x572.jpg 1140w\" sizes=\"(max-width: 810px) 100vw, 810px\" \/><\/a><\/span><\/p>\n<p style=\"text-align: center;\">\u00a0<\/p>\n<p style=\"text-align: center;\"><span style=\"font-family: arial, helvetica, sans-serif; font-size: 12pt; color: #000000;\">Wir spazieren in der Gegend umher, fotografieren aus allen Blickwinkeln und sind beeindruckt.<\/span><\/p>\n<p style=\"text-align: center;\">\u00a0<\/p>\n<p style=\"text-align: center;\"><span style=\"font-family: arial, helvetica, sans-serif; font-size: 12pt; color: #000000;\"><img decoding=\"async\" class=\"size-full wp-image-25942 aligncenter\" src=\"https:\/\/welcome-ontour.de\/wordpress\/wp-content\/uploads\/2025\/08\/2024-10-04-07-08.jpg\" alt=\"\" width=\"815\" height=\"384\" srcset=\"https:\/\/welcome-ontour.de\/wordpress\/wp-content\/uploads\/2025\/08\/2024-10-04-07-08.jpg 815w, https:\/\/welcome-ontour.de\/wordpress\/wp-content\/uploads\/2025\/08\/2024-10-04-07-08-300x141.jpg 300w, https:\/\/welcome-ontour.de\/wordpress\/wp-content\/uploads\/2025\/08\/2024-10-04-07-08-700x330.jpg 700w, https:\/\/welcome-ontour.de\/wordpress\/wp-content\/uploads\/2025\/08\/2024-10-04-07-08-768x362.jpg 768w\" sizes=\"(max-width: 815px) 100vw, 815px\" \/><\/span><\/p>\n<p style=\"text-align: center;\"><span style=\"font-family: arial, helvetica, sans-serif; font-size: 12pt; color: #000000;\"><img decoding=\"async\" class=\"size-full wp-image-25943 aligncenter\" src=\"https:\/\/welcome-ontour.de\/wordpress\/wp-content\/uploads\/2025\/08\/2024-10-04-09-10.jpg\" alt=\"\" width=\"809\" height=\"384\" srcset=\"https:\/\/welcome-ontour.de\/wordpress\/wp-content\/uploads\/2025\/08\/2024-10-04-09-10.jpg 809w, https:\/\/welcome-ontour.de\/wordpress\/wp-content\/uploads\/2025\/08\/2024-10-04-09-10-300x142.jpg 300w, https:\/\/welcome-ontour.de\/wordpress\/wp-content\/uploads\/2025\/08\/2024-10-04-09-10-700x332.jpg 700w, https:\/\/welcome-ontour.de\/wordpress\/wp-content\/uploads\/2025\/08\/2024-10-04-09-10-768x365.jpg 768w\" sizes=\"(max-width: 809px) 100vw, 809px\" \/><\/span><\/p>\n<p style=\"text-align: center;\">\u00a0<\/p>\n<p style=\"text-align: center;\"><span style=\"font-family: arial, helvetica, sans-serif; font-size: 12pt; color: #000000;\">Wieder in der Stadt gibt es einen Zwischenstopp in Bashas Supermarkt, Wasser und Eistee gehen zur Neige.<\/span><\/p>\n<p style=\"text-align: center;\">\u00a0<\/p>\n<p style=\"text-align: center;\"><span style=\"font-family: arial, helvetica, sans-serif; font-size: 12pt; color: #000000;\"><img decoding=\"async\" class=\"size-full wp-image-25944 aligncenter\" src=\"https:\/\/welcome-ontour.de\/wordpress\/wp-content\/uploads\/2025\/08\/2024-10-04-11-13.jpg\" alt=\"\" width=\"808\" height=\"232\" srcset=\"https:\/\/welcome-ontour.de\/wordpress\/wp-content\/uploads\/2025\/08\/2024-10-04-11-13.jpg 808w, https:\/\/welcome-ontour.de\/wordpress\/wp-content\/uploads\/2025\/08\/2024-10-04-11-13-300x86.jpg 300w, https:\/\/welcome-ontour.de\/wordpress\/wp-content\/uploads\/2025\/08\/2024-10-04-11-13-700x201.jpg 700w, https:\/\/welcome-ontour.de\/wordpress\/wp-content\/uploads\/2025\/08\/2024-10-04-11-13-768x221.jpg 768w\" sizes=\"(max-width: 808px) 100vw, 808px\" \/><\/span><\/p>\n<p style=\"text-align: center;\">\u00a0<\/p>\n<p style=\"text-align: center;\"><span style=\"font-family: arial, helvetica, sans-serif; font-size: 12pt; color: #000000;\">P\u00fcnktlich um zw\u00f6lf liegen wir bei 30\u00b0 in der wolkenlosen Mittagssonne am Pool des Holiday Inn.<\/span><\/p>\n<p style=\"text-align: center;\"><span style=\"font-family: arial, helvetica, sans-serif; font-size: 12pt; color: #000000;\">Bei der entspannten Relaxingphase schlafen wir beide ein.<\/span><\/p>\n<p style=\"text-align: center;\"><span style=\"font-family: arial, helvetica, sans-serif; font-size: 12pt; color: #000000;\">Als die Sonne tiefer steht, fahren wir in den Canyon de Chelly.<\/span><\/p>\n<p style=\"text-align: center;\"><span style=\"font-family: arial, helvetica, sans-serif; font-size: 12pt; color: #000000;\">Heute werden die Lookouts des North Rim abgeklappert.<\/span><\/p>\n<p style=\"text-align: center;\">\u00a0<\/p>\n<p style=\"text-align: center;\"><span style=\"font-family: arial, helvetica, sans-serif; font-size: 12pt; color: #000000;\"><a href=\"https:\/\/welcome-ontour.de\/wordpress\/wp-content\/uploads\/2025\/01\/2024-10-04-14.jpg\" target=\"_blank\" rel=\"noopener\"><img decoding=\"async\" class=\"wp-image-24389 aligncenter\" src=\"https:\/\/welcome-ontour.de\/wordpress\/wp-content\/uploads\/2025\/01\/2024-10-04-14.jpg\" alt=\"\" width=\"810\" height=\"407\" srcset=\"https:\/\/welcome-ontour.de\/wordpress\/wp-content\/uploads\/2025\/01\/2024-10-04-14.jpg 1606w, https:\/\/welcome-ontour.de\/wordpress\/wp-content\/uploads\/2025\/01\/2024-10-04-14-300x151.jpg 300w, https:\/\/welcome-ontour.de\/wordpress\/wp-content\/uploads\/2025\/01\/2024-10-04-14-700x351.jpg 700w, https:\/\/welcome-ontour.de\/wordpress\/wp-content\/uploads\/2025\/01\/2024-10-04-14-768x385.jpg 768w, https:\/\/welcome-ontour.de\/wordpress\/wp-content\/uploads\/2025\/01\/2024-10-04-14-1536x771.jpg 1536w, https:\/\/welcome-ontour.de\/wordpress\/wp-content\/uploads\/2025\/01\/2024-10-04-14-1140x572.jpg 1140w\" sizes=\"(max-width: 810px) 100vw, 810px\" \/><\/a><\/span><\/p>\n<p style=\"text-align: center;\">\u00a0<\/p>\n<p style=\"text-align: center;\"><span style=\"font-family: arial, helvetica, sans-serif; font-size: 12pt; color: #000000;\">Beginnend am Massacre Cave Overlook besuchen wir einen Aussichtspunkt nach dem Anderen.<\/span><\/p>\n<p style=\"text-align: center;\">\u00a0<\/p>\n<p style=\"text-align: center;\"><span style=\"font-family: arial, helvetica, sans-serif; font-size: 12pt; color: #000000;\"><a href=\"https:\/\/welcome-ontour.de\/wordpress\/wp-content\/uploads\/2025\/01\/2024-10-04-15.jpg\" target=\"_blank\" rel=\"noopener\"><img decoding=\"async\" class=\"wp-image-24390 aligncenter\" src=\"https:\/\/welcome-ontour.de\/wordpress\/wp-content\/uploads\/2025\/01\/2024-10-04-15.jpg\" alt=\"\" width=\"810\" height=\"407\" srcset=\"https:\/\/welcome-ontour.de\/wordpress\/wp-content\/uploads\/2025\/01\/2024-10-04-15.jpg 1606w, https:\/\/welcome-ontour.de\/wordpress\/wp-content\/uploads\/2025\/01\/2024-10-04-15-300x151.jpg 300w, https:\/\/welcome-ontour.de\/wordpress\/wp-content\/uploads\/2025\/01\/2024-10-04-15-700x351.jpg 700w, https:\/\/welcome-ontour.de\/wordpress\/wp-content\/uploads\/2025\/01\/2024-10-04-15-768x385.jpg 768w, https:\/\/welcome-ontour.de\/wordpress\/wp-content\/uploads\/2025\/01\/2024-10-04-15-1536x771.jpg 1536w, https:\/\/welcome-ontour.de\/wordpress\/wp-content\/uploads\/2025\/01\/2024-10-04-15-1140x572.jpg 1140w\" sizes=\"(max-width: 810px) 100vw, 810px\" \/><\/a><\/span><\/p>\n<p style=\"text-align: center;\">\u00a0<\/p>\n<p style=\"text-align: center;\"><span style=\"font-family: arial, helvetica, sans-serif; font-size: 12pt; color: #000000;\">Obwohl sich die Ausblicke \u00e4hneln, ist es jedes Mal ein anderer faszinierender Blick in die gro\u00dfe Schlucht.<\/span><\/p>\n<p style=\"text-align: center;\"><span style=\"font-family: arial, helvetica, sans-serif; font-size: 12pt; color: #000000;\">Auf dem R\u00fcckweg fahren wir in den Sonnenuntergang.<\/span><\/p>\n<p style=\"text-align: center;\">\u00a0<\/p>\n<p style=\"text-align: center;\"><span style=\"font-family: arial, helvetica, sans-serif; font-size: 12pt; color: #000000;\"><img decoding=\"async\" class=\"size-full wp-image-24391 aligncenter\" src=\"https:\/\/welcome-ontour.de\/wordpress\/wp-content\/uploads\/2025\/01\/2024-10-04-16.jpg\" alt=\"\" width=\"810\" height=\"408\" srcset=\"https:\/\/welcome-ontour.de\/wordpress\/wp-content\/uploads\/2025\/01\/2024-10-04-16.jpg 810w, https:\/\/welcome-ontour.de\/wordpress\/wp-content\/uploads\/2025\/01\/2024-10-04-16-300x151.jpg 300w, https:\/\/welcome-ontour.de\/wordpress\/wp-content\/uploads\/2025\/01\/2024-10-04-16-700x353.jpg 700w, https:\/\/welcome-ontour.de\/wordpress\/wp-content\/uploads\/2025\/01\/2024-10-04-16-768x387.jpg 768w\" sizes=\"(max-width: 810px) 100vw, 810px\" \/><\/span><\/p>\n<p style=\"text-align: center;\">\u00a0<\/p>\n<p style=\"text-align: center;\"><span style=\"font-family: arial, helvetica, sans-serif; font-size: 12pt; color: #000000;\">Nach einer kurzen Stippvisite in der Thunderbird Lodge <\/span><\/p>\n<p style=\"text-align: center;\"><span style=\"font-family: arial, helvetica, sans-serif; font-size: 12pt; color: #000000;\">landen wir zum Abendessen im Junction Restaurant am Best Western Hotel.<\/span><\/p>\n<p style=\"text-align: center;\"><span style=\"font-family: arial, helvetica, sans-serif; font-size: 12pt; color: #000000;\">An Schmuddeligkeit ist die Kneipe kaum zu \u00fcberbieten.<\/span><\/p>\n<p style=\"text-align: center;\"><span style=\"font-family: arial, helvetica, sans-serif; font-size: 12pt; color: #000000;\">Die Servicekr\u00e4fte sehen aus, als wenn sie tags\u00fcber auf dem M\u00fcllplatz waren.<\/span><\/p>\n<p style=\"text-align: center;\"><span style=\"font-family: arial, helvetica, sans-serif; font-size: 12pt; color: #000000;\">Halb neun sind wir wieder im Hotel.<\/span><\/p>\n<p style=\"text-align: center;\">\u00a0<\/p>\n<p style=\"text-align: center;\"><span style=\"font-family: arial, helvetica, sans-serif; font-size: 12pt; color: #000000;\"><img decoding=\"async\" class=\"wp-image-24392 aligncenter\" src=\"https:\/\/welcome-ontour.de\/wordpress\/wp-content\/uploads\/2025\/01\/2024-10-04-17-700x353.jpg\" alt=\"\" width=\"600\" height=\"302\" srcset=\"https:\/\/welcome-ontour.de\/wordpress\/wp-content\/uploads\/2025\/01\/2024-10-04-17-700x353.jpg 700w, https:\/\/welcome-ontour.de\/wordpress\/wp-content\/uploads\/2025\/01\/2024-10-04-17-300x151.jpg 300w, https:\/\/welcome-ontour.de\/wordpress\/wp-content\/uploads\/2025\/01\/2024-10-04-17-768x387.jpg 768w, https:\/\/welcome-ontour.de\/wordpress\/wp-content\/uploads\/2025\/01\/2024-10-04-17.jpg 810w\" sizes=\"(max-width: 600px) 100vw, 600px\" \/><\/span><\/p>\n<p style=\"text-align: center;\">\u00a0<\/p>\n<p style=\"text-align: center;\"><span style=\"font-family: arial, helvetica, sans-serif; font-size: 12pt; color: #000000;\">Tequila, Online Spielereien und Lights Out.<\/span><\/p>\n<p style=\"text-align: center;\">\u00a0<\/p>\n<p style=\"text-align: center;\"><span style=\"font-family: arial, helvetica, sans-serif; font-size: 12pt; color: #000000;\">Gefahrene Meilen \/ Kilometer: 60 \/ 97<\/span><\/p>\n<p style=\"text-align: center;\">\u00a0<\/p>\n<p style=\"text-align: center;\"><span style=\"font-family: arial, helvetica, sans-serif; font-size: 12pt; color: #000000;\">Unterkunft: Holiday Inn Canyon de Chelly, Chinle, Arizona 147\u20ac ***<\/span><\/p>\n<p style=\"text-align: center;\">\u00a0<\/p>\n<p style=\"text-align: center;\"><span style=\"font-family: arial, helvetica, sans-serif; font-size: 12pt; color: #000000;\"><img decoding=\"async\" class=\"wp-image-24393 aligncenter\" src=\"https:\/\/welcome-ontour.de\/wordpress\/wp-content\/uploads\/2025\/01\/2024-10-04-18.jpg\" alt=\"\" width=\"222\" height=\"154\" srcset=\"https:\/\/welcome-ontour.de\/wordpress\/wp-content\/uploads\/2025\/01\/2024-10-04-18.jpg 394w, https:\/\/welcome-ontour.de\/wordpress\/wp-content\/uploads\/2025\/01\/2024-10-04-18-300x209.jpg 300w\" sizes=\"(max-width: 222px) 100vw, 222px\" \/><\/span><\/p>\n<p style=\"text-align: center;\"><span style=\"font-family: arial, helvetica, sans-serif; font-size: 12pt; color: #000000;\"><a style=\"color: #000000;\" href=\"https:\/\/welcome-ontour.de\/wordpress\/index.php\/2024-10-03\"><img decoding=\"async\" class=\"alignleft wp-image-23857\" src=\"https:\/\/welcome-ontour.de\/wordpress\/wp-content\/uploads\/2024\/12\/2024-09-21-01.jpg\" alt=\"\" width=\"43\" height=\"40\" \/><\/a><a style=\"color: #000000;\" href=\"https:\/\/welcome-ontour.de\/wordpress\/index.php\/2024-10-05\"><img decoding=\"async\" class=\"alignright wp-image-23858\" src=\"https:\/\/welcome-ontour.de\/wordpress\/wp-content\/uploads\/2024\/12\/2024-09-21-02.jpg\" alt=\"\" width=\"43\" height=\"40\" \/><\/a><\/span><\/p>\n<p style=\"text-align: center;\">\u00a0<\/p>\n","protected":false},"excerpt":{"rendered":"<p>Prolog\u00a0 \u00a0 \u00a0Anreise\u00a0 \u00a0 \u00a0Lone Pine\u00a0 \u00a0 \u00a0Death Valley\u00a0 \u00a0 \u00a0Las Vegas\u00a0 \u00a0 \u00a0Kanab\u00a0 \u00a0 \u00a0Escalante\u00a0 \u00a0 \u00a0Moab\u00a0 \u00a0 \u00a0Chinle Winslow\u00a0 \u00a0 \u00a0Tonto\u00a0 \u00a0 \u00a0Phoenix\u00a0 \u00a0 \u00a0Organ Pipes\u00a0 \u00a0 \u00a0San Diego\u00a0 \u00a0 \u00a0LAX\u00a0 \u00a0 \u00a0Abreise\u00a0 \u00a0 \u00a0Fazit &nbsp; &nbsp; \u00a0 Fr 4.10. \u00a0 Chinle \u00a0 Heute sind angenehme 33\u00b0 vorhergesagt. Wir wollen den Tag in drei Teile gliedern. Morgens Arch, mittags Pool, abends Canyon. Aber erst mal gibt es eine sportliche \u00dcberraschung. Als wir etwa um 8 zum Breakfast gehen, zeigt das Thermometer 6\u00b0. Das Fr\u00fchst\u00fcck wird im Hotelrestaurant angeboten. F\u00fcr je ein warmes Gericht pro Person aus der Karte gab es Coupons beim Check In, der Kaffee wird extra berechnet. \u00a0 \u00a0 Omelette und Fr\u00fchst\u00fcckspfanne sind riesig und auch geschmacklich gut. Anschlie\u00dfend starten wir zum Hope Arch, der westlich des Highway 191 zu finden ist. Eine halbe Stunde Fahrt, die zweite H\u00e4lfte davon auf unbefestigter Offroadpiste. \u00a0 \u00a0 Wenn man wei\u00df, wo man suchen muss, ist die gro\u00dfe Steinbr\u00fccke leicht zu finden. \u00a0 \u00a0 Eigentlich ist es ein riesiges Fenster in einer senkrecht stehenden Sandsteinplatte. \u00a0 \u00a0 Wir spazieren in der Gegend umher, fotografieren aus allen Blickwinkeln und sind beeindruckt. \u00a0 \u00a0 Wieder in der Stadt gibt es einen Zwischenstopp in Bashas Supermarkt, Wasser und Eistee gehen zur Neige. \u00a0 \u00a0 P\u00fcnktlich um zw\u00f6lf liegen wir bei 30\u00b0 in der wolkenlosen Mittagssonne am Pool des Holiday Inn. Bei der entspannten Relaxingphase schlafen wir beide ein. Als die Sonne tiefer steht, fahren wir in den Canyon de Chelly. Heute werden die Lookouts des North Rim abgeklappert. \u00a0 \u00a0 Beginnend am Massacre Cave Overlook besuchen wir einen Aussichtspunkt nach dem Anderen. \u00a0 \u00a0 Obwohl sich die Ausblicke \u00e4hneln, ist es jedes Mal ein anderer faszinierender Blick in die gro\u00dfe Schlucht. Auf dem R\u00fcckweg fahren wir in den Sonnenuntergang. \u00a0 \u00a0 Nach einer kurzen Stippvisite in der Thunderbird Lodge landen wir zum Abendessen im Junction Restaurant am Best Western Hotel. An Schmuddeligkeit ist die Kneipe kaum zu \u00fcberbieten. Die Servicekr\u00e4fte sehen aus, als wenn sie tags\u00fcber auf dem M\u00fcllplatz waren. Halb neun sind wir wieder im Hotel. \u00a0 \u00a0 Tequila, Online Spielereien und Lights Out. \u00a0 Gefahrene Meilen \/ Kilometer: 60 \/ 97 \u00a0 Unterkunft: Holiday Inn Canyon de Chelly, Chinle, Arizona 147\u20ac *** \u00a0 \u00a0<\/p>\n","protected":false},"author":1,"featured_media":0,"parent":0,"menu_order":0,"comment_status":"closed","ping_status":"closed","template":"","meta":{"footnotes":""},"class_list":["post-23910","page","type-page","status-publish","hentry"],"_links":{"self":[{"href":"https:\/\/welcome-ontour.de\/wordpress\/index.php\/wp-json\/wp\/v2\/pages\/23910","targetHints":{"allow":["GET"]}}],"collection":[{"href":"https:\/\/welcome-ontour.de\/wordpress\/index.php\/wp-json\/wp\/v2\/pages"}],"about":[{"href":"https:\/\/welcome-ontour.de\/wordpress\/index.php\/wp-json\/wp\/v2\/types\/page"}],"author":[{"embeddable":true,"href":"https:\/\/welcome-ontour.de\/wordpress\/index.php\/wp-json\/wp\/v2\/users\/1"}],"replies":[{"embeddable":true,"href":"https:\/\/welcome-ontour.de\/wordpress\/index.php\/wp-json\/wp\/v2\/comments?post=23910"}],"version-history":[{"count":6,"href":"https:\/\/welcome-ontour.de\/wordpress\/index.php\/wp-json\/wp\/v2\/pages\/23910\/revisions"}],"predecessor-version":[{"id":23953,"href":"https:\/\/welcome-ontour.de\/wordpress\/index.php\/wp-json\/wp\/v2\/pages\/23910\/revisions\/23953"}],"wp:attachment":[{"href":"https:\/\/welcome-ontour.de\/wordpress\/index.php\/wp-json\/wp\/v2\/media?parent=23910"}],"curies":[{"name":"wp","href":"https:\/\/api.w.org\/{rel}","templated":true}]}}