{"id":23886,"date":"2025-01-06T10:36:38","date_gmt":"2025-01-06T10:36:38","guid":{"rendered":"https:\/\/welcome-ontour.de\/wordpress\/?page_id=23886"},"modified":"2025-08-28T14:28:55","modified_gmt":"2025-08-28T14:28:55","slug":"2024-09-22","status":"publish","type":"page","link":"https:\/\/welcome-ontour.de\/wordpress\/index.php\/2024-09-22\/","title":{"rendered":"2024 09 22"},"content":{"rendered":"<p style=\"text-align: center;\"><span style=\"font-family: arial, helvetica, sans-serif; font-size: 8pt; color: #000000;\"><a style=\"color: #000000;\" href=\"https:\/\/welcome-ontour.de\/wordpress\/index.php\/2024-09-20-prolog\/\">Prolog<\/a>\u00a0 \u00a0 \u00a0<a style=\"color: #000000;\" href=\"https:\/\/welcome-ontour.de\/wordpress\/index.php\/2024-09-21\">Anreise<\/a>\u00a0 \u00a0 \u00a0<a style=\"color: #000000;\" href=\"https:\/\/welcome-ontour.de\/wordpress\/index.php\/2024-09-23\">Lone Pine<\/a>\u00a0 \u00a0 \u00a0<a style=\"color: #000000;\" href=\"https:\/\/welcome-ontour.de\/wordpress\/index.php\/2024-09-25\">Death Valley<\/a>\u00a0 \u00a0 \u00a0<a style=\"color: #000000;\" href=\"https:\/\/welcome-ontour.de\/wordpress\/index.php\/2024-09-26\">Las Vegas<\/a>\u00a0 \u00a0 \u00a0<a style=\"color: #000000;\" href=\"https:\/\/welcome-ontour.de\/wordpress\/index.php\/2024-09-27\">Kanab<\/a>\u00a0 \u00a0 \u00a0<a style=\"color: #000000;\" href=\"https:\/\/welcome-ontour.de\/wordpress\/index.php\/2024-09-28\">Escalante<\/a>\u00a0 \u00a0 \u00a0<a style=\"color: #000000;\" href=\"https:\/\/welcome-ontour.de\/wordpress\/index.php\/2024-09-30\">Moab<\/a>\u00a0 \u00a0 \u00a0<a style=\"color: #000000;\" href=\"https:\/\/welcome-ontour.de\/wordpress\/index.php\/2024-10-03\">Chinle<\/a><\/span><\/p>\n<p style=\"text-align: center;\"><span style=\"font-family: arial, helvetica, sans-serif; font-size: 8pt; color: #000000;\"><a style=\"color: #000000;\" href=\"https:\/\/welcome-ontour.de\/wordpress\/index.php\/2024-10-05\">Winslow<\/a>\u00a0 \u00a0 \u00a0<a style=\"color: #000000;\" href=\"https:\/\/welcome-ontour.de\/wordpress\/index.php\/2024-10-06\">Tonto<\/a>\u00a0 \u00a0 \u00a0<a style=\"color: #000000;\" href=\"https:\/\/welcome-ontour.de\/wordpress\/index.php\/2024-10-07\">Phoenix<\/a>\u00a0 \u00a0 \u00a0<a style=\"color: #000000;\" href=\"https:\/\/welcome-ontour.de\/wordpress\/index.php\/2024-10-09\">Organ Pipes<\/a>\u00a0 \u00a0 \u00a0<a style=\"color: #000000;\" href=\"https:\/\/welcome-ontour.de\/wordpress\/index.php\/2024-10-10\">San Diego<\/a>\u00a0 \u00a0 \u00a0<a style=\"color: #000000;\" href=\"https:\/\/welcome-ontour.de\/wordpress\/index.php\/2024-10-13\">LAX<\/a>\u00a0 \u00a0 \u00a0<a style=\"color: #000000;\" href=\"https:\/\/welcome-ontour.de\/wordpress\/index.php\/2024-10-14\">Abreise<\/a>\u00a0 \u00a0 \u00a0<a style=\"color: #000000;\" href=\"https:\/\/welcome-ontour.de\/wordpress\/index.php\/2024-10-16\">Fazit<\/a><\/span><\/p>\n<p>&nbsp;<\/p>\n<p style=\"text-align: center;\"><span style=\"color: #000000;\"><span style=\"font-family: arial, helvetica, sans-serif; font-size: 12pt;\"><a style=\"color: #000000;\" href=\"https:\/\/welcome-ontour.de\/wordpress\/index.php\/2024-09-21\"><img decoding=\"async\" class=\"alignleft wp-image-23857\" src=\"https:\/\/welcome-ontour.de\/wordpress\/wp-content\/uploads\/2024\/12\/2024-09-21-01.jpg\" alt=\"\" width=\"43\" height=\"40\" \/><\/a><\/span><span style=\"font-family: arial, helvetica, sans-serif; font-size: 12pt;\"><a style=\"color: #000000;\" href=\"https:\/\/welcome-ontour.de\/wordpress\/index.php\/2024-09-23\"><img decoding=\"async\" class=\"alignright wp-image-23858\" src=\"https:\/\/welcome-ontour.de\/wordpress\/wp-content\/uploads\/2024\/12\/2024-09-21-02.jpg\" alt=\"\" width=\"43\" height=\"40\" \/><\/a><\/span><\/span><\/p>\n<p>&nbsp;<\/p>\n<p style=\"text-align: center;\">\u00a0<\/p>\n<p style=\"text-align: center;\"><span style=\"color: #000000;\"><strong><span style=\"font-family: arial, helvetica, sans-serif; font-size: 14pt;\">So 22.9.<\/span><\/strong><\/span><\/p>\n<p style=\"text-align: center;\">\u00a0<\/p>\n<p style=\"text-align: center;\"><span style=\"color: #000000;\"><strong><span style=\"font-family: arial, helvetica, sans-serif; font-size: 14pt;\">Chino Hills<\/span><\/strong><\/span><\/p>\n<p style=\"text-align: center;\">\u00a0<\/p>\n<p style=\"text-align: center;\"><span style=\"font-family: arial, helvetica, sans-serif; font-size: 12pt; color: #000000;\">Gl\u00fccklicherweise haben wir es geschafft, bis nach sieben zu schlafen.<\/span><\/p>\n<p style=\"text-align: center;\"><span style=\"font-family: arial, helvetica, sans-serif; font-size: 12pt; color: #000000;\">Wir haben viel Zeit und tr\u00f6deln uns richtig aus.<\/span><\/p>\n<p style=\"text-align: center;\">\u00a0<\/p>\n<p style=\"text-align: center;\"><span style=\"font-family: arial, helvetica, sans-serif; font-size: 12pt; color: #000000;\"><img decoding=\"async\" class=\"size-full wp-image-25825 aligncenter\" src=\"https:\/\/welcome-ontour.de\/wordpress\/wp-content\/uploads\/2025\/08\/2024-09-22-01-02.jpg\" alt=\"\" width=\"809\" height=\"384\" srcset=\"https:\/\/welcome-ontour.de\/wordpress\/wp-content\/uploads\/2025\/08\/2024-09-22-01-02.jpg 809w, https:\/\/welcome-ontour.de\/wordpress\/wp-content\/uploads\/2025\/08\/2024-09-22-01-02-300x142.jpg 300w, https:\/\/welcome-ontour.de\/wordpress\/wp-content\/uploads\/2025\/08\/2024-09-22-01-02-700x332.jpg 700w, https:\/\/welcome-ontour.de\/wordpress\/wp-content\/uploads\/2025\/08\/2024-09-22-01-02-768x365.jpg 768w\" sizes=\"(max-width: 809px) 100vw, 809px\" \/><\/span><\/p>\n<p style=\"text-align: center;\">\u00a0<\/p>\n<p style=\"text-align: center;\"><span style=\"font-family: arial, helvetica, sans-serif; font-size: 12pt; color: #000000;\">Gut abgefr\u00fchst\u00fcckt verlassen wir das Hotel kurz nach zehn.<\/span><\/p>\n<p style=\"text-align: center;\"><span style=\"font-family: arial, helvetica, sans-serif; font-size: 12pt; color: #000000;\">Ein vom Frontdesk geordertes Taxi bringt uns in 10 min zur Mietwagen-Firma am Aviation Boulevard.<\/span><\/p>\n<p style=\"text-align: center;\"><span style=\"font-family: arial, helvetica, sans-serif; font-size: 12pt; color: #000000;\">Dank Skip-The-Counter brauchen wir bei Alamo an keinen Schalter <\/span><\/p>\n<p style=\"text-align: center;\"><span style=\"font-family: arial, helvetica, sans-serif; font-size: 12pt; color: #000000;\">und k\u00f6nnen uns gleich ein Auto unserer Kategorie auf dem Parkplatz aussuchen.<\/span><\/p>\n<p style=\"text-align: center;\"><span style=\"font-family: arial, helvetica, sans-serif; font-size: 12pt; color: #000000;\">Vormittags sind wir fast allein hier, die Auswahl ist jedoch bescheiden.<\/span><\/p>\n<p style=\"text-align: center;\"><span style=\"font-family: arial, helvetica, sans-serif; font-size: 12pt; color: #000000;\">Wir haben wieder Pick Up gebucht und zwei Fahrzeuge stehen zur Auswahl.<\/span><\/p>\n<p style=\"text-align: center;\"><span style=\"font-family: arial, helvetica, sans-serif; font-size: 12pt; color: #000000;\">Entweder ein GMC Sierra mit guter Ausstattung, aber leider total abgerockt und mit verschlissenen Reifen.<\/span><\/p>\n<p style=\"text-align: center;\"><span style=\"font-family: arial, helvetica, sans-serif; font-size: 12pt; color: #000000;\">Oder ein neuer RAM 1500 mit Null Ausstattung.<\/span><\/p>\n<p style=\"text-align: center;\"><span style=\"font-family: arial, helvetica, sans-serif; font-size: 12pt; color: #000000;\">Wir sind mit beiden nicht zufrieden und ich bitte eine Alamo Agentin um Hilfe.<\/span><\/p>\n<p style=\"text-align: center;\"><span style=\"font-family: arial, helvetica, sans-serif; font-size: 12pt; color: #000000;\">Wenig sp\u00e4ter hat sie daf\u00fcr gesorgt, dass uns ein wei\u00dfer F150 vorgefahren wird.<\/span><\/p>\n<p style=\"text-align: center;\"><span style=\"font-family: arial, helvetica, sans-serif; font-size: 12pt; color: #000000;\">Der hat die XLT Ausstattung, brauchbare Reifen und den Powerboost Motor in Verbindung mit einem Hybrid Antrieb.<\/span><\/p>\n<p style=\"text-align: center;\">\u00a0<\/p>\n<p style=\"text-align: center;\"><span style=\"font-family: arial, helvetica, sans-serif; font-size: 12pt; color: #000000;\"><img decoding=\"async\" class=\"size-full wp-image-23995 aligncenter\" src=\"https:\/\/welcome-ontour.de\/wordpress\/wp-content\/uploads\/2025\/01\/2024-09-22-03.jpg\" alt=\"\" width=\"810\" height=\"408\" srcset=\"https:\/\/welcome-ontour.de\/wordpress\/wp-content\/uploads\/2025\/01\/2024-09-22-03.jpg 810w, https:\/\/welcome-ontour.de\/wordpress\/wp-content\/uploads\/2025\/01\/2024-09-22-03-300x151.jpg 300w, https:\/\/welcome-ontour.de\/wordpress\/wp-content\/uploads\/2025\/01\/2024-09-22-03-700x353.jpg 700w, https:\/\/welcome-ontour.de\/wordpress\/wp-content\/uploads\/2025\/01\/2024-09-22-03-768x387.jpg 768w\" sizes=\"(max-width: 810px) 100vw, 810px\" \/><\/span><\/p>\n<p style=\"text-align: center;\">\u00a0<\/p>\n<p style=\"text-align: center;\"><span style=\"font-family: arial, helvetica, sans-serif; font-size: 12pt; color: #000000;\">Zufrieden rollen wir elektrisch vom Hof.<\/span><\/p>\n<p style=\"text-align: center;\"><span style=\"font-family: arial, helvetica, sans-serif; font-size: 12pt; color: #000000;\">Der Vertrag wird bei der Ausfahrt gemacht und als PDF an meine Email geschickt.<\/span><\/p>\n<p style=\"text-align: center;\"><span style=\"font-family: arial, helvetica, sans-serif; font-size: 12pt; color: #000000;\">Nach Chino Hills zu unserem Hotel sind es etwa 1,5 Stunden Fahrt.<\/span><\/p>\n<p style=\"text-align: center;\"><span style=\"font-family: arial, helvetica, sans-serif; font-size: 12pt; color: #000000;\">Der Sonntagmittag Verkehr h\u00e4lt sich in Grenzen.<\/span><\/p>\n<p style=\"text-align: center;\"><span style=\"font-family: arial, helvetica, sans-serif; font-size: 12pt; color: #000000;\">Wir versorgen uns bei Ross und Walmart mit allem was wir f\u00fcr die kommenden Tage ben\u00f6tigen.<\/span><\/p>\n<p style=\"text-align: center;\">\u00a0<\/p>\n<p style=\"text-align: center;\"><span style=\"font-family: arial, helvetica, sans-serif; font-size: 12pt; color: #000000;\"><img decoding=\"async\" class=\"size-full wp-image-25826 aligncenter\" src=\"https:\/\/welcome-ontour.de\/wordpress\/wp-content\/uploads\/2025\/08\/2024-09-22-04-05.jpg\" alt=\"\" width=\"811\" height=\"302\" srcset=\"https:\/\/welcome-ontour.de\/wordpress\/wp-content\/uploads\/2025\/08\/2024-09-22-04-05.jpg 811w, https:\/\/welcome-ontour.de\/wordpress\/wp-content\/uploads\/2025\/08\/2024-09-22-04-05-300x112.jpg 300w, https:\/\/welcome-ontour.de\/wordpress\/wp-content\/uploads\/2025\/08\/2024-09-22-04-05-700x261.jpg 700w, https:\/\/welcome-ontour.de\/wordpress\/wp-content\/uploads\/2025\/08\/2024-09-22-04-05-768x286.jpg 768w\" sizes=\"(max-width: 811px) 100vw, 811px\" \/><\/span><\/p>\n<p style=\"text-align: center;\"><span style=\"font-family: arial, helvetica, sans-serif; font-size: 12pt; color: #000000;\"><img decoding=\"async\" class=\"size-full wp-image-25827 aligncenter\" src=\"https:\/\/welcome-ontour.de\/wordpress\/wp-content\/uploads\/2025\/08\/2024-09-22-06-07.jpg\" alt=\"\" width=\"810\" height=\"302\" srcset=\"https:\/\/welcome-ontour.de\/wordpress\/wp-content\/uploads\/2025\/08\/2024-09-22-06-07.jpg 810w, https:\/\/welcome-ontour.de\/wordpress\/wp-content\/uploads\/2025\/08\/2024-09-22-06-07-300x112.jpg 300w, https:\/\/welcome-ontour.de\/wordpress\/wp-content\/uploads\/2025\/08\/2024-09-22-06-07-700x261.jpg 700w, https:\/\/welcome-ontour.de\/wordpress\/wp-content\/uploads\/2025\/08\/2024-09-22-06-07-768x286.jpg 768w\" sizes=\"(max-width: 810px) 100vw, 810px\" \/><\/span><\/p>\n<p style=\"text-align: center;\">\u00a0<\/p>\n<p style=\"text-align: center;\"><span style=\"font-family: arial, helvetica, sans-serif; font-size: 12pt; color: #000000;\">Einen Lunch gibt es bei Waba und um vier sind wir am Ayres Hotel.<\/span><\/p>\n<p style=\"text-align: center;\"><span style=\"font-family: arial, helvetica, sans-serif; font-size: 12pt; color: #000000;\">Die H\u00e4user dieser Hotelkette besuchen wir gern, auch hier passt es.<\/span><\/p>\n<p style=\"text-align: center;\">\u00a0<\/p>\n<p style=\"text-align: center;\"><span style=\"font-family: arial, helvetica, sans-serif; font-size: 12pt; color: #000000;\"><img decoding=\"async\" class=\"size-full wp-image-25828 aligncenter\" src=\"https:\/\/welcome-ontour.de\/wordpress\/wp-content\/uploads\/2025\/08\/2024-09-22-08-09.jpg\" alt=\"\" width=\"811\" height=\"302\" srcset=\"https:\/\/welcome-ontour.de\/wordpress\/wp-content\/uploads\/2025\/08\/2024-09-22-08-09.jpg 811w, https:\/\/welcome-ontour.de\/wordpress\/wp-content\/uploads\/2025\/08\/2024-09-22-08-09-300x112.jpg 300w, https:\/\/welcome-ontour.de\/wordpress\/wp-content\/uploads\/2025\/08\/2024-09-22-08-09-700x261.jpg 700w, https:\/\/welcome-ontour.de\/wordpress\/wp-content\/uploads\/2025\/08\/2024-09-22-08-09-768x286.jpg 768w\" sizes=\"(max-width: 811px) 100vw, 811px\" \/><\/span><\/p>\n<p style=\"text-align: center;\">\u00a0<\/p>\n<p style=\"text-align: center;\"><span style=\"font-family: arial, helvetica, sans-serif; font-size: 12pt; color: #000000;\">Zimmer 346 ist ger\u00e4umig und hat zwei gro\u00dfe Queensize Betten.<\/span><\/p>\n<p style=\"text-align: center;\"><span style=\"font-family: arial, helvetica, sans-serif; font-size: 12pt; color: #000000;\">Bei den mittlerweile drau\u00dfen herrschenden 32\u00b0 ist es angenehm gek\u00fchlt.<\/span><\/p>\n<p style=\"text-align: center;\"><span style=\"font-family: arial, helvetica, sans-serif; font-size: 12pt; color: #000000;\">Wir halten uns nicht lange auf und verbringen den Rest des Nachmittages im BAPS Hindu Tempel, <\/span><\/p>\n<p style=\"text-align: center;\"><span style=\"font-family: arial, helvetica, sans-serif; font-size: 12pt; color: #000000;\">nur f\u00fcnf Minuten von hier.<\/span><\/p>\n<p style=\"text-align: center;\"><span style=\"font-family: arial, helvetica, sans-serif; font-size: 12pt; color: #000000;\">Eine beeindruckende indische Kulturst\u00e4tte mitten in einer kalifornischen Gro\u00dfstadt.<\/span><\/p>\n<p style=\"text-align: center;\">\u00a0<\/p>\n<p style=\"text-align: center;\"><span style=\"font-family: arial, helvetica, sans-serif; font-size: 12pt; color: #000000;\"><img decoding=\"async\" class=\"size-full wp-image-25829 aligncenter\" src=\"https:\/\/welcome-ontour.de\/wordpress\/wp-content\/uploads\/2025\/08\/2024-09-22-10-11.jpg\" alt=\"\" width=\"809\" height=\"384\" srcset=\"https:\/\/welcome-ontour.de\/wordpress\/wp-content\/uploads\/2025\/08\/2024-09-22-10-11.jpg 809w, https:\/\/welcome-ontour.de\/wordpress\/wp-content\/uploads\/2025\/08\/2024-09-22-10-11-300x142.jpg 300w, https:\/\/welcome-ontour.de\/wordpress\/wp-content\/uploads\/2025\/08\/2024-09-22-10-11-700x332.jpg 700w, https:\/\/welcome-ontour.de\/wordpress\/wp-content\/uploads\/2025\/08\/2024-09-22-10-11-768x365.jpg 768w\" sizes=\"(max-width: 809px) 100vw, 809px\" \/><\/span><\/p>\n<p style=\"text-align: center;\">\u00a0<\/p>\n<p style=\"text-align: center;\"><span style=\"font-family: arial, helvetica, sans-serif; font-size: 12pt; color: #000000;\">Der Gebets Schrein ist handgefertigt aus italienischem Marmor.<\/span><\/p>\n<p style=\"text-align: center;\">\u00a0<\/p>\n<p style=\"text-align: center;\"><span style=\"font-family: arial, helvetica, sans-serif; font-size: 12pt; color: #000000;\"><img decoding=\"async\" class=\"aligncenter wp-image-25830\" src=\"https:\/\/welcome-ontour.de\/wordpress\/wp-content\/uploads\/2025\/08\/2024-09-22-12-14.jpg\" alt=\"\" width=\"810\" height=\"378\" srcset=\"https:\/\/welcome-ontour.de\/wordpress\/wp-content\/uploads\/2025\/08\/2024-09-22-12-14.jpg 857w, https:\/\/welcome-ontour.de\/wordpress\/wp-content\/uploads\/2025\/08\/2024-09-22-12-14-300x140.jpg 300w, https:\/\/welcome-ontour.de\/wordpress\/wp-content\/uploads\/2025\/08\/2024-09-22-12-14-700x327.jpg 700w, https:\/\/welcome-ontour.de\/wordpress\/wp-content\/uploads\/2025\/08\/2024-09-22-12-14-768x358.jpg 768w\" sizes=\"(max-width: 810px) 100vw, 810px\" \/><\/span><\/p>\n<p style=\"text-align: center;\">\u00a0<\/p>\n<p style=\"text-align: center;\"><span style=\"font-family: arial, helvetica, sans-serif; font-size: 12pt; color: #000000;\">Die \u00e4u\u00dferlichen Tempelbauten sind aus Sandstein.<\/span><\/p>\n<p style=\"text-align: center;\">\u00a0<\/p>\n<p style=\"text-align: center;\"><span style=\"font-family: arial, helvetica, sans-serif; font-size: 12pt; color: #000000;\"><img decoding=\"async\" class=\"size-full wp-image-24007 aligncenter\" src=\"https:\/\/welcome-ontour.de\/wordpress\/wp-content\/uploads\/2025\/01\/2024-09-22-15.jpg\" alt=\"\" width=\"810\" height=\"408\" srcset=\"https:\/\/welcome-ontour.de\/wordpress\/wp-content\/uploads\/2025\/01\/2024-09-22-15.jpg 810w, https:\/\/welcome-ontour.de\/wordpress\/wp-content\/uploads\/2025\/01\/2024-09-22-15-300x151.jpg 300w, https:\/\/welcome-ontour.de\/wordpress\/wp-content\/uploads\/2025\/01\/2024-09-22-15-700x353.jpg 700w, https:\/\/welcome-ontour.de\/wordpress\/wp-content\/uploads\/2025\/01\/2024-09-22-15-768x387.jpg 768w\" sizes=\"(max-width: 810px) 100vw, 810px\" \/><\/span><\/p>\n<p style=\"text-align: center;\">\u00a0<\/p>\n<p style=\"text-align: center;\"><span style=\"font-family: arial, helvetica, sans-serif; font-size: 12pt; color: #000000;\">Unser erstes Abendessen gibt es in Lucilles Smokehouse.<\/span><\/p>\n<p style=\"text-align: center;\">\u00a0<\/p>\n<p style=\"text-align: center;\"><span style=\"font-family: arial, helvetica, sans-serif; font-size: 12pt; color: #000000;\"><img decoding=\"async\" class=\"aligncenter wp-image-25831\" src=\"https:\/\/welcome-ontour.de\/wordpress\/wp-content\/uploads\/2025\/08\/2024-09-22-16-17.jpg\" alt=\"\" width=\"810\" height=\"337\" srcset=\"https:\/\/welcome-ontour.de\/wordpress\/wp-content\/uploads\/2025\/08\/2024-09-22-16-17.jpg 962w, https:\/\/welcome-ontour.de\/wordpress\/wp-content\/uploads\/2025\/08\/2024-09-22-16-17-300x125.jpg 300w, https:\/\/welcome-ontour.de\/wordpress\/wp-content\/uploads\/2025\/08\/2024-09-22-16-17-700x291.jpg 700w, https:\/\/welcome-ontour.de\/wordpress\/wp-content\/uploads\/2025\/08\/2024-09-22-16-17-768x319.jpg 768w\" sizes=\"(max-width: 810px) 100vw, 810px\" \/><\/span><\/p>\n<p style=\"text-align: center;\">\u00a0<\/p>\n<p style=\"text-align: center;\"><span style=\"font-family: arial, helvetica, sans-serif; font-size: 12pt; color: #000000;\">Das Essen ist okay, vom Slow Smoked haben wir uns mehr erhofft.<\/span><\/p>\n<p style=\"text-align: center;\"><span style=\"font-family: arial, helvetica, sans-serif; font-size: 12pt; color: #000000;\">Um acht sind wir zur\u00fcck im Hotel, ziemlich platt.<\/span><\/p>\n<p style=\"text-align: center;\">\u00a0<\/p>\n<p style=\"text-align: center;\"><span style=\"font-family: arial, helvetica, sans-serif; font-size: 12pt; color: #000000;\"><img decoding=\"async\" class=\"size-full wp-image-25832 aligncenter\" src=\"https:\/\/welcome-ontour.de\/wordpress\/wp-content\/uploads\/2025\/08\/2024-09-22-18-19.jpg\" alt=\"\" width=\"807\" height=\"301\" srcset=\"https:\/\/welcome-ontour.de\/wordpress\/wp-content\/uploads\/2025\/08\/2024-09-22-18-19.jpg 807w, https:\/\/welcome-ontour.de\/wordpress\/wp-content\/uploads\/2025\/08\/2024-09-22-18-19-300x112.jpg 300w, https:\/\/welcome-ontour.de\/wordpress\/wp-content\/uploads\/2025\/08\/2024-09-22-18-19-700x261.jpg 700w, https:\/\/welcome-ontour.de\/wordpress\/wp-content\/uploads\/2025\/08\/2024-09-22-18-19-768x286.jpg 768w\" sizes=\"(max-width: 807px) 100vw, 807px\" \/><\/span><\/p>\n<p style=\"text-align: center;\">\u00a0<\/p>\n<p style=\"text-align: center;\"><span style=\"font-family: arial, helvetica, sans-serif; font-size: 12pt; color: #000000;\">Es gibt noch kalte Margaritas und warme Gr\u00fc\u00dfe nach Hause.<\/span><\/p>\n<p style=\"text-align: center;\"><span style=\"font-family: arial, helvetica, sans-serif; font-size: 12pt; color: #000000;\">Good Night.<\/span><\/p>\n<p style=\"text-align: center;\">\u00a0<\/p>\n<p style=\"text-align: center;\"><span style=\"font-family: arial, helvetica, sans-serif; font-size: 12pt; color: #000000;\">Gefahrene Meilen \/ Kilometer: 85 \/ 137<\/span><\/p>\n<p style=\"text-align: center;\">\u00a0<\/p>\n<p style=\"text-align: center;\"><span style=\"font-family: arial, helvetica, sans-serif; font-size: 12pt; color: #000000;\">Unterkunft: Ayres Hotel Chino Hills, Chino Hills, California 18\u20ac ****<\/span><\/p>\n<p style=\"text-align: center;\">\u00a0<\/p>\n<p style=\"text-align: center;\"><span style=\"font-family: arial, helvetica, sans-serif; font-size: 12pt; color: #000000;\"><img decoding=\"async\" class=\"wp-image-24012 aligncenter\" src=\"https:\/\/welcome-ontour.de\/wordpress\/wp-content\/uploads\/2025\/01\/2024-09-22-20.jpg\" alt=\"\" width=\"109\" height=\"150\" \/><\/span><\/p>\n<p style=\"text-align: center;\"><span style=\"font-family: arial, helvetica, sans-serif; font-size: 12pt; color: #000000;\"><a style=\"color: #000000;\" href=\"https:\/\/welcome-ontour.de\/wordpress\/index.php\/2024-09-21\"><img decoding=\"async\" class=\"alignleft wp-image-23857\" src=\"https:\/\/welcome-ontour.de\/wordpress\/wp-content\/uploads\/2024\/12\/2024-09-21-01.jpg\" alt=\"\" width=\"43\" height=\"40\" \/><\/a><a style=\"color: #000000;\" href=\"https:\/\/welcome-ontour.de\/wordpress\/index.php\/2024-09-23\"><img decoding=\"async\" class=\"alignright wp-image-23858\" src=\"https:\/\/welcome-ontour.de\/wordpress\/wp-content\/uploads\/2024\/12\/2024-09-21-02.jpg\" alt=\"\" width=\"43\" height=\"40\" \/><\/a><\/span><\/p>\n<p style=\"text-align: center;\">\u00a0<\/p>\n","protected":false},"excerpt":{"rendered":"<p>Prolog\u00a0 \u00a0 \u00a0Anreise\u00a0 \u00a0 \u00a0Lone Pine\u00a0 \u00a0 \u00a0Death Valley\u00a0 \u00a0 \u00a0Las Vegas\u00a0 \u00a0 \u00a0Kanab\u00a0 \u00a0 \u00a0Escalante\u00a0 \u00a0 \u00a0Moab\u00a0 \u00a0 \u00a0Chinle Winslow\u00a0 \u00a0 \u00a0Tonto\u00a0 \u00a0 \u00a0Phoenix\u00a0 \u00a0 \u00a0Organ Pipes\u00a0 \u00a0 \u00a0San Diego\u00a0 \u00a0 \u00a0LAX\u00a0 \u00a0 \u00a0Abreise\u00a0 \u00a0 \u00a0Fazit &nbsp; &nbsp; \u00a0 So 22.9. \u00a0 Chino Hills \u00a0 Gl\u00fccklicherweise haben wir es geschafft, bis nach sieben zu schlafen. Wir haben viel Zeit und tr\u00f6deln uns richtig aus. \u00a0 \u00a0 Gut abgefr\u00fchst\u00fcckt verlassen wir das Hotel kurz nach zehn. Ein vom Frontdesk geordertes Taxi bringt uns in 10 min zur Mietwagen-Firma am Aviation Boulevard. Dank Skip-The-Counter brauchen wir bei Alamo an keinen Schalter und k\u00f6nnen uns gleich ein Auto unserer Kategorie auf dem Parkplatz aussuchen. Vormittags sind wir fast allein hier, die Auswahl ist jedoch bescheiden. Wir haben wieder Pick Up gebucht und zwei Fahrzeuge stehen zur Auswahl. Entweder ein GMC Sierra mit guter Ausstattung, aber leider total abgerockt und mit verschlissenen Reifen. Oder ein neuer RAM 1500 mit Null Ausstattung. Wir sind mit beiden nicht zufrieden und ich bitte eine Alamo Agentin um Hilfe. Wenig sp\u00e4ter hat sie daf\u00fcr gesorgt, dass uns ein wei\u00dfer F150 vorgefahren wird. Der hat die XLT Ausstattung, brauchbare Reifen und den Powerboost Motor in Verbindung mit einem Hybrid Antrieb. \u00a0 \u00a0 Zufrieden rollen wir elektrisch vom Hof. Der Vertrag wird bei der Ausfahrt gemacht und als PDF an meine Email geschickt. Nach Chino Hills zu unserem Hotel sind es etwa 1,5 Stunden Fahrt. Der Sonntagmittag Verkehr h\u00e4lt sich in Grenzen. Wir versorgen uns bei Ross und Walmart mit allem was wir f\u00fcr die kommenden Tage ben\u00f6tigen. \u00a0 \u00a0 Einen Lunch gibt es bei Waba und um vier sind wir am Ayres Hotel. Die H\u00e4user dieser Hotelkette besuchen wir gern, auch hier passt es. \u00a0 \u00a0 Zimmer 346 ist ger\u00e4umig und hat zwei gro\u00dfe Queensize Betten. Bei den mittlerweile drau\u00dfen herrschenden 32\u00b0 ist es angenehm gek\u00fchlt. Wir halten uns nicht lange auf und verbringen den Rest des Nachmittages im BAPS Hindu Tempel, nur f\u00fcnf Minuten von hier. Eine beeindruckende indische Kulturst\u00e4tte mitten in einer kalifornischen Gro\u00dfstadt. \u00a0 \u00a0 Der Gebets Schrein ist handgefertigt aus italienischem Marmor. \u00a0 \u00a0 Die \u00e4u\u00dferlichen Tempelbauten sind aus Sandstein. \u00a0 \u00a0 Unser erstes Abendessen gibt es in Lucilles Smokehouse. \u00a0 \u00a0 Das Essen ist okay, vom Slow Smoked haben wir uns mehr erhofft. Um acht sind wir zur\u00fcck im Hotel, ziemlich platt. \u00a0 \u00a0 Es gibt noch kalte Margaritas und warme Gr\u00fc\u00dfe nach Hause. Good Night. \u00a0 Gefahrene Meilen \/ Kilometer: 85 \/ 137 \u00a0 Unterkunft: Ayres Hotel Chino Hills, Chino Hills, California 18\u20ac **** \u00a0 \u00a0<\/p>\n","protected":false},"author":1,"featured_media":0,"parent":0,"menu_order":0,"comment_status":"closed","ping_status":"closed","template":"","meta":{"footnotes":""},"class_list":["post-23886","page","type-page","status-publish","hentry"],"_links":{"self":[{"href":"https:\/\/welcome-ontour.de\/wordpress\/index.php\/wp-json\/wp\/v2\/pages\/23886","targetHints":{"allow":["GET"]}}],"collection":[{"href":"https:\/\/welcome-ontour.de\/wordpress\/index.php\/wp-json\/wp\/v2\/pages"}],"about":[{"href":"https:\/\/welcome-ontour.de\/wordpress\/index.php\/wp-json\/wp\/v2\/types\/page"}],"author":[{"embeddable":true,"href":"https:\/\/welcome-ontour.de\/wordpress\/index.php\/wp-json\/wp\/v2\/users\/1"}],"replies":[{"embeddable":true,"href":"https:\/\/welcome-ontour.de\/wordpress\/index.php\/wp-json\/wp\/v2\/comments?post=23886"}],"version-history":[{"count":10,"href":"https:\/\/welcome-ontour.de\/wordpress\/index.php\/wp-json\/wp\/v2\/pages\/23886\/revisions"}],"predecessor-version":[{"id":23938,"href":"https:\/\/welcome-ontour.de\/wordpress\/index.php\/wp-json\/wp\/v2\/pages\/23886\/revisions\/23938"}],"wp:attachment":[{"href":"https:\/\/welcome-ontour.de\/wordpress\/index.php\/wp-json\/wp\/v2\/media?parent=23886"}],"curies":[{"name":"wp","href":"https:\/\/api.w.org\/{rel}","templated":true}]}}