{"id":23840,"date":"2024-12-11T11:55:40","date_gmt":"2024-12-11T11:55:40","guid":{"rendered":"https:\/\/welcome-ontour.de\/wordpress\/?page_id=23840"},"modified":"2025-08-28T14:18:32","modified_gmt":"2025-08-28T14:18:32","slug":"2024-09-20-prolog","status":"publish","type":"page","link":"https:\/\/welcome-ontour.de\/wordpress\/index.php\/2024-09-20-prolog\/","title":{"rendered":"2024 09 20 prolog"},"content":{"rendered":"<p style=\"text-align: center;\"><span style=\"font-family: arial, helvetica, sans-serif; font-size: 8pt; color: #000000;\"><a style=\"color: #000000;\" href=\"https:\/\/welcome-ontour.de\/wordpress\/index.php\/2024-09-20-prolog\/\">Prolog<\/a>\u00a0 \u00a0 \u00a0<a style=\"color: #000000;\" href=\"https:\/\/welcome-ontour.de\/wordpress\/index.php\/2024-09-21\">Anreise<\/a>\u00a0 \u00a0 \u00a0<a style=\"color: #000000;\" href=\"https:\/\/welcome-ontour.de\/wordpress\/index.php\/2024-09-23\">Lone Pine<\/a>\u00a0 \u00a0 \u00a0<a style=\"color: #000000;\" href=\"https:\/\/welcome-ontour.de\/wordpress\/index.php\/2024-09-25\">Death Valley<\/a>\u00a0 \u00a0 \u00a0<a style=\"color: #000000;\" href=\"https:\/\/welcome-ontour.de\/wordpress\/index.php\/2024-09-26\">Las Vegas<\/a>\u00a0 \u00a0 \u00a0<a style=\"color: #000000;\" href=\"https:\/\/welcome-ontour.de\/wordpress\/index.php\/2024-09-27\">Kanab<\/a>\u00a0 \u00a0 \u00a0<a style=\"color: #000000;\" href=\"https:\/\/welcome-ontour.de\/wordpress\/index.php\/2024-09-28\">Escalante<\/a>\u00a0 \u00a0 \u00a0<a style=\"color: #000000;\" href=\"https:\/\/welcome-ontour.de\/wordpress\/index.php\/2024-09-30\">Moab<\/a>\u00a0 \u00a0 \u00a0<a style=\"color: #000000;\" href=\"https:\/\/welcome-ontour.de\/wordpress\/index.php\/2024-10-03\">Chinle<\/a><\/span><\/p>\n<p style=\"text-align: center;\"><span style=\"font-family: arial, helvetica, sans-serif; font-size: 8pt; color: #000000;\"><a style=\"color: #000000;\" href=\"https:\/\/welcome-ontour.de\/wordpress\/index.php\/2024-10-05\">Winslow<\/a>\u00a0 \u00a0 \u00a0<a style=\"color: #000000;\" href=\"https:\/\/welcome-ontour.de\/wordpress\/index.php\/2024-10-06\">Tonto<\/a>\u00a0 \u00a0 \u00a0<a style=\"color: #000000;\" href=\"https:\/\/welcome-ontour.de\/wordpress\/index.php\/2024-10-07\">Phoenix<\/a>\u00a0 \u00a0 \u00a0<a style=\"color: #000000;\" href=\"https:\/\/welcome-ontour.de\/wordpress\/index.php\/2024-10-09\">Organ Pipes<\/a>\u00a0 \u00a0 \u00a0<a style=\"color: #000000;\" href=\"https:\/\/welcome-ontour.de\/wordpress\/index.php\/2024-10-10\">San Diego<\/a>\u00a0 \u00a0 \u00a0<a style=\"color: #000000;\" href=\"https:\/\/welcome-ontour.de\/wordpress\/index.php\/2024-10-13\">LAX<\/a>\u00a0 \u00a0 \u00a0<a style=\"color: #000000;\" href=\"https:\/\/welcome-ontour.de\/wordpress\/index.php\/2024-10-14\">Abreise<\/a>\u00a0 \u00a0 \u00a0<a style=\"color: #000000;\" href=\"https:\/\/welcome-ontour.de\/wordpress\/index.php\/2024-10-16\">Fazit<\/a><\/span><\/p>\n<p>&nbsp;<\/p>\n<p style=\"text-align: center;\"><span style=\"font-family: arial, helvetica, sans-serif; font-size: 12pt; color: #000000;\"><a style=\"color: #000000;\" href=\"https:\/\/welcome-ontour.de\/wordpress\/index.php\/reiseberichte\/\"><img decoding=\"async\" class=\"alignleft wp-image-23857\" src=\"https:\/\/welcome-ontour.de\/wordpress\/wp-content\/uploads\/2024\/12\/2024-09-21-01.jpg\" alt=\"\" width=\"43\" height=\"40\" \/><\/a><\/span><span style=\"font-family: arial, helvetica, sans-serif; font-size: 12pt; color: #000000;\"><a style=\"color: #000000;\" href=\"https:\/\/welcome-ontour.de\/wordpress\/index.php\/2024-09-21\"><img decoding=\"async\" class=\"alignright wp-image-23858\" src=\"https:\/\/welcome-ontour.de\/wordpress\/wp-content\/uploads\/2024\/12\/2024-09-21-02.jpg\" alt=\"\" width=\"43\" height=\"40\" \/><\/a><\/span><\/p>\n<p>&nbsp;<\/p>\n<p style=\"text-align: center;\"><span style=\"font-size: 24pt; color: #000000;\"><strong><span style=\"font-family: arial, helvetica, sans-serif;\">Heat Waves<\/span><\/strong><\/span><\/p>\n<p>&nbsp;<\/p>\n<p style=\"text-align: center;\"><span style=\"font-size: 18pt; color: #000000;\"><strong><span style=\"font-family: arial, helvetica, sans-serif;\">Southwest 2024<\/span><\/strong><\/span><\/p>\n<p>&nbsp;<\/p>\n<p style=\"text-align: center;\"><span style=\"font-family: arial, helvetica, sans-serif; font-size: 12pt; color: #000000;\"><a style=\"color: #000000;\" href=\"https:\/\/welcome-ontour.de\/wordpress\/wp-content\/uploads\/2024\/12\/2024-09-21-03-1.jpg\" target=\"_blank\" rel=\"noopener\"><img decoding=\"async\" class=\"wp-image-23859 aligncenter\" title=\"Heat Waves\" src=\"https:\/\/welcome-ontour.de\/wordpress\/wp-content\/uploads\/2024\/12\/2024-09-21-03-1.jpg\" alt=\"\" width=\"810\" height=\"372\" srcset=\"https:\/\/welcome-ontour.de\/wordpress\/wp-content\/uploads\/2024\/12\/2024-09-21-03-1.jpg 1606w, https:\/\/welcome-ontour.de\/wordpress\/wp-content\/uploads\/2024\/12\/2024-09-21-03-1-300x138.jpg 300w, https:\/\/welcome-ontour.de\/wordpress\/wp-content\/uploads\/2024\/12\/2024-09-21-03-1-700x322.jpg 700w, https:\/\/welcome-ontour.de\/wordpress\/wp-content\/uploads\/2024\/12\/2024-09-21-03-1-768x353.jpg 768w, https:\/\/welcome-ontour.de\/wordpress\/wp-content\/uploads\/2024\/12\/2024-09-21-03-1-1536x706.jpg 1536w, https:\/\/welcome-ontour.de\/wordpress\/wp-content\/uploads\/2024\/12\/2024-09-21-03-1-1140x524.jpg 1140w\" sizes=\"(max-width: 810px) 100vw, 810px\" \/><\/a><\/span><\/p>\n<p>&nbsp;<\/p>\n<p style=\"text-align: center;\"><span style=\"color: #000000;\"><strong><span style=\"font-family: arial, helvetica, sans-serif; font-size: 14pt;\">Prolog<\/span><\/strong><\/span><\/p>\n<p style=\"text-align: center;\"><span style=\"font-family: arial, helvetica, sans-serif; font-size: 12pt; color: #000000;\">Heat Waves &#8211; Hitzewellen!<\/span><\/p>\n<p style=\"text-align: center;\"><span style=\"font-family: arial, helvetica, sans-serif; font-size: 12pt; color: #000000;\">Schon Martha and The Vandellas haben vor 60 Jahren dar\u00fcber gesungen.<\/span><\/p>\n<p style=\"text-align: center;\"><span style=\"font-family: arial, helvetica, sans-serif; font-size: 12pt; color: #000000;\">Wir k\u00f6nnten dieses Mal auch unser Lied dar\u00fcber singen, so hei\u00df haben wir unser Lieblingsreiseziel noch nie erlebt.<\/span><\/p>\n<p style=\"text-align: center;\"><span style=\"font-family: arial, helvetica, sans-serif; font-size: 12pt; color: #000000;\">Aber von vorn:<\/span><\/p>\n<p style=\"text-align: center;\"><span style=\"font-family: arial, helvetica, sans-serif; font-size: 12pt; color: #000000;\">Wie immer f\u00e4ngt solch eine Reise fast ein Jahr vorher an.<\/span><\/p>\n<p style=\"text-align: center;\"><span style=\"font-family: arial, helvetica, sans-serif; font-size: 12pt; color: #000000;\">Im November 2023 machen wir uns Gedanken \u00fcber unsere Urlaubsplanung f\u00fcr das kommende Jahr.<\/span><\/p>\n<p style=\"text-align: center;\"><span style=\"font-family: arial, helvetica, sans-serif; font-size: 12pt; color: #000000;\">Die gerade vergangene Tour im S\u00fcdwesten der USA war so angenehm entspannt, <\/span><\/p>\n<p style=\"text-align: center;\"><span style=\"font-family: arial, helvetica, sans-serif; font-size: 12pt; color: #000000;\">dass wir uns wieder f\u00fcr diese Gegend entscheiden.<\/span><\/p>\n<p>&nbsp;<\/p>\n<p style=\"text-align: center;\"><span style=\"font-family: arial, helvetica, sans-serif; font-size: 12pt; color: #000000;\"><img decoding=\"async\" class=\"wp-image-23860 aligncenter\" src=\"https:\/\/welcome-ontour.de\/wordpress\/wp-content\/uploads\/2024\/12\/2024-09-21-04-700x467.jpg\" alt=\"\" width=\"600\" height=\"400\" srcset=\"https:\/\/welcome-ontour.de\/wordpress\/wp-content\/uploads\/2024\/12\/2024-09-21-04-700x467.jpg 700w, https:\/\/welcome-ontour.de\/wordpress\/wp-content\/uploads\/2024\/12\/2024-09-21-04-300x200.jpg 300w, https:\/\/welcome-ontour.de\/wordpress\/wp-content\/uploads\/2024\/12\/2024-09-21-04-768x512.jpg 768w, https:\/\/welcome-ontour.de\/wordpress\/wp-content\/uploads\/2024\/12\/2024-09-21-04-1536x1024.jpg 1536w, https:\/\/welcome-ontour.de\/wordpress\/wp-content\/uploads\/2024\/12\/2024-09-21-04-1140x760.jpg 1140w, https:\/\/welcome-ontour.de\/wordpress\/wp-content\/uploads\/2024\/12\/2024-09-21-04.jpg 1600w\" sizes=\"(max-width: 600px) 100vw, 600px\" \/><\/span><\/p>\n<p>&nbsp;<\/p>\n<p style=\"text-align: center;\"><span style=\"font-family: arial, helvetica, sans-serif; font-size: 12pt; color: #000000;\">KLM hat auch dieses Mal g\u00fcnstige Fl\u00fcge in der Premium Comfort Kabine im Angebot.<\/span><\/p>\n<p style=\"text-align: center;\"><span style=\"font-family: arial, helvetica, sans-serif; font-size: 12pt; color: #000000;\">Also \u00fcberlegen wir nicht lange und buchen Fl\u00fcge nach Los Angeles, im S\u00fcden Kaliforniens.<\/span><\/p>\n<p style=\"text-align: center;\"><span style=\"font-family: arial, helvetica, sans-serif; font-size: 12pt; color: #000000;\">Nach und nach w\u00e4chst ein Roadtrip heran.<\/span><\/p>\n<p style=\"text-align: center;\"><span style=\"font-family: arial, helvetica, sans-serif; font-size: 12pt; color: #000000;\">Durchs Gebirge der Sierra Nevada, das Death Valley, die Canyons in Utah und die W\u00fcste Arizonas<\/span><\/p>\n<p style=\"text-align: center;\"><span style=\"font-family: arial, helvetica, sans-serif; font-size: 12pt; color: #000000;\"> werden wir dieses Mal unterwegs sein.<\/span><\/p>\n<p>&nbsp;<\/p>\n<p style=\"text-align: center;\"><span style=\"font-family: arial, helvetica, sans-serif; font-size: 12pt; color: #000000;\"><img decoding=\"async\" class=\"size-full wp-image-23861 aligncenter\" src=\"https:\/\/welcome-ontour.de\/wordpress\/wp-content\/uploads\/2024\/12\/2024-09-21-05.jpg\" alt=\"\" width=\"810\" height=\"271\" srcset=\"https:\/\/welcome-ontour.de\/wordpress\/wp-content\/uploads\/2024\/12\/2024-09-21-05.jpg 810w, https:\/\/welcome-ontour.de\/wordpress\/wp-content\/uploads\/2024\/12\/2024-09-21-05-300x100.jpg 300w, https:\/\/welcome-ontour.de\/wordpress\/wp-content\/uploads\/2024\/12\/2024-09-21-05-700x234.jpg 700w, https:\/\/welcome-ontour.de\/wordpress\/wp-content\/uploads\/2024\/12\/2024-09-21-05-768x257.jpg 768w\" sizes=\"(max-width: 810px) 100vw, 810px\" \/><\/span><\/p>\n<p>&nbsp;<\/p>\n<p style=\"text-align: center;\"><span style=\"font-family: arial, helvetica, sans-serif; font-size: 12pt; color: #000000;\">Sicherheitshalber buchen wir kurz nach den Fl\u00fcgen einen Mietwagen.<\/span><\/p>\n<p style=\"text-align: center;\"><span style=\"font-family: arial, helvetica, sans-serif; font-size: 12pt; color: #000000;\">Der Preis daf\u00fcr ist unverh\u00e4ltnism\u00e4\u00dfig hoch, <\/span><\/p>\n<p style=\"text-align: center;\"><span style=\"font-family: arial, helvetica, sans-serif; font-size: 12pt; color: #000000;\">wird sich aber im Laufe der n\u00e4chsten Monate geh\u00f6rig nach unten korrigieren lassen.<\/span><\/p>\n<p style=\"text-align: center;\"><span style=\"font-family: arial, helvetica, sans-serif; font-size: 12pt; color: #000000;\">Etwa zwei Monate vor Reisebeginn steht der Routenverlauf fest, alle Hotels sind gebucht und ESTA erledigt.<\/span><\/p>\n<p style=\"text-align: center;\"><span style=\"font-family: arial, helvetica, sans-serif; font-size: 12pt; color: #000000;\">Wir genie\u00dfen den deutschen Sommer und freuen uns auf den Urlaubsstart im September.<\/span><\/p>\n<p style=\"text-align: center;\"><span style=\"font-family: arial, helvetica, sans-serif; font-size: 12pt; color: #000000;\">Drei Tage vor Abflug erreicht uns ein Mail von KLM.<\/span><\/p>\n<p style=\"text-align: center;\"><span style=\"font-family: arial, helvetica, sans-serif; font-size: 12pt; color: #000000;\">Unser Langstreckenflug von Amsterdam nach LA ist storniert.<\/span><\/p>\n<p style=\"text-align: center;\"><span style=\"font-family: arial, helvetica, sans-serif; font-size: 12pt; color: #000000;\">Wir haben die M\u00f6glichkeit, von allen Fl\u00fcgen zur\u00fcckzutreten und den kompletten Flugpreis erstattet zu bekommen.<\/span><\/p>\n<p style=\"text-align: center;\"><span style=\"font-family: arial, helvetica, sans-serif; font-size: 12pt; color: #000000;\">Falls wir das nicht w\u00fcnschen, sollen wir uns mit dem Kundenservice in Verbindung setzen.<\/span><\/p>\n<p style=\"text-align: center;\"><span style=\"font-family: arial, helvetica, sans-serif; font-size: 12pt; color: #000000;\">Etwa drei Stunden sp\u00e4ter ist die Umbuchung des Hinfluges erledigt.<\/span><\/p>\n<p style=\"text-align: center;\"><span style=\"font-family: arial, helvetica, sans-serif; font-size: 12pt; color: #000000;\">Wir werden jetzt mit Air France \u00fcber Paris nach LA fliegen.<\/span><\/p>\n<p style=\"text-align: center;\"><span style=\"font-family: arial, helvetica, sans-serif; font-size: 12pt; color: #000000;\">Die letzten verf\u00fcgbaren Premium Comfort Sitze im von Air France eingesetzten Airbus A350 geh\u00f6ren uns.<\/span><\/p>\n<p style=\"text-align: center;\"><span style=\"font-family: arial, helvetica, sans-serif; font-size: 12pt; color: #000000;\">Allerdings fliegen wir jetzt am Samstag statt wie geplant sonntags <\/span><\/p>\n<p style=\"text-align: center;\"><span style=\"font-family: arial, helvetica, sans-serif; font-size: 12pt; color: #000000;\">und werden dadurch einen Tag fr\u00fcher in Kaliforniens Metropole sein.<\/span><\/p>\n<p style=\"text-align: center;\"><span style=\"font-family: arial, helvetica, sans-serif; font-size: 12pt; color: #000000;\">An der Mietwagen-Buchung brauchen wir gl\u00fccklicherweise nichts \u00e4ndern.<\/span><\/p>\n<p style=\"text-align: center;\"><span style=\"font-family: arial, helvetica, sans-serif; font-size: 12pt; color: #000000;\">Nach der sp\u00e4ten Landung werden wir in einem Airport-Hotel schlafen <\/span><\/p>\n<p style=\"text-align: center;\"><span style=\"font-family: arial, helvetica, sans-serif; font-size: 12pt; color: #000000;\">und am n\u00e4chsten Tag das Auto mittags bei Alamo \u00fcbernehmen.<\/span><\/p>\n<p style=\"text-align: center;\"><span style=\"font-family: arial, helvetica, sans-serif; font-size: 12pt; color: #000000;\">Werden wieder ausschlie\u00dflich mit Handgep\u00e4ck unterwegs sein.<\/span><\/p>\n<p style=\"text-align: center;\"><span style=\"font-family: arial, helvetica, sans-serif; font-size: 12pt; color: #000000;\">Von daher ist das Packen am Vorabend schnell erledigt.<\/span><\/p>\n<p>&nbsp;<\/p>\n<p style=\"text-align: center;\"><span style=\"font-family: arial, helvetica, sans-serif; font-size: 12pt; color: #000000;\"><img decoding=\"async\" class=\"size-full wp-image-23862 aligncenter\" src=\"https:\/\/welcome-ontour.de\/wordpress\/wp-content\/uploads\/2024\/12\/2024-09-21-06.jpg\" alt=\"\" width=\"804\" height=\"75\" srcset=\"https:\/\/welcome-ontour.de\/wordpress\/wp-content\/uploads\/2024\/12\/2024-09-21-06.jpg 804w, https:\/\/welcome-ontour.de\/wordpress\/wp-content\/uploads\/2024\/12\/2024-09-21-06-300x28.jpg 300w, https:\/\/welcome-ontour.de\/wordpress\/wp-content\/uploads\/2024\/12\/2024-09-21-06-700x65.jpg 700w, https:\/\/welcome-ontour.de\/wordpress\/wp-content\/uploads\/2024\/12\/2024-09-21-06-768x72.jpg 768w\" sizes=\"(max-width: 804px) 100vw, 804px\" \/><\/span><\/p>\n<p style=\"text-align: center;\"><span style=\"font-family: arial, helvetica, sans-serif; font-size: 12pt; color: #000000;\"><a style=\"color: #000000;\" href=\"https:\/\/welcome-ontour.de\/wordpress\/index.php\/reiseberichte\/\"><img decoding=\"async\" class=\"alignleft wp-image-23857\" src=\"https:\/\/welcome-ontour.de\/wordpress\/wp-content\/uploads\/2024\/12\/2024-09-21-01.jpg\" alt=\"\" width=\"43\" height=\"40\" \/><\/a><a style=\"color: #000000;\" href=\"https:\/\/welcome-ontour.de\/wordpress\/index.php\/2024-09-21\"><img decoding=\"async\" class=\"alignright wp-image-23858\" src=\"https:\/\/welcome-ontour.de\/wordpress\/wp-content\/uploads\/2024\/12\/2024-09-21-02.jpg\" alt=\"\" width=\"43\" height=\"40\" \/><\/a><\/span><\/p>\n<p style=\"text-align: center;\">\u00a0<\/p>\n","protected":false},"excerpt":{"rendered":"<p>Prolog\u00a0 \u00a0 \u00a0Anreise\u00a0 \u00a0 \u00a0Lone Pine\u00a0 \u00a0 \u00a0Death Valley\u00a0 \u00a0 \u00a0Las Vegas\u00a0 \u00a0 \u00a0Kanab\u00a0 \u00a0 \u00a0Escalante\u00a0 \u00a0 \u00a0Moab\u00a0 \u00a0 \u00a0Chinle Winslow\u00a0 \u00a0 \u00a0Tonto\u00a0 \u00a0 \u00a0Phoenix\u00a0 \u00a0 \u00a0Organ Pipes\u00a0 \u00a0 \u00a0San Diego\u00a0 \u00a0 \u00a0LAX\u00a0 \u00a0 \u00a0Abreise\u00a0 \u00a0 \u00a0Fazit &nbsp; &nbsp; Heat Waves &nbsp; Southwest 2024 &nbsp; &nbsp; Prolog Heat Waves &#8211; Hitzewellen! Schon Martha and The Vandellas haben vor 60 Jahren dar\u00fcber gesungen. Wir k\u00f6nnten dieses Mal auch unser Lied dar\u00fcber singen, so hei\u00df haben wir unser Lieblingsreiseziel noch nie erlebt. Aber von vorn: Wie immer f\u00e4ngt solch eine Reise fast ein Jahr vorher an. Im November 2023 machen wir uns Gedanken \u00fcber unsere Urlaubsplanung f\u00fcr das kommende Jahr. Die gerade vergangene Tour im S\u00fcdwesten der USA war so angenehm entspannt, dass wir uns wieder f\u00fcr diese Gegend entscheiden. &nbsp; &nbsp; KLM hat auch dieses Mal g\u00fcnstige Fl\u00fcge in der Premium Comfort Kabine im Angebot. Also \u00fcberlegen wir nicht lange und buchen Fl\u00fcge nach Los Angeles, im S\u00fcden Kaliforniens. Nach und nach w\u00e4chst ein Roadtrip heran. Durchs Gebirge der Sierra Nevada, das Death Valley, die Canyons in Utah und die W\u00fcste Arizonas werden wir dieses Mal unterwegs sein. &nbsp; &nbsp; Sicherheitshalber buchen wir kurz nach den Fl\u00fcgen einen Mietwagen. Der Preis daf\u00fcr ist unverh\u00e4ltnism\u00e4\u00dfig hoch, wird sich aber im Laufe der n\u00e4chsten Monate geh\u00f6rig nach unten korrigieren lassen. Etwa zwei Monate vor Reisebeginn steht der Routenverlauf fest, alle Hotels sind gebucht und ESTA erledigt. Wir genie\u00dfen den deutschen Sommer und freuen uns auf den Urlaubsstart im September. Drei Tage vor Abflug erreicht uns ein Mail von KLM. Unser Langstreckenflug von Amsterdam nach LA ist storniert. Wir haben die M\u00f6glichkeit, von allen Fl\u00fcgen zur\u00fcckzutreten und den kompletten Flugpreis erstattet zu bekommen. Falls wir das nicht w\u00fcnschen, sollen wir uns mit dem Kundenservice in Verbindung setzen. Etwa drei Stunden sp\u00e4ter ist die Umbuchung des Hinfluges erledigt. Wir werden jetzt mit Air France \u00fcber Paris nach LA fliegen. Die letzten verf\u00fcgbaren Premium Comfort Sitze im von Air France eingesetzten Airbus A350 geh\u00f6ren uns. Allerdings fliegen wir jetzt am Samstag statt wie geplant sonntags und werden dadurch einen Tag fr\u00fcher in Kaliforniens Metropole sein. An der Mietwagen-Buchung brauchen wir gl\u00fccklicherweise nichts \u00e4ndern. Nach der sp\u00e4ten Landung werden wir in einem Airport-Hotel schlafen und am n\u00e4chsten Tag das Auto mittags bei Alamo \u00fcbernehmen. Werden wieder ausschlie\u00dflich mit Handgep\u00e4ck unterwegs sein. Von daher ist das Packen am Vorabend schnell erledigt. &nbsp; \u00a0<\/p>\n","protected":false},"author":1,"featured_media":0,"parent":0,"menu_order":0,"comment_status":"closed","ping_status":"closed","template":"","meta":{"footnotes":""},"class_list":["post-23840","page","type-page","status-publish","hentry"],"_links":{"self":[{"href":"https:\/\/welcome-ontour.de\/wordpress\/index.php\/wp-json\/wp\/v2\/pages\/23840","targetHints":{"allow":["GET"]}}],"collection":[{"href":"https:\/\/welcome-ontour.de\/wordpress\/index.php\/wp-json\/wp\/v2\/pages"}],"about":[{"href":"https:\/\/welcome-ontour.de\/wordpress\/index.php\/wp-json\/wp\/v2\/types\/page"}],"author":[{"embeddable":true,"href":"https:\/\/welcome-ontour.de\/wordpress\/index.php\/wp-json\/wp\/v2\/users\/1"}],"replies":[{"embeddable":true,"href":"https:\/\/welcome-ontour.de\/wordpress\/index.php\/wp-json\/wp\/v2\/comments?post=23840"}],"version-history":[{"count":18,"href":"https:\/\/welcome-ontour.de\/wordpress\/index.php\/wp-json\/wp\/v2\/pages\/23840\/revisions"}],"predecessor-version":[{"id":23879,"href":"https:\/\/welcome-ontour.de\/wordpress\/index.php\/wp-json\/wp\/v2\/pages\/23840\/revisions\/23879"}],"wp:attachment":[{"href":"https:\/\/welcome-ontour.de\/wordpress\/index.php\/wp-json\/wp\/v2\/media?parent=23840"}],"curies":[{"name":"wp","href":"https:\/\/api.w.org\/{rel}","templated":true}]}}