{"id":23289,"date":"2024-08-27T08:09:10","date_gmt":"2024-08-27T08:09:10","guid":{"rendered":"https:\/\/welcome-ontour.de\/wordpress\/?page_id=23289"},"modified":"2025-08-29T17:40:45","modified_gmt":"2025-08-29T17:40:45","slug":"2024-07-05","status":"publish","type":"page","link":"https:\/\/welcome-ontour.de\/wordpress\/index.php\/2024-07-05\/","title":{"rendered":"2024 07 05"},"content":{"rendered":"<p style=\"text-align: center;\"><span style=\"font-family: arial, helvetica, sans-serif; font-size: 8pt; color: #000000;\"><a style=\"color: #000000;\" href=\"https:\/\/welcome-ontour.de\/wordpress\/index.php\/2024-06-22-prolog\/\">Prolog<\/a>\u00a0 \u00a0 \u00a0 \u00a0<a style=\"color: #000000;\" href=\"https:\/\/welcome-ontour.de\/wordpress\/index.php\/2024-06-23\">Anreise<\/a>\u00a0 \u00a0 \u00a0 \u00a0<a style=\"color: #000000;\" href=\"https:\/\/welcome-ontour.de\/wordpress\/index.php\/2024-06-24\">Cala Comte \/ Cala Carbo<\/a>\u00a0 \u00a0 \u00a0 \u00a0<a style=\"color: #000000;\" href=\"https:\/\/welcome-ontour.de\/wordpress\/index.php\/2024-06-25\">Cala d&#8217;Hort \/Sa Taiassa<\/a>\u00a0 \u00a0 \u00a0 \u00a0<a style=\"color: #000000;\" href=\"https:\/\/welcome-ontour.de\/wordpress\/index.php\/2024-06-26\">Cala Moli<\/a>\u00a0 \u00a0 \u00a0 \u00a0<a style=\"color: #000000;\" href=\"https:\/\/welcome-ontour.de\/wordpress\/index.php\/2024-06-27\">Cala Mastella \/ Santa Gertrudis<\/a>\u00a0 \u00a0 \u00a0 \u00a0<a style=\"color: #000000;\" href=\"https:\/\/welcome-ontour.de\/wordpress\/index.php\/2024-06-28\">Cala Carbo<\/a><\/span><\/p>\n<p style=\"text-align: center;\"><span style=\"font-family: arial, helvetica, sans-serif; font-size: 8pt; color: #000000;\"><a style=\"color: #000000;\" href=\"https:\/\/welcome-ontour.de\/wordpress\/index.php\/2024-06-29\">Cala Xarraca \/ Santa Agnes<\/a>\u00a0 \u00a0 \u00a0 \u00a0<a style=\"color: #000000;\" href=\"https:\/\/welcome-ontour.de\/wordpress\/index.php\/2024-06-30\">Cala Bassa<\/a>\u00a0 \u00a0 \u00a0 \u00a0<a style=\"color: #000000;\" href=\"https:\/\/welcome-ontour.de\/wordpress\/index.php\/2024-07-01\">Ibiza<\/a>\u00a0 \u00a0 \u00a0 \u00a0<a style=\"color: #000000;\" href=\"https:\/\/welcome-ontour.de\/wordpress\/index.php\/2024-07-02\">Formentera<\/a>\u00a0 \u00a0 \u00a0 \u00a0<a style=\"color: #000000;\" href=\"https:\/\/welcome-ontour.de\/wordpress\/index.php\/2024-07-03\">Cala Comte \/ Cala Tarida<\/a>\u00a0 \u00a0 \u00a0 \u00a0<a style=\"color: #000000;\" href=\"https:\/\/welcome-ontour.de\/wordpress\/index.php\/2024-07-04\">Cala Tarida<\/a>\u00a0 \u00a0 \u00a0 \u00a0<a style=\"color: #000000;\" href=\"https:\/\/welcome-ontour.de\/wordpress\/index.php\/2024-07-05\">Abreise<\/a>\u00a0 \u00a0 \u00a0 \u00a0<a style=\"color: #000000;\" href=\"https:\/\/welcome-ontour.de\/wordpress\/index.php\/2024-07-06-fazit\">Fazit<\/a><\/span><\/p>\n<p style=\"text-align: center;\"><span style=\"font-family: arial, helvetica, sans-serif; font-size: 12pt; color: #000000;\"><a style=\"color: #000000;\" href=\"https:\/\/welcome-ontour.de\/wordpress\/index.php\/2024-07-04\"><img decoding=\"async\" class=\"alignleft wp-image-23243\" title=\"Zur\u00fcck\" src=\"https:\/\/welcome-ontour.de\/wordpress\/wp-content\/uploads\/2024\/08\/2024-06-22-01.jpg\" alt=\"\" width=\"38\" height=\"50\" \/><\/a>\u00a0 <a style=\"color: #000000;\" href=\"https:\/\/welcome-ontour.de\/wordpress\/index.php\/2024-07-06\"><img decoding=\"async\" class=\"alignright wp-image-23244\" title=\"Vor\" src=\"https:\/\/welcome-ontour.de\/wordpress\/wp-content\/uploads\/2024\/08\/2024-06-22-02.jpg\" alt=\"\" width=\"38\" height=\"50\" \/><\/a><\/span><\/p>\n<p style=\"text-align: center;\"><span style=\"color: #000000;\"><strong><span style=\"font-family: arial, helvetica, sans-serif; font-size: 14pt;\">Fr 5.7.<\/span><\/strong><\/span><\/p>\n<p style=\"text-align: center;\">\u00a0<\/p>\n<p style=\"text-align: center;\"><span style=\"color: #000000;\"><strong><span style=\"font-family: arial, helvetica, sans-serif; font-size: 14pt;\">Abreise<\/span><\/strong><\/span><\/p>\n<p style=\"text-align: center;\">\u00a0<\/p>\n<p style=\"text-align: center;\"><span style=\"font-family: arial, helvetica, sans-serif; font-size: 12pt; color: #000000;\">6:00 aufstehen und Klamotten in die Trolleys.<\/span><\/p>\n<p style=\"text-align: center;\"><span style=\"font-family: arial, helvetica, sans-serif; font-size: 12pt; color: #000000;\">F\u00fcr 6:30 hat man uns ein kleines Fr\u00fchst\u00fcck bereitgestellt.<\/span><\/p>\n<p style=\"text-align: center;\"><span style=\"font-family: arial, helvetica, sans-serif; font-size: 12pt; color: #000000;\">7:00 checken wir aus und fahren zum Flughafen.<\/span><\/p>\n<p style=\"text-align: center;\">\u00a0<\/p>\n<p style=\"text-align: center;\"><span style=\"font-family: arial, helvetica, sans-serif; font-size: 12pt; color: #000000;\"><img decoding=\"async\" class=\"aligncenter wp-image-26168\" src=\"https:\/\/welcome-ontour.de\/wordpress\/wp-content\/uploads\/2025\/08\/2024-07-05-01-03.jpg\" alt=\"\" width=\"810\" height=\"232\" srcset=\"https:\/\/welcome-ontour.de\/wordpress\/wp-content\/uploads\/2025\/08\/2024-07-05-01-03.jpg 812w, https:\/\/welcome-ontour.de\/wordpress\/wp-content\/uploads\/2025\/08\/2024-07-05-01-03-300x86.jpg 300w, https:\/\/welcome-ontour.de\/wordpress\/wp-content\/uploads\/2025\/08\/2024-07-05-01-03-700x201.jpg 700w, https:\/\/welcome-ontour.de\/wordpress\/wp-content\/uploads\/2025\/08\/2024-07-05-01-03-768x220.jpg 768w\" sizes=\"(max-width: 810px) 100vw, 810px\" \/><\/span><\/p>\n<p style=\"text-align: center;\"><span style=\"font-family: arial, helvetica, sans-serif; font-size: 12pt; color: #000000;\"><img decoding=\"async\" class=\"aligncenter wp-image-26169 size-full\" src=\"https:\/\/welcome-ontour.de\/wordpress\/wp-content\/uploads\/2025\/08\/2024-07-05-04-05.jpg\" alt=\"\" width=\"810\" height=\"279\" srcset=\"https:\/\/welcome-ontour.de\/wordpress\/wp-content\/uploads\/2025\/08\/2024-07-05-04-05.jpg 810w, https:\/\/welcome-ontour.de\/wordpress\/wp-content\/uploads\/2025\/08\/2024-07-05-04-05-300x103.jpg 300w, https:\/\/welcome-ontour.de\/wordpress\/wp-content\/uploads\/2025\/08\/2024-07-05-04-05-700x241.jpg 700w, https:\/\/welcome-ontour.de\/wordpress\/wp-content\/uploads\/2025\/08\/2024-07-05-04-05-768x265.jpg 768w\" sizes=\"(max-width: 810px) 100vw, 810px\" \/><\/span><\/p>\n<p style=\"text-align: center;\">\u00a0<\/p>\n<p style=\"text-align: center;\"><span style=\"font-family: arial, helvetica, sans-serif; font-size: 12pt; color: #000000;\">Eine halbe Stunde sp\u00e4ter haben wir das Auto abgegeben und gehen durch die fast leeren Sicherheitskontrollen.<\/span><\/p>\n<p style=\"text-align: center;\"><span style=\"font-family: arial, helvetica, sans-serif; font-size: 12pt; color: #000000;\">Imbi\u00df, Cafe, Hippy Store und ab zum Abfluggate.<\/span><\/p>\n<p style=\"text-align: center;\"><span style=\"font-family: arial, helvetica, sans-serif; font-size: 12pt; color: #000000;\">Zehn vor neun beginnt das Boarding.<\/span><\/p>\n<p style=\"text-align: center;\">\u00a0<\/p>\n<p style=\"text-align: center;\"><span style=\"font-family: arial, helvetica, sans-serif; font-size: 12pt; color: #000000;\"><img decoding=\"async\" class=\"aligncenter wp-image-26170 size-full\" src=\"https:\/\/welcome-ontour.de\/wordpress\/wp-content\/uploads\/2025\/08\/2024-07-05-06-07.jpg\" alt=\"\" width=\"810\" height=\"384\" srcset=\"https:\/\/welcome-ontour.de\/wordpress\/wp-content\/uploads\/2025\/08\/2024-07-05-06-07.jpg 810w, https:\/\/welcome-ontour.de\/wordpress\/wp-content\/uploads\/2025\/08\/2024-07-05-06-07-300x142.jpg 300w, https:\/\/welcome-ontour.de\/wordpress\/wp-content\/uploads\/2025\/08\/2024-07-05-06-07-700x332.jpg 700w, https:\/\/welcome-ontour.de\/wordpress\/wp-content\/uploads\/2025\/08\/2024-07-05-06-07-768x364.jpg 768w\" sizes=\"(max-width: 810px) 100vw, 810px\" \/><\/span><\/p>\n<p style=\"text-align: center;\">\u00a0<\/p>\n<p style=\"text-align: center;\"><span style=\"font-family: arial, helvetica, sans-serif; font-size: 12pt; color: #000000;\">Wir sitzen wieder in der ersten Reihe und d\u00fcrfen als erste in den Eurowings Airbus.<\/span><\/p>\n<p style=\"text-align: center;\"><span style=\"font-family: arial, helvetica, sans-serif; font-size: 12pt; color: #000000;\">Der Platz zwischen uns bleibt heute nicht leer, was aber auch kein wirkliches Problem ist.<\/span><\/p>\n<p style=\"text-align: center;\"><span style=\"font-family: arial, helvetica, sans-serif; font-size: 12pt; color: #000000;\">Halb zehn hebt die volle A321 CEO ab, fast p\u00fcnktlich.<\/span><\/p>\n<p style=\"text-align: center;\">\u00a0<\/p>\n<p style=\"text-align: center;\"><span style=\"font-family: arial, helvetica, sans-serif; font-size: 12pt; color: #000000;\"><img decoding=\"async\" class=\"aligncenter wp-image-23573 size-full\" src=\"https:\/\/welcome-ontour.de\/wordpress\/wp-content\/uploads\/2024\/09\/2024-07-05-08.jpg\" alt=\"\" width=\"810\" height=\"408\" srcset=\"https:\/\/welcome-ontour.de\/wordpress\/wp-content\/uploads\/2024\/09\/2024-07-05-08.jpg 810w, https:\/\/welcome-ontour.de\/wordpress\/wp-content\/uploads\/2024\/09\/2024-07-05-08-300x151.jpg 300w, https:\/\/welcome-ontour.de\/wordpress\/wp-content\/uploads\/2024\/09\/2024-07-05-08-700x353.jpg 700w, https:\/\/welcome-ontour.de\/wordpress\/wp-content\/uploads\/2024\/09\/2024-07-05-08-768x387.jpg 768w\" sizes=\"(max-width: 810px) 100vw, 810px\" \/><\/span><\/p>\n<p style=\"text-align: center;\">\u00a0<\/p>\n<p style=\"text-align: center;\"><span style=\"font-family: arial, helvetica, sans-serif; font-size: 12pt; color: #000000;\">Die Flugzeit soll etwa 2,5 Stunden betragen.<\/span><\/p>\n<p style=\"text-align: center;\">\u00a0<\/p>\n<p style=\"text-align: center;\"><span style=\"font-family: arial, helvetica, sans-serif; font-size: 12pt; color: #000000;\"><img decoding=\"async\" class=\"size-full wp-image-23574 aligncenter\" src=\"https:\/\/welcome-ontour.de\/wordpress\/wp-content\/uploads\/2024\/09\/2024-07-05-09.jpg\" alt=\"\" width=\"810\" height=\"408\" srcset=\"https:\/\/welcome-ontour.de\/wordpress\/wp-content\/uploads\/2024\/09\/2024-07-05-09.jpg 810w, https:\/\/welcome-ontour.de\/wordpress\/wp-content\/uploads\/2024\/09\/2024-07-05-09-300x151.jpg 300w, https:\/\/welcome-ontour.de\/wordpress\/wp-content\/uploads\/2024\/09\/2024-07-05-09-700x353.jpg 700w, https:\/\/welcome-ontour.de\/wordpress\/wp-content\/uploads\/2024\/09\/2024-07-05-09-768x387.jpg 768w\" sizes=\"(max-width: 810px) 100vw, 810px\" \/><\/span><\/p>\n<p style=\"text-align: center;\">\u00a0<\/p>\n<p style=\"text-align: center;\"><span style=\"font-family: arial, helvetica, sans-serif; font-size: 12pt; color: #000000;\">Wir fliegen auf einer recht au\u00dfergew\u00f6hnlichen Route \u00fcber die Pyren\u00e4en, Paris und Frankfurt.<\/span><\/p>\n<p style=\"text-align: center;\">\u00a0<\/p>\n<p style=\"text-align: center;\"><span style=\"font-family: arial, helvetica, sans-serif; font-size: 12pt; color: #000000;\"><img decoding=\"async\" class=\"wp-image-23575 aligncenter\" src=\"https:\/\/welcome-ontour.de\/wordpress\/wp-content\/uploads\/2024\/09\/2024-07-05-10.jpg\" alt=\"\" width=\"333\" height=\"480\" srcset=\"https:\/\/welcome-ontour.de\/wordpress\/wp-content\/uploads\/2024\/09\/2024-07-05-10.jpg 562w, https:\/\/welcome-ontour.de\/wordpress\/wp-content\/uploads\/2024\/09\/2024-07-05-10-208x300.jpg 208w\" sizes=\"(max-width: 333px) 100vw, 333px\" \/><\/span><\/p>\n<p style=\"text-align: center;\">\u00a0<\/p>\n<p style=\"text-align: center;\"><span style=\"font-family: arial, helvetica, sans-serif; font-size: 12pt; color: #000000;\">Um zw\u00f6lf landen wir am BER Airport.<\/span><\/p>\n<p style=\"text-align: center;\">\u00a0<\/p>\n<p style=\"text-align: center;\"><span style=\"font-family: arial, helvetica, sans-serif; font-size: 12pt; color: #000000;\"><img decoding=\"async\" class=\"wp-image-23576 size-large aligncenter\" src=\"https:\/\/welcome-ontour.de\/wordpress\/wp-content\/uploads\/2024\/09\/2024-07-05-11-700x353.jpg\" alt=\"\" width=\"700\" height=\"353\" srcset=\"https:\/\/welcome-ontour.de\/wordpress\/wp-content\/uploads\/2024\/09\/2024-07-05-11-700x353.jpg 700w, https:\/\/welcome-ontour.de\/wordpress\/wp-content\/uploads\/2024\/09\/2024-07-05-11-300x151.jpg 300w, https:\/\/welcome-ontour.de\/wordpress\/wp-content\/uploads\/2024\/09\/2024-07-05-11-768x387.jpg 768w, https:\/\/welcome-ontour.de\/wordpress\/wp-content\/uploads\/2024\/09\/2024-07-05-11.jpg 810w\" sizes=\"(max-width: 700px) 100vw, 700px\" \/><\/span><\/p>\n<p style=\"text-align: center;\">\u00a0<\/p>\n<p style=\"text-align: center;\"><span style=\"font-family: arial, helvetica, sans-serif; font-size: 12pt; color: #000000;\">Von Mc Parking brauchen wir eine gem\u00fctliche Stunde nach Hause, wo wir halb zwei eintrudeln.<\/span><\/p>\n<p style=\"text-align: center;\"><span style=\"font-family: arial, helvetica, sans-serif; font-size: 12pt; color: #000000;\">Braun gebrannt und gut erholt.<\/span><\/p>\n<p style=\"text-align: center;\">\u00a0<\/p>\n<p style=\"text-align: center;\"><span style=\"font-family: arial, helvetica, sans-serif; font-size: 12pt; color: #000000;\">Gefahrene Kilometer: 18<\/span><\/p>\n<p>&nbsp;<\/p>\n<p style=\"text-align: center;\"><span style=\"font-family: arial, helvetica, sans-serif; font-size: 12pt; color: #000000;\"><img decoding=\"async\" class=\"wp-image-23247 aligncenter\" src=\"https:\/\/welcome-ontour.de\/wordpress\/wp-content\/uploads\/2024\/08\/2024-06-22-05.jpg\" alt=\"\" width=\"150\" height=\"146\" \/><\/span><\/p>\n<p style=\"text-align: center;\"><span style=\"font-family: arial, helvetica, sans-serif; font-size: 12pt; color: #000000;\"><a style=\"color: #000000;\" href=\"https:\/\/welcome-ontour.de\/wordpress\/index.php\/2024-07-04\"><img decoding=\"async\" class=\"alignleft wp-image-23243\" title=\"Zur\u00fcck\" src=\"https:\/\/welcome-ontour.de\/wordpress\/wp-content\/uploads\/2024\/08\/2024-06-22-01.jpg\" alt=\"\" width=\"38\" height=\"50\" \/><\/a>\u00a0 <a style=\"color: #000000;\" href=\"https:\/\/welcome-ontour.de\/wordpress\/index.php\/2024-07-06\"><img decoding=\"async\" class=\"alignright wp-image-23244\" title=\"Vor\" src=\"https:\/\/welcome-ontour.de\/wordpress\/wp-content\/uploads\/2024\/08\/2024-06-22-02.jpg\" alt=\"\" width=\"38\" height=\"50\" \/><\/a><\/span><\/p>\n<p style=\"text-align: center;\">\u00a0<\/p>\n","protected":false},"excerpt":{"rendered":"<p>Prolog\u00a0 \u00a0 \u00a0 \u00a0Anreise\u00a0 \u00a0 \u00a0 \u00a0Cala Comte \/ Cala Carbo\u00a0 \u00a0 \u00a0 \u00a0Cala d&#8217;Hort \/Sa Taiassa\u00a0 \u00a0 \u00a0 \u00a0Cala Moli\u00a0 \u00a0 \u00a0 \u00a0Cala Mastella \/ Santa Gertrudis\u00a0 \u00a0 \u00a0 \u00a0Cala Carbo Cala Xarraca \/ Santa Agnes\u00a0 \u00a0 \u00a0 \u00a0Cala Bassa\u00a0 \u00a0 \u00a0 \u00a0Ibiza\u00a0 \u00a0 \u00a0 \u00a0Formentera\u00a0 \u00a0 \u00a0 \u00a0Cala Comte \/ Cala Tarida\u00a0 \u00a0 \u00a0 \u00a0Cala Tarida\u00a0 \u00a0 \u00a0 \u00a0Abreise\u00a0 \u00a0 \u00a0 \u00a0Fazit \u00a0 Fr 5.7. \u00a0 Abreise \u00a0 6:00 aufstehen und Klamotten in die Trolleys. F\u00fcr 6:30 hat man uns ein kleines Fr\u00fchst\u00fcck bereitgestellt. 7:00 checken wir aus und fahren zum Flughafen. \u00a0 \u00a0 Eine halbe Stunde sp\u00e4ter haben wir das Auto abgegeben und gehen durch die fast leeren Sicherheitskontrollen. Imbi\u00df, Cafe, Hippy Store und ab zum Abfluggate. Zehn vor neun beginnt das Boarding. \u00a0 \u00a0 Wir sitzen wieder in der ersten Reihe und d\u00fcrfen als erste in den Eurowings Airbus. Der Platz zwischen uns bleibt heute nicht leer, was aber auch kein wirkliches Problem ist. Halb zehn hebt die volle A321 CEO ab, fast p\u00fcnktlich. \u00a0 \u00a0 Die Flugzeit soll etwa 2,5 Stunden betragen. \u00a0 \u00a0 Wir fliegen auf einer recht au\u00dfergew\u00f6hnlichen Route \u00fcber die Pyren\u00e4en, Paris und Frankfurt. \u00a0 \u00a0 Um zw\u00f6lf landen wir am BER Airport. \u00a0 \u00a0 Von Mc Parking brauchen wir eine gem\u00fctliche Stunde nach Hause, wo wir halb zwei eintrudeln. Braun gebrannt und gut erholt. \u00a0 Gefahrene Kilometer: 18 &nbsp; \u00a0 \u00a0<\/p>\n","protected":false},"author":1,"featured_media":0,"parent":0,"menu_order":0,"comment_status":"closed","ping_status":"closed","template":"","meta":{"footnotes":""},"class_list":["post-23289","page","type-page","status-publish","hentry"],"_links":{"self":[{"href":"https:\/\/welcome-ontour.de\/wordpress\/index.php\/wp-json\/wp\/v2\/pages\/23289","targetHints":{"allow":["GET"]}}],"collection":[{"href":"https:\/\/welcome-ontour.de\/wordpress\/index.php\/wp-json\/wp\/v2\/pages"}],"about":[{"href":"https:\/\/welcome-ontour.de\/wordpress\/index.php\/wp-json\/wp\/v2\/types\/page"}],"author":[{"embeddable":true,"href":"https:\/\/welcome-ontour.de\/wordpress\/index.php\/wp-json\/wp\/v2\/users\/1"}],"replies":[{"embeddable":true,"href":"https:\/\/welcome-ontour.de\/wordpress\/index.php\/wp-json\/wp\/v2\/comments?post=23289"}],"version-history":[{"count":8,"href":"https:\/\/welcome-ontour.de\/wordpress\/index.php\/wp-json\/wp\/v2\/pages\/23289\/revisions"}],"predecessor-version":[{"id":26171,"href":"https:\/\/welcome-ontour.de\/wordpress\/index.php\/wp-json\/wp\/v2\/pages\/23289\/revisions\/26171"}],"wp:attachment":[{"href":"https:\/\/welcome-ontour.de\/wordpress\/index.php\/wp-json\/wp\/v2\/media?parent=23289"}],"curies":[{"name":"wp","href":"https:\/\/api.w.org\/{rel}","templated":true}]}}