{"id":23273,"date":"2024-08-27T08:06:20","date_gmt":"2024-08-27T08:06:20","guid":{"rendered":"https:\/\/welcome-ontour.de\/wordpress\/?page_id=23273"},"modified":"2025-08-29T17:12:56","modified_gmt":"2025-08-29T17:12:56","slug":"2024-06-28","status":"publish","type":"page","link":"https:\/\/welcome-ontour.de\/wordpress\/index.php\/2024-06-28\/","title":{"rendered":"2024 06 28"},"content":{"rendered":"<p style=\"text-align: center;\"><span style=\"font-family: arial, helvetica, sans-serif; font-size: 8pt; color: #000000;\"><a style=\"color: #000000;\" href=\"https:\/\/welcome-ontour.de\/wordpress\/index.php\/2024-06-22-prolog\/\">Prolog<\/a>\u00a0 \u00a0 \u00a0 \u00a0<a style=\"color: #000000;\" href=\"https:\/\/welcome-ontour.de\/wordpress\/index.php\/2024-06-23\">Anreise<\/a>\u00a0 \u00a0 \u00a0 \u00a0<a style=\"color: #000000;\" href=\"https:\/\/welcome-ontour.de\/wordpress\/index.php\/2024-06-24\">Cala Comte \/ Cala Carbo<\/a>\u00a0 \u00a0 \u00a0 \u00a0<a style=\"color: #000000;\" href=\"https:\/\/welcome-ontour.de\/wordpress\/index.php\/2024-06-25\">Cala d&#8217;Hort \/Sa Taiassa<\/a>\u00a0 \u00a0 \u00a0 \u00a0<a style=\"color: #000000;\" href=\"https:\/\/welcome-ontour.de\/wordpress\/index.php\/2024-06-26\">Cala Moli<\/a>\u00a0 \u00a0 \u00a0 \u00a0<a style=\"color: #000000;\" href=\"https:\/\/welcome-ontour.de\/wordpress\/index.php\/2024-06-27\">Cala Mastella \/ Santa Gertrudis<\/a>\u00a0 \u00a0 \u00a0 \u00a0<a style=\"color: #000000;\" href=\"https:\/\/welcome-ontour.de\/wordpress\/index.php\/2024-06-28\">Cala Carbo<\/a><\/span><\/p>\n<p style=\"text-align: center;\"><span style=\"font-family: arial, helvetica, sans-serif; font-size: 8pt; color: #000000;\"><a style=\"color: #000000;\" href=\"https:\/\/welcome-ontour.de\/wordpress\/index.php\/2024-06-29\">Cala Xarraca \/ Santa Agnes<\/a>\u00a0 \u00a0 \u00a0 \u00a0<a style=\"color: #000000;\" href=\"https:\/\/welcome-ontour.de\/wordpress\/index.php\/2024-06-30\">Cala Bassa<\/a>\u00a0 \u00a0 \u00a0 \u00a0<a style=\"color: #000000;\" href=\"https:\/\/welcome-ontour.de\/wordpress\/index.php\/2024-07-01\">Ibiza<\/a>\u00a0 \u00a0 \u00a0 \u00a0<a style=\"color: #000000;\" href=\"https:\/\/welcome-ontour.de\/wordpress\/index.php\/2024-07-02\">Formentera<\/a>\u00a0 \u00a0 \u00a0 \u00a0<a style=\"color: #000000;\" href=\"https:\/\/welcome-ontour.de\/wordpress\/index.php\/2024-07-03\">Cala Comte \/ Cala Tarida<\/a>\u00a0 \u00a0 \u00a0 \u00a0<a style=\"color: #000000;\" href=\"https:\/\/welcome-ontour.de\/wordpress\/index.php\/2024-07-04\">Cala Tarida<\/a>\u00a0 \u00a0 \u00a0 \u00a0<a style=\"color: #000000;\" href=\"https:\/\/welcome-ontour.de\/wordpress\/index.php\/2024-07-05\">Abreise<\/a>\u00a0 \u00a0 \u00a0 \u00a0<a style=\"color: #000000;\" href=\"https:\/\/welcome-ontour.de\/wordpress\/index.php\/2024-07-06-fazit\">Fazit<\/a><\/span><\/p>\n<p style=\"text-align: center;\"><span style=\"font-family: arial, helvetica, sans-serif; font-size: 12pt; color: #000000;\"><a style=\"color: #000000;\" href=\"https:\/\/welcome-ontour.de\/wordpress\/index.php\/2024-06-27\"><img decoding=\"async\" class=\"alignleft wp-image-23243\" title=\"Zur\u00fcck\" src=\"https:\/\/welcome-ontour.de\/wordpress\/wp-content\/uploads\/2024\/08\/2024-06-22-01.jpg\" alt=\"\" width=\"38\" height=\"50\" \/><\/a>\u00a0 <a style=\"color: #000000;\" href=\"https:\/\/welcome-ontour.de\/wordpress\/index.php\/2024-06-29\"><img decoding=\"async\" class=\"alignright wp-image-23244\" title=\"Vor\" src=\"https:\/\/welcome-ontour.de\/wordpress\/wp-content\/uploads\/2024\/08\/2024-06-22-02.jpg\" alt=\"\" width=\"38\" height=\"50\" \/><\/a><\/span><\/p>\n<p style=\"text-align: center;\"><span style=\"font-size: 14pt; color: #000000;\"><strong><span style=\"font-family: arial, helvetica, sans-serif;\">Fr 28.6. <\/span><\/strong><\/span><\/p>\n<p>&nbsp;<\/p>\n<p style=\"text-align: center;\"><span style=\"font-size: 14pt; color: #000000;\"><strong><span style=\"font-family: arial, helvetica, sans-serif;\">Cala Carbo<\/span><\/strong><\/span><\/p>\n<p style=\"text-align: center;\">\u00a0<\/p>\n<p style=\"text-align: center;\"><span style=\"font-family: arial, helvetica, sans-serif; font-size: 12pt; color: #000000;\">Heute bedeckt, aber trocken und mit 29\u00b0 auch morgens schon wieder hei\u00df.<\/span><\/p>\n<p style=\"text-align: center;\"><span style=\"font-family: arial, helvetica, sans-serif; font-size: 12pt; color: #000000;\">Halb elf trudeln wir an der noch fast leeren Cala Carbo ein.<\/span><\/p>\n<p style=\"text-align: center;\">\u00a0<\/p>\n<p style=\"text-align: center;\"><span style=\"font-family: arial, helvetica, sans-serif; font-size: 12pt; color: #000000;\"><img decoding=\"async\" class=\"size-full wp-image-23414 aligncenter\" src=\"https:\/\/welcome-ontour.de\/wordpress\/wp-content\/uploads\/2024\/09\/2024-06-28-01.jpg\" alt=\"\" width=\"810\" height=\"408\" srcset=\"https:\/\/welcome-ontour.de\/wordpress\/wp-content\/uploads\/2024\/09\/2024-06-28-01.jpg 810w, https:\/\/welcome-ontour.de\/wordpress\/wp-content\/uploads\/2024\/09\/2024-06-28-01-300x151.jpg 300w, https:\/\/welcome-ontour.de\/wordpress\/wp-content\/uploads\/2024\/09\/2024-06-28-01-700x353.jpg 700w, https:\/\/welcome-ontour.de\/wordpress\/wp-content\/uploads\/2024\/09\/2024-06-28-01-768x387.jpg 768w\" sizes=\"(max-width: 810px) 100vw, 810px\" \/><\/span><\/p>\n<p style=\"text-align: center;\">\u00a0<\/p>\n<p style=\"text-align: center;\"><span style=\"font-family: arial, helvetica, sans-serif; font-size: 12pt; color: #000000;\">G\u00f6nnen uns 2 Strandliegen und einen Sonnenschirm.<\/span><\/p>\n<p style=\"text-align: center;\"><span style=\"font-family: arial, helvetica, sans-serif; font-size: 12pt; color: #000000;\">Kostet f\u00fcr den ganzen Tag 30 Euro.<\/span><\/p>\n<p style=\"text-align: center;\"><span style=\"font-family: arial, helvetica, sans-serif; font-size: 12pt; color: #000000;\">Trotzdem es allm\u00e4hlich voller wird herrscht hier eine angenehm entspannte Stimmung.<\/span><\/p>\n<p style=\"text-align: center;\"><span style=\"font-family: arial, helvetica, sans-serif; font-size: 12pt; color: #000000;\">Ab und an kommt die Sonne durch.<\/span><\/p>\n<p style=\"text-align: center;\">\u00a0<\/p>\n<p style=\"text-align: center;\"><span style=\"font-family: arial, helvetica, sans-serif; font-size: 12pt; color: #000000;\"><img decoding=\"async\" class=\"size-full wp-image-23415 aligncenter\" src=\"https:\/\/welcome-ontour.de\/wordpress\/wp-content\/uploads\/2024\/09\/2024-06-28-02.jpg\" alt=\"\" width=\"810\" height=\"408\" srcset=\"https:\/\/welcome-ontour.de\/wordpress\/wp-content\/uploads\/2024\/09\/2024-06-28-02.jpg 810w, https:\/\/welcome-ontour.de\/wordpress\/wp-content\/uploads\/2024\/09\/2024-06-28-02-300x151.jpg 300w, https:\/\/welcome-ontour.de\/wordpress\/wp-content\/uploads\/2024\/09\/2024-06-28-02-700x353.jpg 700w, https:\/\/welcome-ontour.de\/wordpress\/wp-content\/uploads\/2024\/09\/2024-06-28-02-768x387.jpg 768w\" sizes=\"(max-width: 810px) 100vw, 810px\" \/><\/span><\/p>\n<p style=\"text-align: center;\">\u00a0<\/p>\n<p style=\"text-align: center;\"><span style=\"font-family: arial, helvetica, sans-serif; font-size: 12pt; color: #000000;\">Das Schwimmen im kristallklaren Wasser ist ein Genu\u00df.<\/span><\/p>\n<p style=\"text-align: center;\"><span style=\"font-family: arial, helvetica, sans-serif; font-size: 12pt; color: #000000;\">Um eins setzen wir uns an unseren reservierten Tisch.<\/span><\/p>\n<p style=\"text-align: center;\"><span style=\"font-family: arial, helvetica, sans-serif; font-size: 12pt; color: #000000;\">Fr\u00fcher haben wir das kleine Strandrestaurant oft besucht und kannten den Inhaber Pepe fast schon pers\u00f6nlich.<\/span><\/p>\n<p style=\"text-align: center;\"><span style=\"font-family: arial, helvetica, sans-serif; font-size: 12pt; color: #000000;\">Ein wenig von dem alten Charme ist noch immer sp\u00fcrbar.<\/span><\/p>\n<p style=\"text-align: center;\"><span style=\"font-family: arial, helvetica, sans-serif; font-size: 12pt; color: #000000;\">Wir genehmigen uns hier und heute das volle Programm.<\/span><\/p>\n<p style=\"text-align: center;\"><span style=\"font-family: arial, helvetica, sans-serif; font-size: 12pt; color: #000000;\">Wasser, Oliven, Aioli, Brot, Rotwein, Gaspacho, Gambas Al Ajillo, gegrillte Fischplatte, Kaffee Americano, Palo, Hierbas.<\/span><\/p>\n<p style=\"text-align: center;\"><span style=\"font-family: arial, helvetica, sans-serif; font-size: 12pt; color: #000000;\">Die Rechnung summiert sich auf \u00fcber 100 Euro.<\/span><\/p>\n<p style=\"text-align: center;\"><span style=\"font-family: arial, helvetica, sans-serif; font-size: 12pt; color: #000000;\">Heute mal egal, denn es war ein hervorragendes Mittagsmahl.<\/span><\/p>\n<p style=\"text-align: center;\"><span style=\"font-family: arial, helvetica, sans-serif; font-size: 12pt; color: #000000;\">Zufrieden und satt verbringen wir die n\u00e4chsten Stunden mit Schlafen, Sonnen und Schwimmen.<\/span><\/p>\n<p style=\"text-align: center;\"><span style=\"font-family: arial, helvetica, sans-serif; font-size: 12pt; color: #000000;\">Bis zu sp\u00e4ten Nachmittag dann die ersten Quallen in die Bucht getrieben werden.<\/span><\/p>\n<p style=\"text-align: center;\">\u00a0<\/p>\n<p style=\"text-align: center;\"><span style=\"font-family: arial, helvetica, sans-serif; font-size: 12pt; color: #000000;\"><img decoding=\"async\" class=\"aligncenter wp-image-26114 size-large\" src=\"https:\/\/welcome-ontour.de\/wordpress\/wp-content\/uploads\/2025\/08\/2024-06-28-03-04-700x460.jpg\" alt=\"\" width=\"700\" height=\"460\" srcset=\"https:\/\/welcome-ontour.de\/wordpress\/wp-content\/uploads\/2025\/08\/2024-06-28-03-04-700x460.jpg 700w, https:\/\/welcome-ontour.de\/wordpress\/wp-content\/uploads\/2025\/08\/2024-06-28-03-04-300x197.jpg 300w, https:\/\/welcome-ontour.de\/wordpress\/wp-content\/uploads\/2025\/08\/2024-06-28-03-04-768x504.jpg 768w, https:\/\/welcome-ontour.de\/wordpress\/wp-content\/uploads\/2025\/08\/2024-06-28-03-04-500x330.jpg 500w, https:\/\/welcome-ontour.de\/wordpress\/wp-content\/uploads\/2025\/08\/2024-06-28-03-04.jpg 847w\" sizes=\"(max-width: 700px) 100vw, 700px\" \/><\/span><\/p>\n<p style=\"text-align: center;\">\u00a0<\/p>\n<p style=\"text-align: center;\"><span style=\"font-family: arial, helvetica, sans-serif; font-size: 12pt; color: #000000;\">Nach dem Hotel-B\u00fcfett gibt es heute einen sehr sch\u00f6nen Sonnenuntergang.<\/span><\/p>\n<p style=\"text-align: center;\">\u00a0<\/p>\n<p style=\"text-align: center;\"><span style=\"font-family: arial, helvetica, sans-serif; font-size: 12pt; color: #000000;\"><img decoding=\"async\" class=\"aligncenter wp-image-23418 size-full\" src=\"https:\/\/welcome-ontour.de\/wordpress\/wp-content\/uploads\/2024\/09\/2024-06-28-05.jpg\" alt=\"\" width=\"810\" height=\"408\" srcset=\"https:\/\/welcome-ontour.de\/wordpress\/wp-content\/uploads\/2024\/09\/2024-06-28-05.jpg 810w, https:\/\/welcome-ontour.de\/wordpress\/wp-content\/uploads\/2024\/09\/2024-06-28-05-300x151.jpg 300w, https:\/\/welcome-ontour.de\/wordpress\/wp-content\/uploads\/2024\/09\/2024-06-28-05-700x353.jpg 700w, https:\/\/welcome-ontour.de\/wordpress\/wp-content\/uploads\/2024\/09\/2024-06-28-05-768x387.jpg 768w\" sizes=\"(max-width: 810px) 100vw, 810px\" \/><\/span><\/p>\n<p style=\"text-align: center;\">\u00a0<\/p>\n<p style=\"text-align: center;\"><span style=\"font-family: arial, helvetica, sans-serif; font-size: 12pt; color: #000000;\">Zum Tagesausklang landen wir in der Bar des Bay Beach Clubs.<\/span><\/p>\n<p style=\"text-align: center;\">\u00a0<\/p>\n<p style=\"text-align: center;\"><span style=\"font-family: arial, helvetica, sans-serif; font-size: 12pt; color: #000000;\"><img decoding=\"async\" class=\"aligncenter wp-image-26115 size-large\" src=\"https:\/\/welcome-ontour.de\/wordpress\/wp-content\/uploads\/2025\/08\/2024-06-28-06-08-700x330.jpg\" alt=\"\" width=\"700\" height=\"330\" srcset=\"https:\/\/welcome-ontour.de\/wordpress\/wp-content\/uploads\/2025\/08\/2024-06-28-06-08-700x330.jpg 700w, https:\/\/welcome-ontour.de\/wordpress\/wp-content\/uploads\/2025\/08\/2024-06-28-06-08-300x141.jpg 300w, https:\/\/welcome-ontour.de\/wordpress\/wp-content\/uploads\/2025\/08\/2024-06-28-06-08-768x362.jpg 768w, https:\/\/welcome-ontour.de\/wordpress\/wp-content\/uploads\/2025\/08\/2024-06-28-06-08-1140x537.jpg 1140w, https:\/\/welcome-ontour.de\/wordpress\/wp-content\/uploads\/2025\/08\/2024-06-28-06-08.jpg 1181w\" sizes=\"(max-width: 700px) 100vw, 700px\" \/><\/span><\/p>\n<p style=\"text-align: center;\">\u00a0<\/p>\n<p style=\"text-align: center;\"><span style=\"font-family: arial, helvetica, sans-serif; font-size: 12pt; color: #000000;\">Die brasilianische Kellnerin bringt uns leckere Drinks und wir kommen mit anderen G\u00e4sten ins Gespr\u00e4ch.<\/span><\/p>\n<p style=\"text-align: center;\">\u00a0<\/p>\n<p style=\"text-align: center;\"><span style=\"font-family: arial, helvetica, sans-serif; font-size: 12pt; color: #000000;\"><img decoding=\"async\" class=\"size-full wp-image-23422 aligncenter\" src=\"https:\/\/welcome-ontour.de\/wordpress\/wp-content\/uploads\/2024\/09\/2024-06-28-09.jpg\" alt=\"\" width=\"810\" height=\"408\" srcset=\"https:\/\/welcome-ontour.de\/wordpress\/wp-content\/uploads\/2024\/09\/2024-06-28-09.jpg 810w, https:\/\/welcome-ontour.de\/wordpress\/wp-content\/uploads\/2024\/09\/2024-06-28-09-300x151.jpg 300w, https:\/\/welcome-ontour.de\/wordpress\/wp-content\/uploads\/2024\/09\/2024-06-28-09-700x353.jpg 700w, https:\/\/welcome-ontour.de\/wordpress\/wp-content\/uploads\/2024\/09\/2024-06-28-09-768x387.jpg 768w\" sizes=\"(max-width: 810px) 100vw, 810px\" \/><\/span><\/p>\n<p style=\"text-align: center;\">\u00a0<\/p>\n<p style=\"text-align: center;\"><span style=\"font-family: arial, helvetica, sans-serif; font-size: 12pt; color: #000000;\">Zur\u00fcck im Hotel sind wir erst nach Mitternacht, bei noch immer fast 30\u00b0.<\/span><\/p>\n<p style=\"text-align: center;\">\u00a0<\/p>\n<p style=\"text-align: center;\"><span style=\"font-family: arial, helvetica, sans-serif; font-size: 12pt; color: #000000;\">Gefahrene Kilometer: 35<\/span><\/p>\n<p style=\"text-align: center;\">\u00a0<\/p>\n<p style=\"text-align: center;\"><span style=\"font-family: arial, helvetica, sans-serif; font-size: 12pt; color: #000000;\">Unterkunft: Osiris Hotel, Sant Antoni de Portmany, Ibiza *****<\/span><\/p>\n<p>&nbsp;<\/p>\n<p style=\"text-align: center;\"><span style=\"font-family: arial, helvetica, sans-serif; font-size: 12pt; color: #000000;\"><img decoding=\"async\" class=\"wp-image-23247 aligncenter\" src=\"https:\/\/welcome-ontour.de\/wordpress\/wp-content\/uploads\/2024\/08\/2024-06-22-05.jpg\" alt=\"\" width=\"150\" height=\"146\" \/><\/span><\/p>\n<p style=\"text-align: center;\"><span style=\"font-family: arial, helvetica, sans-serif; font-size: 12pt; color: #000000;\"><a style=\"color: #000000;\" href=\"https:\/\/welcome-ontour.de\/wordpress\/index.php\/2024-06-27\"><img decoding=\"async\" class=\"alignleft wp-image-23243\" title=\"Zur\u00fcck\" src=\"https:\/\/welcome-ontour.de\/wordpress\/wp-content\/uploads\/2024\/08\/2024-06-22-01.jpg\" alt=\"\" width=\"38\" height=\"50\" \/><\/a>\u00a0 <a style=\"color: #000000;\" href=\"https:\/\/welcome-ontour.de\/wordpress\/index.php\/2024-06-29\"><img decoding=\"async\" class=\"alignright wp-image-23244\" title=\"Vor\" src=\"https:\/\/welcome-ontour.de\/wordpress\/wp-content\/uploads\/2024\/08\/2024-06-22-02.jpg\" alt=\"\" width=\"38\" height=\"50\" \/><\/a><\/span><\/p>\n","protected":false},"excerpt":{"rendered":"<p>Prolog\u00a0 \u00a0 \u00a0 \u00a0Anreise\u00a0 \u00a0 \u00a0 \u00a0Cala Comte \/ Cala Carbo\u00a0 \u00a0 \u00a0 \u00a0Cala d&#8217;Hort \/Sa Taiassa\u00a0 \u00a0 \u00a0 \u00a0Cala Moli\u00a0 \u00a0 \u00a0 \u00a0Cala Mastella \/ Santa Gertrudis\u00a0 \u00a0 \u00a0 \u00a0Cala Carbo Cala Xarraca \/ Santa Agnes\u00a0 \u00a0 \u00a0 \u00a0Cala Bassa\u00a0 \u00a0 \u00a0 \u00a0Ibiza\u00a0 \u00a0 \u00a0 \u00a0Formentera\u00a0 \u00a0 \u00a0 \u00a0Cala Comte \/ Cala Tarida\u00a0 \u00a0 \u00a0 \u00a0Cala Tarida\u00a0 \u00a0 \u00a0 \u00a0Abreise\u00a0 \u00a0 \u00a0 \u00a0Fazit \u00a0 Fr 28.6. &nbsp; Cala Carbo \u00a0 Heute bedeckt, aber trocken und mit 29\u00b0 auch morgens schon wieder hei\u00df. Halb elf trudeln wir an der noch fast leeren Cala Carbo ein. \u00a0 \u00a0 G\u00f6nnen uns 2 Strandliegen und einen Sonnenschirm. Kostet f\u00fcr den ganzen Tag 30 Euro. Trotzdem es allm\u00e4hlich voller wird herrscht hier eine angenehm entspannte Stimmung. Ab und an kommt die Sonne durch. \u00a0 \u00a0 Das Schwimmen im kristallklaren Wasser ist ein Genu\u00df. Um eins setzen wir uns an unseren reservierten Tisch. Fr\u00fcher haben wir das kleine Strandrestaurant oft besucht und kannten den Inhaber Pepe fast schon pers\u00f6nlich. Ein wenig von dem alten Charme ist noch immer sp\u00fcrbar. Wir genehmigen uns hier und heute das volle Programm. Wasser, Oliven, Aioli, Brot, Rotwein, Gaspacho, Gambas Al Ajillo, gegrillte Fischplatte, Kaffee Americano, Palo, Hierbas. Die Rechnung summiert sich auf \u00fcber 100 Euro. Heute mal egal, denn es war ein hervorragendes Mittagsmahl. Zufrieden und satt verbringen wir die n\u00e4chsten Stunden mit Schlafen, Sonnen und Schwimmen. Bis zu sp\u00e4ten Nachmittag dann die ersten Quallen in die Bucht getrieben werden. \u00a0 \u00a0 Nach dem Hotel-B\u00fcfett gibt es heute einen sehr sch\u00f6nen Sonnenuntergang. \u00a0 \u00a0 Zum Tagesausklang landen wir in der Bar des Bay Beach Clubs. \u00a0 \u00a0 Die brasilianische Kellnerin bringt uns leckere Drinks und wir kommen mit anderen G\u00e4sten ins Gespr\u00e4ch. \u00a0 \u00a0 Zur\u00fcck im Hotel sind wir erst nach Mitternacht, bei noch immer fast 30\u00b0. \u00a0 Gefahrene Kilometer: 35 \u00a0 Unterkunft: Osiris Hotel, Sant Antoni de Portmany, Ibiza ***** &nbsp; \u00a0<\/p>\n","protected":false},"author":1,"featured_media":0,"parent":0,"menu_order":0,"comment_status":"closed","ping_status":"closed","template":"","meta":{"footnotes":""},"class_list":["post-23273","page","type-page","status-publish","hentry"],"_links":{"self":[{"href":"https:\/\/welcome-ontour.de\/wordpress\/index.php\/wp-json\/wp\/v2\/pages\/23273","targetHints":{"allow":["GET"]}}],"collection":[{"href":"https:\/\/welcome-ontour.de\/wordpress\/index.php\/wp-json\/wp\/v2\/pages"}],"about":[{"href":"https:\/\/welcome-ontour.de\/wordpress\/index.php\/wp-json\/wp\/v2\/types\/page"}],"author":[{"embeddable":true,"href":"https:\/\/welcome-ontour.de\/wordpress\/index.php\/wp-json\/wp\/v2\/users\/1"}],"replies":[{"embeddable":true,"href":"https:\/\/welcome-ontour.de\/wordpress\/index.php\/wp-json\/wp\/v2\/comments?post=23273"}],"version-history":[{"count":8,"href":"https:\/\/welcome-ontour.de\/wordpress\/index.php\/wp-json\/wp\/v2\/pages\/23273\/revisions"}],"predecessor-version":[{"id":26117,"href":"https:\/\/welcome-ontour.de\/wordpress\/index.php\/wp-json\/wp\/v2\/pages\/23273\/revisions\/26117"}],"wp:attachment":[{"href":"https:\/\/welcome-ontour.de\/wordpress\/index.php\/wp-json\/wp\/v2\/media?parent=23273"}],"curies":[{"name":"wp","href":"https:\/\/api.w.org\/{rel}","templated":true}]}}