{"id":23267,"date":"2024-08-27T08:04:50","date_gmt":"2024-08-27T08:04:50","guid":{"rendered":"https:\/\/welcome-ontour.de\/wordpress\/?page_id=23267"},"modified":"2025-08-29T17:05:12","modified_gmt":"2025-08-29T17:05:12","slug":"2024-06-25","status":"publish","type":"page","link":"https:\/\/welcome-ontour.de\/wordpress\/index.php\/2024-06-25\/","title":{"rendered":"2024 06 25"},"content":{"rendered":"<p style=\"text-align: center;\"><span style=\"font-family: arial, helvetica, sans-serif; font-size: 8pt; color: #000000;\"><a style=\"color: #000000;\" href=\"https:\/\/welcome-ontour.de\/wordpress\/index.php\/2024-06-22-prolog\/\">Prolog<\/a>\u00a0 \u00a0 \u00a0 \u00a0<a style=\"color: #000000;\" href=\"https:\/\/welcome-ontour.de\/wordpress\/index.php\/2024-06-23\">Anreise<\/a>\u00a0 \u00a0 \u00a0 \u00a0<a style=\"color: #000000;\" href=\"https:\/\/welcome-ontour.de\/wordpress\/index.php\/2024-06-24\">Cala Comte \/ Cala Carbo<\/a>\u00a0 \u00a0 \u00a0 \u00a0<a style=\"color: #000000;\" href=\"https:\/\/welcome-ontour.de\/wordpress\/index.php\/2024-06-25\">Cala d&#8217;Hort \/Sa Taiassa<\/a>\u00a0 \u00a0 \u00a0 \u00a0<a style=\"color: #000000;\" href=\"https:\/\/welcome-ontour.de\/wordpress\/index.php\/2024-06-26\">Cala Moli<\/a>\u00a0 \u00a0 \u00a0 \u00a0<a style=\"color: #000000;\" href=\"https:\/\/welcome-ontour.de\/wordpress\/index.php\/2024-06-27\">Cala Mastella \/ Santa Gertrudis<\/a>\u00a0 \u00a0 \u00a0 \u00a0<a style=\"color: #000000;\" href=\"https:\/\/welcome-ontour.de\/wordpress\/index.php\/2024-06-28\">Cala Carbo<\/a><\/span><\/p>\n<p style=\"text-align: center;\"><span style=\"font-family: arial, helvetica, sans-serif; font-size: 8pt; color: #000000;\"><a style=\"color: #000000;\" href=\"https:\/\/welcome-ontour.de\/wordpress\/index.php\/2024-06-29\">Cala Xarraca \/ Santa Agnes<\/a>\u00a0 \u00a0 \u00a0 \u00a0<a style=\"color: #000000;\" href=\"https:\/\/welcome-ontour.de\/wordpress\/index.php\/2024-06-30\">Cala Bassa<\/a>\u00a0 \u00a0 \u00a0 \u00a0<a style=\"color: #000000;\" href=\"https:\/\/welcome-ontour.de\/wordpress\/index.php\/2024-07-01\">Ibiza<\/a>\u00a0 \u00a0 \u00a0 \u00a0<a style=\"color: #000000;\" href=\"https:\/\/welcome-ontour.de\/wordpress\/index.php\/2024-07-02\">Formentera<\/a>\u00a0 \u00a0 \u00a0 \u00a0<a style=\"color: #000000;\" href=\"https:\/\/welcome-ontour.de\/wordpress\/index.php\/2024-07-03\">Cala Comte \/ Cala Tarida<\/a>\u00a0 \u00a0 \u00a0 \u00a0<a style=\"color: #000000;\" href=\"https:\/\/welcome-ontour.de\/wordpress\/index.php\/2024-07-04\">Cala Tarida<\/a>\u00a0 \u00a0 \u00a0 \u00a0<a style=\"color: #000000;\" href=\"https:\/\/welcome-ontour.de\/wordpress\/index.php\/2024-07-05\">Abreise<\/a>\u00a0 \u00a0 \u00a0 \u00a0<a style=\"color: #000000;\" href=\"https:\/\/welcome-ontour.de\/wordpress\/index.php\/2024-07-06-fazit\">Fazit<\/a><\/span><\/p>\n<p style=\"text-align: center;\"><span style=\"font-family: arial, helvetica, sans-serif; font-size: 12pt; color: #000000;\"><a style=\"color: #000000;\" href=\"https:\/\/welcome-ontour.de\/wordpress\/index.php\/2024-06-24\"><img decoding=\"async\" class=\"alignleft wp-image-23243\" title=\"Zur\u00fcck\" src=\"https:\/\/welcome-ontour.de\/wordpress\/wp-content\/uploads\/2024\/08\/2024-06-22-01.jpg\" alt=\"\" width=\"38\" height=\"50\" \/><\/a>\u00a0 <a style=\"color: #000000;\" href=\"https:\/\/welcome-ontour.de\/wordpress\/index.php\/2024-06-26\"><img decoding=\"async\" class=\"alignright wp-image-23244\" title=\"Vor\" src=\"https:\/\/welcome-ontour.de\/wordpress\/wp-content\/uploads\/2024\/08\/2024-06-22-02.jpg\" alt=\"\" width=\"38\" height=\"50\" \/><\/a><\/span><\/p>\n<p style=\"text-align: center;\"><span style=\"font-size: 14pt; color: #000000;\"><strong><span style=\"font-family: arial, helvetica, sans-serif;\">Di 25.6.<\/span><\/strong><\/span><\/p>\n<p style=\"text-align: center;\">\u00a0<\/p>\n<p style=\"text-align: center;\"><span style=\"font-size: 14pt; color: #000000;\"><strong><span style=\"font-family: arial, helvetica, sans-serif;\">Cala d\u2018 Hort \/ Sa Talaia<\/span><\/strong><\/span><\/p>\n<p style=\"text-align: center;\">\u00a0<\/p>\n<p style=\"text-align: center;\"><span style=\"font-family: arial, helvetica, sans-serif; font-size: 12pt; color: #000000;\">Was gibt es sch\u00f6neres als ein gem\u00fctliches B\u00fcfett-Breakfast in der warmen Morgensonne.<\/span><\/p>\n<p style=\"text-align: center;\"><span style=\"font-family: arial, helvetica, sans-serif; font-size: 12pt; color: #000000;\">Etwa 9:30 zischen wir ab, eine halbe Stunde sp\u00e4ter sind wir am unteren Parkplatz der Cala d\u2019Hort.<\/span><\/p>\n<p style=\"text-align: center;\"><span style=\"font-family: arial, helvetica, sans-serif; font-size: 12pt; color: #000000;\">So fr\u00fch ist es keine Problem hier einen Parkplatz zu bekommen.<\/span><\/p>\n<p style=\"text-align: center;\"><span style=\"font-family: arial, helvetica, sans-serif; font-size: 12pt; color: #000000;\">Uns erwartet ein fast leerer Strand mit herrlicher Kulisse.<\/span><\/p>\n<p style=\"text-align: center;\">\u00a0<\/p>\n<p style=\"text-align: center;\"><span style=\"font-family: arial, helvetica, sans-serif; font-size: 12pt; color: #000000;\"><img decoding=\"async\" class=\"size-full wp-image-23367 aligncenter\" src=\"https:\/\/welcome-ontour.de\/wordpress\/wp-content\/uploads\/2024\/09\/2024-06-25-01.jpg\" alt=\"\" width=\"810\" height=\"408\" srcset=\"https:\/\/welcome-ontour.de\/wordpress\/wp-content\/uploads\/2024\/09\/2024-06-25-01.jpg 810w, https:\/\/welcome-ontour.de\/wordpress\/wp-content\/uploads\/2024\/09\/2024-06-25-01-300x151.jpg 300w, https:\/\/welcome-ontour.de\/wordpress\/wp-content\/uploads\/2024\/09\/2024-06-25-01-700x353.jpg 700w, https:\/\/welcome-ontour.de\/wordpress\/wp-content\/uploads\/2024\/09\/2024-06-25-01-768x387.jpg 768w\" sizes=\"(max-width: 810px) 100vw, 810px\" \/><\/span><\/p>\n<p style=\"text-align: center;\">\u00a0<\/p>\n<p style=\"text-align: center;\"><span style=\"font-family: arial, helvetica, sans-serif; font-size: 12pt; color: #000000;\">Rechts die traditionellen Bootsgaragen und das Es Boldado Restaurant.<\/span><\/p>\n<p style=\"text-align: center;\">\u00a0<\/p>\n<p style=\"text-align: center;\"><span style=\"font-family: arial, helvetica, sans-serif; font-size: 12pt; color: #000000;\"><img decoding=\"async\" class=\"size-full wp-image-23368 aligncenter\" src=\"https:\/\/welcome-ontour.de\/wordpress\/wp-content\/uploads\/2024\/09\/2024-06-25-02.jpg\" alt=\"\" width=\"810\" height=\"408\" srcset=\"https:\/\/welcome-ontour.de\/wordpress\/wp-content\/uploads\/2024\/09\/2024-06-25-02.jpg 810w, https:\/\/welcome-ontour.de\/wordpress\/wp-content\/uploads\/2024\/09\/2024-06-25-02-300x151.jpg 300w, https:\/\/welcome-ontour.de\/wordpress\/wp-content\/uploads\/2024\/09\/2024-06-25-02-700x353.jpg 700w, https:\/\/welcome-ontour.de\/wordpress\/wp-content\/uploads\/2024\/09\/2024-06-25-02-768x387.jpg 768w\" sizes=\"(max-width: 810px) 100vw, 810px\" \/><\/span><\/p>\n<p style=\"text-align: center;\">\u00a0<\/p>\n<p style=\"text-align: center;\"><span style=\"font-family: arial, helvetica, sans-serif; font-size: 12pt; color: #000000;\">Links die Steilk\u00fcste und die gro\u00dfe Felsinsel Es Vedra.<\/span><\/p>\n<p style=\"text-align: center;\"><span style=\"font-family: arial, helvetica, sans-serif; font-size: 12pt; color: #000000;\">Am Strand und im Wasser ist es recht steinig.<\/span><\/p>\n<p style=\"text-align: center;\"><span style=\"font-family: arial, helvetica, sans-serif; font-size: 12pt; color: #000000;\">Hat man keine Badeschuhe dabei, geht\u2019s auch mit Badelatschen.<\/span><\/p>\n<p style=\"text-align: center;\">\u00a0<\/p>\n<p style=\"text-align: center;\"><span style=\"font-family: arial, helvetica, sans-serif; font-size: 12pt; color: #000000;\"><img decoding=\"async\" class=\"size-full wp-image-23369 aligncenter\" src=\"https:\/\/welcome-ontour.de\/wordpress\/wp-content\/uploads\/2024\/09\/2024-06-25-03.jpg\" alt=\"\" width=\"810\" height=\"408\" srcset=\"https:\/\/welcome-ontour.de\/wordpress\/wp-content\/uploads\/2024\/09\/2024-06-25-03.jpg 810w, https:\/\/welcome-ontour.de\/wordpress\/wp-content\/uploads\/2024\/09\/2024-06-25-03-300x151.jpg 300w, https:\/\/welcome-ontour.de\/wordpress\/wp-content\/uploads\/2024\/09\/2024-06-25-03-700x353.jpg 700w, https:\/\/welcome-ontour.de\/wordpress\/wp-content\/uploads\/2024\/09\/2024-06-25-03-768x387.jpg 768w\" sizes=\"(max-width: 810px) 100vw, 810px\" \/><\/span><\/p>\n<p style=\"text-align: center;\">\u00a0<\/p>\n<p style=\"text-align: center;\"><span style=\"font-family: arial, helvetica, sans-serif; font-size: 12pt; color: #000000;\">Das Wasser hat 24\u00b0 und ist herrlich sauber.<\/span><\/p>\n<p style=\"text-align: center;\"><span style=\"font-family: arial, helvetica, sans-serif; font-size: 12pt; color: #000000;\">Zudem ist es fast windstill, wir genie\u00dfen jede Minute.<\/span><\/p>\n<p style=\"text-align: center;\"><span style=\"font-family: arial, helvetica, sans-serif; font-size: 12pt; color: #000000;\">Bis zum fr\u00fchen Nachmittag haben wir mit ausgiebigem Relaxing zu tun.<\/span><\/p>\n<p style=\"text-align: center;\"><span style=\"font-family: arial, helvetica, sans-serif; font-size: 12pt; color: #000000;\">Weil die Parkm\u00f6glichkeiten begrenzt sind, wird es auch nicht voll, sehr angenehm.<\/span><\/p>\n<p style=\"text-align: center;\"><span style=\"font-family: arial, helvetica, sans-serif; font-size: 12pt; color: #000000;\">Im Strandrestaurant genehmigen wir uns Gaspacho und Salat.<\/span><\/p>\n<p style=\"text-align: center;\">\u00a0<\/p>\n<p style=\"text-align: center;\"><span style=\"font-family: arial, helvetica, sans-serif; font-size: 12pt; color: #000000;\"><img decoding=\"async\" class=\"size-full wp-image-23370 aligncenter\" src=\"https:\/\/welcome-ontour.de\/wordpress\/wp-content\/uploads\/2024\/09\/2024-06-25-04.jpg\" alt=\"\" width=\"810\" height=\"408\" srcset=\"https:\/\/welcome-ontour.de\/wordpress\/wp-content\/uploads\/2024\/09\/2024-06-25-04.jpg 810w, https:\/\/welcome-ontour.de\/wordpress\/wp-content\/uploads\/2024\/09\/2024-06-25-04-300x151.jpg 300w, https:\/\/welcome-ontour.de\/wordpress\/wp-content\/uploads\/2024\/09\/2024-06-25-04-700x353.jpg 700w, https:\/\/welcome-ontour.de\/wordpress\/wp-content\/uploads\/2024\/09\/2024-06-25-04-768x387.jpg 768w\" sizes=\"(max-width: 810px) 100vw, 810px\" \/><\/span><\/p>\n<p style=\"text-align: center;\">\u00a0<\/p>\n<p style=\"text-align: center;\"><span style=\"font-family: arial, helvetica, sans-serif; font-size: 12pt; color: #000000;\">Als wir aufbrechen, ist es schon um vier.<\/span><\/p>\n<p style=\"text-align: center;\"><span style=\"font-family: arial, helvetica, sans-serif; font-size: 12pt; color: #000000;\">Wir halten noch oben am Parkplatz mit der engen Zufahrt.<\/span><\/p>\n<p style=\"text-align: center;\"><span style=\"font-family: arial, helvetica, sans-serif; font-size: 12pt; color: #000000;\">Von hier hat man einen sch\u00f6nen Blick auf die Cala d\u2019Hort <\/span><\/p>\n<p>&nbsp;<\/p>\n<p style=\"text-align: center;\"><span style=\"font-family: arial, helvetica, sans-serif; font-size: 12pt; color: #000000;\"><img decoding=\"async\" class=\"size-full wp-image-23371 aligncenter\" src=\"https:\/\/welcome-ontour.de\/wordpress\/wp-content\/uploads\/2024\/09\/2024-06-25-05.jpg\" alt=\"\" width=\"810\" height=\"408\" srcset=\"https:\/\/welcome-ontour.de\/wordpress\/wp-content\/uploads\/2024\/09\/2024-06-25-05.jpg 810w, https:\/\/welcome-ontour.de\/wordpress\/wp-content\/uploads\/2024\/09\/2024-06-25-05-300x151.jpg 300w, https:\/\/welcome-ontour.de\/wordpress\/wp-content\/uploads\/2024\/09\/2024-06-25-05-700x353.jpg 700w, https:\/\/welcome-ontour.de\/wordpress\/wp-content\/uploads\/2024\/09\/2024-06-25-05-768x387.jpg 768w\" sizes=\"(max-width: 810px) 100vw, 810px\" \/><\/span><\/p>\n<p>&nbsp;<\/p>\n<p style=\"text-align: center;\"><span style=\"font-family: arial, helvetica, sans-serif; font-size: 12pt; color: #000000;\">und weiter vorn auf Es Vedra.<\/span><\/p>\n<p style=\"text-align: center;\">\u00a0<\/p>\n<p style=\"text-align: center;\"><span style=\"font-family: arial, helvetica, sans-serif; font-size: 12pt; color: #000000;\"><img decoding=\"async\" class=\"size-full wp-image-23372 aligncenter\" src=\"https:\/\/welcome-ontour.de\/wordpress\/wp-content\/uploads\/2024\/09\/2024-06-25-06.jpg\" alt=\"\" width=\"810\" height=\"408\" srcset=\"https:\/\/welcome-ontour.de\/wordpress\/wp-content\/uploads\/2024\/09\/2024-06-25-06.jpg 810w, https:\/\/welcome-ontour.de\/wordpress\/wp-content\/uploads\/2024\/09\/2024-06-25-06-300x151.jpg 300w, https:\/\/welcome-ontour.de\/wordpress\/wp-content\/uploads\/2024\/09\/2024-06-25-06-700x353.jpg 700w, https:\/\/welcome-ontour.de\/wordpress\/wp-content\/uploads\/2024\/09\/2024-06-25-06-768x387.jpg 768w\" sizes=\"(max-width: 810px) 100vw, 810px\" \/><\/span><\/p>\n<p style=\"text-align: center;\">\u00a0<\/p>\n<p style=\"text-align: center;\"><span style=\"font-family: arial, helvetica, sans-serif; font-size: 12pt; color: #000000;\">Auf unserem Balkon gibt es eine entspannte Siesta.<\/span><\/p>\n<p style=\"text-align: center;\"><span style=\"font-family: arial, helvetica, sans-serif; font-size: 12pt; color: #000000;\">Nach dem reichhaltigen Abendessen setzen wir uns nochmal ins Auto und fahren auf den Berg.<\/span><\/p>\n<p style=\"text-align: center;\"><span style=\"font-family: arial, helvetica, sans-serif; font-size: 12pt; color: #000000;\">Der Sa Talaia ist mit 500 m der h\u00f6chste Erhebung Ibizas.<\/span><\/p>\n<p style=\"text-align: center;\"><span style=\"font-family: arial, helvetica, sans-serif; font-size: 12pt; color: #000000;\">H\u00f6rt sich nicht viel an, hat es aber in sich.<\/span><\/p>\n<p style=\"text-align: center;\"><span style=\"font-family: arial, helvetica, sans-serif; font-size: 12pt; color: #000000;\">Die tief stehende Abendsonne taucht die Landschaft in ein wunderbares Licht.<\/span><\/p>\n<p style=\"text-align: center;\">\u00a0<\/p>\n<p style=\"text-align: center;\"><span style=\"font-family: arial, helvetica, sans-serif; font-size: 12pt; color: #000000;\"><img decoding=\"async\" class=\"aligncenter wp-image-26103 size-full\" src=\"https:\/\/welcome-ontour.de\/wordpress\/wp-content\/uploads\/2025\/08\/2024-06-25-07-08.jpg\" alt=\"\" width=\"810\" height=\"384\" srcset=\"https:\/\/welcome-ontour.de\/wordpress\/wp-content\/uploads\/2025\/08\/2024-06-25-07-08.jpg 810w, https:\/\/welcome-ontour.de\/wordpress\/wp-content\/uploads\/2025\/08\/2024-06-25-07-08-300x142.jpg 300w, https:\/\/welcome-ontour.de\/wordpress\/wp-content\/uploads\/2025\/08\/2024-06-25-07-08-700x332.jpg 700w, https:\/\/welcome-ontour.de\/wordpress\/wp-content\/uploads\/2025\/08\/2024-06-25-07-08-768x364.jpg 768w\" sizes=\"(max-width: 810px) 100vw, 810px\" \/><\/span><\/p>\n<p style=\"text-align: center;\">\u00a0<\/p>\n<p style=\"text-align: center;\"><span style=\"font-family: arial, helvetica, sans-serif; font-size: 12pt; color: #000000;\">Eine unbefestigte Schotterpiste f\u00fchrt von Sant Joseph hoch zu den Antennenanlagen auf dem Gipfel.<\/span><\/p>\n<p style=\"text-align: center;\"><span style=\"font-family: arial, helvetica, sans-serif; font-size: 12pt; color: #000000;\">Es geht neben dem Weg teilweise steil bergab und man muss tiefe L\u00f6cher passieren.<\/span><\/p>\n<p style=\"text-align: center;\"><span style=\"font-family: arial, helvetica, sans-serif; font-size: 12pt; color: #000000;\">Oben angekommen, wird man mit einem fantastischen Rundumblickt belohnt.<\/span><\/p>\n<p style=\"text-align: center;\">\u00a0<\/p>\n<p style=\"text-align: center;\"><span style=\"font-family: arial, helvetica, sans-serif; font-size: 12pt; color: #000000;\"><a style=\"color: #000000;\" href=\"https:\/\/welcome-ontour.de\/wordpress\/wp-content\/uploads\/2024\/09\/2024-06-25-09.jpg\" target=\"_blank\" rel=\"noopener\"><img decoding=\"async\" class=\"wp-image-23375 aligncenter\" src=\"https:\/\/welcome-ontour.de\/wordpress\/wp-content\/uploads\/2024\/09\/2024-06-25-09.jpg\" alt=\"\" width=\"810\" height=\"376\" srcset=\"https:\/\/welcome-ontour.de\/wordpress\/wp-content\/uploads\/2024\/09\/2024-06-25-09.jpg 1606w, https:\/\/welcome-ontour.de\/wordpress\/wp-content\/uploads\/2024\/09\/2024-06-25-09-300x139.jpg 300w, https:\/\/welcome-ontour.de\/wordpress\/wp-content\/uploads\/2024\/09\/2024-06-25-09-700x325.jpg 700w, https:\/\/welcome-ontour.de\/wordpress\/wp-content\/uploads\/2024\/09\/2024-06-25-09-768x356.jpg 768w, https:\/\/welcome-ontour.de\/wordpress\/wp-content\/uploads\/2024\/09\/2024-06-25-09-1536x713.jpg 1536w, https:\/\/welcome-ontour.de\/wordpress\/wp-content\/uploads\/2024\/09\/2024-06-25-09-1140x529.jpg 1140w\" sizes=\"(max-width: 810px) 100vw, 810px\" \/><\/a><\/span><\/p>\n<p style=\"text-align: center;\">\u00a0<\/p>\n<p style=\"text-align: center;\"><span style=\"font-family: arial, helvetica, sans-serif; font-size: 12pt; color: #000000;\">Wir schlagen uns durchs Gestr\u00fcpp und genie\u00dfen die Aussicht in die untergehende Sonne.<\/span><\/p>\n<p style=\"text-align: center;\"><span style=\"font-family: arial, helvetica, sans-serif; font-size: 12pt; color: #000000;\">1994 haben wir hier schon mal den Sunset erlebt.<\/span><\/p>\n<p style=\"text-align: center;\"><span style=\"font-family: arial, helvetica, sans-serif; font-size: 12pt; color: #000000;\">30 Jahre sp\u00e4ter sitzen wir wieder hier.<\/span><\/p>\n<p style=\"text-align: center;\"><span style=\"font-family: arial, helvetica, sans-serif; font-size: 12pt; color: #000000;\">Zur\u00fcck in Sant Antoni sind wir kurz nach dem Sonnenuntergang.<\/span><\/p>\n<p style=\"text-align: center;\">\u00a0<\/p>\n<p style=\"text-align: center;\"><span style=\"font-family: arial, helvetica, sans-serif; font-size: 12pt; color: #000000;\"><a style=\"color: #000000;\" href=\"https:\/\/welcome-ontour.de\/wordpress\/wp-content\/uploads\/2024\/09\/2024-06-25-10.jpg\" target=\"_blank\" rel=\"noopener\"><img decoding=\"async\" class=\"wp-image-23376 aligncenter\" src=\"https:\/\/welcome-ontour.de\/wordpress\/wp-content\/uploads\/2024\/09\/2024-06-25-10.jpg\" alt=\"\" width=\"810\" height=\"376\" srcset=\"https:\/\/welcome-ontour.de\/wordpress\/wp-content\/uploads\/2024\/09\/2024-06-25-10.jpg 1606w, https:\/\/welcome-ontour.de\/wordpress\/wp-content\/uploads\/2024\/09\/2024-06-25-10-300x139.jpg 300w, https:\/\/welcome-ontour.de\/wordpress\/wp-content\/uploads\/2024\/09\/2024-06-25-10-700x325.jpg 700w, https:\/\/welcome-ontour.de\/wordpress\/wp-content\/uploads\/2024\/09\/2024-06-25-10-768x356.jpg 768w, https:\/\/welcome-ontour.de\/wordpress\/wp-content\/uploads\/2024\/09\/2024-06-25-10-1536x713.jpg 1536w, https:\/\/welcome-ontour.de\/wordpress\/wp-content\/uploads\/2024\/09\/2024-06-25-10-1140x529.jpg 1140w\" sizes=\"(max-width: 810px) 100vw, 810px\" \/><\/a><\/span><\/p>\n<p style=\"text-align: center;\">\u00a0<\/p>\n<p style=\"text-align: center;\"><span style=\"font-family: arial, helvetica, sans-serif; font-size: 12pt; color: #000000;\">In der H<sub>2<\/sub>O Bar gibt es kaltes Bier und Sangria.<\/span><\/p>\n<p style=\"text-align: center;\">\u00a0<\/p>\n<p style=\"text-align: center;\"><span style=\"font-family: arial, helvetica, sans-serif; font-size: 12pt; color: #000000;\">Gefahrene Kilometer: 63<\/span><\/p>\n<p style=\"text-align: center;\">\u00a0<\/p>\n<p style=\"text-align: center;\"><span style=\"font-family: arial, helvetica, sans-serif; font-size: 12pt; color: #000000;\">Unterkunft: Osiris Hotel, Sant Antoni de Portmany, Ibiza *****<\/span><\/p>\n<p style=\"text-align: center;\">\u00a0<\/p>\n<p style=\"text-align: center;\"><span style=\"font-family: arial, helvetica, sans-serif; font-size: 12pt; color: #000000;\"><img decoding=\"async\" class=\"wp-image-23247 aligncenter\" src=\"https:\/\/welcome-ontour.de\/wordpress\/wp-content\/uploads\/2024\/08\/2024-06-22-05.jpg\" alt=\"\" width=\"150\" height=\"146\" \/><\/span><\/p>\n<p style=\"text-align: center;\"><span style=\"font-family: arial, helvetica, sans-serif; font-size: 12pt; color: #000000;\"><a style=\"color: #000000;\" href=\"https:\/\/welcome-ontour.de\/wordpress\/index.php\/2024-06-24\"><img decoding=\"async\" class=\"alignleft wp-image-23243\" title=\"Zur\u00fcck\" src=\"https:\/\/welcome-ontour.de\/wordpress\/wp-content\/uploads\/2024\/08\/2024-06-22-01.jpg\" alt=\"\" width=\"38\" height=\"50\" \/><\/a>\u00a0 <a style=\"color: #000000;\" href=\"https:\/\/welcome-ontour.de\/wordpress\/index.php\/2024-06-26\"><img decoding=\"async\" class=\"alignright wp-image-23244\" title=\"Vor\" src=\"https:\/\/welcome-ontour.de\/wordpress\/wp-content\/uploads\/2024\/08\/2024-06-22-02.jpg\" alt=\"\" width=\"38\" height=\"50\" \/><\/a><\/span><\/p>\n","protected":false},"excerpt":{"rendered":"<p>Prolog\u00a0 \u00a0 \u00a0 \u00a0Anreise\u00a0 \u00a0 \u00a0 \u00a0Cala Comte \/ Cala Carbo\u00a0 \u00a0 \u00a0 \u00a0Cala d&#8217;Hort \/Sa Taiassa\u00a0 \u00a0 \u00a0 \u00a0Cala Moli\u00a0 \u00a0 \u00a0 \u00a0Cala Mastella \/ Santa Gertrudis\u00a0 \u00a0 \u00a0 \u00a0Cala Carbo Cala Xarraca \/ Santa Agnes\u00a0 \u00a0 \u00a0 \u00a0Cala Bassa\u00a0 \u00a0 \u00a0 \u00a0Ibiza\u00a0 \u00a0 \u00a0 \u00a0Formentera\u00a0 \u00a0 \u00a0 \u00a0Cala Comte \/ Cala Tarida\u00a0 \u00a0 \u00a0 \u00a0Cala Tarida\u00a0 \u00a0 \u00a0 \u00a0Abreise\u00a0 \u00a0 \u00a0 \u00a0Fazit \u00a0 Di 25.6. \u00a0 Cala d\u2018 Hort \/ Sa Talaia \u00a0 Was gibt es sch\u00f6neres als ein gem\u00fctliches B\u00fcfett-Breakfast in der warmen Morgensonne. Etwa 9:30 zischen wir ab, eine halbe Stunde sp\u00e4ter sind wir am unteren Parkplatz der Cala d\u2019Hort. So fr\u00fch ist es keine Problem hier einen Parkplatz zu bekommen. Uns erwartet ein fast leerer Strand mit herrlicher Kulisse. \u00a0 \u00a0 Rechts die traditionellen Bootsgaragen und das Es Boldado Restaurant. \u00a0 \u00a0 Links die Steilk\u00fcste und die gro\u00dfe Felsinsel Es Vedra. Am Strand und im Wasser ist es recht steinig. Hat man keine Badeschuhe dabei, geht\u2019s auch mit Badelatschen. \u00a0 \u00a0 Das Wasser hat 24\u00b0 und ist herrlich sauber. Zudem ist es fast windstill, wir genie\u00dfen jede Minute. Bis zum fr\u00fchen Nachmittag haben wir mit ausgiebigem Relaxing zu tun. Weil die Parkm\u00f6glichkeiten begrenzt sind, wird es auch nicht voll, sehr angenehm. Im Strandrestaurant genehmigen wir uns Gaspacho und Salat. \u00a0 \u00a0 Als wir aufbrechen, ist es schon um vier. Wir halten noch oben am Parkplatz mit der engen Zufahrt. Von hier hat man einen sch\u00f6nen Blick auf die Cala d\u2019Hort &nbsp; &nbsp; und weiter vorn auf Es Vedra. \u00a0 \u00a0 Auf unserem Balkon gibt es eine entspannte Siesta. Nach dem reichhaltigen Abendessen setzen wir uns nochmal ins Auto und fahren auf den Berg. Der Sa Talaia ist mit 500 m der h\u00f6chste Erhebung Ibizas. H\u00f6rt sich nicht viel an, hat es aber in sich. Die tief stehende Abendsonne taucht die Landschaft in ein wunderbares Licht. \u00a0 \u00a0 Eine unbefestigte Schotterpiste f\u00fchrt von Sant Joseph hoch zu den Antennenanlagen auf dem Gipfel. Es geht neben dem Weg teilweise steil bergab und man muss tiefe L\u00f6cher passieren. Oben angekommen, wird man mit einem fantastischen Rundumblickt belohnt. \u00a0 \u00a0 Wir schlagen uns durchs Gestr\u00fcpp und genie\u00dfen die Aussicht in die untergehende Sonne. 1994 haben wir hier schon mal den Sunset erlebt. 30 Jahre sp\u00e4ter sitzen wir wieder hier. Zur\u00fcck in Sant Antoni sind wir kurz nach dem Sonnenuntergang. \u00a0 \u00a0 In der H2O Bar gibt es kaltes Bier und Sangria. \u00a0 Gefahrene Kilometer: 63 \u00a0 Unterkunft: Osiris Hotel, Sant Antoni de Portmany, Ibiza ***** \u00a0 \u00a0<\/p>\n","protected":false},"author":1,"featured_media":0,"parent":0,"menu_order":0,"comment_status":"closed","ping_status":"closed","template":"","meta":{"footnotes":""},"class_list":["post-23267","page","type-page","status-publish","hentry"],"_links":{"self":[{"href":"https:\/\/welcome-ontour.de\/wordpress\/index.php\/wp-json\/wp\/v2\/pages\/23267","targetHints":{"allow":["GET"]}}],"collection":[{"href":"https:\/\/welcome-ontour.de\/wordpress\/index.php\/wp-json\/wp\/v2\/pages"}],"about":[{"href":"https:\/\/welcome-ontour.de\/wordpress\/index.php\/wp-json\/wp\/v2\/types\/page"}],"author":[{"embeddable":true,"href":"https:\/\/welcome-ontour.de\/wordpress\/index.php\/wp-json\/wp\/v2\/users\/1"}],"replies":[{"embeddable":true,"href":"https:\/\/welcome-ontour.de\/wordpress\/index.php\/wp-json\/wp\/v2\/comments?post=23267"}],"version-history":[{"count":8,"href":"https:\/\/welcome-ontour.de\/wordpress\/index.php\/wp-json\/wp\/v2\/pages\/23267\/revisions"}],"predecessor-version":[{"id":26104,"href":"https:\/\/welcome-ontour.de\/wordpress\/index.php\/wp-json\/wp\/v2\/pages\/23267\/revisions\/26104"}],"wp:attachment":[{"href":"https:\/\/welcome-ontour.de\/wordpress\/index.php\/wp-json\/wp\/v2\/media?parent=23267"}],"curies":[{"name":"wp","href":"https:\/\/api.w.org\/{rel}","templated":true}]}}