{"id":23223,"date":"2024-06-19T09:32:51","date_gmt":"2024-06-19T09:32:51","guid":{"rendered":"https:\/\/welcome-ontour.de\/wordpress\/?page_id=23223"},"modified":"2025-08-30T17:41:10","modified_gmt":"2025-08-30T17:41:10","slug":"2024-05-03-fazit","status":"publish","type":"page","link":"https:\/\/welcome-ontour.de\/wordpress\/index.php\/2024-05-03-fazit\/","title":{"rendered":"2024 05 03 fazit"},"content":{"rendered":"<p style=\"text-align: center;\"><span style=\"font-family: arial, helvetica, sans-serif; font-size: 8pt; color: #000000;\"><a style=\"color: #000000;\" href=\"https:\/\/welcome-ontour.de\/wordpress\/index.php\/2024-04-26-prolog\/\">Prolog<\/a>\u00a0 \u00a0 \u00a0 \u00a0<a style=\"color: #000000;\" href=\"https:\/\/welcome-ontour.de\/wordpress\/index.php\/2024-04-27\">Anreise<\/a>\u00a0 \u00a0 \u00a0 \u00a0<a style=\"color: #000000;\" href=\"https:\/\/welcome-ontour.de\/wordpress\/index.php\/2024-04-28\">Arthurs Seat<\/a>\u00a0 \u00a0 \u00a0 \u00a0<a style=\"color: #000000;\" href=\"https:\/\/welcome-ontour.de\/wordpress\/index.php\/2024-04-29\">Edinburgh Castle<\/a>\u00a0 \u00a0 \u00a0 \u00a0<a style=\"color: #000000;\" href=\"https:\/\/welcome-ontour.de\/wordpress\/index.php\/2024-04-30\">Rosslyn Chapel<\/a>\u00a0 \u00a0 \u00a0 \u00a0<a style=\"color: #000000;\" href=\"https:\/\/welcome-ontour.de\/wordpress\/index.php\/2024-05-01\">Carlton Hill \/ National Galerie<\/a>\u00a0 \u00a0 \u00a0 \u00a0<a style=\"color: #000000;\" href=\"https:\/\/welcome-ontour.de\/wordpress\/index.php\/2024-05-02\">Abreise<\/a>\u00a0 \u00a0 \u00a0 \u00a0<a style=\"color: #000000;\" href=\"https:\/\/welcome-ontour.de\/wordpress\/index.php\/2024-05-03-fazit\">Fazit<\/a><\/span><\/p>\n<p><span style=\"color: #000000;\"><a style=\"color: #000000;\" href=\"https:\/\/welcome-ontour.de\/wordpress\/index.php\/2024-05-02\"><img decoding=\"async\" class=\"alignleft wp-image-23192\" src=\"https:\/\/welcome-ontour.de\/wordpress\/wp-content\/uploads\/2024\/04\/2024-04-26-01.jpg\" alt=\"\" width=\"100\" height=\"40\" \/><\/a> \u00a0 <a style=\"color: #000000;\" href=\"https:\/\/welcome-ontour.de\/wordpress\/index.php\/reiseberichte\/\"><img decoding=\"async\" class=\"alignright wp-image-23193\" src=\"https:\/\/welcome-ontour.de\/wordpress\/wp-content\/uploads\/2024\/04\/2024-04-26-02.jpg\" alt=\"\" width=\"100\" height=\"40\" \/><\/a><\/span><\/p>\n<p>&nbsp;<\/p>\n<p style=\"text-align: center;\"><span style=\"font-size: 14pt; color: #000000;\"><strong><span style=\"font-family: arial, helvetica, sans-serif;\">Fazit<\/span><\/strong><\/span><\/p>\n<p style=\"text-align: center;\">\u00a0<\/p>\n<p style=\"text-align: center;\"><span style=\"font-family: arial, helvetica, sans-serif; font-size: 12pt; color: #000000;\">Edinburgh ist eine Reise wert, k\u00f6nnen wir so best\u00e4tigen.<\/span><\/p>\n<p style=\"text-align: center;\"><span style=\"font-family: arial, helvetica, sans-serif; font-size: 12pt; color: #000000;\">Schottlands Hauptstadt bietet Kultur, Traditionen, britischen Charme und Gastfreundlichkeit.<\/span><\/p>\n<p style=\"text-align: center;\"><span style=\"font-family: arial, helvetica, sans-serif; font-size: 12pt; color: #000000;\">Wer hier ein angenehm mildes Klima erwartet, wird entt\u00e4uscht sein.<\/span><\/p>\n<p style=\"text-align: center;\"><span style=\"font-family: arial, helvetica, sans-serif; font-size: 12pt; color: #000000;\">F\u00fcr den Notfall hatten wir winterliche Jacken dabei und die haben wir kaum ausgezogen.<\/span><\/p>\n<p style=\"text-align: center;\"><span style=\"font-family: arial, helvetica, sans-serif; font-size: 12pt; color: #000000;\">Au\u00dfentemperaturen von maximal 8 bis 10\u00b0C und ein unangenehmer Wind waren alles andere als einladend.<\/span><\/p>\n<p style=\"text-align: center;\"><span style=\"font-family: arial, helvetica, sans-serif; font-size: 12pt; color: #000000;\">Aber das wussten wir vorher und waren darauf eingestellt.<\/span><\/p>\n<p style=\"text-align: center;\"><span style=\"font-family: arial, helvetica, sans-serif; font-size: 12pt; color: #000000;\">Die Unterkunft in Gehweite zu allen Highlights der Innenstadt zu haben, erwies sich als gro\u00dfer Vorteil.<\/span><\/p>\n<p style=\"text-align: center;\"><span style=\"font-family: arial, helvetica, sans-serif; font-size: 12pt; color: #000000;\">Und wenn wir mal weiter weg wollten, war die Nutzung des \u00f6ffentlichen Busnetzes kein Problem.<\/span><\/p>\n<p style=\"text-align: center;\"><span style=\"font-family: arial, helvetica, sans-serif; font-size: 12pt; color: #000000;\">Dank Smartphone findet man Linie und Haltestelle, bezahlt wird beim Fahrer.<\/span><\/p>\n<p style=\"text-align: center;\"><span style=\"font-family: arial, helvetica, sans-serif; font-size: 12pt; color: #000000;\">Oftmals war es nicht ganz einfach, abends einen Restaurant-Tisch f\u00fcr uns sieben zu bekommen.<\/span><\/p>\n<p style=\"text-align: center;\"><span style=\"font-family: arial, helvetica, sans-serif; font-size: 12pt; color: #000000;\">Da waren dann mehrere Versuche f\u00e4llig.<\/span><\/p>\n<p style=\"text-align: center;\">\u00a0<\/p>\n<p style=\"text-align: center;\"><span style=\"font-family: arial, helvetica, sans-serif; font-size: 12pt; color: #000000;\"><img decoding=\"async\" class=\"size-full wp-image-23832 aligncenter\" src=\"https:\/\/welcome-ontour.de\/wordpress\/wp-content\/uploads\/2024\/12\/2024-05-03-01.jpg\" alt=\"\" width=\"810\" height=\"563\" srcset=\"https:\/\/welcome-ontour.de\/wordpress\/wp-content\/uploads\/2024\/12\/2024-05-03-01.jpg 810w, https:\/\/welcome-ontour.de\/wordpress\/wp-content\/uploads\/2024\/12\/2024-05-03-01-300x209.jpg 300w, https:\/\/welcome-ontour.de\/wordpress\/wp-content\/uploads\/2024\/12\/2024-05-03-01-700x487.jpg 700w, https:\/\/welcome-ontour.de\/wordpress\/wp-content\/uploads\/2024\/12\/2024-05-03-01-768x534.jpg 768w\" sizes=\"(max-width: 810px) 100vw, 810px\" \/><\/span><\/p>\n<p style=\"text-align: center;\">\u00a0<\/p>\n<p style=\"text-align: center;\"><span style=\"font-family: arial, helvetica, sans-serif; font-size: 12pt; color: #000000;\">Die An- und Abreise war v\u00f6llig problemlos.<\/span><\/p>\n<p style=\"text-align: center;\"><span style=\"font-family: arial, helvetica, sans-serif; font-size: 12pt; color: #000000;\">Ein kurzer 2h-Flug und eine 30 min\u00fctige Busfahrt, das war\u2019s.<\/span><\/p>\n<p style=\"text-align: center;\"><span style=\"font-family: arial, helvetica, sans-serif; font-size: 12pt; color: #000000;\">F\u00fcr die Einreise wird ein g\u00fcltiger Reisepass ben\u00f6tigt, sollte man im Hinterkopf haben.<\/span><\/p>\n<p style=\"text-align: center;\"><span style=\"font-family: arial, helvetica, sans-serif; font-size: 12pt; color: #000000;\">Die Fl\u00fcge mit Easyjet waren easy.<\/span><\/p>\n<p style=\"text-align: center;\"><span style=\"font-family: arial, helvetica, sans-serif; font-size: 12pt; color: #000000;\">Buchung, Kosten, Service und P\u00fcnktlichkeit alles super.<\/span><\/p>\n<p style=\"text-align: center;\"><span style=\"font-family: arial, helvetica, sans-serif; font-size: 12pt; color: #000000;\">Die \u00fcberschaubaren Mehrkosten f\u00fcr Sitze mit gr\u00f6\u00dferer Beinfreiheit waren jeden Penny wert.<\/span><\/p>\n<p style=\"text-align: center;\"><span style=\"font-family: arial, helvetica, sans-serif; font-size: 12pt; color: #000000;\">Auch mit unserem Hotel waren wir sehr zufrieden.<\/span><\/p>\n<p style=\"text-align: center;\"><span style=\"font-family: arial, helvetica, sans-serif; font-size: 12pt; color: #000000;\">Der recht moderne Glaspalast war uns eine angenehme Herberge mit hervorragendem Komfort.<\/span><\/p>\n<p style=\"text-align: center;\">\u00a0<\/p>\n<p style=\"text-align: center;\"><span style=\"font-family: arial, helvetica, sans-serif; font-size: 12pt; color: #000000;\"><img decoding=\"async\" class=\"size-full wp-image-23833 aligncenter\" src=\"https:\/\/welcome-ontour.de\/wordpress\/wp-content\/uploads\/2024\/12\/2024-05-03-02.jpg\" alt=\"\" width=\"810\" height=\"563\" srcset=\"https:\/\/welcome-ontour.de\/wordpress\/wp-content\/uploads\/2024\/12\/2024-05-03-02.jpg 810w, https:\/\/welcome-ontour.de\/wordpress\/wp-content\/uploads\/2024\/12\/2024-05-03-02-300x209.jpg 300w, https:\/\/welcome-ontour.de\/wordpress\/wp-content\/uploads\/2024\/12\/2024-05-03-02-700x487.jpg 700w, https:\/\/welcome-ontour.de\/wordpress\/wp-content\/uploads\/2024\/12\/2024-05-03-02-768x534.jpg 768w\" sizes=\"(max-width: 810px) 100vw, 810px\" \/><\/span><\/p>\n<p style=\"text-align: center;\">\u00a0<\/p>\n<p style=\"text-align: center;\"><span style=\"font-family: arial, helvetica, sans-serif; font-size: 12pt; color: #000000;\">Was hat das alles gekostet?<\/span><\/p>\n<p style=\"text-align: center;\"><span style=\"font-family: arial, helvetica, sans-serif; font-size: 12pt; color: #000000;\">Die Fl\u00fcge haben wir 10 Monate vor Reiseantritt direkt bei der Airline gebucht.<\/span><\/p>\n<p style=\"text-align: center;\"><span style=\"font-family: arial, helvetica, sans-serif; font-size: 12pt; color: #000000;\">Inklusive Mehrkosten f\u00fcr Notausgangspl\u00e4tze waren daf\u00fcr 148 Euro pro Person f\u00e4llig.<\/span><\/p>\n<p style=\"text-align: center;\"><span style=\"font-family: arial, helvetica, sans-serif; font-size: 12pt; color: #000000;\">F\u00fcr die Unterkunft waren wir bereit, etwas tiefer in die Tasche zu greifen.<\/span><\/p>\n<p style=\"text-align: center;\"><span style=\"font-family: arial, helvetica, sans-serif; font-size: 12pt; color: #000000;\">F\u00fcnf \u00dcbernachtungen mit Fr\u00fchst\u00fcck haben 905 britische Pfund pro Doppelzimmer gekostet.<\/span><\/p>\n<p style=\"text-align: center;\"><span style=\"font-family: arial, helvetica, sans-serif; font-size: 12pt; color: #000000;\">Das waren zu unserer Reisezeit etwa 1.100 Euro.<\/span><\/p>\n<p style=\"text-align: center;\"><span style=\"font-family: arial, helvetica, sans-serif; font-size: 12pt; color: #000000;\">Viel Geld, aber auch viel Gegenwert.<\/span><\/p>\n<p style=\"text-align: center;\">\u00a0<\/p>\n<p style=\"text-align: center;\"><span style=\"font-family: arial, helvetica, sans-serif; font-size: 12pt; color: #000000;\"><img decoding=\"async\" class=\"size-full wp-image-23834 aligncenter\" src=\"https:\/\/welcome-ontour.de\/wordpress\/wp-content\/uploads\/2024\/12\/2024-05-03-03.jpg\" alt=\"\" width=\"810\" height=\"563\" srcset=\"https:\/\/welcome-ontour.de\/wordpress\/wp-content\/uploads\/2024\/12\/2024-05-03-03.jpg 810w, https:\/\/welcome-ontour.de\/wordpress\/wp-content\/uploads\/2024\/12\/2024-05-03-03-300x209.jpg 300w, https:\/\/welcome-ontour.de\/wordpress\/wp-content\/uploads\/2024\/12\/2024-05-03-03-700x487.jpg 700w, https:\/\/welcome-ontour.de\/wordpress\/wp-content\/uploads\/2024\/12\/2024-05-03-03-768x534.jpg 768w\" sizes=\"(max-width: 810px) 100vw, 810px\" \/><\/span><\/p>\n<p style=\"text-align: center;\">\u00a0<\/p>\n<p style=\"text-align: center;\"><span style=\"font-family: arial, helvetica, sans-serif; font-size: 12pt; color: #000000;\">Das Preisniveau in Edinburgh ist etwa mit dem in Berlin vergleichbar.<\/span><\/p>\n<p style=\"text-align: center;\"><span style=\"font-family: arial, helvetica, sans-serif; font-size: 12pt; color: #000000;\">Man kann in Pubs g\u00fcnstig seinen Durst stillen oder einen Imbiss nehmen.<\/span><\/p>\n<p style=\"text-align: center;\"><span style=\"font-family: arial, helvetica, sans-serif; font-size: 12pt; color: #000000;\">Andererseits findet man auch Restaurants mit annehmbaren Preisen.<\/span><\/p>\n<p style=\"text-align: center;\"><span style=\"font-family: arial, helvetica, sans-serif; font-size: 12pt; color: #000000;\">Alles in allem gab es keine unangenehmen \u00dcberraschungen.<\/span><\/p>\n<p style=\"text-align: center;\">\u00a0<\/p>\n<p style=\"text-align: center;\"><span style=\"font-family: arial, helvetica, sans-serif; font-size: 12pt; color: #000000;\"><img decoding=\"async\" class=\"size-full wp-image-23835 aligncenter\" src=\"https:\/\/welcome-ontour.de\/wordpress\/wp-content\/uploads\/2024\/12\/2024-05-03-04.jpg\" alt=\"\" width=\"810\" height=\"563\" srcset=\"https:\/\/welcome-ontour.de\/wordpress\/wp-content\/uploads\/2024\/12\/2024-05-03-04.jpg 810w, https:\/\/welcome-ontour.de\/wordpress\/wp-content\/uploads\/2024\/12\/2024-05-03-04-300x209.jpg 300w, https:\/\/welcome-ontour.de\/wordpress\/wp-content\/uploads\/2024\/12\/2024-05-03-04-700x487.jpg 700w, https:\/\/welcome-ontour.de\/wordpress\/wp-content\/uploads\/2024\/12\/2024-05-03-04-768x534.jpg 768w\" sizes=\"(max-width: 810px) 100vw, 810px\" \/><\/span><\/p>\n<p style=\"text-align: center;\">\u00a0<\/p>\n<p style=\"text-align: center;\"><span style=\"font-family: arial, helvetica, sans-serif; font-size: 12pt; color: #000000;\">Die sechs schottischen Tage haben uns allen gut gefallen.<\/span><\/p>\n<p style=\"text-align: center;\"><span style=\"font-family: arial, helvetica, sans-serif; font-size: 12pt; color: #000000;\">Was zu gro\u00dfen Teilen auch an uns selbst liegt.<\/span><\/p>\n<p style=\"text-align: center;\"><span style=\"font-family: arial, helvetica, sans-serif; font-size: 12pt; color: #000000;\">Und genau deswegen werden wir auch kommende Reisen in dieser Konstellation unternehmen.<\/span><\/p>\n<p style=\"text-align: center;\"><span style=\"font-family: arial, helvetica, sans-serif; font-size: 12pt; color: #000000;\">Das Reiseziel f\u00fcr das kommende Jahr steht bereits fest.<\/span><\/p>\n<p style=\"text-align: center;\"><span style=\"font-family: arial, helvetica, sans-serif; font-size: 12pt; color: #000000;\">Wo es hingeht, k\u00f6nnt ihr zu gegebener Zeit hier nachlesen.<\/span><\/p>\n<p style=\"text-align: center;\"><span style=\"font-family: arial, helvetica, sans-serif; font-size: 12pt; color: #000000;\">Also lasst euch \u00fcberraschen, seid gegr\u00fc\u00dft und macht\u2019s gut Leute.<\/span><\/p>\n<p style=\"text-align: center;\">\u00a0<\/p>\n<p style=\"text-align: center;\"><span style=\"font-family: arial, helvetica, sans-serif; font-size: 12pt; color: #000000;\"><img decoding=\"async\" class=\"size-full wp-image-23836 aligncenter\" src=\"https:\/\/welcome-ontour.de\/wordpress\/wp-content\/uploads\/2024\/12\/2024-05-03-05.jpg\" alt=\"\" width=\"638\" height=\"810\" srcset=\"https:\/\/welcome-ontour.de\/wordpress\/wp-content\/uploads\/2024\/12\/2024-05-03-05.jpg 638w, https:\/\/welcome-ontour.de\/wordpress\/wp-content\/uploads\/2024\/12\/2024-05-03-05-236x300.jpg 236w\" sizes=\"(max-width: 638px) 100vw, 638px\" \/><\/span><\/p>\n<p>&nbsp;<\/p>\n<p><span style=\"color: #000000;\"><img decoding=\"async\" class=\"aligncenter wp-image-23194\" src=\"https:\/\/welcome-ontour.de\/wordpress\/wp-content\/uploads\/2024\/04\/2024-04-26-06.jpg\" alt=\"\" width=\"150\" height=\"150\" srcset=\"https:\/\/welcome-ontour.de\/wordpress\/wp-content\/uploads\/2024\/04\/2024-04-26-06.jpg 300w, https:\/\/welcome-ontour.de\/wordpress\/wp-content\/uploads\/2024\/04\/2024-04-26-06-150x150.jpg 150w, https:\/\/welcome-ontour.de\/wordpress\/wp-content\/uploads\/2024\/04\/2024-04-26-06-75x75.jpg 75w\" sizes=\"(max-width: 150px) 100vw, 150px\" \/><\/span><\/p>\n<p><span style=\"color: #000000;\"><a style=\"color: #000000;\" href=\"https:\/\/welcome-ontour.de\/wordpress\/index.php\/2024-05-02\"><img decoding=\"async\" class=\"alignleft wp-image-23192\" src=\"https:\/\/welcome-ontour.de\/wordpress\/wp-content\/uploads\/2024\/04\/2024-04-26-01.jpg\" alt=\"\" width=\"100\" height=\"40\" \/><\/a> \u00a0 <a style=\"color: #000000;\" href=\"https:\/\/welcome-ontour.de\/wordpress\/index.php\/reiseberichte\/\"><img decoding=\"async\" class=\"alignright wp-image-23193\" src=\"https:\/\/welcome-ontour.de\/wordpress\/wp-content\/uploads\/2024\/04\/2024-04-26-02.jpg\" alt=\"\" width=\"100\" height=\"40\" \/><\/a><\/span><\/p>\n","protected":false},"excerpt":{"rendered":"<p>Prolog\u00a0 \u00a0 \u00a0 \u00a0Anreise\u00a0 \u00a0 \u00a0 \u00a0Arthurs Seat\u00a0 \u00a0 \u00a0 \u00a0Edinburgh Castle\u00a0 \u00a0 \u00a0 \u00a0Rosslyn Chapel\u00a0 \u00a0 \u00a0 \u00a0Carlton Hill \/ National Galerie\u00a0 \u00a0 \u00a0 \u00a0Abreise\u00a0 \u00a0 \u00a0 \u00a0Fazit \u00a0 &nbsp; Fazit \u00a0 Edinburgh ist eine Reise wert, k\u00f6nnen wir so best\u00e4tigen. Schottlands Hauptstadt bietet Kultur, Traditionen, britischen Charme und Gastfreundlichkeit. Wer hier ein angenehm mildes Klima erwartet, wird entt\u00e4uscht sein. F\u00fcr den Notfall hatten wir winterliche Jacken dabei und die haben wir kaum ausgezogen. Au\u00dfentemperaturen von maximal 8 bis 10\u00b0C und ein unangenehmer Wind waren alles andere als einladend. Aber das wussten wir vorher und waren darauf eingestellt. Die Unterkunft in Gehweite zu allen Highlights der Innenstadt zu haben, erwies sich als gro\u00dfer Vorteil. Und wenn wir mal weiter weg wollten, war die Nutzung des \u00f6ffentlichen Busnetzes kein Problem. Dank Smartphone findet man Linie und Haltestelle, bezahlt wird beim Fahrer. Oftmals war es nicht ganz einfach, abends einen Restaurant-Tisch f\u00fcr uns sieben zu bekommen. Da waren dann mehrere Versuche f\u00e4llig. \u00a0 \u00a0 Die An- und Abreise war v\u00f6llig problemlos. Ein kurzer 2h-Flug und eine 30 min\u00fctige Busfahrt, das war\u2019s. F\u00fcr die Einreise wird ein g\u00fcltiger Reisepass ben\u00f6tigt, sollte man im Hinterkopf haben. Die Fl\u00fcge mit Easyjet waren easy. Buchung, Kosten, Service und P\u00fcnktlichkeit alles super. Die \u00fcberschaubaren Mehrkosten f\u00fcr Sitze mit gr\u00f6\u00dferer Beinfreiheit waren jeden Penny wert. Auch mit unserem Hotel waren wir sehr zufrieden. Der recht moderne Glaspalast war uns eine angenehme Herberge mit hervorragendem Komfort. \u00a0 \u00a0 Was hat das alles gekostet? Die Fl\u00fcge haben wir 10 Monate vor Reiseantritt direkt bei der Airline gebucht. Inklusive Mehrkosten f\u00fcr Notausgangspl\u00e4tze waren daf\u00fcr 148 Euro pro Person f\u00e4llig. F\u00fcr die Unterkunft waren wir bereit, etwas tiefer in die Tasche zu greifen. F\u00fcnf \u00dcbernachtungen mit Fr\u00fchst\u00fcck haben 905 britische Pfund pro Doppelzimmer gekostet. Das waren zu unserer Reisezeit etwa 1.100 Euro. Viel Geld, aber auch viel Gegenwert. \u00a0 \u00a0 Das Preisniveau in Edinburgh ist etwa mit dem in Berlin vergleichbar. Man kann in Pubs g\u00fcnstig seinen Durst stillen oder einen Imbiss nehmen. Andererseits findet man auch Restaurants mit annehmbaren Preisen. Alles in allem gab es keine unangenehmen \u00dcberraschungen. \u00a0 \u00a0 Die sechs schottischen Tage haben uns allen gut gefallen. Was zu gro\u00dfen Teilen auch an uns selbst liegt. Und genau deswegen werden wir auch kommende Reisen in dieser Konstellation unternehmen. Das Reiseziel f\u00fcr das kommende Jahr steht bereits fest. Wo es hingeht, k\u00f6nnt ihr zu gegebener Zeit hier nachlesen. Also lasst euch \u00fcberraschen, seid gegr\u00fc\u00dft und macht\u2019s gut Leute. \u00a0 &nbsp; \u00a0<\/p>\n","protected":false},"author":1,"featured_media":0,"parent":0,"menu_order":0,"comment_status":"closed","ping_status":"closed","template":"","meta":{"footnotes":""},"class_list":["post-23223","page","type-page","status-publish","hentry"],"_links":{"self":[{"href":"https:\/\/welcome-ontour.de\/wordpress\/index.php\/wp-json\/wp\/v2\/pages\/23223","targetHints":{"allow":["GET"]}}],"collection":[{"href":"https:\/\/welcome-ontour.de\/wordpress\/index.php\/wp-json\/wp\/v2\/pages"}],"about":[{"href":"https:\/\/welcome-ontour.de\/wordpress\/index.php\/wp-json\/wp\/v2\/types\/page"}],"author":[{"embeddable":true,"href":"https:\/\/welcome-ontour.de\/wordpress\/index.php\/wp-json\/wp\/v2\/users\/1"}],"replies":[{"embeddable":true,"href":"https:\/\/welcome-ontour.de\/wordpress\/index.php\/wp-json\/wp\/v2\/comments?post=23223"}],"version-history":[{"count":7,"href":"https:\/\/welcome-ontour.de\/wordpress\/index.php\/wp-json\/wp\/v2\/pages\/23223\/revisions"}],"predecessor-version":[{"id":26254,"href":"https:\/\/welcome-ontour.de\/wordpress\/index.php\/wp-json\/wp\/v2\/pages\/23223\/revisions\/26254"}],"wp:attachment":[{"href":"https:\/\/welcome-ontour.de\/wordpress\/index.php\/wp-json\/wp\/v2\/media?parent=23223"}],"curies":[{"name":"wp","href":"https:\/\/api.w.org\/{rel}","templated":true}]}}