{"id":23221,"date":"2024-06-19T09:32:05","date_gmt":"2024-06-19T09:32:05","guid":{"rendered":"https:\/\/welcome-ontour.de\/wordpress\/?page_id=23221"},"modified":"2025-08-30T17:39:47","modified_gmt":"2025-08-30T17:39:47","slug":"2024-05-02","status":"publish","type":"page","link":"https:\/\/welcome-ontour.de\/wordpress\/index.php\/2024-05-02\/","title":{"rendered":"2024 05 02"},"content":{"rendered":"<p style=\"text-align: center;\"><span style=\"font-family: arial, helvetica, sans-serif; font-size: 8pt; color: #000000;\"><a style=\"color: #000000;\" href=\"https:\/\/welcome-ontour.de\/wordpress\/index.php\/2024-04-26-prolog\/\">Prolog<\/a>\u00a0 \u00a0 \u00a0 \u00a0<a style=\"color: #000000;\" href=\"https:\/\/welcome-ontour.de\/wordpress\/index.php\/2024-04-27\">Anreise<\/a>\u00a0 \u00a0 \u00a0 \u00a0<a style=\"color: #000000;\" href=\"https:\/\/welcome-ontour.de\/wordpress\/index.php\/2024-04-28\">Arthurs Seat<\/a>\u00a0 \u00a0 \u00a0 \u00a0<a style=\"color: #000000;\" href=\"https:\/\/welcome-ontour.de\/wordpress\/index.php\/2024-04-29\">Edinburgh Castle<\/a>\u00a0 \u00a0 \u00a0 \u00a0<a style=\"color: #000000;\" href=\"https:\/\/welcome-ontour.de\/wordpress\/index.php\/2024-04-30\">Rosslyn Chapel<\/a>\u00a0 \u00a0 \u00a0 \u00a0<a style=\"color: #000000;\" href=\"https:\/\/welcome-ontour.de\/wordpress\/index.php\/2024-05-01\">Carlton Hill \/ National Galerie<\/a>\u00a0 \u00a0 \u00a0 \u00a0<a style=\"color: #000000;\" href=\"https:\/\/welcome-ontour.de\/wordpress\/index.php\/2024-05-02\">Abreise<\/a>\u00a0 \u00a0 \u00a0 \u00a0<a style=\"color: #000000;\" href=\"https:\/\/welcome-ontour.de\/wordpress\/index.php\/2024-05-03-fazit\">Fazit<\/a><\/span><\/p>\n<p><span style=\"color: #000000;\"><a style=\"color: #000000;\" href=\"https:\/\/welcome-ontour.de\/wordpress\/index.php\/2024-05-01\"><img decoding=\"async\" class=\"alignleft wp-image-23192\" src=\"https:\/\/welcome-ontour.de\/wordpress\/wp-content\/uploads\/2024\/04\/2024-04-26-01.jpg\" alt=\"\" width=\"100\" height=\"40\" \/><\/a> \u00a0 <a style=\"color: #000000;\" href=\"https:\/\/welcome-ontour.de\/wordpress\/index.php\/2024-05-03-fazit\"><img decoding=\"async\" class=\"alignright wp-image-23193\" src=\"https:\/\/welcome-ontour.de\/wordpress\/wp-content\/uploads\/2024\/04\/2024-04-26-02.jpg\" alt=\"\" width=\"100\" height=\"40\" \/><\/a><\/span><\/p>\n<p>&nbsp;<\/p>\n<p style=\"text-align: center;\"><span style=\"color: #000000;\"><strong><span style=\"font-family: arial, helvetica, sans-serif; font-size: 14pt;\">Do 2.5.<\/span><\/strong><\/span><\/p>\n<p style=\"text-align: center;\">\u00a0<\/p>\n<p style=\"text-align: center;\"><span style=\"color: #000000;\"><strong><span style=\"font-family: arial, helvetica, sans-serif; font-size: 14pt;\">Abreise<\/span><\/strong><\/span><\/p>\n<p style=\"text-align: center;\">\u00a0<\/p>\n<p style=\"text-align: center;\"><span style=\"font-family: arial, helvetica, sans-serif; font-size: 12pt; color: #000000;\">8 Uhr Fr\u00fchst\u00fcck, 10 Uhr Check Out.<\/span><\/p>\n<p style=\"text-align: center;\"><span style=\"font-family: arial, helvetica, sans-serif; font-size: 12pt; color: #000000;\">Spazieren zur Bushaltestelle an der Princess Street.<\/span><\/p>\n<p style=\"text-align: center;\"><span style=\"font-family: arial, helvetica, sans-serif; font-size: 12pt; color: #000000;\">Bei sch\u00f6nstem Sonnenschein einmal quer durch die Altstadt und am Castle vorbei <\/span><\/p>\n<p style=\"text-align: center;\"><span style=\"font-family: arial, helvetica, sans-serif; font-size: 12pt; color: #000000;\">spazieren wir zur Bushaltestelle an der Princess Street.<\/span><\/p>\n<p style=\"text-align: center;\">\u00a0<\/p>\n<p style=\"text-align: center;\"><span style=\"font-family: arial, helvetica, sans-serif; font-size: 12pt; color: #000000;\"><img decoding=\"async\" class=\"size-full wp-image-23820 aligncenter\" src=\"https:\/\/welcome-ontour.de\/wordpress\/wp-content\/uploads\/2024\/12\/2024-05-02-01.jpg\" alt=\"\" width=\"810\" height=\"368\" srcset=\"https:\/\/welcome-ontour.de\/wordpress\/wp-content\/uploads\/2024\/12\/2024-05-02-01.jpg 810w, https:\/\/welcome-ontour.de\/wordpress\/wp-content\/uploads\/2024\/12\/2024-05-02-01-300x136.jpg 300w, https:\/\/welcome-ontour.de\/wordpress\/wp-content\/uploads\/2024\/12\/2024-05-02-01-700x318.jpg 700w, https:\/\/welcome-ontour.de\/wordpress\/wp-content\/uploads\/2024\/12\/2024-05-02-01-768x349.jpg 768w\" sizes=\"(max-width: 810px) 100vw, 810px\" \/><\/span><\/p>\n<p style=\"text-align: center;\">\u00a0<\/p>\n<p style=\"text-align: center;\"><span style=\"font-family: arial, helvetica, sans-serif; font-size: 12pt; color: #000000;\">Der Airlink 100 bringt uns durch die Vororte in 30 min zum Flughafen.<\/span><\/p>\n<p style=\"text-align: center;\">\u00a0<\/p>\n<p style=\"text-align: center;\"><span style=\"font-family: arial, helvetica, sans-serif; font-size: 12pt; color: #000000;\"><img decoding=\"async\" class=\"aligncenter wp-image-26249\" src=\"https:\/\/welcome-ontour.de\/wordpress\/wp-content\/uploads\/2025\/08\/2024-05-02-02-04.jpg\" alt=\"\" width=\"810\" height=\"349\" srcset=\"https:\/\/welcome-ontour.de\/wordpress\/wp-content\/uploads\/2025\/08\/2024-05-02-02-04.jpg 812w, https:\/\/welcome-ontour.de\/wordpress\/wp-content\/uploads\/2025\/08\/2024-05-02-02-04-300x129.jpg 300w, https:\/\/welcome-ontour.de\/wordpress\/wp-content\/uploads\/2025\/08\/2024-05-02-02-04-700x302.jpg 700w, https:\/\/welcome-ontour.de\/wordpress\/wp-content\/uploads\/2025\/08\/2024-05-02-02-04-768x331.jpg 768w\" sizes=\"(max-width: 810px) 100vw, 810px\" \/><\/span><\/p>\n<p style=\"text-align: center;\">\u00a0<\/p>\n<p style=\"text-align: center;\"><span style=\"font-family: arial, helvetica, sans-serif; font-size: 12pt; color: #000000;\">Nach den entspannten Sicherheitskontrollen verbraten wir unser letztes Reisegeld im Terminal-Pub.<\/span><\/p>\n<p style=\"text-align: center;\"><span style=\"font-family: arial, helvetica, sans-serif; font-size: 12pt; color: #000000;\">Halb eins wird zum Boarding gerufen.<\/span><\/p>\n<p style=\"text-align: center;\">\u00a0<\/p>\n<p style=\"text-align: center;\"><span style=\"font-family: arial, helvetica, sans-serif; font-size: 12pt; color: #000000;\"><img decoding=\"async\" class=\"aligncenter wp-image-26250\" src=\"https:\/\/welcome-ontour.de\/wordpress\/wp-content\/uploads\/2025\/08\/2024-05-02-05-06.jpg\" alt=\"\" width=\"810\" height=\"302\" srcset=\"https:\/\/welcome-ontour.de\/wordpress\/wp-content\/uploads\/2025\/08\/2024-05-02-05-06.jpg 811w, https:\/\/welcome-ontour.de\/wordpress\/wp-content\/uploads\/2025\/08\/2024-05-02-05-06-300x112.jpg 300w, https:\/\/welcome-ontour.de\/wordpress\/wp-content\/uploads\/2025\/08\/2024-05-02-05-06-700x261.jpg 700w, https:\/\/welcome-ontour.de\/wordpress\/wp-content\/uploads\/2025\/08\/2024-05-02-05-06-768x286.jpg 768w\" sizes=\"(max-width: 810px) 100vw, 810px\" \/><\/span><\/p>\n<p style=\"text-align: center;\">\u00a0<\/p>\n<p style=\"text-align: center;\"><span style=\"font-family: arial, helvetica, sans-serif; font-size: 12pt; color: #000000;\">13:20 hebt der recht volle Easyjet Airbus ab.<\/span><\/p>\n<p style=\"text-align: center;\"><span style=\"font-family: arial, helvetica, sans-serif; font-size: 12pt; color: #000000;\">Wir sitzen auf den gleichen bequemen Notausgangspl\u00e4tzen wie bei der Anreise.<\/span><\/p>\n<p style=\"text-align: center;\">\u00a0<\/p>\n<p style=\"text-align: center;\"><span style=\"font-family: arial, helvetica, sans-serif; font-size: 12pt; color: #000000;\"><img decoding=\"async\" class=\"aligncenter wp-image-26251\" src=\"https:\/\/welcome-ontour.de\/wordpress\/wp-content\/uploads\/2025\/08\/2024-05-02-07-09.jpg\" alt=\"\" width=\"810\" height=\"349\" srcset=\"https:\/\/welcome-ontour.de\/wordpress\/wp-content\/uploads\/2025\/08\/2024-05-02-07-09.jpg 812w, https:\/\/welcome-ontour.de\/wordpress\/wp-content\/uploads\/2025\/08\/2024-05-02-07-09-300x129.jpg 300w, https:\/\/welcome-ontour.de\/wordpress\/wp-content\/uploads\/2025\/08\/2024-05-02-07-09-700x302.jpg 700w, https:\/\/welcome-ontour.de\/wordpress\/wp-content\/uploads\/2025\/08\/2024-05-02-07-09-768x331.jpg 768w\" sizes=\"(max-width: 810px) 100vw, 810px\" \/><\/span><\/p>\n<p style=\"text-align: center;\">\u00a0<\/p>\n<p style=\"text-align: center;\"><span style=\"font-family: arial, helvetica, sans-serif; font-size: 12pt; color: #000000;\">Nach zwei Stunden Flug landen wir kurz vor halb f\u00fcnf am BER Airport.<\/span><\/p>\n<p style=\"text-align: center;\">\u00a0<\/p>\n<p style=\"text-align: center;\"><span style=\"font-family: arial, helvetica, sans-serif; font-size: 12pt; color: #000000;\"><img decoding=\"async\" class=\"wp-image-23829 aligncenter\" src=\"https:\/\/welcome-ontour.de\/wordpress\/wp-content\/uploads\/2024\/12\/2024-05-02-10.jpg\" alt=\"\" width=\"555\" height=\"427\" srcset=\"https:\/\/welcome-ontour.de\/wordpress\/wp-content\/uploads\/2024\/12\/2024-05-02-10.jpg 810w, https:\/\/welcome-ontour.de\/wordpress\/wp-content\/uploads\/2024\/12\/2024-05-02-10-300x231.jpg 300w, https:\/\/welcome-ontour.de\/wordpress\/wp-content\/uploads\/2024\/12\/2024-05-02-10-700x538.jpg 700w, https:\/\/welcome-ontour.de\/wordpress\/wp-content\/uploads\/2024\/12\/2024-05-02-10-768x591.jpg 768w\" sizes=\"(max-width: 555px) 100vw, 555px\" \/><\/span><\/p>\n<p style=\"text-align: center;\">\u00a0<\/p>\n<p style=\"text-align: center;\"><span style=\"font-family: arial, helvetica, sans-serif; font-size: 12pt; color: #000000;\">Der Mc Parking Shuttle bringt uns zu unseren Autos und nach einer guten Stunde Fahrt sind wir zu Hause.<\/span><\/p>\n<p style=\"text-align: center;\"><span style=\"font-family: arial, helvetica, sans-serif; font-size: 12pt; color: #000000;\">War sch\u00f6n gewesen.<\/span><\/p>\n<p>&nbsp;<\/p>\n<p><span style=\"color: #000000;\"><img decoding=\"async\" class=\"aligncenter wp-image-23194\" src=\"https:\/\/welcome-ontour.de\/wordpress\/wp-content\/uploads\/2024\/04\/2024-04-26-06.jpg\" alt=\"\" width=\"150\" height=\"150\" srcset=\"https:\/\/welcome-ontour.de\/wordpress\/wp-content\/uploads\/2024\/04\/2024-04-26-06.jpg 300w, https:\/\/welcome-ontour.de\/wordpress\/wp-content\/uploads\/2024\/04\/2024-04-26-06-150x150.jpg 150w, https:\/\/welcome-ontour.de\/wordpress\/wp-content\/uploads\/2024\/04\/2024-04-26-06-75x75.jpg 75w\" sizes=\"(max-width: 150px) 100vw, 150px\" \/><\/span><\/p>\n<p><span style=\"color: #000000;\"><a style=\"color: #000000;\" href=\"https:\/\/welcome-ontour.de\/wordpress\/index.php\/2024-05-01\"><img decoding=\"async\" class=\"alignleft wp-image-23192\" src=\"https:\/\/welcome-ontour.de\/wordpress\/wp-content\/uploads\/2024\/04\/2024-04-26-01.jpg\" alt=\"\" width=\"100\" height=\"40\" \/><\/a> \u00a0 <a style=\"color: #000000;\" href=\"https:\/\/welcome-ontour.de\/wordpress\/index.php\/2024-05-03-fazit\"><img decoding=\"async\" class=\"alignright wp-image-23193\" src=\"https:\/\/welcome-ontour.de\/wordpress\/wp-content\/uploads\/2024\/04\/2024-04-26-02.jpg\" alt=\"\" width=\"100\" height=\"40\" \/><\/a><\/span><\/p>\n","protected":false},"excerpt":{"rendered":"<p>Prolog\u00a0 \u00a0 \u00a0 \u00a0Anreise\u00a0 \u00a0 \u00a0 \u00a0Arthurs Seat\u00a0 \u00a0 \u00a0 \u00a0Edinburgh Castle\u00a0 \u00a0 \u00a0 \u00a0Rosslyn Chapel\u00a0 \u00a0 \u00a0 \u00a0Carlton Hill \/ National Galerie\u00a0 \u00a0 \u00a0 \u00a0Abreise\u00a0 \u00a0 \u00a0 \u00a0Fazit \u00a0 &nbsp; Do 2.5. \u00a0 Abreise \u00a0 8 Uhr Fr\u00fchst\u00fcck, 10 Uhr Check Out. Spazieren zur Bushaltestelle an der Princess Street. Bei sch\u00f6nstem Sonnenschein einmal quer durch die Altstadt und am Castle vorbei spazieren wir zur Bushaltestelle an der Princess Street. \u00a0 \u00a0 Der Airlink 100 bringt uns durch die Vororte in 30 min zum Flughafen. \u00a0 \u00a0 Nach den entspannten Sicherheitskontrollen verbraten wir unser letztes Reisegeld im Terminal-Pub. Halb eins wird zum Boarding gerufen. \u00a0 \u00a0 13:20 hebt der recht volle Easyjet Airbus ab. Wir sitzen auf den gleichen bequemen Notausgangspl\u00e4tzen wie bei der Anreise. \u00a0 \u00a0 Nach zwei Stunden Flug landen wir kurz vor halb f\u00fcnf am BER Airport. \u00a0 \u00a0 Der Mc Parking Shuttle bringt uns zu unseren Autos und nach einer guten Stunde Fahrt sind wir zu Hause. War sch\u00f6n gewesen. &nbsp; \u00a0<\/p>\n","protected":false},"author":1,"featured_media":0,"parent":0,"menu_order":0,"comment_status":"closed","ping_status":"closed","template":"","meta":{"footnotes":""},"class_list":["post-23221","page","type-page","status-publish","hentry"],"_links":{"self":[{"href":"https:\/\/welcome-ontour.de\/wordpress\/index.php\/wp-json\/wp\/v2\/pages\/23221","targetHints":{"allow":["GET"]}}],"collection":[{"href":"https:\/\/welcome-ontour.de\/wordpress\/index.php\/wp-json\/wp\/v2\/pages"}],"about":[{"href":"https:\/\/welcome-ontour.de\/wordpress\/index.php\/wp-json\/wp\/v2\/types\/page"}],"author":[{"embeddable":true,"href":"https:\/\/welcome-ontour.de\/wordpress\/index.php\/wp-json\/wp\/v2\/users\/1"}],"replies":[{"embeddable":true,"href":"https:\/\/welcome-ontour.de\/wordpress\/index.php\/wp-json\/wp\/v2\/comments?post=23221"}],"version-history":[{"count":7,"href":"https:\/\/welcome-ontour.de\/wordpress\/index.php\/wp-json\/wp\/v2\/pages\/23221\/revisions"}],"predecessor-version":[{"id":23236,"href":"https:\/\/welcome-ontour.de\/wordpress\/index.php\/wp-json\/wp\/v2\/pages\/23221\/revisions\/23236"}],"wp:attachment":[{"href":"https:\/\/welcome-ontour.de\/wordpress\/index.php\/wp-json\/wp\/v2\/media?parent=23221"}],"curies":[{"name":"wp","href":"https:\/\/api.w.org\/{rel}","templated":true}]}}