{"id":23178,"date":"2024-04-17T11:31:54","date_gmt":"2024-04-17T11:31:54","guid":{"rendered":"https:\/\/welcome-ontour.de\/wordpress\/?page_id=23178"},"modified":"2024-12-13T08:36:06","modified_gmt":"2024-12-13T08:36:06","slug":"2024-04-26-prolog","status":"publish","type":"page","link":"https:\/\/welcome-ontour.de\/wordpress\/index.php\/2024-04-26-prolog\/","title":{"rendered":"2024 04 26 prolog"},"content":{"rendered":"<p style=\"text-align: center;\"><span style=\"font-family: arial, helvetica, sans-serif; font-size: 8pt; color: #000000;\"><a style=\"color: #000000;\" href=\"https:\/\/welcome-ontour.de\/wordpress\/index.php\/2024-04-26-prolog\/\">Prolog<\/a>\u00a0 \u00a0 \u00a0 \u00a0<a style=\"color: #000000;\" href=\"https:\/\/welcome-ontour.de\/wordpress\/index.php\/2024-04-27\">Anreise<\/a>\u00a0 \u00a0 \u00a0 \u00a0<a style=\"color: #000000;\" href=\"https:\/\/welcome-ontour.de\/wordpress\/index.php\/2024-04-28\">Arthurs Seat<\/a>\u00a0 \u00a0 \u00a0 \u00a0<a style=\"color: #000000;\" href=\"https:\/\/welcome-ontour.de\/wordpress\/index.php\/2024-04-29\">Edinburgh Castle<\/a>\u00a0 \u00a0 \u00a0 \u00a0<a style=\"color: #000000;\" href=\"https:\/\/welcome-ontour.de\/wordpress\/index.php\/2024-04-30\">Rosslyn Chapel<\/a>\u00a0 \u00a0 \u00a0 \u00a0<a style=\"color: #000000;\" href=\"https:\/\/welcome-ontour.de\/wordpress\/index.php\/2024-05-01\">Carlton Hill \/ National Galerie<\/a>\u00a0 \u00a0 \u00a0 \u00a0<a style=\"color: #000000;\" href=\"https:\/\/welcome-ontour.de\/wordpress\/index.php\/2024-05-02\">Abreise<\/a>\u00a0 \u00a0 \u00a0 \u00a0<a style=\"color: #000000;\" href=\"https:\/\/welcome-ontour.de\/wordpress\/index.php\/2024-05-03-fazit\">Fazit<\/a><\/span><\/p>\n<p><span style=\"color: #000000;\"><a style=\"color: #000000;\" href=\"https:\/\/welcome-ontour.de\/wordpress\/index.php\/reiseberichte\/\"><img decoding=\"async\" class=\"alignleft wp-image-23192\" src=\"https:\/\/welcome-ontour.de\/wordpress\/wp-content\/uploads\/2024\/04\/2024-04-26-01.jpg\" alt=\"\" width=\"100\" height=\"40\" \/><\/a> \u00a0 <a style=\"color: #000000;\" href=\"https:\/\/welcome-ontour.de\/wordpress\/index.php\/2024-04-27\"><img decoding=\"async\" class=\"alignright wp-image-23193\" src=\"https:\/\/welcome-ontour.de\/wordpress\/wp-content\/uploads\/2024\/04\/2024-04-26-02.jpg\" alt=\"\" width=\"100\" height=\"40\" \/><\/a><\/span><\/p>\n<p>&nbsp;<\/p>\n<p style=\"text-align: center;\"><span style=\"font-size: 24pt; color: #000000;\"><strong><span style=\"font-family: arial, helvetica, sans-serif;\">Show Me The Way (to the next Whisky Bar)<\/span><\/strong><\/span><\/p>\n<p>&nbsp;<\/p>\n<p style=\"text-align: center;\"><span style=\"color: #000000; font-size: 18pt;\"><strong><span style=\"font-family: arial, helvetica, sans-serif;\">Edinburgh 2024<\/span><\/strong><\/span><\/p>\n<p>&nbsp;<\/p>\n<p><span style=\"color: #000000;\"><img decoding=\"async\" class=\"alignnone size-full wp-image-23179 aligncenter\" src=\"https:\/\/welcome-ontour.de\/wordpress\/wp-content\/uploads\/2024\/04\/2024-04-26-001.jpg\" alt=\"\" width=\"810\" height=\"408\" srcset=\"https:\/\/welcome-ontour.de\/wordpress\/wp-content\/uploads\/2024\/04\/2024-04-26-001.jpg 810w, https:\/\/welcome-ontour.de\/wordpress\/wp-content\/uploads\/2024\/04\/2024-04-26-001-300x151.jpg 300w, https:\/\/welcome-ontour.de\/wordpress\/wp-content\/uploads\/2024\/04\/2024-04-26-001-700x353.jpg 700w, https:\/\/welcome-ontour.de\/wordpress\/wp-content\/uploads\/2024\/04\/2024-04-26-001-768x387.jpg 768w\" sizes=\"(max-width: 810px) 100vw, 810px\" \/><\/span><\/p>\n<p>&nbsp;<\/p>\n<p style=\"text-align: center;\"><span style=\"color: #000000;\"><strong><span style=\"font-family: arial, helvetica, sans-serif; font-size: 14pt;\">Prolog<\/span><\/strong><\/span><\/p>\n<p>&nbsp;<\/p>\n<p style=\"text-align: center;\"><span style=\"font-family: arial, helvetica, sans-serif; font-size: 12pt; color: #000000;\">Schon wieder ist ein Jahr vergangen und der Mai in Sicht.<\/span><\/p>\n<p style=\"text-align: center;\"><span style=\"font-family: arial, helvetica, sans-serif; font-size: 12pt; color: #000000;\">Die Dorfreisegruppe ist auch 2024 wieder unterwegs.<\/span><\/p>\n<p style=\"text-align: center;\"><span style=\"font-family: arial, helvetica, sans-serif; font-size: 12pt; color: #000000;\">Bereits im Sp\u00e4tsommer des Vorjahres haben wir uns auf ein Reiseziel geeinigt.<\/span><\/p>\n<p style=\"text-align: center;\"><span style=\"font-family: arial, helvetica, sans-serif; font-size: 12pt; color: #000000;\">Edinburgh, die Hauptstadt Schottlands bietet eine Vielzahl an Highlights <\/span><\/p>\n<p style=\"text-align: center;\"><span style=\"font-family: arial, helvetica, sans-serif; font-size: 12pt; color: #000000;\">und wird von Berlin direkt angeflogen.<\/span><\/p>\n<p style=\"text-align: center;\"><span style=\"font-family: arial, helvetica, sans-serif; font-size: 12pt; color: #000000;\">Mit acht Monaten Vorlauf bekommen wir bei Easyjet relativ g\u00fcnstige Flugtickets.<\/span><\/p>\n<p style=\"text-align: center;\"><span style=\"font-family: arial, helvetica, sans-serif; font-size: 12pt; color: #000000;\">Wir wollten eine Unterkunft in Gehweite zur Innenstadt.<\/span><\/p>\n<p style=\"text-align: center;\"><span style=\"font-family: arial, helvetica, sans-serif; font-size: 12pt; color: #000000;\">M\u00f6glichst mit zuverl\u00e4ssigem Standard, m\u00f6glichst mit Fr\u00fchst\u00fcck und m\u00f6glichst keine Fantasiepreise.<\/span><\/p>\n<p style=\"text-align: center;\"><span style=\"font-family: arial, helvetica, sans-serif; font-size: 12pt; color: #000000;\">Letzteres war die gr\u00f6\u00dfte H\u00fcrde.<\/span><\/p>\n<p style=\"text-align: center;\"><span style=\"font-family: arial, helvetica, sans-serif; font-size: 12pt; color: #000000;\">Aber letztendlich haben wir uns f\u00fcr das Residence Inn entschieden und waren bereit, <\/span><\/p>\n<p style=\"text-align: center;\"><span style=\"font-family: arial, helvetica, sans-serif; font-size: 12pt; color: #000000;\">daf\u00fcr etwas tiefer in die Tasche zu greifen.<\/span><\/p>\n<p style=\"text-align: center;\"><span style=\"font-family: arial, helvetica, sans-serif; font-size: 12pt; color: #000000;\">Als Reisezeit haben wir wieder f\u00fcr die Tage um den 1. Mai gew\u00e4hlt.<\/span><\/p>\n<p style=\"text-align: center;\"><span style=\"font-family: arial, helvetica, sans-serif; font-size: 12pt; color: #000000;\">Samstag hin und Donnerstag zur\u00fcck, damit es sich lohnt.<\/span><\/p>\n<p style=\"text-align: center;\"><span style=\"font-family: arial, helvetica, sans-serif; font-size: 12pt; color: #000000;\">Da wir lediglich mit kleinem Handgep\u00e4ck fliegen werden, ist das Packen am Vorabend schnell erledigt.<\/span><\/p>\n<p style=\"text-align: center;\"><span style=\"font-family: arial, helvetica, sans-serif; font-size: 12pt; color: #000000;\">Reisep\u00e4sse, Kreditkarten, Flugtickes, Hotelvoucher, Ladeger\u00e4te landen in der Reisetasche.<\/span><\/p>\n<p style=\"text-align: center;\"><span style=\"font-family: arial, helvetica, sans-serif; font-size: 12pt; color: #000000;\">Treffpunkt morgen fr\u00fch um zehn bei Erpel und von dort mit zwei Autos zum BER Airport.<\/span><\/p>\n<p style=\"text-align: center;\"><span style=\"font-family: arial, helvetica, sans-serif; font-size: 12pt; color: #000000;\">Also bleibt genug Zeit, um auszuschlafen und zu fr\u00fchst\u00fccken.<\/span><\/p>\n<p style=\"text-align: center;\"><span style=\"font-family: arial, helvetica, sans-serif; font-size: 12pt; color: #000000;\">Edinburgh, wir kommen!<\/span><\/p>\n<p>&nbsp;<\/p>\n<p><span style=\"color: #000000;\"><img decoding=\"async\" class=\"aligncenter wp-image-23194\" src=\"https:\/\/welcome-ontour.de\/wordpress\/wp-content\/uploads\/2024\/04\/2024-04-26-06.jpg\" alt=\"\" width=\"150\" height=\"150\" srcset=\"https:\/\/welcome-ontour.de\/wordpress\/wp-content\/uploads\/2024\/04\/2024-04-26-06.jpg 300w, https:\/\/welcome-ontour.de\/wordpress\/wp-content\/uploads\/2024\/04\/2024-04-26-06-150x150.jpg 150w, https:\/\/welcome-ontour.de\/wordpress\/wp-content\/uploads\/2024\/04\/2024-04-26-06-75x75.jpg 75w\" sizes=\"(max-width: 150px) 100vw, 150px\" \/><\/span><\/p>\n<p><span style=\"color: #000000;\"><a style=\"color: #000000;\" href=\"https:\/\/welcome-ontour.de\/wordpress\/index.php\/reiseberichte\/\"><img decoding=\"async\" class=\"alignleft wp-image-23192\" src=\"https:\/\/welcome-ontour.de\/wordpress\/wp-content\/uploads\/2024\/04\/2024-04-26-01.jpg\" alt=\"\" width=\"100\" height=\"40\" \/><\/a> \u00a0 <a style=\"color: #000000;\" href=\"https:\/\/welcome-ontour.de\/wordpress\/index.php\/2024-04-27\"><img decoding=\"async\" class=\"alignright wp-image-23193\" src=\"https:\/\/welcome-ontour.de\/wordpress\/wp-content\/uploads\/2024\/04\/2024-04-26-02.jpg\" alt=\"\" width=\"100\" height=\"40\" \/><\/a><\/span><\/p>\n","protected":false},"excerpt":{"rendered":"<p>Prolog\u00a0 \u00a0 \u00a0 \u00a0Anreise\u00a0 \u00a0 \u00a0 \u00a0Arthurs Seat\u00a0 \u00a0 \u00a0 \u00a0Edinburgh Castle\u00a0 \u00a0 \u00a0 \u00a0Rosslyn Chapel\u00a0 \u00a0 \u00a0 \u00a0Carlton Hill \/ National Galerie\u00a0 \u00a0 \u00a0 \u00a0Abreise\u00a0 \u00a0 \u00a0 \u00a0Fazit \u00a0 &nbsp; Show Me The Way (to the next Whisky Bar) &nbsp; Edinburgh 2024 &nbsp; &nbsp; Prolog &nbsp; Schon wieder ist ein Jahr vergangen und der Mai in Sicht. Die Dorfreisegruppe ist auch 2024 wieder unterwegs. Bereits im Sp\u00e4tsommer des Vorjahres haben wir uns auf ein Reiseziel geeinigt. Edinburgh, die Hauptstadt Schottlands bietet eine Vielzahl an Highlights und wird von Berlin direkt angeflogen. Mit acht Monaten Vorlauf bekommen wir bei Easyjet relativ g\u00fcnstige Flugtickets. Wir wollten eine Unterkunft in Gehweite zur Innenstadt. M\u00f6glichst mit zuverl\u00e4ssigem Standard, m\u00f6glichst mit Fr\u00fchst\u00fcck und m\u00f6glichst keine Fantasiepreise. Letzteres war die gr\u00f6\u00dfte H\u00fcrde. Aber letztendlich haben wir uns f\u00fcr das Residence Inn entschieden und waren bereit, daf\u00fcr etwas tiefer in die Tasche zu greifen. Als Reisezeit haben wir wieder f\u00fcr die Tage um den 1. Mai gew\u00e4hlt. Samstag hin und Donnerstag zur\u00fcck, damit es sich lohnt. Da wir lediglich mit kleinem Handgep\u00e4ck fliegen werden, ist das Packen am Vorabend schnell erledigt. Reisep\u00e4sse, Kreditkarten, Flugtickes, Hotelvoucher, Ladeger\u00e4te landen in der Reisetasche. Treffpunkt morgen fr\u00fch um zehn bei Erpel und von dort mit zwei Autos zum BER Airport. Also bleibt genug Zeit, um auszuschlafen und zu fr\u00fchst\u00fccken. Edinburgh, wir kommen! &nbsp; \u00a0<\/p>\n","protected":false},"author":1,"featured_media":0,"parent":0,"menu_order":0,"comment_status":"closed","ping_status":"closed","template":"","meta":{"footnotes":""},"class_list":["post-23178","page","type-page","status-publish","hentry"],"_links":{"self":[{"href":"https:\/\/welcome-ontour.de\/wordpress\/index.php\/wp-json\/wp\/v2\/pages\/23178","targetHints":{"allow":["GET"]}}],"collection":[{"href":"https:\/\/welcome-ontour.de\/wordpress\/index.php\/wp-json\/wp\/v2\/pages"}],"about":[{"href":"https:\/\/welcome-ontour.de\/wordpress\/index.php\/wp-json\/wp\/v2\/types\/page"}],"author":[{"embeddable":true,"href":"https:\/\/welcome-ontour.de\/wordpress\/index.php\/wp-json\/wp\/v2\/users\/1"}],"replies":[{"embeddable":true,"href":"https:\/\/welcome-ontour.de\/wordpress\/index.php\/wp-json\/wp\/v2\/comments?post=23178"}],"version-history":[{"count":15,"href":"https:\/\/welcome-ontour.de\/wordpress\/index.php\/wp-json\/wp\/v2\/pages\/23178\/revisions"}],"predecessor-version":[{"id":23854,"href":"https:\/\/welcome-ontour.de\/wordpress\/index.php\/wp-json\/wp\/v2\/pages\/23178\/revisions\/23854"}],"wp:attachment":[{"href":"https:\/\/welcome-ontour.de\/wordpress\/index.php\/wp-json\/wp\/v2\/media?parent=23178"}],"curies":[{"name":"wp","href":"https:\/\/api.w.org\/{rel}","templated":true}]}}