{"id":22886,"date":"2024-04-02T10:23:11","date_gmt":"2024-04-02T10:23:11","guid":{"rendered":"https:\/\/welcome-ontour.de\/wordpress\/?page_id=22886"},"modified":"2025-08-30T17:42:59","modified_gmt":"2025-08-30T17:42:59","slug":"2024-03-01-prolog","status":"publish","type":"page","link":"https:\/\/welcome-ontour.de\/wordpress\/index.php\/2024-03-01-prolog\/","title":{"rendered":"2024 03 01 prolog"},"content":{"rendered":"<p style=\"text-align: center;\"><span style=\"font-family: arial, helvetica, sans-serif; font-size: 8pt; color: #000000;\"><a style=\"color: #000000;\" href=\"https:\/\/welcome-ontour.de\/wordpress\/index.php\/2024-03-01-prolog\/\">Prolog<\/a>\u00a0 \u00a0 \u00a0 \u00a0<a style=\"color: #000000;\" href=\"https:\/\/welcome-ontour.de\/wordpress\/index.php\/2024-03-02\">Anreise<\/a>\u00a0 \u00a0 \u00a0 \u00a0<a style=\"color: #000000;\" href=\"https:\/\/welcome-ontour.de\/wordpress\/index.php\/2024-03-03\">Manrique<\/a>\u00a0 \u00a0 \u00a0 \u00a0<a style=\"color: #000000;\" href=\"https:\/\/welcome-ontour.de\/wordpress\/index.php\/2024-03-04\">James\/Mirador\/Museo<\/a>\u00a0 \u00a0 \u00a0 \u00a0<a style=\"color: #000000;\" href=\"https:\/\/welcome-ontour.de\/wordpress\/index.php\/2024-03-05\">Papagayo\/Janubio<\/a>\u00a0 \u00a0 \u00a0 \u00a0<a style=\"color: #000000;\" href=\"https:\/\/welcome-ontour.de\/wordpress\/index.php\/2024-03-06\">Vulcano\/Wein<\/a>\u00a0 \u00a0 \u00a0 \u00a0<a style=\"color: #000000;\" href=\"https:\/\/welcome-ontour.de\/wordpress\/index.php\/2024-03-07\">Calero\/Vega<\/a>\u00a0 \u00a0 \u00a0 \u00a0<a style=\"color: #000000;\" href=\"https:\/\/welcome-ontour.de\/wordpress\/index.php\/2024-03-08\">Relax<\/a>\u00a0 \u00a0 \u00a0 \u00a0<a style=\"color: #000000;\" href=\"https:\/\/welcome-ontour.de\/wordpress\/index.php\/2024-03-09\">Abreise<\/a>\u00a0 \u00a0 \u00a0 \u00a0<a style=\"color: #000000;\" href=\"https:\/\/welcome-ontour.de\/wordpress\/index.php\/2024-03-10\">Fazit<\/a><\/span><\/p>\n<p><span style=\"color: #000000;\"><a style=\"color: #000000;\" href=\"https:\/\/welcome-ontour.de\/wordpress\/index.php\/reiseberichte\/\"><img decoding=\"async\" class=\"alignleft wp-image-22895\" src=\"https:\/\/welcome-ontour.de\/wordpress\/wp-content\/uploads\/2024\/04\/2024-03-01-02a.jpg\" alt=\"\" width=\"70\" height=\"24\" \/><\/a>\u00a0 \u00a0 \u00a0 <a style=\"color: #000000;\" href=\"https:\/\/welcome-ontour.de\/wordpress\/index.php\/2024-03-02\"><img decoding=\"async\" class=\"alignright wp-image-22896\" src=\"https:\/\/welcome-ontour.de\/wordpress\/wp-content\/uploads\/2024\/04\/2024-03-01-02b.jpg\" alt=\"\" width=\"70\" height=\"24\" \/><\/a><\/span><\/p>\n<p>&nbsp;<\/p>\n<p style=\"text-align: center;\"><span style=\"color: #000000;\"><strong><span style=\"font-family: arial, helvetica, sans-serif; font-size: 24pt;\">Walking On The Moon<\/span><\/strong><\/span><\/p>\n<p style=\"text-align: center;\"><span style=\"color: #000000;\"><strong><span style=\"font-family: arial, helvetica, sans-serif; font-size: 18pt;\">Lanzarote 2024<\/span><\/strong><\/span><\/p>\n<p>&nbsp;<\/p>\n<p>&nbsp;<\/p>\n<p style=\"text-align: center;\"><span style=\"font-family: arial, helvetica, sans-serif; font-size: 12pt; color: #000000;\"><img decoding=\"async\" class=\"wp-image-22887 aligncenter\" src=\"https:\/\/welcome-ontour.de\/wordpress\/wp-content\/uploads\/2024\/04\/2024-03-01-01-700x427.jpg\" alt=\"\" width=\"555\" height=\"339\" srcset=\"https:\/\/welcome-ontour.de\/wordpress\/wp-content\/uploads\/2024\/04\/2024-03-01-01-700x427.jpg 700w, https:\/\/welcome-ontour.de\/wordpress\/wp-content\/uploads\/2024\/04\/2024-03-01-01-300x183.jpg 300w, https:\/\/welcome-ontour.de\/wordpress\/wp-content\/uploads\/2024\/04\/2024-03-01-01-768x468.jpg 768w, https:\/\/welcome-ontour.de\/wordpress\/wp-content\/uploads\/2024\/04\/2024-03-01-01-1140x695.jpg 1140w, https:\/\/welcome-ontour.de\/wordpress\/wp-content\/uploads\/2024\/04\/2024-03-01-01.jpg 1200w\" sizes=\"(max-width: 555px) 100vw, 555px\" \/><\/span><\/p>\n<p>&nbsp;<\/p>\n<p style=\"text-align: center;\"><span style=\"color: #000000;\"><strong><span style=\"font-family: arial, helvetica, sans-serif; font-size: 14pt;\">Prolog<\/span><\/strong><\/span><\/p>\n<p style=\"text-align: center;\"><span style=\"font-family: arial, helvetica, sans-serif; font-size: 12pt; color: #000000;\">Bei dem tr\u00fcben deutschen Regenwetter fl\u00fcchten wir gern in die Sonne.<\/span><\/p>\n<p style=\"text-align: center;\"><span style=\"font-family: arial, helvetica, sans-serif; font-size: 12pt; color: #000000;\">So auch in diesem Jahr.<\/span><\/p>\n<p style=\"text-align: center;\"><span style=\"font-family: arial, helvetica, sans-serif; font-size: 12pt; color: #000000;\">Entgegen unseren sonstigen Gewohnheiten buchen wir dieses Mal <\/span><\/p>\n<p style=\"text-align: center;\"><span style=\"font-family: arial, helvetica, sans-serif; font-size: 12pt; color: #000000;\">eine Woche Pauschalurlaub auf den Kanarischen Inseln.<\/span><\/p>\n<p style=\"text-align: center;\"><span style=\"font-family: arial, helvetica, sans-serif; font-size: 12pt; color: #000000;\">Lanzarote steht schon l\u00e4nger auf unserer Wunschliste.<\/span><\/p>\n<p style=\"text-align: center;\"><span style=\"font-family: arial, helvetica, sans-serif; font-size: 12pt; color: #000000;\">Vor allem die Vulkanlandschaft interessiert uns.<\/span><\/p>\n<p>&nbsp;<\/p>\n<p style=\"text-align: center;\"><span style=\"font-family: arial, helvetica, sans-serif; font-size: 12pt; color: #000000;\"><img decoding=\"async\" class=\"wp-image-22865 size-full aligncenter\" src=\"https:\/\/welcome-ontour.de\/wordpress\/wp-content\/uploads\/2024\/02\/2024-03-01-001.jpg\" alt=\"\" width=\"810\" height=\"490\" srcset=\"https:\/\/welcome-ontour.de\/wordpress\/wp-content\/uploads\/2024\/02\/2024-03-01-001.jpg 810w, https:\/\/welcome-ontour.de\/wordpress\/wp-content\/uploads\/2024\/02\/2024-03-01-001-300x181.jpg 300w, https:\/\/welcome-ontour.de\/wordpress\/wp-content\/uploads\/2024\/02\/2024-03-01-001-700x423.jpg 700w, https:\/\/welcome-ontour.de\/wordpress\/wp-content\/uploads\/2024\/02\/2024-03-01-001-768x465.jpg 768w\" sizes=\"(max-width: 810px) 100vw, 810px\" \/><\/span><\/p>\n<p>&nbsp;<\/p>\n<p style=\"text-align: center;\"><span style=\"font-family: arial, helvetica, sans-serif; font-size: 12pt; color: #000000;\">Also suchen wir uns ein Angebot mit sch\u00f6ner Unterkunft und Direktfl\u00fcgen zu angenehmen Start- und Landezeiten.<\/span><\/p>\n<p style=\"text-align: center;\"><span style=\"font-family: arial, helvetica, sans-serif; font-size: 12pt; color: #000000;\">Ich pr\u00fcfe noch, was Fl\u00fcge und Hotel als separate Buchungen kosten w\u00fcrden.<\/span><\/p>\n<p style=\"text-align: center;\"><span style=\"font-family: arial, helvetica, sans-serif; font-size: 12pt; color: #000000;\">Keine Chance, an die Preise der gro\u00dfen Urlaubsportale heran zu kommen.<\/span><\/p>\n<p style=\"text-align: center;\"><span style=\"font-family: arial, helvetica, sans-serif; font-size: 12pt; color: #000000;\">Wie immer packen wir am Vorabend ein paar Kleinigkeiten in unsere Kabinentrolleys.<\/span><\/p>\n<p style=\"text-align: center;\"><span style=\"font-family: arial, helvetica, sans-serif; font-size: 12pt; color: #000000;\">Dabei haut es Ute aus den Socken.<\/span><\/p>\n<p style=\"text-align: center;\"><span style=\"font-family: arial, helvetica, sans-serif; font-size: 12pt; color: #000000;\">Noro Virus, als Urlaubsgeschenk von der Arbeit mitgebracht.<\/span><\/p>\n<p style=\"text-align: center;\"><span style=\"font-family: arial, helvetica, sans-serif; font-size: 12pt; color: #000000;\">Wir sind ernsthaft am \u00fcberlegen, alles abzusagen.<\/span><\/p>\n<p style=\"text-align: center;\"><span style=\"font-family: arial, helvetica, sans-serif; font-size: 12pt; color: #000000;\">Stornierungsfristen sind nat\u00fcrlich verstrichen.<\/span><\/p>\n<p style=\"text-align: center;\"><span style=\"font-family: arial, helvetica, sans-serif; font-size: 12pt; color: #000000;\">Letztendlich wollen wir aber sehen, wie es Ute Morgen fr\u00fch geht<\/span><\/p>\n<p style=\"text-align: center;\"><span style=\"font-family: arial, helvetica, sans-serif; font-size: 12pt; color: #000000;\"> und dr\u00fccken uns selbst die Daumen.<\/span><\/p>\n<p>&nbsp;<\/p>\n<p style=\"text-align: center;\"><span style=\"font-family: arial, helvetica, sans-serif; font-size: 12pt; color: #000000;\"><img decoding=\"async\" class=\"wp-image-22888 aligncenter\" src=\"https:\/\/welcome-ontour.de\/wordpress\/wp-content\/uploads\/2024\/04\/2024-03-01-03-286x300.jpg\" alt=\"\" width=\"200\" height=\"210\" srcset=\"https:\/\/welcome-ontour.de\/wordpress\/wp-content\/uploads\/2024\/04\/2024-03-01-03-286x300.jpg 286w, https:\/\/welcome-ontour.de\/wordpress\/wp-content\/uploads\/2024\/04\/2024-03-01-03.jpg 381w\" sizes=\"(max-width: 200px) 100vw, 200px\" \/><\/span><\/p>\n<p style=\"text-align: center;\"><span style=\"color: #000000;\"><a style=\"color: #000000;\" href=\"https:\/\/welcome-ontour.de\/wordpress\/index.php\/reiseberichte\/\"><img decoding=\"async\" class=\"alignleft wp-image-22895\" src=\"https:\/\/welcome-ontour.de\/wordpress\/wp-content\/uploads\/2024\/04\/2024-03-01-02a.jpg\" alt=\"\" width=\"70\" height=\"24\" \/><\/a>\u00a0 \u00a0 \u00a0 <a style=\"color: #000000;\" href=\"https:\/\/welcome-ontour.de\/wordpress\/index.php\/2024-03-02\"><img decoding=\"async\" class=\"alignright wp-image-22896\" src=\"https:\/\/welcome-ontour.de\/wordpress\/wp-content\/uploads\/2024\/04\/2024-03-01-02b.jpg\" alt=\"\" width=\"70\" height=\"24\" \/><\/a><\/span><\/p>\n","protected":false},"excerpt":{"rendered":"<p>Prolog\u00a0 \u00a0 \u00a0 \u00a0Anreise\u00a0 \u00a0 \u00a0 \u00a0Manrique\u00a0 \u00a0 \u00a0 \u00a0James\/Mirador\/Museo\u00a0 \u00a0 \u00a0 \u00a0Papagayo\/Janubio\u00a0 \u00a0 \u00a0 \u00a0Vulcano\/Wein\u00a0 \u00a0 \u00a0 \u00a0Calero\/Vega\u00a0 \u00a0 \u00a0 \u00a0Relax\u00a0 \u00a0 \u00a0 \u00a0Abreise\u00a0 \u00a0 \u00a0 \u00a0Fazit \u00a0 \u00a0 \u00a0 &nbsp; Walking On The Moon Lanzarote 2024 &nbsp; &nbsp; &nbsp; Prolog Bei dem tr\u00fcben deutschen Regenwetter fl\u00fcchten wir gern in die Sonne. So auch in diesem Jahr. Entgegen unseren sonstigen Gewohnheiten buchen wir dieses Mal eine Woche Pauschalurlaub auf den Kanarischen Inseln. Lanzarote steht schon l\u00e4nger auf unserer Wunschliste. Vor allem die Vulkanlandschaft interessiert uns. &nbsp; &nbsp; Also suchen wir uns ein Angebot mit sch\u00f6ner Unterkunft und Direktfl\u00fcgen zu angenehmen Start- und Landezeiten. Ich pr\u00fcfe noch, was Fl\u00fcge und Hotel als separate Buchungen kosten w\u00fcrden. Keine Chance, an die Preise der gro\u00dfen Urlaubsportale heran zu kommen. Wie immer packen wir am Vorabend ein paar Kleinigkeiten in unsere Kabinentrolleys. Dabei haut es Ute aus den Socken. Noro Virus, als Urlaubsgeschenk von der Arbeit mitgebracht. Wir sind ernsthaft am \u00fcberlegen, alles abzusagen. Stornierungsfristen sind nat\u00fcrlich verstrichen. Letztendlich wollen wir aber sehen, wie es Ute Morgen fr\u00fch geht und dr\u00fccken uns selbst die Daumen. &nbsp; \u00a0 \u00a0 \u00a0<\/p>\n","protected":false},"author":1,"featured_media":0,"parent":0,"menu_order":0,"comment_status":"closed","ping_status":"closed","template":"","meta":{"footnotes":""},"class_list":["post-22886","page","type-page","status-publish","hentry"],"_links":{"self":[{"href":"https:\/\/welcome-ontour.de\/wordpress\/index.php\/wp-json\/wp\/v2\/pages\/22886","targetHints":{"allow":["GET"]}}],"collection":[{"href":"https:\/\/welcome-ontour.de\/wordpress\/index.php\/wp-json\/wp\/v2\/pages"}],"about":[{"href":"https:\/\/welcome-ontour.de\/wordpress\/index.php\/wp-json\/wp\/v2\/types\/page"}],"author":[{"embeddable":true,"href":"https:\/\/welcome-ontour.de\/wordpress\/index.php\/wp-json\/wp\/v2\/users\/1"}],"replies":[{"embeddable":true,"href":"https:\/\/welcome-ontour.de\/wordpress\/index.php\/wp-json\/wp\/v2\/comments?post=22886"}],"version-history":[{"count":14,"href":"https:\/\/welcome-ontour.de\/wordpress\/index.php\/wp-json\/wp\/v2\/pages\/22886\/revisions"}],"predecessor-version":[{"id":22901,"href":"https:\/\/welcome-ontour.de\/wordpress\/index.php\/wp-json\/wp\/v2\/pages\/22886\/revisions\/22901"}],"wp:attachment":[{"href":"https:\/\/welcome-ontour.de\/wordpress\/index.php\/wp-json\/wp\/v2\/media?parent=22886"}],"curies":[{"name":"wp","href":"https:\/\/api.w.org\/{rel}","templated":true}]}}