{"id":21661,"date":"2024-01-10T10:48:37","date_gmt":"2024-01-10T10:48:37","guid":{"rendered":"https:\/\/welcome-ontour.de\/wordpress\/?page_id=21661"},"modified":"2025-09-03T06:52:24","modified_gmt":"2025-09-03T06:52:24","slug":"2023-10-07","status":"publish","type":"page","link":"https:\/\/welcome-ontour.de\/wordpress\/index.php\/2023-10-07\/","title":{"rendered":"2023 10 07"},"content":{"rendered":"<p style=\"text-align: center;\"><span style=\"font-family: arial, helvetica, sans-serif; font-size: 8pt; color: #000000;\"><a style=\"color: #000000;\" href=\"https:\/\/welcome-ontour.de\/wordpress\/index.php\/2023-09-12\">Prolog<\/a>\u00a0 \u00a0 \u00a0<a style=\"color: #000000;\" href=\"https:\/\/welcome-ontour.de\/wordpress\/index.php\/2023-09-13\">Anreise<\/a>\u00a0 \u00a0 \u00a0<a style=\"color: #000000;\" href=\"https:\/\/welcome-ontour.de\/wordpress\/index.php\/2023-09-14\">Mojave<\/a>\u00a0 \u00a0 \u00a0<a style=\"color: #000000;\" href=\"https:\/\/welcome-ontour.de\/wordpress\/index.php\/2023-09-17\">Las Vegas<\/a>\u00a0 \u00a0 \u00a0<a style=\"color: #000000;\" href=\"https:\/\/welcome-ontour.de\/wordpress\/index.php\/2023-09-18\">St. George<\/a>\u00a0 \u00a0 \u00a0<a style=\"color: #000000;\" href=\"https:\/\/welcome-ontour.de\/wordpress\/index.php\/2023-09-21\">Bryce<\/a>\u00a0 \u00a0 \u00a0<a style=\"color: #000000;\" href=\"https:\/\/welcome-ontour.de\/wordpress\/index.php\/2023-09-22\">Escalante<\/a><\/span><\/p>\n<p style=\"text-align: center;\"><span style=\"font-size: 8pt; color: #000000;\"><span style=\"font-family: arial, helvetica, sans-serif;\"><a style=\"color: #000000;\" href=\"https:\/\/welcome-ontour.de\/wordpress\/index.php\/2023-09-24\">Capitol Reef<\/a>\u00a0 \u00a0 \u00a0<\/span><span style=\"font-family: arial, helvetica, sans-serif;\"><a style=\"color: #000000;\" href=\"https:\/\/welcome-ontour.de\/wordpress\/index.php\/2023-09-25\">Cathedral Valley<\/a>\u00a0 \u00a0 \u00a0<\/span><span style=\"font-family: arial, helvetica, sans-serif;\"><a style=\"color: #000000;\" href=\"https:\/\/welcome-ontour.de\/wordpress\/index.php\/2023-09-27\">Sedona<\/a>\u00a0 \u00a0 \u00a0<a style=\"color: #000000;\" href=\"https:\/\/welcome-ontour.de\/wordpress\/index.php\/2023-09-30\">Palm Desert<\/a>\u00a0 \u00a0 \u00a0<a style=\"color: #000000;\" href=\"https:\/\/welcome-ontour.de\/wordpress\/index.php\/2023-10-04\">Laguna Beach<\/a>\u00a0 \u00a0 \u00a0<a style=\"color: #000000;\" href=\"https:\/\/welcome-ontour.de\/wordpress\/index.php\/2023-10-06\">Abreise<\/a>\u00a0 \u00a0 \u00a0<a style=\"color: #000000;\" href=\"https:\/\/welcome-ontour.de\/wordpress\/index.php\/2023-10-08\">Fazit<\/a>\u00a0 \u00a0 \u00a0<\/span><\/span><\/p>\n<p style=\"text-align: right;\"><span style=\"color: #000000;\"><a style=\"color: #000000;\" href=\"https:\/\/welcome-ontour.de\/wordpress\/index.php\/2023-10-06\"><img decoding=\"async\" class=\"alignleft wp-image-20570\" src=\"https:\/\/welcome-ontour.de\/wordpress\/wp-content\/uploads\/2023\/10\/2023-09-12-02.jpg\" alt=\"\" width=\"44\" height=\"40\" \/><\/a> <a style=\"color: #000000;\" href=\"https:\/\/welcome-ontour.de\/wordpress\/index.php\/2023-10-08\"><img decoding=\"async\" class=\"alignright wp-image-20571\" src=\"https:\/\/welcome-ontour.de\/wordpress\/wp-content\/uploads\/2023\/10\/2023-09-12-03.jpg\" alt=\"\" width=\"44\" height=\"40\" \/><\/a><\/span><\/p>\n<p>&nbsp;<\/p>\n<p style=\"text-align: center;\"><span style=\"color: #000000;\"><strong><span style=\"font-family: arial, helvetica, sans-serif; font-size: 14pt;\">Sa 7.10.<\/span><\/strong><\/span><\/p>\n<p style=\"text-align: center;\">\u00a0<\/p>\n<p style=\"text-align: center;\"><span style=\"color: #000000;\"><strong><span style=\"font-family: arial, helvetica, sans-serif; font-size: 14pt;\">R\u00fcckreise<\/span><\/strong><\/span><\/p>\n<p style=\"text-align: center;\">\u00a0<\/p>\n<p style=\"text-align: center;\"><span style=\"font-family: arial, helvetica, sans-serif; font-size: 12pt; color: #000000;\">Die n\u00e4chsten zwei Stunden werden wir mit hervorragendem Essen <\/span><\/p>\n<p style=\"text-align: center;\"><span style=\"font-family: arial, helvetica, sans-serif; font-size: 12pt; color: #000000;\">und angenehmer Freundlichkeit versorgt.<\/span><\/p>\n<p style=\"text-align: center;\">\u00a0<\/p>\n<p style=\"text-align: center;\"><span style=\"font-family: arial, helvetica, sans-serif; font-size: 12pt; color: #000000;\"><img decoding=\"async\" class=\"aligncenter wp-image-26713\" src=\"https:\/\/welcome-ontour.de\/wordpress\/wp-content\/uploads\/2025\/09\/2023-10-07-01-02.jpg\" alt=\"\" width=\"810\" height=\"365\" srcset=\"https:\/\/welcome-ontour.de\/wordpress\/wp-content\/uploads\/2025\/09\/2023-10-07-01-02.jpg 851w, https:\/\/welcome-ontour.de\/wordpress\/wp-content\/uploads\/2025\/09\/2023-10-07-01-02-300x135.jpg 300w, https:\/\/welcome-ontour.de\/wordpress\/wp-content\/uploads\/2025\/09\/2023-10-07-01-02-700x316.jpg 700w, https:\/\/welcome-ontour.de\/wordpress\/wp-content\/uploads\/2025\/09\/2023-10-07-01-02-768x347.jpg 768w\" sizes=\"(max-width: 810px) 100vw, 810px\" \/><\/span><\/p>\n<p style=\"text-align: center;\"><span style=\"font-family: arial, helvetica, sans-serif; font-size: 12pt; color: #000000;\"><img decoding=\"async\" class=\"aligncenter wp-image-26714\" src=\"https:\/\/welcome-ontour.de\/wordpress\/wp-content\/uploads\/2025\/09\/2023-10-07-03-04.jpg\" alt=\"\" width=\"810\" height=\"366\" srcset=\"https:\/\/welcome-ontour.de\/wordpress\/wp-content\/uploads\/2025\/09\/2023-10-07-03-04.jpg 864w, https:\/\/welcome-ontour.de\/wordpress\/wp-content\/uploads\/2025\/09\/2023-10-07-03-04-300x135.jpg 300w, https:\/\/welcome-ontour.de\/wordpress\/wp-content\/uploads\/2025\/09\/2023-10-07-03-04-700x316.jpg 700w, https:\/\/welcome-ontour.de\/wordpress\/wp-content\/uploads\/2025\/09\/2023-10-07-03-04-768x347.jpg 768w\" sizes=\"(max-width: 810px) 100vw, 810px\" \/><\/span><\/p>\n<p style=\"text-align: center;\">\u00a0<\/p>\n<p style=\"text-align: center;\"><span style=\"font-family: arial, helvetica, sans-serif; font-size: 12pt; color: #000000;\">Die Flugroute f\u00fchrt \u00fcber Las Vegas in nord\u00f6stliche Richtung.<\/span><\/p>\n<p style=\"text-align: center;\"><span style=\"font-family: arial, helvetica, sans-serif; font-size: 12pt; color: #000000;\">Bei wolkenlos, sonnigem Wetter k\u00f6nnen wir viele Ziele unserer Route wiedererkennen.<\/span><\/p>\n<p style=\"text-align: center;\"><span style=\"font-family: arial, helvetica, sans-serif; font-size: 12pt; color: #000000;\">Die Solarkraftwerke bei Primm und den Lake Mead bei Las Vegas.<\/span><\/p>\n<p style=\"text-align: center;\">\u00a0<\/p>\n<p style=\"text-align: center;\"><span style=\"font-family: arial, helvetica, sans-serif; font-size: 12pt; color: #000000;\"><img decoding=\"async\" class=\"aligncenter wp-image-26715\" src=\"https:\/\/welcome-ontour.de\/wordpress\/wp-content\/uploads\/2025\/09\/2023-10-07-05-06.jpg\" alt=\"\" width=\"810\" height=\"578\" srcset=\"https:\/\/welcome-ontour.de\/wordpress\/wp-content\/uploads\/2025\/09\/2023-10-07-05-06.jpg 1136w, https:\/\/welcome-ontour.de\/wordpress\/wp-content\/uploads\/2025\/09\/2023-10-07-05-06-300x214.jpg 300w, https:\/\/welcome-ontour.de\/wordpress\/wp-content\/uploads\/2025\/09\/2023-10-07-05-06-700x499.jpg 700w, https:\/\/welcome-ontour.de\/wordpress\/wp-content\/uploads\/2025\/09\/2023-10-07-05-06-768x548.jpg 768w\" sizes=\"(max-width: 810px) 100vw, 810px\" \/><\/span><\/p>\n<p style=\"text-align: center;\">\u00a0<\/p>\n<p style=\"text-align: center;\"><span style=\"font-family: arial, helvetica, sans-serif; font-size: 12pt; color: #000000;\">Die n\u00f6rdlichen Ausl\u00e4ufer des gro\u00dfen Stausees mit dem Valley of Fire.<\/span><\/p>\n<p style=\"text-align: center;\">\u00a0<\/p>\n<p style=\"text-align: center;\"><span style=\"font-family: arial, helvetica, sans-serif; font-size: 12pt; color: #000000;\"><a href=\"https:\/\/welcome-ontour.de\/wordpress\/wp-content\/uploads\/2024\/02\/2023-10-07-07.jpg\" target=\"_blank\" rel=\"noopener\"><img decoding=\"async\" class=\"wp-image-22811 aligncenter\" title=\"Valley of Fire\" src=\"https:\/\/welcome-ontour.de\/wordpress\/wp-content\/uploads\/2024\/02\/2023-10-07-07-300x150.jpg\" alt=\"\" width=\"810\" height=\"406\" srcset=\"https:\/\/welcome-ontour.de\/wordpress\/wp-content\/uploads\/2024\/02\/2023-10-07-07-300x150.jpg 300w, https:\/\/welcome-ontour.de\/wordpress\/wp-content\/uploads\/2024\/02\/2023-10-07-07-700x351.jpg 700w, https:\/\/welcome-ontour.de\/wordpress\/wp-content\/uploads\/2024\/02\/2023-10-07-07-768x385.jpg 768w, https:\/\/welcome-ontour.de\/wordpress\/wp-content\/uploads\/2024\/02\/2023-10-07-07-1536x771.jpg 1536w, https:\/\/welcome-ontour.de\/wordpress\/wp-content\/uploads\/2024\/02\/2023-10-07-07-1080x540.jpg 1080w, https:\/\/welcome-ontour.de\/wordpress\/wp-content\/uploads\/2024\/02\/2023-10-07-07-1140x572.jpg 1140w, https:\/\/welcome-ontour.de\/wordpress\/wp-content\/uploads\/2024\/02\/2023-10-07-07.jpg 1806w\" sizes=\"(max-width: 810px) 100vw, 810px\" \/><\/a><\/span><\/p>\n<p style=\"text-align: center;\">\u00a0<\/p>\n<p style=\"text-align: center;\"><span style=\"font-family: arial, helvetica, sans-serif; font-size: 12pt; color: #000000;\">Den Snow Canyon und Saint George.<\/span><\/p>\n<p style=\"text-align: center;\">\u00a0<\/p>\n<p style=\"text-align: center;\"><span style=\"font-family: arial, helvetica, sans-serif; font-size: 12pt; color: #000000;\"><a href=\"https:\/\/welcome-ontour.de\/wordpress\/wp-content\/uploads\/2024\/02\/2023-10-07-08.jpg\" target=\"_blank\" rel=\"noopener\"><img decoding=\"async\" class=\"wp-image-22812 aligncenter\" title=\"Red Rocks around St. George\" src=\"https:\/\/welcome-ontour.de\/wordpress\/wp-content\/uploads\/2024\/02\/2023-10-07-08-300x150.jpg\" alt=\"\" width=\"810\" height=\"406\" srcset=\"https:\/\/welcome-ontour.de\/wordpress\/wp-content\/uploads\/2024\/02\/2023-10-07-08-300x150.jpg 300w, https:\/\/welcome-ontour.de\/wordpress\/wp-content\/uploads\/2024\/02\/2023-10-07-08-700x351.jpg 700w, https:\/\/welcome-ontour.de\/wordpress\/wp-content\/uploads\/2024\/02\/2023-10-07-08-768x385.jpg 768w, https:\/\/welcome-ontour.de\/wordpress\/wp-content\/uploads\/2024\/02\/2023-10-07-08-1536x771.jpg 1536w, https:\/\/welcome-ontour.de\/wordpress\/wp-content\/uploads\/2024\/02\/2023-10-07-08-1080x540.jpg 1080w, https:\/\/welcome-ontour.de\/wordpress\/wp-content\/uploads\/2024\/02\/2023-10-07-08-1140x572.jpg 1140w, https:\/\/welcome-ontour.de\/wordpress\/wp-content\/uploads\/2024\/02\/2023-10-07-08.jpg 1806w\" sizes=\"(max-width: 810px) 100vw, 810px\" \/><\/a><\/span><\/p>\n<p style=\"text-align: center;\">\u00a0<\/p>\n<p style=\"text-align: center;\"><span style=\"font-family: arial, helvetica, sans-serif; font-size: 12pt; color: #000000;\">Und wir \u00fcberfliegen das Dinosaur National Monument im Nordwesten Colorados.<\/span><\/p>\n<p style=\"text-align: center;\">\u00a0<\/p>\n<p style=\"text-align: center;\"><span style=\"font-family: arial, helvetica, sans-serif; font-size: 12pt; color: #000000;\"><a href=\"https:\/\/welcome-ontour.de\/wordpress\/wp-content\/uploads\/2024\/02\/2023-10-07-09.jpg\" target=\"_blank\" rel=\"noopener\"><img decoding=\"async\" class=\"wp-image-22813 aligncenter\" title=\"Dinosaur NM\" src=\"https:\/\/welcome-ontour.de\/wordpress\/wp-content\/uploads\/2024\/02\/2023-10-07-09-300x150.jpg\" alt=\"\" width=\"810\" height=\"406\" srcset=\"https:\/\/welcome-ontour.de\/wordpress\/wp-content\/uploads\/2024\/02\/2023-10-07-09-300x150.jpg 300w, https:\/\/welcome-ontour.de\/wordpress\/wp-content\/uploads\/2024\/02\/2023-10-07-09-700x351.jpg 700w, https:\/\/welcome-ontour.de\/wordpress\/wp-content\/uploads\/2024\/02\/2023-10-07-09-768x385.jpg 768w, https:\/\/welcome-ontour.de\/wordpress\/wp-content\/uploads\/2024\/02\/2023-10-07-09-1536x771.jpg 1536w, https:\/\/welcome-ontour.de\/wordpress\/wp-content\/uploads\/2024\/02\/2023-10-07-09-1080x540.jpg 1080w, https:\/\/welcome-ontour.de\/wordpress\/wp-content\/uploads\/2024\/02\/2023-10-07-09-1140x572.jpg 1140w, https:\/\/welcome-ontour.de\/wordpress\/wp-content\/uploads\/2024\/02\/2023-10-07-09.jpg 1806w\" sizes=\"(max-width: 810px) 100vw, 810px\" \/><\/a><\/span><\/p>\n<p style=\"text-align: center;\">\u00a0<\/p>\n<p style=\"text-align: center;\"><span style=\"font-family: arial, helvetica, sans-serif; font-size: 12pt; color: #000000;\">Gut ges\u00e4ttigt stellen wir die Sitze in Schlafposition, h\u00fcllen uns in die warmen Decken ein und schlafen.<\/span><\/p>\n<p style=\"text-align: center;\"><span style=\"font-family: arial, helvetica, sans-serif; font-size: 12pt; color: #000000;\">Nach 3-4 Stunden sind wir beide wieder wach.<\/span><\/p>\n<p style=\"text-align: center;\"><span style=\"font-family: arial, helvetica, sans-serif; font-size: 12pt; color: #000000;\">Also gibt es bis zum Fr\u00fchst\u00fcck noch zwei Filme aus dem Bordprogramm (Play Game und Indiana Jones).<\/span><\/p>\n<p style=\"text-align: center;\"><span style=\"font-family: arial, helvetica, sans-serif; font-size: 12pt; color: #000000;\">Halb acht gibt es ein warmes Fr\u00fchst\u00fcck.<\/span><\/p>\n<p style=\"text-align: center;\"><span style=\"font-family: arial, helvetica, sans-serif; font-size: 12pt; color: #000000;\">Danach beginnt der Landeanflug und um neun setzen wir sanft auf dem Amsterdam-Schiphol Airport auf.<\/span><\/p>\n<p style=\"text-align: center;\"><span style=\"font-family: arial, helvetica, sans-serif; font-size: 12pt; color: #000000;\">Aufgrund der kurzen Umsteigezeit von einer guten Stunde wollen wir als erste aus der Maschine.<\/span><\/p>\n<p style=\"text-align: center;\"><span style=\"font-family: arial, helvetica, sans-serif; font-size: 12pt; color: #000000;\">Obwohl wir mit dem Flugzeug auf dem Rollfeld noch ewig bis zu unserem Gate unterwegs sind, <\/span><\/p>\n<p style=\"text-align: center;\"><span style=\"font-family: arial, helvetica, sans-serif; font-size: 12pt; color: #000000;\">reicht die Umsteigezeit gut aus.<\/span><\/p>\n<p style=\"text-align: center;\"><span style=\"font-family: arial, helvetica, sans-serif; font-size: 12pt; color: #000000;\">Wir docken an D17 an, unser Weiterflug geht von C16.<\/span><\/p>\n<p style=\"text-align: center;\"><span style=\"font-family: arial, helvetica, sans-serif; font-size: 12pt; color: #000000;\">Inklusive Passkontrolle dauert der Fu\u00dfweg 20 min.<\/span><\/p>\n<p style=\"text-align: center;\"><span style=\"font-family: arial, helvetica, sans-serif; font-size: 12pt; color: #000000;\">Durch Sicherheitskontrollen brauchen wir gl\u00fccklicherweise nicht.<\/span><\/p>\n<p style=\"text-align: center;\"><span style=\"font-family: arial, helvetica, sans-serif; font-size: 12pt; color: #000000;\">Beim Boarding f\u00fcr den letzten Flug bekommen wir neue Sitzpl\u00e4tze zugewiesen.<\/span><\/p>\n<p style=\"text-align: center;\"><span style=\"font-family: arial, helvetica, sans-serif; font-size: 12pt; color: #000000;\">Sitzen jetzt in Reihe 11 in der vollen Boeing 737-800.<\/span><\/p>\n<p style=\"text-align: center;\"><span style=\"font-family: arial, helvetica, sans-serif; font-size: 12pt; color: #000000;\">F\u00fcr die kurze Flugzeit von einer Stunde ist uns das egal.<\/span><\/p>\n<p style=\"text-align: center;\"><span style=\"font-family: arial, helvetica, sans-serif; font-size: 12pt; color: #000000;\">Halb elf starten wir mit ein wenig Versp\u00e4tung.<\/span><\/p>\n<p style=\"text-align: center;\"><span style=\"font-family: arial, helvetica, sans-serif; font-size: 12pt; color: #000000;\">Wir nicken beide kurz ein.<\/span><\/p>\n<p style=\"text-align: center;\"><span style=\"font-family: arial, helvetica, sans-serif; font-size: 12pt; color: #000000;\">Lange geht auch nicht, denn halb zw\u00f6lf sind wir schon am BER Airport gelandet.<\/span><\/p>\n<p style=\"text-align: center;\"><span style=\"font-family: arial, helvetica, sans-serif; font-size: 12pt; color: #000000;\">Der Shuttlebus bringt uns zu Mc Parking, wo unser Auto auf uns wartet.<\/span><\/p>\n<p style=\"text-align: center;\">\u00a0<\/p>\n<p style=\"text-align: center;\"><span style=\"font-family: arial, helvetica, sans-serif; font-size: 12pt; color: #000000;\"><img decoding=\"async\" class=\"size-full wp-image-26716 aligncenter\" src=\"https:\/\/welcome-ontour.de\/wordpress\/wp-content\/uploads\/2025\/09\/2023-10-07-10-11.jpg\" alt=\"\" width=\"810\" height=\"279\" srcset=\"https:\/\/welcome-ontour.de\/wordpress\/wp-content\/uploads\/2025\/09\/2023-10-07-10-11.jpg 810w, https:\/\/welcome-ontour.de\/wordpress\/wp-content\/uploads\/2025\/09\/2023-10-07-10-11-300x103.jpg 300w, https:\/\/welcome-ontour.de\/wordpress\/wp-content\/uploads\/2025\/09\/2023-10-07-10-11-700x241.jpg 700w, https:\/\/welcome-ontour.de\/wordpress\/wp-content\/uploads\/2025\/09\/2023-10-07-10-11-768x265.jpg 768w\" sizes=\"(max-width: 810px) 100vw, 810px\" \/><\/span><\/p>\n<p style=\"text-align: center;\">\u00a0<\/p>\n<p style=\"text-align: center;\"><span style=\"font-family: arial, helvetica, sans-serif; font-size: 12pt; color: #000000;\">Eine Stunde sp\u00e4ter sind wir zu Hause.<\/span><\/p>\n<p style=\"text-align: center;\"><span style=\"font-family: arial, helvetica, sans-serif; font-size: 12pt; color: #000000;\">Quitten und Tomaten warten schon auf uns.<\/span><\/p>\n<p style=\"text-align: center;\">\u00a0<\/p>\n<p style=\"text-align: center;\"><span style=\"font-family: arial, helvetica, sans-serif; font-size: 12pt; color: #000000;\"><img decoding=\"async\" class=\"aligncenter wp-image-26717 size-large\" src=\"https:\/\/welcome-ontour.de\/wordpress\/wp-content\/uploads\/2025\/09\/2023-10-07-12-13-700x346.jpg\" alt=\"\" width=\"700\" height=\"346\" srcset=\"https:\/\/welcome-ontour.de\/wordpress\/wp-content\/uploads\/2025\/09\/2023-10-07-12-13-700x346.jpg 700w, https:\/\/welcome-ontour.de\/wordpress\/wp-content\/uploads\/2025\/09\/2023-10-07-12-13-300x148.jpg 300w, https:\/\/welcome-ontour.de\/wordpress\/wp-content\/uploads\/2025\/09\/2023-10-07-12-13-768x379.jpg 768w, https:\/\/welcome-ontour.de\/wordpress\/wp-content\/uploads\/2025\/09\/2023-10-07-12-13.jpg 810w\" sizes=\"(max-width: 700px) 100vw, 700px\" \/><\/span><\/p>\n<p style=\"text-align: center;\">\u00a0<\/p>\n<p style=\"text-align: center;\"><span style=\"font-family: arial, helvetica, sans-serif; font-size: 12pt; color: #000000;\">War sch\u00f6n gewesen.<\/span><\/p>\n<p style=\"text-align: center;\">\u00a0<\/p>\n<p style=\"text-align: center;\"><span style=\"font-family: arial, helvetica, sans-serif; font-size: 12pt; color: #000000;\"><a href=\"https:\/\/welcome-ontour.de\/wordpress\/wp-content\/uploads\/2024\/02\/2023-10-07-14.jpg\" target=\"_blank\" rel=\"noopener\"><img decoding=\"async\" class=\"aligncenter wp-image-22818\" title=\"War sch\u00f6n gewesen\" src=\"https:\/\/welcome-ontour.de\/wordpress\/wp-content\/uploads\/2024\/02\/2023-10-07-14-300x300.jpg\" alt=\"\" width=\"600\" height=\"603\" srcset=\"https:\/\/welcome-ontour.de\/wordpress\/wp-content\/uploads\/2024\/02\/2023-10-07-14-700x704.jpg 700w, https:\/\/welcome-ontour.de\/wordpress\/wp-content\/uploads\/2024\/02\/2023-10-07-14-150x150.jpg 150w, https:\/\/welcome-ontour.de\/wordpress\/wp-content\/uploads\/2024\/02\/2023-10-07-14-768x772.jpg 768w, https:\/\/welcome-ontour.de\/wordpress\/wp-content\/uploads\/2024\/02\/2023-10-07-14-1528x1536.jpg 1528w, https:\/\/welcome-ontour.de\/wordpress\/wp-content\/uploads\/2024\/02\/2023-10-07-14-1140x1146.jpg 1140w, https:\/\/welcome-ontour.de\/wordpress\/wp-content\/uploads\/2024\/02\/2023-10-07-14-75x75.jpg 75w, https:\/\/welcome-ontour.de\/wordpress\/wp-content\/uploads\/2024\/02\/2023-10-07-14.jpg 1797w\" sizes=\"(max-width: 600px) 100vw, 600px\" \/><\/a><\/span><\/p>\n<p style=\"text-align: right;\"><span style=\"color: #000000;\"><a style=\"color: #000000;\" href=\"https:\/\/welcome-ontour.de\/wordpress\/index.php\/2023-10-06\"><img decoding=\"async\" class=\"alignleft wp-image-20570\" src=\"https:\/\/welcome-ontour.de\/wordpress\/wp-content\/uploads\/2023\/10\/2023-09-12-02.jpg\" alt=\"\" width=\"44\" height=\"40\" \/><\/a> <a style=\"color: #000000;\" href=\"https:\/\/welcome-ontour.de\/wordpress\/index.php\/2023-10-08\"><img decoding=\"async\" class=\"alignright wp-image-20571\" src=\"https:\/\/welcome-ontour.de\/wordpress\/wp-content\/uploads\/2023\/10\/2023-09-12-03.jpg\" alt=\"\" width=\"44\" height=\"40\" \/><\/a><\/span><\/p>\n<p>&nbsp;<\/p>\n<p>&nbsp;<\/p>\n","protected":false},"excerpt":{"rendered":"<p>Prolog\u00a0 \u00a0 \u00a0Anreise\u00a0 \u00a0 \u00a0Mojave\u00a0 \u00a0 \u00a0Las Vegas\u00a0 \u00a0 \u00a0St. George\u00a0 \u00a0 \u00a0Bryce\u00a0 \u00a0 \u00a0Escalante Capitol Reef\u00a0 \u00a0 \u00a0Cathedral Valley\u00a0 \u00a0 \u00a0Sedona\u00a0 \u00a0 \u00a0Palm Desert\u00a0 \u00a0 \u00a0Laguna Beach\u00a0 \u00a0 \u00a0Abreise\u00a0 \u00a0 \u00a0Fazit\u00a0 \u00a0 \u00a0 &nbsp; Sa 7.10. \u00a0 R\u00fcckreise \u00a0 Die n\u00e4chsten zwei Stunden werden wir mit hervorragendem Essen und angenehmer Freundlichkeit versorgt. \u00a0 \u00a0 Die Flugroute f\u00fchrt \u00fcber Las Vegas in nord\u00f6stliche Richtung. Bei wolkenlos, sonnigem Wetter k\u00f6nnen wir viele Ziele unserer Route wiedererkennen. Die Solarkraftwerke bei Primm und den Lake Mead bei Las Vegas. \u00a0 \u00a0 Die n\u00f6rdlichen Ausl\u00e4ufer des gro\u00dfen Stausees mit dem Valley of Fire. \u00a0 \u00a0 Den Snow Canyon und Saint George. \u00a0 \u00a0 Und wir \u00fcberfliegen das Dinosaur National Monument im Nordwesten Colorados. \u00a0 \u00a0 Gut ges\u00e4ttigt stellen wir die Sitze in Schlafposition, h\u00fcllen uns in die warmen Decken ein und schlafen. Nach 3-4 Stunden sind wir beide wieder wach. Also gibt es bis zum Fr\u00fchst\u00fcck noch zwei Filme aus dem Bordprogramm (Play Game und Indiana Jones). Halb acht gibt es ein warmes Fr\u00fchst\u00fcck. Danach beginnt der Landeanflug und um neun setzen wir sanft auf dem Amsterdam-Schiphol Airport auf. Aufgrund der kurzen Umsteigezeit von einer guten Stunde wollen wir als erste aus der Maschine. Obwohl wir mit dem Flugzeug auf dem Rollfeld noch ewig bis zu unserem Gate unterwegs sind, reicht die Umsteigezeit gut aus. Wir docken an D17 an, unser Weiterflug geht von C16. Inklusive Passkontrolle dauert der Fu\u00dfweg 20 min. Durch Sicherheitskontrollen brauchen wir gl\u00fccklicherweise nicht. Beim Boarding f\u00fcr den letzten Flug bekommen wir neue Sitzpl\u00e4tze zugewiesen. Sitzen jetzt in Reihe 11 in der vollen Boeing 737-800. F\u00fcr die kurze Flugzeit von einer Stunde ist uns das egal. Halb elf starten wir mit ein wenig Versp\u00e4tung. Wir nicken beide kurz ein. Lange geht auch nicht, denn halb zw\u00f6lf sind wir schon am BER Airport gelandet. Der Shuttlebus bringt uns zu Mc Parking, wo unser Auto auf uns wartet. \u00a0 \u00a0 Eine Stunde sp\u00e4ter sind wir zu Hause. Quitten und Tomaten warten schon auf uns. \u00a0 \u00a0 War sch\u00f6n gewesen. \u00a0 &nbsp; &nbsp;<\/p>\n","protected":false},"author":1,"featured_media":0,"parent":0,"menu_order":0,"comment_status":"closed","ping_status":"closed","template":"","meta":{"footnotes":""},"class_list":["post-21661","page","type-page","status-publish","hentry"],"_links":{"self":[{"href":"https:\/\/welcome-ontour.de\/wordpress\/index.php\/wp-json\/wp\/v2\/pages\/21661","targetHints":{"allow":["GET"]}}],"collection":[{"href":"https:\/\/welcome-ontour.de\/wordpress\/index.php\/wp-json\/wp\/v2\/pages"}],"about":[{"href":"https:\/\/welcome-ontour.de\/wordpress\/index.php\/wp-json\/wp\/v2\/types\/page"}],"author":[{"embeddable":true,"href":"https:\/\/welcome-ontour.de\/wordpress\/index.php\/wp-json\/wp\/v2\/users\/1"}],"replies":[{"embeddable":true,"href":"https:\/\/welcome-ontour.de\/wordpress\/index.php\/wp-json\/wp\/v2\/comments?post=21661"}],"version-history":[{"count":10,"href":"https:\/\/welcome-ontour.de\/wordpress\/index.php\/wp-json\/wp\/v2\/pages\/21661\/revisions"}],"predecessor-version":[{"id":26718,"href":"https:\/\/welcome-ontour.de\/wordpress\/index.php\/wp-json\/wp\/v2\/pages\/21661\/revisions\/26718"}],"wp:attachment":[{"href":"https:\/\/welcome-ontour.de\/wordpress\/index.php\/wp-json\/wp\/v2\/media?parent=21661"}],"curies":[{"name":"wp","href":"https:\/\/api.w.org\/{rel}","templated":true}]}}