{"id":20643,"date":"2023-12-07T08:37:15","date_gmt":"2023-12-07T08:37:15","guid":{"rendered":"https:\/\/welcome-ontour.de\/wordpress\/?page_id=20643"},"modified":"2025-09-11T17:36:42","modified_gmt":"2025-09-11T17:36:42","slug":"2023-06-08","status":"publish","type":"page","link":"https:\/\/welcome-ontour.de\/wordpress\/index.php\/2023-06-08\/","title":{"rendered":"2023 06 08"},"content":{"rendered":"<p style=\"text-align: center;\"><span style=\"font-size: 8pt; font-family: arial, helvetica, sans-serif; color: #000000;\"><a style=\"color: #000000;\" href=\"https:\/\/welcome-ontour.de\/wordpress\/index.php\/2023-05-16\">Prolog<\/a>\u00a0 \u00a0 \u00a0<a style=\"color: #000000;\" href=\"https:\/\/welcome-ontour.de\/wordpress\/index.php\/2023-05-17\">Anreise<\/a>\u00a0 \u00a0 \u00a0<a style=\"color: #000000;\" href=\"https:\/\/welcome-ontour.de\/wordpress\/index.php\/2023-05-19\">Melbourne Beach<\/a>\u00a0 \u00a0 \u00a0<a style=\"color: #000000;\" href=\"https:\/\/welcome-ontour.de\/wordpress\/index.php\/2023-05-20\">Kennedy Space Center<\/a>\u00a0 \u00a0 \u00a0<a style=\"color: #000000;\" href=\"https:\/\/welcome-ontour.de\/wordpress\/index.php\/2023-05-21\">St. Augustine<\/a>\u00a0 \u00a0 \u00a0<a style=\"color: #000000;\" href=\"https:\/\/welcome-ontour.de\/wordpress\/index.php\/2023-05-22\">Jekyll Island<\/a>\u00a0 \u00a0 \u00a0<a style=\"color: #000000;\" href=\"https:\/\/welcome-ontour.de\/wordpress\/index.php\/2023-05-23\">Savannah<\/a>\u00a0 \u00a0 \u00a0<a style=\"color: #000000;\" href=\"https:\/\/welcome-ontour.de\/wordpress\/index.php\/2023-05-25\">Hilton Head<\/a>\u00a0 \u00a0 \u00a0<a style=\"color: #000000;\" href=\"https:\/\/welcome-ontour.de\/wordpress\/index.php\/2023-05-26\">Boone Hill<\/a>\u00a0 \u00a0 \u00a0<a style=\"color: #000000;\" href=\"https:\/\/welcome-ontour.de\/wordpress\/index.php\/2023-05-27\">Macon<\/a>\u00a0 \u00a0 \u00a0<a style=\"color: #000000;\" href=\"https:\/\/welcome-ontour.de\/wordpress\/index.php\/2023-05-29\">Providence Canyon<\/a><\/span><\/p>\n<p style=\"text-align: center;\"><span style=\"font-size: 8pt; font-family: arial, helvetica, sans-serif; color: #000000;\">\u00a0 \u00a0 \u00a0<a style=\"color: #000000;\" href=\"https:\/\/welcome-ontour.de\/wordpress\/index.php\/2023-05-30\">Panama City<\/a>\u00a0 \u00a0 \u00a0<a style=\"color: #000000;\" href=\"https:\/\/welcome-ontour.de\/wordpress\/index.php\/2023-05-31\">Forgotten Coast<\/a>\u00a0 \u00a0 \u00a0<a style=\"color: #000000;\" href=\"https:\/\/welcome-ontour.de\/wordpress\/index.php\/2023-06-01\">Ocala<\/a>\u00a0 \u00a0 \u00a0<a style=\"color: #000000;\" href=\"https:\/\/welcome-ontour.de\/wordpress\/index.php\/2023-06-03\">Tarpon Springs<\/a>\u00a0 \u00a0 \u00a0<a style=\"color: #000000;\" href=\"https:\/\/welcome-ontour.de\/wordpress\/index.php\/2023-06-04\">Anna Maria Island<\/a>\u00a0 \u00a0 \u00a0<a style=\"color: #000000;\" href=\"https:\/\/welcome-ontour.de\/wordpress\/index.php\/2023-06-05\">Manasota Key<\/a>\u00a0 \u00a0 \u00a0<a style=\"color: #000000;\" href=\"https:\/\/welcome-ontour.de\/wordpress\/index.php\/2023-06-06\">Punta Gorda<\/a>\u00a0 \u00a0 \u00a0<a style=\"color: #000000;\" href=\"https:\/\/welcome-ontour.de\/wordpress\/index.php\/2023-06-07\">Abreise<\/a>\u00a0 \u00a0 \u00a0<a style=\"color: #000000;\" href=\"https:\/\/welcome-ontour.de\/wordpress\/index.php\/2023-06-09\">Fazit<\/a><\/span><\/p>\n<p style=\"text-align: center;\"><span style=\"font-family: arial, helvetica, sans-serif; font-size: 12pt; color: #000000;\"><a style=\"color: #000000;\" href=\"https:\/\/welcome-ontour.de\/wordpress\/index.php\/2023-06-07\"><img decoding=\"async\" class=\"alignleft wp-image-20537\" title=\"Zur\u00fcck\" src=\"https:\/\/welcome-ontour.de\/wordpress\/wp-content\/uploads\/2023\/09\/2023-05-16-02.jpg\" alt=\"\" width=\"44\" height=\"40\" \/><\/a> <a style=\"color: #000000;\" href=\"https:\/\/welcome-ontour.de\/wordpress\/index.php\/2023-06-09\"><img decoding=\"async\" class=\"alignright wp-image-20538\" title=\"Vor\" src=\"https:\/\/welcome-ontour.de\/wordpress\/wp-content\/uploads\/2023\/09\/2023-05-16-03.jpg\" alt=\"\" width=\"43\" height=\"40\" \/><\/a><\/span><\/p>\n<p>&nbsp;<\/p>\n<p style=\"text-align: center;\"><span style=\"color: #000000;\"><strong><span style=\"font-family: arial, helvetica, sans-serif; font-size: 14pt;\">Do 8.6.<\/span><\/strong><\/span><\/p>\n<p style=\"text-align: center;\">\u00a0<\/p>\n<p style=\"text-align: center;\"><span style=\"color: #000000;\"><strong><span style=\"font-family: arial, helvetica, sans-serif; font-size: 14pt;\">Ankunft<\/span><\/strong><\/span><\/p>\n<p style=\"text-align: center;\">\u00a0<\/p>\n<p style=\"text-align: center;\"><span style=\"font-family: arial, helvetica, sans-serif; font-size: 12pt; color: #000000;\">\u201eP\u00fcnktlich\u201c 0:01 landet Air France 92 in Miami.<\/span><\/p>\n<p style=\"text-align: center;\"><span style=\"font-family: arial, helvetica, sans-serif; font-size: 12pt; color: #000000;\">Schnell verlassen Passagiere und Crew die gro\u00dfe Boeing.<\/span><\/p>\n<p style=\"text-align: center;\"><span style=\"font-family: arial, helvetica, sans-serif; font-size: 12pt; color: #000000;\">Nach nervigem Warten wird 1:30 mit dem Boarding begonnen.<\/span><\/p>\n<p style=\"text-align: center;\"><span style=\"font-family: arial, helvetica, sans-serif; font-size: 12pt; color: #000000;\">Und das l\u00e4uft ziemlich chaotisch ab.<\/span><\/p>\n<p style=\"text-align: center;\"><span style=\"font-family: arial, helvetica, sans-serif; font-size: 12pt; color: #000000;\">Wir d\u00fcrfen mit unseren Priority Tickets zwar als erste boarden.<\/span><\/p>\n<p style=\"text-align: center;\"><span style=\"font-family: arial, helvetica, sans-serif; font-size: 12pt; color: #000000;\">Verst\u00e4ndlicherweise l\u00e4sst man aber vorher Handycaped People, \u00e4ltere Menschen <\/span><\/p>\n<p style=\"text-align: center;\"><span style=\"font-family: arial, helvetica, sans-serif; font-size: 12pt; color: #000000;\">und Familien mit Kleinkindern ins Flugzeug.<\/span><\/p>\n<p style=\"text-align: center;\"><span style=\"font-family: arial, helvetica, sans-serif; font-size: 12pt; color: #000000;\">Und bei dieser Gelegenheit schummeln sich viele Normalos in diese Schlange.<\/span><\/p>\n<p style=\"text-align: center;\"><span style=\"font-family: arial, helvetica, sans-serif; font-size: 12pt; color: #000000;\">Ehe die Amis das bemerken, ist die Maschine schon halb voll.<\/span><\/p>\n<p style=\"text-align: center;\"><span style=\"font-family: arial, helvetica, sans-serif; font-size: 12pt; color: #000000;\">Wir sitzen auf 11 A und B in dem kleinen 3-reihigen Premium Komfort Abteil der Boeing 777.<\/span><\/p>\n<p style=\"text-align: center;\"><span style=\"font-family: arial, helvetica, sans-serif; font-size: 12pt; color: #000000;\">Die Zweier Sitzgruppe am Fenster ist komfortabel und bietet viel Platz.<\/span><\/p>\n<p style=\"text-align: center;\">\u00a0<\/p>\n<p style=\"text-align: center;\"><span style=\"font-family: arial, helvetica, sans-serif; font-size: 12pt; color: #000000;\"><img decoding=\"async\" class=\"aligncenter wp-image-27060 size-full\" src=\"https:\/\/welcome-ontour.de\/wordpress\/wp-content\/uploads\/2025\/09\/2023-06-08-0102.jpg\" alt=\"\" width=\"810\" height=\"279\" srcset=\"https:\/\/welcome-ontour.de\/wordpress\/wp-content\/uploads\/2025\/09\/2023-06-08-0102.jpg 810w, https:\/\/welcome-ontour.de\/wordpress\/wp-content\/uploads\/2025\/09\/2023-06-08-0102-300x103.jpg 300w, https:\/\/welcome-ontour.de\/wordpress\/wp-content\/uploads\/2025\/09\/2023-06-08-0102-700x241.jpg 700w, https:\/\/welcome-ontour.de\/wordpress\/wp-content\/uploads\/2025\/09\/2023-06-08-0102-768x265.jpg 768w\" sizes=\"(max-width: 810px) 100vw, 810px\" \/><\/span><\/p>\n<p style=\"text-align: center;\">\u00a0<\/p>\n<p style=\"text-align: center;\"><span style=\"font-family: arial, helvetica, sans-serif; font-size: 12pt; color: #000000;\">2:10 heben wir ab.<\/span><\/p>\n<p style=\"text-align: center;\"><span style=\"font-family: arial, helvetica, sans-serif; font-size: 12pt; color: #000000;\">Der Pilot meint aufgrund der Windverh\u00e4ltnisse heute nur acht Stunden nach Paris zu ben\u00f6tigen.<\/span><\/p>\n<p style=\"text-align: center;\"><span style=\"font-family: arial, helvetica, sans-serif; font-size: 12pt; color: #000000;\">W\u00e4re gut f\u00fcr uns, denn die Umsteigezeit f\u00fcr unseren ge\u00e4nderten Weiterflug nach Berlin ist knapp bemessen.<\/span><\/p>\n<p style=\"text-align: center;\"><span style=\"font-family: arial, helvetica, sans-serif; font-size: 12pt; color: #000000;\">Jetzt erst mal Uhren umstellen von 3 Uhr Eastern Standard Time auf 9 Uhr Mitteleurop\u00e4ische Sommerzeit.<\/span><\/p>\n<p style=\"text-align: center;\"><span style=\"font-family: arial, helvetica, sans-serif; font-size: 12pt; color: #000000;\">Schnell gibt es Essen, unsere Sondermahlzeiten bekommen wir als erste.<\/span><\/p>\n<p style=\"text-align: center;\">\u00a0<\/p>\n<p style=\"text-align: center;\"><span style=\"font-family: arial, helvetica, sans-serif; font-size: 12pt; color: #000000;\"><img decoding=\"async\" class=\"aligncenter wp-image-27061\" src=\"https:\/\/welcome-ontour.de\/wordpress\/wp-content\/uploads\/2025\/09\/2023-06-08-0305.jpg\" alt=\"\" width=\"810\" height=\"234\" srcset=\"https:\/\/welcome-ontour.de\/wordpress\/wp-content\/uploads\/2025\/09\/2023-06-08-0305.jpg 1044w, https:\/\/welcome-ontour.de\/wordpress\/wp-content\/uploads\/2025\/09\/2023-06-08-0305-300x86.jpg 300w, https:\/\/welcome-ontour.de\/wordpress\/wp-content\/uploads\/2025\/09\/2023-06-08-0305-700x202.jpg 700w, https:\/\/welcome-ontour.de\/wordpress\/wp-content\/uploads\/2025\/09\/2023-06-08-0305-768x221.jpg 768w\" sizes=\"(max-width: 810px) 100vw, 810px\" \/><\/span><\/p>\n<p style=\"text-align: center;\">\u00a0<\/p>\n<p style=\"text-align: center;\"><span style=\"font-family: arial, helvetica, sans-serif; font-size: 12pt; color: #000000;\">Danach machen wir es uns gem\u00fctlich und schlummern von dannen.<\/span><\/p>\n<p style=\"text-align: center;\"><span style=\"font-family: arial, helvetica, sans-serif; font-size: 12pt; color: #000000;\">4-5 Stunden schaffen wir zu schlafen, den bequemen Sitzen sei Dank.<\/span><\/p>\n<p style=\"text-align: center;\"><span style=\"font-family: arial, helvetica, sans-serif; font-size: 12pt; color: #000000;\">Die Flugroute verl\u00e4uft quer \u00fcber den Atlantik.<\/span><\/p>\n<p style=\"text-align: center;\">\u00a0<\/p>\n<p style=\"text-align: center;\"><span style=\"font-family: arial, helvetica, sans-serif; font-size: 12pt; color: #000000;\"><img decoding=\"async\" class=\"aligncenter wp-image-27062 size-full\" src=\"https:\/\/welcome-ontour.de\/wordpress\/wp-content\/uploads\/2025\/09\/2023-06-08-0607.jpg\" alt=\"\" width=\"810\" height=\"279\" srcset=\"https:\/\/welcome-ontour.de\/wordpress\/wp-content\/uploads\/2025\/09\/2023-06-08-0607.jpg 810w, https:\/\/welcome-ontour.de\/wordpress\/wp-content\/uploads\/2025\/09\/2023-06-08-0607-300x103.jpg 300w, https:\/\/welcome-ontour.de\/wordpress\/wp-content\/uploads\/2025\/09\/2023-06-08-0607-700x241.jpg 700w, https:\/\/welcome-ontour.de\/wordpress\/wp-content\/uploads\/2025\/09\/2023-06-08-0607-768x265.jpg 768w\" sizes=\"(max-width: 810px) 100vw, 810px\" \/><\/span><\/p>\n<p style=\"text-align: center;\">\u00a0<\/p>\n<p style=\"text-align: center;\"><span style=\"font-family: arial, helvetica, sans-serif; font-size: 12pt; color: #000000;\">Zeitweise sind wir mit 1200 km\/h unterwegs.<\/span><\/p>\n<p style=\"text-align: center;\"><span style=\"font-family: arial, helvetica, sans-serif; font-size: 12pt; color: #000000;\">Eine gute Stunde vor der Landung wird ein warmer Imbiss gereicht.<\/span><\/p>\n<p style=\"text-align: center;\"><span style=\"font-family: arial, helvetica, sans-serif; font-size: 12pt; color: #000000;\">16:10 landen wir nach acht Stunden Flug auf dem Charles De Gaulles Airport.<\/span><\/p>\n<p style=\"text-align: center;\">\u00a0<\/p>\n<p style=\"text-align: center;\"><span style=\"font-family: arial, helvetica, sans-serif; font-size: 12pt; color: #000000;\"><img decoding=\"async\" class=\"wp-image-21583 size-full aligncenter\" title=\"Paris Charles De Gaulles Airport\" src=\"https:\/\/welcome-ontour.de\/wordpress\/wp-content\/uploads\/2024\/01\/2023-06-08-08.jpg\" alt=\"\" width=\"810\" height=\"408\" srcset=\"https:\/\/welcome-ontour.de\/wordpress\/wp-content\/uploads\/2024\/01\/2023-06-08-08.jpg 810w, https:\/\/welcome-ontour.de\/wordpress\/wp-content\/uploads\/2024\/01\/2023-06-08-08-300x151.jpg 300w, https:\/\/welcome-ontour.de\/wordpress\/wp-content\/uploads\/2024\/01\/2023-06-08-08-700x353.jpg 700w, https:\/\/welcome-ontour.de\/wordpress\/wp-content\/uploads\/2024\/01\/2023-06-08-08-768x387.jpg 768w\" sizes=\"(max-width: 810px) 100vw, 810px\" \/><\/span><\/p>\n<p style=\"text-align: center;\">\u00a0<\/p>\n<p style=\"text-align: center;\"><span style=\"font-family: arial, helvetica, sans-serif; font-size: 12pt; color: #000000;\">Wir sind eine halbe Stunde vor der eigentlich geplanten Landezeit angekommen.<\/span><\/p>\n<p style=\"text-align: center;\"><span style=\"font-family: arial, helvetica, sans-serif; font-size: 12pt; color: #000000;\">Genau deswegen ist erst mal kein Gate f\u00fcr uns frei.<\/span><\/p>\n<p style=\"text-align: center;\"><span style=\"font-family: arial, helvetica, sans-serif; font-size: 12pt; color: #000000;\">Als wir dann endlich an unserer Endposition stehen, dauert es nochmals 20 min <\/span><\/p>\n<p style=\"text-align: center;\"><span style=\"font-family: arial, helvetica, sans-serif; font-size: 12pt; color: #000000;\">bis die Passagierbr\u00fccke an unsere Boeing gefahren wird.<\/span><\/p>\n<p style=\"text-align: center;\"><span style=\"font-family: arial, helvetica, sans-serif; font-size: 12pt; color: #000000;\">Gl\u00fccklicherweise teilt das Handy uns mit, dass unser Weiterflug ebenfalls Versp\u00e4tung haben wird.<\/span><\/p>\n<p style=\"text-align: center;\"><span style=\"font-family: arial, helvetica, sans-serif; font-size: 12pt; color: #000000;\">Also haben wir keine Hektik und selbst die \u00fcbertriebenen Handgep\u00e4ckkontrollen <\/span><\/p>\n<p style=\"text-align: center;\"><span style=\"font-family: arial, helvetica, sans-serif; font-size: 12pt; color: #000000;\">k\u00f6nnen uns nicht aus der Ruhe bringen.<\/span><\/p>\n<p style=\"text-align: center;\"><span style=\"font-family: arial, helvetica, sans-serif; font-size: 12pt; color: #000000;\">18 Uhr sind wir am Terminal 2F, von wo der Berlin Flug startet.<\/span><\/p>\n<p style=\"text-align: center;\"><span style=\"font-family: arial, helvetica, sans-serif; font-size: 12pt; color: #000000;\">Das Gew\u00e4chshaus des CDG-Airports macht seinem Namen alle Ehre.<\/span><\/p>\n<p style=\"text-align: center;\"><span style=\"font-family: arial, helvetica, sans-serif; font-size: 12pt; color: #000000;\">Keine Ahnung, ob die Klimaanlage nicht funktioniert, aber es sind gef\u00fchlte 30\u00b0unter dem riesigen Glasdach.<\/span><\/p>\n<p style=\"text-align: center;\">\u00a0<\/p>\n<p style=\"text-align: center;\"><span style=\"font-family: arial, helvetica, sans-serif; font-size: 12pt; color: #000000;\"><img decoding=\"async\" class=\"aligncenter wp-image-27063 size-full\" src=\"https:\/\/welcome-ontour.de\/wordpress\/wp-content\/uploads\/2025\/09\/2023-06-08-0910.jpg\" alt=\"\" width=\"810\" height=\"279\" srcset=\"https:\/\/welcome-ontour.de\/wordpress\/wp-content\/uploads\/2025\/09\/2023-06-08-0910.jpg 810w, https:\/\/welcome-ontour.de\/wordpress\/wp-content\/uploads\/2025\/09\/2023-06-08-0910-300x103.jpg 300w, https:\/\/welcome-ontour.de\/wordpress\/wp-content\/uploads\/2025\/09\/2023-06-08-0910-700x241.jpg 700w, https:\/\/welcome-ontour.de\/wordpress\/wp-content\/uploads\/2025\/09\/2023-06-08-0910-768x265.jpg 768w\" sizes=\"(max-width: 810px) 100vw, 810px\" \/><\/span><\/p>\n<p style=\"text-align: center;\">\u00a0<\/p>\n<p style=\"text-align: center;\"><span style=\"font-family: arial, helvetica, sans-serif; font-size: 12pt; color: #000000;\">Halb sieben d\u00fcrfen wir einsteigen.<\/span><\/p>\n<p style=\"text-align: center;\"><span style=\"font-family: arial, helvetica, sans-serif; font-size: 12pt; color: #000000;\">Der Start des kleinen A220 Airbus verz\u00f6gert sich dann nochmals.<\/span><\/p>\n<p style=\"text-align: center;\"><span style=\"font-family: arial, helvetica, sans-serif; font-size: 12pt; color: #000000;\">Der letzte Flug dieser Reise hebt 19:15 ab.<\/span><\/p>\n<p style=\"text-align: center;\"><span style=\"font-family: arial, helvetica, sans-serif; font-size: 12pt; color: #000000;\">Wir sitzen auf normalen Eco Pl\u00e4tzen 20 D und E, viel Beinfreiheit ist hier nicht zu finden.<\/span><\/p>\n<p style=\"text-align: center;\">\u00a0<\/p>\n<p style=\"text-align: center;\"><span style=\"font-family: arial, helvetica, sans-serif; font-size: 12pt; color: #000000;\"><img decoding=\"async\" class=\"aligncenter wp-image-27064\" src=\"https:\/\/welcome-ontour.de\/wordpress\/wp-content\/uploads\/2025\/09\/2023-06-08-1113.jpg\" alt=\"\" width=\"810\" height=\"233\" srcset=\"https:\/\/welcome-ontour.de\/wordpress\/wp-content\/uploads\/2025\/09\/2023-06-08-1113.jpg 1048w, https:\/\/welcome-ontour.de\/wordpress\/wp-content\/uploads\/2025\/09\/2023-06-08-1113-300x86.jpg 300w, https:\/\/welcome-ontour.de\/wordpress\/wp-content\/uploads\/2025\/09\/2023-06-08-1113-700x202.jpg 700w, https:\/\/welcome-ontour.de\/wordpress\/wp-content\/uploads\/2025\/09\/2023-06-08-1113-768x221.jpg 768w\" sizes=\"(max-width: 810px) 100vw, 810px\" \/><\/span><\/p>\n<p style=\"text-align: center;\">\u00a0<\/p>\n<p style=\"text-align: center;\"><span style=\"font-family: arial, helvetica, sans-serif; font-size: 12pt; color: #000000;\">Es gibt Sandwich, Getr\u00e4nke und heftige Turbulenzen.<\/span><\/p>\n<p style=\"text-align: center;\"><span style=\"font-family: arial, helvetica, sans-serif; font-size: 12pt; color: #000000;\">20:30 setzen wir am BER Flughafen auf.<\/span><\/p>\n<p style=\"text-align: center;\"><span style=\"font-family: arial, helvetica, sans-serif; font-size: 12pt; color: #000000;\">Raus zum Mc Parking Shuttle, rein in unser Auto und kurz nach 22 Uhr sind wir zu Hause.<\/span><\/p>\n<p style=\"text-align: center;\">\u00a0<\/p>\n<p style=\"text-align: center;\"><span style=\"font-family: arial, helvetica, sans-serif; font-size: 12pt; color: #000000;\"><img decoding=\"async\" class=\"aligncenter wp-image-27065\" src=\"https:\/\/welcome-ontour.de\/wordpress\/wp-content\/uploads\/2025\/09\/2023-06-08-1415.jpg\" alt=\"\" width=\"810\" height=\"384\" srcset=\"https:\/\/welcome-ontour.de\/wordpress\/wp-content\/uploads\/2025\/09\/2023-06-08-1415.jpg 809w, https:\/\/welcome-ontour.de\/wordpress\/wp-content\/uploads\/2025\/09\/2023-06-08-1415-300x142.jpg 300w, https:\/\/welcome-ontour.de\/wordpress\/wp-content\/uploads\/2025\/09\/2023-06-08-1415-700x332.jpg 700w, https:\/\/welcome-ontour.de\/wordpress\/wp-content\/uploads\/2025\/09\/2023-06-08-1415-768x365.jpg 768w\" sizes=\"(max-width: 810px) 100vw, 810px\" \/><\/span><\/p>\n<p style=\"text-align: center;\">\u00a0<\/p>\n<p style=\"text-align: center;\"><span style=\"font-family: arial, helvetica, sans-serif; font-size: 12pt; color: #000000;\">Kn\u00fclle und happy.<\/span><\/p>\n<p>&nbsp;<\/p>\n<p style=\"text-align: center;\"><span style=\"font-family: arial, helvetica, sans-serif; font-size: 12pt; color: #000000;\"><img decoding=\"async\" class=\"wp-image-20541 aligncenter\" src=\"https:\/\/welcome-ontour.de\/wordpress\/wp-content\/uploads\/2023\/09\/2023-05-16-06-300x227.jpg\" alt=\"\" width=\"222\" height=\"168\" srcset=\"https:\/\/welcome-ontour.de\/wordpress\/wp-content\/uploads\/2023\/09\/2023-05-16-06-300x227.jpg 300w, https:\/\/welcome-ontour.de\/wordpress\/wp-content\/uploads\/2023\/09\/2023-05-16-06.jpg 394w\" sizes=\"(max-width: 222px) 100vw, 222px\" \/><\/span><\/p>\n<p style=\"text-align: center;\"><span style=\"font-family: arial, helvetica, sans-serif; font-size: 12pt; color: #000000;\"><a style=\"color: #000000;\" href=\"https:\/\/welcome-ontour.de\/wordpress\/index.php\/2023-06-07\"><img decoding=\"async\" class=\"alignleft wp-image-20537\" title=\"Zur\u00fcck\" src=\"https:\/\/welcome-ontour.de\/wordpress\/wp-content\/uploads\/2023\/09\/2023-05-16-02.jpg\" alt=\"\" width=\"44\" height=\"40\" \/><\/a> <a style=\"color: #000000;\" href=\"https:\/\/welcome-ontour.de\/wordpress\/index.php\/2023-06-09\"><img decoding=\"async\" class=\"alignright wp-image-20538\" title=\"Vor\" src=\"https:\/\/welcome-ontour.de\/wordpress\/wp-content\/uploads\/2023\/09\/2023-05-16-03.jpg\" alt=\"\" width=\"43\" height=\"40\" \/><\/a><\/span><\/p>\n<p style=\"text-align: center;\">\u00a0<\/p>\n","protected":false},"excerpt":{"rendered":"<p>Prolog\u00a0 \u00a0 \u00a0Anreise\u00a0 \u00a0 \u00a0Melbourne Beach\u00a0 \u00a0 \u00a0Kennedy Space Center\u00a0 \u00a0 \u00a0St. Augustine\u00a0 \u00a0 \u00a0Jekyll Island\u00a0 \u00a0 \u00a0Savannah\u00a0 \u00a0 \u00a0Hilton Head\u00a0 \u00a0 \u00a0Boone Hill\u00a0 \u00a0 \u00a0Macon\u00a0 \u00a0 \u00a0Providence Canyon \u00a0 \u00a0 \u00a0Panama City\u00a0 \u00a0 \u00a0Forgotten Coast\u00a0 \u00a0 \u00a0Ocala\u00a0 \u00a0 \u00a0Tarpon Springs\u00a0 \u00a0 \u00a0Anna Maria Island\u00a0 \u00a0 \u00a0Manasota Key\u00a0 \u00a0 \u00a0Punta Gorda\u00a0 \u00a0 \u00a0Abreise\u00a0 \u00a0 \u00a0Fazit &nbsp; Do 8.6. \u00a0 Ankunft \u00a0 \u201eP\u00fcnktlich\u201c 0:01 landet Air France 92 in Miami. Schnell verlassen Passagiere und Crew die gro\u00dfe Boeing. Nach nervigem Warten wird 1:30 mit dem Boarding begonnen. Und das l\u00e4uft ziemlich chaotisch ab. Wir d\u00fcrfen mit unseren Priority Tickets zwar als erste boarden. Verst\u00e4ndlicherweise l\u00e4sst man aber vorher Handycaped People, \u00e4ltere Menschen und Familien mit Kleinkindern ins Flugzeug. Und bei dieser Gelegenheit schummeln sich viele Normalos in diese Schlange. Ehe die Amis das bemerken, ist die Maschine schon halb voll. Wir sitzen auf 11 A und B in dem kleinen 3-reihigen Premium Komfort Abteil der Boeing 777. Die Zweier Sitzgruppe am Fenster ist komfortabel und bietet viel Platz. \u00a0 \u00a0 2:10 heben wir ab. Der Pilot meint aufgrund der Windverh\u00e4ltnisse heute nur acht Stunden nach Paris zu ben\u00f6tigen. W\u00e4re gut f\u00fcr uns, denn die Umsteigezeit f\u00fcr unseren ge\u00e4nderten Weiterflug nach Berlin ist knapp bemessen. Jetzt erst mal Uhren umstellen von 3 Uhr Eastern Standard Time auf 9 Uhr Mitteleurop\u00e4ische Sommerzeit. Schnell gibt es Essen, unsere Sondermahlzeiten bekommen wir als erste. \u00a0 \u00a0 Danach machen wir es uns gem\u00fctlich und schlummern von dannen. 4-5 Stunden schaffen wir zu schlafen, den bequemen Sitzen sei Dank. Die Flugroute verl\u00e4uft quer \u00fcber den Atlantik. \u00a0 \u00a0 Zeitweise sind wir mit 1200 km\/h unterwegs. Eine gute Stunde vor der Landung wird ein warmer Imbiss gereicht. 16:10 landen wir nach acht Stunden Flug auf dem Charles De Gaulles Airport. \u00a0 \u00a0 Wir sind eine halbe Stunde vor der eigentlich geplanten Landezeit angekommen. Genau deswegen ist erst mal kein Gate f\u00fcr uns frei. Als wir dann endlich an unserer Endposition stehen, dauert es nochmals 20 min bis die Passagierbr\u00fccke an unsere Boeing gefahren wird. Gl\u00fccklicherweise teilt das Handy uns mit, dass unser Weiterflug ebenfalls Versp\u00e4tung haben wird. Also haben wir keine Hektik und selbst die \u00fcbertriebenen Handgep\u00e4ckkontrollen k\u00f6nnen uns nicht aus der Ruhe bringen. 18 Uhr sind wir am Terminal 2F, von wo der Berlin Flug startet. Das Gew\u00e4chshaus des CDG-Airports macht seinem Namen alle Ehre. Keine Ahnung, ob die Klimaanlage nicht funktioniert, aber es sind gef\u00fchlte 30\u00b0unter dem riesigen Glasdach. \u00a0 \u00a0 Halb sieben d\u00fcrfen wir einsteigen. Der Start des kleinen A220 Airbus verz\u00f6gert sich dann nochmals. Der letzte Flug dieser Reise hebt 19:15 ab. Wir sitzen auf normalen Eco Pl\u00e4tzen 20 D und E, viel Beinfreiheit ist hier nicht zu finden. \u00a0 \u00a0 Es gibt Sandwich, Getr\u00e4nke und heftige Turbulenzen. 20:30 setzen wir am BER Flughafen auf. Raus zum Mc Parking Shuttle, rein in unser Auto und kurz nach 22 Uhr sind wir zu Hause. \u00a0 \u00a0 Kn\u00fclle und happy. &nbsp; \u00a0<\/p>\n","protected":false},"author":1,"featured_media":0,"parent":0,"menu_order":0,"comment_status":"closed","ping_status":"closed","template":"","meta":{"footnotes":""},"class_list":["post-20643","page","type-page","status-publish","hentry"],"_links":{"self":[{"href":"https:\/\/welcome-ontour.de\/wordpress\/index.php\/wp-json\/wp\/v2\/pages\/20643","targetHints":{"allow":["GET"]}}],"collection":[{"href":"https:\/\/welcome-ontour.de\/wordpress\/index.php\/wp-json\/wp\/v2\/pages"}],"about":[{"href":"https:\/\/welcome-ontour.de\/wordpress\/index.php\/wp-json\/wp\/v2\/types\/page"}],"author":[{"embeddable":true,"href":"https:\/\/welcome-ontour.de\/wordpress\/index.php\/wp-json\/wp\/v2\/users\/1"}],"replies":[{"embeddable":true,"href":"https:\/\/welcome-ontour.de\/wordpress\/index.php\/wp-json\/wp\/v2\/comments?post=20643"}],"version-history":[{"count":7,"href":"https:\/\/welcome-ontour.de\/wordpress\/index.php\/wp-json\/wp\/v2\/pages\/20643\/revisions"}],"predecessor-version":[{"id":21575,"href":"https:\/\/welcome-ontour.de\/wordpress\/index.php\/wp-json\/wp\/v2\/pages\/20643\/revisions\/21575"}],"wp:attachment":[{"href":"https:\/\/welcome-ontour.de\/wordpress\/index.php\/wp-json\/wp\/v2\/media?parent=20643"}],"curies":[{"name":"wp","href":"https:\/\/api.w.org\/{rel}","templated":true}]}}