{"id":20641,"date":"2023-12-07T08:36:57","date_gmt":"2023-12-07T08:36:57","guid":{"rendered":"https:\/\/welcome-ontour.de\/wordpress\/?page_id=20641"},"modified":"2025-09-11T17:33:35","modified_gmt":"2025-09-11T17:33:35","slug":"2023-06-07","status":"publish","type":"page","link":"https:\/\/welcome-ontour.de\/wordpress\/index.php\/2023-06-07\/","title":{"rendered":"2023 06 07"},"content":{"rendered":"<p style=\"text-align: center;\"><span style=\"font-size: 8pt; font-family: arial, helvetica, sans-serif; color: #000000;\"><a style=\"color: #000000;\" href=\"https:\/\/welcome-ontour.de\/wordpress\/index.php\/2023-05-16\">Prolog<\/a>\u00a0 \u00a0 \u00a0<a style=\"color: #000000;\" href=\"https:\/\/welcome-ontour.de\/wordpress\/index.php\/2023-05-17\">Anreise<\/a>\u00a0 \u00a0 \u00a0<a style=\"color: #000000;\" href=\"https:\/\/welcome-ontour.de\/wordpress\/index.php\/2023-05-19\">Melbourne Beach<\/a>\u00a0 \u00a0 \u00a0<a style=\"color: #000000;\" href=\"https:\/\/welcome-ontour.de\/wordpress\/index.php\/2023-05-20\">Kennedy Space Center<\/a>\u00a0 \u00a0 \u00a0<a style=\"color: #000000;\" href=\"https:\/\/welcome-ontour.de\/wordpress\/index.php\/2023-05-21\">St. Augustine<\/a>\u00a0 \u00a0 \u00a0<a style=\"color: #000000;\" href=\"https:\/\/welcome-ontour.de\/wordpress\/index.php\/2023-05-22\">Jekyll Island<\/a>\u00a0 \u00a0 \u00a0<a style=\"color: #000000;\" href=\"https:\/\/welcome-ontour.de\/wordpress\/index.php\/2023-05-23\">Savannah<\/a>\u00a0 \u00a0 \u00a0<a style=\"color: #000000;\" href=\"https:\/\/welcome-ontour.de\/wordpress\/index.php\/2023-05-25\">Hilton Head<\/a>\u00a0 \u00a0 \u00a0<a style=\"color: #000000;\" href=\"https:\/\/welcome-ontour.de\/wordpress\/index.php\/2023-05-26\">Boone Hill<\/a>\u00a0 \u00a0 \u00a0<a style=\"color: #000000;\" href=\"https:\/\/welcome-ontour.de\/wordpress\/index.php\/2023-05-27\">Macon<\/a>\u00a0 \u00a0 \u00a0<a style=\"color: #000000;\" href=\"https:\/\/welcome-ontour.de\/wordpress\/index.php\/2023-05-29\">Providence Canyon<\/a><\/span><\/p>\n<p style=\"text-align: center;\"><span style=\"font-size: 8pt; font-family: arial, helvetica, sans-serif; color: #000000;\">\u00a0 \u00a0 \u00a0<a style=\"color: #000000;\" href=\"https:\/\/welcome-ontour.de\/wordpress\/index.php\/2023-05-30\">Panama City<\/a>\u00a0 \u00a0 \u00a0<a style=\"color: #000000;\" href=\"https:\/\/welcome-ontour.de\/wordpress\/index.php\/2023-05-31\">Forgotten Coast<\/a>\u00a0 \u00a0 \u00a0<a style=\"color: #000000;\" href=\"https:\/\/welcome-ontour.de\/wordpress\/index.php\/2023-06-01\">Ocala<\/a>\u00a0 \u00a0 \u00a0<a style=\"color: #000000;\" href=\"https:\/\/welcome-ontour.de\/wordpress\/index.php\/2023-06-03\">Tarpon Springs<\/a>\u00a0 \u00a0 \u00a0<a style=\"color: #000000;\" href=\"https:\/\/welcome-ontour.de\/wordpress\/index.php\/2023-06-04\">Anna Maria Island<\/a>\u00a0 \u00a0 \u00a0<a style=\"color: #000000;\" href=\"https:\/\/welcome-ontour.de\/wordpress\/index.php\/2023-06-05\">Manasota Key<\/a>\u00a0 \u00a0 \u00a0<a style=\"color: #000000;\" href=\"https:\/\/welcome-ontour.de\/wordpress\/index.php\/2023-06-06\">Punta Gorda<\/a>\u00a0 \u00a0 \u00a0<a style=\"color: #000000;\" href=\"https:\/\/welcome-ontour.de\/wordpress\/index.php\/2023-06-07\">Abreise<\/a>\u00a0 \u00a0 \u00a0<a style=\"color: #000000;\" href=\"https:\/\/welcome-ontour.de\/wordpress\/index.php\/2023-06-09\">Fazit<\/a><\/span><\/p>\n<p style=\"text-align: center;\"><span style=\"font-family: arial, helvetica, sans-serif; font-size: 12pt; color: #000000;\"><a style=\"color: #000000;\" href=\"https:\/\/welcome-ontour.de\/wordpress\/index.php\/2023-06-06\"><img decoding=\"async\" class=\"alignleft wp-image-20537\" title=\"Zur\u00fcck\" src=\"https:\/\/welcome-ontour.de\/wordpress\/wp-content\/uploads\/2023\/09\/2023-05-16-02.jpg\" alt=\"\" width=\"44\" height=\"40\" \/><\/a> <a style=\"color: #000000;\" href=\"https:\/\/welcome-ontour.de\/wordpress\/index.php\/2023-06-08\"><img decoding=\"async\" class=\"alignright wp-image-20538\" title=\"Vor\" src=\"https:\/\/welcome-ontour.de\/wordpress\/wp-content\/uploads\/2023\/09\/2023-05-16-03.jpg\" alt=\"\" width=\"43\" height=\"40\" \/><\/a><\/span><\/p>\n<p>&nbsp;<\/p>\n<p style=\"text-align: center;\"><span style=\"color: #000000;\"><strong><span style=\"font-family: arial, helvetica, sans-serif; font-size: 14pt;\">Mi 7.6.<\/span><\/strong><\/span><\/p>\n<p style=\"text-align: center;\">\u00a0<\/p>\n<p style=\"text-align: center;\"><span style=\"color: #000000;\"><strong><span style=\"font-family: arial, helvetica, sans-serif; font-size: 14pt;\">Abreise<\/span><\/strong><\/span><\/p>\n<p style=\"text-align: center;\">\u00a0<\/p>\n<p style=\"text-align: center;\"><span style=\"font-family: arial, helvetica, sans-serif; font-size: 12pt; color: #000000;\">Richtig gut und lange geschlafen.<\/span><\/p>\n<p style=\"text-align: center;\"><span style=\"font-family: arial, helvetica, sans-serif; font-size: 12pt; color: #000000;\">Nach dem Hotelfr\u00fchst\u00fcck liegen wir halb zehn am Nokomis Beach auf Casey Key.<\/span><\/p>\n<p style=\"text-align: center;\">\u00a0<\/p>\n<p style=\"text-align: center;\"><span style=\"font-family: arial, helvetica, sans-serif; font-size: 12pt; color: #000000;\"><img decoding=\"async\" class=\"aligncenter wp-image-27050 size-full\" src=\"https:\/\/welcome-ontour.de\/wordpress\/wp-content\/uploads\/2025\/09\/2023-06-07-0102.jpg\" alt=\"\" width=\"810\" height=\"302\" srcset=\"https:\/\/welcome-ontour.de\/wordpress\/wp-content\/uploads\/2025\/09\/2023-06-07-0102.jpg 810w, https:\/\/welcome-ontour.de\/wordpress\/wp-content\/uploads\/2025\/09\/2023-06-07-0102-300x112.jpg 300w, https:\/\/welcome-ontour.de\/wordpress\/wp-content\/uploads\/2025\/09\/2023-06-07-0102-700x261.jpg 700w, https:\/\/welcome-ontour.de\/wordpress\/wp-content\/uploads\/2025\/09\/2023-06-07-0102-768x286.jpg 768w\" sizes=\"(max-width: 810px) 100vw, 810px\" \/><\/span><\/p>\n<p style=\"text-align: center;\">\u00a0<\/p>\n<p style=\"text-align: center;\"><span style=\"font-family: arial, helvetica, sans-serif; font-size: 12pt; color: #000000;\">Mit uns ein paar Familien mit Kindern und eine Gruppe Frauen, <\/span><\/p>\n<p style=\"text-align: center;\"><span style=\"font-family: arial, helvetica, sans-serif; font-size: 12pt; color: #000000;\">die mit Hula Hoop Reifen zu Musik aus den Sechziger Jahren tanzen.<\/span><\/p>\n<p style=\"text-align: center;\"><span style=\"font-family: arial, helvetica, sans-serif; font-size: 12pt; color: #000000;\">Auch heute ist vormittags schnell die 30\u00b0 Marke erreicht.<\/span><\/p>\n<p style=\"text-align: center;\">\u00a0<\/p>\n<p style=\"text-align: center;\"><span style=\"font-family: arial, helvetica, sans-serif; font-size: 12pt; color: #000000;\"><img decoding=\"async\" class=\"aligncenter wp-image-27051\" src=\"https:\/\/welcome-ontour.de\/wordpress\/wp-content\/uploads\/2025\/09\/2023-06-07-0304.jpg\" alt=\"\" width=\"810\" height=\"408\" srcset=\"https:\/\/welcome-ontour.de\/wordpress\/wp-content\/uploads\/2025\/09\/2023-06-07-0304.jpg 763w, https:\/\/welcome-ontour.de\/wordpress\/wp-content\/uploads\/2025\/09\/2023-06-07-0304-300x151.jpg 300w, https:\/\/welcome-ontour.de\/wordpress\/wp-content\/uploads\/2025\/09\/2023-06-07-0304-700x352.jpg 700w\" sizes=\"(max-width: 810px) 100vw, 810px\" \/><\/span><\/p>\n<p style=\"text-align: center;\">\u00a0<\/p>\n<p style=\"text-align: center;\"><span style=\"font-family: arial, helvetica, sans-serif; font-size: 12pt; color: #000000;\">Mit einem letzten Bad verabschieden wir uns von der Golfk\u00fcste und sind um 12 wieder im Hotel.<\/span><\/p>\n<p style=\"text-align: center;\"><span style=\"font-family: arial, helvetica, sans-serif; font-size: 12pt; color: #000000;\">Wir konnten gestern Abend einen kostenlosen Late Check Out vereinbaren.<\/span><\/p>\n<p style=\"text-align: center;\"><span style=\"font-family: arial, helvetica, sans-serif; font-size: 12pt; color: #000000;\">Bis 14 Uhr d\u00fcrfen wir im Zimmer sein.<\/span><\/p>\n<p style=\"text-align: center;\"><span style=\"font-family: arial, helvetica, sans-serif; font-size: 12pt; color: #000000;\">Genug Zeit um in Ruhe die Klamotten zu packen und nochmal zu duschen.<\/span><\/p>\n<p style=\"text-align: center;\"><span style=\"font-family: arial, helvetica, sans-serif; font-size: 12pt; color: #000000;\">Gleich nach dem Check Out fahren wir zum Lunch in die Tiki Bar um die Ecke.<\/span><\/p>\n<p style=\"text-align: center;\">\u00a0<\/p>\n<p style=\"text-align: center;\"><span style=\"font-family: arial, helvetica, sans-serif; font-size: 12pt; color: #000000;\"><img decoding=\"async\" class=\"aligncenter wp-image-27052 size-full\" src=\"https:\/\/welcome-ontour.de\/wordpress\/wp-content\/uploads\/2025\/09\/2023-06-07-0506.jpg\" alt=\"\" width=\"810\" height=\"203\" srcset=\"https:\/\/welcome-ontour.de\/wordpress\/wp-content\/uploads\/2025\/09\/2023-06-07-0506.jpg 810w, https:\/\/welcome-ontour.de\/wordpress\/wp-content\/uploads\/2025\/09\/2023-06-07-0506-300x75.jpg 300w, https:\/\/welcome-ontour.de\/wordpress\/wp-content\/uploads\/2025\/09\/2023-06-07-0506-700x175.jpg 700w, https:\/\/welcome-ontour.de\/wordpress\/wp-content\/uploads\/2025\/09\/2023-06-07-0506-768x192.jpg 768w\" sizes=\"(max-width: 810px) 100vw, 810px\" \/><\/span><\/p>\n<p style=\"text-align: center;\"><span style=\"font-family: arial, helvetica, sans-serif; font-size: 12pt; color: #000000;\"><img decoding=\"async\" class=\"aligncenter wp-image-27053 size-full\" src=\"https:\/\/welcome-ontour.de\/wordpress\/wp-content\/uploads\/2025\/09\/2023-06-07-0708.jpg\" alt=\"\" width=\"810\" height=\"188\" srcset=\"https:\/\/welcome-ontour.de\/wordpress\/wp-content\/uploads\/2025\/09\/2023-06-07-0708.jpg 810w, https:\/\/welcome-ontour.de\/wordpress\/wp-content\/uploads\/2025\/09\/2023-06-07-0708-300x70.jpg 300w, https:\/\/welcome-ontour.de\/wordpress\/wp-content\/uploads\/2025\/09\/2023-06-07-0708-700x162.jpg 700w, https:\/\/welcome-ontour.de\/wordpress\/wp-content\/uploads\/2025\/09\/2023-06-07-0708-768x178.jpg 768w\" sizes=\"(max-width: 810px) 100vw, 810px\" \/><\/span><\/p>\n<p style=\"text-align: center;\">\u00a0<\/p>\n<p style=\"text-align: center;\"><span style=\"font-family: arial, helvetica, sans-serif; font-size: 12pt; color: #000000;\">Dann geht es auf der Interstate 75 in Richtung Miami.<\/span><\/p>\n<p style=\"text-align: center;\">\u00a0<\/p>\n<p style=\"text-align: center;\"><span style=\"font-family: arial, helvetica, sans-serif; font-size: 12pt; color: #000000;\"><img decoding=\"async\" class=\"wp-image-21559 size-full aligncenter\" title=\"Ab nach Miami\" src=\"https:\/\/welcome-ontour.de\/wordpress\/wp-content\/uploads\/2024\/01\/2023-06-07-09.jpg\" alt=\"\" width=\"810\" height=\"408\" srcset=\"https:\/\/welcome-ontour.de\/wordpress\/wp-content\/uploads\/2024\/01\/2023-06-07-09.jpg 810w, https:\/\/welcome-ontour.de\/wordpress\/wp-content\/uploads\/2024\/01\/2023-06-07-09-300x151.jpg 300w, https:\/\/welcome-ontour.de\/wordpress\/wp-content\/uploads\/2024\/01\/2023-06-07-09-700x353.jpg 700w, https:\/\/welcome-ontour.de\/wordpress\/wp-content\/uploads\/2024\/01\/2023-06-07-09-768x387.jpg 768w\" sizes=\"(max-width: 810px) 100vw, 810px\" \/><\/span><\/p>\n<p style=\"text-align: center;\">\u00a0<\/p>\n<p style=\"text-align: center;\"><span style=\"font-family: arial, helvetica, sans-serif; font-size: 12pt; color: #000000;\">Einen kurzen Zwischenstopp gibt es an der Collier Rest Area, mitten in den Everglades.<\/span><\/p>\n<p style=\"text-align: center;\">\u00a0<\/p>\n<p style=\"text-align: center;\"><span style=\"font-family: arial, helvetica, sans-serif; font-size: 12pt; color: #000000;\"><img decoding=\"async\" class=\"aligncenter wp-image-27054 size-full\" src=\"https:\/\/welcome-ontour.de\/wordpress\/wp-content\/uploads\/2025\/09\/2023-06-07-1011.jpg\" alt=\"\" width=\"810\" height=\"279\" srcset=\"https:\/\/welcome-ontour.de\/wordpress\/wp-content\/uploads\/2025\/09\/2023-06-07-1011.jpg 810w, https:\/\/welcome-ontour.de\/wordpress\/wp-content\/uploads\/2025\/09\/2023-06-07-1011-300x103.jpg 300w, https:\/\/welcome-ontour.de\/wordpress\/wp-content\/uploads\/2025\/09\/2023-06-07-1011-700x241.jpg 700w, https:\/\/welcome-ontour.de\/wordpress\/wp-content\/uploads\/2025\/09\/2023-06-07-1011-768x265.jpg 768w\" sizes=\"(max-width: 810px) 100vw, 810px\" \/><\/span><\/p>\n<p style=\"text-align: center;\">\u00a0<\/p>\n<p style=\"text-align: center;\"><span style=\"font-family: arial, helvetica, sans-serif; font-size: 12pt; color: #000000;\">Im Gro\u00dfraum Ft. Lauderdale staut es sich gewaltig.<\/span><\/p>\n<p style=\"text-align: center;\"><span style=\"font-family: arial, helvetica, sans-serif; font-size: 12pt; color: #000000;\">\u00dcber uns hat sich mittlerweile eine riesige dunkle Wolkenfront gebildet.<\/span><\/p>\n<p style=\"text-align: center;\"><span style=\"font-family: arial, helvetica, sans-serif; font-size: 12pt; color: #000000;\">Es dauert nicht lange und Petrus \u00f6ffnet alle Pforten.<\/span><\/p>\n<p style=\"text-align: center;\"><span style=\"font-family: arial, helvetica, sans-serif; font-size: 12pt; color: #000000;\">Die gewaltigen Wassermassen sorgen sofort f\u00fcr \u00dcberschwemmungen.<\/span><\/p>\n<p style=\"text-align: center;\">\u00a0<\/p>\n<p style=\"text-align: center;\"><span style=\"font-family: arial, helvetica, sans-serif; font-size: 12pt; color: #000000;\"><img decoding=\"async\" class=\"aligncenter wp-image-27055 size-full\" src=\"https:\/\/welcome-ontour.de\/wordpress\/wp-content\/uploads\/2025\/09\/2023-06-07-1213.jpg\" alt=\"\" width=\"810\" height=\"279\" srcset=\"https:\/\/welcome-ontour.de\/wordpress\/wp-content\/uploads\/2025\/09\/2023-06-07-1213.jpg 810w, https:\/\/welcome-ontour.de\/wordpress\/wp-content\/uploads\/2025\/09\/2023-06-07-1213-300x103.jpg 300w, https:\/\/welcome-ontour.de\/wordpress\/wp-content\/uploads\/2025\/09\/2023-06-07-1213-700x241.jpg 700w, https:\/\/welcome-ontour.de\/wordpress\/wp-content\/uploads\/2025\/09\/2023-06-07-1213-768x265.jpg 768w\" sizes=\"(max-width: 810px) 100vw, 810px\" \/><\/span><\/p>\n<p style=\"text-align: center;\">\u00a0<\/p>\n<p style=\"text-align: center;\"><span style=\"font-family: arial, helvetica, sans-serif; font-size: 12pt; color: #000000;\">Wir verlassen die Autobahn und k\u00e4mpfen uns \u00fcber Nebenstra\u00dfen nach Doral.<\/span><\/p>\n<p style=\"text-align: center;\"><span style=\"font-family: arial, helvetica, sans-serif; font-size: 12pt; color: #000000;\">Inzwischen ist es abends halb sieben.<\/span><\/p>\n<p style=\"text-align: center;\"><span style=\"font-family: arial, helvetica, sans-serif; font-size: 12pt; color: #000000;\">Bei Famous Dave\u2019s BBQ soll es das Abschiedsdinner geben.<\/span><\/p>\n<p style=\"text-align: center;\">\u00a0<\/p>\n<p style=\"text-align: center;\"><span style=\"font-family: arial, helvetica, sans-serif; font-size: 12pt; color: #000000;\"><img decoding=\"async\" class=\"aligncenter wp-image-27056 size-full\" src=\"https:\/\/welcome-ontour.de\/wordpress\/wp-content\/uploads\/2025\/09\/2023-06-07-1415.jpg\" alt=\"\" width=\"810\" height=\"279\" srcset=\"https:\/\/welcome-ontour.de\/wordpress\/wp-content\/uploads\/2025\/09\/2023-06-07-1415.jpg 810w, https:\/\/welcome-ontour.de\/wordpress\/wp-content\/uploads\/2025\/09\/2023-06-07-1415-300x103.jpg 300w, https:\/\/welcome-ontour.de\/wordpress\/wp-content\/uploads\/2025\/09\/2023-06-07-1415-700x241.jpg 700w, https:\/\/welcome-ontour.de\/wordpress\/wp-content\/uploads\/2025\/09\/2023-06-07-1415-768x265.jpg 768w\" sizes=\"(max-width: 810px) 100vw, 810px\" \/><\/span><\/p>\n<p style=\"text-align: center;\">\u00a0<\/p>\n<p style=\"text-align: center;\"><span style=\"font-family: arial, helvetica, sans-serif; font-size: 12pt; color: #000000;\">Das Essen ist schmackhaft und die Drinks lecker.<\/span><\/p>\n<p style=\"text-align: center;\"><span style=\"font-family: arial, helvetica, sans-serif; font-size: 12pt; color: #000000;\">Unsere Kinnladen fallen erst runter, als wir uns mit dem Wifi verbinden.<\/span><\/p>\n<p style=\"text-align: center;\"><span style=\"font-family: arial, helvetica, sans-serif; font-size: 12pt; color: #000000;\">Air France teilt uns mit, dass unser Flug nicht (wie geplant) 23:20 starten kann.<\/span><\/p>\n<p style=\"text-align: center;\"><span style=\"font-family: arial, helvetica, sans-serif; font-size: 12pt; color: #000000;\">Nach aktuellem Stand m\u00fcssen wir mit 2,5 Stunden Versp\u00e4tung rechnen.<\/span><\/p>\n<p style=\"text-align: center;\"><span style=\"font-family: arial, helvetica, sans-serif; font-size: 12pt; color: #000000;\">Neue Abflugzeit 2 Uhr nachts.<\/span><\/p>\n<p style=\"text-align: center;\"><span style=\"font-family: arial, helvetica, sans-serif; font-size: 12pt; color: #000000;\">F\u00fcr den anschlie\u00dfenden Zubringerflug nach Berlin hat man uns auf einen sp\u00e4teren Flug umgebucht.<\/span><\/p>\n<p style=\"text-align: center;\"><span style=\"font-family: arial, helvetica, sans-serif; font-size: 12pt; color: #000000;\">Bei Shell in Doral tanken wir den gro\u00dfen Ford wieder voll.<\/span><\/p>\n<p style=\"text-align: center;\">\u00a0<\/p>\n<p style=\"text-align: center;\"><span style=\"font-family: arial, helvetica, sans-serif; font-size: 12pt; color: #000000;\"><img decoding=\"async\" class=\"aligncenter wp-image-27057\" src=\"https:\/\/welcome-ontour.de\/wordpress\/wp-content\/uploads\/2025\/09\/2023-06-07-1618.jpg\" alt=\"\" width=\"810\" height=\"520\" srcset=\"https:\/\/welcome-ontour.de\/wordpress\/wp-content\/uploads\/2025\/09\/2023-06-07-1618.jpg 794w, https:\/\/welcome-ontour.de\/wordpress\/wp-content\/uploads\/2025\/09\/2023-06-07-1618-300x193.jpg 300w, https:\/\/welcome-ontour.de\/wordpress\/wp-content\/uploads\/2025\/09\/2023-06-07-1618-700x450.jpg 700w, https:\/\/welcome-ontour.de\/wordpress\/wp-content\/uploads\/2025\/09\/2023-06-07-1618-768x493.jpg 768w\" sizes=\"(max-width: 810px) 100vw, 810px\" \/><\/span><\/p>\n<p style=\"text-align: center;\">\u00a0<\/p>\n<p style=\"text-align: center;\"><span style=\"font-family: arial, helvetica, sans-serif; font-size: 12pt; color: #000000;\">Den Mietwagen m\u00fcssen wir bis 21 Uhr abgegeben haben.<\/span><\/p>\n<p style=\"text-align: center;\"><span style=\"font-family: arial, helvetica, sans-serif; font-size: 12pt; color: #000000;\">Das nutzen wir voll aus, Fahrzeugr\u00fcckgabe ist wie immer v\u00f6llig unkompliziert.<\/span><\/p>\n<p style=\"text-align: center;\"><span style=\"font-family: arial, helvetica, sans-serif; font-size: 12pt; color: #000000;\">Dann mit der Magnetbahn zum Airport und gleich weiter zum Terminal J an den Air France Schalter.<\/span><\/p>\n<p style=\"text-align: center;\"><span style=\"font-family: arial, helvetica, sans-serif; font-size: 12pt; color: #000000;\">Wir bekommen die bereits bekannten Infos, au\u00dferdem neue Bordkarten und 2x 15$ Food Coupons.<\/span><\/p>\n<p style=\"text-align: center;\"><span style=\"font-family: arial, helvetica, sans-serif; font-size: 12pt; color: #000000;\">Hinter den Sicherheitskontrollen schl\u00fcpfen wir erstmals seit drei Wochen wieder in lange Hosen.<\/span><\/p>\n<p style=\"text-align: center;\"><span style=\"font-family: arial, helvetica, sans-serif; font-size: 12pt; color: #000000;\">Beim Earl of Sandwich l\u00f6sen wir unsere Gutscheine ein.<\/span><\/p>\n<p style=\"text-align: center;\"><span style=\"font-family: arial, helvetica, sans-serif; font-size: 12pt; color: #000000;\">Auf Flightradar 24 kann ich verfolgen, dass unsere Maschine aus Paris kommend, <\/span><\/p>\n<p style=\"text-align: center;\"><span style=\"font-family: arial, helvetica, sans-serif; font-size: 12pt; color: #000000;\">gegen Mitternacht hier landen soll.<\/span><\/p>\n<p style=\"text-align: center;\">\u00a0<\/p>\n<p style=\"text-align: center;\"><span style=\"font-family: arial, helvetica, sans-serif; font-size: 12pt; color: #000000;\"><img decoding=\"async\" class=\"aligncenter wp-image-27058\" src=\"https:\/\/welcome-ontour.de\/wordpress\/wp-content\/uploads\/2025\/09\/2023-06-07-1920.jpg\" alt=\"\" width=\"810\" height=\"385\" srcset=\"https:\/\/welcome-ontour.de\/wordpress\/wp-content\/uploads\/2025\/09\/2023-06-07-1920.jpg 808w, https:\/\/welcome-ontour.de\/wordpress\/wp-content\/uploads\/2025\/09\/2023-06-07-1920-300x143.jpg 300w, https:\/\/welcome-ontour.de\/wordpress\/wp-content\/uploads\/2025\/09\/2023-06-07-1920-700x333.jpg 700w, https:\/\/welcome-ontour.de\/wordpress\/wp-content\/uploads\/2025\/09\/2023-06-07-1920-768x365.jpg 768w\" sizes=\"(max-width: 810px) 100vw, 810px\" \/><\/span><\/p>\n<p style=\"text-align: center;\">\u00a0<\/p>\n<p style=\"text-align: center;\"><span style=\"font-family: arial, helvetica, sans-serif; font-size: 12pt; color: #000000;\">Noch ist es am Abfluggate leer.<\/span><\/p>\n<p style=\"text-align: center;\"><span style=\"font-family: arial, helvetica, sans-serif; font-size: 12pt; color: #000000;\">Wir suchen uns einen freien Platz und warten.<\/span><\/p>\n<p style=\"text-align: center;\">\u00a0<\/p>\n<p style=\"text-align: center;\"><span style=\"font-family: arial, helvetica, sans-serif; font-size: 12pt; color: #000000;\">Gefahrene Meilen \/ Kilometer: 252 \/ 405<\/span><\/p>\n<p>&nbsp;<\/p>\n<p style=\"text-align: center;\"><span style=\"font-family: arial, helvetica, sans-serif; font-size: 12pt; color: #000000;\"><img decoding=\"async\" class=\"wp-image-20541 aligncenter\" src=\"https:\/\/welcome-ontour.de\/wordpress\/wp-content\/uploads\/2023\/09\/2023-05-16-06-300x227.jpg\" alt=\"\" width=\"222\" height=\"168\" srcset=\"https:\/\/welcome-ontour.de\/wordpress\/wp-content\/uploads\/2023\/09\/2023-05-16-06-300x227.jpg 300w, https:\/\/welcome-ontour.de\/wordpress\/wp-content\/uploads\/2023\/09\/2023-05-16-06.jpg 394w\" sizes=\"(max-width: 222px) 100vw, 222px\" \/><\/span><\/p>\n<p style=\"text-align: center;\"><span style=\"font-family: arial, helvetica, sans-serif; font-size: 12pt; color: #000000;\"><a style=\"color: #000000;\" href=\"https:\/\/welcome-ontour.de\/wordpress\/index.php\/2023-06-06\"><img decoding=\"async\" class=\"alignleft wp-image-20537\" title=\"Zur\u00fcck\" src=\"https:\/\/welcome-ontour.de\/wordpress\/wp-content\/uploads\/2023\/09\/2023-05-16-02.jpg\" alt=\"\" width=\"44\" height=\"40\" \/><\/a> <a style=\"color: #000000;\" href=\"https:\/\/welcome-ontour.de\/wordpress\/index.php\/2023-06-08\"><img decoding=\"async\" class=\"alignright wp-image-20538\" title=\"Vor\" src=\"https:\/\/welcome-ontour.de\/wordpress\/wp-content\/uploads\/2023\/09\/2023-05-16-03.jpg\" alt=\"\" width=\"43\" height=\"40\" \/><\/a><\/span><\/p>\n<p style=\"text-align: center;\">\u00a0<\/p>\n","protected":false},"excerpt":{"rendered":"<p>Prolog\u00a0 \u00a0 \u00a0Anreise\u00a0 \u00a0 \u00a0Melbourne Beach\u00a0 \u00a0 \u00a0Kennedy Space Center\u00a0 \u00a0 \u00a0St. Augustine\u00a0 \u00a0 \u00a0Jekyll Island\u00a0 \u00a0 \u00a0Savannah\u00a0 \u00a0 \u00a0Hilton Head\u00a0 \u00a0 \u00a0Boone Hill\u00a0 \u00a0 \u00a0Macon\u00a0 \u00a0 \u00a0Providence Canyon \u00a0 \u00a0 \u00a0Panama City\u00a0 \u00a0 \u00a0Forgotten Coast\u00a0 \u00a0 \u00a0Ocala\u00a0 \u00a0 \u00a0Tarpon Springs\u00a0 \u00a0 \u00a0Anna Maria Island\u00a0 \u00a0 \u00a0Manasota Key\u00a0 \u00a0 \u00a0Punta Gorda\u00a0 \u00a0 \u00a0Abreise\u00a0 \u00a0 \u00a0Fazit &nbsp; Mi 7.6. \u00a0 Abreise \u00a0 Richtig gut und lange geschlafen. Nach dem Hotelfr\u00fchst\u00fcck liegen wir halb zehn am Nokomis Beach auf Casey Key. \u00a0 \u00a0 Mit uns ein paar Familien mit Kindern und eine Gruppe Frauen, die mit Hula Hoop Reifen zu Musik aus den Sechziger Jahren tanzen. Auch heute ist vormittags schnell die 30\u00b0 Marke erreicht. \u00a0 \u00a0 Mit einem letzten Bad verabschieden wir uns von der Golfk\u00fcste und sind um 12 wieder im Hotel. Wir konnten gestern Abend einen kostenlosen Late Check Out vereinbaren. Bis 14 Uhr d\u00fcrfen wir im Zimmer sein. Genug Zeit um in Ruhe die Klamotten zu packen und nochmal zu duschen. Gleich nach dem Check Out fahren wir zum Lunch in die Tiki Bar um die Ecke. \u00a0 \u00a0 Dann geht es auf der Interstate 75 in Richtung Miami. \u00a0 \u00a0 Einen kurzen Zwischenstopp gibt es an der Collier Rest Area, mitten in den Everglades. \u00a0 \u00a0 Im Gro\u00dfraum Ft. Lauderdale staut es sich gewaltig. \u00dcber uns hat sich mittlerweile eine riesige dunkle Wolkenfront gebildet. Es dauert nicht lange und Petrus \u00f6ffnet alle Pforten. Die gewaltigen Wassermassen sorgen sofort f\u00fcr \u00dcberschwemmungen. \u00a0 \u00a0 Wir verlassen die Autobahn und k\u00e4mpfen uns \u00fcber Nebenstra\u00dfen nach Doral. Inzwischen ist es abends halb sieben. Bei Famous Dave\u2019s BBQ soll es das Abschiedsdinner geben. \u00a0 \u00a0 Das Essen ist schmackhaft und die Drinks lecker. Unsere Kinnladen fallen erst runter, als wir uns mit dem Wifi verbinden. Air France teilt uns mit, dass unser Flug nicht (wie geplant) 23:20 starten kann. Nach aktuellem Stand m\u00fcssen wir mit 2,5 Stunden Versp\u00e4tung rechnen. Neue Abflugzeit 2 Uhr nachts. F\u00fcr den anschlie\u00dfenden Zubringerflug nach Berlin hat man uns auf einen sp\u00e4teren Flug umgebucht. Bei Shell in Doral tanken wir den gro\u00dfen Ford wieder voll. \u00a0 \u00a0 Den Mietwagen m\u00fcssen wir bis 21 Uhr abgegeben haben. Das nutzen wir voll aus, Fahrzeugr\u00fcckgabe ist wie immer v\u00f6llig unkompliziert. Dann mit der Magnetbahn zum Airport und gleich weiter zum Terminal J an den Air France Schalter. Wir bekommen die bereits bekannten Infos, au\u00dferdem neue Bordkarten und 2x 15$ Food Coupons. Hinter den Sicherheitskontrollen schl\u00fcpfen wir erstmals seit drei Wochen wieder in lange Hosen. Beim Earl of Sandwich l\u00f6sen wir unsere Gutscheine ein. Auf Flightradar 24 kann ich verfolgen, dass unsere Maschine aus Paris kommend, gegen Mitternacht hier landen soll. \u00a0 \u00a0 Noch ist es am Abfluggate leer. Wir suchen uns einen freien Platz und warten. \u00a0 Gefahrene Meilen \/ Kilometer: 252 \/ 405 &nbsp; \u00a0<\/p>\n","protected":false},"author":1,"featured_media":0,"parent":0,"menu_order":0,"comment_status":"closed","ping_status":"closed","template":"","meta":{"footnotes":""},"class_list":["post-20641","page","type-page","status-publish","hentry"],"_links":{"self":[{"href":"https:\/\/welcome-ontour.de\/wordpress\/index.php\/wp-json\/wp\/v2\/pages\/20641","targetHints":{"allow":["GET"]}}],"collection":[{"href":"https:\/\/welcome-ontour.de\/wordpress\/index.php\/wp-json\/wp\/v2\/pages"}],"about":[{"href":"https:\/\/welcome-ontour.de\/wordpress\/index.php\/wp-json\/wp\/v2\/types\/page"}],"author":[{"embeddable":true,"href":"https:\/\/welcome-ontour.de\/wordpress\/index.php\/wp-json\/wp\/v2\/users\/1"}],"replies":[{"embeddable":true,"href":"https:\/\/welcome-ontour.de\/wordpress\/index.php\/wp-json\/wp\/v2\/comments?post=20641"}],"version-history":[{"count":9,"href":"https:\/\/welcome-ontour.de\/wordpress\/index.php\/wp-json\/wp\/v2\/pages\/20641\/revisions"}],"predecessor-version":[{"id":20733,"href":"https:\/\/welcome-ontour.de\/wordpress\/index.php\/wp-json\/wp\/v2\/pages\/20641\/revisions\/20733"}],"wp:attachment":[{"href":"https:\/\/welcome-ontour.de\/wordpress\/index.php\/wp-json\/wp\/v2\/media?parent=20641"}],"curies":[{"name":"wp","href":"https:\/\/api.w.org\/{rel}","templated":true}]}}