{"id":20200,"date":"2023-07-12T08:42:47","date_gmt":"2023-07-12T08:42:47","guid":{"rendered":"https:\/\/welcome-ontour.de\/wordpress\/?page_id=20200"},"modified":"2025-09-12T11:53:48","modified_gmt":"2025-09-12T11:53:48","slug":"2023-05-03-fazit","status":"publish","type":"page","link":"https:\/\/welcome-ontour.de\/wordpress\/index.php\/2023-05-03-fazit\/","title":{"rendered":"2023 05 03 fazit"},"content":{"rendered":"<p style=\"text-align: center;\"><span style=\"font-family: arial, helvetica, sans-serif; font-size: 8pt; color: #000000;\"><a style=\"color: #000000;\" href=\"https:\/\/welcome-ontour.de\/wordpress\/index.php\/2023-04-26\">Prolog<\/a>\u00a0 \u00a0 \u00a0<a style=\"color: #000000;\" href=\"https:\/\/welcome-ontour.de\/wordpress\/index.php\/2023-04-27\">Anreise<\/a>\u00a0 \u00a0 \u00a0<a style=\"color: #000000;\" href=\"https:\/\/welcome-ontour.de\/wordpress\/index.php\/2023-04-28\">Alberobello<\/a>\u00a0 \u00a0 \u00a0<a style=\"color: #000000;\" href=\"https:\/\/welcome-ontour.de\/wordpress\/index.php\/2023-04-29\">Pinacoteka\/Altstadt<\/a>\u00a0 \u00a0 \u00a0<a style=\"color: #000000;\" href=\"https:\/\/welcome-ontour.de\/wordpress\/index.php\/2023-04-30\">Pomodoro\/Altstadt<\/a>\u00a0 \u00a0 \u00a0<a style=\"color: #000000;\" href=\"https:\/\/welcome-ontour.de\/wordpress\/index.php\/2023-05-01\">Altstadt<\/a>\u00a0 \u00a0 \u00a0<a style=\"color: #000000;\" href=\"https:\/\/welcome-ontour.de\/wordpress\/index.php\/2023-05-02\">Abreise<\/a>\u00a0 \u00a0 \u00a0<a style=\"color: #000000;\" href=\"https:\/\/welcome-ontour.de\/wordpress\/index.php\/2023-05-03\">Fazit<\/a><\/span><\/p>\n<p><span style=\"color: #000000;\"><a style=\"color: #000000;\" href=\"https:\/\/welcome-ontour.de\/wordpress\/index.php\/2023-05-02\"><img decoding=\"async\" class=\"alignnone wp-image-20171\" title=\"Zur\u00fcck\" src=\"https:\/\/welcome-ontour.de\/wordpress\/wp-content\/uploads\/2023\/07\/2023-04-26-02-300x155.jpg\" alt=\"\" width=\"44\" height=\"23\" srcset=\"https:\/\/welcome-ontour.de\/wordpress\/wp-content\/uploads\/2023\/07\/2023-04-26-02-300x155.jpg 300w, https:\/\/welcome-ontour.de\/wordpress\/wp-content\/uploads\/2023\/07\/2023-04-26-02.jpg 394w\" sizes=\"(max-width: 44px) 100vw, 44px\" \/><\/a><a style=\"color: #000000;\" href=\"https:\/\/welcome-ontour.de\/wordpress\/index.php\/reiseberichte\/\"><img decoding=\"async\" class=\"alignright wp-image-20172\" title=\"Reiseberichte\" src=\"https:\/\/welcome-ontour.de\/wordpress\/wp-content\/uploads\/2023\/07\/2023-04-26-03-300x155.jpg\" alt=\"\" width=\"44\" height=\"23\" srcset=\"https:\/\/welcome-ontour.de\/wordpress\/wp-content\/uploads\/2023\/07\/2023-04-26-03-300x155.jpg 300w, https:\/\/welcome-ontour.de\/wordpress\/wp-content\/uploads\/2023\/07\/2023-04-26-03.jpg 394w\" sizes=\"(max-width: 44px) 100vw, 44px\" \/><\/a><\/span><\/p>\n<p style=\"text-align: center;\"><span style=\"color: #000000;\"><strong><span style=\"font-family: arial, helvetica, sans-serif; font-size: 14pt;\">Fazit<\/span><\/strong><\/span><\/p>\n<p style=\"text-align: center;\">\u00a0<\/p>\n<p style=\"text-align: center;\"><span style=\"font-family: arial, helvetica, sans-serif; font-size: 12pt; color: #000000;\"><img decoding=\"async\" class=\"wp-image-20505 size-large aligncenter\" src=\"https:\/\/welcome-ontour.de\/wordpress\/wp-content\/uploads\/2023\/08\/2023-05-03-01-700x326.jpg\" alt=\"\" width=\"700\" height=\"326\" srcset=\"https:\/\/welcome-ontour.de\/wordpress\/wp-content\/uploads\/2023\/08\/2023-05-03-01-700x326.jpg 700w, https:\/\/welcome-ontour.de\/wordpress\/wp-content\/uploads\/2023\/08\/2023-05-03-01-300x140.jpg 300w, https:\/\/welcome-ontour.de\/wordpress\/wp-content\/uploads\/2023\/08\/2023-05-03-01-768x357.jpg 768w, https:\/\/welcome-ontour.de\/wordpress\/wp-content\/uploads\/2023\/08\/2023-05-03-01.jpg 810w\" sizes=\"(max-width: 700px) 100vw, 700px\" \/><\/span><\/p>\n<p style=\"text-align: center;\">\u00a0<\/p>\n<p style=\"text-align: center;\"><span style=\"font-family: arial, helvetica, sans-serif; font-size: 12pt; color: #000000;\">Die Reise war sch\u00f6n, einfach nur sch\u00f6n.<\/span><\/p>\n<p style=\"text-align: center;\"><span style=\"font-family: arial, helvetica, sans-serif; font-size: 12pt; color: #000000;\">Gestresst und urlaubsreif sind wir abgeflogen.<\/span><\/p>\n<p style=\"text-align: center;\"><span style=\"font-family: arial, helvetica, sans-serif; font-size: 12pt; color: #000000;\">Ausgeruht und gut erholt haben wir die Heimreise angetreten.<\/span><\/p>\n<p style=\"text-align: center;\"><span style=\"font-family: arial, helvetica, sans-serif; font-size: 12pt; color: #000000;\">Was will man mehr.<\/span><\/p>\n<p style=\"text-align: center;\">\u00a0<\/p>\n<p style=\"text-align: center;\"><span style=\"font-family: arial, helvetica, sans-serif; font-size: 12pt; color: #000000;\"><img decoding=\"async\" class=\"aligncenter wp-image-27183 size-full\" src=\"https:\/\/welcome-ontour.de\/wordpress\/wp-content\/uploads\/2025\/09\/2023-05-03-0203.jpg\" alt=\"\" width=\"810\" height=\"302\" srcset=\"https:\/\/welcome-ontour.de\/wordpress\/wp-content\/uploads\/2025\/09\/2023-05-03-0203.jpg 810w, https:\/\/welcome-ontour.de\/wordpress\/wp-content\/uploads\/2025\/09\/2023-05-03-0203-300x112.jpg 300w, https:\/\/welcome-ontour.de\/wordpress\/wp-content\/uploads\/2025\/09\/2023-05-03-0203-700x261.jpg 700w, https:\/\/welcome-ontour.de\/wordpress\/wp-content\/uploads\/2025\/09\/2023-05-03-0203-768x286.jpg 768w\" sizes=\"(max-width: 810px) 100vw, 810px\" \/><\/span><\/p>\n<p style=\"text-align: center;\">\u00a0<\/p>\n<p style=\"text-align: center;\"><span style=\"font-family: arial, helvetica, sans-serif; font-size: 12pt; color: #000000;\">Die Ryanair Fl\u00fcge waren v\u00f6llig okay.<\/span><\/p>\n<p style=\"text-align: center;\"><span style=\"font-family: arial, helvetica, sans-serif; font-size: 12pt; color: #000000;\">Na klar merkt man an allen Ecken und Enden, dass man mit einer Billig Airline unterwegs ist.<\/span><\/p>\n<p style=\"text-align: center;\"><span style=\"font-family: arial, helvetica, sans-serif; font-size: 12pt; color: #000000;\">Selbst der Terminal T2 am BER Airport ist auf das N\u00f6tigste beschr\u00e4nkt.<\/span><\/p>\n<p style=\"text-align: center;\"><span style=\"font-family: arial, helvetica, sans-serif; font-size: 12pt; color: #000000;\">Es gibt keine Passagierbr\u00fccken, man l\u00e4uft zum Flugzeug.<\/span><\/p>\n<p style=\"text-align: center;\"><span style=\"font-family: arial, helvetica, sans-serif; font-size: 12pt; color: #000000;\">Aber das wussten wir vorher und waren drauf eingestellt.<\/span><\/p>\n<p style=\"text-align: center;\"><span style=\"font-family: arial, helvetica, sans-serif; font-size: 12pt; color: #000000;\">Auf den gebuchten Notausgangspl\u00e4tzen kann man es gut aushalten.<\/span><\/p>\n<p style=\"text-align: center;\"><span style=\"font-family: arial, helvetica, sans-serif; font-size: 12pt; color: #000000;\">Und bei zwei Stunden Flugzeit war der eingeschr\u00e4nkte Service kein wirkliches Problem.<\/span><\/p>\n<p style=\"text-align: center;\">\u00a0<\/p>\n<p style=\"text-align: center;\"><span style=\"font-family: arial, helvetica, sans-serif; font-size: 12pt; color: #000000;\"><img decoding=\"async\" class=\"aligncenter wp-image-27184\" src=\"https:\/\/welcome-ontour.de\/wordpress\/wp-content\/uploads\/2025\/09\/2023-05-03-0406.jpg\" alt=\"\" width=\"810\" height=\"350\" srcset=\"https:\/\/welcome-ontour.de\/wordpress\/wp-content\/uploads\/2025\/09\/2023-05-03-0406.jpg 926w, https:\/\/welcome-ontour.de\/wordpress\/wp-content\/uploads\/2025\/09\/2023-05-03-0406-300x130.jpg 300w, https:\/\/welcome-ontour.de\/wordpress\/wp-content\/uploads\/2025\/09\/2023-05-03-0406-700x302.jpg 700w, https:\/\/welcome-ontour.de\/wordpress\/wp-content\/uploads\/2025\/09\/2023-05-03-0406-768x332.jpg 768w\" sizes=\"(max-width: 810px) 100vw, 810px\" \/><\/span><\/p>\n<p style=\"text-align: center;\">\u00a0<\/p>\n<p style=\"text-align: center;\"><span style=\"font-family: arial, helvetica, sans-serif; font-size: 12pt; color: #000000;\">Unsere Unterkunft in Bari erwies sich als Volltreffer.<\/span><\/p>\n<p style=\"text-align: center;\"><span style=\"font-family: arial, helvetica, sans-serif; font-size: 12pt; color: #000000;\">Das 200 Rooms and Terrace Hotel war ein ganz normales Wohnhaus, dessen oberste Etage zum Hotel umgebaut wurde.<\/span><\/p>\n<p style=\"text-align: center;\"><span style=\"font-family: arial, helvetica, sans-serif; font-size: 12pt; color: #000000;\">Vier ger\u00e4umige komfortable Doppelzimmer mit imposanter Raumh\u00f6he und einem riesigem, luxuri\u00f6sem Kingbett.<\/span><\/p>\n<p style=\"text-align: center;\"><span style=\"font-family: arial, helvetica, sans-serif; font-size: 12pt; color: #000000;\">Trotz des regen Stra\u00dfenverkehrs war es angenehm ruhig.<\/span><\/p>\n<p style=\"text-align: center;\"><span style=\"font-family: arial, helvetica, sans-serif; font-size: 12pt; color: #000000;\">Die namensgebende Dachterrasse war dann das i-T\u00fcpfelchen.<\/span><\/p>\n<p style=\"text-align: center;\"><span style=\"font-family: arial, helvetica, sans-serif; font-size: 12pt; color: #000000;\">Jeden Morgen und vor allem jeden Abend haben wir hier gesessen und uns wohl gef\u00fchlt.<\/span><\/p>\n<p style=\"text-align: center;\"><span style=\"font-family: arial, helvetica, sans-serif; font-size: 12pt; color: #000000;\">Die t\u00e4glichen Fu\u00dfwege zu Stadtzentrum, Hafen, Altstadt oder Bahnhof waren \u00fcberschaubar.<\/span><\/p>\n<p style=\"text-align: center;\"><span style=\"font-family: arial, helvetica, sans-serif; font-size: 12pt; color: #000000;\">Und fielen bei den insgesamt abgespulten Entfernungen nicht ins Gewicht.<\/span><\/p>\n<p style=\"text-align: center;\">\u00a0<\/p>\n<p style=\"text-align: center;\"><span style=\"font-family: arial, helvetica, sans-serif; font-size: 12pt; color: #000000;\"><img decoding=\"async\" class=\"aligncenter wp-image-27185\" src=\"https:\/\/welcome-ontour.de\/wordpress\/wp-content\/uploads\/2025\/09\/2023-05-03-0709.jpg\" alt=\"\" width=\"810\" height=\"281\" srcset=\"https:\/\/welcome-ontour.de\/wordpress\/wp-content\/uploads\/2025\/09\/2023-05-03-0709.jpg 1153w, https:\/\/welcome-ontour.de\/wordpress\/wp-content\/uploads\/2025\/09\/2023-05-03-0709-300x104.jpg 300w, https:\/\/welcome-ontour.de\/wordpress\/wp-content\/uploads\/2025\/09\/2023-05-03-0709-700x243.jpg 700w, https:\/\/welcome-ontour.de\/wordpress\/wp-content\/uploads\/2025\/09\/2023-05-03-0709-768x266.jpg 768w, https:\/\/welcome-ontour.de\/wordpress\/wp-content\/uploads\/2025\/09\/2023-05-03-0709-1140x395.jpg 1140w\" sizes=\"(max-width: 810px) 100vw, 810px\" \/><\/span><\/p>\n<p style=\"text-align: center;\">\u00a0<\/p>\n<p style=\"text-align: center;\"><span style=\"font-family: arial, helvetica, sans-serif; font-size: 12pt; color: #000000;\">Wie immer an dieser Stelle die Antwort auf die Frage, was das alles kostet.<\/span><\/p>\n<p style=\"text-align: center;\"><span style=\"font-family: arial, helvetica, sans-serif; font-size: 12pt; color: #000000;\">F\u00fcr die Fl\u00fcge nach Bari und zur\u00fcck waren pro Person 150 Euro an Ryanair zu \u00fcberweisen.<\/span><\/p>\n<p style=\"text-align: center;\"><span style=\"font-family: arial, helvetica, sans-serif; font-size: 12pt; color: #000000;\">Die Mehrkosten f\u00fcr Notausgangspl\u00e4tze mit mehr Beinfreiheit sind da schon mit eingerechnet.<\/span><\/p>\n<p style=\"text-align: center;\"><span style=\"font-family: arial, helvetica, sans-serif; font-size: 12pt; color: #000000;\">F\u00fcr f\u00fcnf N\u00e4chte mit Fr\u00fchst\u00fcck waren bei Hotels.com etwa 650 Euro pro Zimmer f\u00e4llig.<\/span><\/p>\n<p style=\"text-align: center;\"><span style=\"font-family: arial, helvetica, sans-serif; font-size: 12pt; color: #000000;\">Eine Taxifahrt vom Flughafen in die Innenstadt hat uns 30 Euro gekostet, inklusive des Ralley Feelings.<\/span><\/p>\n<p style=\"text-align: center;\"><span style=\"font-family: arial, helvetica, sans-serif; font-size: 12pt; color: #000000;\">Die allgemeinen Kosten in Bari sind mit denen bei uns zu Hause vergleichbar.<\/span><\/p>\n<p style=\"text-align: center;\"><span style=\"font-family: arial, helvetica, sans-serif; font-size: 12pt; color: #000000;\">Vorausgesetzt, man ist nicht t\u00e4glich in Sterne Restaurants unterwegs, halten sich die Ausgaben in Grenzen.<\/span><\/p>\n<p style=\"text-align: center;\"><span style=\"font-family: arial, helvetica, sans-serif; font-size: 12pt; color: #000000;\">Wir sind jedenfalls gut \u00fcber die Runden gekommen, ohne zu tief in die Tasche greifen zu m\u00fcssen.<\/span><\/p>\n<p style=\"text-align: center;\">\u00a0<\/p>\n<p style=\"text-align: center;\"><span style=\"font-family: arial, helvetica, sans-serif; font-size: 12pt; color: #000000;\"><img decoding=\"async\" class=\"aligncenter wp-image-27186\" src=\"https:\/\/welcome-ontour.de\/wordpress\/wp-content\/uploads\/2025\/09\/2023-05-03-1012.jpg\" alt=\"\" width=\"810\" height=\"281\" srcset=\"https:\/\/welcome-ontour.de\/wordpress\/wp-content\/uploads\/2025\/09\/2023-05-03-1012.jpg 1155w, https:\/\/welcome-ontour.de\/wordpress\/wp-content\/uploads\/2025\/09\/2023-05-03-1012-300x104.jpg 300w, https:\/\/welcome-ontour.de\/wordpress\/wp-content\/uploads\/2025\/09\/2023-05-03-1012-700x242.jpg 700w, https:\/\/welcome-ontour.de\/wordpress\/wp-content\/uploads\/2025\/09\/2023-05-03-1012-768x266.jpg 768w, https:\/\/welcome-ontour.de\/wordpress\/wp-content\/uploads\/2025\/09\/2023-05-03-1012-1140x395.jpg 1140w\" sizes=\"(max-width: 810px) 100vw, 810px\" \/><\/span><\/p>\n<p style=\"text-align: center;\">\u00a0<\/p>\n<p style=\"text-align: center;\"><span style=\"font-family: arial, helvetica, sans-serif; font-size: 12pt; color: #000000;\">Uns hat die Reise nach Apullien Spa\u00df gemacht und wir k\u00f6nnen dieses Reiseziel uneingeschr\u00e4nkt empfehlen.<\/span><\/p>\n<p style=\"text-align: center;\"><span style=\"font-family: arial, helvetica, sans-serif; font-size: 12pt; color: #000000;\">Das milde Klima und die Italienische Leichtlebigkeit sorgen automatisch f\u00fcr gute Laune.<\/span><\/p>\n<p style=\"text-align: center;\"><span style=\"font-family: arial, helvetica, sans-serif; font-size: 12pt; color: #000000;\">Die n\u00e4chste Tour in dieser Konstellation wird h\u00f6chstwahrscheinlich in eine andere Klimazone f\u00fchren.<\/span><\/p>\n<p style=\"text-align: center;\"><span style=\"font-family: arial, helvetica, sans-serif; font-size: 12pt; color: #000000;\">Konkrete Pl\u00e4ne und Vorstellungen gibt es bereits.<\/span><\/p>\n<p style=\"text-align: center;\"><span style=\"font-family: arial, helvetica, sans-serif; font-size: 12pt; color: #000000;\">Wohin? Lasst Euch \u00fcberraschen.<\/span><\/p>\n<p style=\"text-align: center;\"><span style=\"font-family: arial, helvetica, sans-serif; font-size: 12pt; color: #000000;\">Bis demn\u00e4chst.<\/span><\/p>\n<p style=\"text-align: center;\">\u00a0<\/p>\n<p style=\"text-align: center;\"><span style=\"font-family: arial, helvetica, sans-serif; font-size: 12pt; color: #000000;\"><img decoding=\"async\" class=\"aligncenter wp-image-20517 size-full\" src=\"https:\/\/welcome-ontour.de\/wordpress\/wp-content\/uploads\/2023\/08\/2023-05-03-13.jpg\" alt=\"\" width=\"810\" height=\"550\" srcset=\"https:\/\/welcome-ontour.de\/wordpress\/wp-content\/uploads\/2023\/08\/2023-05-03-13.jpg 810w, https:\/\/welcome-ontour.de\/wordpress\/wp-content\/uploads\/2023\/08\/2023-05-03-13-300x204.jpg 300w, https:\/\/welcome-ontour.de\/wordpress\/wp-content\/uploads\/2023\/08\/2023-05-03-13-700x475.jpg 700w, https:\/\/welcome-ontour.de\/wordpress\/wp-content\/uploads\/2023\/08\/2023-05-03-13-768x521.jpg 768w\" sizes=\"(max-width: 810px) 100vw, 810px\" \/><\/span><\/p>\n<p style=\"text-align: center;\">\u00a0<\/p>\n<p><span style=\"color: #000000;\"><a style=\"color: #000000;\" href=\"https:\/\/welcome-ontour.de\/wordpress\/index.php\/2023-05-02\"><img decoding=\"async\" class=\"alignnone wp-image-20171\" title=\"Zur\u00fcck\" src=\"https:\/\/welcome-ontour.de\/wordpress\/wp-content\/uploads\/2023\/07\/2023-04-26-02-300x155.jpg\" alt=\"\" width=\"44\" height=\"23\" srcset=\"https:\/\/welcome-ontour.de\/wordpress\/wp-content\/uploads\/2023\/07\/2023-04-26-02-300x155.jpg 300w, https:\/\/welcome-ontour.de\/wordpress\/wp-content\/uploads\/2023\/07\/2023-04-26-02.jpg 394w\" sizes=\"(max-width: 44px) 100vw, 44px\" \/><\/a><a style=\"color: #000000;\" href=\"https:\/\/welcome-ontour.de\/wordpress\/index.php\/reiseberichte\/\"><img decoding=\"async\" class=\"alignright wp-image-20172\" title=\"Reiseberichte\" src=\"https:\/\/welcome-ontour.de\/wordpress\/wp-content\/uploads\/2023\/07\/2023-04-26-03-300x155.jpg\" alt=\"\" width=\"44\" height=\"23\" srcset=\"https:\/\/welcome-ontour.de\/wordpress\/wp-content\/uploads\/2023\/07\/2023-04-26-03-300x155.jpg 300w, https:\/\/welcome-ontour.de\/wordpress\/wp-content\/uploads\/2023\/07\/2023-04-26-03.jpg 394w\" sizes=\"(max-width: 44px) 100vw, 44px\" \/><\/a><\/span><\/p>\n","protected":false},"excerpt":{"rendered":"<p>Prolog\u00a0 \u00a0 \u00a0Anreise\u00a0 \u00a0 \u00a0Alberobello\u00a0 \u00a0 \u00a0Pinacoteka\/Altstadt\u00a0 \u00a0 \u00a0Pomodoro\/Altstadt\u00a0 \u00a0 \u00a0Altstadt\u00a0 \u00a0 \u00a0Abreise\u00a0 \u00a0 \u00a0Fazit Fazit \u00a0 \u00a0 Die Reise war sch\u00f6n, einfach nur sch\u00f6n. Gestresst und urlaubsreif sind wir abgeflogen. Ausgeruht und gut erholt haben wir die Heimreise angetreten. Was will man mehr. \u00a0 \u00a0 Die Ryanair Fl\u00fcge waren v\u00f6llig okay. Na klar merkt man an allen Ecken und Enden, dass man mit einer Billig Airline unterwegs ist. Selbst der Terminal T2 am BER Airport ist auf das N\u00f6tigste beschr\u00e4nkt. Es gibt keine Passagierbr\u00fccken, man l\u00e4uft zum Flugzeug. Aber das wussten wir vorher und waren drauf eingestellt. Auf den gebuchten Notausgangspl\u00e4tzen kann man es gut aushalten. Und bei zwei Stunden Flugzeit war der eingeschr\u00e4nkte Service kein wirkliches Problem. \u00a0 \u00a0 Unsere Unterkunft in Bari erwies sich als Volltreffer. Das 200 Rooms and Terrace Hotel war ein ganz normales Wohnhaus, dessen oberste Etage zum Hotel umgebaut wurde. Vier ger\u00e4umige komfortable Doppelzimmer mit imposanter Raumh\u00f6he und einem riesigem, luxuri\u00f6sem Kingbett. Trotz des regen Stra\u00dfenverkehrs war es angenehm ruhig. Die namensgebende Dachterrasse war dann das i-T\u00fcpfelchen. Jeden Morgen und vor allem jeden Abend haben wir hier gesessen und uns wohl gef\u00fchlt. Die t\u00e4glichen Fu\u00dfwege zu Stadtzentrum, Hafen, Altstadt oder Bahnhof waren \u00fcberschaubar. Und fielen bei den insgesamt abgespulten Entfernungen nicht ins Gewicht. \u00a0 \u00a0 Wie immer an dieser Stelle die Antwort auf die Frage, was das alles kostet. F\u00fcr die Fl\u00fcge nach Bari und zur\u00fcck waren pro Person 150 Euro an Ryanair zu \u00fcberweisen. Die Mehrkosten f\u00fcr Notausgangspl\u00e4tze mit mehr Beinfreiheit sind da schon mit eingerechnet. F\u00fcr f\u00fcnf N\u00e4chte mit Fr\u00fchst\u00fcck waren bei Hotels.com etwa 650 Euro pro Zimmer f\u00e4llig. Eine Taxifahrt vom Flughafen in die Innenstadt hat uns 30 Euro gekostet, inklusive des Ralley Feelings. Die allgemeinen Kosten in Bari sind mit denen bei uns zu Hause vergleichbar. Vorausgesetzt, man ist nicht t\u00e4glich in Sterne Restaurants unterwegs, halten sich die Ausgaben in Grenzen. Wir sind jedenfalls gut \u00fcber die Runden gekommen, ohne zu tief in die Tasche greifen zu m\u00fcssen. \u00a0 \u00a0 Uns hat die Reise nach Apullien Spa\u00df gemacht und wir k\u00f6nnen dieses Reiseziel uneingeschr\u00e4nkt empfehlen. Das milde Klima und die Italienische Leichtlebigkeit sorgen automatisch f\u00fcr gute Laune. Die n\u00e4chste Tour in dieser Konstellation wird h\u00f6chstwahrscheinlich in eine andere Klimazone f\u00fchren. Konkrete Pl\u00e4ne und Vorstellungen gibt es bereits. Wohin? Lasst Euch \u00fcberraschen. Bis demn\u00e4chst. \u00a0 \u00a0<\/p>\n","protected":false},"author":1,"featured_media":0,"parent":0,"menu_order":0,"comment_status":"closed","ping_status":"closed","template":"","meta":{"footnotes":""},"class_list":["post-20200","page","type-page","status-publish","hentry"],"_links":{"self":[{"href":"https:\/\/welcome-ontour.de\/wordpress\/index.php\/wp-json\/wp\/v2\/pages\/20200","targetHints":{"allow":["GET"]}}],"collection":[{"href":"https:\/\/welcome-ontour.de\/wordpress\/index.php\/wp-json\/wp\/v2\/pages"}],"about":[{"href":"https:\/\/welcome-ontour.de\/wordpress\/index.php\/wp-json\/wp\/v2\/types\/page"}],"author":[{"embeddable":true,"href":"https:\/\/welcome-ontour.de\/wordpress\/index.php\/wp-json\/wp\/v2\/users\/1"}],"replies":[{"embeddable":true,"href":"https:\/\/welcome-ontour.de\/wordpress\/index.php\/wp-json\/wp\/v2\/comments?post=20200"}],"version-history":[{"count":9,"href":"https:\/\/welcome-ontour.de\/wordpress\/index.php\/wp-json\/wp\/v2\/pages\/20200\/revisions"}],"predecessor-version":[{"id":20207,"href":"https:\/\/welcome-ontour.de\/wordpress\/index.php\/wp-json\/wp\/v2\/pages\/20200\/revisions\/20207"}],"wp:attachment":[{"href":"https:\/\/welcome-ontour.de\/wordpress\/index.php\/wp-json\/wp\/v2\/media?parent=20200"}],"curies":[{"name":"wp","href":"https:\/\/api.w.org\/{rel}","templated":true}]}}