{"id":20196,"date":"2023-07-12T08:42:02","date_gmt":"2023-07-12T08:42:02","guid":{"rendered":"https:\/\/welcome-ontour.de\/wordpress\/?page_id=20196"},"modified":"2025-09-12T11:44:22","modified_gmt":"2025-09-12T11:44:22","slug":"2023-05-01","status":"publish","type":"page","link":"https:\/\/welcome-ontour.de\/wordpress\/index.php\/2023-05-01\/","title":{"rendered":"2023 05 01"},"content":{"rendered":"<p style=\"text-align: center;\"><span style=\"font-family: arial, helvetica, sans-serif; font-size: 8pt; color: #000000;\"><a style=\"color: #000000;\" href=\"https:\/\/welcome-ontour.de\/wordpress\/index.php\/2023-04-26\">Prolog<\/a>\u00a0 \u00a0 \u00a0<a style=\"color: #000000;\" href=\"https:\/\/welcome-ontour.de\/wordpress\/index.php\/2023-04-27\">Anreise<\/a>\u00a0 \u00a0 \u00a0<a style=\"color: #000000;\" href=\"https:\/\/welcome-ontour.de\/wordpress\/index.php\/2023-04-28\">Alberobello<\/a>\u00a0 \u00a0 \u00a0<a style=\"color: #000000;\" href=\"https:\/\/welcome-ontour.de\/wordpress\/index.php\/2023-04-29\">Pinacoteka\/Altstadt<\/a>\u00a0 \u00a0 \u00a0<a style=\"color: #000000;\" href=\"https:\/\/welcome-ontour.de\/wordpress\/index.php\/2023-04-30\">Pomodoro\/Altstadt<\/a>\u00a0 \u00a0 \u00a0<a style=\"color: #000000;\" href=\"https:\/\/welcome-ontour.de\/wordpress\/index.php\/2023-05-01\">Altstadt<\/a>\u00a0 \u00a0 \u00a0<a style=\"color: #000000;\" href=\"https:\/\/welcome-ontour.de\/wordpress\/index.php\/2023-05-02\">Abreise<\/a>\u00a0 \u00a0 \u00a0<a style=\"color: #000000;\" href=\"https:\/\/welcome-ontour.de\/wordpress\/index.php\/2023-05-03\">Fazit<\/a><\/span><\/p>\n<p><span style=\"color: #000000;\"><a style=\"color: #000000;\" href=\"https:\/\/welcome-ontour.de\/wordpress\/index.php\/2023-04-30\"><img decoding=\"async\" class=\"alignnone wp-image-20171\" title=\"Zur\u00fcck\" src=\"https:\/\/welcome-ontour.de\/wordpress\/wp-content\/uploads\/2023\/07\/2023-04-26-02-300x155.jpg\" alt=\"\" width=\"44\" height=\"23\" srcset=\"https:\/\/welcome-ontour.de\/wordpress\/wp-content\/uploads\/2023\/07\/2023-04-26-02-300x155.jpg 300w, https:\/\/welcome-ontour.de\/wordpress\/wp-content\/uploads\/2023\/07\/2023-04-26-02.jpg 394w\" sizes=\"(max-width: 44px) 100vw, 44px\" \/><\/a><a style=\"color: #000000;\" href=\"https:\/\/welcome-ontour.de\/wordpress\/index.php\/2023-05-02\"><img decoding=\"async\" class=\"alignright wp-image-20172\" title=\"Vor\" src=\"https:\/\/welcome-ontour.de\/wordpress\/wp-content\/uploads\/2023\/07\/2023-04-26-03-300x155.jpg\" alt=\"\" width=\"44\" height=\"23\" srcset=\"https:\/\/welcome-ontour.de\/wordpress\/wp-content\/uploads\/2023\/07\/2023-04-26-03-300x155.jpg 300w, https:\/\/welcome-ontour.de\/wordpress\/wp-content\/uploads\/2023\/07\/2023-04-26-03.jpg 394w\" sizes=\"(max-width: 44px) 100vw, 44px\" \/><\/a><\/span><\/p>\n<p style=\"text-align: center;\"><span style=\"color: #000000;\"><strong><span style=\"font-family: arial, helvetica, sans-serif; font-size: 14pt;\">Mo 1.5.<\/span><\/strong><\/span><\/p>\n<p style=\"text-align: center;\">\u00a0<\/p>\n<p style=\"text-align: center;\"><span style=\"color: #000000;\"><strong><span style=\"font-family: arial, helvetica, sans-serif; font-size: 14pt;\">Altstadt<\/span><\/strong><\/span><\/p>\n<p style=\"text-align: center;\">\u00a0<\/p>\n<p style=\"text-align: center;\"><span style=\"color: #000000;\"><span style=\"font-family: arial, helvetica, sans-serif; font-size: 12pt;\">F\u00fcr heute hat der Wetterbericht Regen, Regen, Regen angesagt. <\/span><\/span><\/p>\n<p style=\"text-align: center;\"><span style=\"color: #000000;\"><span style=\"font-family: arial, helvetica, sans-serif; font-size: 12pt;\">Vormittags ist davon erst mal nicht viel zu bemerken.<\/span><\/span><\/p>\n<p style=\"text-align: center;\"><span style=\"color: #000000;\"><span style=\"font-family: arial, helvetica, sans-serif; font-size: 12pt;\">Also wieder ab in die Altstadt. <\/span><span style=\"font-family: arial, helvetica, sans-serif; font-size: 12pt;\">Es ist bedeckt, aber trocken.<\/span><\/span><\/p>\n<p style=\"text-align: center;\">\u00a0<\/p>\n<p style=\"text-align: center;\"><span style=\"font-family: arial, helvetica, sans-serif; font-size: 12pt; color: #000000;\"><img decoding=\"async\" class=\"aligncenter wp-image-27158 size-full\" src=\"https:\/\/welcome-ontour.de\/wordpress\/wp-content\/uploads\/2025\/09\/2023-05-01-0102.jpg\" alt=\"\" width=\"810\" height=\"301\" srcset=\"https:\/\/welcome-ontour.de\/wordpress\/wp-content\/uploads\/2025\/09\/2023-05-01-0102.jpg 810w, https:\/\/welcome-ontour.de\/wordpress\/wp-content\/uploads\/2025\/09\/2023-05-01-0102-300x111.jpg 300w, https:\/\/welcome-ontour.de\/wordpress\/wp-content\/uploads\/2025\/09\/2023-05-01-0102-700x260.jpg 700w, https:\/\/welcome-ontour.de\/wordpress\/wp-content\/uploads\/2025\/09\/2023-05-01-0102-768x285.jpg 768w\" sizes=\"(max-width: 810px) 100vw, 810px\" \/><\/span><\/p>\n<p style=\"text-align: center;\"><span style=\"font-family: arial, helvetica, sans-serif; font-size: 12pt; color: #000000;\"><img decoding=\"async\" class=\"aligncenter wp-image-27159\" src=\"https:\/\/welcome-ontour.de\/wordpress\/wp-content\/uploads\/2025\/09\/2023-05-01-0304.jpg\" alt=\"\" width=\"810\" height=\"384\" srcset=\"https:\/\/welcome-ontour.de\/wordpress\/wp-content\/uploads\/2025\/09\/2023-05-01-0304.jpg 843w, https:\/\/welcome-ontour.de\/wordpress\/wp-content\/uploads\/2025\/09\/2023-05-01-0304-300x142.jpg 300w, https:\/\/welcome-ontour.de\/wordpress\/wp-content\/uploads\/2025\/09\/2023-05-01-0304-700x332.jpg 700w, https:\/\/welcome-ontour.de\/wordpress\/wp-content\/uploads\/2025\/09\/2023-05-01-0304-768x364.jpg 768w\" sizes=\"(max-width: 810px) 100vw, 810px\" \/><\/span><\/p>\n<p style=\"text-align: center;\">\u00a0<\/p>\n<p style=\"text-align: center;\"><span style=\"font-family: arial, helvetica, sans-serif; font-size: 12pt; color: #000000;\">Unterwegs ordern wir in einem der zahlreichen Fischrestaurants einen 7 Personen Tisch f\u00fcr heute Nachmittag.<\/span><\/p>\n<p style=\"text-align: center;\">\u00a0<\/p>\n<p style=\"text-align: center;\"><span style=\"font-family: arial, helvetica, sans-serif; font-size: 12pt; color: #000000;\"><img decoding=\"async\" class=\"wp-image-20458 size-full aligncenter\" src=\"https:\/\/welcome-ontour.de\/wordpress\/wp-content\/uploads\/2023\/08\/2023-05-01-05.jpg\" alt=\"\" width=\"810\" height=\"377\" srcset=\"https:\/\/welcome-ontour.de\/wordpress\/wp-content\/uploads\/2023\/08\/2023-05-01-05.jpg 810w, https:\/\/welcome-ontour.de\/wordpress\/wp-content\/uploads\/2023\/08\/2023-05-01-05-300x140.jpg 300w, https:\/\/welcome-ontour.de\/wordpress\/wp-content\/uploads\/2023\/08\/2023-05-01-05-700x326.jpg 700w, https:\/\/welcome-ontour.de\/wordpress\/wp-content\/uploads\/2023\/08\/2023-05-01-05-768x357.jpg 768w\" sizes=\"(max-width: 810px) 100vw, 810px\" \/><\/span><\/p>\n<p style=\"text-align: center;\">\u00a0<\/p>\n<p style=\"text-align: center;\"><span style=\"font-family: arial, helvetica, sans-serif; font-size: 12pt; color: #000000;\">Wo waren wir eigentlich noch nicht, in der Basilika San Sabino.<\/span><\/p>\n<p style=\"text-align: center;\">\u00a0<\/p>\n<p style=\"text-align: center;\"><span style=\"font-family: arial, helvetica, sans-serif; font-size: 12pt; color: #000000;\"><img decoding=\"async\" class=\"aligncenter wp-image-27160 size-large\" src=\"https:\/\/welcome-ontour.de\/wordpress\/wp-content\/uploads\/2025\/09\/2023-05-01-0607-700x516.jpg\" alt=\"\" width=\"700\" height=\"516\" srcset=\"https:\/\/welcome-ontour.de\/wordpress\/wp-content\/uploads\/2025\/09\/2023-05-01-0607-700x516.jpg 700w, https:\/\/welcome-ontour.de\/wordpress\/wp-content\/uploads\/2025\/09\/2023-05-01-0607-300x221.jpg 300w, https:\/\/welcome-ontour.de\/wordpress\/wp-content\/uploads\/2025\/09\/2023-05-01-0607-768x566.jpg 768w, https:\/\/welcome-ontour.de\/wordpress\/wp-content\/uploads\/2025\/09\/2023-05-01-0607.jpg 828w\" sizes=\"(max-width: 700px) 100vw, 700px\" \/><\/span><\/p>\n<p style=\"text-align: center;\">\u00a0<\/p>\n<p style=\"text-align: center;\"><span style=\"font-family: arial, helvetica, sans-serif; font-size: 12pt; color: #000000;\">Die riesige romanische Kathedrale ist eine historische Wallfahrtskirche und wurde auf dem Gel\u00e4nde<\/span><\/p>\n<p style=\"text-align: center;\"><span style=\"font-family: arial, helvetica, sans-serif; font-size: 12pt; color: #000000;\"> des ehemaligen byzantinischen Stadthalterpalastes errichtet, sehr interessant und sehenswert.<\/span><\/p>\n<p style=\"text-align: center;\">\u00a0<\/p>\n<p style=\"text-align: center;\"><span style=\"font-family: arial, helvetica, sans-serif; font-size: 12pt; color: #000000;\"><img decoding=\"async\" class=\"aligncenter wp-image-20461 size-large\" src=\"https:\/\/welcome-ontour.de\/wordpress\/wp-content\/uploads\/2023\/08\/2023-05-01-08-700x1403.jpg\" alt=\"\" width=\"700\" height=\"1403\" srcset=\"https:\/\/welcome-ontour.de\/wordpress\/wp-content\/uploads\/2023\/08\/2023-05-01-08-700x1403.jpg 700w, https:\/\/welcome-ontour.de\/wordpress\/wp-content\/uploads\/2023\/08\/2023-05-01-08-150x300.jpg 150w, https:\/\/welcome-ontour.de\/wordpress\/wp-content\/uploads\/2023\/08\/2023-05-01-08-768x1540.jpg 768w, https:\/\/welcome-ontour.de\/wordpress\/wp-content\/uploads\/2023\/08\/2023-05-01-08-766x1536.jpg 766w, https:\/\/welcome-ontour.de\/wordpress\/wp-content\/uploads\/2023\/08\/2023-05-01-08.jpg 803w\" sizes=\"(max-width: 700px) 100vw, 700px\" \/><\/span><\/p>\n<p style=\"text-align: center;\">\u00a0<\/p>\n<p style=\"text-align: center;\"><span style=\"font-family: arial, helvetica, sans-serif; font-size: 12pt; color: #000000;\">Im Inneren der Kirche sind wir erst mal sprachlos.<\/span><\/p>\n<p style=\"text-align: center;\">\u00a0<\/p>\n<p style=\"text-align: center;\"><span style=\"font-family: arial, helvetica, sans-serif; font-size: 12pt; color: #000000;\"><img decoding=\"async\" class=\"aligncenter wp-image-27161 size-large\" src=\"https:\/\/welcome-ontour.de\/wordpress\/wp-content\/uploads\/2025\/09\/2023-05-01-0910-700x516.jpg\" alt=\"\" width=\"700\" height=\"516\" srcset=\"https:\/\/welcome-ontour.de\/wordpress\/wp-content\/uploads\/2025\/09\/2023-05-01-0910-700x516.jpg 700w, https:\/\/welcome-ontour.de\/wordpress\/wp-content\/uploads\/2025\/09\/2023-05-01-0910-300x221.jpg 300w, https:\/\/welcome-ontour.de\/wordpress\/wp-content\/uploads\/2025\/09\/2023-05-01-0910-768x566.jpg 768w, https:\/\/welcome-ontour.de\/wordpress\/wp-content\/uploads\/2025\/09\/2023-05-01-0910.jpg 828w\" sizes=\"(max-width: 700px) 100vw, 700px\" \/><\/span><\/p>\n<p style=\"text-align: center;\">\u00a0<\/p>\n<p style=\"text-align: center;\"><span style=\"font-family: arial, helvetica, sans-serif; font-size: 12pt; color: #000000;\">Alles nicht so prunkvoll wie die filigranen Kirchen in Andalusien.<\/span><\/p>\n<p style=\"text-align: center;\"><span style=\"font-family: arial, helvetica, sans-serif; font-size: 12pt; color: #000000;\">Aber allein die schiere Gr\u00f6\u00dfe ist imposant.<\/span><\/p>\n<p style=\"text-align: center;\">\u00a0<\/p>\n<p style=\"text-align: center;\"><span style=\"font-family: arial, helvetica, sans-serif; font-size: 12pt; color: #000000;\"><img decoding=\"async\" class=\"aligncenter wp-image-20464 size-full\" src=\"https:\/\/welcome-ontour.de\/wordpress\/wp-content\/uploads\/2023\/08\/2023-05-01-11.jpg\" alt=\"\" width=\"810\" height=\"377\" srcset=\"https:\/\/welcome-ontour.de\/wordpress\/wp-content\/uploads\/2023\/08\/2023-05-01-11.jpg 810w, https:\/\/welcome-ontour.de\/wordpress\/wp-content\/uploads\/2023\/08\/2023-05-01-11-300x140.jpg 300w, https:\/\/welcome-ontour.de\/wordpress\/wp-content\/uploads\/2023\/08\/2023-05-01-11-700x326.jpg 700w, https:\/\/welcome-ontour.de\/wordpress\/wp-content\/uploads\/2023\/08\/2023-05-01-11-768x357.jpg 768w\" sizes=\"(max-width: 810px) 100vw, 810px\" \/><\/span><\/p>\n<p style=\"text-align: center;\">\u00a0<\/p>\n<p style=\"text-align: center;\"><span style=\"font-family: arial, helvetica, sans-serif; font-size: 12pt; color: #000000;\">Auch hier gibt es im Untergescho\u00df Faszinierendes zu entdecken.<\/span><\/p>\n<p style=\"text-align: center;\">\u00a0<\/p>\n<p style=\"text-align: center;\"><span style=\"font-family: arial, helvetica, sans-serif; font-size: 12pt; color: #000000;\"><img decoding=\"async\" class=\"aligncenter wp-image-27162\" src=\"https:\/\/welcome-ontour.de\/wordpress\/wp-content\/uploads\/2025\/09\/2023-05-01-1213.jpg\" alt=\"\" width=\"810\" height=\"385\" srcset=\"https:\/\/welcome-ontour.de\/wordpress\/wp-content\/uploads\/2025\/09\/2023-05-01-1213.jpg 808w, https:\/\/welcome-ontour.de\/wordpress\/wp-content\/uploads\/2025\/09\/2023-05-01-1213-300x143.jpg 300w, https:\/\/welcome-ontour.de\/wordpress\/wp-content\/uploads\/2025\/09\/2023-05-01-1213-700x333.jpg 700w, https:\/\/welcome-ontour.de\/wordpress\/wp-content\/uploads\/2025\/09\/2023-05-01-1213-768x365.jpg 768w\" sizes=\"(max-width: 810px) 100vw, 810px\" \/><\/span><\/p>\n<p style=\"text-align: center;\">\u00a0<\/p>\n<p style=\"text-align: center;\"><span style=\"font-family: arial, helvetica, sans-serif; font-size: 12pt; color: #000000;\"><img decoding=\"async\" class=\"aligncenter wp-image-20467 size-full\" src=\"https:\/\/welcome-ontour.de\/wordpress\/wp-content\/uploads\/2023\/08\/2023-05-01-14.jpg\" alt=\"\" width=\"810\" height=\"526\" srcset=\"https:\/\/welcome-ontour.de\/wordpress\/wp-content\/uploads\/2023\/08\/2023-05-01-14.jpg 810w, https:\/\/welcome-ontour.de\/wordpress\/wp-content\/uploads\/2023\/08\/2023-05-01-14-300x195.jpg 300w, https:\/\/welcome-ontour.de\/wordpress\/wp-content\/uploads\/2023\/08\/2023-05-01-14-700x455.jpg 700w, https:\/\/welcome-ontour.de\/wordpress\/wp-content\/uploads\/2023\/08\/2023-05-01-14-768x499.jpg 768w\" sizes=\"(max-width: 810px) 100vw, 810px\" \/><\/span><\/p>\n<p style=\"text-align: center;\">\u00a0<\/p>\n<p style=\"text-align: center;\"><span style=\"font-family: arial, helvetica, sans-serif; font-size: 12pt; color: #000000;\"><img decoding=\"async\" class=\"aligncenter wp-image-27163\" src=\"https:\/\/welcome-ontour.de\/wordpress\/wp-content\/uploads\/2025\/09\/2023-05-01-1516.jpg\" alt=\"\" width=\"810\" height=\"385\" srcset=\"https:\/\/welcome-ontour.de\/wordpress\/wp-content\/uploads\/2025\/09\/2023-05-01-1516.jpg 842w, https:\/\/welcome-ontour.de\/wordpress\/wp-content\/uploads\/2025\/09\/2023-05-01-1516-300x143.jpg 300w, https:\/\/welcome-ontour.de\/wordpress\/wp-content\/uploads\/2025\/09\/2023-05-01-1516-700x333.jpg 700w, https:\/\/welcome-ontour.de\/wordpress\/wp-content\/uploads\/2025\/09\/2023-05-01-1516-768x365.jpg 768w\" sizes=\"(max-width: 810px) 100vw, 810px\" \/><\/span><\/p>\n<p style=\"text-align: center;\">\u00a0<\/p>\n<p style=\"text-align: center;\"><span style=\"font-family: arial, helvetica, sans-serif; font-size: 12pt; color: #000000;\">Die sterblichen \u00dcberreste der Heiligen Santa Columba, nebst der dazugeh\u00f6rigen Geschichte bleiben in Erinnerung.<\/span><\/p>\n<p style=\"text-align: center;\"><span style=\"font-family: arial, helvetica, sans-serif; font-size: 12pt; color: #000000;\">In einer kleinen Bar zwischen Altstadt und Castello genie\u00dfen wir bei Bier und Aperol<\/span><\/p>\n<p style=\"text-align: center;\"><span style=\"font-family: arial, helvetica, sans-serif; font-size: 12pt; color: #000000;\"> die letzten trockenen Momente f\u00fcr heute.<\/span><\/p>\n<p style=\"text-align: center;\">\u00a0<\/p>\n<p style=\"text-align: center;\"><span style=\"font-family: arial, helvetica, sans-serif; font-size: 12pt; color: #000000;\"><img decoding=\"async\" class=\"aligncenter wp-image-27164 size-large\" src=\"https:\/\/welcome-ontour.de\/wordpress\/wp-content\/uploads\/2025\/09\/2023-05-01-1718-700x516.jpg\" alt=\"\" width=\"700\" height=\"516\" srcset=\"https:\/\/welcome-ontour.de\/wordpress\/wp-content\/uploads\/2025\/09\/2023-05-01-1718-700x516.jpg 700w, https:\/\/welcome-ontour.de\/wordpress\/wp-content\/uploads\/2025\/09\/2023-05-01-1718-300x221.jpg 300w, https:\/\/welcome-ontour.de\/wordpress\/wp-content\/uploads\/2025\/09\/2023-05-01-1718-768x566.jpg 768w, https:\/\/welcome-ontour.de\/wordpress\/wp-content\/uploads\/2025\/09\/2023-05-01-1718.jpg 827w\" sizes=\"(max-width: 700px) 100vw, 700px\" \/><\/span><\/p>\n<p style=\"text-align: center;\">\u00a0<\/p>\n<p style=\"text-align: center;\"><span style=\"font-family: arial, helvetica, sans-serif; font-size: 12pt; color: #000000;\">Dann machen wir uns auf den Weg zum El Pescadero, einem kleinen Fischrestaurant in der N\u00e4he unseres Hotels.<\/span><\/p>\n<p style=\"text-align: center;\"><span style=\"font-family: arial, helvetica, sans-serif; font-size: 12pt; color: #000000;\">Haben hier zu 14 Uhr einen gro\u00dfen Tisch bestellt.<\/span><\/p>\n<p style=\"text-align: center;\"><span style=\"font-family: arial, helvetica, sans-serif; font-size: 12pt; color: #000000;\">Spontan ist es fast unm\u00f6glich, f\u00fcr uns alle Platz zu finden.<\/span><\/p>\n<p style=\"text-align: center;\">\u00a0<\/p>\n<p style=\"text-align: center;\"><span style=\"font-family: arial, helvetica, sans-serif; font-size: 12pt; color: #000000;\"><img decoding=\"async\" class=\"aligncenter wp-image-27165\" src=\"https:\/\/welcome-ontour.de\/wordpress\/wp-content\/uploads\/2025\/09\/2023-05-01-1921.jpg\" alt=\"\" width=\"810\" height=\"281\" srcset=\"https:\/\/welcome-ontour.de\/wordpress\/wp-content\/uploads\/2025\/09\/2023-05-01-1921.jpg 1153w, https:\/\/welcome-ontour.de\/wordpress\/wp-content\/uploads\/2025\/09\/2023-05-01-1921-300x104.jpg 300w, https:\/\/welcome-ontour.de\/wordpress\/wp-content\/uploads\/2025\/09\/2023-05-01-1921-700x243.jpg 700w, https:\/\/welcome-ontour.de\/wordpress\/wp-content\/uploads\/2025\/09\/2023-05-01-1921-768x266.jpg 768w, https:\/\/welcome-ontour.de\/wordpress\/wp-content\/uploads\/2025\/09\/2023-05-01-1921-1140x395.jpg 1140w\" sizes=\"(max-width: 810px) 100vw, 810px\" \/><\/span><\/p>\n<p style=\"text-align: center;\">\u00a0<\/p>\n<p style=\"text-align: center;\"><span style=\"font-family: arial, helvetica, sans-serif; font-size: 12pt; color: #000000;\">Die Fischgerichte sind auf den ersten Blick nicht gerade \u00fcppig, aber exzellent.<\/span><\/p>\n<p style=\"text-align: center;\">\u00a0<\/p>\n<p style=\"text-align: center;\"><span style=\"font-family: arial, helvetica, sans-serif; font-size: 12pt; color: #000000;\"><img decoding=\"async\" class=\"aligncenter wp-image-27166\" src=\"https:\/\/welcome-ontour.de\/wordpress\/wp-content\/uploads\/2025\/09\/2023-05-01-2224.jpg\" alt=\"\" width=\"810\" height=\"201\" srcset=\"https:\/\/welcome-ontour.de\/wordpress\/wp-content\/uploads\/2025\/09\/2023-05-01-2224.jpg 1216w, https:\/\/welcome-ontour.de\/wordpress\/wp-content\/uploads\/2025\/09\/2023-05-01-2224-300x74.jpg 300w, https:\/\/welcome-ontour.de\/wordpress\/wp-content\/uploads\/2025\/09\/2023-05-01-2224-700x173.jpg 700w, https:\/\/welcome-ontour.de\/wordpress\/wp-content\/uploads\/2025\/09\/2023-05-01-2224-768x190.jpg 768w, https:\/\/welcome-ontour.de\/wordpress\/wp-content\/uploads\/2025\/09\/2023-05-01-2224-1140x282.jpg 1140w\" sizes=\"(max-width: 810px) 100vw, 810px\" \/><\/span><\/p>\n<p style=\"text-align: center;\">\u00a0<\/p>\n<p style=\"text-align: center;\"><span style=\"font-family: arial, helvetica, sans-serif; font-size: 12pt; color: #000000;\">Der Wein passt ausgezeichnet.<\/span><\/p>\n<p style=\"text-align: center;\"><span style=\"font-family: arial, helvetica, sans-serif; font-size: 12pt; color: #000000;\">Leider regnet es mittlerweile immer st\u00e4rker.<\/span><\/p>\n<p style=\"text-align: center;\"><span style=\"font-family: arial, helvetica, sans-serif; font-size: 12pt; color: #000000;\">Wir sind halb f\u00fcnf im Hotel, Mittagsschlaf, Luxus.<\/span><\/p>\n<p style=\"text-align: center;\"><span style=\"font-family: arial, helvetica, sans-serif; font-size: 12pt; color: #000000;\">Danach finden wir uns bei noch immer feuchtem Wetter auf der Terrasse ein.<\/span><\/p>\n<p style=\"text-align: center;\">\u00a0<\/p>\n<p style=\"text-align: center;\"><span style=\"font-family: arial, helvetica, sans-serif; font-size: 12pt; color: #000000;\"><img decoding=\"async\" class=\"aligncenter wp-image-27167\" src=\"https:\/\/welcome-ontour.de\/wordpress\/wp-content\/uploads\/2025\/09\/2023-05-01-2526.jpg\" alt=\"\" width=\"810\" height=\"384\" srcset=\"https:\/\/welcome-ontour.de\/wordpress\/wp-content\/uploads\/2025\/09\/2023-05-01-2526.jpg 843w, https:\/\/welcome-ontour.de\/wordpress\/wp-content\/uploads\/2025\/09\/2023-05-01-2526-300x142.jpg 300w, https:\/\/welcome-ontour.de\/wordpress\/wp-content\/uploads\/2025\/09\/2023-05-01-2526-700x332.jpg 700w, https:\/\/welcome-ontour.de\/wordpress\/wp-content\/uploads\/2025\/09\/2023-05-01-2526-768x364.jpg 768w\" sizes=\"(max-width: 810px) 100vw, 810px\" \/><\/span><\/p>\n<p style=\"text-align: center;\">\u00a0<\/p>\n<p style=\"text-align: center;\"><span style=\"font-family: arial, helvetica, sans-serif; font-size: 12pt; color: #000000;\">Das gro\u00dfe Reste-Essen geht bis nach zehn.<\/span><\/p>\n<p>&nbsp;<\/p>\n<p><span style=\"color: #000000;\"><img decoding=\"async\" class=\"wp-image-20173 aligncenter\" src=\"https:\/\/welcome-ontour.de\/wordpress\/wp-content\/uploads\/2023\/07\/2023-04-26-04-204x300.jpg\" alt=\"\" width=\"136\" height=\"200\" srcset=\"https:\/\/welcome-ontour.de\/wordpress\/wp-content\/uploads\/2023\/07\/2023-04-26-04-204x300.jpg 204w, https:\/\/welcome-ontour.de\/wordpress\/wp-content\/uploads\/2023\/07\/2023-04-26-04.jpg 268w\" sizes=\"(max-width: 136px) 100vw, 136px\" \/><\/span><\/p>\n<p><span style=\"color: #000000;\"><a style=\"color: #000000;\" href=\"https:\/\/welcome-ontour.de\/wordpress\/index.php\/2023-04-30\"><img decoding=\"async\" class=\"alignnone wp-image-20171\" title=\"Zur\u00fcck\" src=\"https:\/\/welcome-ontour.de\/wordpress\/wp-content\/uploads\/2023\/07\/2023-04-26-02-300x155.jpg\" alt=\"\" width=\"44\" height=\"23\" srcset=\"https:\/\/welcome-ontour.de\/wordpress\/wp-content\/uploads\/2023\/07\/2023-04-26-02-300x155.jpg 300w, https:\/\/welcome-ontour.de\/wordpress\/wp-content\/uploads\/2023\/07\/2023-04-26-02.jpg 394w\" sizes=\"(max-width: 44px) 100vw, 44px\" \/><\/a><a style=\"color: #000000;\" href=\"https:\/\/welcome-ontour.de\/wordpress\/index.php\/2023-05-02\"><img decoding=\"async\" class=\"alignright wp-image-20172\" title=\"Vor\" src=\"https:\/\/welcome-ontour.de\/wordpress\/wp-content\/uploads\/2023\/07\/2023-04-26-03-300x155.jpg\" alt=\"\" width=\"44\" height=\"23\" srcset=\"https:\/\/welcome-ontour.de\/wordpress\/wp-content\/uploads\/2023\/07\/2023-04-26-03-300x155.jpg 300w, https:\/\/welcome-ontour.de\/wordpress\/wp-content\/uploads\/2023\/07\/2023-04-26-03.jpg 394w\" sizes=\"(max-width: 44px) 100vw, 44px\" \/><\/a><\/span><\/p>\n","protected":false},"excerpt":{"rendered":"<p>Prolog\u00a0 \u00a0 \u00a0Anreise\u00a0 \u00a0 \u00a0Alberobello\u00a0 \u00a0 \u00a0Pinacoteka\/Altstadt\u00a0 \u00a0 \u00a0Pomodoro\/Altstadt\u00a0 \u00a0 \u00a0Altstadt\u00a0 \u00a0 \u00a0Abreise\u00a0 \u00a0 \u00a0Fazit Mo 1.5. \u00a0 Altstadt \u00a0 F\u00fcr heute hat der Wetterbericht Regen, Regen, Regen angesagt. Vormittags ist davon erst mal nicht viel zu bemerken. Also wieder ab in die Altstadt. Es ist bedeckt, aber trocken. \u00a0 \u00a0 Unterwegs ordern wir in einem der zahlreichen Fischrestaurants einen 7 Personen Tisch f\u00fcr heute Nachmittag. \u00a0 \u00a0 Wo waren wir eigentlich noch nicht, in der Basilika San Sabino. \u00a0 \u00a0 Die riesige romanische Kathedrale ist eine historische Wallfahrtskirche und wurde auf dem Gel\u00e4nde des ehemaligen byzantinischen Stadthalterpalastes errichtet, sehr interessant und sehenswert. \u00a0 \u00a0 Im Inneren der Kirche sind wir erst mal sprachlos. \u00a0 \u00a0 Alles nicht so prunkvoll wie die filigranen Kirchen in Andalusien. Aber allein die schiere Gr\u00f6\u00dfe ist imposant. \u00a0 \u00a0 Auch hier gibt es im Untergescho\u00df Faszinierendes zu entdecken. \u00a0 \u00a0 \u00a0 \u00a0 Die sterblichen \u00dcberreste der Heiligen Santa Columba, nebst der dazugeh\u00f6rigen Geschichte bleiben in Erinnerung. In einer kleinen Bar zwischen Altstadt und Castello genie\u00dfen wir bei Bier und Aperol die letzten trockenen Momente f\u00fcr heute. \u00a0 \u00a0 Dann machen wir uns auf den Weg zum El Pescadero, einem kleinen Fischrestaurant in der N\u00e4he unseres Hotels. Haben hier zu 14 Uhr einen gro\u00dfen Tisch bestellt. Spontan ist es fast unm\u00f6glich, f\u00fcr uns alle Platz zu finden. \u00a0 \u00a0 Die Fischgerichte sind auf den ersten Blick nicht gerade \u00fcppig, aber exzellent. \u00a0 \u00a0 Der Wein passt ausgezeichnet. Leider regnet es mittlerweile immer st\u00e4rker. Wir sind halb f\u00fcnf im Hotel, Mittagsschlaf, Luxus. Danach finden wir uns bei noch immer feuchtem Wetter auf der Terrasse ein. \u00a0 \u00a0 Das gro\u00dfe Reste-Essen geht bis nach zehn. &nbsp;<\/p>\n","protected":false},"author":1,"featured_media":0,"parent":0,"menu_order":0,"comment_status":"closed","ping_status":"closed","template":"","meta":{"footnotes":""},"class_list":["post-20196","page","type-page","status-publish","hentry"],"_links":{"self":[{"href":"https:\/\/welcome-ontour.de\/wordpress\/index.php\/wp-json\/wp\/v2\/pages\/20196","targetHints":{"allow":["GET"]}}],"collection":[{"href":"https:\/\/welcome-ontour.de\/wordpress\/index.php\/wp-json\/wp\/v2\/pages"}],"about":[{"href":"https:\/\/welcome-ontour.de\/wordpress\/index.php\/wp-json\/wp\/v2\/types\/page"}],"author":[{"embeddable":true,"href":"https:\/\/welcome-ontour.de\/wordpress\/index.php\/wp-json\/wp\/v2\/users\/1"}],"replies":[{"embeddable":true,"href":"https:\/\/welcome-ontour.de\/wordpress\/index.php\/wp-json\/wp\/v2\/comments?post=20196"}],"version-history":[{"count":14,"href":"https:\/\/welcome-ontour.de\/wordpress\/index.php\/wp-json\/wp\/v2\/pages\/20196\/revisions"}],"predecessor-version":[{"id":27168,"href":"https:\/\/welcome-ontour.de\/wordpress\/index.php\/wp-json\/wp\/v2\/pages\/20196\/revisions\/27168"}],"wp:attachment":[{"href":"https:\/\/welcome-ontour.de\/wordpress\/index.php\/wp-json\/wp\/v2\/media?parent=20196"}],"curies":[{"name":"wp","href":"https:\/\/api.w.org\/{rel}","templated":true}]}}