{"id":2017,"date":"2012-12-23T10:53:35","date_gmt":"2012-12-23T10:53:35","guid":{"rendered":"https:\/\/welcome-ontour.de\/wordpress\/index.php\/2012-10-06\/"},"modified":"2022-06-30T23:07:29","modified_gmt":"2022-06-30T23:07:29","slug":"2012-10-06","status":"publish","type":"page","link":"https:\/\/welcome-ontour.de\/wordpress\/index.php\/2012-10-06\/","title":{"rendered":"2012 10 06"},"content":{"rendered":"<p style=\"text-align: center;\"><span style=\"font-family: arial, helvetica, sans-serif; font-size: x-small;\"><a href=\"https:\/\/welcome-ontour.de\/wordpress\/index.php\/2012-10-02-prolog\/\">prolog<\/a>\u00a0&#8211;\u00a0<a href=\"https:\/\/welcome-ontour.de\/wordpress\/index.php\/2012-10-03\/\">hinflug<\/a>\u00a0&#8211;\u00a0<a href=\"https:\/\/welcome-ontour.de\/wordpress\/index.php\/2012-10-04\/\">maui<\/a>\u00a0&#8211;\u00a0<a href=\"https:\/\/welcome-ontour.de\/wordpress\/index.php\/2012-10-07\/\">big island<\/a>\u00a0&#8211;\u00a0<a href=\"https:\/\/welcome-ontour.de\/wordpress\/index.php\/2012-10-10\/\">kauai<\/a>\u00a0&#8211;\u00a0<a href=\"https:\/\/welcome-ontour.de\/wordpress\/index.php\/2012-10-14\/\">oahu<\/a>\u00a0&#8211;\u00a0<a href=\"https:\/\/welcome-ontour.de\/wordpress\/index.php\/2012-10-21\/\">r\u00fcckflug<\/a>\u00a0&#8211;\u00a0<a href=\"https:\/\/welcome-ontour.de\/wordpress\/index.php\/2012-10-23-fazit\/\">fazit<\/a><\/span><\/p>\n<p style=\"text-align: center;\"><a style=\"font-family: arial, helvetica, sans-serif; font-size: small;\" href=\"https:\/\/welcome-ontour.de\/wordpress\/index.php\/2012-10-05\/\">&lt; Zur\u00fcck<\/a><span style=\"font-family: arial, helvetica, sans-serif; font-size: small;\">\u00a0 \u00a0 \u00a0 \u00a0 \u00a0 \u00a0 \u00a0 \u00a0 \u00a0 \u00a0 \u00a0 \u00a0 \u00a0 \u00a0 \u00a0 \u00a0 \u00a0 \u00a0 \u00a0 \u00a0 \u00a0 \u00a0 \u00a0 \u00a0 \u00a0 \u00a0 \u00a0 \u00a0 \u00a0 \u00a0 \u00a0 \u00a0 \u00a0 \u00a0 \u00a0 \u00a0 \u00a0 \u00a0 \u00a0 \u00a0 \u00a0 \u00a0 \u00a0 \u00a0 \u00a0 \u00a0 \u00a0 \u00a0 \u00a0 \u00a0 \u00a0 \u00a0 \u00a0 \u00a0 \u00a0 \u00a0 \u00a0 \u00a0 \u00a0 \u00a0 \u00a0 \u00a0 \u00a0 \u00a0 \u00a0 \u00a0 \u00a0 \u00a0 \u00a0 \u00a0 \u00a0 \u00a0 \u00a0 \u00a0 \u00a0 \u00a0 \u00a0 \u00a0 \u00a0 \u00a0 \u00a0 \u00a0 \u00a0 \u00a0 \u00a0 \u00a0 \u00a0 \u00a0 \u00a0 \u00a0 \u00a0 \u00a0 \u00a0 \u00a0 \u00a0 \u00a0 \u00a0 \u00a0 \u00a0 \u00a0 \u00a0 \u00a0 \u00a0\u00a0<\/span><a style=\"font-family: arial, helvetica, sans-serif; font-size: small;\" href=\"https:\/\/welcome-ontour.de\/wordpress\/index.php\/2012-10-07\/\">Weiter &gt;<\/a><\/p>\n<p style=\"text-align: center;\"><strong><span style=\"font-family: arial, helvetica, sans-serif; font-size: medium;\">\u00a0<\/span><\/strong><\/p>\n<p style=\"text-align: center;\"><strong><span style=\"font-family: arial, helvetica, sans-serif; font-size: medium;\">Sa 6.10.2012, 1.Woche, 4.Tag<\/span><\/strong><\/p>\n<p style=\"text-align: center;\"><strong><span style=\"font-family: arial, helvetica, sans-serif; font-size: medium;\">Maui (Lahaina)<\/span><\/strong><\/p>\n<p style=\"text-align: center;\"><span style=\"font-family: arial, helvetica, sans-serif; font-size: medium;\">\u00a0<\/span><\/p>\n<p style=\"text-align: center;\"><span style=\"font-family: arial, helvetica, sans-serif; font-size: medium;\">Schlafen bis sieben, es wird immer sp\u00e4ter.<\/span><\/p>\n<p style=\"text-align: center;\"><span style=\"font-family: arial, helvetica, sans-serif; font-size: medium;\">Breakfast gibt\u2019s wieder auf dem sonnigen Balkon, wir sind im Urlaub angekommen.<\/span><\/p>\n<p style=\"text-align: center;\"><span style=\"font-family: arial, helvetica, sans-serif; font-size: medium;\">Heute ist Relaxing angesagt.<\/span><\/p>\n<p style=\"text-align: center;\"><span style=\"font-family: arial, helvetica, sans-serif; font-size: medium;\">Wir fahren ganz gem\u00fctlich im offenen Formationsflug den Honoapiilani Highway an der Westk\u00fcste entlang.<\/span><\/p>\n<p style=\"text-align: center;\"><span style=\"font-family: arial, helvetica, sans-serif; font-size: medium;\">Herrliches Sommerwetter ist unser Begleiter.<\/span><\/p>\n<p style=\"text-align: center;\"><span style=\"font-family: arial, helvetica, sans-serif; font-size: medium;\">Vorbei an den unsch\u00f6nen Betonburgen von Kaanapali und Kapalua rauschen wir durch bis zum <a href=\"http:\/\/www.hawaiigaga.com\/maui\/beaches\/dt-fleming-beach-park.aspx\" target=\"_blank\" rel=\"noopener noreferrer\">Fleming Beach Park<\/a>.<\/span><\/p>\n<p style=\"text-align: center;\"><span style=\"font-family: arial, helvetica, sans-serif; font-size: medium;\">Es sind zwar rote Flaggen gehisst, aber die Rettungsschwimmer haben nichts gegen \u201ecareful swimming\u201c.<\/span><\/p>\n<p style=\"text-align: center;\"><span style=\"font-family: arial, helvetica, sans-serif; font-size: medium;\">Der Strand bietet saubere Restrooms, Umkleidekabinen, Strand-Duschen und schattige Abschnitte.<\/span><\/p>\n<p style=\"text-align: center;\"><span style=\"font-family: arial, helvetica, sans-serif; font-size: medium;\">Die Wellen sind etwa 2m hoch, aber selbst diese kleinen Teile hauen uns bereits um.<\/span><\/p>\n<p style=\"text-align: center;\"><span style=\"font-family: arial, helvetica, sans-serif; font-size: medium;\">\u00a0<\/span><\/p>\n<p style=\"text-align: center;\"><a href=\"https:\/\/welcome-ontour.de\/wordpress\/wp-content\/uploads\/2012\/12\/phoca_thumb_l_01-p1050703-kopie.jpg\" target=\"_blank\" rel=\"noopener noreferrer\"><span style=\"font-family: arial, helvetica, sans-serif; font-size: medium;\"><img decoding=\"async\" class=\" size-full wp-image-1995\" title=\"Fleming Beach - Klick\" src=\"https:\/\/welcome-ontour.de\/wordpress\/wp-content\/uploads\/2012\/12\/phoca_thumb_l_01-p1050703.jpg\" width=\"600\" height=\"451\" border=\"0\" srcset=\"https:\/\/welcome-ontour.de\/wordpress\/wp-content\/uploads\/2012\/12\/phoca_thumb_l_01-p1050703.jpg 600w, https:\/\/welcome-ontour.de\/wordpress\/wp-content\/uploads\/2012\/12\/phoca_thumb_l_01-p1050703-300x226.jpg 300w\" sizes=\"(max-width: 600px) 100vw, 600px\" \/><\/span><\/a><\/p>\n<p style=\"text-align: center;\">\u00a0<\/p>\n<p style=\"text-align: center;\"><span style=\"font-family: arial, helvetica, sans-serif; font-size: medium;\">Aus unserem Quartier haben wir zwei Buggy Boards mitgenommen.<\/span><\/p>\n<p style=\"text-align: center;\"><span style=\"font-family: arial, helvetica, sans-serif; font-size: medium;\">Macht Spa\u00df, mit den Dingern in den Wellen rumzuspielen.<\/span><\/p>\n<p style=\"text-align: center;\"><span style=\"font-family: arial, helvetica, sans-serif; font-size: medium;\">Nach ca. drei Stunden reicht\u2018s mit dem Beaching.<\/span><\/p>\n<p style=\"text-align: center;\"><span style=\"font-family: arial, helvetica, sans-serif; font-size: medium;\">\u00a0<\/span><\/p>\n<p style=\"text-align: center;\"><span style=\"font-family: arial, helvetica, sans-serif; font-size: medium;\"><a href=\"https:\/\/welcome-ontour.de\/wordpress\/wp-content\/uploads\/2012\/12\/phoca_thumb_l_02-img_0145_stitch-kopie.jpg\" target=\"_blank\" rel=\"noopener noreferrer\"><img decoding=\"async\" class=\" size-full wp-image-1998\" title=\"Fleming Beach und Lanai - Klick\" src=\"https:\/\/welcome-ontour.de\/wordpress\/wp-content\/uploads\/2012\/12\/phoca_thumb_l_02-img_0145_stitch.jpg\" width=\"600\" height=\"241\" border=\"0\" srcset=\"https:\/\/welcome-ontour.de\/wordpress\/wp-content\/uploads\/2012\/12\/phoca_thumb_l_02-img_0145_stitch.jpg 600w, https:\/\/welcome-ontour.de\/wordpress\/wp-content\/uploads\/2012\/12\/phoca_thumb_l_02-img_0145_stitch-300x121.jpg 300w\" sizes=\"(max-width: 600px) 100vw, 600px\" \/><\/a><\/span><\/p>\n<p style=\"text-align: center;\"><span style=\"font-family: arial, helvetica, sans-serif; font-size: medium;\">\u00a0<\/span><\/p>\n<p style=\"text-align: center;\"><span style=\"font-family: arial, helvetica, sans-serif; font-size: medium;\">Wir k\u00f6nnen die Tageszeit nur noch sch\u00e4tzen, seit heute fr\u00fch sind die Armbanduhren im Koffer.<\/span><\/p>\n<p style=\"text-align: center;\"><span style=\"font-family: arial, helvetica, sans-serif; font-size: medium;\">Next Stopp: L&amp;L BBQ in der <a href=\"http:\/\/www.lahainacannery.com\/\" target=\"_blank\" rel=\"noopener noreferrer\">Lahaina Cannery Mall<\/a>.<\/span><\/p>\n<p style=\"text-align: center;\"><span style=\"font-family: arial, helvetica, sans-serif; font-size: medium;\">\u00a0<\/span><\/p>\n<p style=\"text-align: center;\"><span style=\"font-family: arial, helvetica, sans-serif; font-size: medium;\"><a href=\"https:\/\/welcome-ontour.de\/wordpress\/wp-content\/uploads\/2012\/12\/phoca_thumb_l_03-img_0164-kopie.jpg\" target=\"_blank\" rel=\"noopener noreferrer\"><img decoding=\"async\" class=\" size-full wp-image-2000\" title=\"Lahaina Cannery Mall - Klick\" src=\"https:\/\/welcome-ontour.de\/wordpress\/wp-content\/uploads\/2012\/12\/phoca_thumb_l_03-img_0164.jpg\" width=\"400\" height=\"302\" border=\"0\" srcset=\"https:\/\/welcome-ontour.de\/wordpress\/wp-content\/uploads\/2012\/12\/phoca_thumb_l_03-img_0164.jpg 400w, https:\/\/welcome-ontour.de\/wordpress\/wp-content\/uploads\/2012\/12\/phoca_thumb_l_03-img_0164-300x227.jpg 300w\" sizes=\"(max-width: 400px) 100vw, 400px\" \/><\/a>\u00a0\u00a0<a href=\"https:\/\/welcome-ontour.de\/wordpress\/wp-content\/uploads\/2012\/12\/phoca_thumb_l_04-img_0167-kopie.jpg\" target=\"_blank\" rel=\"noopener noreferrer\"><img decoding=\"async\" class=\" size-full wp-image-2002\" title=\"Weekly Hula Show - Klick\" src=\"https:\/\/welcome-ontour.de\/wordpress\/wp-content\/uploads\/2012\/12\/phoca_thumb_l_04-img_0167.jpg\" width=\"400\" height=\"302\" border=\"0\" srcset=\"https:\/\/welcome-ontour.de\/wordpress\/wp-content\/uploads\/2012\/12\/phoca_thumb_l_04-img_0167.jpg 400w, https:\/\/welcome-ontour.de\/wordpress\/wp-content\/uploads\/2012\/12\/phoca_thumb_l_04-img_0167-300x227.jpg 300w\" sizes=\"(max-width: 400px) 100vw, 400px\" \/><\/a><\/span><\/p>\n<p style=\"text-align: center;\"><span style=\"font-family: arial, helvetica, sans-serif; font-size: medium;\">\u00a0<\/span><\/p>\n<p style=\"text-align: center;\"><span style=\"font-family: arial, helvetica, sans-serif; font-size: medium;\">Hier gibt es nebenbei die Samstags Show der Hula Keikis.<\/span><\/p>\n<p style=\"text-align: center;\"><span style=\"font-family: arial, helvetica, sans-serif; font-size: medium;\">Danach folgt ein ausgedehnter Bummel durch die Stores von Lahaina.<\/span><\/p>\n<p style=\"text-align: center;\"><span style=\"font-family: arial, helvetica, sans-serif; font-size: medium;\">\u00a0<\/span><\/p>\n<p style=\"text-align: center;\"><span style=\"font-family: arial, helvetica, sans-serif; font-size: medium;\"><img decoding=\"async\" class=\" size-full wp-image-2003\" title=\"Harley Davidson of Lahaina\" src=\"https:\/\/welcome-ontour.de\/wordpress\/wp-content\/uploads\/2012\/12\/phoca_thumb_l_05-img_0186.jpg\" width=\"600\" height=\"452\" border=\"0\" srcset=\"https:\/\/welcome-ontour.de\/wordpress\/wp-content\/uploads\/2012\/12\/phoca_thumb_l_05-img_0186.jpg 600w, https:\/\/welcome-ontour.de\/wordpress\/wp-content\/uploads\/2012\/12\/phoca_thumb_l_05-img_0186-300x226.jpg 300w\" sizes=\"(max-width: 600px) 100vw, 600px\" \/><\/span><\/p>\n<p style=\"text-align: center;\"><span style=\"font-family: arial, helvetica, sans-serif; font-size: medium;\">\u00a0<\/span><\/p>\n<p style=\"text-align: center;\"><span style=\"font-family: arial, helvetica, sans-serif; font-size: medium;\"><img decoding=\"async\" class=\" size-full wp-image-2004\" title=\"Lahaina\" src=\"https:\/\/welcome-ontour.de\/wordpress\/wp-content\/uploads\/2012\/12\/phoca_thumb_l_06-img_0210.jpg\" width=\"452\" height=\"600\" border=\"0\" srcset=\"https:\/\/welcome-ontour.de\/wordpress\/wp-content\/uploads\/2012\/12\/phoca_thumb_l_06-img_0210.jpg 452w, https:\/\/welcome-ontour.de\/wordpress\/wp-content\/uploads\/2012\/12\/phoca_thumb_l_06-img_0210-226x300.jpg 226w\" sizes=\"(max-width: 452px) 100vw, 452px\" \/>\u00a0\u00a0<a href=\"https:\/\/welcome-ontour.de\/wordpress\/wp-content\/uploads\/2012\/12\/phoca_thumb_l_07-img_0201-kopie.jpg\" target=\"_blank\" rel=\"noopener noreferrer\"><img decoding=\"async\" class=\" size-full wp-image-2006\" title=\"Lahaina Banyan Tree - Klick\" src=\"https:\/\/welcome-ontour.de\/wordpress\/wp-content\/uploads\/2012\/12\/phoca_thumb_l_07-img_0201.jpg\" width=\"452\" height=\"600\" border=\"0\" srcset=\"https:\/\/welcome-ontour.de\/wordpress\/wp-content\/uploads\/2012\/12\/phoca_thumb_l_07-img_0201.jpg 452w, https:\/\/welcome-ontour.de\/wordpress\/wp-content\/uploads\/2012\/12\/phoca_thumb_l_07-img_0201-226x300.jpg 226w\" sizes=\"(max-width: 452px) 100vw, 452px\" \/><\/a><br \/><\/span><\/p>\n<p style=\"text-align: center;\"><span style=\"font-family: arial, helvetica, sans-serif; font-size: medium;\">\u00a0<\/span><\/p>\n<p style=\"text-align: center;\"><span style=\"font-family: arial, helvetica, sans-serif; font-size: medium;\">Abschlie\u00dfend besuchen wir den Wochenmarkt unter dem riesigen Banyan Tree.<\/span><\/p>\n<p style=\"text-align: center;\"><span style=\"font-family: arial, helvetica, sans-serif; font-size: medium;\">Auf der R\u00fcckfahrt stoppen wir am Whale Watching Overlook.<\/span><\/p>\n<p style=\"text-align: center;\"><span style=\"font-family: arial, helvetica, sans-serif; font-size: medium;\">\u00a0<\/span><\/p>\n<p style=\"text-align: center;\"><span style=\"font-family: arial, helvetica, sans-serif; font-size: medium;\"><img decoding=\"async\" class=\" size-full wp-image-2007\" title=\"Hang Loose\" src=\"https:\/\/welcome-ontour.de\/wordpress\/wp-content\/uploads\/2012\/12\/phoca_thumb_l_09-img_0222.jpg\" width=\"600\" height=\"452\" border=\"0\" srcset=\"https:\/\/welcome-ontour.de\/wordpress\/wp-content\/uploads\/2012\/12\/phoca_thumb_l_09-img_0222.jpg 600w, https:\/\/welcome-ontour.de\/wordpress\/wp-content\/uploads\/2012\/12\/phoca_thumb_l_09-img_0222-300x226.jpg 300w\" sizes=\"(max-width: 600px) 100vw, 600px\" \/><\/span><\/p>\n<p style=\"text-align: center;\"><span style=\"font-family: arial, helvetica, sans-serif; font-size: medium;\">\u00a0<\/span><\/p>\n<p style=\"text-align: center;\"><a href=\"https:\/\/welcome-ontour.de\/wordpress\/wp-content\/uploads\/2012\/12\/phoca_thumb_l_08-img_0217_stitch-kopie.jpg\" target=\"_blank\" rel=\"noopener noreferrer\"><span style=\"font-family: arial, helvetica, sans-serif; font-size: medium;\"><img decoding=\"async\" class=\" size-full wp-image-2009\" title=\"Whale Watching Overlook - Klick\" src=\"https:\/\/welcome-ontour.de\/wordpress\/wp-content\/uploads\/2012\/12\/phoca_thumb_l_08-img_0217_stitch.jpg\" width=\"600\" height=\"187\" border=\"0\" srcset=\"https:\/\/welcome-ontour.de\/wordpress\/wp-content\/uploads\/2012\/12\/phoca_thumb_l_08-img_0217_stitch.jpg 600w, https:\/\/welcome-ontour.de\/wordpress\/wp-content\/uploads\/2012\/12\/phoca_thumb_l_08-img_0217_stitch-300x94.jpg 300w\" sizes=\"(max-width: 600px) 100vw, 600px\" \/><\/span><\/a><\/p>\n<p style=\"text-align: center;\"><span style=\"font-family: arial, helvetica, sans-serif; font-size: medium;\">\u00a0<\/span><\/p>\n<p style=\"text-align: center;\"><span style=\"font-family: arial, helvetica, sans-serif; font-size: medium;\">Von dort gibt es auch einen sch\u00f6nen Blick nach S\u00fcden mit dem von Wolken ges\u00e4umten Haleakala Gipfel.<\/span><\/p>\n<p style=\"text-align: center;\"><span style=\"font-family: arial, helvetica, sans-serif; font-size: medium;\">\u00a0<\/span><\/p>\n<p style=\"text-align: center;\"><a href=\"https:\/\/welcome-ontour.de\/wordpress\/wp-content\/uploads\/2012\/12\/phoca_thumb_l_10-img_0225-kopie.jpg\" target=\"_blank\" rel=\"noopener noreferrer\"><span style=\"font-family: arial, helvetica, sans-serif; font-size: medium;\"><img decoding=\"async\" class=\" size-full wp-image-2011\" title=\"Unterwegs nach Kihei - Klick\" src=\"https:\/\/welcome-ontour.de\/wordpress\/wp-content\/uploads\/2012\/12\/phoca_thumb_l_10-img_0225.jpg\" width=\"600\" height=\"452\" border=\"0\" srcset=\"https:\/\/welcome-ontour.de\/wordpress\/wp-content\/uploads\/2012\/12\/phoca_thumb_l_10-img_0225.jpg 600w, https:\/\/welcome-ontour.de\/wordpress\/wp-content\/uploads\/2012\/12\/phoca_thumb_l_10-img_0225-300x226.jpg 300w\" sizes=\"(max-width: 600px) 100vw, 600px\" \/><\/span><\/a><\/p>\n<p style=\"text-align: center;\"><span style=\"font-family: arial, helvetica, sans-serif; font-size: medium;\">\u00a0<\/span><\/p>\n<p style=\"text-align: center;\"><span style=\"font-family: arial, helvetica, sans-serif; font-size: medium;\">Zum Sonnenuntergang fahren wir zum Kamaole Sands Beach.<\/span><\/p>\n<p style=\"text-align: center;\"><span style=\"font-family: arial, helvetica, sans-serif; font-size: medium;\">\u00a0<\/span><\/p>\n<p style=\"text-align: center;\"><a href=\"https:\/\/welcome-ontour.de\/wordpress\/wp-content\/uploads\/2012\/12\/phoca_thumb_l_11-img_0239-kopie.jpg\" target=\"_blank\" rel=\"noopener noreferrer\"><span style=\"font-family: arial, helvetica, sans-serif; font-size: medium;\"><img decoding=\"async\" class=\" size-full wp-image-2013\" title=\"Sunset - Klick\" src=\"https:\/\/welcome-ontour.de\/wordpress\/wp-content\/uploads\/2012\/12\/phoca_thumb_l_11-img_0239.jpg\" width=\"600\" height=\"452\" border=\"0\" srcset=\"https:\/\/welcome-ontour.de\/wordpress\/wp-content\/uploads\/2012\/12\/phoca_thumb_l_11-img_0239.jpg 600w, https:\/\/welcome-ontour.de\/wordpress\/wp-content\/uploads\/2012\/12\/phoca_thumb_l_11-img_0239-300x226.jpg 300w\" sizes=\"(max-width: 600px) 100vw, 600px\" \/><\/span><\/a><\/p>\n<p style=\"text-align: center;\">\u00a0<\/p>\n<p style=\"text-align: center;\"><img decoding=\"async\" class=\" size-full wp-image-2014\" title=\"Kamaole Sands Beach\" src=\"https:\/\/welcome-ontour.de\/wordpress\/wp-content\/uploads\/2012\/12\/phoca_thumb_l_12-img_0234.jpg\" width=\"600\" height=\"452\" border=\"0\" srcset=\"https:\/\/welcome-ontour.de\/wordpress\/wp-content\/uploads\/2012\/12\/phoca_thumb_l_12-img_0234.jpg 600w, https:\/\/welcome-ontour.de\/wordpress\/wp-content\/uploads\/2012\/12\/phoca_thumb_l_12-img_0234-300x226.jpg 300w\" sizes=\"(max-width: 600px) 100vw, 600px\" \/><\/p>\n<p style=\"text-align: center;\">\u00a0<\/p>\n<p style=\"text-align: center;\"><a href=\"https:\/\/welcome-ontour.de\/wordpress\/wp-content\/uploads\/2012\/12\/phoca_thumb_l_13-img_0245-kopie.jpg\" target=\"_blank\" rel=\"noopener noreferrer\"><img decoding=\"async\" class=\" size-full wp-image-2016\" title=\"Kamaole Sunset - Klick\" src=\"https:\/\/welcome-ontour.de\/wordpress\/wp-content\/uploads\/2012\/12\/phoca_thumb_l_13-img_0245.jpg\" width=\"600\" height=\"452\" border=\"0\" srcset=\"https:\/\/welcome-ontour.de\/wordpress\/wp-content\/uploads\/2012\/12\/phoca_thumb_l_13-img_0245.jpg 600w, https:\/\/welcome-ontour.de\/wordpress\/wp-content\/uploads\/2012\/12\/phoca_thumb_l_13-img_0245-300x226.jpg 300w\" sizes=\"(max-width: 600px) 100vw, 600px\" \/><\/a><\/p>\n<p style=\"text-align: center;\">\u00a0<\/p>\n<p style=\"text-align: center;\"><span style=\"font-family: arial, helvetica, sans-serif; font-size: medium;\">Drehen danach noch unsere Abschiedsrunde durchs quirlige Kihei.<\/span><\/p>\n<p style=\"text-align: center;\"><span style=\"font-family: arial, helvetica, sans-serif; font-size: medium;\">Ab acht gibt es das Diner auf unserem geliebten Balkon.<\/span><\/p>\n<p style=\"text-align: center;\"><span style=\"font-family: arial, helvetica, sans-serif; font-size: medium;\">Leckere Mai Tais runden den erholsamen letzten Maui-Tag ab.<\/span><\/p>\n<p style=\"text-align: center;\"><span style=\"font-family: arial, helvetica, sans-serif; font-size: medium;\">Morgen wechseln wir nach Big Island.<\/span><\/p>\n<p style=\"text-align: center;\"><span style=\"font-family: arial, helvetica, sans-serif; font-size: medium;\">Um zehn werden die Wecker gestellt und wir verkr\u00fcmeln uns in die Betten.<\/span><\/p>\n<p style=\"text-align: center;\"><span style=\"font-family: arial, helvetica, sans-serif; font-size: medium;\">\u00a0<\/span><\/p>\n<p style=\"text-align: center;\"><span style=\"font-family: arial, helvetica, sans-serif; font-size: medium;\">Gefahrene Meilen \/ Kilometer: 72 \/ 116<\/span><\/p>\n<p style=\"text-align: center;\"><span style=\"font-family: arial, helvetica, sans-serif; font-size: medium;\">\u00a0<\/span><\/p>\n<p style=\"text-align: center;\"><span style=\"font-family: arial, helvetica, sans-serif; font-size: medium;\">Unterkunft: <a href=\"http:\/\/www.homeaway.com\/vacation-rental\/p299189?cid=E_inquiryconfirmation_DB_T_20120411_propid_text_LOTH_2\" target=\"_blank\" rel=\"noopener noreferrer\">Garden Estate<\/a>, Kihei, Maui, Hawaii &#8211; 90$ ***<\/span><\/p>\n<p style=\"text-align: center;\"><span style=\"font-family: arial, helvetica, sans-serif; font-size: medium;\">\u00a0<\/span><\/p>\n<p style=\"text-align: center;\"><span style=\"font-family: arial, helvetica, sans-serif; font-size: medium;\"><img decoding=\"async\" class=\" size-full wp-image-1914\" title=\"Hawaii Islands\" src=\"https:\/\/welcome-ontour.de\/wordpress\/wp-content\/uploads\/2012\/12\/phoca_thumb_l_05-hawaiiislands.png\" width=\"200\" height=\"153\" border=\"0\" \/><\/span><\/p>\n<p style=\"text-align: center;\"><span style=\"font-family: arial, helvetica, sans-serif; font-size: medium;\"><span style=\"font-size: small;\"><a href=\"https:\/\/welcome-ontour.de\/wordpress\/index.php\/2012-10-05\/\">&lt; Zur\u00fcck<\/a>\u00a0 \u00a0 \u00a0 \u00a0 \u00a0 \u00a0 \u00a0 \u00a0 \u00a0 \u00a0 \u00a0 \u00a0 \u00a0 \u00a0 \u00a0 \u00a0 \u00a0 \u00a0 \u00a0 \u00a0 \u00a0 \u00a0 \u00a0 \u00a0 \u00a0 \u00a0 \u00a0 \u00a0 \u00a0 \u00a0 \u00a0 \u00a0 \u00a0 \u00a0 \u00a0 \u00a0 \u00a0 \u00a0 \u00a0 \u00a0 \u00a0 \u00a0 \u00a0 \u00a0 \u00a0 \u00a0 \u00a0 \u00a0 \u00a0 \u00a0 \u00a0 \u00a0 \u00a0 \u00a0 \u00a0 \u00a0 \u00a0 \u00a0 \u00a0 \u00a0 \u00a0 \u00a0 \u00a0 \u00a0 \u00a0 \u00a0 \u00a0 \u00a0 \u00a0 \u00a0 \u00a0 \u00a0 \u00a0 \u00a0 \u00a0 \u00a0 \u00a0 \u00a0 \u00a0 \u00a0 \u00a0 \u00a0 \u00a0 \u00a0 \u00a0 \u00a0 \u00a0 \u00a0 \u00a0 \u00a0 \u00a0 \u00a0 \u00a0 \u00a0 \u00a0 \u00a0 \u00a0 \u00a0 \u00a0 \u00a0 \u00a0 \u00a0 \u00a0\u00a0<a href=\"https:\/\/welcome-ontour.de\/wordpress\/index.php\/2012-10-07\/\">Weiter &gt;<\/a><\/span>\u00a0<\/span><\/p>\n","protected":false},"excerpt":{"rendered":"<p>prolog\u00a0&#8211;\u00a0hinflug\u00a0&#8211;\u00a0maui\u00a0&#8211;\u00a0big island\u00a0&#8211;\u00a0kauai\u00a0&#8211;\u00a0oahu\u00a0&#8211;\u00a0r\u00fcckflug\u00a0&#8211;\u00a0fazit &lt; Zur\u00fcck\u00a0 \u00a0 \u00a0 \u00a0 \u00a0 \u00a0 \u00a0 \u00a0 \u00a0 \u00a0 \u00a0 \u00a0 \u00a0 \u00a0 \u00a0 \u00a0 \u00a0 \u00a0 \u00a0 \u00a0 \u00a0 \u00a0 \u00a0 \u00a0 \u00a0 \u00a0 \u00a0 \u00a0 \u00a0 \u00a0 \u00a0 \u00a0 \u00a0 \u00a0 \u00a0 \u00a0 \u00a0 \u00a0 \u00a0 \u00a0 \u00a0 \u00a0 \u00a0 \u00a0 \u00a0 \u00a0 \u00a0 \u00a0 \u00a0 \u00a0 \u00a0 \u00a0 \u00a0 \u00a0 \u00a0 \u00a0 \u00a0 \u00a0 \u00a0 \u00a0 \u00a0 \u00a0 \u00a0 \u00a0 \u00a0 \u00a0 \u00a0 \u00a0 \u00a0 \u00a0 \u00a0 \u00a0 \u00a0 \u00a0 \u00a0 \u00a0 \u00a0 \u00a0 \u00a0 \u00a0 \u00a0 \u00a0 \u00a0 \u00a0 \u00a0 \u00a0 \u00a0 \u00a0 \u00a0 \u00a0 \u00a0 \u00a0 \u00a0 \u00a0 \u00a0 \u00a0 \u00a0 \u00a0 \u00a0 \u00a0 \u00a0 \u00a0 \u00a0\u00a0Weiter &gt; \u00a0 Sa 6.10.2012, 1.Woche, 4.Tag Maui (Lahaina) \u00a0 Schlafen bis sieben, es wird immer sp\u00e4ter. Breakfast gibt\u2019s wieder auf dem sonnigen Balkon, wir sind im Urlaub angekommen. Heute ist Relaxing angesagt. Wir fahren ganz gem\u00fctlich im offenen Formationsflug den Honoapiilani Highway an der Westk\u00fcste entlang. Herrliches Sommerwetter ist unser Begleiter. Vorbei an den unsch\u00f6nen Betonburgen von Kaanapali und Kapalua rauschen wir durch bis zum Fleming Beach Park. Es sind zwar rote Flaggen gehisst, aber die Rettungsschwimmer haben nichts gegen \u201ecareful swimming\u201c. Der Strand bietet saubere Restrooms, Umkleidekabinen, Strand-Duschen und schattige Abschnitte. Die Wellen sind etwa 2m hoch, aber selbst diese kleinen Teile hauen uns bereits um. \u00a0 \u00a0 Aus unserem Quartier haben wir zwei Buggy Boards mitgenommen. Macht Spa\u00df, mit den Dingern in den Wellen rumzuspielen. Nach ca. drei Stunden reicht\u2018s mit dem Beaching. \u00a0 \u00a0 Wir k\u00f6nnen die Tageszeit nur noch sch\u00e4tzen, seit heute fr\u00fch sind die Armbanduhren im Koffer. Next Stopp: L&amp;L BBQ in der Lahaina Cannery Mall. \u00a0 \u00a0\u00a0 \u00a0 Hier gibt es nebenbei die Samstags Show der Hula Keikis. Danach folgt ein ausgedehnter Bummel durch die Stores von Lahaina. \u00a0 \u00a0 \u00a0\u00a0 \u00a0 Abschlie\u00dfend besuchen wir den Wochenmarkt unter dem riesigen Banyan Tree. Auf der R\u00fcckfahrt stoppen wir am Whale Watching Overlook. \u00a0 \u00a0 \u00a0 Von dort gibt es auch einen sch\u00f6nen Blick nach S\u00fcden mit dem von Wolken ges\u00e4umten Haleakala Gipfel. \u00a0 \u00a0 Zum Sonnenuntergang fahren wir zum Kamaole Sands Beach. \u00a0 \u00a0 \u00a0 \u00a0 Drehen danach noch unsere Abschiedsrunde durchs quirlige Kihei. Ab acht gibt es das Diner auf unserem geliebten Balkon. Leckere Mai Tais runden den erholsamen letzten Maui-Tag ab. Morgen wechseln wir nach Big Island. Um zehn werden die Wecker gestellt und wir verkr\u00fcmeln uns in die Betten. \u00a0 Gefahrene Meilen \/ Kilometer: 72 \/ 116 \u00a0 Unterkunft: Garden Estate, Kihei, Maui, Hawaii &#8211; 90$ *** \u00a0 &lt; Zur\u00fcck\u00a0 \u00a0 \u00a0 \u00a0 \u00a0 \u00a0 \u00a0 \u00a0 \u00a0 \u00a0 \u00a0 \u00a0 \u00a0 \u00a0 \u00a0 \u00a0 \u00a0 \u00a0 \u00a0 \u00a0 \u00a0 \u00a0 \u00a0 \u00a0 \u00a0 \u00a0 \u00a0 \u00a0 \u00a0 \u00a0 \u00a0 \u00a0 \u00a0 \u00a0 \u00a0 \u00a0 \u00a0 \u00a0 \u00a0 \u00a0 \u00a0 \u00a0 \u00a0 \u00a0 \u00a0 \u00a0 \u00a0 \u00a0 \u00a0 \u00a0 \u00a0 \u00a0 \u00a0 \u00a0 \u00a0 \u00a0 \u00a0 \u00a0 \u00a0 \u00a0 \u00a0 \u00a0 \u00a0 \u00a0 \u00a0 \u00a0 \u00a0 \u00a0 \u00a0 \u00a0 \u00a0 \u00a0 \u00a0 \u00a0 \u00a0 \u00a0 \u00a0 \u00a0 \u00a0 \u00a0 \u00a0 \u00a0 \u00a0 \u00a0 \u00a0 \u00a0 \u00a0 \u00a0 \u00a0 \u00a0 \u00a0 \u00a0 \u00a0 \u00a0 \u00a0 \u00a0 \u00a0 \u00a0 \u00a0 \u00a0 \u00a0 \u00a0 \u00a0\u00a0Weiter &gt;\u00a0<\/p>\n","protected":false},"author":1,"featured_media":1995,"parent":0,"menu_order":17,"comment_status":"closed","ping_status":"closed","template":"","meta":{"footnotes":""},"class_list":["post-2017","page","type-page","status-publish","has-post-thumbnail","hentry"],"_links":{"self":[{"href":"https:\/\/welcome-ontour.de\/wordpress\/index.php\/wp-json\/wp\/v2\/pages\/2017","targetHints":{"allow":["GET"]}}],"collection":[{"href":"https:\/\/welcome-ontour.de\/wordpress\/index.php\/wp-json\/wp\/v2\/pages"}],"about":[{"href":"https:\/\/welcome-ontour.de\/wordpress\/index.php\/wp-json\/wp\/v2\/types\/page"}],"author":[{"embeddable":true,"href":"https:\/\/welcome-ontour.de\/wordpress\/index.php\/wp-json\/wp\/v2\/users\/1"}],"replies":[{"embeddable":true,"href":"https:\/\/welcome-ontour.de\/wordpress\/index.php\/wp-json\/wp\/v2\/comments?post=2017"}],"version-history":[{"count":1,"href":"https:\/\/welcome-ontour.de\/wordpress\/index.php\/wp-json\/wp\/v2\/pages\/2017\/revisions"}],"predecessor-version":[{"id":3052,"href":"https:\/\/welcome-ontour.de\/wordpress\/index.php\/wp-json\/wp\/v2\/pages\/2017\/revisions\/3052"}],"wp:featuredmedia":[{"embeddable":true,"href":"https:\/\/welcome-ontour.de\/wordpress\/index.php\/wp-json\/wp\/v2\/media\/1995"}],"wp:attachment":[{"href":"https:\/\/welcome-ontour.de\/wordpress\/index.php\/wp-json\/wp\/v2\/media?parent=2017"}],"curies":[{"name":"wp","href":"https:\/\/api.w.org\/{rel}","templated":true}]}}