{"id":20115,"date":"2023-02-14T11:04:44","date_gmt":"2023-02-14T11:04:44","guid":{"rendered":"https:\/\/welcome-ontour.de\/wordpress\/?page_id=20115"},"modified":"2025-09-02T08:52:31","modified_gmt":"2025-09-02T08:52:31","slug":"2023-09-12","status":"publish","type":"page","link":"https:\/\/welcome-ontour.de\/wordpress\/index.php\/2023-09-12\/","title":{"rendered":"2023 09 12 prolog"},"content":{"rendered":"<p style=\"text-align: center;\"><span style=\"font-family: arial, helvetica, sans-serif; font-size: 8pt; color: #000000;\"><a style=\"color: #000000;\" href=\"https:\/\/welcome-ontour.de\/wordpress\/index.php\/2023-09-12\">Prolog<\/a>\u00a0 \u00a0 \u00a0<a style=\"color: #000000;\" href=\"https:\/\/welcome-ontour.de\/wordpress\/index.php\/2023-09-13\">Anreise<\/a>\u00a0 \u00a0 \u00a0<a style=\"color: #000000;\" href=\"https:\/\/welcome-ontour.de\/wordpress\/index.php\/2023-09-14\">Mojave<\/a>\u00a0 \u00a0 \u00a0<a style=\"color: #000000;\" href=\"https:\/\/welcome-ontour.de\/wordpress\/index.php\/2023-09-17\">Las Vegas<\/a>\u00a0 \u00a0 \u00a0<a style=\"color: #000000;\" href=\"https:\/\/welcome-ontour.de\/wordpress\/index.php\/2023-09-18\">St. George<\/a>\u00a0 \u00a0 \u00a0<a style=\"color: #000000;\" href=\"https:\/\/welcome-ontour.de\/wordpress\/index.php\/2023-09-21\">Bryce<\/a>\u00a0 \u00a0 \u00a0<a style=\"color: #000000;\" href=\"https:\/\/welcome-ontour.de\/wordpress\/index.php\/2023-09-22\">Escalante<\/a><\/span><\/p>\n<p style=\"text-align: center;\"><span style=\"font-size: 8pt; color: #000000;\"><span style=\"font-family: arial, helvetica, sans-serif;\"><a style=\"color: #000000;\" href=\"https:\/\/welcome-ontour.de\/wordpress\/index.php\/2023-09-24\">Capitol Reef<\/a>\u00a0 \u00a0 \u00a0<\/span><span style=\"font-family: arial, helvetica, sans-serif;\"><a style=\"color: #000000;\" href=\"https:\/\/welcome-ontour.de\/wordpress\/index.php\/2023-09-25\">Cathedral Valley<\/a>\u00a0 \u00a0 \u00a0<\/span><span style=\"font-family: arial, helvetica, sans-serif;\"><a style=\"color: #000000;\" href=\"https:\/\/welcome-ontour.de\/wordpress\/index.php\/2023-09-27\">Sedona<\/a>\u00a0 \u00a0 \u00a0<a style=\"color: #000000;\" href=\"https:\/\/welcome-ontour.de\/wordpress\/index.php\/2023-09-30\">Palm Desert<\/a>\u00a0 \u00a0 \u00a0<a style=\"color: #000000;\" href=\"https:\/\/welcome-ontour.de\/wordpress\/index.php\/2023-10-04\">Laguna Beach<\/a>\u00a0 \u00a0 \u00a0<a style=\"color: #000000;\" href=\"https:\/\/welcome-ontour.de\/wordpress\/index.php\/2023-10-06\">Abreise<\/a>\u00a0 \u00a0 \u00a0<a style=\"color: #000000;\" href=\"https:\/\/welcome-ontour.de\/wordpress\/index.php\/2023-10-08\">Fazit<\/a>\u00a0 \u00a0 \u00a0<\/span><\/span><\/p>\n<p style=\"text-align: center;\"><span style=\"font-size: 8pt; color: #000000;\"><span style=\"font-family: arial, helvetica, sans-serif;\">\u00a0<\/span><\/span><\/p>\n<p style=\"text-align: right;\"><span style=\"color: #000000;\"><a style=\"color: #000000;\" href=\"https:\/\/welcome-ontour.de\/wordpress\/index.php\/reiseberichte\/\"><img decoding=\"async\" class=\"alignleft wp-image-20570\" src=\"https:\/\/welcome-ontour.de\/wordpress\/wp-content\/uploads\/2023\/10\/2023-09-12-02.jpg\" alt=\"\" width=\"44\" height=\"40\" \/><\/a> <a style=\"color: #000000;\" href=\"https:\/\/welcome-ontour.de\/wordpress\/index.php\/2023-09-13\"><img decoding=\"async\" class=\"alignright wp-image-20571\" src=\"https:\/\/welcome-ontour.de\/wordpress\/wp-content\/uploads\/2023\/10\/2023-09-12-03.jpg\" alt=\"\" width=\"44\" height=\"40\" \/><\/a><\/span><\/p>\n<p>&nbsp;<\/p>\n<p style=\"text-align: center;\"><span style=\"color: #000000;\"><strong><span style=\"font-family: arial, helvetica, sans-serif; font-size: 24pt;\">Back Where It All Begins<\/span><\/strong><\/span><\/p>\n<p>&nbsp;<\/p>\n<p style=\"text-align: center;\"><span style=\"font-family: arial, helvetica, sans-serif; font-size: 12pt; color: #000000;\"><strong><span style=\"font-size: 18pt;\">Southwest 2023<\/span><\/strong><\/span><\/p>\n<p>&nbsp;<\/p>\n<p style=\"text-align: center;\"><span style=\"font-family: arial, helvetica, sans-serif; font-size: 12pt; color: #000000;\"><a style=\"color: #000000;\" href=\"https:\/\/welcome-ontour.de\/wordpress\/wp-content\/uploads\/2023\/10\/2023-09-12-01.jpg\" target=\"_blank\" rel=\"noopener\"><img decoding=\"async\" class=\"aligncenter wp-image-20558\" src=\"https:\/\/welcome-ontour.de\/wordpress\/wp-content\/uploads\/2023\/10\/2023-09-12-01-300x84.jpg\" alt=\"\" width=\"810\" height=\"226\" srcset=\"https:\/\/welcome-ontour.de\/wordpress\/wp-content\/uploads\/2023\/10\/2023-09-12-01-300x84.jpg 300w, https:\/\/welcome-ontour.de\/wordpress\/wp-content\/uploads\/2023\/10\/2023-09-12-01-700x195.jpg 700w, https:\/\/welcome-ontour.de\/wordpress\/wp-content\/uploads\/2023\/10\/2023-09-12-01-768x214.jpg 768w, https:\/\/welcome-ontour.de\/wordpress\/wp-content\/uploads\/2023\/10\/2023-09-12-01-1536x428.jpg 1536w, https:\/\/welcome-ontour.de\/wordpress\/wp-content\/uploads\/2023\/10\/2023-09-12-01-1140x318.jpg 1140w, https:\/\/welcome-ontour.de\/wordpress\/wp-content\/uploads\/2023\/10\/2023-09-12-01.jpg 1606w\" sizes=\"(max-width: 810px) 100vw, 810px\" \/><\/a><\/span><\/p>\n<p>&nbsp;<\/p>\n<p style=\"text-align: center;\"><span style=\"font-family: arial, helvetica, sans-serif; color: #000000;\"><strong><span style=\"font-size: 14pt;\">Prolog<\/span><\/strong><\/span><\/p>\n<p style=\"text-align: center;\"><span style=\"font-family: arial, helvetica, sans-serif; font-size: 12pt; color: #000000;\">Es f\u00e4ngt damit an, dass KLM uns Dreamliner Werbung schickt.<\/span><\/p>\n<p style=\"text-align: center;\"><span style=\"font-family: arial, helvetica, sans-serif; font-size: 12pt; color: #000000;\">Die niederl\u00e4ndische Staats-Airline hat neue Langstreckenflugzeuge von Boeing gekauft.<\/span><\/p>\n<p style=\"text-align: center;\"><span style=\"font-family: arial, helvetica, sans-serif; font-size: 12pt; color: #000000;\">Die 787-10 der neuesten Generation werden u.a. auf Strecken nach Nordamerika eingesetzt.<\/span><\/p>\n<p style=\"text-align: center;\"><span style=\"font-family: arial, helvetica, sans-serif; font-size: 12pt; color: #000000;\">Eine Reise mit Start und Ziel in Kalifornien k\u00f6nnen wir uns gut vorstellen.<\/span><\/p>\n<p style=\"text-align: center;\"><span style=\"font-size: 12pt; font-family: arial, helvetica, sans-serif; color: #000000;\">So wie bei unseren ersten Reisen, als wir unsere US-Touren oft an der Westk\u00fcste gestartet haben.<\/span><\/p>\n<p style=\"text-align: center;\"><span style=\"font-family: arial, helvetica, sans-serif; font-size: 12pt; color: #000000;\">Und so z\u00f6gern wir nicht lange und buchen Fl\u00fcge nach Los Angeles.<\/span><\/p>\n<p style=\"text-align: center;\">\u00a0<\/p>\n<p style=\"text-align: center;\"><span style=\"font-family: arial, helvetica, sans-serif; font-size: 12pt; color: #000000;\"><a style=\"color: #000000;\" href=\"https:\/\/welcome-ontour.de\/wordpress\/wp-content\/uploads\/2023\/10\/2023-09-12-04.jpg\" target=\"_blank\" rel=\"noopener\"><img decoding=\"async\" class=\"wp-image-20572 size-large aligncenter\" src=\"https:\/\/welcome-ontour.de\/wordpress\/wp-content\/uploads\/2023\/10\/2023-09-12-04-700x603.jpg\" alt=\"\" width=\"700\" height=\"603\" srcset=\"https:\/\/welcome-ontour.de\/wordpress\/wp-content\/uploads\/2023\/10\/2023-09-12-04-700x603.jpg 700w, https:\/\/welcome-ontour.de\/wordpress\/wp-content\/uploads\/2023\/10\/2023-09-12-04-300x258.jpg 300w, https:\/\/welcome-ontour.de\/wordpress\/wp-content\/uploads\/2023\/10\/2023-09-12-04-768x661.jpg 768w, https:\/\/welcome-ontour.de\/wordpress\/wp-content\/uploads\/2023\/10\/2023-09-12-04.jpg 1086w\" sizes=\"(max-width: 700px) 100vw, 700px\" \/><\/a><\/span><\/p>\n<p style=\"text-align: center;\">\u00a0<\/p>\n<p style=\"text-align: center;\"><span style=\"font-family: arial, helvetica, sans-serif; font-size: 12pt; color: #000000;\">Reisezeit September\/Oktober, wenn es hier so langsam ungem\u00fctlich wird.<\/span><\/p>\n<p style=\"text-align: center;\"><span style=\"font-family: arial, helvetica, sans-serif; font-size: 12pt; color: #000000;\">Die Angebotspreise gelten auch f\u00fcr die neue Premium Comfort Klasse.<\/span><\/p>\n<p style=\"text-align: center;\"><span style=\"font-family: arial, helvetica, sans-serif; font-size: 12pt; color: #000000;\">Also geht es auf bequemen gro\u00dfen Sesseln im Sp\u00e4tsommer f\u00fcr 3,5 Wochen in den S\u00fcdwesten der USA.<\/span><\/p>\n<p style=\"text-align: center;\"><span style=\"font-family: arial, helvetica, sans-serif; font-size: 12pt; color: #000000;\">Ein Roadtrip mit vielen interessanten Zielen ist schnell erstellt.<\/span><\/p>\n<p style=\"text-align: center;\"><span style=\"font-family: arial, helvetica, sans-serif; font-size: 12pt; color: #000000;\">Die Tour wird uns durch Kalifornien, Nevada, Utah und Arizona f\u00fchren.<\/span><\/p>\n<p style=\"text-align: center;\">\u00a0<\/p>\n<p style=\"text-align: center;\"><span style=\"font-family: arial, helvetica, sans-serif; font-size: 12pt; color: #000000;\"><a style=\"color: #000000;\" href=\"https:\/\/welcome-ontour.de\/wordpress\/wp-content\/uploads\/2023\/10\/2023-09-12-05.jpg\" target=\"_blank\" rel=\"noopener\"><img decoding=\"async\" class=\"wp-image-20573 size-large aligncenter\" src=\"https:\/\/welcome-ontour.de\/wordpress\/wp-content\/uploads\/2023\/10\/2023-09-12-05-700x460.jpg\" alt=\"\" width=\"700\" height=\"460\" srcset=\"https:\/\/welcome-ontour.de\/wordpress\/wp-content\/uploads\/2023\/10\/2023-09-12-05-700x460.jpg 700w, https:\/\/welcome-ontour.de\/wordpress\/wp-content\/uploads\/2023\/10\/2023-09-12-05-300x197.jpg 300w, https:\/\/welcome-ontour.de\/wordpress\/wp-content\/uploads\/2023\/10\/2023-09-12-05-768x505.jpg 768w, https:\/\/welcome-ontour.de\/wordpress\/wp-content\/uploads\/2023\/10\/2023-09-12-05-1140x749.jpg 1140w, https:\/\/welcome-ontour.de\/wordpress\/wp-content\/uploads\/2023\/10\/2023-09-12-05-500x330.jpg 500w, https:\/\/welcome-ontour.de\/wordpress\/wp-content\/uploads\/2023\/10\/2023-09-12-05.jpg 1266w\" sizes=\"(max-width: 700px) 100vw, 700px\" \/><\/a><\/span><\/p>\n<p style=\"text-align: center;\">\u00a0<\/p>\n<p style=\"text-align: center;\"><span style=\"font-family: arial, helvetica, sans-serif; font-size: 12pt; color: #000000;\">Wunschquartiere wandern eines nach dem anderen auf unsere Hotelliste.<\/span><\/p>\n<p style=\"text-align: center;\"><span style=\"font-family: arial, helvetica, sans-serif; font-size: 12pt; color: #000000;\">Der passende Mietwagen bereitet anfangs noch Kopfschmerzen.<\/span><\/p>\n<p style=\"text-align: center;\"><span style=\"font-family: arial, helvetica, sans-serif; font-size: 12pt; color: #000000;\">Aber nach und nach purzeln die Preise und so ist zum Schluss sogar ein gro\u00dfer Truck g\u00fcnstig zu bekommen.<\/span><\/p>\n<p style=\"text-align: center;\"><span style=\"font-family: arial, helvetica, sans-serif; font-size: 12pt; color: #000000;\">Vor Abreise erledige ich den Online Check In bei der Fluggesellschaft.<\/span><\/p>\n<p style=\"text-align: center;\"><span style=\"font-family: arial, helvetica, sans-serif; font-size: 12pt; color: #000000;\">Klappt ebenso problemlos wie das Skip-The-Counter Procedere beim Mietwagenanbieter.<\/span><\/p>\n<p style=\"text-align: center;\"><span style=\"font-family: arial, helvetica, sans-serif; font-size: 12pt; color: #000000;\">Besonders letzteres erleichtert die Fahrzeug\u00fcbernahme bei Alamo erheblich.<\/span><\/p>\n<p style=\"text-align: center;\"><span style=\"font-family: arial, helvetica, sans-serif; font-size: 12pt; color: #000000;\">Abends hei\u00dft es dann Klamotten in die Trolleys.<\/span><\/p>\n<p style=\"text-align: center;\"><span style=\"color: #000000;\"><span style=\"font-family: arial, helvetica, sans-serif; font-size: 12pt;\">Obwohl wir aufgrund unserer Buchungsklasse pro Person zwei Aufgabekoffer <\/span><span style=\"font-family: arial, helvetica, sans-serif; font-size: 12pt;\">und<\/span><\/span><\/p>\n<p style=\"text-align: center;\"><span style=\"font-family: arial, helvetica, sans-serif; font-size: 12pt; color: #000000;\">zwei Handgep\u00e4ckst\u00fccke inklusive haben, reisen wir jeder lediglich mit einem Kabinentrolley.<\/span><\/p>\n<p style=\"text-align: center;\"><span style=\"font-family: arial, helvetica, sans-serif; font-size: 12pt; color: #000000;\">Das reicht uns v\u00f6llig aus.<\/span><\/p>\n<p style=\"text-align: center;\"><span style=\"font-family: arial, helvetica, sans-serif; font-size: 12pt; color: #000000;\">Wecker auf 2 Uhr nachts und ab ins Bett.<\/span><\/p>\n<p style=\"text-align: center;\">\u00a0<\/p>\n<p style=\"text-align: center;\"><span style=\"color: #000000;\"><img decoding=\"async\" class=\"wp-image-21607 aligncenter\" src=\"https:\/\/welcome-ontour.de\/wordpress\/wp-content\/uploads\/2024\/01\/2023-09-12-06a-300x164.jpg\" alt=\"\" width=\"250\" height=\"136\" srcset=\"https:\/\/welcome-ontour.de\/wordpress\/wp-content\/uploads\/2024\/01\/2023-09-12-06a-300x164.jpg 300w, https:\/\/welcome-ontour.de\/wordpress\/wp-content\/uploads\/2024\/01\/2023-09-12-06a.jpg 504w\" sizes=\"(max-width: 250px) 100vw, 250px\" \/><\/span><\/p>\n<p style=\"text-align: right;\"><span style=\"color: #000000;\"><a style=\"color: #000000;\" href=\"https:\/\/welcome-ontour.de\/wordpress\/index.php\/reiseberichte\/\"><img decoding=\"async\" class=\"alignleft wp-image-20570\" src=\"https:\/\/welcome-ontour.de\/wordpress\/wp-content\/uploads\/2023\/10\/2023-09-12-02.jpg\" alt=\"\" width=\"44\" height=\"40\" \/><\/a> <a style=\"color: #000000;\" href=\"https:\/\/welcome-ontour.de\/wordpress\/index.php\/2023-09-13\"><img decoding=\"async\" class=\"alignright wp-image-20571\" src=\"https:\/\/welcome-ontour.de\/wordpress\/wp-content\/uploads\/2023\/10\/2023-09-12-03.jpg\" alt=\"\" width=\"44\" height=\"40\" \/><\/a><\/span><\/p>\n<p>&nbsp;<\/p>\n<p>&nbsp;<\/p>\n","protected":false},"excerpt":{"rendered":"<p>Prolog\u00a0 \u00a0 \u00a0Anreise\u00a0 \u00a0 \u00a0Mojave\u00a0 \u00a0 \u00a0Las Vegas\u00a0 \u00a0 \u00a0St. George\u00a0 \u00a0 \u00a0Bryce\u00a0 \u00a0 \u00a0Escalante Capitol Reef\u00a0 \u00a0 \u00a0Cathedral Valley\u00a0 \u00a0 \u00a0Sedona\u00a0 \u00a0 \u00a0Palm Desert\u00a0 \u00a0 \u00a0Laguna Beach\u00a0 \u00a0 \u00a0Abreise\u00a0 \u00a0 \u00a0Fazit\u00a0 \u00a0 \u00a0 \u00a0 &nbsp; Back Where It All Begins &nbsp; Southwest 2023 &nbsp; &nbsp; Prolog Es f\u00e4ngt damit an, dass KLM uns Dreamliner Werbung schickt. Die niederl\u00e4ndische Staats-Airline hat neue Langstreckenflugzeuge von Boeing gekauft. Die 787-10 der neuesten Generation werden u.a. auf Strecken nach Nordamerika eingesetzt. Eine Reise mit Start und Ziel in Kalifornien k\u00f6nnen wir uns gut vorstellen. So wie bei unseren ersten Reisen, als wir unsere US-Touren oft an der Westk\u00fcste gestartet haben. Und so z\u00f6gern wir nicht lange und buchen Fl\u00fcge nach Los Angeles. \u00a0 \u00a0 Reisezeit September\/Oktober, wenn es hier so langsam ungem\u00fctlich wird. Die Angebotspreise gelten auch f\u00fcr die neue Premium Comfort Klasse. Also geht es auf bequemen gro\u00dfen Sesseln im Sp\u00e4tsommer f\u00fcr 3,5 Wochen in den S\u00fcdwesten der USA. Ein Roadtrip mit vielen interessanten Zielen ist schnell erstellt. Die Tour wird uns durch Kalifornien, Nevada, Utah und Arizona f\u00fchren. \u00a0 \u00a0 Wunschquartiere wandern eines nach dem anderen auf unsere Hotelliste. Der passende Mietwagen bereitet anfangs noch Kopfschmerzen. Aber nach und nach purzeln die Preise und so ist zum Schluss sogar ein gro\u00dfer Truck g\u00fcnstig zu bekommen. Vor Abreise erledige ich den Online Check In bei der Fluggesellschaft. Klappt ebenso problemlos wie das Skip-The-Counter Procedere beim Mietwagenanbieter. Besonders letzteres erleichtert die Fahrzeug\u00fcbernahme bei Alamo erheblich. Abends hei\u00dft es dann Klamotten in die Trolleys. Obwohl wir aufgrund unserer Buchungsklasse pro Person zwei Aufgabekoffer und zwei Handgep\u00e4ckst\u00fccke inklusive haben, reisen wir jeder lediglich mit einem Kabinentrolley. Das reicht uns v\u00f6llig aus. Wecker auf 2 Uhr nachts und ab ins Bett. \u00a0 &nbsp; &nbsp;<\/p>\n","protected":false},"author":1,"featured_media":0,"parent":0,"menu_order":0,"comment_status":"closed","ping_status":"closed","template":"","meta":{"footnotes":""},"class_list":["post-20115","page","type-page","status-publish","hentry"],"_links":{"self":[{"href":"https:\/\/welcome-ontour.de\/wordpress\/index.php\/wp-json\/wp\/v2\/pages\/20115","targetHints":{"allow":["GET"]}}],"collection":[{"href":"https:\/\/welcome-ontour.de\/wordpress\/index.php\/wp-json\/wp\/v2\/pages"}],"about":[{"href":"https:\/\/welcome-ontour.de\/wordpress\/index.php\/wp-json\/wp\/v2\/types\/page"}],"author":[{"embeddable":true,"href":"https:\/\/welcome-ontour.de\/wordpress\/index.php\/wp-json\/wp\/v2\/users\/1"}],"replies":[{"embeddable":true,"href":"https:\/\/welcome-ontour.de\/wordpress\/index.php\/wp-json\/wp\/v2\/comments?post=20115"}],"version-history":[{"count":31,"href":"https:\/\/welcome-ontour.de\/wordpress\/index.php\/wp-json\/wp\/v2\/pages\/20115\/revisions"}],"predecessor-version":[{"id":21609,"href":"https:\/\/welcome-ontour.de\/wordpress\/index.php\/wp-json\/wp\/v2\/pages\/20115\/revisions\/21609"}],"wp:attachment":[{"href":"https:\/\/welcome-ontour.de\/wordpress\/index.php\/wp-json\/wp\/v2\/media?parent=20115"}],"curies":[{"name":"wp","href":"https:\/\/api.w.org\/{rel}","templated":true}]}}