{"id":20112,"date":"2023-02-14T11:03:46","date_gmt":"2023-02-14T11:03:46","guid":{"rendered":"https:\/\/welcome-ontour.de\/wordpress\/?page_id=20112"},"modified":"2025-09-04T14:25:18","modified_gmt":"2025-09-04T14:25:18","slug":"2023-05-16","status":"publish","type":"page","link":"https:\/\/welcome-ontour.de\/wordpress\/index.php\/2023-05-16\/","title":{"rendered":"2023 05 16 prolog"},"content":{"rendered":"<p style=\"text-align: center;\"><span style=\"font-size: 8pt; font-family: arial, helvetica, sans-serif; color: #000000;\"><a style=\"color: #000000;\" href=\"https:\/\/welcome-ontour.de\/wordpress\/index.php\/2023-05-16\">Prolog<\/a>\u00a0 \u00a0 \u00a0<a style=\"color: #000000;\" href=\"https:\/\/welcome-ontour.de\/wordpress\/index.php\/2023-05-17\">Anreise<\/a>\u00a0 \u00a0 \u00a0<a style=\"color: #000000;\" href=\"https:\/\/welcome-ontour.de\/wordpress\/index.php\/2023-05-19\">Melbourne Beach<\/a>\u00a0 \u00a0 \u00a0<a style=\"color: #000000;\" href=\"https:\/\/welcome-ontour.de\/wordpress\/index.php\/2023-05-20\">Kennedy Space Center<\/a>\u00a0 \u00a0 \u00a0<a style=\"color: #000000;\" href=\"https:\/\/welcome-ontour.de\/wordpress\/index.php\/2023-05-21\">St. Augustine<\/a>\u00a0 \u00a0 \u00a0<a style=\"color: #000000;\" href=\"https:\/\/welcome-ontour.de\/wordpress\/index.php\/2023-05-22\">Jekyll Island<\/a>\u00a0 \u00a0 \u00a0<a style=\"color: #000000;\" href=\"https:\/\/welcome-ontour.de\/wordpress\/index.php\/2023-05-23\">Savannah<\/a>\u00a0 \u00a0 \u00a0<a style=\"color: #000000;\" href=\"https:\/\/welcome-ontour.de\/wordpress\/index.php\/2023-05-25\">Hilton Head<\/a>\u00a0 \u00a0 \u00a0<a style=\"color: #000000;\" href=\"https:\/\/welcome-ontour.de\/wordpress\/index.php\/2023-05-26\">Boone Hill<\/a>\u00a0 \u00a0 \u00a0<a style=\"color: #000000;\" href=\"https:\/\/welcome-ontour.de\/wordpress\/index.php\/2023-05-27\">Macon<\/a>\u00a0 \u00a0 \u00a0<a style=\"color: #000000;\" href=\"https:\/\/welcome-ontour.de\/wordpress\/index.php\/2023-05-29\">Providence Canyon<\/a><\/span><\/p>\n<p style=\"text-align: center;\"><span style=\"font-size: 8pt; font-family: arial, helvetica, sans-serif; color: #000000;\">\u00a0 \u00a0 \u00a0<a style=\"color: #000000;\" href=\"https:\/\/welcome-ontour.de\/wordpress\/index.php\/2023-05-30\">Panama City<\/a>\u00a0 \u00a0 \u00a0<a style=\"color: #000000;\" href=\"https:\/\/welcome-ontour.de\/wordpress\/index.php\/2023-05-31\">Forgotten Coast<\/a>\u00a0 \u00a0 \u00a0<a style=\"color: #000000;\" href=\"https:\/\/welcome-ontour.de\/wordpress\/index.php\/2023-06-01\">Ocala<\/a>\u00a0 \u00a0 \u00a0<a style=\"color: #000000;\" href=\"https:\/\/welcome-ontour.de\/wordpress\/index.php\/2023-06-03\">Tarpon Springs<\/a>\u00a0 \u00a0 \u00a0<a style=\"color: #000000;\" href=\"https:\/\/welcome-ontour.de\/wordpress\/index.php\/2023-06-04\">Anna Maria Island<\/a>\u00a0 \u00a0 \u00a0<a style=\"color: #000000;\" href=\"https:\/\/welcome-ontour.de\/wordpress\/index.php\/2023-06-05\">Manasota Key<\/a>\u00a0 \u00a0 \u00a0<a style=\"color: #000000;\" href=\"https:\/\/welcome-ontour.de\/wordpress\/index.php\/2023-06-06\">Punta Gorda<\/a>\u00a0 \u00a0 \u00a0<a style=\"color: #000000;\" href=\"https:\/\/welcome-ontour.de\/wordpress\/index.php\/2023-06-07\">Abreise<\/a>\u00a0 \u00a0 \u00a0<a style=\"color: #000000;\" href=\"https:\/\/welcome-ontour.de\/wordpress\/index.php\/2023-06-09\">Fazit<\/a><\/span><\/p>\n<p style=\"text-align: center;\"><span style=\"font-family: arial, helvetica, sans-serif; font-size: 12pt; color: #000000;\"><a style=\"color: #000000;\" href=\"https:\/\/welcome-ontour.de\/wordpress\/index.php\/reiseberichte\/\"><img decoding=\"async\" class=\"alignleft wp-image-20537\" title=\"Alle Reiseberichte\" src=\"https:\/\/welcome-ontour.de\/wordpress\/wp-content\/uploads\/2023\/09\/2023-05-16-02.jpg\" alt=\"\" width=\"44\" height=\"40\" \/><\/a> <a style=\"color: #000000;\" href=\"https:\/\/welcome-ontour.de\/wordpress\/index.php\/2023-05-17\"><img decoding=\"async\" class=\"alignright wp-image-20538\" title=\"Vor\" src=\"https:\/\/welcome-ontour.de\/wordpress\/wp-content\/uploads\/2023\/09\/2023-05-16-03.jpg\" alt=\"\" width=\"43\" height=\"40\" \/><\/a><\/span><\/p>\n<p>&nbsp;<\/p>\n<p style=\"text-align: center;\"><span style=\"font-size: 24pt; color: #000000;\"><strong><span style=\"font-family: arial, helvetica, sans-serif;\">Southern Comfort<\/span><\/strong><\/span><\/p>\n<p>&nbsp;<\/p>\n<p style=\"text-align: center;\"><span style=\"color: #000000;\"><strong><span style=\"font-family: arial, helvetica, sans-serif; font-size: 18pt;\">USA 2023<\/span><\/strong><\/span><\/p>\n<p>&nbsp;<\/p>\n<p style=\"text-align: center;\"><span style=\"font-family: arial, helvetica, sans-serif; font-size: 12pt; color: #000000;\"><a style=\"color: #000000;\" href=\"https:\/\/welcome-ontour.de\/wordpress\/wp-content\/uploads\/2023\/09\/2023-05-16-01.jpg\" target=\"_blank\" rel=\"noopener\"><img decoding=\"async\" class=\"wp-image-20532 aligncenter\" src=\"https:\/\/welcome-ontour.de\/wordpress\/wp-content\/uploads\/2023\/09\/2023-05-16-01-300x172.jpg\" alt=\"\" width=\"810\" height=\"464\" srcset=\"https:\/\/welcome-ontour.de\/wordpress\/wp-content\/uploads\/2023\/09\/2023-05-16-01-300x172.jpg 300w, https:\/\/welcome-ontour.de\/wordpress\/wp-content\/uploads\/2023\/09\/2023-05-16-01-700x401.jpg 700w, https:\/\/welcome-ontour.de\/wordpress\/wp-content\/uploads\/2023\/09\/2023-05-16-01-768x440.jpg 768w, https:\/\/welcome-ontour.de\/wordpress\/wp-content\/uploads\/2023\/09\/2023-05-16-01-1536x881.jpg 1536w, https:\/\/welcome-ontour.de\/wordpress\/wp-content\/uploads\/2023\/09\/2023-05-16-01-1140x654.jpg 1140w, https:\/\/welcome-ontour.de\/wordpress\/wp-content\/uploads\/2023\/09\/2023-05-16-01.jpg 1610w\" sizes=\"(max-width: 810px) 100vw, 810px\" \/><\/a><\/span><\/p>\n<p>&nbsp;<\/p>\n<p style=\"text-align: center;\"><span style=\"color: #000000;\"><strong><span style=\"font-family: arial, helvetica, sans-serif; font-size: 14pt;\">Prolog<\/span><\/strong><\/span><\/p>\n<p>&nbsp;<\/p>\n<p style=\"text-align: center;\"><span style=\"font-family: arial, helvetica, sans-serif; font-size: 12pt; color: #000000;\">Im Januar 2023 hab ich Post von Air France im Email Eingang.<\/span><\/p>\n<p style=\"text-align: center;\"><span style=\"font-family: arial, helvetica, sans-serif; font-size: 12pt; color: #000000;\">Angebotsfl\u00fcge im Fr\u00fchsommer zu verschiedenen Zielen in Nordamerika ab 400 Euro.<\/span><\/p>\n<p style=\"text-align: center;\"><span style=\"font-family: arial, helvetica, sans-serif; font-size: 12pt; color: #000000;\">Eine Tour durch die S\u00fcdstaaten haben wir schon lange im Hinterkopf.<\/span><\/p>\n<p style=\"text-align: center;\"><span style=\"font-family: arial, helvetica, sans-serif; font-size: 12pt; color: #000000;\">Neuerdings bucht man keine Fl\u00fcge, ohne vorher die Mietwagenpreise am Ankunftsort zu pr\u00fcfen.<\/span><\/p>\n<p style=\"text-align: center;\"><span style=\"font-family: arial, helvetica, sans-serif; font-size: 12pt; color: #000000;\">Und da sind s\u00e4mtliche in Frage kommenden Airports der Region aus dem Raster gefallen.<\/span><\/p>\n<p style=\"text-align: center;\"><span style=\"font-family: arial, helvetica, sans-serif; font-size: 12pt; color: #000000;\">Wir haben keine Lust, f\u00fcr 3 Wochen Midsize SUV 2000 Euro hinzubl\u00e4ttern.<\/span><\/p>\n<p style=\"text-align: center;\"><span style=\"font-family: arial, helvetica, sans-serif; font-size: 12pt; color: #000000;\">Einzige brauchbare Alternative war Start\/Ziel Miami.<\/span><\/p>\n<p>&nbsp;<\/p>\n<p style=\"text-align: center;\"><span style=\"font-family: arial, helvetica, sans-serif; font-size: 12pt; color: #000000;\"><a style=\"color: #000000;\" href=\"https:\/\/welcome-ontour.de\/wordpress\/wp-content\/uploads\/2023\/09\/2023-05-16-04.jpg\" target=\"_blank\" rel=\"noopener\"><img decoding=\"async\" class=\"wp-image-20539 aligncenter\" src=\"https:\/\/welcome-ontour.de\/wordpress\/wp-content\/uploads\/2023\/09\/2023-05-16-04-300x116.jpg\" alt=\"\" width=\"810\" height=\"313\" srcset=\"https:\/\/welcome-ontour.de\/wordpress\/wp-content\/uploads\/2023\/09\/2023-05-16-04-300x116.jpg 300w, https:\/\/welcome-ontour.de\/wordpress\/wp-content\/uploads\/2023\/09\/2023-05-16-04-700x270.jpg 700w, https:\/\/welcome-ontour.de\/wordpress\/wp-content\/uploads\/2023\/09\/2023-05-16-04-768x297.jpg 768w, https:\/\/welcome-ontour.de\/wordpress\/wp-content\/uploads\/2023\/09\/2023-05-16-04-1536x593.jpg 1536w, https:\/\/welcome-ontour.de\/wordpress\/wp-content\/uploads\/2023\/09\/2023-05-16-04-1140x440.jpg 1140w, https:\/\/welcome-ontour.de\/wordpress\/wp-content\/uploads\/2023\/09\/2023-05-16-04.jpg 1610w\" sizes=\"(max-width: 810px) 100vw, 810px\" \/><\/a><\/span><\/p>\n<p>&nbsp;<\/p>\n<p style=\"text-align: center;\"><span style=\"font-family: arial, helvetica, sans-serif; font-size: 12pt; color: #000000;\">Die dortigen Mietwagenpreise waren zwar immer noch sehr teuer, <\/span><\/p>\n<p style=\"text-align: center;\"><span style=\"font-family: arial, helvetica, sans-serif; font-size: 12pt; color: #000000;\">aber nicht so unversch\u00e4mt wie in der N\u00e4he der anderen Airports.<\/span><\/p>\n<p style=\"text-align: center;\"><span style=\"font-family: arial, helvetica, sans-serif; font-size: 12pt; color: #000000;\">Fl\u00fcge mit guten Umsteigezeiten zur Metropole in Floridas S\u00fcden sind schnell gefunden.<\/span><\/p>\n<p style=\"text-align: center;\"><span style=\"font-family: arial, helvetica, sans-serif; font-size: 12pt; color: #000000;\">Und bei der Gelegenheit sehen wir, dass der Aufpreis zur Premium Eco erschwinglich ist.<\/span><\/p>\n<p style=\"text-align: center;\"><span style=\"font-family: arial, helvetica, sans-serif; font-size: 12pt; color: #000000;\">Also Fl\u00fcge und Mietwagen gebucht und nach und nach eine Route geplant und Hotels festgemacht.<\/span><\/p>\n<p style=\"text-align: center;\"><span style=\"font-family: arial, helvetica, sans-serif; font-size: 12pt; color: #000000;\">Wir werden der Atlantikk\u00fcste bis nach South Carolina folgen.<\/span><\/p>\n<p style=\"text-align: center;\"><span style=\"font-family: arial, helvetica, sans-serif; font-size: 12pt; color: #000000;\">Um dann \u00fcber Georgia und Alabama entlang der Golfk\u00fcste zur\u00fcck nach S\u00fcdflorida zu gelangen.<\/span><\/p>\n<p>&nbsp;<\/p>\n<p style=\"text-align: center;\"><span style=\"font-family: arial, helvetica, sans-serif; font-size: 12pt; color: #000000;\"><a style=\"color: #000000;\" href=\"https:\/\/welcome-ontour.de\/wordpress\/wp-content\/uploads\/2023\/09\/2023-05-16-05.jpg\" target=\"_blank\" rel=\"noopener\"><img decoding=\"async\" class=\"wp-image-20540 aligncenter\" src=\"https:\/\/welcome-ontour.de\/wordpress\/wp-content\/uploads\/2023\/09\/2023-05-16-05-300x260.jpg\" alt=\"\" width=\"500\" height=\"433\" srcset=\"https:\/\/welcome-ontour.de\/wordpress\/wp-content\/uploads\/2023\/09\/2023-05-16-05-300x260.jpg 300w, https:\/\/welcome-ontour.de\/wordpress\/wp-content\/uploads\/2023\/09\/2023-05-16-05-700x606.jpg 700w, https:\/\/welcome-ontour.de\/wordpress\/wp-content\/uploads\/2023\/09\/2023-05-16-05-768x665.jpg 768w, https:\/\/welcome-ontour.de\/wordpress\/wp-content\/uploads\/2023\/09\/2023-05-16-05.jpg 810w\" sizes=\"(max-width: 500px) 100vw, 500px\" \/><\/a><\/span><\/p>\n<p>&nbsp;<\/p>\n<p style=\"text-align: center;\"><span style=\"font-family: arial, helvetica, sans-serif; font-size: 12pt; color: #000000;\">Im Laufe der Zeit habe ich durch regelm\u00e4\u00dfiges Pr\u00fcfen der tagesaktuellen Preise<\/span><\/p>\n<p style=\"text-align: center;\"><span style=\"font-family: arial, helvetica, sans-serif; font-size: 12pt; color: #000000;\"> die Mietwagenbuchung immer weiter optimiert.<\/span><\/p>\n<p style=\"text-align: center;\"><span style=\"font-family: arial, helvetica, sans-serif; font-size: 12pt; color: #000000;\">Nach mehrmaligen Neubuchungen wurde aus einem kleinen Mittelklasse SUV ein gro\u00dfer Standard Pick Up.<\/span><\/p>\n<p style=\"text-align: center;\"><span style=\"font-family: arial, helvetica, sans-serif; font-size: 12pt; color: #000000;\">3 Wochen vor Abflug habe ich einen Gro\u00dfteil der Hotels kostenlos storniert <\/span><\/p>\n<p style=\"text-align: center;\"><span style=\"font-family: arial, helvetica, sans-serif; font-size: 12pt; color: #000000;\">und genau die gleichen Hotels wieder neu gebucht.<\/span><\/p>\n<p style=\"text-align: center;\"><span style=\"font-family: arial, helvetica, sans-serif; font-size: 12pt; color: #000000;\">Zu etwa 60-70% des Ursprungspreises.<\/span><\/p>\n<p style=\"text-align: center;\"><span style=\"font-family: arial, helvetica, sans-serif; font-size: 12pt; color: #000000;\">Am Vorabend werden Klamotten gepackt.<\/span><\/p>\n<p style=\"text-align: center;\"><span style=\"font-family: arial, helvetica, sans-serif; font-size: 12pt; color: #000000;\">Obwohl wir in unserer Buchungsklasse 2 Koffer und 2 Handgep\u00e4ckst\u00fccke inklusive haben, <\/span><\/p>\n<p style=\"text-align: center;\"><span style=\"font-family: arial, helvetica, sans-serif; font-size: 12pt; color: #000000;\">werden wir wieder nur mit unseren Kabinentrolleys unterwegs sein.<\/span><\/p>\n<p style=\"text-align: center;\"><span style=\"font-family: arial, helvetica, sans-serif; font-size: 12pt; color: #000000;\">Wir kommen damit problemlos klar und finden das einfach erheblich praktischer.<\/span><\/p>\n<p>&nbsp;<\/p>\n<p style=\"text-align: center;\"><span style=\"font-family: arial, helvetica, sans-serif; font-size: 12pt; color: #000000;\"><img decoding=\"async\" class=\"wp-image-20541 aligncenter\" src=\"https:\/\/welcome-ontour.de\/wordpress\/wp-content\/uploads\/2023\/09\/2023-05-16-06-300x227.jpg\" alt=\"\" width=\"222\" height=\"168\" srcset=\"https:\/\/welcome-ontour.de\/wordpress\/wp-content\/uploads\/2023\/09\/2023-05-16-06-300x227.jpg 300w, https:\/\/welcome-ontour.de\/wordpress\/wp-content\/uploads\/2023\/09\/2023-05-16-06.jpg 394w\" sizes=\"(max-width: 222px) 100vw, 222px\" \/><\/span><\/p>\n<p style=\"text-align: center;\"><span style=\"font-family: arial, helvetica, sans-serif; font-size: 12pt; color: #000000;\"><a style=\"color: #000000;\" href=\"https:\/\/welcome-ontour.de\/wordpress\/index.php\/reiseberichte\/\"><img decoding=\"async\" class=\"alignleft wp-image-20537\" title=\"Alle Reiseberichte\" src=\"https:\/\/welcome-ontour.de\/wordpress\/wp-content\/uploads\/2023\/09\/2023-05-16-02.jpg\" alt=\"\" width=\"44\" height=\"40\" \/><\/a> <a style=\"color: #000000;\" href=\"https:\/\/welcome-ontour.de\/wordpress\/index.php\/2023-05-17\"><img decoding=\"async\" class=\"alignright wp-image-20538\" title=\"Vor\" src=\"https:\/\/welcome-ontour.de\/wordpress\/wp-content\/uploads\/2023\/09\/2023-05-16-03.jpg\" alt=\"\" width=\"43\" height=\"40\" \/><\/a><\/span><\/p>\n<p style=\"text-align: center;\">\u00a0<\/p>\n","protected":false},"excerpt":{"rendered":"<p>Prolog\u00a0 \u00a0 \u00a0Anreise\u00a0 \u00a0 \u00a0Melbourne Beach\u00a0 \u00a0 \u00a0Kennedy Space Center\u00a0 \u00a0 \u00a0St. Augustine\u00a0 \u00a0 \u00a0Jekyll Island\u00a0 \u00a0 \u00a0Savannah\u00a0 \u00a0 \u00a0Hilton Head\u00a0 \u00a0 \u00a0Boone Hill\u00a0 \u00a0 \u00a0Macon\u00a0 \u00a0 \u00a0Providence Canyon \u00a0 \u00a0 \u00a0Panama City\u00a0 \u00a0 \u00a0Forgotten Coast\u00a0 \u00a0 \u00a0Ocala\u00a0 \u00a0 \u00a0Tarpon Springs\u00a0 \u00a0 \u00a0Anna Maria Island\u00a0 \u00a0 \u00a0Manasota Key\u00a0 \u00a0 \u00a0Punta Gorda\u00a0 \u00a0 \u00a0Abreise\u00a0 \u00a0 \u00a0Fazit &nbsp; Southern Comfort &nbsp; USA 2023 &nbsp; &nbsp; Prolog &nbsp; Im Januar 2023 hab ich Post von Air France im Email Eingang. Angebotsfl\u00fcge im Fr\u00fchsommer zu verschiedenen Zielen in Nordamerika ab 400 Euro. Eine Tour durch die S\u00fcdstaaten haben wir schon lange im Hinterkopf. Neuerdings bucht man keine Fl\u00fcge, ohne vorher die Mietwagenpreise am Ankunftsort zu pr\u00fcfen. Und da sind s\u00e4mtliche in Frage kommenden Airports der Region aus dem Raster gefallen. Wir haben keine Lust, f\u00fcr 3 Wochen Midsize SUV 2000 Euro hinzubl\u00e4ttern. Einzige brauchbare Alternative war Start\/Ziel Miami. &nbsp; &nbsp; Die dortigen Mietwagenpreise waren zwar immer noch sehr teuer, aber nicht so unversch\u00e4mt wie in der N\u00e4he der anderen Airports. Fl\u00fcge mit guten Umsteigezeiten zur Metropole in Floridas S\u00fcden sind schnell gefunden. Und bei der Gelegenheit sehen wir, dass der Aufpreis zur Premium Eco erschwinglich ist. Also Fl\u00fcge und Mietwagen gebucht und nach und nach eine Route geplant und Hotels festgemacht. Wir werden der Atlantikk\u00fcste bis nach South Carolina folgen. Um dann \u00fcber Georgia und Alabama entlang der Golfk\u00fcste zur\u00fcck nach S\u00fcdflorida zu gelangen. &nbsp; &nbsp; Im Laufe der Zeit habe ich durch regelm\u00e4\u00dfiges Pr\u00fcfen der tagesaktuellen Preise die Mietwagenbuchung immer weiter optimiert. Nach mehrmaligen Neubuchungen wurde aus einem kleinen Mittelklasse SUV ein gro\u00dfer Standard Pick Up. 3 Wochen vor Abflug habe ich einen Gro\u00dfteil der Hotels kostenlos storniert und genau die gleichen Hotels wieder neu gebucht. Zu etwa 60-70% des Ursprungspreises. Am Vorabend werden Klamotten gepackt. Obwohl wir in unserer Buchungsklasse 2 Koffer und 2 Handgep\u00e4ckst\u00fccke inklusive haben, werden wir wieder nur mit unseren Kabinentrolleys unterwegs sein. Wir kommen damit problemlos klar und finden das einfach erheblich praktischer. &nbsp; \u00a0<\/p>\n","protected":false},"author":1,"featured_media":0,"parent":0,"menu_order":0,"comment_status":"closed","ping_status":"closed","template":"","meta":{"footnotes":""},"class_list":["post-20112","page","type-page","status-publish","hentry"],"_links":{"self":[{"href":"https:\/\/welcome-ontour.de\/wordpress\/index.php\/wp-json\/wp\/v2\/pages\/20112","targetHints":{"allow":["GET"]}}],"collection":[{"href":"https:\/\/welcome-ontour.de\/wordpress\/index.php\/wp-json\/wp\/v2\/pages"}],"about":[{"href":"https:\/\/welcome-ontour.de\/wordpress\/index.php\/wp-json\/wp\/v2\/types\/page"}],"author":[{"embeddable":true,"href":"https:\/\/welcome-ontour.de\/wordpress\/index.php\/wp-json\/wp\/v2\/users\/1"}],"replies":[{"embeddable":true,"href":"https:\/\/welcome-ontour.de\/wordpress\/index.php\/wp-json\/wp\/v2\/comments?post=20112"}],"version-history":[{"count":18,"href":"https:\/\/welcome-ontour.de\/wordpress\/index.php\/wp-json\/wp\/v2\/pages\/20112\/revisions"}],"predecessor-version":[{"id":26726,"href":"https:\/\/welcome-ontour.de\/wordpress\/index.php\/wp-json\/wp\/v2\/pages\/20112\/revisions\/26726"}],"wp:attachment":[{"href":"https:\/\/welcome-ontour.de\/wordpress\/index.php\/wp-json\/wp\/v2\/media?parent=20112"}],"curies":[{"name":"wp","href":"https:\/\/api.w.org\/{rel}","templated":true}]}}