{"id":20109,"date":"2023-02-14T11:02:55","date_gmt":"2023-02-14T11:02:55","guid":{"rendered":"https:\/\/welcome-ontour.de\/wordpress\/?page_id=20109"},"modified":"2025-09-12T11:54:40","modified_gmt":"2025-09-12T11:54:40","slug":"2023-04-26","status":"publish","type":"page","link":"https:\/\/welcome-ontour.de\/wordpress\/index.php\/2023-04-26\/","title":{"rendered":"2023 04 26 prolog"},"content":{"rendered":"<p style=\"text-align: center;\"><span style=\"font-family: arial, helvetica, sans-serif; font-size: 8pt; color: #000000;\"><a style=\"color: #000000;\" href=\"https:\/\/welcome-ontour.de\/wordpress\/index.php\/2023-04-26\">Prolog<\/a>\u00a0 \u00a0 \u00a0<a style=\"color: #000000;\" href=\"https:\/\/welcome-ontour.de\/wordpress\/index.php\/2023-04-27\">Anreise<\/a>\u00a0 \u00a0 \u00a0<a style=\"color: #000000;\" href=\"https:\/\/welcome-ontour.de\/wordpress\/index.php\/2023-04-28\">Alberobello<\/a>\u00a0 \u00a0 \u00a0<a style=\"color: #000000;\" href=\"https:\/\/welcome-ontour.de\/wordpress\/index.php\/2023-04-29\">Pinacoteka\/Altstadt<\/a>\u00a0 \u00a0 \u00a0<a style=\"color: #000000;\" href=\"https:\/\/welcome-ontour.de\/wordpress\/index.php\/2023-04-30\">Pomodoro\/Altstadt<\/a>\u00a0 \u00a0 \u00a0<a style=\"color: #000000;\" href=\"https:\/\/welcome-ontour.de\/wordpress\/index.php\/2023-05-01\">Altstadt<\/a>\u00a0 \u00a0 \u00a0<a style=\"color: #000000;\" href=\"https:\/\/welcome-ontour.de\/wordpress\/index.php\/2023-05-02\">Abreise<\/a>\u00a0 \u00a0 \u00a0<a style=\"color: #000000;\" href=\"https:\/\/welcome-ontour.de\/wordpress\/index.php\/2023-05-03\">Fazit<\/a><\/span><\/p>\n<p><span style=\"color: #000000;\"><a style=\"color: #000000;\" href=\"https:\/\/welcome-ontour.de\/wordpress\/index.php\/reiseberichte\/\"><img decoding=\"async\" class=\"alignnone wp-image-20171\" title=\"Reiseberichte\" src=\"https:\/\/welcome-ontour.de\/wordpress\/wp-content\/uploads\/2023\/07\/2023-04-26-02-300x155.jpg\" alt=\"\" width=\"44\" height=\"23\" srcset=\"https:\/\/welcome-ontour.de\/wordpress\/wp-content\/uploads\/2023\/07\/2023-04-26-02-300x155.jpg 300w, https:\/\/welcome-ontour.de\/wordpress\/wp-content\/uploads\/2023\/07\/2023-04-26-02.jpg 394w\" sizes=\"(max-width: 44px) 100vw, 44px\" \/><\/a><a style=\"color: #000000;\" href=\"https:\/\/welcome-ontour.de\/wordpress\/index.php\/2023-04-27\"><img decoding=\"async\" class=\"alignright wp-image-20172\" title=\"Vor\" src=\"https:\/\/welcome-ontour.de\/wordpress\/wp-content\/uploads\/2023\/07\/2023-04-26-03-300x155.jpg\" alt=\"\" width=\"44\" height=\"23\" srcset=\"https:\/\/welcome-ontour.de\/wordpress\/wp-content\/uploads\/2023\/07\/2023-04-26-03-300x155.jpg 300w, https:\/\/welcome-ontour.de\/wordpress\/wp-content\/uploads\/2023\/07\/2023-04-26-03.jpg 394w\" sizes=\"(max-width: 44px) 100vw, 44px\" \/><\/a><\/span><\/p>\n<p style=\"text-align: center;\"><span style=\"font-size: 24pt; color: #000000;\"><strong><span style=\"font-family: arial, helvetica, sans-serif;\">Walking On Sunshine<\/span><\/strong><\/span><\/p>\n<p>&nbsp;<\/p>\n<p style=\"text-align: center;\"><span style=\"font-size: 18pt; color: #000000;\"><strong><span style=\"font-family: arial, helvetica, sans-serif;\">Bari 2023<\/span><\/strong><\/span><\/p>\n<p>&nbsp;<\/p>\n<p><span style=\"color: #000000;\"><img decoding=\"async\" class=\"aligncenter wp-image-20110\" src=\"https:\/\/welcome-ontour.de\/wordpress\/wp-content\/uploads\/2023\/02\/2023-04-26-001-300x130.jpg\" alt=\"\" width=\"504\" height=\"219\" srcset=\"https:\/\/welcome-ontour.de\/wordpress\/wp-content\/uploads\/2023\/02\/2023-04-26-001-300x130.jpg 300w, https:\/\/welcome-ontour.de\/wordpress\/wp-content\/uploads\/2023\/02\/2023-04-26-001-700x304.jpg 700w, https:\/\/welcome-ontour.de\/wordpress\/wp-content\/uploads\/2023\/02\/2023-04-26-001-768x334.jpg 768w, https:\/\/welcome-ontour.de\/wordpress\/wp-content\/uploads\/2023\/02\/2023-04-26-001.jpg 810w\" sizes=\"(max-width: 504px) 100vw, 504px\" \/><\/span><\/p>\n<p>&nbsp;<\/p>\n<p style=\"text-align: center;\"><span style=\"color: #000000;\"><strong><span style=\"font-family: arial, helvetica, sans-serif; font-size: 14pt;\">Prolog<\/span><\/strong><\/span><\/p>\n<p style=\"text-align: center;\">\u00a0<\/p>\n<p style=\"text-align: center;\"><span style=\"font-family: arial, helvetica, sans-serif; font-size: 12pt; color: #000000;\">Ein europ\u00e4isches Reiseziel f\u00fcr ein verl\u00e4ngertes Wochenende rund um den erstem Mai.<\/span><\/p>\n<p style=\"text-align: center;\"><span style=\"font-family: arial, helvetica, sans-serif; font-size: 12pt; color: #000000;\">M\u00f6glichst kulturell interessant, m\u00f6glichst mildes Klima, m\u00f6glichst am Meer, <\/span><\/p>\n<p style=\"text-align: center;\"><span style=\"font-family: arial, helvetica, sans-serif; font-size: 12pt; color: #000000;\">m\u00f6glichst keine exorbitanten Unterkunftskosten, <\/span><\/p>\n<p style=\"text-align: center;\"><span style=\"font-family: arial, helvetica, sans-serif; font-size: 12pt; color: #000000;\">m\u00f6glichst nonstop und g\u00fcnstig von Berlin aus erreichbar.<\/span><\/p>\n<p style=\"text-align: center;\"><span style=\"font-family: arial, helvetica, sans-serif; font-size: 12pt; color: #000000;\">Das war die Aufgabenstellung.<\/span><\/p>\n<p style=\"text-align: center;\"><span style=\"font-family: arial, helvetica, sans-serif; font-size: 12pt; color: #000000;\">Letztendlich hat uns die Ryanair Verbindung nach Bari am besten gefallen.<\/span><\/p>\n<p style=\"text-align: center;\"><span style=\"font-family: arial, helvetica, sans-serif; font-size: 12pt; color: #000000;\">Die g\u00fcnstige Direktverbindung und ein gutes Angebot an Unterk\u00fcnften zu moderaten Preisen <\/span><\/p>\n<p style=\"text-align: center;\"><span style=\"font-family: arial, helvetica, sans-serif; font-size: 12pt; color: #000000;\">gaben den Ausschlag f\u00fcr 6 Tage S\u00fcditalien im Fr\u00fchling.<\/span><\/p>\n<p>&nbsp;<\/p>\n<p><span style=\"color: #000000;\"><img decoding=\"async\" class=\"wp-image-20173 aligncenter\" src=\"https:\/\/welcome-ontour.de\/wordpress\/wp-content\/uploads\/2023\/07\/2023-04-26-04-204x300.jpg\" alt=\"\" width=\"136\" height=\"200\" srcset=\"https:\/\/welcome-ontour.de\/wordpress\/wp-content\/uploads\/2023\/07\/2023-04-26-04-204x300.jpg 204w, https:\/\/welcome-ontour.de\/wordpress\/wp-content\/uploads\/2023\/07\/2023-04-26-04.jpg 268w\" sizes=\"(max-width: 136px) 100vw, 136px\" \/><\/span><\/p>\n<p><span style=\"color: #000000;\"><a style=\"color: #000000;\" href=\"https:\/\/welcome-ontour.de\/wordpress\/index.php\/reiseberichte\/\"><img decoding=\"async\" class=\"alignnone wp-image-20171\" title=\"Reiseberichte\" src=\"https:\/\/welcome-ontour.de\/wordpress\/wp-content\/uploads\/2023\/07\/2023-04-26-02-300x155.jpg\" alt=\"\" width=\"44\" height=\"23\" srcset=\"https:\/\/welcome-ontour.de\/wordpress\/wp-content\/uploads\/2023\/07\/2023-04-26-02-300x155.jpg 300w, https:\/\/welcome-ontour.de\/wordpress\/wp-content\/uploads\/2023\/07\/2023-04-26-02.jpg 394w\" sizes=\"(max-width: 44px) 100vw, 44px\" \/><\/a><a style=\"color: #000000;\" href=\"https:\/\/welcome-ontour.de\/wordpress\/index.php\/2023-04-27\"><img decoding=\"async\" class=\"alignright wp-image-20172\" title=\"Vor\" src=\"https:\/\/welcome-ontour.de\/wordpress\/wp-content\/uploads\/2023\/07\/2023-04-26-03-300x155.jpg\" alt=\"\" width=\"44\" height=\"23\" srcset=\"https:\/\/welcome-ontour.de\/wordpress\/wp-content\/uploads\/2023\/07\/2023-04-26-03-300x155.jpg 300w, https:\/\/welcome-ontour.de\/wordpress\/wp-content\/uploads\/2023\/07\/2023-04-26-03.jpg 394w\" sizes=\"(max-width: 44px) 100vw, 44px\" \/><\/a><\/span><\/p>\n","protected":false},"excerpt":{"rendered":"<p>Prolog\u00a0 \u00a0 \u00a0Anreise\u00a0 \u00a0 \u00a0Alberobello\u00a0 \u00a0 \u00a0Pinacoteka\/Altstadt\u00a0 \u00a0 \u00a0Pomodoro\/Altstadt\u00a0 \u00a0 \u00a0Altstadt\u00a0 \u00a0 \u00a0Abreise\u00a0 \u00a0 \u00a0Fazit Walking On Sunshine &nbsp; Bari 2023 &nbsp; &nbsp; Prolog \u00a0 Ein europ\u00e4isches Reiseziel f\u00fcr ein verl\u00e4ngertes Wochenende rund um den erstem Mai. M\u00f6glichst kulturell interessant, m\u00f6glichst mildes Klima, m\u00f6glichst am Meer, m\u00f6glichst keine exorbitanten Unterkunftskosten, m\u00f6glichst nonstop und g\u00fcnstig von Berlin aus erreichbar. Das war die Aufgabenstellung. Letztendlich hat uns die Ryanair Verbindung nach Bari am besten gefallen. Die g\u00fcnstige Direktverbindung und ein gutes Angebot an Unterk\u00fcnften zu moderaten Preisen gaben den Ausschlag f\u00fcr 6 Tage S\u00fcditalien im Fr\u00fchling. &nbsp;<\/p>\n","protected":false},"author":1,"featured_media":0,"parent":0,"menu_order":0,"comment_status":"closed","ping_status":"closed","template":"","meta":{"footnotes":""},"class_list":["post-20109","page","type-page","status-publish","hentry"],"_links":{"self":[{"href":"https:\/\/welcome-ontour.de\/wordpress\/index.php\/wp-json\/wp\/v2\/pages\/20109","targetHints":{"allow":["GET"]}}],"collection":[{"href":"https:\/\/welcome-ontour.de\/wordpress\/index.php\/wp-json\/wp\/v2\/pages"}],"about":[{"href":"https:\/\/welcome-ontour.de\/wordpress\/index.php\/wp-json\/wp\/v2\/types\/page"}],"author":[{"embeddable":true,"href":"https:\/\/welcome-ontour.de\/wordpress\/index.php\/wp-json\/wp\/v2\/users\/1"}],"replies":[{"embeddable":true,"href":"https:\/\/welcome-ontour.de\/wordpress\/index.php\/wp-json\/wp\/v2\/comments?post=20109"}],"version-history":[{"count":13,"href":"https:\/\/welcome-ontour.de\/wordpress\/index.php\/wp-json\/wp\/v2\/pages\/20109\/revisions"}],"predecessor-version":[{"id":27191,"href":"https:\/\/welcome-ontour.de\/wordpress\/index.php\/wp-json\/wp\/v2\/pages\/20109\/revisions\/27191"}],"wp:attachment":[{"href":"https:\/\/welcome-ontour.de\/wordpress\/index.php\/wp-json\/wp\/v2\/media?parent=20109"}],"curies":[{"name":"wp","href":"https:\/\/api.w.org\/{rel}","templated":true}]}}