{"id":19637,"date":"2023-01-09T12:00:01","date_gmt":"2023-01-09T12:00:01","guid":{"rendered":"https:\/\/welcome-ontour.de\/wordpress\/?page_id=19637"},"modified":"2023-01-23T12:22:20","modified_gmt":"2023-01-23T12:22:20","slug":"2022-08-28-fazit","status":"publish","type":"page","link":"https:\/\/welcome-ontour.de\/wordpress\/index.php\/2022-08-28-fazit\/","title":{"rendered":"2022 08 28 fazit"},"content":{"rendered":"<p style=\"text-align: center;\"><span style=\"font-family: arial, helvetica, sans-serif; font-size: 8pt;\"><a href=\"https:\/\/welcome-ontour.de\/wordpress\/index.php\/2022-08-17-prolog\">Prolog<\/a>\u00a0 \u00a0 \u00a0<a href=\"https:\/\/welcome-ontour.de\/wordpress\/index.php\/2022-08-18\">Anreise<\/a>\u00a0 \u00a0 \u00a0<a href=\"https:\/\/welcome-ontour.de\/wordpress\/index.php\/2022-08-19\">Trogir<\/a>\u00a0 \u00a0 \u00a0<a href=\"https:\/\/welcome-ontour.de\/wordpress\/index.php\/2022-08-20\">Split<\/a>\u00a0 \u00a0 \u00a0<a href=\"https:\/\/welcome-ontour.de\/wordpress\/index.php\/2022-08-21\">Hvar\/Korcula<\/a>\u00a0 \u00a0 \u00a0<a href=\"https:\/\/welcome-ontour.de\/wordpress\/index.php\/2022-08-22\">Dubrovnik<\/a>\u00a0 \u00a0 \u00a0<a href=\"https:\/\/welcome-ontour.de\/wordpress\/index.php\/2022-08-23\">Mljet<\/a>\u00a0 \u00a0 \u00a0<a href=\"https:\/\/welcome-ontour.de\/wordpress\/index.php\/2022-08-24\">Makarska<\/a>\u00a0 \u00a0 \u00a0<a href=\"https:\/\/welcome-ontour.de\/wordpress\/index.php\/2022-08-25\">Brac<\/a>\u00a0 \u00a0 \u00a0<a href=\"https:\/\/welcome-ontour.de\/wordpress\/index.php\/2022-08-26\">Trogir<\/a>\u00a0 \u00a0 \u00a0<a href=\"https:\/\/welcome-ontour.de\/wordpress\/index.php\/2022-08-27\">R\u00fcckreise<\/a>\u00a0 \u00a0 \u00a0<a href=\"https:\/\/welcome-ontour.de\/wordpress\/index.php\/2022-08-28\">Fazit<\/a><\/span><\/p>\n<p><a href=\"https:\/\/welcome-ontour.de\/wordpress\/index.php\/2022-08-27\"><img decoding=\"async\" class=\"alignnone wp-image-19609\" src=\"https:\/\/welcome-ontour.de\/wordpress\/wp-content\/uploads\/2023\/01\/2022-08-17-01-295x300.jpg\" alt=\"\" width=\"55\" height=\"56\" srcset=\"https:\/\/welcome-ontour.de\/wordpress\/wp-content\/uploads\/2023\/01\/2022-08-17-01-295x300.jpg 295w, https:\/\/welcome-ontour.de\/wordpress\/wp-content\/uploads\/2023\/01\/2022-08-17-01-150x150.jpg 150w, https:\/\/welcome-ontour.de\/wordpress\/wp-content\/uploads\/2023\/01\/2022-08-17-01-300x300.jpg 300w, https:\/\/welcome-ontour.de\/wordpress\/wp-content\/uploads\/2023\/01\/2022-08-17-01-75x75.jpg 75w, https:\/\/welcome-ontour.de\/wordpress\/wp-content\/uploads\/2023\/01\/2022-08-17-01.jpg 387w\" sizes=\"(max-width: 55px) 100vw, 55px\" \/><\/a> \u00a0<a href=\"https:\/\/welcome-ontour.de\/wordpress\/index.php\/reiseberichte\"><img decoding=\"async\" class=\"alignright wp-image-19610\" src=\"https:\/\/welcome-ontour.de\/wordpress\/wp-content\/uploads\/2023\/01\/2022-08-17-02-295x300.jpg\" alt=\"\" width=\"55\" height=\"56\" srcset=\"https:\/\/welcome-ontour.de\/wordpress\/wp-content\/uploads\/2023\/01\/2022-08-17-02-295x300.jpg 295w, https:\/\/welcome-ontour.de\/wordpress\/wp-content\/uploads\/2023\/01\/2022-08-17-02-150x150.jpg 150w, https:\/\/welcome-ontour.de\/wordpress\/wp-content\/uploads\/2023\/01\/2022-08-17-02-300x300.jpg 300w, https:\/\/welcome-ontour.de\/wordpress\/wp-content\/uploads\/2023\/01\/2022-08-17-02-75x75.jpg 75w, https:\/\/welcome-ontour.de\/wordpress\/wp-content\/uploads\/2023\/01\/2022-08-17-02.jpg 387w\" sizes=\"(max-width: 55px) 100vw, 55px\" \/><\/a><\/p>\n<p style=\"text-align: center;\"><strong><span style=\"font-family: arial, helvetica, sans-serif; font-size: 14pt;\">Fazit<\/span><\/strong><\/p>\n<p style=\"text-align: center;\">\u00a0<\/p>\n<p style=\"text-align: center;\"><span style=\"font-family: arial, helvetica, sans-serif; font-size: 12pt;\"><img decoding=\"async\" class=\"alignnone wp-image-20049 size-medium\" src=\"https:\/\/welcome-ontour.de\/wordpress\/wp-content\/uploads\/2023\/01\/2022-08-28-01-300x183.jpg\" alt=\"\" width=\"300\" height=\"183\" srcset=\"https:\/\/welcome-ontour.de\/wordpress\/wp-content\/uploads\/2023\/01\/2022-08-28-01-300x183.jpg 300w, https:\/\/welcome-ontour.de\/wordpress\/wp-content\/uploads\/2023\/01\/2022-08-28-01.jpg 504w\" sizes=\"(max-width: 300px) 100vw, 300px\" \/><\/span><\/p>\n<p style=\"text-align: center;\">\u00a0<\/p>\n<p style=\"text-align: center;\"><span style=\"font-family: arial, helvetica, sans-serif; font-size: 12pt;\">Urlaubsreif sind wir beide nach Dalmatien geflogen, gut erholt wieder zur\u00fcck.<\/span><\/p>\n<p style=\"text-align: center;\"><span style=\"font-family: arial, helvetica, sans-serif; font-size: 12pt;\">F\u00fcr uns einerseits eine angenehme, andererseits wirksame Art der Regenerierung.<\/span><\/p>\n<p style=\"text-align: center;\"><span style=\"font-family: arial, helvetica, sans-serif; font-size: 12pt;\">In 1,5 Stunden ist man mitten im s\u00fcdl\u00e4ndischen Sommer <\/span><\/p>\n<p style=\"text-align: center;\"><span style=\"font-family: arial, helvetica, sans-serif; font-size: 12pt;\">mit verl\u00e4sslichen Temperaturen von \u00fcber 30\u00b0 und warmen sauberen Meerwasser.<\/span><\/p>\n<p style=\"text-align: center;\"><span style=\"font-family: arial, helvetica, sans-serif; font-size: 12pt;\">Wenn man dann noch per Luxusdampfer zu sch\u00f6nen Badebuchten <\/span><\/p>\n<p style=\"text-align: center;\"><span style=\"font-family: arial, helvetica, sans-serif; font-size: 12pt;\">und charmanten historischen Altst\u00e4dten chauffiert wird, geht es kaum komfortabler.<\/span><\/p>\n<p style=\"text-align: center;\">\u00a0<\/p>\n<p style=\"text-align: center;\"><span style=\"font-family: arial, helvetica, sans-serif; font-size: 12pt;\"><a href=\"https:\/\/welcome-ontour.de\/wordpress\/wp-content\/uploads\/2023\/01\/2022-08-28-02.jpg\" target=\"_blank\" rel=\"noopener\"><img decoding=\"async\" class=\"alignnone wp-image-20051\" src=\"https:\/\/welcome-ontour.de\/wordpress\/wp-content\/uploads\/2023\/01\/2022-08-28-02-300x170.jpg\" alt=\"\" width=\"810\" height=\"460\" srcset=\"https:\/\/welcome-ontour.de\/wordpress\/wp-content\/uploads\/2023\/01\/2022-08-28-02-300x170.jpg 300w, https:\/\/welcome-ontour.de\/wordpress\/wp-content\/uploads\/2023\/01\/2022-08-28-02-700x398.jpg 700w, https:\/\/welcome-ontour.de\/wordpress\/wp-content\/uploads\/2023\/01\/2022-08-28-02-768x436.jpg 768w, https:\/\/welcome-ontour.de\/wordpress\/wp-content\/uploads\/2023\/01\/2022-08-28-02-1536x873.jpg 1536w, https:\/\/welcome-ontour.de\/wordpress\/wp-content\/uploads\/2023\/01\/2022-08-28-02-1140x648.jpg 1140w, https:\/\/welcome-ontour.de\/wordpress\/wp-content\/uploads\/2023\/01\/2022-08-28-02.jpg 1600w\" sizes=\"(max-width: 810px) 100vw, 810px\" \/><\/a><\/span><\/p>\n<p style=\"text-align: center;\">\u00a0<\/p>\n<p style=\"text-align: center;\"><span style=\"font-family: arial, helvetica, sans-serif; font-size: 12pt;\">Durch einen gl\u00fccklichen Zufall haben wir die VIP Kabine der Bellezza zugewiesen bekommen.<\/span><\/p>\n<p style=\"text-align: center;\"><span style=\"font-family: arial, helvetica, sans-serif; font-size: 12pt;\">Anfangs dachten wir, weil Ute am Tag der Einschiffung Geburtstag hatte.<\/span><\/p>\n<p style=\"text-align: center;\"><span style=\"font-family: arial, helvetica, sans-serif; font-size: 12pt;\">Die wirkliche Erkl\u00e4rung ist viel einfacher.<\/span><\/p>\n<p style=\"text-align: center;\"><span style=\"font-family: arial, helvetica, sans-serif; font-size: 12pt;\">Anfang September 2021 waren wir schlicht die Ersten, die diese Kreuzfahrt gebucht haben.<\/span><\/p>\n<p style=\"text-align: center;\"><span style=\"font-family: arial, helvetica, sans-serif; font-size: 12pt;\">Und es ist bei Kapit\u00e4n Ante immer so, dass die erste Buchung in der Pr\u00e4sidenten Suite landet.<\/span><\/p>\n<p style=\"text-align: center;\"><span style=\"font-family: arial, helvetica, sans-serif; font-size: 12pt;\">Wenn wir die beiden Touren von 2021 und 2022 vergleichen, bleiben einige Punkte anzumerken.<\/span><\/p>\n<p style=\"text-align: center;\"><span style=\"font-family: arial, helvetica, sans-serif; font-size: 12pt;\">Die diesj\u00e4hrige Tour durch die Inselwelt S\u00fcddalmatiens war um einiges hei\u00dfer als die vom Vorjahr.<\/span><\/p>\n<p style=\"text-align: center;\"><span style=\"font-family: arial, helvetica, sans-serif; font-size: 12pt;\">Die Motoryacht Voyage vom letzten Jahr war einen Hauch luxuri\u00f6ser, <\/span><\/p>\n<p style=\"text-align: center;\"><span style=\"font-family: arial, helvetica, sans-serif; font-size: 12pt;\">deren Crew professioneller und der Koch besser.<\/span><\/p>\n<p style=\"text-align: center;\"><span style=\"font-family: arial, helvetica, sans-serif; font-size: 12pt;\">Aber das alles sind winzige Nuancen, die den Gesamteindruck in keinster Weise tr\u00fcben sollten.<\/span><\/p>\n<p style=\"text-align: center;\"><span style=\"font-family: arial, helvetica, sans-serif; font-size: 12pt;\">Der Urlaub war ein unvergleichliches Erlebnis und wir haben unsere Entscheidung zu keiner Zeit bereut.<\/span><\/p>\n<p style=\"text-align: center;\"><span style=\"font-family: arial, helvetica, sans-serif; font-size: 12pt;\">Besonders gefallen haben uns die imposanten Altst\u00e4dte von Dubrovnik, Split und Trogir.<\/span><\/p>\n<p style=\"text-align: center;\"><span style=\"font-family: arial, helvetica, sans-serif; font-size: 12pt;\">Aber auch die faszinierenden K\u00fcstenorte auf Hvar, Korcula und Mljet bleiben angenehm in Erinnerung.<\/span><\/p>\n<p style=\"text-align: center;\"><span style=\"font-family: arial, helvetica, sans-serif; font-size: 12pt;\">Das eigentliche Highlight ist aber die T\u00fcrkis schimmernde Adria.<\/span><\/p>\n<p style=\"text-align: center;\"><span style=\"font-family: arial, helvetica, sans-serif; font-size: 12pt;\">Nirgendwo im Mittelmeer haben wir bisher <\/span><\/p>\n<p style=\"text-align: center;\"><span style=\"font-family: arial, helvetica, sans-serif; font-size: 12pt;\">so viele karibisch anmutende Buchten und Str\u00e4nde wie in Dalmatien gesehen.<\/span><\/p>\n<p style=\"text-align: center;\">\u00a0<\/p>\n<p style=\"text-align: center;\"><span style=\"font-family: arial, helvetica, sans-serif; font-size: 12pt;\"><a href=\"https:\/\/welcome-ontour.de\/wordpress\/wp-content\/uploads\/2023\/01\/2022-08-28-03.jpg\" target=\"_blank\" rel=\"noopener\"><img decoding=\"async\" class=\"alignnone wp-image-20052\" src=\"https:\/\/welcome-ontour.de\/wordpress\/wp-content\/uploads\/2023\/01\/2022-08-28-03-300x139.jpg\" alt=\"\" width=\"810\" height=\"376\" srcset=\"https:\/\/welcome-ontour.de\/wordpress\/wp-content\/uploads\/2023\/01\/2022-08-28-03-300x139.jpg 300w, https:\/\/welcome-ontour.de\/wordpress\/wp-content\/uploads\/2023\/01\/2022-08-28-03-700x325.jpg 700w, https:\/\/welcome-ontour.de\/wordpress\/wp-content\/uploads\/2023\/01\/2022-08-28-03-768x356.jpg 768w, https:\/\/welcome-ontour.de\/wordpress\/wp-content\/uploads\/2023\/01\/2022-08-28-03-1536x712.jpg 1536w, https:\/\/welcome-ontour.de\/wordpress\/wp-content\/uploads\/2023\/01\/2022-08-28-03-1140x529.jpg 1140w, https:\/\/welcome-ontour.de\/wordpress\/wp-content\/uploads\/2023\/01\/2022-08-28-03.jpg 1600w\" sizes=\"(max-width: 810px) 100vw, 810px\" \/><\/a><\/span><\/p>\n<p style=\"text-align: center;\">\u00a0<\/p>\n<p style=\"text-align: center;\"><span style=\"font-family: arial, helvetica, sans-serif; font-size: 12pt;\">Wie immer bei uns zum Abschluss die Zahlen.<\/span><\/p>\n<p style=\"text-align: center;\"><span style=\"font-family: arial, helvetica, sans-serif; font-size: 12pt;\">Eine Woche nach der 2021er Cruise haben wir die Kreuzfahrt f\u00fcr August 2022 festgemacht.<\/span><\/p>\n<p style=\"text-align: center;\"><span style=\"font-family: arial, helvetica, sans-serif; font-size: 12pt;\">Riva Tours wollte daf\u00fcr 1200 Euro pro Person haben.<\/span><\/p>\n<p style=\"text-align: center;\"><span style=\"font-family: arial, helvetica, sans-serif; font-size: 12pt;\">Die Fl\u00fcge haben wir nur wenige Tage sp\u00e4ter bei Easyjet gefunden.<\/span><\/p>\n<p style=\"text-align: center;\"><span style=\"font-family: arial, helvetica, sans-serif; font-size: 12pt;\">F\u00fcr die Nonstopverbindung und den Komfort der Notausgangspl\u00e4tze <\/span><\/p>\n<p style=\"text-align: center;\"><span style=\"font-family: arial, helvetica, sans-serif; font-size: 12pt;\">waren f\u00fcr uns beide insgesamt rund 200 Euro f\u00e4llig.<\/span><\/p>\n<p style=\"text-align: center;\"><span style=\"font-family: arial, helvetica, sans-serif; font-size: 12pt;\">Das XII Century Heritage Hotel in der Altstadt von Trogir ist im Sommer sehr teuer.<\/span><\/p>\n<p style=\"text-align: center;\"><span style=\"font-family: arial, helvetica, sans-serif; font-size: 12pt;\">Gl\u00fccklicherweise haben wir durch verschiedene Verg\u00fcnstigungen den Gesamtpreis f\u00fcr die 2 N\u00e4chte <\/span><\/p>\n<p style=\"text-align: center;\"><span style=\"font-family: arial, helvetica, sans-serif; font-size: 12pt;\">auf vergleichsweise preiswerte 170 Euro dr\u00fccken k\u00f6nnen.<\/span><\/p>\n<p style=\"text-align: center;\"><span style=\"font-family: arial, helvetica, sans-serif; font-size: 12pt;\">Unser Auto f\u00fcr die gesamte Reisezeit im Parkhaus am Terminal des BER Flughafens abzustellen,<\/span><\/p>\n<p style=\"text-align: center;\"><span style=\"font-family: arial, helvetica, sans-serif; font-size: 12pt;\"> hat 80 Euro gekostet.<\/span><\/p>\n<p style=\"text-align: center;\">\u00a0<\/p>\n<p style=\"text-align: center;\"><span style=\"font-family: arial, helvetica, sans-serif; font-size: 12pt;\"><img decoding=\"async\" class=\"alignnone size-medium wp-image-20053\" src=\"https:\/\/welcome-ontour.de\/wordpress\/wp-content\/uploads\/2023\/01\/2022-08-28-04-300x189.jpg\" alt=\"\" width=\"300\" height=\"189\" srcset=\"https:\/\/welcome-ontour.de\/wordpress\/wp-content\/uploads\/2023\/01\/2022-08-28-04-300x189.jpg 300w, https:\/\/welcome-ontour.de\/wordpress\/wp-content\/uploads\/2023\/01\/2022-08-28-04.jpg 504w\" sizes=\"(max-width: 300px) 100vw, 300px\" \/><\/span><\/p>\n<p style=\"text-align: center;\">\u00a0<\/p>\n<p style=\"text-align: center;\"><span style=\"font-family: arial, helvetica, sans-serif; font-size: 12pt;\">F\u00fcr uns war es ein wunderbar erholsamer Urlaub.<\/span><\/p>\n<p style=\"text-align: center;\"><span style=\"font-family: arial, helvetica, sans-serif; font-size: 12pt;\">Ob wir solch eine Badekreuzfahrt in n\u00e4chster Zeit nochmal machen, keine Ahnung.<\/span><\/p>\n<p style=\"text-align: center;\"><span style=\"font-family: arial, helvetica, sans-serif; font-size: 12pt;\">Kann gut m\u00f6glich sein, <\/span><\/p>\n<p style=\"text-align: center;\"><span style=\"font-family: arial, helvetica, sans-serif; font-size: 12pt;\">andererseits gibt es auch noch sooo viele andere Reiseziele, die uns interessieren.<\/span><\/p>\n<p style=\"text-align: center;\"><span style=\"font-family: arial, helvetica, sans-serif; font-size: 12pt;\">Lasst euch \u00fcberraschen und bis dahin, macht\u2018s gut Leute.<\/span><\/p>\n<p style=\"text-align: center;\">\u00a0<\/p>\n<p style=\"text-align: center;\"><span style=\"font-family: arial, helvetica, sans-serif; font-size: 12pt;\"><img decoding=\"async\" class=\"alignnone wp-image-20054\" src=\"https:\/\/welcome-ontour.de\/wordpress\/wp-content\/uploads\/2023\/01\/2022-08-28-05-300x140.jpg\" alt=\"\" width=\"600\" height=\"279\" srcset=\"https:\/\/welcome-ontour.de\/wordpress\/wp-content\/uploads\/2023\/01\/2022-08-28-05-300x140.jpg 300w, https:\/\/welcome-ontour.de\/wordpress\/wp-content\/uploads\/2023\/01\/2022-08-28-05-700x326.jpg 700w, https:\/\/welcome-ontour.de\/wordpress\/wp-content\/uploads\/2023\/01\/2022-08-28-05-768x357.jpg 768w, https:\/\/welcome-ontour.de\/wordpress\/wp-content\/uploads\/2023\/01\/2022-08-28-05.jpg 810w\" sizes=\"(max-width: 600px) 100vw, 600px\" \/><\/span><\/p>\n<p style=\"text-align: center;\">\u00a0<\/p>\n<p style=\"text-align: center;\"><span style=\"font-family: arial, helvetica, sans-serif; font-size: 12pt;\"><img decoding=\"async\" class=\"alignnone wp-image-19613\" src=\"https:\/\/welcome-ontour.de\/wordpress\/wp-content\/uploads\/2023\/01\/2022-08-17-05-300x154.jpg\" alt=\"\" width=\"150\" height=\"77\" srcset=\"https:\/\/welcome-ontour.de\/wordpress\/wp-content\/uploads\/2023\/01\/2022-08-17-05-300x154.jpg 300w, https:\/\/welcome-ontour.de\/wordpress\/wp-content\/uploads\/2023\/01\/2022-08-17-05.jpg 394w\" sizes=\"(max-width: 150px) 100vw, 150px\" \/><\/span><\/p>\n<p><a href=\"https:\/\/welcome-ontour.de\/wordpress\/index.php\/2022-08-27\"><img decoding=\"async\" class=\"alignnone wp-image-19609\" src=\"https:\/\/welcome-ontour.de\/wordpress\/wp-content\/uploads\/2023\/01\/2022-08-17-01-295x300.jpg\" alt=\"\" width=\"55\" height=\"56\" srcset=\"https:\/\/welcome-ontour.de\/wordpress\/wp-content\/uploads\/2023\/01\/2022-08-17-01-295x300.jpg 295w, https:\/\/welcome-ontour.de\/wordpress\/wp-content\/uploads\/2023\/01\/2022-08-17-01-150x150.jpg 150w, https:\/\/welcome-ontour.de\/wordpress\/wp-content\/uploads\/2023\/01\/2022-08-17-01-300x300.jpg 300w, https:\/\/welcome-ontour.de\/wordpress\/wp-content\/uploads\/2023\/01\/2022-08-17-01-75x75.jpg 75w, https:\/\/welcome-ontour.de\/wordpress\/wp-content\/uploads\/2023\/01\/2022-08-17-01.jpg 387w\" sizes=\"(max-width: 55px) 100vw, 55px\" \/><\/a> \u00a0<a href=\"https:\/\/welcome-ontour.de\/wordpress\/index.php\/reiseberichte\"><img decoding=\"async\" class=\"alignright wp-image-19610\" src=\"https:\/\/welcome-ontour.de\/wordpress\/wp-content\/uploads\/2023\/01\/2022-08-17-02-295x300.jpg\" alt=\"\" width=\"55\" height=\"56\" srcset=\"https:\/\/welcome-ontour.de\/wordpress\/wp-content\/uploads\/2023\/01\/2022-08-17-02-295x300.jpg 295w, https:\/\/welcome-ontour.de\/wordpress\/wp-content\/uploads\/2023\/01\/2022-08-17-02-150x150.jpg 150w, https:\/\/welcome-ontour.de\/wordpress\/wp-content\/uploads\/2023\/01\/2022-08-17-02-300x300.jpg 300w, https:\/\/welcome-ontour.de\/wordpress\/wp-content\/uploads\/2023\/01\/2022-08-17-02-75x75.jpg 75w, https:\/\/welcome-ontour.de\/wordpress\/wp-content\/uploads\/2023\/01\/2022-08-17-02.jpg 387w\" sizes=\"(max-width: 55px) 100vw, 55px\" \/><\/a><\/p>\n","protected":false},"excerpt":{"rendered":"<p>Prolog\u00a0 \u00a0 \u00a0Anreise\u00a0 \u00a0 \u00a0Trogir\u00a0 \u00a0 \u00a0Split\u00a0 \u00a0 \u00a0Hvar\/Korcula\u00a0 \u00a0 \u00a0Dubrovnik\u00a0 \u00a0 \u00a0Mljet\u00a0 \u00a0 \u00a0Makarska\u00a0 \u00a0 \u00a0Brac\u00a0 \u00a0 \u00a0Trogir\u00a0 \u00a0 \u00a0R\u00fcckreise\u00a0 \u00a0 \u00a0Fazit \u00a0 Fazit \u00a0 \u00a0 Urlaubsreif sind wir beide nach Dalmatien geflogen, gut erholt wieder zur\u00fcck. F\u00fcr uns einerseits eine angenehme, andererseits wirksame Art der Regenerierung. In 1,5 Stunden ist man mitten im s\u00fcdl\u00e4ndischen Sommer mit verl\u00e4sslichen Temperaturen von \u00fcber 30\u00b0 und warmen sauberen Meerwasser. Wenn man dann noch per Luxusdampfer zu sch\u00f6nen Badebuchten und charmanten historischen Altst\u00e4dten chauffiert wird, geht es kaum komfortabler. \u00a0 \u00a0 Durch einen gl\u00fccklichen Zufall haben wir die VIP Kabine der Bellezza zugewiesen bekommen. Anfangs dachten wir, weil Ute am Tag der Einschiffung Geburtstag hatte. Die wirkliche Erkl\u00e4rung ist viel einfacher. Anfang September 2021 waren wir schlicht die Ersten, die diese Kreuzfahrt gebucht haben. Und es ist bei Kapit\u00e4n Ante immer so, dass die erste Buchung in der Pr\u00e4sidenten Suite landet. Wenn wir die beiden Touren von 2021 und 2022 vergleichen, bleiben einige Punkte anzumerken. Die diesj\u00e4hrige Tour durch die Inselwelt S\u00fcddalmatiens war um einiges hei\u00dfer als die vom Vorjahr. Die Motoryacht Voyage vom letzten Jahr war einen Hauch luxuri\u00f6ser, deren Crew professioneller und der Koch besser. Aber das alles sind winzige Nuancen, die den Gesamteindruck in keinster Weise tr\u00fcben sollten. Der Urlaub war ein unvergleichliches Erlebnis und wir haben unsere Entscheidung zu keiner Zeit bereut. Besonders gefallen haben uns die imposanten Altst\u00e4dte von Dubrovnik, Split und Trogir. Aber auch die faszinierenden K\u00fcstenorte auf Hvar, Korcula und Mljet bleiben angenehm in Erinnerung. Das eigentliche Highlight ist aber die T\u00fcrkis schimmernde Adria. Nirgendwo im Mittelmeer haben wir bisher so viele karibisch anmutende Buchten und Str\u00e4nde wie in Dalmatien gesehen. \u00a0 \u00a0 Wie immer bei uns zum Abschluss die Zahlen. Eine Woche nach der 2021er Cruise haben wir die Kreuzfahrt f\u00fcr August 2022 festgemacht. Riva Tours wollte daf\u00fcr 1200 Euro pro Person haben. Die Fl\u00fcge haben wir nur wenige Tage sp\u00e4ter bei Easyjet gefunden. F\u00fcr die Nonstopverbindung und den Komfort der Notausgangspl\u00e4tze waren f\u00fcr uns beide insgesamt rund 200 Euro f\u00e4llig. Das XII Century Heritage Hotel in der Altstadt von Trogir ist im Sommer sehr teuer. Gl\u00fccklicherweise haben wir durch verschiedene Verg\u00fcnstigungen den Gesamtpreis f\u00fcr die 2 N\u00e4chte auf vergleichsweise preiswerte 170 Euro dr\u00fccken k\u00f6nnen. Unser Auto f\u00fcr die gesamte Reisezeit im Parkhaus am Terminal des BER Flughafens abzustellen, hat 80 Euro gekostet. \u00a0 \u00a0 F\u00fcr uns war es ein wunderbar erholsamer Urlaub. Ob wir solch eine Badekreuzfahrt in n\u00e4chster Zeit nochmal machen, keine Ahnung. Kann gut m\u00f6glich sein, andererseits gibt es auch noch sooo viele andere Reiseziele, die uns interessieren. Lasst euch \u00fcberraschen und bis dahin, macht\u2018s gut Leute. \u00a0 \u00a0 \u00a0<\/p>\n","protected":false},"author":1,"featured_media":0,"parent":0,"menu_order":0,"comment_status":"closed","ping_status":"closed","template":"","meta":{"footnotes":""},"class_list":["post-19637","page","type-page","status-publish","hentry"],"_links":{"self":[{"href":"https:\/\/welcome-ontour.de\/wordpress\/index.php\/wp-json\/wp\/v2\/pages\/19637","targetHints":{"allow":["GET"]}}],"collection":[{"href":"https:\/\/welcome-ontour.de\/wordpress\/index.php\/wp-json\/wp\/v2\/pages"}],"about":[{"href":"https:\/\/welcome-ontour.de\/wordpress\/index.php\/wp-json\/wp\/v2\/types\/page"}],"author":[{"embeddable":true,"href":"https:\/\/welcome-ontour.de\/wordpress\/index.php\/wp-json\/wp\/v2\/users\/1"}],"replies":[{"embeddable":true,"href":"https:\/\/welcome-ontour.de\/wordpress\/index.php\/wp-json\/wp\/v2\/comments?post=19637"}],"version-history":[{"count":8,"href":"https:\/\/welcome-ontour.de\/wordpress\/index.php\/wp-json\/wp\/v2\/pages\/19637\/revisions"}],"predecessor-version":[{"id":20058,"href":"https:\/\/welcome-ontour.de\/wordpress\/index.php\/wp-json\/wp\/v2\/pages\/19637\/revisions\/20058"}],"wp:attachment":[{"href":"https:\/\/welcome-ontour.de\/wordpress\/index.php\/wp-json\/wp\/v2\/media?parent=19637"}],"curies":[{"name":"wp","href":"https:\/\/api.w.org\/{rel}","templated":true}]}}