{"id":19635,"date":"2023-01-09T11:59:45","date_gmt":"2023-01-09T11:59:45","guid":{"rendered":"https:\/\/welcome-ontour.de\/wordpress\/?page_id=19635"},"modified":"2023-01-24T08:38:07","modified_gmt":"2023-01-24T08:38:07","slug":"2022-08-27","status":"publish","type":"page","link":"https:\/\/welcome-ontour.de\/wordpress\/index.php\/2022-08-27\/","title":{"rendered":"2022 08 27"},"content":{"rendered":"<p style=\"text-align: center;\"><span style=\"font-family: arial, helvetica, sans-serif; font-size: 8pt;\"><a href=\"https:\/\/welcome-ontour.de\/wordpress\/index.php\/2022-08-17-prolog\">Prolog<\/a>\u00a0 \u00a0 \u00a0<a href=\"https:\/\/welcome-ontour.de\/wordpress\/index.php\/2022-08-18\">Anreise<\/a>\u00a0 \u00a0 \u00a0<a href=\"https:\/\/welcome-ontour.de\/wordpress\/index.php\/2022-08-19\">Trogir<\/a>\u00a0 \u00a0 \u00a0<a href=\"https:\/\/welcome-ontour.de\/wordpress\/index.php\/2022-08-20\">Split<\/a>\u00a0 \u00a0 \u00a0<a href=\"https:\/\/welcome-ontour.de\/wordpress\/index.php\/2022-08-21\">Hvar\/Korcula<\/a>\u00a0 \u00a0 \u00a0<a href=\"https:\/\/welcome-ontour.de\/wordpress\/index.php\/2022-08-22\">Dubrovnik<\/a>\u00a0 \u00a0 \u00a0<a href=\"https:\/\/welcome-ontour.de\/wordpress\/index.php\/2022-08-23\">Mljet<\/a>\u00a0 \u00a0 \u00a0<a href=\"https:\/\/welcome-ontour.de\/wordpress\/index.php\/2022-08-24\">Makarska<\/a>\u00a0 \u00a0 \u00a0<a href=\"https:\/\/welcome-ontour.de\/wordpress\/index.php\/2022-08-25\">Brac<\/a>\u00a0 \u00a0 \u00a0<a href=\"https:\/\/welcome-ontour.de\/wordpress\/index.php\/2022-08-26\">Trogir<\/a>\u00a0 \u00a0 \u00a0<a href=\"https:\/\/welcome-ontour.de\/wordpress\/index.php\/2022-08-27\">R\u00fcckreise<\/a>\u00a0 \u00a0 \u00a0<a href=\"https:\/\/welcome-ontour.de\/wordpress\/index.php\/2022-08-28\">Fazit<\/a><\/span><\/p>\n<p><a href=\"https:\/\/welcome-ontour.de\/wordpress\/index.php\/2022-08-26\"><img decoding=\"async\" class=\"alignnone wp-image-19609\" src=\"https:\/\/welcome-ontour.de\/wordpress\/wp-content\/uploads\/2023\/01\/2022-08-17-01-295x300.jpg\" alt=\"\" width=\"55\" height=\"56\" srcset=\"https:\/\/welcome-ontour.de\/wordpress\/wp-content\/uploads\/2023\/01\/2022-08-17-01-295x300.jpg 295w, https:\/\/welcome-ontour.de\/wordpress\/wp-content\/uploads\/2023\/01\/2022-08-17-01-150x150.jpg 150w, https:\/\/welcome-ontour.de\/wordpress\/wp-content\/uploads\/2023\/01\/2022-08-17-01-300x300.jpg 300w, https:\/\/welcome-ontour.de\/wordpress\/wp-content\/uploads\/2023\/01\/2022-08-17-01-75x75.jpg 75w, https:\/\/welcome-ontour.de\/wordpress\/wp-content\/uploads\/2023\/01\/2022-08-17-01.jpg 387w\" sizes=\"(max-width: 55px) 100vw, 55px\" \/><\/a> \u00a0<a href=\"https:\/\/welcome-ontour.de\/wordpress\/index.php\/2022-08-28\"><img decoding=\"async\" class=\"alignright wp-image-19610\" src=\"https:\/\/welcome-ontour.de\/wordpress\/wp-content\/uploads\/2023\/01\/2022-08-17-02-295x300.jpg\" alt=\"\" width=\"55\" height=\"56\" srcset=\"https:\/\/welcome-ontour.de\/wordpress\/wp-content\/uploads\/2023\/01\/2022-08-17-02-295x300.jpg 295w, https:\/\/welcome-ontour.de\/wordpress\/wp-content\/uploads\/2023\/01\/2022-08-17-02-150x150.jpg 150w, https:\/\/welcome-ontour.de\/wordpress\/wp-content\/uploads\/2023\/01\/2022-08-17-02-300x300.jpg 300w, https:\/\/welcome-ontour.de\/wordpress\/wp-content\/uploads\/2023\/01\/2022-08-17-02-75x75.jpg 75w, https:\/\/welcome-ontour.de\/wordpress\/wp-content\/uploads\/2023\/01\/2022-08-17-02.jpg 387w\" sizes=\"(max-width: 55px) 100vw, 55px\" \/><\/a><\/p>\n<p style=\"text-align: center;\"><strong><span style=\"font-family: arial, helvetica, sans-serif; font-size: 14pt;\">Sa 27.8.<\/span><\/strong><\/p>\n<p style=\"text-align: center;\">\u00a0<\/p>\n<p style=\"text-align: center;\"><strong><span style=\"font-family: arial, helvetica, sans-serif; font-size: 14pt;\">R\u00fcckreise<\/span><\/strong><\/p>\n<p style=\"text-align: center;\">\u00a0<\/p>\n<p style=\"text-align: center;\"><span style=\"font-family: arial, helvetica, sans-serif; font-size: 12pt;\">Das Handy weckt uns um sechs.<\/span><\/p>\n<p style=\"text-align: center;\"><span style=\"font-family: arial, helvetica, sans-serif; font-size: 12pt;\">Klamotten in die K\u00f6fferchen, duschen und um sieben zum Fr\u00fchst\u00fcck.<\/span><\/p>\n<p style=\"text-align: center;\"><span style=\"font-family: arial, helvetica, sans-serif; font-size: 12pt;\">P\u00fcnktlich 7:45 erwartet uns ein Shuttle am Festungsturm.<\/span><\/p>\n<p style=\"text-align: center;\"><span style=\"font-family: arial, helvetica, sans-serif; font-size: 12pt;\">Ein letzter Blick, sch\u00f6n war\u2019s.<\/span><\/p>\n<p style=\"text-align: center;\">\u00a0<\/p>\n<p style=\"text-align: center;\"><span style=\"font-family: arial, helvetica, sans-serif; font-size: 12pt;\"><img decoding=\"async\" class=\"alignnone wp-image-20040 size-full\" src=\"https:\/\/welcome-ontour.de\/wordpress\/wp-content\/uploads\/2023\/01\/2022-08-27-01.jpg\" alt=\"\" width=\"810\" height=\"368\" srcset=\"https:\/\/welcome-ontour.de\/wordpress\/wp-content\/uploads\/2023\/01\/2022-08-27-01.jpg 810w, https:\/\/welcome-ontour.de\/wordpress\/wp-content\/uploads\/2023\/01\/2022-08-27-01-300x136.jpg 300w, https:\/\/welcome-ontour.de\/wordpress\/wp-content\/uploads\/2023\/01\/2022-08-27-01-700x318.jpg 700w, https:\/\/welcome-ontour.de\/wordpress\/wp-content\/uploads\/2023\/01\/2022-08-27-01-768x349.jpg 768w\" sizes=\"(max-width: 810px) 100vw, 810px\" \/><\/span><\/p>\n<p style=\"text-align: center;\">\u00a0<\/p>\n<p style=\"text-align: center;\"><span style=\"font-family: arial, helvetica, sans-serif; font-size: 12pt;\">Die Fahrt zum Airport ist kurz, um acht sind wir da.<\/span><\/p>\n<p style=\"text-align: center;\"><span style=\"font-family: arial, helvetica, sans-serif; font-size: 12pt;\">Wir sind gerade durch die fast leeren Sicherheitskontrollen, da kommt von Easyjet die Nachricht,<\/span><\/p>\n<p style=\"text-align: center;\"><span style=\"font-family: arial, helvetica, sans-serif; font-size: 12pt;\"> dass unser Flug voraussichtlich zwei Stunden Versp\u00e4tung haben wird.<\/span><\/p>\n<p style=\"text-align: center;\"><span style=\"font-family: arial, helvetica, sans-serif; font-size: 12pt;\">Statt um zehn soll es jetzt um zw\u00f6lf nach Hause gehen.<\/span><\/p>\n<p style=\"text-align: center;\"><span style=\"font-family: arial, helvetica, sans-serif; font-size: 12pt;\">Gro\u00dfartig \u00e4rgern tun wir uns deswegen nicht, die Entspannung der gesamten Reisezeit bleibt erhalten.<\/span><\/p>\n<p style=\"text-align: center;\">\u00a0<\/p>\n<p style=\"text-align: center;\"><span style=\"font-family: arial, helvetica, sans-serif; font-size: 12pt;\"><img decoding=\"async\" class=\"alignnone wp-image-20041\" src=\"https:\/\/welcome-ontour.de\/wordpress\/wp-content\/uploads\/2023\/01\/2022-08-27-02-226x300.jpg\" alt=\"\" width=\"289\" height=\"384\" srcset=\"https:\/\/welcome-ontour.de\/wordpress\/wp-content\/uploads\/2023\/01\/2022-08-27-02-226x300.jpg 226w, https:\/\/welcome-ontour.de\/wordpress\/wp-content\/uploads\/2023\/01\/2022-08-27-02.jpg 384w\" sizes=\"(max-width: 289px) 100vw, 289px\" \/>\u00a0 <img decoding=\"async\" class=\"alignnone wp-image-20042 size-full\" src=\"https:\/\/welcome-ontour.de\/wordpress\/wp-content\/uploads\/2023\/01\/2022-08-27-03.jpg\" alt=\"\" width=\"510\" height=\"384\" srcset=\"https:\/\/welcome-ontour.de\/wordpress\/wp-content\/uploads\/2023\/01\/2022-08-27-03.jpg 510w, https:\/\/welcome-ontour.de\/wordpress\/wp-content\/uploads\/2023\/01\/2022-08-27-03-300x226.jpg 300w\" sizes=\"(max-width: 510px) 100vw, 510px\" \/><\/span><\/p>\n<p style=\"text-align: center;\">\u00a0<\/p>\n<p style=\"text-align: center;\"><span style=\"font-family: arial, helvetica, sans-serif; font-size: 12pt;\">Die Airline h\u00e4lt uns per App auf dem Laufenden.<\/span><\/p>\n<p style=\"text-align: center;\"><span style=\"font-family: arial, helvetica, sans-serif; font-size: 12pt;\">Sogar Food &amp; Drink Coupons gibt es online.<\/span><\/p>\n<p style=\"text-align: center;\"><span style=\"font-family: arial, helvetica, sans-serif; font-size: 12pt;\">Trotzdem beobachten wir den BER-Abflug unserer Maschine auf Flightradar.<\/span><\/p>\n<p style=\"text-align: center;\"><span style=\"font-family: arial, helvetica, sans-serif; font-size: 12pt;\">Erst als unser Flieger nach Split in Berlin gestartet ist, <\/span><\/p>\n<p style=\"text-align: center;\"><span style=\"font-family: arial, helvetica, sans-serif; font-size: 12pt;\">haben wir Gewissheit, dass wir heute noch nach Hause kommen werden.<\/span><\/p>\n<p style=\"text-align: center;\"><span style=\"font-family: arial, helvetica, sans-serif; font-size: 12pt;\">Halb zw\u00f6lf sehen wir, wie die Easyjet Maschine vor unseren Augen landet.<\/span><\/p>\n<p style=\"text-align: center;\"><span style=\"font-family: arial, helvetica, sans-serif; font-size: 12pt;\">Umgehend wird bereits mit dem Boarding am Gate begonnen.<\/span><\/p>\n<p style=\"text-align: center;\"><span style=\"font-family: arial, helvetica, sans-serif; font-size: 12pt;\">Ein Shuttlebus bringt uns zum Flugzeug.<\/span><\/p>\n<p style=\"text-align: center;\">\u00a0<\/p>\n<p style=\"text-align: center;\"><span style=\"font-family: arial, helvetica, sans-serif; font-size: 12pt;\"><img decoding=\"async\" class=\"alignnone wp-image-20043 size-full\" src=\"https:\/\/welcome-ontour.de\/wordpress\/wp-content\/uploads\/2023\/01\/2022-08-27-04.jpg\" alt=\"\" width=\"510\" height=\"384\" srcset=\"https:\/\/welcome-ontour.de\/wordpress\/wp-content\/uploads\/2023\/01\/2022-08-27-04.jpg 510w, https:\/\/welcome-ontour.de\/wordpress\/wp-content\/uploads\/2023\/01\/2022-08-27-04-300x226.jpg 300w\" sizes=\"(max-width: 510px) 100vw, 510px\" \/>\u00a0 <img decoding=\"async\" class=\"alignnone wp-image-20044\" src=\"https:\/\/welcome-ontour.de\/wordpress\/wp-content\/uploads\/2023\/01\/2022-08-27-05-227x300.jpg\" alt=\"\" width=\"290\" height=\"384\" srcset=\"https:\/\/welcome-ontour.de\/wordpress\/wp-content\/uploads\/2023\/01\/2022-08-27-05-227x300.jpg 227w, https:\/\/welcome-ontour.de\/wordpress\/wp-content\/uploads\/2023\/01\/2022-08-27-05.jpg 302w\" sizes=\"(max-width: 290px) 100vw, 290px\" \/><\/span><\/p>\n<p style=\"text-align: center;\">\u00a0<\/p>\n<p style=\"text-align: center;\"><span style=\"font-family: arial, helvetica, sans-serif; font-size: 12pt;\">Der Airbus A320 ist komplett ausgebucht.<\/span><\/p>\n<p style=\"text-align: center;\"><span style=\"font-family: arial, helvetica, sans-serif; font-size: 12pt;\">Unsere Exit Seats bieten reichlich Beinfreiheit.<\/span><\/p>\n<p style=\"text-align: center;\"><span style=\"font-family: arial, helvetica, sans-serif; font-size: 12pt;\">12:25 heben wir ab, 2,5 Stunden Versp\u00e4tung.<\/span><\/p>\n<p style=\"text-align: center;\">\u00a0<\/p>\n<p style=\"text-align: center;\"><span style=\"font-family: arial, helvetica, sans-serif; font-size: 12pt;\"><img decoding=\"async\" class=\"alignnone wp-image-20045 size-full\" src=\"https:\/\/welcome-ontour.de\/wordpress\/wp-content\/uploads\/2023\/01\/2022-08-27-06.jpg\" alt=\"\" width=\"810\" height=\"402\" srcset=\"https:\/\/welcome-ontour.de\/wordpress\/wp-content\/uploads\/2023\/01\/2022-08-27-06.jpg 810w, https:\/\/welcome-ontour.de\/wordpress\/wp-content\/uploads\/2023\/01\/2022-08-27-06-300x149.jpg 300w, https:\/\/welcome-ontour.de\/wordpress\/wp-content\/uploads\/2023\/01\/2022-08-27-06-700x347.jpg 700w, https:\/\/welcome-ontour.de\/wordpress\/wp-content\/uploads\/2023\/01\/2022-08-27-06-768x381.jpg 768w\" sizes=\"(max-width: 810px) 100vw, 810px\" \/><\/span><\/p>\n<p style=\"text-align: center;\">\u00a0<\/p>\n<p style=\"text-align: center;\"><span style=\"font-family: arial, helvetica, sans-serif; font-size: 12pt;\">Nach einer kleinen Schleife \u00fcber Split und Trogir geht\u2019s direkt in n\u00f6rdliche Richtung.<\/span><\/p>\n<p style=\"text-align: center;\"><span style=\"font-family: arial, helvetica, sans-serif; font-size: 12pt;\">Voraussichtliche Flugzeit 1,5 Stunden.<\/span><\/p>\n<p style=\"text-align: center;\"><span style=\"font-family: arial, helvetica, sans-serif; font-size: 12pt;\">Flugroute Wien \u2013 Prag \u2013 Berlin.<\/span><\/p>\n<p style=\"text-align: center;\">\u00a0<\/p>\n<p style=\"text-align: center;\"><span style=\"font-family: arial, helvetica, sans-serif; font-size: 12pt;\"><img decoding=\"async\" class=\"alignnone wp-image-20046\" src=\"https:\/\/welcome-ontour.de\/wordpress\/wp-content\/uploads\/2023\/01\/2022-08-27-07-186x300.jpg\" alt=\"\" width=\"365\" height=\"589\" srcset=\"https:\/\/welcome-ontour.de\/wordpress\/wp-content\/uploads\/2023\/01\/2022-08-27-07-186x300.jpg 186w, https:\/\/welcome-ontour.de\/wordpress\/wp-content\/uploads\/2023\/01\/2022-08-27-07.jpg 502w\" sizes=\"(max-width: 365px) 100vw, 365px\" \/><\/span><\/p>\n<p style=\"text-align: center;\">\u00a0<\/p>\n<p style=\"text-align: center;\"><span style=\"font-family: arial, helvetica, sans-serif; font-size: 12pt;\">Etwa 14 Uhr landen wir am Berliner Flughafen und sind wenige Minuten sp\u00e4ter an unserem Gate.<\/span><\/p>\n<p style=\"text-align: center;\"><span style=\"font-family: arial, helvetica, sans-serif; font-size: 12pt;\">Dann passiert 20 min lang nichts, bevor uns eine Durchsage des Kapit\u00e4ns erreicht.<\/span><\/p>\n<p style=\"text-align: center;\"><span style=\"font-family: arial, helvetica, sans-serif; font-size: 12pt;\">Das Bodenpersonal des BER Airports hat im Moment niemanden, <\/span><\/p>\n<p style=\"text-align: center;\"><span style=\"font-family: arial, helvetica, sans-serif; font-size: 12pt;\">der die Passagierbr\u00fccke an unseren Airbus f\u00e4hrt.<\/span><\/p>\n<p style=\"text-align: center;\"><span style=\"font-family: arial, helvetica, sans-serif; font-size: 12pt;\">Weitere 10 min sp\u00e4ter ist es dann geschafft.<\/span><\/p>\n<p style=\"text-align: center;\"><span style=\"font-family: arial, helvetica, sans-serif; font-size: 12pt;\">Unser Auto wartet im P2 Parkhaus auf uns.<\/span><\/p>\n<p style=\"text-align: center;\"><span style=\"font-family: arial, helvetica, sans-serif; font-size: 12pt;\">Halb vier sind wir zu Hause.<\/span><\/p>\n<p style=\"text-align: center;\"><span style=\"font-family: arial, helvetica, sans-serif; font-size: 12pt;\">Super erholt.<\/span><\/p>\n<p style=\"text-align: center;\">\u00a0<\/p>\n<p style=\"text-align: center;\"><span style=\"font-family: arial, helvetica, sans-serif; font-size: 12pt;\"><img decoding=\"async\" class=\"alignnone wp-image-19613\" src=\"https:\/\/welcome-ontour.de\/wordpress\/wp-content\/uploads\/2023\/01\/2022-08-17-05-300x154.jpg\" alt=\"\" width=\"150\" height=\"77\" srcset=\"https:\/\/welcome-ontour.de\/wordpress\/wp-content\/uploads\/2023\/01\/2022-08-17-05-300x154.jpg 300w, https:\/\/welcome-ontour.de\/wordpress\/wp-content\/uploads\/2023\/01\/2022-08-17-05.jpg 394w\" sizes=\"(max-width: 150px) 100vw, 150px\" \/><\/span><\/p>\n<p><a href=\"https:\/\/welcome-ontour.de\/wordpress\/index.php\/2022-08-26\"><img decoding=\"async\" class=\"alignnone wp-image-19609\" src=\"https:\/\/welcome-ontour.de\/wordpress\/wp-content\/uploads\/2023\/01\/2022-08-17-01-295x300.jpg\" alt=\"\" width=\"55\" height=\"56\" srcset=\"https:\/\/welcome-ontour.de\/wordpress\/wp-content\/uploads\/2023\/01\/2022-08-17-01-295x300.jpg 295w, https:\/\/welcome-ontour.de\/wordpress\/wp-content\/uploads\/2023\/01\/2022-08-17-01-150x150.jpg 150w, https:\/\/welcome-ontour.de\/wordpress\/wp-content\/uploads\/2023\/01\/2022-08-17-01-300x300.jpg 300w, https:\/\/welcome-ontour.de\/wordpress\/wp-content\/uploads\/2023\/01\/2022-08-17-01-75x75.jpg 75w, https:\/\/welcome-ontour.de\/wordpress\/wp-content\/uploads\/2023\/01\/2022-08-17-01.jpg 387w\" sizes=\"(max-width: 55px) 100vw, 55px\" \/><\/a> \u00a0<a href=\"https:\/\/welcome-ontour.de\/wordpress\/index.php\/2022-08-28\"><img decoding=\"async\" class=\"alignright wp-image-19610\" src=\"https:\/\/welcome-ontour.de\/wordpress\/wp-content\/uploads\/2023\/01\/2022-08-17-02-295x300.jpg\" alt=\"\" width=\"55\" height=\"56\" srcset=\"https:\/\/welcome-ontour.de\/wordpress\/wp-content\/uploads\/2023\/01\/2022-08-17-02-295x300.jpg 295w, https:\/\/welcome-ontour.de\/wordpress\/wp-content\/uploads\/2023\/01\/2022-08-17-02-150x150.jpg 150w, https:\/\/welcome-ontour.de\/wordpress\/wp-content\/uploads\/2023\/01\/2022-08-17-02-300x300.jpg 300w, https:\/\/welcome-ontour.de\/wordpress\/wp-content\/uploads\/2023\/01\/2022-08-17-02-75x75.jpg 75w, https:\/\/welcome-ontour.de\/wordpress\/wp-content\/uploads\/2023\/01\/2022-08-17-02.jpg 387w\" sizes=\"(max-width: 55px) 100vw, 55px\" \/><\/a><\/p>\n","protected":false},"excerpt":{"rendered":"<p>Prolog\u00a0 \u00a0 \u00a0Anreise\u00a0 \u00a0 \u00a0Trogir\u00a0 \u00a0 \u00a0Split\u00a0 \u00a0 \u00a0Hvar\/Korcula\u00a0 \u00a0 \u00a0Dubrovnik\u00a0 \u00a0 \u00a0Mljet\u00a0 \u00a0 \u00a0Makarska\u00a0 \u00a0 \u00a0Brac\u00a0 \u00a0 \u00a0Trogir\u00a0 \u00a0 \u00a0R\u00fcckreise\u00a0 \u00a0 \u00a0Fazit \u00a0 Sa 27.8. \u00a0 R\u00fcckreise \u00a0 Das Handy weckt uns um sechs. Klamotten in die K\u00f6fferchen, duschen und um sieben zum Fr\u00fchst\u00fcck. P\u00fcnktlich 7:45 erwartet uns ein Shuttle am Festungsturm. Ein letzter Blick, sch\u00f6n war\u2019s. \u00a0 \u00a0 Die Fahrt zum Airport ist kurz, um acht sind wir da. Wir sind gerade durch die fast leeren Sicherheitskontrollen, da kommt von Easyjet die Nachricht, dass unser Flug voraussichtlich zwei Stunden Versp\u00e4tung haben wird. Statt um zehn soll es jetzt um zw\u00f6lf nach Hause gehen. Gro\u00dfartig \u00e4rgern tun wir uns deswegen nicht, die Entspannung der gesamten Reisezeit bleibt erhalten. \u00a0 \u00a0 \u00a0 Die Airline h\u00e4lt uns per App auf dem Laufenden. Sogar Food &amp; Drink Coupons gibt es online. Trotzdem beobachten wir den BER-Abflug unserer Maschine auf Flightradar. Erst als unser Flieger nach Split in Berlin gestartet ist, haben wir Gewissheit, dass wir heute noch nach Hause kommen werden. Halb zw\u00f6lf sehen wir, wie die Easyjet Maschine vor unseren Augen landet. Umgehend wird bereits mit dem Boarding am Gate begonnen. Ein Shuttlebus bringt uns zum Flugzeug. \u00a0 \u00a0 \u00a0 Der Airbus A320 ist komplett ausgebucht. Unsere Exit Seats bieten reichlich Beinfreiheit. 12:25 heben wir ab, 2,5 Stunden Versp\u00e4tung. \u00a0 \u00a0 Nach einer kleinen Schleife \u00fcber Split und Trogir geht\u2019s direkt in n\u00f6rdliche Richtung. Voraussichtliche Flugzeit 1,5 Stunden. Flugroute Wien \u2013 Prag \u2013 Berlin. \u00a0 \u00a0 Etwa 14 Uhr landen wir am Berliner Flughafen und sind wenige Minuten sp\u00e4ter an unserem Gate. Dann passiert 20 min lang nichts, bevor uns eine Durchsage des Kapit\u00e4ns erreicht. Das Bodenpersonal des BER Airports hat im Moment niemanden, der die Passagierbr\u00fccke an unseren Airbus f\u00e4hrt. Weitere 10 min sp\u00e4ter ist es dann geschafft. Unser Auto wartet im P2 Parkhaus auf uns. Halb vier sind wir zu Hause. Super erholt. \u00a0 \u00a0<\/p>\n","protected":false},"author":1,"featured_media":0,"parent":0,"menu_order":0,"comment_status":"closed","ping_status":"closed","template":"","meta":{"footnotes":""},"class_list":["post-19635","page","type-page","status-publish","hentry"],"_links":{"self":[{"href":"https:\/\/welcome-ontour.de\/wordpress\/index.php\/wp-json\/wp\/v2\/pages\/19635","targetHints":{"allow":["GET"]}}],"collection":[{"href":"https:\/\/welcome-ontour.de\/wordpress\/index.php\/wp-json\/wp\/v2\/pages"}],"about":[{"href":"https:\/\/welcome-ontour.de\/wordpress\/index.php\/wp-json\/wp\/v2\/types\/page"}],"author":[{"embeddable":true,"href":"https:\/\/welcome-ontour.de\/wordpress\/index.php\/wp-json\/wp\/v2\/users\/1"}],"replies":[{"embeddable":true,"href":"https:\/\/welcome-ontour.de\/wordpress\/index.php\/wp-json\/wp\/v2\/comments?post=19635"}],"version-history":[{"count":7,"href":"https:\/\/welcome-ontour.de\/wordpress\/index.php\/wp-json\/wp\/v2\/pages\/19635\/revisions"}],"predecessor-version":[{"id":20068,"href":"https:\/\/welcome-ontour.de\/wordpress\/index.php\/wp-json\/wp\/v2\/pages\/19635\/revisions\/20068"}],"wp:attachment":[{"href":"https:\/\/welcome-ontour.de\/wordpress\/index.php\/wp-json\/wp\/v2\/media?parent=19635"}],"curies":[{"name":"wp","href":"https:\/\/api.w.org\/{rel}","templated":true}]}}