{"id":19459,"date":"2023-01-04T12:46:31","date_gmt":"2023-01-04T12:46:31","guid":{"rendered":"https:\/\/welcome-ontour.de\/wordpress\/?page_id=19459"},"modified":"2023-01-08T12:19:01","modified_gmt":"2023-01-08T12:19:01","slug":"2022-05-02-k","status":"publish","type":"page","link":"https:\/\/welcome-ontour.de\/wordpress\/index.php\/2022-05-02-k\/","title":{"rendered":"2022 05 02 k"},"content":{"rendered":"<p style=\"text-align: center;\"><span style=\"font-family: arial, helvetica, sans-serif; font-size: 8pt;\"><a href=\"https:\/\/welcome-ontour.de\/wordpress\/index.php\/2022-04-28-k\">Anreise \/ Altstadt<\/a>\u00a0 \u00a0 \u00a0 <a href=\"https:\/\/welcome-ontour.de\/wordpress\/index.php\/2022-04-29-k\">Kathedrale \/ Keramikmuseum<\/a>\u00a0 \u00a0 \u00a0 <a href=\"https:\/\/welcome-ontour.de\/wordpress\/index.php\/2022-04-30-k\">Fr\u00fchlingsfest \/ Altstadt<\/a>\u00a0 \u00a0 \u00a0 <a href=\"https:\/\/welcome-ontour.de\/wordpress\/index.php\/2022-05-01-k\">Stadt der K\u00fcste und Wissenschaften \/ Oceanografic \/ Strand<\/a>\u00a0 \u00a0 \u00a0 <a href=\"https:\/\/welcome-ontour.de\/wordpress\/index.php\/2022-05-02-k\">Altstadt \/ R\u00fcckreise<\/a>\u00a0\u00a0<\/span>\u00a0\u00a0<\/p>\n<p style=\"text-align: center;\"><a href=\"https:\/\/welcome-ontour.de\/wordpress\/index.php\/2022-05-01-k\"><img decoding=\"async\" class=\"alignleft wp-image-19410\" src=\"https:\/\/welcome-ontour.de\/wordpress\/wp-content\/uploads\/2023\/01\/2022-04-28-k-01-300x46.jpg\" alt=\"\" width=\"100\" height=\"15\" srcset=\"https:\/\/welcome-ontour.de\/wordpress\/wp-content\/uploads\/2023\/01\/2022-04-28-k-01-300x46.jpg 300w, https:\/\/welcome-ontour.de\/wordpress\/wp-content\/uploads\/2023\/01\/2022-04-28-k-01.jpg 394w\" sizes=\"(max-width: 100px) 100vw, 100px\" \/><\/a> \u00a0<a href=\"https:\/\/welcome-ontour.de\/wordpress\/index.php\/2022-05-03\"><img decoding=\"async\" class=\"alignright wp-image-19412\" src=\"https:\/\/welcome-ontour.de\/wordpress\/wp-content\/uploads\/2023\/01\/2022-04-28-k-03-300x46.jpg\" alt=\"\" width=\"100\" height=\"15\" srcset=\"https:\/\/welcome-ontour.de\/wordpress\/wp-content\/uploads\/2023\/01\/2022-04-28-k-03-300x46.jpg 300w, https:\/\/welcome-ontour.de\/wordpress\/wp-content\/uploads\/2023\/01\/2022-04-28-k-03.jpg 394w\" sizes=\"(max-width: 100px) 100vw, 100px\" \/><\/a><\/p>\n<p style=\"text-align: center;\"><span style=\"font-family: tahoma, arial, helvetica, sans-serif;\"><img decoding=\"async\" class=\"aligncenter wp-image-19411 size-medium\" src=\"https:\/\/welcome-ontour.de\/wordpress\/wp-content\/uploads\/2023\/01\/2022-04-28-k-02-300x215.jpg\" alt=\"\" width=\"300\" height=\"215\" srcset=\"https:\/\/welcome-ontour.de\/wordpress\/wp-content\/uploads\/2023\/01\/2022-04-28-k-02-300x215.jpg 300w, https:\/\/welcome-ontour.de\/wordpress\/wp-content\/uploads\/2023\/01\/2022-04-28-k-02.jpg 612w\" sizes=\"(max-width: 300px) 100vw, 300px\" \/><\/span><\/p>\n<p>&nbsp;<\/p>\n<p style=\"text-align: center;\"><span style=\"font-family: tahoma, arial, helvetica, sans-serif;\"><strong><span style=\"font-size: 14pt;\">Tag 5<\/span><\/strong><\/span><\/p>\n<p style=\"text-align: center;\">\u00a0<\/p>\n<p style=\"text-align: center;\"><span style=\"font-family: tahoma, arial, helvetica, sans-serif; font-size: 12pt;\">Leider der letzte: nach dem \u00fcblichen \u00fcppigen Fr\u00fchst\u00fcck <\/span><\/p>\n<p style=\"text-align: center;\"><span style=\"font-family: tahoma, arial, helvetica, sans-serif;\"><span style=\"font-size: 12pt;\">war nun noch ein letzter Spaziergang <\/span><span style=\"font-size: 12pt;\">durch den Stadtpark <\/span><\/span><\/p>\n<p style=\"text-align: center;\"><span style=\"font-family: tahoma, arial, helvetica, sans-serif; font-size: 12pt;\">in die Altstadt mit Besuch des Mercado Central, DEM Zentralmarkt Valencias geplant.<\/span><\/p>\n<p style=\"text-align: center;\">\u00a0<\/p>\n<p style=\"text-align: center;\"><span style=\"font-family: tahoma, arial, helvetica, sans-serif; font-size: 12pt;\"><img decoding=\"async\" class=\"alignnone wp-image-19584 size-full\" src=\"https:\/\/welcome-ontour.de\/wordpress\/wp-content\/uploads\/2023\/01\/2022-05-02-k-02.jpg\" alt=\"\" width=\"302\" height=\"400\" srcset=\"https:\/\/welcome-ontour.de\/wordpress\/wp-content\/uploads\/2023\/01\/2022-05-02-k-02.jpg 302w, https:\/\/welcome-ontour.de\/wordpress\/wp-content\/uploads\/2023\/01\/2022-05-02-k-02-227x300.jpg 227w\" sizes=\"(max-width: 302px) 100vw, 302px\" \/>\u00a0\u00a0<img decoding=\"async\" class=\"alignnone wp-image-19586 size-full\" src=\"https:\/\/welcome-ontour.de\/wordpress\/wp-content\/uploads\/2023\/01\/2022-05-02-k-04.jpg\" alt=\"\" width=\"302\" height=\"400\" srcset=\"https:\/\/welcome-ontour.de\/wordpress\/wp-content\/uploads\/2023\/01\/2022-05-02-k-04.jpg 302w, https:\/\/welcome-ontour.de\/wordpress\/wp-content\/uploads\/2023\/01\/2022-05-02-k-04-227x300.jpg 227w\" sizes=\"(max-width: 302px) 100vw, 302px\" \/><\/span><\/p>\n<p style=\"text-align: center;\">\u00a0<\/p>\n<p style=\"text-align: center;\"><span style=\"font-family: tahoma, arial, helvetica, sans-serif; font-size: 12pt;\">Conny ist in den Tagen zuvor leider kaputt gegangen, so dass Familie Sander <\/span><\/p>\n<p style=\"text-align: center;\"><span style=\"font-family: tahoma, arial, helvetica, sans-serif; font-size: 12pt;\">noch das 72-Stunden-Ticket per Bus abfuhr und wir uns am Eingang des Mercado trafen.<\/span><\/p>\n<p style=\"text-align: center;\"><span style=\"font-family: tahoma, arial, helvetica, sans-serif; font-size: 12pt;\">Als eingespieltes Team wurden zuerst die Eichh\u00f6rnchen-Blasen geleert, <\/span><\/p>\n<p style=\"text-align: center;\"><span style=\"font-family: tahoma, arial, helvetica, sans-serif; font-size: 12pt;\">bevor sich die ganze Konzentration auf den vor uns liegenden Resttag richten konnte.<\/span><\/p>\n<p style=\"text-align: center;\"><span style=\"font-family: tahoma, arial, helvetica, sans-serif; font-size: 12pt;\">Der Mercado &#8211; eingeweiht 1928 mit der geb\u00fchrenden vorherigen Bauphase (begonnen 1914)<\/span><\/p>\n<p style=\"text-align: center;\"><span style=\"font-family: tahoma, arial, helvetica, sans-serif; font-size: 12pt;\"> steht auch dieser Bau ganz im Zeichen des Modernisme, des valencianischen Jugendstils, <\/span><\/p>\n<p style=\"text-align: center;\"><span style=\"font-family: tahoma, arial, helvetica, sans-serif; font-size: 12pt;\">der sich durch die ganze Innenstadt zieht &#8211; wundersch\u00f6n!<\/span><\/p>\n<p style=\"text-align: center;\"><span style=\"font-family: tahoma, arial, helvetica, sans-serif; font-size: 12pt;\">Das Auge hat zu tun, die F\u00fc\u00dfe auch.\u00a0<\/span><\/p>\n<p style=\"text-align: center;\">\u00a0<\/p>\n<p style=\"text-align: center;\"><span style=\"font-family: tahoma, arial, helvetica, sans-serif; font-size: 12pt;\"><img decoding=\"async\" class=\"alignnone wp-image-19587\" src=\"https:\/\/welcome-ontour.de\/wordpress\/wp-content\/uploads\/2023\/01\/2022-05-02-k-05-147x300.jpg\" alt=\"\" width=\"333\" height=\"679\" srcset=\"https:\/\/welcome-ontour.de\/wordpress\/wp-content\/uploads\/2023\/01\/2022-05-02-k-05-147x300.jpg 147w, https:\/\/welcome-ontour.de\/wordpress\/wp-content\/uploads\/2023\/01\/2022-05-02-k-05.jpg 397w\" sizes=\"(max-width: 333px) 100vw, 333px\" \/>\u00a0 <img decoding=\"async\" class=\"alignnone wp-image-19588\" src=\"https:\/\/welcome-ontour.de\/wordpress\/wp-content\/uploads\/2023\/01\/2022-05-02-k-06-147x300.jpg\" alt=\"\" width=\"333\" height=\"679\" srcset=\"https:\/\/welcome-ontour.de\/wordpress\/wp-content\/uploads\/2023\/01\/2022-05-02-k-06-147x300.jpg 147w, https:\/\/welcome-ontour.de\/wordpress\/wp-content\/uploads\/2023\/01\/2022-05-02-k-06.jpg 397w\" sizes=\"(max-width: 333px) 100vw, 333px\" \/><\/span><\/p>\n<p style=\"text-align: center;\">\u00a0<\/p>\n<p style=\"text-align: center;\"><span style=\"font-family: tahoma, arial, helvetica, sans-serif; font-size: 12pt;\">Auf einer Gesamtfl\u00e4che von 8000 qm erstrecken sich Marktst\u00e4nde mit so vielen K\u00f6stlichkeiten, <\/span><\/p>\n<p style=\"text-align: center;\"><span style=\"font-family: tahoma, arial, helvetica, sans-serif; font-size: 12pt;\">dass selbst Ute an ihre Grenzen kommt.<\/span><\/p>\n<p style=\"text-align: center;\"><span style=\"font-family: tahoma, arial, helvetica, sans-serif; font-size: 12pt;\">Schinken, W\u00fcrste, K\u00e4se, Tapas, Tapas, Tapas und der gr\u00f6\u00dfte Fischmarkt Europas sind hier zu finden.<\/span><\/p>\n<p style=\"text-align: center;\"><span style=\"font-family: tahoma, arial, helvetica, sans-serif; font-size: 12pt;\">Jeder ging nun auf die Pirsch, um sich ein letztes Mal berauschen zu lassen.<\/span><\/p>\n<p style=\"text-align: center;\"><span style=\"font-family: tahoma, arial, helvetica, sans-serif; font-size: 12pt;\">Da der Stuben\u00e4lteste\u00a0 das dringende Bed\u00fcrfnis nach Austern hatte, <\/span><\/p>\n<p style=\"text-align: center;\"><span style=\"font-family: tahoma, arial, helvetica, sans-serif; font-size: 12pt;\">wurde der entsprechende Stand gesucht.<\/span><\/p>\n<p style=\"text-align: center;\"><span style=\"font-family: tahoma, arial, helvetica, sans-serif; font-size: 12pt;\">Ein schnatternder Spanier, vertieft in eine Masken-Diskussion\u00a0\u00a0<\/span><\/p>\n<p style=\"text-align: center;\"><span style=\"font-family: tahoma, arial, helvetica, sans-serif; font-size: 12pt;\">(die Verk\u00e4ufer mussten noch Masken tragen, das zahlreiche Publikum nicht &#8211; also wie bei uns) <\/span><\/p>\n<p style=\"text-align: center;\"><span style=\"font-family: tahoma, arial, helvetica, sans-serif; font-size: 12pt;\">lie\u00df uns unendlich warten und ich habe nur \u00fcber die meisterhafte Geduld <\/span><\/p>\n<p style=\"text-align: center;\"><span style=\"font-family: tahoma, arial, helvetica, sans-serif; font-size: 12pt;\">meines mir Angetrauten gestaunt.<\/span><\/p>\n<p style=\"text-align: center;\"><span style=\"font-family: tahoma, arial, helvetica, sans-serif; font-size: 12pt;\">Lags an der Urlaubsatmosph\u00e4re oder am Klang der Stimme des Fischverk\u00e4ufers <\/span><\/p>\n<p style=\"text-align: center;\"><span style=\"font-family: tahoma, arial, helvetica, sans-serif;\"><span style=\"font-size: 12pt;\">oder daran, dass der Fischmann dachte, <\/span><span style=\"font-size: 12pt;\">Uwe wollte das geduldige Zuh\u00f6rer-Duo <\/span><\/span><\/p>\n<p style=\"text-align: center;\"><span style=\"font-family: tahoma, arial, helvetica, sans-serif; font-size: 12pt;\">zum Trio erweitern (verst\u00e4ndnisvoller Blick?) &#8211; ich wei\u00df es nicht.<\/span><\/p>\n<p style=\"text-align: center;\"><span style=\"font-family: tahoma, arial, helvetica, sans-serif; font-size: 12pt;\">Irgendwann wurde die Geduld belohnt, <\/span><\/p>\n<p style=\"text-align: center;\"><span style=\"font-family: tahoma, arial, helvetica, sans-serif; font-size: 12pt;\">schnell noch auf Esperanto parliert, die Auster geschl\u00fcrft &#8211; GL\u00dcCKLICH.<\/span><\/p>\n<p style=\"text-align: center;\"><span style=\"font-family: tahoma, arial, helvetica, sans-serif; font-size: 12pt;\">Sehr empfehlenswert und Teil unserer Beute waren \u00fcbrigens Apfelkapern.<\/span><\/p>\n<p style=\"text-align: center;\"><span style=\"font-family: tahoma, arial, helvetica, sans-serif; font-size: 12pt;\">Handtellergro\u00dfe K\u00f6stlichkeiten, die ich hier noch nie gesehen habe &#8211; ich muss sie suchen.<\/span><\/p>\n<p style=\"text-align: center;\"><span style=\"font-family: tahoma, arial, helvetica, sans-serif; font-size: 12pt;\">Da wir uns erst 15.30 Uhr zur Abreise im Hotel verabredet hatten, wo wir freundlicherweise <\/span><\/p>\n<p style=\"text-align: center;\"><span style=\"font-family: tahoma, arial, helvetica, sans-serif; font-size: 12pt;\">unser Gep\u00e4ck lassen konnten, ging\u2019s noch ein letztes Mal auf geteilten Wegen durch die Stadt,<\/span><\/p>\n<p style=\"text-align: center;\"><span style=\"font-family: tahoma, arial, helvetica, sans-serif; font-size: 12pt;\"> um das ein oder andere Mitbringsel zu ergattern, <\/span><\/p>\n<p style=\"text-align: center;\"><span style=\"font-family: tahoma, arial, helvetica, sans-serif; font-size: 12pt;\">noch einmal die Atmosph\u00e4re Valencias aufzusaugen<\/span><\/p>\n<p style=\"text-align: center;\"><span style=\"font-family: tahoma, arial, helvetica, sans-serif; font-size: 12pt;\">und die Wehmut mit einem letzten Cerveza, Agua de Valencia <\/span><\/p>\n<p style=\"text-align: center;\"><span style=\"font-family: tahoma, arial, helvetica, sans-serif; font-size: 12pt;\">und nat\u00fcrlich spanischen Essen zu bet\u00e4uben.<\/span><\/p>\n<p style=\"text-align: center;\"><span style=\"font-family: tahoma, arial, helvetica, sans-serif;\"><span style=\"font-size: 12pt;\">Angekommen in der Hotellobby wurde weiter bet\u00e4ubt mit einem unglaublich s\u00fc\u00dfen Ges\u00f6ff<\/span><span style=\"font-size: 12pt;\"> (Rum???<\/span><\/span><\/p>\n<p style=\"text-align: center;\"><span style=\"font-family: tahoma, arial, helvetica, sans-serif; font-size: 12pt;\"> Auf 200 % Zuckerbasis???), da die Flasche im Rausch gekauft und nun geleert werden musste.<\/span><\/p>\n<p style=\"text-align: center;\"><span style=\"font-family: tahoma, arial, helvetica, sans-serif; font-size: 12pt;\">Man will ja nix dem Flughafenpersonal \u00fcberlassen!\u00a0\u00a0<\/span><\/p>\n<p style=\"text-align: center;\">\u00a0<\/p>\n<p style=\"text-align: center;\"><span style=\"font-family: tahoma, arial, helvetica, sans-serif; font-size: 12pt;\"><img decoding=\"async\" class=\"alignnone wp-image-19589\" src=\"https:\/\/welcome-ontour.de\/wordpress\/wp-content\/uploads\/2023\/01\/2022-05-02-k-07-300x202.jpg\" alt=\"\" width=\"500\" height=\"337\" srcset=\"https:\/\/welcome-ontour.de\/wordpress\/wp-content\/uploads\/2023\/01\/2022-05-02-k-07-300x202.jpg 300w, https:\/\/welcome-ontour.de\/wordpress\/wp-content\/uploads\/2023\/01\/2022-05-02-k-07-700x472.jpg 700w, https:\/\/welcome-ontour.de\/wordpress\/wp-content\/uploads\/2023\/01\/2022-05-02-k-07-768x518.jpg 768w, https:\/\/welcome-ontour.de\/wordpress\/wp-content\/uploads\/2023\/01\/2022-05-02-k-07.jpg 810w\" sizes=\"(max-width: 500px) 100vw, 500px\" \/><\/span><\/p>\n<p style=\"text-align: center;\">\u00a0<\/p>\n<p style=\"text-align: center;\"><span style=\"font-family: tahoma, arial, helvetica, sans-serif; font-size: 12pt;\">Unsere Fahrer erschienen p\u00fcnktlich, auf ging\u2019s zum Flughafen und auf zum Ende unserer Reise.<\/span><\/p>\n<p style=\"text-align: center;\">\u00a0<\/p>\n<p style=\"text-align: center;\"><span style=\"font-family: tahoma, arial, helvetica, sans-serif; font-size: 12pt;\"><img decoding=\"async\" class=\"alignnone wp-image-19590 size-full\" src=\"https:\/\/welcome-ontour.de\/wordpress\/wp-content\/uploads\/2023\/01\/2022-05-02-k-08.jpg\" alt=\"\" width=\"810\" height=\"367\" srcset=\"https:\/\/welcome-ontour.de\/wordpress\/wp-content\/uploads\/2023\/01\/2022-05-02-k-08.jpg 810w, https:\/\/welcome-ontour.de\/wordpress\/wp-content\/uploads\/2023\/01\/2022-05-02-k-08-300x136.jpg 300w, https:\/\/welcome-ontour.de\/wordpress\/wp-content\/uploads\/2023\/01\/2022-05-02-k-08-700x317.jpg 700w, https:\/\/welcome-ontour.de\/wordpress\/wp-content\/uploads\/2023\/01\/2022-05-02-k-08-768x348.jpg 768w\" sizes=\"(max-width: 810px) 100vw, 810px\" \/><\/span><\/p>\n<p style=\"text-align: center;\">\u00a0<\/p>\n<p style=\"text-align: center;\"><span style=\"font-family: tahoma, arial, helvetica, sans-serif; font-size: 12pt;\">\u00a0Sch\u00f6n war\u2019s!<\/span><\/p>\n<p style=\"text-align: center;\">\u00a0<\/p>\n<p style=\"text-align: center;\"><span style=\"font-family: tahoma, arial, helvetica, sans-serif; font-size: 12pt;\"><strong><img decoding=\"async\" class=\"aligncenter wp-image-19583\" src=\"https:\/\/welcome-ontour.de\/wordpress\/wp-content\/uploads\/2023\/01\/2022-05-02-k-01-700x478.jpg\" alt=\"\" width=\"500\" height=\"341\" srcset=\"https:\/\/welcome-ontour.de\/wordpress\/wp-content\/uploads\/2023\/01\/2022-05-02-k-01-700x478.jpg 700w, https:\/\/welcome-ontour.de\/wordpress\/wp-content\/uploads\/2023\/01\/2022-05-02-k-01-300x205.jpg 300w, https:\/\/welcome-ontour.de\/wordpress\/wp-content\/uploads\/2023\/01\/2022-05-02-k-01-768x524.jpg 768w, https:\/\/welcome-ontour.de\/wordpress\/wp-content\/uploads\/2023\/01\/2022-05-02-k-01.jpg 810w\" sizes=\"(max-width: 500px) 100vw, 500px\" \/><\/strong><\/span><\/p>\n<p style=\"text-align: center;\">\u00a0<\/p>\n<p><span style=\"font-family: georgia, palatino, serif;\"><img decoding=\"async\" class=\"alignnone size-medium wp-image-19436 aligncenter\" src=\"https:\/\/welcome-ontour.de\/wordpress\/wp-content\/uploads\/2023\/01\/2022-04-28-k-27-300x78.jpg\" alt=\"\" width=\"300\" height=\"78\" srcset=\"https:\/\/welcome-ontour.de\/wordpress\/wp-content\/uploads\/2023\/01\/2022-04-28-k-27-300x78.jpg 300w, https:\/\/welcome-ontour.de\/wordpress\/wp-content\/uploads\/2023\/01\/2022-04-28-k-27.jpg 394w\" sizes=\"(max-width: 300px) 100vw, 300px\" \/><\/span><\/p>\n<p style=\"text-align: center;\"><a href=\"https:\/\/welcome-ontour.de\/wordpress\/index.php\/2022-05-01-k\"><img decoding=\"async\" class=\"alignleft wp-image-19410\" src=\"https:\/\/welcome-ontour.de\/wordpress\/wp-content\/uploads\/2023\/01\/2022-04-28-k-01-300x46.jpg\" alt=\"\" width=\"100\" height=\"15\" srcset=\"https:\/\/welcome-ontour.de\/wordpress\/wp-content\/uploads\/2023\/01\/2022-04-28-k-01-300x46.jpg 300w, https:\/\/welcome-ontour.de\/wordpress\/wp-content\/uploads\/2023\/01\/2022-04-28-k-01.jpg 394w\" sizes=\"(max-width: 100px) 100vw, 100px\" \/><\/a> \u00a0<a href=\"https:\/\/welcome-ontour.de\/wordpress\/index.php\/2022-05-03\"><img decoding=\"async\" class=\"alignright wp-image-19412\" src=\"https:\/\/welcome-ontour.de\/wordpress\/wp-content\/uploads\/2023\/01\/2022-04-28-k-03-300x46.jpg\" alt=\"\" width=\"100\" height=\"15\" srcset=\"https:\/\/welcome-ontour.de\/wordpress\/wp-content\/uploads\/2023\/01\/2022-04-28-k-03-300x46.jpg 300w, https:\/\/welcome-ontour.de\/wordpress\/wp-content\/uploads\/2023\/01\/2022-04-28-k-03.jpg 394w\" sizes=\"(max-width: 100px) 100vw, 100px\" \/><\/a><\/p>\n","protected":false},"excerpt":{"rendered":"<p>Anreise \/ Altstadt\u00a0 \u00a0 \u00a0 Kathedrale \/ Keramikmuseum\u00a0 \u00a0 \u00a0 Fr\u00fchlingsfest \/ Altstadt\u00a0 \u00a0 \u00a0 Stadt der K\u00fcste und Wissenschaften \/ Oceanografic \/ Strand\u00a0 \u00a0 \u00a0 Altstadt \/ R\u00fcckreise\u00a0\u00a0\u00a0\u00a0 \u00a0 &nbsp; Tag 5 \u00a0 Leider der letzte: nach dem \u00fcblichen \u00fcppigen Fr\u00fchst\u00fcck war nun noch ein letzter Spaziergang durch den Stadtpark in die Altstadt mit Besuch des Mercado Central, DEM Zentralmarkt Valencias geplant. \u00a0 \u00a0\u00a0 \u00a0 Conny ist in den Tagen zuvor leider kaputt gegangen, so dass Familie Sander noch das 72-Stunden-Ticket per Bus abfuhr und wir uns am Eingang des Mercado trafen. Als eingespieltes Team wurden zuerst die Eichh\u00f6rnchen-Blasen geleert, bevor sich die ganze Konzentration auf den vor uns liegenden Resttag richten konnte. Der Mercado &#8211; eingeweiht 1928 mit der geb\u00fchrenden vorherigen Bauphase (begonnen 1914) steht auch dieser Bau ganz im Zeichen des Modernisme, des valencianischen Jugendstils, der sich durch die ganze Innenstadt zieht &#8211; wundersch\u00f6n! Das Auge hat zu tun, die F\u00fc\u00dfe auch.\u00a0 \u00a0 \u00a0 \u00a0 Auf einer Gesamtfl\u00e4che von 8000 qm erstrecken sich Marktst\u00e4nde mit so vielen K\u00f6stlichkeiten, dass selbst Ute an ihre Grenzen kommt. Schinken, W\u00fcrste, K\u00e4se, Tapas, Tapas, Tapas und der gr\u00f6\u00dfte Fischmarkt Europas sind hier zu finden. Jeder ging nun auf die Pirsch, um sich ein letztes Mal berauschen zu lassen. Da der Stuben\u00e4lteste\u00a0 das dringende Bed\u00fcrfnis nach Austern hatte, wurde der entsprechende Stand gesucht. Ein schnatternder Spanier, vertieft in eine Masken-Diskussion\u00a0\u00a0 (die Verk\u00e4ufer mussten noch Masken tragen, das zahlreiche Publikum nicht &#8211; also wie bei uns) lie\u00df uns unendlich warten und ich habe nur \u00fcber die meisterhafte Geduld meines mir Angetrauten gestaunt. Lags an der Urlaubsatmosph\u00e4re oder am Klang der Stimme des Fischverk\u00e4ufers oder daran, dass der Fischmann dachte, Uwe wollte das geduldige Zuh\u00f6rer-Duo zum Trio erweitern (verst\u00e4ndnisvoller Blick?) &#8211; ich wei\u00df es nicht. Irgendwann wurde die Geduld belohnt, schnell noch auf Esperanto parliert, die Auster geschl\u00fcrft &#8211; GL\u00dcCKLICH. Sehr empfehlenswert und Teil unserer Beute waren \u00fcbrigens Apfelkapern. Handtellergro\u00dfe K\u00f6stlichkeiten, die ich hier noch nie gesehen habe &#8211; ich muss sie suchen. Da wir uns erst 15.30 Uhr zur Abreise im Hotel verabredet hatten, wo wir freundlicherweise unser Gep\u00e4ck lassen konnten, ging\u2019s noch ein letztes Mal auf geteilten Wegen durch die Stadt, um das ein oder andere Mitbringsel zu ergattern, noch einmal die Atmosph\u00e4re Valencias aufzusaugen und die Wehmut mit einem letzten Cerveza, Agua de Valencia und nat\u00fcrlich spanischen Essen zu bet\u00e4uben. Angekommen in der Hotellobby wurde weiter bet\u00e4ubt mit einem unglaublich s\u00fc\u00dfen Ges\u00f6ff (Rum??? Auf 200 % Zuckerbasis???), da die Flasche im Rausch gekauft und nun geleert werden musste. Man will ja nix dem Flughafenpersonal \u00fcberlassen!\u00a0\u00a0 \u00a0 \u00a0 Unsere Fahrer erschienen p\u00fcnktlich, auf ging\u2019s zum Flughafen und auf zum Ende unserer Reise. \u00a0 \u00a0 \u00a0Sch\u00f6n war\u2019s! \u00a0 \u00a0 \u00a0<\/p>\n","protected":false},"author":1,"featured_media":0,"parent":0,"menu_order":0,"comment_status":"closed","ping_status":"closed","template":"","meta":{"footnotes":""},"class_list":["post-19459","page","type-page","status-publish","hentry"],"_links":{"self":[{"href":"https:\/\/welcome-ontour.de\/wordpress\/index.php\/wp-json\/wp\/v2\/pages\/19459","targetHints":{"allow":["GET"]}}],"collection":[{"href":"https:\/\/welcome-ontour.de\/wordpress\/index.php\/wp-json\/wp\/v2\/pages"}],"about":[{"href":"https:\/\/welcome-ontour.de\/wordpress\/index.php\/wp-json\/wp\/v2\/types\/page"}],"author":[{"embeddable":true,"href":"https:\/\/welcome-ontour.de\/wordpress\/index.php\/wp-json\/wp\/v2\/users\/1"}],"replies":[{"embeddable":true,"href":"https:\/\/welcome-ontour.de\/wordpress\/index.php\/wp-json\/wp\/v2\/comments?post=19459"}],"version-history":[{"count":7,"href":"https:\/\/welcome-ontour.de\/wordpress\/index.php\/wp-json\/wp\/v2\/pages\/19459\/revisions"}],"predecessor-version":[{"id":19600,"href":"https:\/\/welcome-ontour.de\/wordpress\/index.php\/wp-json\/wp\/v2\/pages\/19459\/revisions\/19600"}],"wp:attachment":[{"href":"https:\/\/welcome-ontour.de\/wordpress\/index.php\/wp-json\/wp\/v2\/media?parent=19459"}],"curies":[{"name":"wp","href":"https:\/\/api.w.org\/{rel}","templated":true}]}}