{"id":19108,"date":"2022-12-26T13:42:10","date_gmt":"2022-12-26T13:42:10","guid":{"rendered":"https:\/\/welcome-ontour.de\/wordpress\/?page_id=19108"},"modified":"2023-01-25T17:34:59","modified_gmt":"2023-01-25T17:34:59","slug":"2022-05-03","status":"publish","type":"page","link":"https:\/\/welcome-ontour.de\/wordpress\/index.php\/2022-05-03\/","title":{"rendered":"2022 05 03"},"content":{"rendered":"<p style=\"text-align: center;\"><span style=\"font-family: arial, helvetica, sans-serif; font-size: 8pt;\"><a href=\"https:\/\/welcome-ontour.de\/wordpress\/index.php\/2022-04-27-prolog\">Prolog<\/a>\u00a0 \u00a0 \u00a0 <a href=\"https:\/\/welcome-ontour.de\/wordpress\/index.php\/2022-04-28\">Anreise\/Altstadt<\/a>\u00a0 \u00a0 \u00a0 <a href=\"https:\/\/welcome-ontour.de\/wordpress\/index.php\/2022-04-29\">Altstadt<\/a>\u00a0 \u00a0 \u00a0 <a href=\"https:\/\/welcome-ontour.de\/wordpress\/index.php\/2022-04-30\">Strand\/Konzert<\/a>\u00a0 \u00a0 \u00a0 <a href=\"https:\/\/welcome-ontour.de\/wordpress\/index.php\/2022-05-01\">Neustadt\/Strand<\/a>\u00a0 \u00a0 \u00a0 <a href=\"https:\/\/welcome-ontour.de\/wordpress\/index.php\/2022-05-02\">Altstadt\/R\u00fcckreise<\/a>\u00a0 \u00a0 \u00a0 <a href=\"https:\/\/welcome-ontour.de\/wordpress\/index.php\/2022-05-03\">Fazit<\/a>\u00a0 \u00a0 <\/span>\u00a0\u00a0<\/p>\n<p><a href=\"https:\/\/welcome-ontour.de\/wordpress\/index.php\/2022-05-02\"><img decoding=\"async\" class=\"alignleft wp-image-19080\" title=\"Zur\u00fcck\" src=\"https:\/\/welcome-ontour.de\/wordpress\/wp-content\/uploads\/2022\/12\/2022-04-27-01-300x234.jpg\" alt=\"\" width=\"66\" height=\"51\" srcset=\"https:\/\/welcome-ontour.de\/wordpress\/wp-content\/uploads\/2022\/12\/2022-04-27-01-300x234.jpg 300w, https:\/\/welcome-ontour.de\/wordpress\/wp-content\/uploads\/2022\/12\/2022-04-27-01.jpg 350w\" sizes=\"(max-width: 66px) 100vw, 66px\" \/><\/a> <a href=\"https:\/\/welcome-ontour.de\/wordpress\/index.php\/reiseberichte\/\"><img decoding=\"async\" class=\"alignright wp-image-19081\" title=\"Vor\" src=\"https:\/\/welcome-ontour.de\/wordpress\/wp-content\/uploads\/2022\/12\/2022-04-27-02-300x234.jpg\" alt=\"\" width=\"66\" height=\"51\" srcset=\"https:\/\/welcome-ontour.de\/wordpress\/wp-content\/uploads\/2022\/12\/2022-04-27-02-300x234.jpg 300w, https:\/\/welcome-ontour.de\/wordpress\/wp-content\/uploads\/2022\/12\/2022-04-27-02.jpg 350w\" sizes=\"(max-width: 66px) 100vw, 66px\" \/><\/a><\/p>\n<p>&nbsp;<\/p>\n<p>&nbsp;<\/p>\n<p style=\"text-align: center;\"><strong><span style=\"font-family: arial, helvetica, sans-serif; font-size: 14pt;\">Fazit<\/span><\/strong><\/p>\n<p style=\"text-align: center;\">\u00a0<\/p>\n<p style=\"text-align: center;\"><span style=\"font-family: arial, helvetica, sans-serif; font-size: 12pt;\"><img decoding=\"async\" class=\"alignnone wp-image-19394\" src=\"https:\/\/welcome-ontour.de\/wordpress\/wp-content\/uploads\/2023\/01\/2022-05-03-01-700x157.jpg\" alt=\"\" width=\"600\" height=\"134\" srcset=\"https:\/\/welcome-ontour.de\/wordpress\/wp-content\/uploads\/2023\/01\/2022-05-03-01-700x157.jpg 700w, https:\/\/welcome-ontour.de\/wordpress\/wp-content\/uploads\/2023\/01\/2022-05-03-01-300x67.jpg 300w, https:\/\/welcome-ontour.de\/wordpress\/wp-content\/uploads\/2023\/01\/2022-05-03-01-768x172.jpg 768w, https:\/\/welcome-ontour.de\/wordpress\/wp-content\/uploads\/2023\/01\/2022-05-03-01.jpg 804w\" sizes=\"(max-width: 600px) 100vw, 600px\" \/><\/span><\/p>\n<p style=\"text-align: center;\">\u00a0<\/p>\n<p style=\"text-align: center;\"><span style=\"font-family: arial, helvetica, sans-serif; font-size: 12pt;\">Weil es uns in den vergangenen zwei Jahren Corona-bedingt nicht m\u00f6glich war, <\/span><\/p>\n<p style=\"text-align: center;\"><span style=\"font-family: arial, helvetica, sans-serif; font-size: 12pt;\">war die Vorfreude auf die Valencia Tage gro\u00df.<\/span><\/p>\n<p style=\"text-align: center;\"><span style=\"font-family: arial, helvetica, sans-serif; font-size: 12pt;\">Die Erwartungen wurden nicht entt\u00e4uscht.<\/span><\/p>\n<p style=\"text-align: center;\"><span style=\"font-family: arial, helvetica, sans-serif; font-size: 12pt;\">Spaniens drittgr\u00f6\u00dfte Stadt ist auf jeden Fall eine Reise wert.<\/span><\/p>\n<p style=\"text-align: center;\"><span style=\"font-family: arial, helvetica, sans-serif; font-size: 12pt;\">Der architektonische Mix aus Historie und Moderne ist hier beeindruckend gelungen.<\/span><\/p>\n<p style=\"text-align: center;\"><span style=\"font-family: arial, helvetica, sans-serif; font-size: 12pt;\">Der F\u00fclle an wunderbar erhaltenen Geb\u00e4uden im recht gro\u00dfen Stadtkern <\/span><\/p>\n<p style=\"text-align: center;\"><span style=\"font-family: arial, helvetica, sans-serif; font-size: 12pt;\">stehen die ultramodern designten Komplexe im ehemaligen Flussbett des Turia gegen\u00fcber.<\/span><\/p>\n<p style=\"text-align: center;\"><span style=\"font-family: arial, helvetica, sans-serif; font-size: 12pt;\">Ein schier unendliches Angebot von Sehensw\u00fcrdigkeiten wird garniert <\/span><\/p>\n<p style=\"text-align: center;\"><span style=\"font-family: arial, helvetica, sans-serif; font-size: 12pt;\">von Unmengen an Shops, Stores, Restaurants, Cafes, Bars und Gelaterias.<\/span><\/p>\n<p style=\"text-align: center;\"><span style=\"font-family: arial, helvetica, sans-serif; font-size: 12pt;\">Dazu ein perfekt funktionierendes Nahverkehrssystem, zahllose Unterk\u00fcnfte in allen Preisklassen <\/span><\/p>\n<p style=\"text-align: center;\"><span style=\"font-family: arial, helvetica, sans-serif; font-size: 12pt;\">und ein gut angebundener internationaler Flughafen am Stadtrand, was will man mehr.<\/span><\/p>\n<p style=\"text-align: center;\"><span style=\"font-family: arial, helvetica, sans-serif; font-size: 12pt;\">Als Zugabe haben wir es f\u00fcr uns verstanden, einen riesigen, schnell erreichbaren Strand <\/span><\/p>\n<p style=\"text-align: center;\"><span style=\"font-family: arial, helvetica, sans-serif; font-size: 12pt;\">quasi direkt vor der Nase zu haben.<\/span><\/p>\n<p style=\"text-align: center;\"><span style=\"font-family: arial, helvetica, sans-serif; font-size: 12pt;\">Wie erhofft, war uns das Wetter wohlgesonnen.<\/span><\/p>\n<p style=\"text-align: center;\"><span style=\"font-family: arial, helvetica, sans-serif; font-size: 12pt;\">Um diese Zeit sommerliche Temperaturen und sonnigen Himmel anzutreffen haben wir sehr zu sch\u00e4tzen gewusst.<\/span><\/p>\n<p style=\"text-align: center;\"><span style=\"font-family: arial, helvetica, sans-serif; font-size: 12pt;\">Am Abend unserer Abreise erreichte ein Tiefdruckgebiet die Stadt.<\/span><\/p>\n<p style=\"text-align: center;\"><span style=\"font-family: arial, helvetica, sans-serif; font-size: 12pt;\">In Folge gab es Niederschlagsmengen wie\u00a0 seit 150 Jahren nicht mehr <\/span><\/p>\n<p style=\"text-align: center;\"><span style=\"font-family: arial, helvetica, sans-serif; font-size: 12pt;\">und in Valencia wurde der Ausnahmezustand ausgerufen.<\/span><\/p>\n<p style=\"text-align: center;\"><span style=\"font-family: arial, helvetica, sans-serif; font-size: 12pt;\">Gl\u00fcck gehabt.<\/span><\/p>\n<p style=\"text-align: center;\">\u00a0<\/p>\n<p style=\"text-align: center;\"><span style=\"font-family: arial, helvetica, sans-serif; font-size: 12pt;\"><img decoding=\"async\" class=\"alignnone wp-image-19395 size-full\" src=\"https:\/\/welcome-ontour.de\/wordpress\/wp-content\/uploads\/2023\/01\/2022-05-03-02.jpg\" alt=\"\" width=\"810\" height=\"550\" srcset=\"https:\/\/welcome-ontour.de\/wordpress\/wp-content\/uploads\/2023\/01\/2022-05-03-02.jpg 810w, https:\/\/welcome-ontour.de\/wordpress\/wp-content\/uploads\/2023\/01\/2022-05-03-02-300x204.jpg 300w, https:\/\/welcome-ontour.de\/wordpress\/wp-content\/uploads\/2023\/01\/2022-05-03-02-700x475.jpg 700w, https:\/\/welcome-ontour.de\/wordpress\/wp-content\/uploads\/2023\/01\/2022-05-03-02-768x521.jpg 768w\" sizes=\"(max-width: 810px) 100vw, 810px\" \/><\/span><\/p>\n<p style=\"text-align: center;\">\u00a0<\/p>\n<p style=\"text-align: center;\"><span style=\"font-family: arial, helvetica, sans-serif; font-size: 12pt;\">Unser Hotel Silken Puerto Valencia war einwandfrei.<\/span><\/p>\n<p style=\"text-align: center;\"><span style=\"font-family: arial, helvetica, sans-serif; font-size: 12pt;\">Ger\u00e4umige Zimmer mit gro\u00dfen Balkons im obersten Gescho\u00df, <\/span><\/p>\n<p style=\"text-align: center;\"><span style=\"font-family: arial, helvetica, sans-serif; font-size: 12pt;\">bequeme und t\u00e4glich frisch bezogene Betten, nettes Personal und ein wunderbares Fr\u00fchst\u00fcck.<\/span><\/p>\n<p style=\"text-align: center;\"><span style=\"font-family: arial, helvetica, sans-serif; font-size: 12pt;\">Hier haben wir uns wohl gef\u00fchlt.<\/span><\/p>\n<p style=\"text-align: center;\"><span style=\"font-family: arial, helvetica, sans-serif; font-size: 12pt;\">Die Fl\u00fcge waren auch okay.<\/span><\/p>\n<p style=\"text-align: center;\"><span style=\"font-family: arial, helvetica, sans-serif; font-size: 12pt;\">Das wir beim Hinflug in D\u00fcsseldorf umsteigen mussten, <\/span><\/p>\n<p style=\"text-align: center;\"><span style=\"font-family: arial, helvetica, sans-serif; font-size: 12pt;\">hat die Reisezeit um drei Stunden verl\u00e4ngert, mehr nicht.<\/span><\/p>\n<p style=\"text-align: center;\"><span style=\"font-family: arial, helvetica, sans-serif; font-size: 12pt;\">Eurowings und Easyjet waren p\u00fcnktlich, freundlich und zuverl\u00e4ssig.<\/span><\/p>\n<p style=\"text-align: center;\"><span style=\"font-family: arial, helvetica, sans-serif; font-size: 12pt;\">Die zus\u00e4tzliche Beinfreiheit auf allen Fl\u00fcgen war uns den Aufpreis wert.<\/span><\/p>\n<p style=\"text-align: center;\"><span style=\"font-family: arial, helvetica, sans-serif; font-size: 12pt;\">Und mit den eigenen Autos zum Berliner Flughafen zu fahren, war auch eine gute Idee.<\/span><\/p>\n<p style=\"text-align: center;\">\u00a0<\/p>\n<p style=\"text-align: center;\"><span style=\"font-family: arial, helvetica, sans-serif; font-size: 12pt;\"><img decoding=\"async\" class=\"alignnone wp-image-19396 size-full\" src=\"https:\/\/welcome-ontour.de\/wordpress\/wp-content\/uploads\/2023\/01\/2022-05-03-03.jpg\" alt=\"\" width=\"810\" height=\"431\" srcset=\"https:\/\/welcome-ontour.de\/wordpress\/wp-content\/uploads\/2023\/01\/2022-05-03-03.jpg 810w, https:\/\/welcome-ontour.de\/wordpress\/wp-content\/uploads\/2023\/01\/2022-05-03-03-300x160.jpg 300w, https:\/\/welcome-ontour.de\/wordpress\/wp-content\/uploads\/2023\/01\/2022-05-03-03-700x372.jpg 700w, https:\/\/welcome-ontour.de\/wordpress\/wp-content\/uploads\/2023\/01\/2022-05-03-03-768x409.jpg 768w\" sizes=\"(max-width: 810px) 100vw, 810px\" \/><\/span><\/p>\n<p style=\"text-align: center;\">\u00a0<\/p>\n<p style=\"text-align: center;\"><span style=\"font-family: arial, helvetica, sans-serif; font-size: 12pt;\">Zum Abschluss, wie immer bei uns, die Antworten auf die Fragen, was das alles kostet.<\/span><\/p>\n<p style=\"text-align: center;\"><span style=\"font-family: arial, helvetica, sans-serif; font-size: 12pt;\">Hin- und R\u00fcckfl\u00fcge, inklusive der Mehrkosten f\u00fcr mehr Platz haben 242 Euro pro Person gekostet.<\/span><\/p>\n<p style=\"text-align: center;\"><span style=\"font-family: arial, helvetica, sans-serif; font-size: 12pt;\">Gebucht wurden sie direkt bei den entsprechenden Airlines.<\/span><\/p>\n<p style=\"text-align: center;\"><span style=\"font-family: arial, helvetica, sans-serif; font-size: 12pt;\">Vier N\u00e4chte im Doppelzimmer mit Fr\u00fchst\u00fcck f\u00fcr zwei Personen im 4* Hotel gab es bei booking.com f\u00fcr 375 Euro.<\/span><\/p>\n<p style=\"text-align: center;\"><span style=\"font-family: arial, helvetica, sans-serif; font-size: 12pt;\">F\u00fcr den Park- und Shuttle Service am BER Flughafen wollte Mc Parking 33 Euro pro PKW haben.<\/span><\/p>\n<p style=\"text-align: center;\"><span style=\"font-family: arial, helvetica, sans-serif; font-size: 12pt;\">Die Preise in Valencia sind nicht abgehoben, eher durchschnittlich.<\/span><\/p>\n<p style=\"text-align: center;\"><span style=\"font-family: arial, helvetica, sans-serif; font-size: 12pt;\">Ein Drei-Tages-Ticket f\u00fcr die bargeldlose Benutzung von Bussen und Bahnen kostet 25 Euro.<\/span><\/p>\n<p style=\"text-align: center;\"><span style=\"font-family: arial, helvetica, sans-serif; font-size: 12pt;\">Restaurant- und Supermarktpreise sind mit unseren vergleichbar.<\/span><\/p>\n<p style=\"text-align: center;\">\u00a0<\/p>\n<p style=\"text-align: center;\"><span style=\"font-family: arial, helvetica, sans-serif; font-size: 12pt;\"><img decoding=\"async\" class=\"alignnone wp-image-19397\" src=\"https:\/\/welcome-ontour.de\/wordpress\/wp-content\/uploads\/2023\/01\/2022-05-03-04-201x300.jpg\" alt=\"\" width=\"333\" height=\"498\" srcset=\"https:\/\/welcome-ontour.de\/wordpress\/wp-content\/uploads\/2023\/01\/2022-05-03-04-201x300.jpg 201w, https:\/\/welcome-ontour.de\/wordpress\/wp-content\/uploads\/2023\/01\/2022-05-03-04.jpg 542w\" sizes=\"(max-width: 333px) 100vw, 333px\" \/>\u00a0 <img decoding=\"async\" class=\"alignnone wp-image-19398\" src=\"https:\/\/welcome-ontour.de\/wordpress\/wp-content\/uploads\/2023\/01\/2022-05-03-05-201x300.jpg\" alt=\"\" width=\"333\" height=\"498\" srcset=\"https:\/\/welcome-ontour.de\/wordpress\/wp-content\/uploads\/2023\/01\/2022-05-03-05-201x300.jpg 201w, https:\/\/welcome-ontour.de\/wordpress\/wp-content\/uploads\/2023\/01\/2022-05-03-05.jpg 542w\" sizes=\"(max-width: 333px) 100vw, 333px\" \/><\/span><\/p>\n<p style=\"text-align: center;\">\u00a0<\/p>\n<p style=\"text-align: center;\"><span style=\"font-family: arial, helvetica, sans-serif; font-size: 12pt;\">Nach 5 Tagen sind wir alle kn\u00fclle, aber happy wieder zu Hause eingetroffen.<\/span><\/p>\n<p style=\"text-align: center;\"><span style=\"font-family: arial, helvetica, sans-serif; font-size: 12pt;\">Der Trip in den Fr\u00fchsommer hat uns gut gefallen.<\/span><\/p>\n<p style=\"text-align: center;\"><span style=\"font-family: arial, helvetica, sans-serif; font-size: 12pt;\">Wir werden die Tour in dieser Konstellation auf jeden Fall wiederholen.<\/span><\/p>\n<p style=\"text-align: center;\"><span style=\"font-family: arial, helvetica, sans-serif; font-size: 12pt;\">Wohin es im n\u00e4chsten Jahr gehen wird, werden wir uns noch \u00fcberlegen.<\/span><\/p>\n<p style=\"text-align: center;\"><span style=\"font-family: arial, helvetica, sans-serif; font-size: 12pt;\">Ideen gibt es bereits.<\/span><\/p>\n<p style=\"text-align: center;\"><span style=\"font-family: arial, helvetica, sans-serif; font-size: 12pt;\">Also lasst euch \u00fcberraschen, seid gegr\u00fc\u00dft und macht\u2019s gut Leute.<\/span><\/p>\n<p style=\"text-align: center;\">\u00a0<\/p>\n<p style=\"text-align: center;\"><span style=\"font-family: arial, helvetica, sans-serif; font-size: 12pt;\"><img decoding=\"async\" class=\"alignnone wp-image-19399 size-full\" src=\"https:\/\/welcome-ontour.de\/wordpress\/wp-content\/uploads\/2023\/01\/2022-05-03-06.jpg\" alt=\"\" width=\"810\" height=\"614\" srcset=\"https:\/\/welcome-ontour.de\/wordpress\/wp-content\/uploads\/2023\/01\/2022-05-03-06.jpg 810w, https:\/\/welcome-ontour.de\/wordpress\/wp-content\/uploads\/2023\/01\/2022-05-03-06-300x227.jpg 300w, https:\/\/welcome-ontour.de\/wordpress\/wp-content\/uploads\/2023\/01\/2022-05-03-06-700x531.jpg 700w, https:\/\/welcome-ontour.de\/wordpress\/wp-content\/uploads\/2023\/01\/2022-05-03-06-768x582.jpg 768w\" sizes=\"(max-width: 810px) 100vw, 810px\" \/><\/span><\/p>\n<p style=\"text-align: center;\">\u00a0<\/p>\n<p style=\"text-align: center;\"><span style=\"font-family: arial, helvetica, sans-serif; font-size: 12pt;\">*Apropos sch\u00f6n war\u2019s.<\/span><\/p>\n<p style=\"text-align: center;\"><span style=\"font-family: arial, helvetica, sans-serif; font-size: 12pt;\">Unsere Karen hat sich auch ein paar Notizen zur Tour gemacht und diese niedergeschrieben.<\/span><\/p>\n<p style=\"text-align: center;\"><span style=\"font-family: arial, helvetica, sans-serif; font-size: 12pt;\">\u00dcberaus interessant, diese Reise aus einem anderen Blickwinkel erz\u00e4hlt zu bekommen.<\/span><\/p>\n<p style=\"text-align: center;\"><span style=\"font-family: arial, helvetica, sans-serif; font-size: 12pt;\">Und weil die Geschichte humorvoll, spritzig und alles andere als langweilig erz\u00e4hlt ist, <\/span><\/p>\n<p style=\"text-align: center;\"><span style=\"font-family: arial, helvetica, sans-serif; font-size: 12pt;\">wird sie hier <\/span><span style=\"font-family: arial, helvetica, sans-serif; font-size: 12pt;\">ebenfalls ver\u00f6ffentlicht. <\/span><\/p>\n<p style=\"text-align: center;\"><span style=\"font-family: arial, helvetica, sans-serif; font-size: 12pt;\">Bei Interesse einfach auf das Logo &#8222;VALENCIA 2022&#8220; klicken.<\/span><\/p>\n<p>&nbsp;<\/p>\n<p style=\"text-align: center;\"><span style=\"font-family: arial, helvetica, sans-serif; font-size: 12pt;\"><a href=\"https:\/\/welcome-ontour.de\/wordpress\/index.php\/2022-04-28-k\"><img decoding=\"async\" class=\"alignnone wp-image-19411 size-medium\" src=\"https:\/\/welcome-ontour.de\/wordpress\/wp-content\/uploads\/2023\/01\/2022-04-28-k-02-300x215.jpg\" alt=\"\" width=\"300\" height=\"215\" srcset=\"https:\/\/welcome-ontour.de\/wordpress\/wp-content\/uploads\/2023\/01\/2022-04-28-k-02-300x215.jpg 300w, https:\/\/welcome-ontour.de\/wordpress\/wp-content\/uploads\/2023\/01\/2022-04-28-k-02.jpg 612w\" sizes=\"(max-width: 300px) 100vw, 300px\" \/><\/a><\/span><\/p>\n<p>&nbsp;<\/p>\n<p style=\"text-align: center;\"><span style=\"font-family: arial, helvetica, sans-serif; font-size: 12pt;\">Viel Spa\u00df!<\/span><\/p>\n<p style=\"text-align: center;\">\u00a0<\/p>\n<p style=\"text-align: center;\"><span style=\"font-family: arial, helvetica, sans-serif; font-size: 12pt;\"><img decoding=\"async\" class=\"alignnone wp-image-19084 size-medium\" src=\"https:\/\/welcome-ontour.de\/wordpress\/wp-content\/uploads\/2022\/12\/2022-04-27-05-300x88.jpg\" alt=\"\" width=\"300\" height=\"88\" srcset=\"https:\/\/welcome-ontour.de\/wordpress\/wp-content\/uploads\/2022\/12\/2022-04-27-05-300x88.jpg 300w, https:\/\/welcome-ontour.de\/wordpress\/wp-content\/uploads\/2022\/12\/2022-04-27-05.jpg 331w\" sizes=\"(max-width: 300px) 100vw, 300px\" \/><\/span><\/p>\n<p><a href=\"https:\/\/welcome-ontour.de\/wordpress\/index.php\/2022-05-02\"><img decoding=\"async\" class=\"alignleft wp-image-19080\" title=\"Zur\u00fcck\" src=\"https:\/\/welcome-ontour.de\/wordpress\/wp-content\/uploads\/2022\/12\/2022-04-27-01-300x234.jpg\" alt=\"\" width=\"66\" height=\"51\" srcset=\"https:\/\/welcome-ontour.de\/wordpress\/wp-content\/uploads\/2022\/12\/2022-04-27-01-300x234.jpg 300w, https:\/\/welcome-ontour.de\/wordpress\/wp-content\/uploads\/2022\/12\/2022-04-27-01.jpg 350w\" sizes=\"(max-width: 66px) 100vw, 66px\" \/><\/a><a href=\"https:\/\/welcome-ontour.de\/wordpress\/index.php\/reiseberichte\/\"><img decoding=\"async\" class=\"alignright wp-image-19081\" title=\"Vor\" src=\"https:\/\/welcome-ontour.de\/wordpress\/wp-content\/uploads\/2022\/12\/2022-04-27-02-300x234.jpg\" alt=\"\" width=\"66\" height=\"51\" srcset=\"https:\/\/welcome-ontour.de\/wordpress\/wp-content\/uploads\/2022\/12\/2022-04-27-02-300x234.jpg 300w, https:\/\/welcome-ontour.de\/wordpress\/wp-content\/uploads\/2022\/12\/2022-04-27-02.jpg 350w\" sizes=\"(max-width: 66px) 100vw, 66px\" \/><\/a><\/p>\n<p>&nbsp;<\/p>\n<p style=\"text-align: center;\">\u00a0<\/p>\n<p>&nbsp;<\/p>\n","protected":false},"excerpt":{"rendered":"<p>Prolog\u00a0 \u00a0 \u00a0 Anreise\/Altstadt\u00a0 \u00a0 \u00a0 Altstadt\u00a0 \u00a0 \u00a0 Strand\/Konzert\u00a0 \u00a0 \u00a0 Neustadt\/Strand\u00a0 \u00a0 \u00a0 Altstadt\/R\u00fcckreise\u00a0 \u00a0 \u00a0 Fazit\u00a0 \u00a0 \u00a0\u00a0 &nbsp; &nbsp; Fazit \u00a0 \u00a0 Weil es uns in den vergangenen zwei Jahren Corona-bedingt nicht m\u00f6glich war, war die Vorfreude auf die Valencia Tage gro\u00df. Die Erwartungen wurden nicht entt\u00e4uscht. Spaniens drittgr\u00f6\u00dfte Stadt ist auf jeden Fall eine Reise wert. Der architektonische Mix aus Historie und Moderne ist hier beeindruckend gelungen. Der F\u00fclle an wunderbar erhaltenen Geb\u00e4uden im recht gro\u00dfen Stadtkern stehen die ultramodern designten Komplexe im ehemaligen Flussbett des Turia gegen\u00fcber. Ein schier unendliches Angebot von Sehensw\u00fcrdigkeiten wird garniert von Unmengen an Shops, Stores, Restaurants, Cafes, Bars und Gelaterias. Dazu ein perfekt funktionierendes Nahverkehrssystem, zahllose Unterk\u00fcnfte in allen Preisklassen und ein gut angebundener internationaler Flughafen am Stadtrand, was will man mehr. Als Zugabe haben wir es f\u00fcr uns verstanden, einen riesigen, schnell erreichbaren Strand quasi direkt vor der Nase zu haben. Wie erhofft, war uns das Wetter wohlgesonnen. Um diese Zeit sommerliche Temperaturen und sonnigen Himmel anzutreffen haben wir sehr zu sch\u00e4tzen gewusst. Am Abend unserer Abreise erreichte ein Tiefdruckgebiet die Stadt. In Folge gab es Niederschlagsmengen wie\u00a0 seit 150 Jahren nicht mehr und in Valencia wurde der Ausnahmezustand ausgerufen. Gl\u00fcck gehabt. \u00a0 \u00a0 Unser Hotel Silken Puerto Valencia war einwandfrei. Ger\u00e4umige Zimmer mit gro\u00dfen Balkons im obersten Gescho\u00df, bequeme und t\u00e4glich frisch bezogene Betten, nettes Personal und ein wunderbares Fr\u00fchst\u00fcck. Hier haben wir uns wohl gef\u00fchlt. Die Fl\u00fcge waren auch okay. Das wir beim Hinflug in D\u00fcsseldorf umsteigen mussten, hat die Reisezeit um drei Stunden verl\u00e4ngert, mehr nicht. Eurowings und Easyjet waren p\u00fcnktlich, freundlich und zuverl\u00e4ssig. Die zus\u00e4tzliche Beinfreiheit auf allen Fl\u00fcgen war uns den Aufpreis wert. Und mit den eigenen Autos zum Berliner Flughafen zu fahren, war auch eine gute Idee. \u00a0 \u00a0 Zum Abschluss, wie immer bei uns, die Antworten auf die Fragen, was das alles kostet. Hin- und R\u00fcckfl\u00fcge, inklusive der Mehrkosten f\u00fcr mehr Platz haben 242 Euro pro Person gekostet. Gebucht wurden sie direkt bei den entsprechenden Airlines. Vier N\u00e4chte im Doppelzimmer mit Fr\u00fchst\u00fcck f\u00fcr zwei Personen im 4* Hotel gab es bei booking.com f\u00fcr 375 Euro. F\u00fcr den Park- und Shuttle Service am BER Flughafen wollte Mc Parking 33 Euro pro PKW haben. Die Preise in Valencia sind nicht abgehoben, eher durchschnittlich. Ein Drei-Tages-Ticket f\u00fcr die bargeldlose Benutzung von Bussen und Bahnen kostet 25 Euro. Restaurant- und Supermarktpreise sind mit unseren vergleichbar. \u00a0 \u00a0 \u00a0 Nach 5 Tagen sind wir alle kn\u00fclle, aber happy wieder zu Hause eingetroffen. Der Trip in den Fr\u00fchsommer hat uns gut gefallen. Wir werden die Tour in dieser Konstellation auf jeden Fall wiederholen. Wohin es im n\u00e4chsten Jahr gehen wird, werden wir uns noch \u00fcberlegen. Ideen gibt es bereits. Also lasst euch \u00fcberraschen, seid gegr\u00fc\u00dft und macht\u2019s gut Leute. \u00a0 \u00a0 *Apropos sch\u00f6n war\u2019s. Unsere Karen hat sich auch ein paar Notizen zur Tour gemacht und diese niedergeschrieben. \u00dcberaus interessant, diese Reise aus einem anderen Blickwinkel erz\u00e4hlt zu bekommen. Und weil die Geschichte humorvoll, spritzig und alles andere als langweilig erz\u00e4hlt ist, wird sie hier ebenfalls ver\u00f6ffentlicht. Bei Interesse einfach auf das Logo &#8222;VALENCIA 2022&#8220; klicken. &nbsp; &nbsp; Viel Spa\u00df! \u00a0 &nbsp; \u00a0 &nbsp;<\/p>\n","protected":false},"author":1,"featured_media":0,"parent":0,"menu_order":0,"comment_status":"closed","ping_status":"closed","template":"","meta":{"footnotes":""},"class_list":["post-19108","page","type-page","status-publish","hentry"],"_links":{"self":[{"href":"https:\/\/welcome-ontour.de\/wordpress\/index.php\/wp-json\/wp\/v2\/pages\/19108","targetHints":{"allow":["GET"]}}],"collection":[{"href":"https:\/\/welcome-ontour.de\/wordpress\/index.php\/wp-json\/wp\/v2\/pages"}],"about":[{"href":"https:\/\/welcome-ontour.de\/wordpress\/index.php\/wp-json\/wp\/v2\/types\/page"}],"author":[{"embeddable":true,"href":"https:\/\/welcome-ontour.de\/wordpress\/index.php\/wp-json\/wp\/v2\/users\/1"}],"replies":[{"embeddable":true,"href":"https:\/\/welcome-ontour.de\/wordpress\/index.php\/wp-json\/wp\/v2\/comments?post=19108"}],"version-history":[{"count":9,"href":"https:\/\/welcome-ontour.de\/wordpress\/index.php\/wp-json\/wp\/v2\/pages\/19108\/revisions"}],"predecessor-version":[{"id":20099,"href":"https:\/\/welcome-ontour.de\/wordpress\/index.php\/wp-json\/wp\/v2\/pages\/19108\/revisions\/20099"}],"wp:attachment":[{"href":"https:\/\/welcome-ontour.de\/wordpress\/index.php\/wp-json\/wp\/v2\/media?parent=19108"}],"curies":[{"name":"wp","href":"https:\/\/api.w.org\/{rel}","templated":true}]}}