{"id":18063,"date":"2022-11-23T09:44:37","date_gmt":"2022-11-23T09:44:37","guid":{"rendered":"https:\/\/welcome-ontour.de\/wordpress\/?page_id=18063"},"modified":"2025-09-26T14:21:14","modified_gmt":"2025-09-26T14:21:14","slug":"2022-10-08","status":"publish","type":"page","link":"https:\/\/welcome-ontour.de\/wordpress\/index.php\/2022-10-08\/","title":{"rendered":"2022 10 08"},"content":{"rendered":"<p style=\"text-align: center;\"><span style=\"font-family: arial, helvetica, sans-serif; font-size: 8pt; color: #000000;\"><a style=\"color: #000000;\" href=\"https:\/\/welcome-ontour.de\/wordpress\/index.php\/2022-09-14-prolog\/\">Prolog<\/a>\u00a0 \u00a0 \u00a0<a style=\"color: #000000;\" href=\"https:\/\/welcome-ontour.de\/wordpress\/index.php\/2022-09-15\">Anreise<\/a>\u00a0 \u00a0 \u00a0<a style=\"color: #000000;\" href=\"https:\/\/welcome-ontour.de\/wordpress\/index.php\/2022-09-16\">Tucson<\/a>\u00a0 \u00a0 \u00a0<a style=\"color: #000000;\" href=\"https:\/\/welcome-ontour.de\/wordpress\/index.php\/2022-09-19\">Las Cruces<\/a>\u00a0 \u00a0 \u00a0<a style=\"color: #000000;\" href=\"https:\/\/welcome-ontour.de\/wordpress\/index.php\/2022-09-21\">Alamogardo<\/a>\u00a0 \u00a0 \u00a0<a style=\"color: #000000;\" href=\"https:\/\/welcome-ontour.de\/wordpress\/index.php\/2022-09-22\">Amarillo<\/a>\u00a0 \u00a0 \u00a0<a style=\"color: #000000;\" href=\"https:\/\/welcome-ontour.de\/wordpress\/index.php\/2022-09-24\">Albuquerque<\/a>\u00a0 \u00a0 \u00a0<a style=\"color: #000000;\" href=\"https:\/\/welcome-ontour.de\/wordpress\/index.php\/2022-09-28\">Grand Canyon<\/a>\u00a0 \u00a0 \u00a0<a style=\"color: #000000;\" href=\"https:\/\/welcome-ontour.de\/wordpress\/index.php\/2022-09-29\">Palm Desert<\/a>\u00a0 \u00a0 \u00a0<a style=\"color: #000000;\" href=\"https:\/\/welcome-ontour.de\/wordpress\/index.php\/2022-10-03\">Phoenix<\/a>\u00a0 \u00a0 \u00a0<a style=\"color: #000000;\" href=\"https:\/\/welcome-ontour.de\/wordpress\/index.php\/2022-10-07\">R\u00fcckreise<\/a>\u00a0 \u00a0 \u00a0<a style=\"color: #000000;\" href=\"https:\/\/welcome-ontour.de\/wordpress\/index.php\/2022-10-09\">Fazit<\/a><\/span><\/p>\n<p><span style=\"color: #000000;\"><a style=\"color: #000000;\" href=\"https:\/\/welcome-ontour.de\/wordpress\/index.php\/2022-10-07\"><img decoding=\"async\" class=\"alignleft wp-image-17977\" title=\"Zur\u00fcck\" src=\"https:\/\/welcome-ontour.de\/wordpress\/wp-content\/uploads\/2022\/11\/2022-09-14-07.jpg\" alt=\"\" width=\"33\" height=\"30\" \/><\/a><a style=\"color: #000000;\" href=\"https:\/\/welcome-ontour.de\/wordpress\/index.php\/2022-10-09\"><img decoding=\"async\" class=\"alignright wp-image-17979\" title=\"Vor\" src=\"https:\/\/welcome-ontour.de\/wordpress\/wp-content\/uploads\/2022\/11\/2022-09-14-09.jpg\" alt=\"\" width=\"33\" height=\"31\" \/><\/a><\/span><\/p>\n<p>&nbsp;<\/p>\n<p style=\"text-align: center;\"><span style=\"color: #000000;\"><strong><span style=\"font-family: arial, helvetica, sans-serif; font-size: 14pt;\">Sa 8.10.<\/span><\/strong><\/span><\/p>\n<p style=\"text-align: center;\">\u00a0<\/p>\n<p style=\"text-align: center;\"><span style=\"color: #000000;\"><strong><span style=\"font-family: arial, helvetica, sans-serif; font-size: 14pt;\">R\u00fcckreise<\/span><\/strong><\/span><\/p>\n<p style=\"text-align: center;\">\u00a0<\/p>\n<p style=\"text-align: center;\"><span style=\"font-family: arial, helvetica, sans-serif; font-size: 12pt; color: #000000;\">Schnell gibt es Drinks.<\/span><\/p>\n<p style=\"text-align: center;\"><span style=\"font-family: arial, helvetica, sans-serif; font-size: 12pt; color: #000000;\">Wir nehmen Tomatensaft mit Worcestersau\u00dfe, Gin Tonic und Rotwein.<\/span><\/p>\n<p style=\"text-align: center;\"><span style=\"font-family: arial, helvetica, sans-serif; font-size: 12pt; color: #000000;\">Die vorbestellte Sondermahlzeit kommt wieder lange vor der regul\u00e4ren Essensausgabe.<\/span><\/p>\n<p style=\"text-align: center;\"><span style=\"font-family: arial, helvetica, sans-serif; font-size: 12pt; color: #000000;\">Besonders schmackhaft ist es nicht.<\/span><\/p>\n<p style=\"text-align: center;\"><span style=\"font-family: arial, helvetica, sans-serif; font-size: 12pt; color: #000000;\">Danach sind wir m\u00fcde genug, um einzuschlafen.<\/span><\/p>\n<p style=\"text-align: center;\"><span style=\"font-family: arial, helvetica, sans-serif; font-size: 12pt; color: #000000;\">Schaffen es beide, 4-5 Stunden zu schnarchen.<\/span><\/p>\n<p style=\"text-align: center;\"><span style=\"font-family: arial, helvetica, sans-serif; font-size: 12pt; color: #000000;\">Als wir zur zweiten warmen Mahlzeit wach werden, sind nur noch zwei Stunden Flugzeit \u00fcbrig.<\/span><\/p>\n<p style=\"text-align: center;\"><span style=\"font-family: arial, helvetica, sans-serif; font-size: 12pt; color: #000000;\">Wir haben die USA \u00fcberflogen und den Nordatlantik \u00fcberquert, alles sehr ruhig.<\/span><\/p>\n<p style=\"text-align: center;\">\u00a0<\/p>\n<p style=\"text-align: center;\"><span style=\"font-family: arial, helvetica, sans-serif; font-size: 12pt; color: #000000;\"><a style=\"color: #000000;\" href=\"https:\/\/welcome-ontour.de\/wordpress\/wp-content\/uploads\/2022\/12\/2022-10-08-01.jpg\" target=\"_blank\" rel=\"noopener\"><img decoding=\"async\" class=\"wp-image-19031 aligncenter\" src=\"https:\/\/welcome-ontour.de\/wordpress\/wp-content\/uploads\/2022\/12\/2022-10-08-01-300x155.jpg\" alt=\"\" width=\"810\" height=\"418\" srcset=\"https:\/\/welcome-ontour.de\/wordpress\/wp-content\/uploads\/2022\/12\/2022-10-08-01-300x155.jpg 300w, https:\/\/welcome-ontour.de\/wordpress\/wp-content\/uploads\/2022\/12\/2022-10-08-01-700x361.jpg 700w, https:\/\/welcome-ontour.de\/wordpress\/wp-content\/uploads\/2022\/12\/2022-10-08-01-768x396.jpg 768w, https:\/\/welcome-ontour.de\/wordpress\/wp-content\/uploads\/2022\/12\/2022-10-08-01-1536x793.jpg 1536w, https:\/\/welcome-ontour.de\/wordpress\/wp-content\/uploads\/2022\/12\/2022-10-08-01-1140x589.jpg 1140w, https:\/\/welcome-ontour.de\/wordpress\/wp-content\/uploads\/2022\/12\/2022-10-08-01.jpg 1600w\" sizes=\"(max-width: 810px) 100vw, 810px\" \/><\/a><\/span><\/p>\n<p style=\"text-align: center;\">\u00a0<\/p>\n<p style=\"text-align: center;\"><span style=\"font-family: arial, helvetica, sans-serif; font-size: 12pt; color: #000000;\">14 Uhr landen wir nach nur neun Stunden Flugzeit am Flughafen London Heathrow.<\/span><\/p>\n<p style=\"text-align: center;\"><span style=\"font-family: arial, helvetica, sans-serif; font-size: 12pt; color: #000000;\">Der Weiterflug soll 15:30 starten.<\/span><\/p>\n<p style=\"text-align: center;\"><span style=\"font-family: arial, helvetica, sans-serif; font-size: 12pt; color: #000000;\">Bl\u00f6derweise bekommt unsere Maschine erst nach 30 min Wartezeit ein offenes Gate zugewiesen.<\/span><\/p>\n<p style=\"text-align: center;\"><span style=\"font-family: arial, helvetica, sans-serif; font-size: 12pt; color: #000000;\">Nat\u00fcrlich sind wir aus unserer letzten Reihe erst recht sp\u00e4t aus dem langen Airbus raus.<\/span><\/p>\n<p style=\"text-align: center;\"><span style=\"font-family: arial, helvetica, sans-serif; font-size: 12pt; color: #000000;\">Versuchen wollen wir es trotzdem.<\/span><\/p>\n<p style=\"text-align: center;\"><span style=\"font-family: arial, helvetica, sans-serif; font-size: 12pt; color: #000000;\">Spurten zum Lift, der uns zur Magnetbahn bringt.<\/span><\/p>\n<p style=\"text-align: center;\"><span style=\"font-family: arial, helvetica, sans-serif; font-size: 12pt; color: #000000;\">Die kleine U-Bahn f\u00e4hrt uns von Terminal 5C zu 5A.<\/span><\/p>\n<p style=\"text-align: center;\"><span style=\"font-family: arial, helvetica, sans-serif; font-size: 12pt; color: #000000;\">Dort durch die Sicherheitskontrollen, die gl\u00fccklicherweise relativ leer sind.<\/span><\/p>\n<p style=\"text-align: center;\"><span style=\"font-family: arial, helvetica, sans-serif; font-size: 12pt; color: #000000;\">Die wenigen Passagiere lassen uns vor.<\/span><\/p>\n<p style=\"text-align: center;\"><span style=\"font-family: arial, helvetica, sans-serif; font-size: 12pt; color: #000000;\">So sind wir rekordverd\u00e4chtige 30 min nach Ausstieg am Gate A17, von wo unser Flieger startet.<\/span><\/p>\n<p style=\"text-align: center;\"><span style=\"font-family: arial, helvetica, sans-serif; font-size: 12pt; color: #000000;\">Das Boarding l\u00e4uft und wenige Minuten sp\u00e4ter sitzen wir im recht leeren Airbus A321 nach Berlin.<\/span><\/p>\n<p style=\"text-align: center;\">\u00a0<\/p>\n<p style=\"text-align: center;\"><span style=\"font-family: arial, helvetica, sans-serif; font-size: 12pt; color: #000000;\"><img decoding=\"async\" class=\"wp-image-19033 size-large aligncenter\" src=\"https:\/\/welcome-ontour.de\/wordpress\/wp-content\/uploads\/2022\/12\/2022-10-08-02-700x325.jpg\" alt=\"\" width=\"700\" height=\"325\" srcset=\"https:\/\/welcome-ontour.de\/wordpress\/wp-content\/uploads\/2022\/12\/2022-10-08-02-700x325.jpg 700w, https:\/\/welcome-ontour.de\/wordpress\/wp-content\/uploads\/2022\/12\/2022-10-08-02-300x139.jpg 300w, https:\/\/welcome-ontour.de\/wordpress\/wp-content\/uploads\/2022\/12\/2022-10-08-02-768x357.jpg 768w, https:\/\/welcome-ontour.de\/wordpress\/wp-content\/uploads\/2022\/12\/2022-10-08-02.jpg 810w\" sizes=\"(max-width: 700px) 100vw, 700px\" \/><\/span><\/p>\n<p style=\"text-align: center;\">\u00a0<\/p>\n<p style=\"text-align: center;\"><span style=\"font-family: arial, helvetica, sans-serif; font-size: 12pt; color: #000000;\">Happy \u00fcber unser Gl\u00fcck wundern wir uns, warum es nicht losgeht.<\/span><\/p>\n<p style=\"text-align: center;\"><span style=\"font-family: arial, helvetica, sans-serif; font-size: 12pt; color: #000000;\">Irgendwann kommt die Durchsage des Piloten, dass es ein IT-Problem bei der Gep\u00e4ckerfassung gibt.<\/span><\/p>\n<p style=\"text-align: center;\"><span style=\"font-family: arial, helvetica, sans-serif; font-size: 12pt; color: #000000;\">Letztendlich starten wir 16:30 mit einer Stunde Versp\u00e4tung.<\/span><\/p>\n<p style=\"text-align: center;\"><span style=\"font-family: arial, helvetica, sans-serif; font-size: 12pt; color: #000000;\">Stellen nochmals die Uhr um eine Stunde vor auf Mitteleurop\u00e4ische Sommerzeit.<\/span><\/p>\n<p style=\"text-align: center;\"><span style=\"font-family: arial, helvetica, sans-serif; font-size: 12pt; color: #000000;\">Die Sitzpl\u00e4tze 15C und D am Gang sind okay.<\/span><\/p>\n<p style=\"text-align: center;\"><span style=\"font-family: arial, helvetica, sans-serif; font-size: 12pt; color: #000000;\">Der Flug dauert nur 80 min, wir schlafen.<\/span><\/p>\n<p style=\"text-align: center;\"><span style=\"font-family: arial, helvetica, sans-serif; font-size: 12pt; color: #000000;\">Kurz vor sieben landen wir am BER, den internationalen Gro\u00dfflughafen von Berlin.<\/span><\/p>\n<p style=\"text-align: center;\"><span style=\"font-family: arial, helvetica, sans-serif; font-size: 12pt; color: #000000;\">Der Weg zur Passkontrolle ist lang und ein WC sucht man in diesem Bereich vergeblich.<\/span><\/p>\n<p style=\"text-align: center;\"><span style=\"font-family: arial, helvetica, sans-serif; font-size: 12pt; color: #000000;\">Danach d\u00fcrfen wir unsere Trolleys die Treppe runter tragen, die vorhandene Rolltreppe ist aus.<\/span><\/p>\n<p style=\"text-align: center;\"><span style=\"font-family: arial, helvetica, sans-serif; font-size: 12pt; color: #000000;\">Zum Ausgang l\u00e4uft man an den Gep\u00e4ckb\u00e4ndern vorbei.<\/span><\/p>\n<p style=\"text-align: center;\"><span style=\"font-family: arial, helvetica, sans-serif; font-size: 12pt; color: #000000;\">Hier gibt es dann auch die ersten WCs nach der Landung.<\/span><\/p>\n<p style=\"text-align: center;\"><span style=\"font-family: arial, helvetica, sans-serif; font-size: 12pt; color: #000000;\">Und danach wissen wir auch beide, wie die schmutzigsten Toiletten des Urlaubs aussehen.<\/span><\/p>\n<p style=\"text-align: center;\"><span style=\"font-family: arial, helvetica, sans-serif; font-size: 12pt; color: #000000;\">Bei Mc Parking wechseln wir vom Shuttlebus in unser Auto.<\/span><\/p>\n<p style=\"text-align: center;\"><span style=\"font-family: arial, helvetica, sans-serif; font-size: 12pt; color: #000000;\">Nach einer gem\u00fctlichen Stunde Fahrt sind wir zu Hause.<\/span><\/p>\n<p style=\"text-align: center;\"><span style=\"font-family: arial, helvetica, sans-serif; font-size: 12pt; color: #000000;\">Freuen uns auf eine k\u00fchle Nacht <\/span><\/p>\n<p style=\"text-align: center;\"><span style=\"font-family: arial, helvetica, sans-serif; font-size: 12pt; color: #000000;\">mit weit ge\u00f6ffnetem Fenster.<\/span><\/p>\n<p>&nbsp;<\/p>\n<p><span style=\"color: #000000;\"><img decoding=\"async\" class=\"aligncenter wp-image-17978 \" src=\"https:\/\/welcome-ontour.de\/wordpress\/wp-content\/uploads\/2022\/11\/2022-09-14-08-300x215.jpg\" alt=\"\" width=\"203\" height=\"145\" srcset=\"https:\/\/welcome-ontour.de\/wordpress\/wp-content\/uploads\/2022\/11\/2022-09-14-08-300x215.jpg 300w, https:\/\/welcome-ontour.de\/wordpress\/wp-content\/uploads\/2022\/11\/2022-09-14-08.jpg 406w\" sizes=\"(max-width: 203px) 100vw, 203px\" \/><\/span><\/p>\n<p><span style=\"color: #000000;\"><a style=\"color: #000000;\" href=\"https:\/\/welcome-ontour.de\/wordpress\/index.php\/2022-10-07\"><img decoding=\"async\" class=\"alignleft wp-image-17977\" title=\"Zur\u00fcck\" src=\"https:\/\/welcome-ontour.de\/wordpress\/wp-content\/uploads\/2022\/11\/2022-09-14-07.jpg\" alt=\"\" width=\"33\" height=\"30\" \/><\/a><a style=\"color: #000000;\" href=\"https:\/\/welcome-ontour.de\/wordpress\/index.php\/2022-10-09\"><img decoding=\"async\" class=\"alignright wp-image-17979\" title=\"Vor\" src=\"https:\/\/welcome-ontour.de\/wordpress\/wp-content\/uploads\/2022\/11\/2022-09-14-09.jpg\" alt=\"\" width=\"33\" height=\"31\" \/><\/a><\/span><\/p>\n","protected":false},"excerpt":{"rendered":"<p>Prolog\u00a0 \u00a0 \u00a0Anreise\u00a0 \u00a0 \u00a0Tucson\u00a0 \u00a0 \u00a0Las Cruces\u00a0 \u00a0 \u00a0Alamogardo\u00a0 \u00a0 \u00a0Amarillo\u00a0 \u00a0 \u00a0Albuquerque\u00a0 \u00a0 \u00a0Grand Canyon\u00a0 \u00a0 \u00a0Palm Desert\u00a0 \u00a0 \u00a0Phoenix\u00a0 \u00a0 \u00a0R\u00fcckreise\u00a0 \u00a0 \u00a0Fazit &nbsp; Sa 8.10. \u00a0 R\u00fcckreise \u00a0 Schnell gibt es Drinks. Wir nehmen Tomatensaft mit Worcestersau\u00dfe, Gin Tonic und Rotwein. Die vorbestellte Sondermahlzeit kommt wieder lange vor der regul\u00e4ren Essensausgabe. Besonders schmackhaft ist es nicht. Danach sind wir m\u00fcde genug, um einzuschlafen. Schaffen es beide, 4-5 Stunden zu schnarchen. Als wir zur zweiten warmen Mahlzeit wach werden, sind nur noch zwei Stunden Flugzeit \u00fcbrig. Wir haben die USA \u00fcberflogen und den Nordatlantik \u00fcberquert, alles sehr ruhig. \u00a0 \u00a0 14 Uhr landen wir nach nur neun Stunden Flugzeit am Flughafen London Heathrow. Der Weiterflug soll 15:30 starten. Bl\u00f6derweise bekommt unsere Maschine erst nach 30 min Wartezeit ein offenes Gate zugewiesen. Nat\u00fcrlich sind wir aus unserer letzten Reihe erst recht sp\u00e4t aus dem langen Airbus raus. Versuchen wollen wir es trotzdem. Spurten zum Lift, der uns zur Magnetbahn bringt. Die kleine U-Bahn f\u00e4hrt uns von Terminal 5C zu 5A. Dort durch die Sicherheitskontrollen, die gl\u00fccklicherweise relativ leer sind. Die wenigen Passagiere lassen uns vor. So sind wir rekordverd\u00e4chtige 30 min nach Ausstieg am Gate A17, von wo unser Flieger startet. Das Boarding l\u00e4uft und wenige Minuten sp\u00e4ter sitzen wir im recht leeren Airbus A321 nach Berlin. \u00a0 \u00a0 Happy \u00fcber unser Gl\u00fcck wundern wir uns, warum es nicht losgeht. Irgendwann kommt die Durchsage des Piloten, dass es ein IT-Problem bei der Gep\u00e4ckerfassung gibt. Letztendlich starten wir 16:30 mit einer Stunde Versp\u00e4tung. Stellen nochmals die Uhr um eine Stunde vor auf Mitteleurop\u00e4ische Sommerzeit. Die Sitzpl\u00e4tze 15C und D am Gang sind okay. Der Flug dauert nur 80 min, wir schlafen. Kurz vor sieben landen wir am BER, den internationalen Gro\u00dfflughafen von Berlin. Der Weg zur Passkontrolle ist lang und ein WC sucht man in diesem Bereich vergeblich. Danach d\u00fcrfen wir unsere Trolleys die Treppe runter tragen, die vorhandene Rolltreppe ist aus. Zum Ausgang l\u00e4uft man an den Gep\u00e4ckb\u00e4ndern vorbei. Hier gibt es dann auch die ersten WCs nach der Landung. Und danach wissen wir auch beide, wie die schmutzigsten Toiletten des Urlaubs aussehen. Bei Mc Parking wechseln wir vom Shuttlebus in unser Auto. Nach einer gem\u00fctlichen Stunde Fahrt sind wir zu Hause. Freuen uns auf eine k\u00fchle Nacht mit weit ge\u00f6ffnetem Fenster. &nbsp;<\/p>\n","protected":false},"author":1,"featured_media":0,"parent":0,"menu_order":0,"comment_status":"closed","ping_status":"closed","template":"","meta":{"footnotes":""},"class_list":["post-18063","page","type-page","status-publish","hentry"],"_links":{"self":[{"href":"https:\/\/welcome-ontour.de\/wordpress\/index.php\/wp-json\/wp\/v2\/pages\/18063","targetHints":{"allow":["GET"]}}],"collection":[{"href":"https:\/\/welcome-ontour.de\/wordpress\/index.php\/wp-json\/wp\/v2\/pages"}],"about":[{"href":"https:\/\/welcome-ontour.de\/wordpress\/index.php\/wp-json\/wp\/v2\/types\/page"}],"author":[{"embeddable":true,"href":"https:\/\/welcome-ontour.de\/wordpress\/index.php\/wp-json\/wp\/v2\/users\/1"}],"replies":[{"embeddable":true,"href":"https:\/\/welcome-ontour.de\/wordpress\/index.php\/wp-json\/wp\/v2\/comments?post=18063"}],"version-history":[{"count":8,"href":"https:\/\/welcome-ontour.de\/wordpress\/index.php\/wp-json\/wp\/v2\/pages\/18063\/revisions"}],"predecessor-version":[{"id":27512,"href":"https:\/\/welcome-ontour.de\/wordpress\/index.php\/wp-json\/wp\/v2\/pages\/18063\/revisions\/27512"}],"wp:attachment":[{"href":"https:\/\/welcome-ontour.de\/wordpress\/index.php\/wp-json\/wp\/v2\/media?parent=18063"}],"curies":[{"name":"wp","href":"https:\/\/api.w.org\/{rel}","templated":true}]}}