{"id":18049,"date":"2022-11-23T09:42:13","date_gmt":"2022-11-23T09:42:13","guid":{"rendered":"https:\/\/welcome-ontour.de\/wordpress\/?page_id=18049"},"modified":"2025-09-25T09:27:40","modified_gmt":"2025-09-25T09:27:40","slug":"2022-10-01","status":"publish","type":"page","link":"https:\/\/welcome-ontour.de\/wordpress\/index.php\/2022-10-01\/","title":{"rendered":"2022 10 01"},"content":{"rendered":"<p style=\"text-align: center;\"><span style=\"font-family: arial, helvetica, sans-serif; font-size: 8pt; color: #000000;\"><a style=\"color: #000000;\" href=\"https:\/\/welcome-ontour.de\/wordpress\/index.php\/2022-09-14-prolog\/\">Prolog<\/a>\u00a0 \u00a0 \u00a0<a style=\"color: #000000;\" href=\"https:\/\/welcome-ontour.de\/wordpress\/index.php\/2022-09-15\">Anreise<\/a>\u00a0 \u00a0 \u00a0<a style=\"color: #000000;\" href=\"https:\/\/welcome-ontour.de\/wordpress\/index.php\/2022-09-16\">Tucson<\/a>\u00a0 \u00a0 \u00a0<a style=\"color: #000000;\" href=\"https:\/\/welcome-ontour.de\/wordpress\/index.php\/2022-09-19\">Las Cruces<\/a>\u00a0 \u00a0 \u00a0<a style=\"color: #000000;\" href=\"https:\/\/welcome-ontour.de\/wordpress\/index.php\/2022-09-21\">Alamogardo<\/a>\u00a0 \u00a0 \u00a0<a style=\"color: #000000;\" href=\"https:\/\/welcome-ontour.de\/wordpress\/index.php\/2022-09-22\">Amarillo<\/a>\u00a0 \u00a0 \u00a0<a style=\"color: #000000;\" href=\"https:\/\/welcome-ontour.de\/wordpress\/index.php\/2022-09-24\">Albuquerque<\/a>\u00a0 \u00a0 \u00a0<a style=\"color: #000000;\" href=\"https:\/\/welcome-ontour.de\/wordpress\/index.php\/2022-09-28\">Grand Canyon<\/a>\u00a0 \u00a0 \u00a0<a style=\"color: #000000;\" href=\"https:\/\/welcome-ontour.de\/wordpress\/index.php\/2022-09-29\">Palm Desert<\/a>\u00a0 \u00a0 \u00a0<a style=\"color: #000000;\" href=\"https:\/\/welcome-ontour.de\/wordpress\/index.php\/2022-10-03\">Phoenix<\/a>\u00a0 \u00a0 \u00a0<a style=\"color: #000000;\" href=\"https:\/\/welcome-ontour.de\/wordpress\/index.php\/2022-10-07\">R\u00fcckreise<\/a>\u00a0 \u00a0 \u00a0<a style=\"color: #000000;\" href=\"https:\/\/welcome-ontour.de\/wordpress\/index.php\/2022-10-09\">Fazit<\/a><\/span><\/p>\n<p><span style=\"color: #000000;\"><a style=\"color: #000000;\" href=\"https:\/\/welcome-ontour.de\/wordpress\/index.php\/2022-09-30\"><img decoding=\"async\" class=\"alignleft wp-image-17977\" title=\"Zur\u00fcck\" src=\"https:\/\/welcome-ontour.de\/wordpress\/wp-content\/uploads\/2022\/11\/2022-09-14-07.jpg\" alt=\"\" width=\"33\" height=\"30\" \/><\/a><a style=\"color: #000000;\" href=\"https:\/\/welcome-ontour.de\/wordpress\/index.php\/2022-10-02\"><img decoding=\"async\" class=\"alignright wp-image-17979\" title=\"Vor\" src=\"https:\/\/welcome-ontour.de\/wordpress\/wp-content\/uploads\/2022\/11\/2022-09-14-09.jpg\" alt=\"\" width=\"33\" height=\"31\" \/><\/a><\/span><\/p>\n<p>&nbsp;<\/p>\n<p style=\"text-align: center;\"><span style=\"color: #000000;\"><strong><span style=\"font-family: arial, helvetica, sans-serif; font-size: 14pt;\">Sa 1.10.<\/span><\/strong><\/span><\/p>\n<p style=\"text-align: center;\">\u00a0<\/p>\n<p style=\"text-align: center;\"><span style=\"color: #000000;\"><strong><span style=\"font-family: arial, helvetica, sans-serif; font-size: 14pt;\">Rancho Mirage<\/span><\/strong><\/span><\/p>\n<p style=\"text-align: center;\">\u00a0<\/p>\n<p style=\"text-align: center;\"><span style=\"font-family: arial, helvetica, sans-serif; font-size: 12pt; color: #000000;\">Wir schlafen hier am Ende des Flures wie die Toten.<\/span><\/p>\n<p style=\"text-align: center;\"><span style=\"font-family: arial, helvetica, sans-serif; font-size: 12pt; color: #000000;\">Die Matratzen scheinen neu zu sein und die Klimaanlage verrichtet leise ihren Dienst.<\/span><\/p>\n<p style=\"text-align: center;\">\u00a0<\/p>\n<p style=\"text-align: center;\"><span style=\"font-family: arial, helvetica, sans-serif; font-size: 12pt; color: #000000;\"><img decoding=\"async\" class=\"wp-image-18786 size-full aligncenter\" src=\"https:\/\/welcome-ontour.de\/wordpress\/wp-content\/uploads\/2022\/12\/2022-10-01-01.jpg\" alt=\"\" width=\"810\" height=\"414\" srcset=\"https:\/\/welcome-ontour.de\/wordpress\/wp-content\/uploads\/2022\/12\/2022-10-01-01.jpg 810w, https:\/\/welcome-ontour.de\/wordpress\/wp-content\/uploads\/2022\/12\/2022-10-01-01-300x153.jpg 300w, https:\/\/welcome-ontour.de\/wordpress\/wp-content\/uploads\/2022\/12\/2022-10-01-01-700x358.jpg 700w, https:\/\/welcome-ontour.de\/wordpress\/wp-content\/uploads\/2022\/12\/2022-10-01-01-768x393.jpg 768w\" sizes=\"(max-width: 810px) 100vw, 810px\" \/><\/span><\/p>\n<p style=\"text-align: center;\">\u00a0<\/p>\n<p style=\"text-align: center;\"><span style=\"font-family: arial, helvetica, sans-serif; font-size: 12pt; color: #000000;\">Zum Breakfast fahren wir zum Dennys am Vista Point in Cathedral City.<\/span><\/p>\n<p style=\"text-align: center;\">\u00a0<\/p>\n<p style=\"text-align: center;\"><span style=\"font-family: arial, helvetica, sans-serif; font-size: 12pt; color: #000000;\"><img decoding=\"async\" class=\"wp-image-18787 size-full aligncenter\" src=\"https:\/\/welcome-ontour.de\/wordpress\/wp-content\/uploads\/2022\/12\/2022-10-01-02.jpg\" alt=\"\" width=\"810\" height=\"411\" srcset=\"https:\/\/welcome-ontour.de\/wordpress\/wp-content\/uploads\/2022\/12\/2022-10-01-02.jpg 810w, https:\/\/welcome-ontour.de\/wordpress\/wp-content\/uploads\/2022\/12\/2022-10-01-02-300x152.jpg 300w, https:\/\/welcome-ontour.de\/wordpress\/wp-content\/uploads\/2022\/12\/2022-10-01-02-700x355.jpg 700w, https:\/\/welcome-ontour.de\/wordpress\/wp-content\/uploads\/2022\/12\/2022-10-01-02-768x390.jpg 768w\" sizes=\"(max-width: 810px) 100vw, 810px\" \/><\/span><\/p>\n<p style=\"text-align: center;\">\u00a0<\/p>\n<p style=\"text-align: center;\"><span style=\"font-family: arial, helvetica, sans-serif; font-size: 12pt; color: #000000;\">Wir lassen uns ewig Zeit und kommen einstimmig zu dem Entschluss, heute nichts zu unternehmen.<\/span><\/p>\n<p style=\"text-align: center;\">\u00a0<\/p>\n<p style=\"text-align: center;\"><span style=\"font-family: arial, helvetica, sans-serif; font-size: 12pt; color: #000000;\"><img decoding=\"async\" class=\"aligncenter wp-image-27426 size-full\" src=\"https:\/\/welcome-ontour.de\/wordpress\/wp-content\/uploads\/2025\/09\/2022-10-01-0304.jpg\" alt=\"\" width=\"810\" height=\"188\" srcset=\"https:\/\/welcome-ontour.de\/wordpress\/wp-content\/uploads\/2025\/09\/2022-10-01-0304.jpg 810w, https:\/\/welcome-ontour.de\/wordpress\/wp-content\/uploads\/2025\/09\/2022-10-01-0304-300x70.jpg 300w, https:\/\/welcome-ontour.de\/wordpress\/wp-content\/uploads\/2025\/09\/2022-10-01-0304-700x162.jpg 700w, https:\/\/welcome-ontour.de\/wordpress\/wp-content\/uploads\/2025\/09\/2022-10-01-0304-768x178.jpg 768w\" sizes=\"(max-width: 810px) 100vw, 810px\" \/><\/span><\/p>\n<p style=\"text-align: center;\">\u00a0<\/p>\n<p style=\"text-align: center;\"><span style=\"font-family: arial, helvetica, sans-serif; font-size: 12pt; color: #000000;\">Schon fr\u00fch um zehn ist es hei\u00df und im Laufe des Tages sollen 40\u00b0C \u00fcberschritten werden.<\/span><\/p>\n<p style=\"text-align: center;\"><span style=\"font-family: arial, helvetica, sans-serif; font-size: 12pt; color: #000000;\">Also klappern wir Vormittag ein paar wenige Gesch\u00e4fte ab und begeben uns dann an den Hotelpool.<\/span><\/p>\n<p style=\"text-align: center;\">\u00a0<\/p>\n<p style=\"text-align: center;\"><span style=\"font-family: arial, helvetica, sans-serif; font-size: 12pt; color: #000000;\"><img decoding=\"async\" class=\"aligncenter wp-image-27427 size-full\" src=\"https:\/\/welcome-ontour.de\/wordpress\/wp-content\/uploads\/2025\/09\/2022-10-01-0506.jpg\" alt=\"\" width=\"810\" height=\"279\" srcset=\"https:\/\/welcome-ontour.de\/wordpress\/wp-content\/uploads\/2025\/09\/2022-10-01-0506.jpg 810w, https:\/\/welcome-ontour.de\/wordpress\/wp-content\/uploads\/2025\/09\/2022-10-01-0506-300x103.jpg 300w, https:\/\/welcome-ontour.de\/wordpress\/wp-content\/uploads\/2025\/09\/2022-10-01-0506-700x241.jpg 700w, https:\/\/welcome-ontour.de\/wordpress\/wp-content\/uploads\/2025\/09\/2022-10-01-0506-768x265.jpg 768w\" sizes=\"(max-width: 810px) 100vw, 810px\" \/><\/span><\/p>\n<p style=\"text-align: center;\">\u00a0<\/p>\n<p style=\"text-align: center;\"><span style=\"font-family: arial, helvetica, sans-serif; font-size: 12pt; color: #000000;\">Mit gut gef\u00fcllter K\u00fchltasche ist das sehr entspannt.<\/span><\/p>\n<p style=\"text-align: center;\"><span style=\"font-family: arial, helvetica, sans-serif; font-size: 12pt; color: #000000;\">Die Liegen sind bequem und das Wasser im Schwimmbecken hat 28\u00b0C.<\/span><\/p>\n<p style=\"text-align: center;\">\u00a0<\/p>\n<p style=\"text-align: center;\"><span style=\"font-family: arial, helvetica, sans-serif; font-size: 12pt; color: #000000;\"><img decoding=\"async\" class=\"aligncenter wp-image-18792 size-full\" src=\"https:\/\/welcome-ontour.de\/wordpress\/wp-content\/uploads\/2022\/12\/2022-10-01-07.jpg\" alt=\"\" width=\"810\" height=\"377\" srcset=\"https:\/\/welcome-ontour.de\/wordpress\/wp-content\/uploads\/2022\/12\/2022-10-01-07.jpg 810w, https:\/\/welcome-ontour.de\/wordpress\/wp-content\/uploads\/2022\/12\/2022-10-01-07-300x140.jpg 300w, https:\/\/welcome-ontour.de\/wordpress\/wp-content\/uploads\/2022\/12\/2022-10-01-07-700x326.jpg 700w, https:\/\/welcome-ontour.de\/wordpress\/wp-content\/uploads\/2022\/12\/2022-10-01-07-768x357.jpg 768w\" sizes=\"(max-width: 810px) 100vw, 810px\" \/><\/span><\/p>\n<p style=\"text-align: center;\">\u00a0<\/p>\n<p style=\"text-align: center;\"><span style=\"font-family: arial, helvetica, sans-serif; font-size: 12pt; color: #000000;\">Zudem ist die Pool-Area so gut wie unbesucht.<\/span><\/p>\n<p style=\"text-align: center;\"><span style=\"font-family: arial, helvetica, sans-serif; font-size: 12pt; color: #000000;\">Au\u00dfer uns hat es sich nur ein kanadisches Paar bequem gemacht.<\/span><\/p>\n<p style=\"text-align: center;\"><span style=\"font-family: arial, helvetica, sans-serif; font-size: 12pt; color: #000000;\">Wir kommen mit denen ins Gespr\u00e4ch, bei ihnen zu Hause in Alberta ist es jetzt kalt.<\/span><\/p>\n<p style=\"text-align: center;\"><span style=\"font-family: arial, helvetica, sans-serif; font-size: 12pt; color: #000000;\">Der Urlaub im Urlaub tut uns beiden gut.<\/span><\/p>\n<p style=\"text-align: center;\">\u00a0<\/p>\n<p style=\"text-align: center;\"><span style=\"font-family: arial, helvetica, sans-serif; font-size: 12pt; color: #000000;\"><img decoding=\"async\" class=\"aligncenter wp-image-27428\" src=\"https:\/\/welcome-ontour.de\/wordpress\/wp-content\/uploads\/2025\/09\/2022-10-01-0810.jpg\" alt=\"\" width=\"810\" height=\"314\" srcset=\"https:\/\/welcome-ontour.de\/wordpress\/wp-content\/uploads\/2025\/09\/2022-10-01-0810.jpg 1033w, https:\/\/welcome-ontour.de\/wordpress\/wp-content\/uploads\/2025\/09\/2022-10-01-0810-300x116.jpg 300w, https:\/\/welcome-ontour.de\/wordpress\/wp-content\/uploads\/2025\/09\/2022-10-01-0810-700x271.jpg 700w, https:\/\/welcome-ontour.de\/wordpress\/wp-content\/uploads\/2025\/09\/2022-10-01-0810-768x297.jpg 768w\" sizes=\"(max-width: 810px) 100vw, 810px\" \/><\/span><\/p>\n<p style=\"text-align: center;\">\u00a0<\/p>\n<p style=\"text-align: center;\"><span style=\"font-family: arial, helvetica, sans-serif; font-size: 12pt; color: #000000;\">Den Abend verbringen wir in der River Passage Rancho Mirage, gleich nebenan.<\/span><\/p>\n<p style=\"text-align: center;\">\u00a0<\/p>\n<p style=\"text-align: center;\"><span style=\"font-family: arial, helvetica, sans-serif; font-size: 12pt; color: #000000;\"><img decoding=\"async\" class=\"wp-image-18796 size-full aligncenter\" src=\"https:\/\/welcome-ontour.de\/wordpress\/wp-content\/uploads\/2022\/12\/2022-10-01-11.jpg\" alt=\"\" width=\"810\" height=\"377\" srcset=\"https:\/\/welcome-ontour.de\/wordpress\/wp-content\/uploads\/2022\/12\/2022-10-01-11.jpg 810w, https:\/\/welcome-ontour.de\/wordpress\/wp-content\/uploads\/2022\/12\/2022-10-01-11-300x140.jpg 300w, https:\/\/welcome-ontour.de\/wordpress\/wp-content\/uploads\/2022\/12\/2022-10-01-11-700x326.jpg 700w, https:\/\/welcome-ontour.de\/wordpress\/wp-content\/uploads\/2022\/12\/2022-10-01-11-768x357.jpg 768w\" sizes=\"(max-width: 810px) 100vw, 810px\" \/><\/span><\/p>\n<p style=\"text-align: center;\">\u00a0<\/p>\n<p style=\"text-align: center;\"><span style=\"font-family: arial, helvetica, sans-serif; font-size: 12pt; color: #000000;\">Es gibt Gesch\u00e4fte, Bars und Restaurants.<\/span><\/p>\n<p style=\"text-align: center;\"><span style=\"font-family: arial, helvetica, sans-serif; font-size: 12pt; color: #000000;\">Ein k\u00fcnstlicher Wasserlauf sorgt f\u00fcr angenehmes Klima.<\/span><\/p>\n<p style=\"text-align: center;\"><span style=\"font-family: arial, helvetica, sans-serif; font-size: 12pt; color: #000000;\">Im gro\u00dfen, offenen Innenhof spielt eine junge Band.<\/span><\/p>\n<p style=\"text-align: center;\">\u00a0<\/p>\n<p style=\"text-align: center;\"><span style=\"font-family: arial, helvetica, sans-serif; font-size: 12pt; color: #000000;\"><img decoding=\"async\" class=\"wp-image-18797 size-full aligncenter\" src=\"https:\/\/welcome-ontour.de\/wordpress\/wp-content\/uploads\/2022\/12\/2022-10-01-12.jpg\" alt=\"\" width=\"810\" height=\"377\" srcset=\"https:\/\/welcome-ontour.de\/wordpress\/wp-content\/uploads\/2022\/12\/2022-10-01-12.jpg 810w, https:\/\/welcome-ontour.de\/wordpress\/wp-content\/uploads\/2022\/12\/2022-10-01-12-300x140.jpg 300w, https:\/\/welcome-ontour.de\/wordpress\/wp-content\/uploads\/2022\/12\/2022-10-01-12-700x326.jpg 700w, https:\/\/welcome-ontour.de\/wordpress\/wp-content\/uploads\/2022\/12\/2022-10-01-12-768x357.jpg 768w\" sizes=\"(max-width: 810px) 100vw, 810px\" \/><\/span><\/p>\n<p style=\"text-align: center;\">\u00a0<\/p>\n<p style=\"text-align: center;\"><span style=\"font-family: arial, helvetica, sans-serif; font-size: 12pt; color: #000000;\">Viele Familien verbringen ihren Sonntagabend hier.<\/span><\/p>\n<p style=\"text-align: center;\"><span style=\"font-family: arial, helvetica, sans-serif; font-size: 12pt; color: #000000;\">Unseren Hunger wollen wir im Yard House bek\u00e4mpfen.<\/span><\/p>\n<p style=\"text-align: center;\">\u00a0<\/p>\n<p style=\"text-align: center;\"><span style=\"font-family: arial, helvetica, sans-serif; font-size: 12pt; color: #000000;\"><img decoding=\"async\" class=\"aligncenter wp-image-27429\" src=\"https:\/\/welcome-ontour.de\/wordpress\/wp-content\/uploads\/2025\/09\/2022-10-01-1315.jpg\" alt=\"\" width=\"810\" height=\"235\" srcset=\"https:\/\/welcome-ontour.de\/wordpress\/wp-content\/uploads\/2025\/09\/2022-10-01-1315.jpg 1381w, https:\/\/welcome-ontour.de\/wordpress\/wp-content\/uploads\/2025\/09\/2022-10-01-1315-300x87.jpg 300w, https:\/\/welcome-ontour.de\/wordpress\/wp-content\/uploads\/2025\/09\/2022-10-01-1315-700x203.jpg 700w, https:\/\/welcome-ontour.de\/wordpress\/wp-content\/uploads\/2025\/09\/2022-10-01-1315-768x222.jpg 768w, https:\/\/welcome-ontour.de\/wordpress\/wp-content\/uploads\/2025\/09\/2022-10-01-1315-1140x330.jpg 1140w\" sizes=\"(max-width: 810px) 100vw, 810px\" \/><\/span><\/p>\n<p style=\"text-align: center;\">\u00a0<\/p>\n<p style=\"text-align: center;\"><span style=\"font-family: arial, helvetica, sans-serif; font-size: 12pt; color: #000000;\">Die riesige Sportsbar mit angeschlossener Brauerei hat rund 200 verschiedene Biersorten im Angebot.<\/span><\/p>\n<p style=\"text-align: center;\">\u00a0<\/p>\n<p style=\"text-align: center;\"><span style=\"font-family: arial, helvetica, sans-serif; font-size: 12pt; color: #000000;\"><img decoding=\"async\" class=\"aligncenter wp-image-27430 size-full\" src=\"https:\/\/welcome-ontour.de\/wordpress\/wp-content\/uploads\/2025\/09\/2022-10-01-1617.jpg\" alt=\"\" width=\"810\" height=\"188\" srcset=\"https:\/\/welcome-ontour.de\/wordpress\/wp-content\/uploads\/2025\/09\/2022-10-01-1617.jpg 810w, https:\/\/welcome-ontour.de\/wordpress\/wp-content\/uploads\/2025\/09\/2022-10-01-1617-300x70.jpg 300w, https:\/\/welcome-ontour.de\/wordpress\/wp-content\/uploads\/2025\/09\/2022-10-01-1617-700x162.jpg 700w, https:\/\/welcome-ontour.de\/wordpress\/wp-content\/uploads\/2025\/09\/2022-10-01-1617-768x178.jpg 768w\" sizes=\"(max-width: 810px) 100vw, 810px\" \/><\/span><\/p>\n<p style=\"text-align: center;\">\u00a0<\/p>\n<p style=\"text-align: center;\"><span style=\"font-family: arial, helvetica, sans-serif; font-size: 12pt; color: #000000;\">Alle frisch gezapft an einem Monstertresen mitten im Restaurant.<\/span><\/p>\n<p style=\"text-align: center;\"><span style=\"font-family: arial, helvetica, sans-serif; font-size: 12pt; color: #000000;\">Wer m\u00f6chte, kann auch aus 6 Oktoberfestbieren w\u00e4hlen.<\/span><\/p>\n<p style=\"text-align: center;\"><span style=\"font-family: arial, helvetica, sans-serif; font-size: 12pt; color: #000000;\">Wir ordern Ahi Poke Bowl und Crispy Whisky Black Pepper Wings.<\/span><\/p>\n<p style=\"text-align: center;\">\u00a0<\/p>\n<p style=\"text-align: center;\"><span style=\"font-family: arial, helvetica, sans-serif; font-size: 12pt; color: #000000;\"><img decoding=\"async\" class=\"aligncenter wp-image-27431\" src=\"https:\/\/welcome-ontour.de\/wordpress\/wp-content\/uploads\/2025\/09\/2022-10-01-1820.jpg\" alt=\"\" width=\"810\" height=\"314\" srcset=\"https:\/\/welcome-ontour.de\/wordpress\/wp-content\/uploads\/2025\/09\/2022-10-01-1820.jpg 1032w, https:\/\/welcome-ontour.de\/wordpress\/wp-content\/uploads\/2025\/09\/2022-10-01-1820-300x116.jpg 300w, https:\/\/welcome-ontour.de\/wordpress\/wp-content\/uploads\/2025\/09\/2022-10-01-1820-700x271.jpg 700w, https:\/\/welcome-ontour.de\/wordpress\/wp-content\/uploads\/2025\/09\/2022-10-01-1820-768x298.jpg 768w\" sizes=\"(max-width: 810px) 100vw, 810px\" \/><\/span><\/p>\n<p style=\"text-align: center;\">\u00a0<\/p>\n<p style=\"text-align: center;\"><span style=\"font-family: arial, helvetica, sans-serif; font-size: 12pt; color: #000000;\">Letztere sind die besten Wings des ganzen Urlaubs.<\/span><\/p>\n<p style=\"text-align: center;\"><span style=\"font-family: arial, helvetica, sans-serif; font-size: 12pt; color: #000000;\">Zufrieden sind wir um zehn wieder im Hotel.<\/span><\/p>\n<p style=\"text-align: center;\">\u00a0<\/p>\n<p style=\"text-align: center;\"><span style=\"font-family: arial, helvetica, sans-serif; font-size: 12pt; color: #000000;\">Gefahrene Meilen \/ Kilometer: 31 \/ 50<\/span><\/p>\n<p style=\"text-align: center;\">\u00a0<\/p>\n<p style=\"text-align: center;\"><span style=\"font-family: arial, helvetica, sans-serif; font-size: 12pt; color: #000000;\">Unterkunft: Hilton Garden Inn, Rancho Mirage, California **** 97\u20ac<\/span><\/p>\n<p>&nbsp;<\/p>\n<p><span style=\"color: #000000;\"><img decoding=\"async\" class=\"aligncenter wp-image-17978 \" src=\"https:\/\/welcome-ontour.de\/wordpress\/wp-content\/uploads\/2022\/11\/2022-09-14-08-300x215.jpg\" alt=\"\" width=\"203\" height=\"145\" srcset=\"https:\/\/welcome-ontour.de\/wordpress\/wp-content\/uploads\/2022\/11\/2022-09-14-08-300x215.jpg 300w, https:\/\/welcome-ontour.de\/wordpress\/wp-content\/uploads\/2022\/11\/2022-09-14-08.jpg 406w\" sizes=\"(max-width: 203px) 100vw, 203px\" \/><\/span><\/p>\n<p><span style=\"color: #000000;\"><a style=\"color: #000000;\" href=\"https:\/\/welcome-ontour.de\/wordpress\/index.php\/2022-09-30\"><img decoding=\"async\" class=\"alignleft wp-image-17977\" title=\"Zur\u00fcck\" src=\"https:\/\/welcome-ontour.de\/wordpress\/wp-content\/uploads\/2022\/11\/2022-09-14-07.jpg\" alt=\"\" width=\"33\" height=\"30\" \/><\/a><a style=\"color: #000000;\" href=\"https:\/\/welcome-ontour.de\/wordpress\/index.php\/2022-10-02\"><img decoding=\"async\" class=\"alignright wp-image-17979\" title=\"Vor\" src=\"https:\/\/welcome-ontour.de\/wordpress\/wp-content\/uploads\/2022\/11\/2022-09-14-09.jpg\" alt=\"\" width=\"33\" height=\"31\" \/><\/a><\/span><\/p>\n","protected":false},"excerpt":{"rendered":"<p>Prolog\u00a0 \u00a0 \u00a0Anreise\u00a0 \u00a0 \u00a0Tucson\u00a0 \u00a0 \u00a0Las Cruces\u00a0 \u00a0 \u00a0Alamogardo\u00a0 \u00a0 \u00a0Amarillo\u00a0 \u00a0 \u00a0Albuquerque\u00a0 \u00a0 \u00a0Grand Canyon\u00a0 \u00a0 \u00a0Palm Desert\u00a0 \u00a0 \u00a0Phoenix\u00a0 \u00a0 \u00a0R\u00fcckreise\u00a0 \u00a0 \u00a0Fazit &nbsp; Sa 1.10. \u00a0 Rancho Mirage \u00a0 Wir schlafen hier am Ende des Flures wie die Toten. Die Matratzen scheinen neu zu sein und die Klimaanlage verrichtet leise ihren Dienst. \u00a0 \u00a0 Zum Breakfast fahren wir zum Dennys am Vista Point in Cathedral City. \u00a0 \u00a0 Wir lassen uns ewig Zeit und kommen einstimmig zu dem Entschluss, heute nichts zu unternehmen. \u00a0 \u00a0 Schon fr\u00fch um zehn ist es hei\u00df und im Laufe des Tages sollen 40\u00b0C \u00fcberschritten werden. Also klappern wir Vormittag ein paar wenige Gesch\u00e4fte ab und begeben uns dann an den Hotelpool. \u00a0 \u00a0 Mit gut gef\u00fcllter K\u00fchltasche ist das sehr entspannt. Die Liegen sind bequem und das Wasser im Schwimmbecken hat 28\u00b0C. \u00a0 \u00a0 Zudem ist die Pool-Area so gut wie unbesucht. Au\u00dfer uns hat es sich nur ein kanadisches Paar bequem gemacht. Wir kommen mit denen ins Gespr\u00e4ch, bei ihnen zu Hause in Alberta ist es jetzt kalt. Der Urlaub im Urlaub tut uns beiden gut. \u00a0 \u00a0 Den Abend verbringen wir in der River Passage Rancho Mirage, gleich nebenan. \u00a0 \u00a0 Es gibt Gesch\u00e4fte, Bars und Restaurants. Ein k\u00fcnstlicher Wasserlauf sorgt f\u00fcr angenehmes Klima. Im gro\u00dfen, offenen Innenhof spielt eine junge Band. \u00a0 \u00a0 Viele Familien verbringen ihren Sonntagabend hier. Unseren Hunger wollen wir im Yard House bek\u00e4mpfen. \u00a0 \u00a0 Die riesige Sportsbar mit angeschlossener Brauerei hat rund 200 verschiedene Biersorten im Angebot. \u00a0 \u00a0 Alle frisch gezapft an einem Monstertresen mitten im Restaurant. Wer m\u00f6chte, kann auch aus 6 Oktoberfestbieren w\u00e4hlen. Wir ordern Ahi Poke Bowl und Crispy Whisky Black Pepper Wings. \u00a0 \u00a0 Letztere sind die besten Wings des ganzen Urlaubs. Zufrieden sind wir um zehn wieder im Hotel. \u00a0 Gefahrene Meilen \/ Kilometer: 31 \/ 50 \u00a0 Unterkunft: Hilton Garden Inn, Rancho Mirage, California **** 97\u20ac &nbsp;<\/p>\n","protected":false},"author":1,"featured_media":0,"parent":0,"menu_order":0,"comment_status":"closed","ping_status":"closed","template":"","meta":{"footnotes":""},"class_list":["post-18049","page","type-page","status-publish","hentry"],"_links":{"self":[{"href":"https:\/\/welcome-ontour.de\/wordpress\/index.php\/wp-json\/wp\/v2\/pages\/18049","targetHints":{"allow":["GET"]}}],"collection":[{"href":"https:\/\/welcome-ontour.de\/wordpress\/index.php\/wp-json\/wp\/v2\/pages"}],"about":[{"href":"https:\/\/welcome-ontour.de\/wordpress\/index.php\/wp-json\/wp\/v2\/types\/page"}],"author":[{"embeddable":true,"href":"https:\/\/welcome-ontour.de\/wordpress\/index.php\/wp-json\/wp\/v2\/users\/1"}],"replies":[{"embeddable":true,"href":"https:\/\/welcome-ontour.de\/wordpress\/index.php\/wp-json\/wp\/v2\/comments?post=18049"}],"version-history":[{"count":6,"href":"https:\/\/welcome-ontour.de\/wordpress\/index.php\/wp-json\/wp\/v2\/pages\/18049\/revisions"}],"predecessor-version":[{"id":27432,"href":"https:\/\/welcome-ontour.de\/wordpress\/index.php\/wp-json\/wp\/v2\/pages\/18049\/revisions\/27432"}],"wp:attachment":[{"href":"https:\/\/welcome-ontour.de\/wordpress\/index.php\/wp-json\/wp\/v2\/media?parent=18049"}],"curies":[{"name":"wp","href":"https:\/\/api.w.org\/{rel}","templated":true}]}}