{"id":18,"date":"2012-08-11T09:41:24","date_gmt":"2012-08-11T09:41:24","guid":{"rendered":"https:\/\/welcome-ontour.de\/wordpress\/index.php\/2012-01-18-prolog\/"},"modified":"2022-06-30T23:06:16","modified_gmt":"2022-06-30T23:06:16","slug":"2012-01-18-prolog","status":"publish","type":"page","link":"https:\/\/welcome-ontour.de\/wordpress\/index.php\/2012-01-18-prolog\/","title":{"rendered":"2012 01 18 prolog"},"content":{"rendered":"<p style=\"text-align: center;\"><span style=\"font-family: arial, helvetica, sans-serif; font-size: x-small;\"><a href=\"https:\/\/welcome-ontour.de\/wordpress\/index.php\/2012-01-18-prolog\/\">prolog<\/a> &#8211; <a href=\"https:\/\/welcome-ontour.de\/wordpress\/index.php\/2012-01-19\/\">hinflug<\/a> &#8211; <a href=\"https:\/\/welcome-ontour.de\/wordpress\/index.php\/2012-01-20\/\">everglades<\/a> &#8211; <a href=\"https:\/\/welcome-ontour.de\/wordpress\/index.php\/2012-01-21\/\">key biskayne<\/a> &#8211; <a href=\"https:\/\/welcome-ontour.de\/wordpress\/index.php\/2012-01-22\/\">southbeach<\/a> &#8211; <a href=\"https:\/\/welcome-ontour.de\/wordpress\/index.php\/2012-01-23\/\">70.000<\/a> &#8211; <a href=\"https:\/\/welcome-ontour.de\/wordpress\/index.php\/2012-01-27\/\">florida keys<\/a> &#8211; <a href=\"https:\/\/welcome-ontour.de\/wordpress\/index.php\/2012-01-28\/\">key west<\/a> &#8211; <a href=\"https:\/\/welcome-ontour.de\/wordpress\/index.php\/2012-01-29\/\">bahia honda<\/a> &#8211; <a href=\"https:\/\/welcome-ontour.de\/wordpress\/index.php\/2012-01-30\/\">key largo<\/a> &#8211; <a href=\"https:\/\/welcome-ontour.de\/wordpress\/index.php\/2012-01-30\/\">everglades 2<\/a> &#8211; <a href=\"https:\/\/welcome-ontour.de\/wordpress\/index.php\/2012-02-01\/\">fort myers<\/a> &#8211; <a href=\"https:\/\/welcome-ontour.de\/wordpress\/index.php\/2012-02-03\/\">myaka<\/a> &#8211; <a href=\"https:\/\/welcome-ontour.de\/wordpress\/index.php\/2012-02-04\/\">st.pete<\/a> &#8211; <a href=\"https:\/\/welcome-ontour.de\/wordpress\/index.php\/2012-02-06\/\">siesta key<\/a> &#8211; <a href=\"https:\/\/welcome-ontour.de\/wordpress\/index.php\/2012-02-07\/\">ft.lauderdale<\/a> &#8211; <a href=\"https:\/\/welcome-ontour.de\/wordpress\/index.php\/2012-02-09\/\">r\u00fcckflug<\/a> &#8211; <a href=\"https:\/\/welcome-ontour.de\/wordpress\/index.php\/2012-02-11-fazit\/\">fazit<\/a><\/span><\/p>\n<p style=\"text-align: center;\"><span style=\"font-family: arial, helvetica, sans-serif; font-size: x-small;\">\u00a0<\/span><\/p>\n<p style=\"text-align: center;\"><span style=\"font-family: arial, helvetica, sans-serif; font-size: medium;\"><span style=\"font-size: small;\"><a href=\"https:\/\/welcome-ontour.de\/wordpress\/index.php\/reiseberichte\/\">&lt; Reiseberichte<\/a> \u00a0<\/span>\u00a0 \u00a0 \u00a0 \u00a0 \u00a0 \u00a0 \u00a0 \u00a0 \u00a0 \u00a0 \u00a0 \u00a0 \u00a0 \u00a0 \u00a0 \u00a0 \u00a0 \u00a0 \u00a0 \u00a0 \u00a0 \u00a0 \u00a0 \u00a0 \u00a0 \u00a0 \u00a0 \u00a0 \u00a0 \u00a0 \u00a0 \u00a0 \u00a0 \u00a0 \u00a0 \u00a0 \u00a0 \u00a0 \u00a0 \u00a0<\/span><span style=\"font-family: arial, helvetica, sans-serif; font-size: medium;\">\u00a0 \u00a0 \u00a0 \u00a0 \u00a0 \u00a0 \u00a0 \u00a0 \u00a0<\/span><span style=\"font-family: arial, helvetica, sans-serif; font-size: medium;\">\u00a0 \u00a0 \u00a0 \u00a0 \u00a0 \u00a0 \u00a0 \u00a0 \u00a0 \u00a0 \u00a0 \u00a0 \u00a0 \u00a0 \u00a0 \u00a0 \u00a0 \u00a0 \u00a0 \u00a0 \u00a0 \u00a0 \u00a0 \u00a0 \u00a0 \u00a0 \u00a0 \u00a0 \u00a0 \u00a0 \u00a0 \u00a0 \u00a0 \u00a0 \u00a0 \u00a0 \u00a0 \u00a0 \u00a0\u00a0\u00a0 <\/span><a style=\"font-family: arial, helvetica, sans-serif; font-size: medium;\" href=\"https:\/\/welcome-ontour.de\/wordpress\/index.php\/2012-01-19\/\"><span style=\"font-size: small;\">Weiter &gt;<\/span><\/a><span style=\"font-family: arial, helvetica, sans-serif; font-size: medium;\"><br \/><\/span><\/p>\n<p style=\"text-align: center;\"><span style=\"font-family: arial, helvetica, sans-serif; font-size: medium;\"><strong>\u00a0<\/strong><\/span><\/p>\n<p style=\"text-align: center;\"><span style=\"font-family: arial, helvetica, sans-serif; font-size: xx-large;\"><strong>Heaven And Hell<\/strong><\/span><\/p>\n<p style=\"text-align: center;\"><span style=\"font-family: arial, helvetica, sans-serif; font-size: x-large;\"><strong>\u00a0<\/strong><\/span><\/p>\n<p style=\"text-align: center;\"><span style=\"font-family: arial, helvetica, sans-serif; font-size: x-large;\"><strong>Florida 2012<\/strong><\/span><\/p>\n<p style=\"text-align: center;\"><span style=\"font-family: arial, helvetica, sans-serif; font-size: medium;\"><strong>\u00a0<\/strong><\/span><\/p>\n<p style=\"text-align: center;\"><span style=\"font-family: arial, helvetica, sans-serif; font-size: medium;\"><strong>\u00a0<\/strong><\/span><\/p>\n<p style=\"text-align: center;\"><span style=\"font-family: arial, helvetica, sans-serif; font-size: medium;\"><img decoding=\"async\" class=\" size-full wp-image-15\" title=\"Golf Coast\" src=\"https:\/\/welcome-ontour.de\/wordpress\/wp-content\/uploads\/2012\/08\/phoca_thumb_l_2012-01-18-a1.jpg\" width=\"161\" height=\"190\" border=\"0\" \/>\u00a0<img decoding=\"async\" class=\" size-full wp-image-16\" src=\"https:\/\/welcome-ontour.de\/wordpress\/wp-content\/uploads\/2012\/08\/phoca_thumb_l_2012-01-18-a2.jpg\" width=\"496\" height=\"190\" border=\"0\" srcset=\"https:\/\/welcome-ontour.de\/wordpress\/wp-content\/uploads\/2012\/08\/phoca_thumb_l_2012-01-18-a2.jpg 522w, https:\/\/welcome-ontour.de\/wordpress\/wp-content\/uploads\/2012\/08\/phoca_thumb_l_2012-01-18-a2-300x115.jpg 300w\" sizes=\"(max-width: 496px) 100vw, 496px\" \/>\u00a0<img decoding=\"async\" class=\" size-full wp-image-17\" title=\"Key Largo\" src=\"https:\/\/welcome-ontour.de\/wordpress\/wp-content\/uploads\/2012\/08\/phoca_thumb_l_2012-01-18-a3.jpg\" width=\"242\" height=\"190\" border=\"0\" \/><\/span><\/p>\n<p style=\"text-align: center;\"><span style=\"font-family: arial, helvetica, sans-serif; font-size: medium;\">\u00a0<\/span><\/p>\n<p style=\"text-align: center;\"><span style=\"font-family: arial, helvetica, sans-serif; font-size: medium;\"><strong>Florida? Nein danke!\u00a0<\/strong><\/span><\/p>\n<p style=\"text-align: center;\"><span style=\"font-family: arial, helvetica, sans-serif; font-size: medium;\">\u00a0\u00a0<\/span><\/p>\n<p style=\"text-align: center;\"><span style=\"font-family: arial, helvetica, sans-serif; font-size: medium;\">Mag sein, dass es dort angenehm warm ist und die Str\u00e4nde sollen auch nicht schlecht sein.<\/span><\/p>\n<p style=\"text-align: center;\"><span style=\"font-family: arial, helvetica, sans-serif; font-size: medium;\">Daf\u00fcr brauchen wir nicht bis in die USA fliegen.<\/span><\/p>\n<p style=\"text-align: center;\"><span style=\"font-family: arial, helvetica, sans-serif; font-size: medium;\">Aaaaaber, eine f\u00fcr uns sehr interessant klingende Kreuzfahrt startet in Miami.<\/span><\/p>\n<p style=\"text-align: center;\"><span style=\"font-family: arial, helvetica, sans-serif; font-size: medium;\">Also gaben wir uns einen Ruck und kombinierten die Seereise mit einer Stippvisite des amerikanischen Sunshine State.<\/span><\/p>\n<p style=\"text-align: center;\"><span style=\"font-family: arial, helvetica, sans-serif; font-size: medium;\">Unsere Tour beginnt mit vier Tagen Miami und Everglades.<\/span><\/p>\n<p style=\"text-align: center;\"><span style=\"font-family: arial, helvetica, sans-serif; font-size: medium;\">Dann folgt die f\u00fcnft\u00e4gige <a href=\"http:\/\/de.wikipedia.org\/wiki\/70000_Tons_of_Metal\" target=\"_blank\" rel=\"noopener noreferrer\">70.000 tons of metal<\/a>\u00a0Cruise.<\/span><\/p>\n<p style=\"text-align: center;\"><span style=\"font-family: arial, helvetica, sans-serif; font-size: medium;\">Daran anschlie\u00dfend haben wir zwei Wochen f\u00fcr die Erkundung der Florida Keys und der Golfk\u00fcste vorgesehen.<\/span><\/p>\n<p style=\"text-align: center;\"><span style=\"font-family: arial, helvetica, sans-serif; font-size: medium;\">Fl\u00fcge waren schnell bei <a href=\"http:\/\/www.airberlin.com\/prepage.php\" target=\"_blank\" rel=\"noopener noreferrer\">Air Berlin<\/a> gebucht.<\/span><\/p>\n<p style=\"text-align: center;\"><span style=\"font-family: arial, helvetica, sans-serif; font-size: medium;\">Die bieten Nonstop Komfort nach Miami an.<\/span><\/p>\n<p style=\"text-align: center;\"><span style=\"font-family: arial, helvetica, sans-serif; font-size: medium;\">F\u00fcr die Zeit vor und nach der Kreuzfahrt haben wir uns Cabrios verordnet.<\/span><\/p>\n<p style=\"text-align: center;\"><span style=\"font-family: arial, helvetica, sans-serif; font-size: medium;\">\u00dcbernachtungen wurden gr\u00f6\u00dftenteils im Vorfeld festgemacht.<\/span><\/p>\n<p style=\"text-align: center;\"><span style=\"font-family: arial, helvetica, sans-serif; font-size: medium;\">Florida, Nein Danke?<\/span><\/p>\n<p style=\"text-align: center;\"><span style=\"font-family: arial, helvetica, sans-serif; font-size: medium;\">Die Antwort auf diese Frage war f\u00fcr uns selbst eine Riesen \u00dcberraschung!<\/span><\/p>\n<p style=\"text-align: center;\"><span style=\"font-family: arial, helvetica, sans-serif; font-size: medium;\">Aber eines nach dem anderen \u2026<\/span><\/p>\n<p style=\"text-align: center;\"><span style=\"font-family: arial, helvetica, sans-serif; font-size: medium;\">\u00a0<\/span><\/p>\n<p style=\"text-align: center;\"><span style=\"font-family: arial, helvetica, sans-serif; font-size: small;\">\u00a0<a href=\"https:\/\/welcome-ontour.de\/wordpress\/index.php\/reiseberichte\/\">&lt; Reiseberichte<\/a>\u00a0\u00a0\u00a0 \u00a0 \u00a0 \u00a0 \u00a0 \u00a0 \u00a0 \u00a0 \u00a0 \u00a0 \u00a0 \u00a0 \u00a0 \u00a0 \u00a0 \u00a0 \u00a0 \u00a0 \u00a0 \u00a0 \u00a0 \u00a0 \u00a0 \u00a0 \u00a0 \u00a0 \u00a0 \u00a0 \u00a0 \u00a0 \u00a0 \u00a0 \u00a0 \u00a0 \u00a0 \u00a0 \u00a0 \u00a0 \u00a0 \u00a0\u00a0 \u00a0 \u00a0 \u00a0 \u00a0 \u00a0 \u00a0 \u00a0 \u00a0\u00a0 \u00a0 \u00a0 \u00a0 \u00a0 \u00a0 \u00a0 \u00a0 \u00a0 \u00a0 \u00a0 \u00a0 \u00a0 \u00a0 \u00a0 \u00a0 \u00a0 \u00a0 \u00a0 \u00a0 \u00a0 \u00a0 \u00a0 \u00a0 \u00a0 \u00a0 \u00a0 \u00a0 \u00a0 \u00a0 \u00a0 \u00a0 \u00a0 \u00a0 \u00a0 \u00a0 \u00a0 \u00a0 \u00a0 \u00a0 \u00a0 \u00a0 \u00a0 \u00a0 \u00a0 \u00a0\u00a0<a href=\"https:\/\/welcome-ontour.de\/wordpress\/index.php\/2012-01-19\/\">Weiter &gt;<\/a><\/span><\/p>\n","protected":false},"excerpt":{"rendered":"<p>prolog &#8211; hinflug &#8211; everglades &#8211; key biskayne &#8211; southbeach &#8211; 70.000 &#8211; florida keys &#8211; key west &#8211; bahia honda &#8211; key largo &#8211; everglades 2 &#8211; fort myers &#8211; myaka &#8211; st.pete &#8211; siesta key &#8211; ft.lauderdale &#8211; r\u00fcckflug &#8211; fazit \u00a0 &lt; Reiseberichte \u00a0\u00a0 \u00a0 \u00a0 \u00a0 \u00a0 \u00a0 \u00a0 \u00a0 \u00a0 \u00a0 \u00a0 \u00a0 \u00a0 \u00a0 \u00a0 \u00a0 \u00a0 \u00a0 \u00a0 \u00a0 \u00a0 \u00a0 \u00a0 \u00a0 \u00a0 \u00a0 \u00a0 \u00a0 \u00a0 \u00a0 \u00a0 \u00a0 \u00a0 \u00a0 \u00a0 \u00a0 \u00a0 \u00a0 \u00a0 \u00a0\u00a0 \u00a0 \u00a0 \u00a0 \u00a0 \u00a0 \u00a0 \u00a0 \u00a0\u00a0 \u00a0 \u00a0 \u00a0 \u00a0 \u00a0 \u00a0 \u00a0 \u00a0 \u00a0 \u00a0 \u00a0 \u00a0 \u00a0 \u00a0 \u00a0 \u00a0 \u00a0 \u00a0 \u00a0 \u00a0 \u00a0 \u00a0 \u00a0 \u00a0 \u00a0 \u00a0 \u00a0 \u00a0 \u00a0 \u00a0 \u00a0 \u00a0 \u00a0 \u00a0 \u00a0 \u00a0 \u00a0 \u00a0\u00a0\u00a0 Weiter &gt; \u00a0 Heaven And Hell \u00a0 Florida 2012 \u00a0 \u00a0 \u00a0\u00a0 \u00a0 Florida? Nein danke!\u00a0 \u00a0\u00a0 Mag sein, dass es dort angenehm warm ist und die Str\u00e4nde sollen auch nicht schlecht sein. Daf\u00fcr brauchen wir nicht bis in die USA fliegen. Aaaaaber, eine f\u00fcr uns sehr interessant klingende Kreuzfahrt startet in Miami. Also gaben wir uns einen Ruck und kombinierten die Seereise mit einer Stippvisite des amerikanischen Sunshine State. Unsere Tour beginnt mit vier Tagen Miami und Everglades. Dann folgt die f\u00fcnft\u00e4gige 70.000 tons of metal\u00a0Cruise. Daran anschlie\u00dfend haben wir zwei Wochen f\u00fcr die Erkundung der Florida Keys und der Golfk\u00fcste vorgesehen. Fl\u00fcge waren schnell bei Air Berlin gebucht. Die bieten Nonstop Komfort nach Miami an. F\u00fcr die Zeit vor und nach der Kreuzfahrt haben wir uns Cabrios verordnet. \u00dcbernachtungen wurden gr\u00f6\u00dftenteils im Vorfeld festgemacht. Florida, Nein Danke? Die Antwort auf diese Frage war f\u00fcr uns selbst eine Riesen \u00dcberraschung! Aber eines nach dem anderen \u2026 \u00a0 \u00a0&lt; Reiseberichte\u00a0\u00a0\u00a0 \u00a0 \u00a0 \u00a0 \u00a0 \u00a0 \u00a0 \u00a0 \u00a0 \u00a0 \u00a0 \u00a0 \u00a0 \u00a0 \u00a0 \u00a0 \u00a0 \u00a0 \u00a0 \u00a0 \u00a0 \u00a0 \u00a0 \u00a0 \u00a0 \u00a0 \u00a0 \u00a0 \u00a0 \u00a0 \u00a0 \u00a0 \u00a0 \u00a0 \u00a0 \u00a0 \u00a0 \u00a0 \u00a0 \u00a0\u00a0 \u00a0 \u00a0 \u00a0 \u00a0 \u00a0 \u00a0 \u00a0 \u00a0\u00a0 \u00a0 \u00a0 \u00a0 \u00a0 \u00a0 \u00a0 \u00a0 \u00a0 \u00a0 \u00a0 \u00a0 \u00a0 \u00a0 \u00a0 \u00a0 \u00a0 \u00a0 \u00a0 \u00a0 \u00a0 \u00a0 \u00a0 \u00a0 \u00a0 \u00a0 \u00a0 \u00a0 \u00a0 \u00a0 \u00a0 \u00a0 \u00a0 \u00a0 \u00a0 \u00a0 \u00a0 \u00a0 \u00a0 \u00a0 \u00a0 \u00a0 \u00a0 \u00a0 \u00a0 \u00a0\u00a0Weiter &gt;<\/p>\n","protected":false},"author":1,"featured_media":15,"parent":0,"menu_order":1,"comment_status":"closed","ping_status":"closed","template":"","meta":{"footnotes":""},"class_list":["post-18","page","type-page","status-publish","has-post-thumbnail","hentry"],"_links":{"self":[{"href":"https:\/\/welcome-ontour.de\/wordpress\/index.php\/wp-json\/wp\/v2\/pages\/18","targetHints":{"allow":["GET"]}}],"collection":[{"href":"https:\/\/welcome-ontour.de\/wordpress\/index.php\/wp-json\/wp\/v2\/pages"}],"about":[{"href":"https:\/\/welcome-ontour.de\/wordpress\/index.php\/wp-json\/wp\/v2\/types\/page"}],"author":[{"embeddable":true,"href":"https:\/\/welcome-ontour.de\/wordpress\/index.php\/wp-json\/wp\/v2\/users\/1"}],"replies":[{"embeddable":true,"href":"https:\/\/welcome-ontour.de\/wordpress\/index.php\/wp-json\/wp\/v2\/comments?post=18"}],"version-history":[{"count":1,"href":"https:\/\/welcome-ontour.de\/wordpress\/index.php\/wp-json\/wp\/v2\/pages\/18\/revisions"}],"predecessor-version":[{"id":2895,"href":"https:\/\/welcome-ontour.de\/wordpress\/index.php\/wp-json\/wp\/v2\/pages\/18\/revisions\/2895"}],"wp:featuredmedia":[{"embeddable":true,"href":"https:\/\/welcome-ontour.de\/wordpress\/index.php\/wp-json\/wp\/v2\/media\/15"}],"wp:attachment":[{"href":"https:\/\/welcome-ontour.de\/wordpress\/index.php\/wp-json\/wp\/v2\/media?parent=18"}],"curies":[{"name":"wp","href":"https:\/\/api.w.org\/{rel}","templated":true}]}}