{"id":17953,"date":"2022-10-18T09:03:30","date_gmt":"2022-10-18T09:03:30","guid":{"rendered":"https:\/\/welcome-ontour.de\/wordpress\/?page_id=17953"},"modified":"2025-09-22T07:11:55","modified_gmt":"2025-09-22T07:11:55","slug":"2022-09-14-prolog","status":"publish","type":"page","link":"https:\/\/welcome-ontour.de\/wordpress\/index.php\/2022-09-14-prolog\/","title":{"rendered":"2022 09 14 prolog"},"content":{"rendered":"<p style=\"text-align: center;\"><span style=\"font-family: arial, helvetica, sans-serif; font-size: 8pt; color: #000000;\"><a style=\"color: #000000;\" href=\"https:\/\/welcome-ontour.de\/wordpress\/index.php\/2022-09-14-prolog\/\">Prolog<\/a>\u00a0 \u00a0 \u00a0<a style=\"color: #000000;\" href=\"https:\/\/welcome-ontour.de\/wordpress\/index.php\/2022-09-15\">Anreise<\/a>\u00a0 \u00a0 \u00a0<a style=\"color: #000000;\" href=\"https:\/\/welcome-ontour.de\/wordpress\/index.php\/2022-09-16\">Tucson<\/a>\u00a0 \u00a0 \u00a0<a style=\"color: #000000;\" href=\"https:\/\/welcome-ontour.de\/wordpress\/index.php\/2022-09-19\">Las Cruces<\/a>\u00a0 \u00a0 \u00a0<a style=\"color: #000000;\" href=\"https:\/\/welcome-ontour.de\/wordpress\/index.php\/2022-09-21\">Alamogardo<\/a>\u00a0 \u00a0 \u00a0<a style=\"color: #000000;\" href=\"https:\/\/welcome-ontour.de\/wordpress\/index.php\/2022-09-22\">Amarillo<\/a>\u00a0 \u00a0 \u00a0<a style=\"color: #000000;\" href=\"https:\/\/welcome-ontour.de\/wordpress\/index.php\/2022-09-24\">Albuquerque<\/a>\u00a0 \u00a0 \u00a0<a style=\"color: #000000;\" href=\"https:\/\/welcome-ontour.de\/wordpress\/index.php\/2022-09-28\">Grand Canyon<\/a>\u00a0 \u00a0 \u00a0<a style=\"color: #000000;\" href=\"https:\/\/welcome-ontour.de\/wordpress\/index.php\/2022-09-29\">Palm Desert<\/a>\u00a0 \u00a0 \u00a0<a style=\"color: #000000;\" href=\"https:\/\/welcome-ontour.de\/wordpress\/index.php\/2022-10-03\">Phoenix<\/a>\u00a0 \u00a0 \u00a0<a style=\"color: #000000;\" href=\"https:\/\/welcome-ontour.de\/wordpress\/index.php\/2022-10-07\">R\u00fcckreise<\/a>\u00a0 \u00a0 \u00a0<a style=\"color: #000000;\" href=\"https:\/\/welcome-ontour.de\/wordpress\/index.php\/2022-10-09\">Fazit<\/a><\/span><\/p>\n<p><span style=\"color: #000000;\"><a style=\"color: #000000;\" href=\"https:\/\/welcome-ontour.de\/wordpress\/index.php\/reiseberichte\/\"><img decoding=\"async\" class=\"alignleft wp-image-17977\" title=\"Reiseberichte\" src=\"https:\/\/welcome-ontour.de\/wordpress\/wp-content\/uploads\/2022\/11\/2022-09-14-07.jpg\" alt=\"\" width=\"33\" height=\"30\" \/><\/a><a style=\"color: #000000;\" href=\"https:\/\/welcome-ontour.de\/wordpress\/index.php\/2022-09-15\"><img decoding=\"async\" class=\"alignright wp-image-17979\" title=\"Vor\" src=\"https:\/\/welcome-ontour.de\/wordpress\/wp-content\/uploads\/2022\/11\/2022-09-14-09.jpg\" alt=\"\" width=\"33\" height=\"31\" \/><\/a><\/span><\/p>\n<p>&nbsp;<\/p>\n<p>&nbsp;<\/p>\n<p style=\"text-align: center;\"><span style=\"font-size: 24pt; color: #000000;\"><strong><span style=\"font-family: arial, helvetica, sans-serif;\">Tequila<\/span><\/strong><\/span><\/p>\n<p>&nbsp;<\/p>\n<p style=\"text-align: center;\"><span style=\"font-size: 18pt; color: #000000;\"><strong><span style=\"font-family: arial, helvetica, sans-serif;\">Southwest 2022<\/span><\/strong><\/span><\/p>\n<p>&nbsp;<\/p>\n<p><span style=\"color: #000000;\"><a style=\"color: #000000;\" href=\"https:\/\/welcome-ontour.de\/wordpress\/wp-content\/uploads\/2023\/01\/2022-09-14-01.jpg\" target=\"_blank\" rel=\"noopener\"><img decoding=\"async\" class=\"aligncenter wp-image-20101\" title=\"Southwest 2022\" src=\"https:\/\/welcome-ontour.de\/wordpress\/wp-content\/uploads\/2023\/01\/2022-09-14-01-300x63.jpg\" alt=\"\" width=\"810\" height=\"170\" srcset=\"https:\/\/welcome-ontour.de\/wordpress\/wp-content\/uploads\/2023\/01\/2022-09-14-01-300x63.jpg 300w, https:\/\/welcome-ontour.de\/wordpress\/wp-content\/uploads\/2023\/01\/2022-09-14-01-700x147.jpg 700w, https:\/\/welcome-ontour.de\/wordpress\/wp-content\/uploads\/2023\/01\/2022-09-14-01-768x161.jpg 768w, https:\/\/welcome-ontour.de\/wordpress\/wp-content\/uploads\/2023\/01\/2022-09-14-01-1536x322.jpg 1536w, https:\/\/welcome-ontour.de\/wordpress\/wp-content\/uploads\/2023\/01\/2022-09-14-01-1140x239.jpg 1140w, https:\/\/welcome-ontour.de\/wordpress\/wp-content\/uploads\/2023\/01\/2022-09-14-01.jpg 1600w\" sizes=\"(max-width: 810px) 100vw, 810px\" \/><\/a><\/span><\/p>\n<p>&nbsp;<\/p>\n<p style=\"text-align: center;\"><span style=\"color: #000000;\"><strong><span style=\"font-family: arial, helvetica, sans-serif; font-size: 14pt;\">Prolog<\/span><\/strong><\/span><\/p>\n<p>&nbsp;<\/p>\n<p style=\"text-align: center;\"><span style=\"font-family: arial, helvetica, sans-serif; color: #000000;\">Anfang des Jahres (2022) sind wir uns beide einig, dass wir mal wieder in die USA fliegen wollen.<\/span><\/p>\n<p style=\"text-align: center;\"><span style=\"font-family: arial, helvetica, sans-serif; color: #000000;\">Unsere gesundheitliche Situation und die mittlerweile vorhersehbare Entwicklung der Pandemie <\/span><\/p>\n<p style=\"text-align: center;\"><span style=\"font-family: arial, helvetica, sans-serif; color: #000000;\">lassen uns eine Fernreise gut m\u00f6glich erscheinen.<\/span><\/p>\n<p style=\"text-align: center;\"><span style=\"font-family: arial, helvetica, sans-serif; color: #000000;\">Als Reisezeit haben wir uns f\u00fcr den Sp\u00e4tsommer entschieden.<\/span><\/p>\n<p style=\"text-align: center;\"><span style=\"font-family: arial, helvetica, sans-serif; color: #000000;\">Ziel der Reise soll der S\u00fcdwesten der USA sein.<\/span><\/p>\n<p style=\"text-align: center;\"><span style=\"font-family: arial, helvetica, sans-serif; color: #000000;\">British Airways fliegt Phoenix direkt aus London an.<\/span><\/p>\n<p style=\"text-align: center;\"><span style=\"font-family: arial, helvetica, sans-serif; color: #000000;\">Arizonas Hauptstadt ist ein idealer Ausgangspunkt f\u00fcr unsere 24-t\u00e4gige Tour.<\/span><\/p>\n<p>&nbsp;<\/p>\n<p><span style=\"color: #000000;\"><a style=\"color: #000000;\" href=\"https:\/\/welcome-ontour.de\/wordpress\/wp-content\/uploads\/2022\/11\/2022-09-14-02.jpg\" target=\"_blank\" rel=\"noopener\"><img decoding=\"async\" class=\"aligncenter wp-image-17999\" src=\"https:\/\/welcome-ontour.de\/wordpress\/wp-content\/uploads\/2022\/11\/2022-09-14-02-300x127.jpg\" alt=\"\" width=\"804\" height=\"341\" srcset=\"https:\/\/welcome-ontour.de\/wordpress\/wp-content\/uploads\/2022\/11\/2022-09-14-02-300x127.jpg 300w, https:\/\/welcome-ontour.de\/wordpress\/wp-content\/uploads\/2022\/11\/2022-09-14-02-700x297.jpg 700w, https:\/\/welcome-ontour.de\/wordpress\/wp-content\/uploads\/2022\/11\/2022-09-14-02-768x326.jpg 768w, https:\/\/welcome-ontour.de\/wordpress\/wp-content\/uploads\/2022\/11\/2022-09-14-02-1140x484.jpg 1140w, https:\/\/welcome-ontour.de\/wordpress\/wp-content\/uploads\/2022\/11\/2022-09-14-02.jpg 1406w\" sizes=\"(max-width: 804px) 100vw, 804px\" \/><\/a><\/span><\/p>\n<p>&nbsp;<\/p>\n<p style=\"text-align: center;\"><span style=\"font-family: arial, helvetica, sans-serif; font-size: 12pt; color: #000000;\">Die Fl\u00fcge bekommen wir relativ g\u00fcnstig direkt bei der Airline.<\/span><\/p>\n<p style=\"text-align: center;\"><span style=\"font-family: arial, helvetica, sans-serif; font-size: 12pt; color: #000000;\">Im Anschluss buche ich einen geeigneten Mietwagen.<\/span><\/p>\n<p style=\"text-align: center;\"><span style=\"font-family: arial, helvetica, sans-serif; font-size: 12pt; color: #000000;\">Damals noch in der Annahme, erst mal eine kostenlos stornierbare Sicherheitsbuchung zu t\u00e4tigen.<\/span><\/p>\n<p style=\"text-align: center;\"><span style=\"font-family: arial, helvetica, sans-serif; font-size: 12pt; color: #000000;\">Wollte mich dann in den kommenden Monaten um g\u00fcnstigere Angebote k\u00fcmmern.<\/span><\/p>\n<p style=\"text-align: center;\"><span style=\"font-family: arial, helvetica, sans-serif; font-size: 12pt; color: #000000;\">Aber die Preise entwickelten sich leider in die falsche Richtung und so waren wir froh, <\/span><\/p>\n<p style=\"text-align: center;\"><span style=\"font-family: arial, helvetica, sans-serif; font-size: 12pt; color: #000000;\">unsere Sicherheitsbuchung in der Tasche zu haben.<\/span><\/p>\n<p style=\"text-align: center;\"><span style=\"font-family: arial, helvetica, sans-serif; font-size: 12pt; color: #000000;\">Bez\u00fcglich der Unterk\u00fcnfte betraten wir Neuland.<\/span><\/p>\n<p style=\"text-align: center;\"><span style=\"font-family: arial, helvetica, sans-serif; font-size: 12pt; color: #000000;\">W\u00e4hrend wir auf unseren bisherigen US Reisen fast ausschlie\u00dflich nicht stornierbare Hotels <\/span><\/p>\n<p style=\"text-align: center;\"><span style=\"font-family: arial, helvetica, sans-serif; font-size: 12pt; color: #000000;\">gebucht haben, war uns dieses Risiko dieses Mal zu hoch.<\/span><\/p>\n<p style=\"text-align: center;\"><span style=\"font-family: arial, helvetica, sans-serif; font-size: 12pt; color: #000000;\">Wer wei\u00df wie sich die Reisesituation im September darstellt.<\/span><\/p>\n<p style=\"text-align: center;\"><span style=\"font-family: arial, helvetica, sans-serif; font-size: 12pt; color: #000000;\">Schlimmstenfalls ist ein US Trip nicht m\u00f6glich und wir stehen da mit den Hotelkosten.<\/span><\/p>\n<p style=\"text-align: center;\"><span style=\"font-family: arial, helvetica, sans-serif; font-size: 12pt; color: #000000;\">Also dieses Mal fast alle Quartiere mit der M\u00f6glichkeit kostenlos zu canceln und den entsprechend h\u00f6heren Preisen.<\/span><\/p>\n<p style=\"text-align: center;\"><span style=\"font-family: arial, helvetica, sans-serif; font-size: 12pt; color: #000000;\">Als dann der Urlaubsbeginn immer n\u00e4her r\u00fcckt, entfielen Woche f\u00fcr Woche immer mehr Reise-Beschr\u00e4nkungen.<\/span><\/p>\n<p style=\"text-align: center;\"><span style=\"font-family: arial, helvetica, sans-serif; font-size: 12pt; color: #000000;\">Zum Schluss mussten wir lediglich zwei Dokumente bzgl. unseres Impfstatus bei der Airline hochladen, das war\u2019s.<\/span><\/p>\n<p><span style=\"color: #000000;\"><img decoding=\"async\" class=\"aligncenter wp-image-18097\" title=\"Tonto National Forest\" src=\"https:\/\/welcome-ontour.de\/wordpress\/wp-content\/uploads\/2022\/11\/2022-09-14-03-300x193.jpg\" alt=\"\" width=\"444\" height=\"286\" srcset=\"https:\/\/welcome-ontour.de\/wordpress\/wp-content\/uploads\/2022\/11\/2022-09-14-03-300x193.jpg 300w, https:\/\/welcome-ontour.de\/wordpress\/wp-content\/uploads\/2022\/11\/2022-09-14-03-700x451.jpg 700w, https:\/\/welcome-ontour.de\/wordpress\/wp-content\/uploads\/2022\/11\/2022-09-14-03-768x494.jpg 768w, https:\/\/welcome-ontour.de\/wordpress\/wp-content\/uploads\/2022\/11\/2022-09-14-03.jpg 800w\" sizes=\"(max-width: 444px) 100vw, 444px\" \/><\/span><\/p>\n<p style=\"text-align: center;\"><span style=\"color: #000000;\"><span style=\"font-family: arial, helvetica, sans-serif; font-size: 12pt;\">Am Vorabend wurden die Trolleys gepackt. <\/span><span style=\"font-family: arial, helvetica, sans-serif; font-size: 12pt;\">Wir fliegen wie immer ausschlie\u00dflich mit Handgep\u00e4ck.<\/span><\/span><\/p>\n<p style=\"text-align: center;\"><span style=\"font-family: arial, helvetica, sans-serif; font-size: 12pt; color: #000000;\">Stecken extrem wenige Klamotten ein, denn nach 2,5 Jahren Abstinenz wollen wir uns neu einkleiden.<\/span><\/p>\n<p style=\"text-align: center;\"><span style=\"font-family: arial, helvetica, sans-serif; font-size: 12pt; color: #000000;\">Schon jetzt ist klar, dass uns bei Ankunft in Arizona bis zu 40\u00b0C erwarten.<\/span><\/p>\n<p style=\"text-align: center;\"><span style=\"font-family: arial, helvetica, sans-serif; font-size: 12pt; color: #000000;\">Da braucht man nicht wirklich viel zum Anziehen.<\/span><\/p>\n<p style=\"text-align: center;\"><span style=\"font-family: arial, helvetica, sans-serif; font-size: 12pt; color: #000000;\">Beim Online Check In teilt British Airways uns mit, dass wir zum Personen- und <\/span><\/p>\n<p style=\"text-align: center;\"><span style=\"font-family: arial, helvetica, sans-serif; font-size: 12pt; color: #000000;\">Dokumentenabgleich zum Check In Schalter am BER Airport m\u00fcssen.<\/span><\/p>\n<p style=\"text-align: center;\"><span style=\"font-family: arial, helvetica, sans-serif; font-size: 12pt; color: #000000;\">Also wird es mitten in der Nacht losgehen.<\/span><\/p>\n<p style=\"text-align: center;\"><span style=\"font-family: arial, helvetica, sans-serif; font-size: 12pt; color: #000000;\">Wecker gestellt und zeitig in die Kiste.<\/span><\/p>\n<p>&nbsp;<\/p>\n<p><span style=\"color: #000000;\"><img decoding=\"async\" class=\"aligncenter wp-image-17978 \" src=\"https:\/\/welcome-ontour.de\/wordpress\/wp-content\/uploads\/2022\/11\/2022-09-14-08-300x215.jpg\" alt=\"\" width=\"203\" height=\"145\" srcset=\"https:\/\/welcome-ontour.de\/wordpress\/wp-content\/uploads\/2022\/11\/2022-09-14-08-300x215.jpg 300w, https:\/\/welcome-ontour.de\/wordpress\/wp-content\/uploads\/2022\/11\/2022-09-14-08.jpg 406w\" sizes=\"(max-width: 203px) 100vw, 203px\" \/><\/span><\/p>\n<p><span style=\"color: #000000;\"><a style=\"color: #000000;\" href=\"https:\/\/welcome-ontour.de\/wordpress\/index.php\/reiseberichte\/\"><img decoding=\"async\" class=\"alignleft wp-image-17977\" title=\"Reiseberichte\" src=\"https:\/\/welcome-ontour.de\/wordpress\/wp-content\/uploads\/2022\/11\/2022-09-14-07.jpg\" alt=\"\" width=\"33\" height=\"30\" \/><\/a><a style=\"color: #000000;\" href=\"https:\/\/welcome-ontour.de\/wordpress\/index.php\/2022-09-15\"><img decoding=\"async\" class=\"alignright wp-image-17979\" title=\"Vor\" src=\"https:\/\/welcome-ontour.de\/wordpress\/wp-content\/uploads\/2022\/11\/2022-09-14-09.jpg\" alt=\"\" width=\"33\" height=\"31\" \/><\/a><\/span><\/p>\n","protected":false},"excerpt":{"rendered":"<p>Prolog\u00a0 \u00a0 \u00a0Anreise\u00a0 \u00a0 \u00a0Tucson\u00a0 \u00a0 \u00a0Las Cruces\u00a0 \u00a0 \u00a0Alamogardo\u00a0 \u00a0 \u00a0Amarillo\u00a0 \u00a0 \u00a0Albuquerque\u00a0 \u00a0 \u00a0Grand Canyon\u00a0 \u00a0 \u00a0Palm Desert\u00a0 \u00a0 \u00a0Phoenix\u00a0 \u00a0 \u00a0R\u00fcckreise\u00a0 \u00a0 \u00a0Fazit &nbsp; &nbsp; Tequila &nbsp; Southwest 2022 &nbsp; &nbsp; Prolog &nbsp; Anfang des Jahres (2022) sind wir uns beide einig, dass wir mal wieder in die USA fliegen wollen. Unsere gesundheitliche Situation und die mittlerweile vorhersehbare Entwicklung der Pandemie lassen uns eine Fernreise gut m\u00f6glich erscheinen. Als Reisezeit haben wir uns f\u00fcr den Sp\u00e4tsommer entschieden. Ziel der Reise soll der S\u00fcdwesten der USA sein. British Airways fliegt Phoenix direkt aus London an. Arizonas Hauptstadt ist ein idealer Ausgangspunkt f\u00fcr unsere 24-t\u00e4gige Tour. &nbsp; &nbsp; Die Fl\u00fcge bekommen wir relativ g\u00fcnstig direkt bei der Airline. Im Anschluss buche ich einen geeigneten Mietwagen. Damals noch in der Annahme, erst mal eine kostenlos stornierbare Sicherheitsbuchung zu t\u00e4tigen. Wollte mich dann in den kommenden Monaten um g\u00fcnstigere Angebote k\u00fcmmern. Aber die Preise entwickelten sich leider in die falsche Richtung und so waren wir froh, unsere Sicherheitsbuchung in der Tasche zu haben. Bez\u00fcglich der Unterk\u00fcnfte betraten wir Neuland. W\u00e4hrend wir auf unseren bisherigen US Reisen fast ausschlie\u00dflich nicht stornierbare Hotels gebucht haben, war uns dieses Risiko dieses Mal zu hoch. Wer wei\u00df wie sich die Reisesituation im September darstellt. Schlimmstenfalls ist ein US Trip nicht m\u00f6glich und wir stehen da mit den Hotelkosten. Also dieses Mal fast alle Quartiere mit der M\u00f6glichkeit kostenlos zu canceln und den entsprechend h\u00f6heren Preisen. Als dann der Urlaubsbeginn immer n\u00e4her r\u00fcckt, entfielen Woche f\u00fcr Woche immer mehr Reise-Beschr\u00e4nkungen. Zum Schluss mussten wir lediglich zwei Dokumente bzgl. unseres Impfstatus bei der Airline hochladen, das war\u2019s. Am Vorabend wurden die Trolleys gepackt. Wir fliegen wie immer ausschlie\u00dflich mit Handgep\u00e4ck. Stecken extrem wenige Klamotten ein, denn nach 2,5 Jahren Abstinenz wollen wir uns neu einkleiden. Schon jetzt ist klar, dass uns bei Ankunft in Arizona bis zu 40\u00b0C erwarten. Da braucht man nicht wirklich viel zum Anziehen. Beim Online Check In teilt British Airways uns mit, dass wir zum Personen- und Dokumentenabgleich zum Check In Schalter am BER Airport m\u00fcssen. Also wird es mitten in der Nacht losgehen. Wecker gestellt und zeitig in die Kiste. &nbsp;<\/p>\n","protected":false},"author":1,"featured_media":0,"parent":0,"menu_order":0,"comment_status":"closed","ping_status":"closed","template":"","meta":{"footnotes":""},"class_list":["post-17953","page","type-page","status-publish","hentry"],"_links":{"self":[{"href":"https:\/\/welcome-ontour.de\/wordpress\/index.php\/wp-json\/wp\/v2\/pages\/17953","targetHints":{"allow":["GET"]}}],"collection":[{"href":"https:\/\/welcome-ontour.de\/wordpress\/index.php\/wp-json\/wp\/v2\/pages"}],"about":[{"href":"https:\/\/welcome-ontour.de\/wordpress\/index.php\/wp-json\/wp\/v2\/types\/page"}],"author":[{"embeddable":true,"href":"https:\/\/welcome-ontour.de\/wordpress\/index.php\/wp-json\/wp\/v2\/users\/1"}],"replies":[{"embeddable":true,"href":"https:\/\/welcome-ontour.de\/wordpress\/index.php\/wp-json\/wp\/v2\/comments?post=17953"}],"version-history":[{"count":37,"href":"https:\/\/welcome-ontour.de\/wordpress\/index.php\/wp-json\/wp\/v2\/pages\/17953\/revisions"}],"predecessor-version":[{"id":20102,"href":"https:\/\/welcome-ontour.de\/wordpress\/index.php\/wp-json\/wp\/v2\/pages\/17953\/revisions\/20102"}],"wp:attachment":[{"href":"https:\/\/welcome-ontour.de\/wordpress\/index.php\/wp-json\/wp\/v2\/media?parent=17953"}],"curies":[{"name":"wp","href":"https:\/\/api.w.org\/{rel}","templated":true}]}}