{"id":17949,"date":"2022-10-18T09:00:20","date_gmt":"2022-10-18T09:00:20","guid":{"rendered":"https:\/\/welcome-ontour.de\/wordpress\/?page_id=17949"},"modified":"2023-02-19T09:56:54","modified_gmt":"2023-02-19T09:56:54","slug":"2022-08-17-prolog","status":"publish","type":"page","link":"https:\/\/welcome-ontour.de\/wordpress\/index.php\/2022-08-17-prolog\/","title":{"rendered":"2022 08 17 prolog"},"content":{"rendered":"<p style=\"text-align: center;\"><span style=\"font-family: arial, helvetica, sans-serif; font-size: 8pt;\"><a href=\"https:\/\/welcome-ontour.de\/wordpress\/index.php\/2022-08-17-prolog\">Prolog<\/a>\u00a0 \u00a0 \u00a0<a href=\"https:\/\/welcome-ontour.de\/wordpress\/index.php\/2022-08-18\">Anreise<\/a>\u00a0 \u00a0 \u00a0<a href=\"https:\/\/welcome-ontour.de\/wordpress\/index.php\/2022-08-19\">Trogir<\/a>\u00a0 \u00a0 \u00a0<a href=\"https:\/\/welcome-ontour.de\/wordpress\/index.php\/2022-08-20\">Split<\/a>\u00a0 \u00a0 \u00a0<a href=\"https:\/\/welcome-ontour.de\/wordpress\/index.php\/2022-08-21\">Hvar\/Korcula<\/a>\u00a0 \u00a0 \u00a0<a href=\"https:\/\/welcome-ontour.de\/wordpress\/index.php\/2022-08-22\">Dubrovnik<\/a>\u00a0 \u00a0 \u00a0<a href=\"https:\/\/welcome-ontour.de\/wordpress\/index.php\/2022-08-23\">Mljet<\/a>\u00a0 \u00a0 \u00a0<a href=\"https:\/\/welcome-ontour.de\/wordpress\/index.php\/2022-08-24\">Makarska<\/a>\u00a0 \u00a0 \u00a0<a href=\"https:\/\/welcome-ontour.de\/wordpress\/index.php\/2022-08-25\">Brac<\/a>\u00a0 \u00a0 \u00a0<a href=\"https:\/\/welcome-ontour.de\/wordpress\/index.php\/2022-08-26\">Trogir<\/a>\u00a0 \u00a0 \u00a0<a href=\"https:\/\/welcome-ontour.de\/wordpress\/index.php\/2022-08-27\">R\u00fcckreise<\/a>\u00a0 \u00a0 \u00a0<a href=\"https:\/\/welcome-ontour.de\/wordpress\/index.php\/2022-08-28\">Fazit<\/a><\/span><\/p>\n<p><a href=\"https:\/\/welcome-ontour.de\/wordpress\/index.php\/reiseberichte\/\"><img decoding=\"async\" class=\"alignnone wp-image-19609\" src=\"https:\/\/welcome-ontour.de\/wordpress\/wp-content\/uploads\/2023\/01\/2022-08-17-01-295x300.jpg\" alt=\"\" width=\"55\" height=\"56\" srcset=\"https:\/\/welcome-ontour.de\/wordpress\/wp-content\/uploads\/2023\/01\/2022-08-17-01-295x300.jpg 295w, https:\/\/welcome-ontour.de\/wordpress\/wp-content\/uploads\/2023\/01\/2022-08-17-01-150x150.jpg 150w, https:\/\/welcome-ontour.de\/wordpress\/wp-content\/uploads\/2023\/01\/2022-08-17-01-300x300.jpg 300w, https:\/\/welcome-ontour.de\/wordpress\/wp-content\/uploads\/2023\/01\/2022-08-17-01-75x75.jpg 75w, https:\/\/welcome-ontour.de\/wordpress\/wp-content\/uploads\/2023\/01\/2022-08-17-01.jpg 387w\" sizes=\"(max-width: 55px) 100vw, 55px\" \/><\/a> \u00a0<a href=\"https:\/\/welcome-ontour.de\/wordpress\/index.php\/2022-08-18\"><img decoding=\"async\" class=\"alignright wp-image-19610\" src=\"https:\/\/welcome-ontour.de\/wordpress\/wp-content\/uploads\/2023\/01\/2022-08-17-02-295x300.jpg\" alt=\"\" width=\"55\" height=\"56\" srcset=\"https:\/\/welcome-ontour.de\/wordpress\/wp-content\/uploads\/2023\/01\/2022-08-17-02-295x300.jpg 295w, https:\/\/welcome-ontour.de\/wordpress\/wp-content\/uploads\/2023\/01\/2022-08-17-02-150x150.jpg 150w, https:\/\/welcome-ontour.de\/wordpress\/wp-content\/uploads\/2023\/01\/2022-08-17-02-300x300.jpg 300w, https:\/\/welcome-ontour.de\/wordpress\/wp-content\/uploads\/2023\/01\/2022-08-17-02-75x75.jpg 75w, https:\/\/welcome-ontour.de\/wordpress\/wp-content\/uploads\/2023\/01\/2022-08-17-02.jpg 387w\" sizes=\"(max-width: 55px) 100vw, 55px\" \/><\/a><\/p>\n<p style=\"text-align: center;\"><span style=\"font-size: 24pt;\"><strong><span style=\"font-family: arial, helvetica, sans-serif;\">In The Summertime<\/span><\/strong><\/span><\/p>\n<p style=\"text-align: center;\">\u00a0<\/p>\n<p style=\"text-align: center;\"><span style=\"font-size: 18pt;\"><strong><span style=\"font-family: arial, helvetica, sans-serif;\">S\u00fcd Dalmatien 2022<\/span><\/strong><\/span><\/p>\n<p>&nbsp;<\/p>\n<p style=\"text-align: center;\"><span style=\"font-size: 14pt;\"><strong><span style=\"font-family: arial, helvetica, sans-serif;\">Prolog<\/span><\/strong><\/span><\/p>\n<p style=\"text-align: center;\">\u00a0<\/p>\n<p style=\"text-align: center;\"><span style=\"font-family: arial, helvetica, sans-serif; font-size: 12pt;\">Die letztj\u00e4hrige Kreuzfahrt auf einer Yacht durch den Norden der dalmatinischen Inselwelt <\/span><\/p>\n<p style=\"text-align: center;\"><span style=\"font-family: arial, helvetica, sans-serif; font-size: 12pt;\">hat uns so gut gefallen, dass wir das unbedingt wiederholen wollen.<\/span><\/p>\n<p style=\"text-align: center;\"><span style=\"font-family: arial, helvetica, sans-serif; font-size: 12pt;\">Direkt im Anschluss an den 2021er Urlaub <\/span><\/p>\n<p style=\"text-align: center;\"><span style=\"font-family: arial, helvetica, sans-serif; font-size: 12pt;\">haben wir uns eine passende Tour ausgesucht und auch sofort festgemacht.<\/span><\/p>\n<p style=\"text-align: center;\">\u00a0<\/p>\n<p style=\"text-align: center;\"><span style=\"font-family: arial, helvetica, sans-serif; font-size: 12pt;\"><img decoding=\"async\" class=\"alignnone wp-image-19611\" src=\"https:\/\/welcome-ontour.de\/wordpress\/wp-content\/uploads\/2023\/01\/2022-08-17-03-300x236.jpg\" alt=\"\" width=\"500\" height=\"393\" srcset=\"https:\/\/welcome-ontour.de\/wordpress\/wp-content\/uploads\/2023\/01\/2022-08-17-03-300x236.jpg 300w, https:\/\/welcome-ontour.de\/wordpress\/wp-content\/uploads\/2023\/01\/2022-08-17-03-700x550.jpg 700w, https:\/\/welcome-ontour.de\/wordpress\/wp-content\/uploads\/2023\/01\/2022-08-17-03-768x603.jpg 768w, https:\/\/welcome-ontour.de\/wordpress\/wp-content\/uploads\/2023\/01\/2022-08-17-03.jpg 810w\" sizes=\"(max-width: 500px) 100vw, 500px\" \/><\/span><\/p>\n<p style=\"text-align: center;\">\u00a0<\/p>\n<p style=\"text-align: center;\"><span style=\"font-family: arial, helvetica, sans-serif; font-size: 12pt;\">Es geht dieses Mal von Trogir durch die s\u00fcdlichen Inseln nach Dubrovnik und zur\u00fcck.<\/span><\/p>\n<p style=\"text-align: center;\"><span style=\"font-family: arial, helvetica, sans-serif; font-size: 12pt;\">Wir werden mit der Motoryacht Bellezza unterwegs sein.<\/span><\/p>\n<p style=\"text-align: center;\">\u00a0<\/p>\n<p style=\"text-align: center;\"><span style=\"font-family: arial, helvetica, sans-serif; font-size: 12pt;\"><a href=\"https:\/\/welcome-ontour.de\/wordpress\/wp-content\/uploads\/2023\/01\/2022-08-17-04.jpg\" target=\"_blank\" rel=\"noopener\"><img decoding=\"async\" class=\"alignnone wp-image-19612\" src=\"https:\/\/welcome-ontour.de\/wordpress\/wp-content\/uploads\/2023\/01\/2022-08-17-04-300x139.jpg\" alt=\"\" width=\"810\" height=\"376\" srcset=\"https:\/\/welcome-ontour.de\/wordpress\/wp-content\/uploads\/2023\/01\/2022-08-17-04-300x139.jpg 300w, https:\/\/welcome-ontour.de\/wordpress\/wp-content\/uploads\/2023\/01\/2022-08-17-04-700x325.jpg 700w, https:\/\/welcome-ontour.de\/wordpress\/wp-content\/uploads\/2023\/01\/2022-08-17-04-768x356.jpg 768w, https:\/\/welcome-ontour.de\/wordpress\/wp-content\/uploads\/2023\/01\/2022-08-17-04-1536x712.jpg 1536w, https:\/\/welcome-ontour.de\/wordpress\/wp-content\/uploads\/2023\/01\/2022-08-17-04-1140x529.jpg 1140w, https:\/\/welcome-ontour.de\/wordpress\/wp-content\/uploads\/2023\/01\/2022-08-17-04.jpg 1600w\" sizes=\"(max-width: 810px) 100vw, 810px\" \/><\/a><\/span><\/p>\n<p style=\"text-align: center;\">\u00a0<\/p>\n<p style=\"text-align: center;\"><span style=\"font-family: arial, helvetica, sans-serif; font-size: 12pt;\">Das Schiff geh\u00f6rt zur Luxuskategorie und ist 2019 vom Stapel gelaufen.<\/span><\/p>\n<p style=\"text-align: center;\"><span style=\"font-family: arial, helvetica, sans-serif; font-size: 12pt;\">Nonstopfl\u00fcge zum naheliegenden Flughafen von Split gibt es bei Easyjet.<\/span><\/p>\n<p style=\"text-align: center;\"><span style=\"font-family: arial, helvetica, sans-serif; font-size: 12pt;\">So fr\u00fch gebucht, sind diese auch g\u00fcnstig zu bekommen.<\/span><\/p>\n<p style=\"text-align: center;\"><span style=\"font-family: arial, helvetica, sans-serif; font-size: 12pt;\">Bevor wir aufs Schiff gehen, g\u00f6nnen wir uns zum Ankommen 2 Hotel-\u00dcbernachtungen direkt in der Altstadt von Trogir.<\/span><\/p>\n<p style=\"text-align: center;\"><span style=\"font-family: arial, helvetica, sans-serif; font-size: 12pt;\">Nach Beendigung der Kreuzfahrt werden wir zum Flughafen gebracht und fliegen unverz\u00fcglich wieder nach Hause.<\/span><\/p>\n<p style=\"text-align: center;\"><span style=\"font-family: arial, helvetica, sans-serif; font-size: 12pt;\">Vier Wochen vor Reisetermin ist der Voucher des Cruise-Veranstalters im Email Eingang.<\/span><\/p>\n<p style=\"text-align: center;\"><span style=\"font-family: arial, helvetica, sans-serif; font-size: 12pt;\">Am Vorabend werden ein paar leichte Sommerklamotten eingepackt.<\/span><\/p>\n<p style=\"text-align: center;\"><span style=\"font-family: arial, helvetica, sans-serif; font-size: 12pt;\">Mehr brauchen wir nicht.<\/span><\/p>\n<p style=\"text-align: center;\">\u00a0<\/p>\n<p style=\"text-align: center;\"><span style=\"font-family: arial, helvetica, sans-serif; font-size: 12pt;\"><img decoding=\"async\" class=\"alignnone wp-image-19613\" src=\"https:\/\/welcome-ontour.de\/wordpress\/wp-content\/uploads\/2023\/01\/2022-08-17-05-300x154.jpg\" alt=\"\" width=\"150\" height=\"77\" srcset=\"https:\/\/welcome-ontour.de\/wordpress\/wp-content\/uploads\/2023\/01\/2022-08-17-05-300x154.jpg 300w, https:\/\/welcome-ontour.de\/wordpress\/wp-content\/uploads\/2023\/01\/2022-08-17-05.jpg 394w\" sizes=\"(max-width: 150px) 100vw, 150px\" \/><\/span><\/p>\n<p><a href=\"https:\/\/welcome-ontour.de\/wordpress\/index.php\/reiseberichte\/\"><img decoding=\"async\" class=\"alignnone wp-image-19609\" src=\"https:\/\/welcome-ontour.de\/wordpress\/wp-content\/uploads\/2023\/01\/2022-08-17-01-295x300.jpg\" alt=\"\" width=\"55\" height=\"56\" srcset=\"https:\/\/welcome-ontour.de\/wordpress\/wp-content\/uploads\/2023\/01\/2022-08-17-01-295x300.jpg 295w, https:\/\/welcome-ontour.de\/wordpress\/wp-content\/uploads\/2023\/01\/2022-08-17-01-150x150.jpg 150w, https:\/\/welcome-ontour.de\/wordpress\/wp-content\/uploads\/2023\/01\/2022-08-17-01-300x300.jpg 300w, https:\/\/welcome-ontour.de\/wordpress\/wp-content\/uploads\/2023\/01\/2022-08-17-01-75x75.jpg 75w, https:\/\/welcome-ontour.de\/wordpress\/wp-content\/uploads\/2023\/01\/2022-08-17-01.jpg 387w\" sizes=\"(max-width: 55px) 100vw, 55px\" \/><\/a> \u00a0<a href=\"https:\/\/welcome-ontour.de\/wordpress\/index.php\/2022-08-18\"><img decoding=\"async\" class=\"alignright wp-image-19610\" src=\"https:\/\/welcome-ontour.de\/wordpress\/wp-content\/uploads\/2023\/01\/2022-08-17-02-295x300.jpg\" alt=\"\" width=\"55\" height=\"56\" srcset=\"https:\/\/welcome-ontour.de\/wordpress\/wp-content\/uploads\/2023\/01\/2022-08-17-02-295x300.jpg 295w, https:\/\/welcome-ontour.de\/wordpress\/wp-content\/uploads\/2023\/01\/2022-08-17-02-150x150.jpg 150w, https:\/\/welcome-ontour.de\/wordpress\/wp-content\/uploads\/2023\/01\/2022-08-17-02-300x300.jpg 300w, https:\/\/welcome-ontour.de\/wordpress\/wp-content\/uploads\/2023\/01\/2022-08-17-02-75x75.jpg 75w, https:\/\/welcome-ontour.de\/wordpress\/wp-content\/uploads\/2023\/01\/2022-08-17-02.jpg 387w\" sizes=\"(max-width: 55px) 100vw, 55px\" \/><\/a><\/p>\n","protected":false},"excerpt":{"rendered":"<p>Prolog\u00a0 \u00a0 \u00a0Anreise\u00a0 \u00a0 \u00a0Trogir\u00a0 \u00a0 \u00a0Split\u00a0 \u00a0 \u00a0Hvar\/Korcula\u00a0 \u00a0 \u00a0Dubrovnik\u00a0 \u00a0 \u00a0Mljet\u00a0 \u00a0 \u00a0Makarska\u00a0 \u00a0 \u00a0Brac\u00a0 \u00a0 \u00a0Trogir\u00a0 \u00a0 \u00a0R\u00fcckreise\u00a0 \u00a0 \u00a0Fazit \u00a0 In The Summertime \u00a0 S\u00fcd Dalmatien 2022 &nbsp; Prolog \u00a0 Die letztj\u00e4hrige Kreuzfahrt auf einer Yacht durch den Norden der dalmatinischen Inselwelt hat uns so gut gefallen, dass wir das unbedingt wiederholen wollen. Direkt im Anschluss an den 2021er Urlaub haben wir uns eine passende Tour ausgesucht und auch sofort festgemacht. \u00a0 \u00a0 Es geht dieses Mal von Trogir durch die s\u00fcdlichen Inseln nach Dubrovnik und zur\u00fcck. Wir werden mit der Motoryacht Bellezza unterwegs sein. \u00a0 \u00a0 Das Schiff geh\u00f6rt zur Luxuskategorie und ist 2019 vom Stapel gelaufen. Nonstopfl\u00fcge zum naheliegenden Flughafen von Split gibt es bei Easyjet. So fr\u00fch gebucht, sind diese auch g\u00fcnstig zu bekommen. Bevor wir aufs Schiff gehen, g\u00f6nnen wir uns zum Ankommen 2 Hotel-\u00dcbernachtungen direkt in der Altstadt von Trogir. Nach Beendigung der Kreuzfahrt werden wir zum Flughafen gebracht und fliegen unverz\u00fcglich wieder nach Hause. Vier Wochen vor Reisetermin ist der Voucher des Cruise-Veranstalters im Email Eingang. Am Vorabend werden ein paar leichte Sommerklamotten eingepackt. Mehr brauchen wir nicht. \u00a0 \u00a0<\/p>\n","protected":false},"author":1,"featured_media":0,"parent":0,"menu_order":0,"comment_status":"closed","ping_status":"closed","template":"","meta":{"footnotes":""},"class_list":["post-17949","page","type-page","status-publish","hentry"],"_links":{"self":[{"href":"https:\/\/welcome-ontour.de\/wordpress\/index.php\/wp-json\/wp\/v2\/pages\/17949","targetHints":{"allow":["GET"]}}],"collection":[{"href":"https:\/\/welcome-ontour.de\/wordpress\/index.php\/wp-json\/wp\/v2\/pages"}],"about":[{"href":"https:\/\/welcome-ontour.de\/wordpress\/index.php\/wp-json\/wp\/v2\/types\/page"}],"author":[{"embeddable":true,"href":"https:\/\/welcome-ontour.de\/wordpress\/index.php\/wp-json\/wp\/v2\/users\/1"}],"replies":[{"embeddable":true,"href":"https:\/\/welcome-ontour.de\/wordpress\/index.php\/wp-json\/wp\/v2\/comments?post=17949"}],"version-history":[{"count":15,"href":"https:\/\/welcome-ontour.de\/wordpress\/index.php\/wp-json\/wp\/v2\/pages\/17949\/revisions"}],"predecessor-version":[{"id":17965,"href":"https:\/\/welcome-ontour.de\/wordpress\/index.php\/wp-json\/wp\/v2\/pages\/17949\/revisions\/17965"}],"wp:attachment":[{"href":"https:\/\/welcome-ontour.de\/wordpress\/index.php\/wp-json\/wp\/v2\/media?parent=17949"}],"curies":[{"name":"wp","href":"https:\/\/api.w.org\/{rel}","templated":true}]}}