{"id":17946,"date":"2022-10-18T08:55:37","date_gmt":"2022-10-18T08:55:37","guid":{"rendered":"https:\/\/welcome-ontour.de\/wordpress\/?page_id=17946"},"modified":"2023-01-19T08:41:40","modified_gmt":"2023-01-19T08:41:40","slug":"2022-04-27-prolog","status":"publish","type":"page","link":"https:\/\/welcome-ontour.de\/wordpress\/index.php\/2022-04-27-prolog\/","title":{"rendered":"2022 04 27 prolog"},"content":{"rendered":"<p style=\"text-align: center;\"><span style=\"font-family: arial, helvetica, sans-serif; font-size: 8pt;\"><a href=\"https:\/\/welcome-ontour.de\/wordpress\/index.php\/2022-04-27-prolog\">Prolog<\/a>\u00a0 \u00a0 \u00a0 <a href=\"https:\/\/welcome-ontour.de\/wordpress\/index.php\/2022-04-28\">Anreise\/Altstadt<\/a>\u00a0 \u00a0 \u00a0 <a href=\"https:\/\/welcome-ontour.de\/wordpress\/index.php\/2022-04-29\">Altstadt<\/a>\u00a0 \u00a0 \u00a0 <a href=\"https:\/\/welcome-ontour.de\/wordpress\/index.php\/2022-04-30\">Strand\/Konzert<\/a>\u00a0 \u00a0 \u00a0 <a href=\"https:\/\/welcome-ontour.de\/wordpress\/index.php\/2022-05-01\">Neustadt\/Strand<\/a>\u00a0 \u00a0 \u00a0 <a href=\"https:\/\/welcome-ontour.de\/wordpress\/index.php\/2022-05-02\">Altstadt\/R\u00fcckreise<\/a>\u00a0 \u00a0 \u00a0 <a href=\"https:\/\/welcome-ontour.de\/wordpress\/index.php\/2022-05-03\">Fazit<\/a>\u00a0 \u00a0 <\/span>\u00a0\u00a0<\/p>\n<p><a href=\"https:\/\/welcome-ontour.de\/wordpress\/index.php\/reiseberichte\/\"><img decoding=\"async\" class=\"alignleft wp-image-19080\" title=\"Reiseberichte\" src=\"https:\/\/welcome-ontour.de\/wordpress\/wp-content\/uploads\/2022\/12\/2022-04-27-01-300x234.jpg\" alt=\"\" width=\"66\" height=\"51\" srcset=\"https:\/\/welcome-ontour.de\/wordpress\/wp-content\/uploads\/2022\/12\/2022-04-27-01-300x234.jpg 300w, https:\/\/welcome-ontour.de\/wordpress\/wp-content\/uploads\/2022\/12\/2022-04-27-01.jpg 350w\" sizes=\"(max-width: 66px) 100vw, 66px\" \/><\/a> <a href=\" https:\/\/welcome-ontour.de\/wordpress\/index.php\/2022-04-28\"><img decoding=\"async\" class=\"alignright wp-image-19081\" title=\"Vor\" src=\"https:\/\/welcome-ontour.de\/wordpress\/wp-content\/uploads\/2022\/12\/2022-04-27-02-300x234.jpg\" alt=\"\" width=\"66\" height=\"51\" srcset=\"https:\/\/welcome-ontour.de\/wordpress\/wp-content\/uploads\/2022\/12\/2022-04-27-02-300x234.jpg 300w, https:\/\/welcome-ontour.de\/wordpress\/wp-content\/uploads\/2022\/12\/2022-04-27-02.jpg 350w\" sizes=\"(max-width: 66px) 100vw, 66px\" \/><\/a><\/p>\n<p>&nbsp;<\/p>\n<p>&nbsp;<\/p>\n<p>&nbsp;<\/p>\n<p style=\"text-align: center;\"><span style=\"font-size: 24pt;\"><strong><span style=\"font-family: arial, helvetica, sans-serif;\">4242 Hashtag<\/span><\/strong><\/span><\/p>\n<p style=\"text-align: center;\">\u00a0<\/p>\n<p style=\"text-align: center;\"><span style=\"font-size: 18pt;\"><strong><span style=\"font-family: arial, helvetica, sans-serif;\">Valencia 2022<\/span><\/strong><\/span><\/p>\n<p style=\"text-align: center;\">\u00a0<\/p>\n<p style=\"text-align: center;\"><span style=\"font-family: arial, helvetica, sans-serif; font-size: 14pt;\"><img decoding=\"async\" class=\"alignnone wp-image-19082 size-full\" src=\"https:\/\/welcome-ontour.de\/wordpress\/wp-content\/uploads\/2022\/12\/2022-04-27-03.jpg\" alt=\"\" width=\"810\" height=\"384\" srcset=\"https:\/\/welcome-ontour.de\/wordpress\/wp-content\/uploads\/2022\/12\/2022-04-27-03.jpg 810w, https:\/\/welcome-ontour.de\/wordpress\/wp-content\/uploads\/2022\/12\/2022-04-27-03-300x142.jpg 300w, https:\/\/welcome-ontour.de\/wordpress\/wp-content\/uploads\/2022\/12\/2022-04-27-03-700x332.jpg 700w, https:\/\/welcome-ontour.de\/wordpress\/wp-content\/uploads\/2022\/12\/2022-04-27-03-768x364.jpg 768w\" sizes=\"(max-width: 810px) 100vw, 810px\" \/><\/span><\/p>\n<p style=\"text-align: center;\">\u00a0<\/p>\n<p style=\"text-align: center;\"><strong><span style=\"font-family: arial, helvetica, sans-serif; font-size: 14pt;\">Prolog<\/span><\/strong><\/p>\n<p style=\"text-align: center;\">\u00a0<\/p>\n<p style=\"text-align: center;\"><span style=\"font-family: arial, helvetica, sans-serif; font-size: 12pt;\">Nachdem es in den letzten zwei Jahren nicht m\u00f6glich war, ist es 2022 endlich wieder so weit.<\/span><\/p>\n<p style=\"text-align: center;\"><span style=\"font-family: arial, helvetica, sans-serif; font-size: 12pt;\">Die Urlaubsgruppe aus Wandlitz geht wieder auf Tour.<\/span><\/p>\n<p style=\"text-align: center;\"><span style=\"font-family: arial, helvetica, sans-serif; font-size: 12pt;\">Wir, das sind vier P\u00e4rchen aus unserem Wohnort, die sich seit Sturm- und Drangzeiten kennen.<\/span><\/p>\n<p style=\"text-align: center;\"><span style=\"font-family: arial, helvetica, sans-serif; font-size: 12pt;\">Kurz vor Eintritt ins Rentenalter kommen wir auf die Idee, gemeinsam zu verreisen.<\/span><\/p>\n<p style=\"text-align: center;\"><span style=\"font-family: arial, helvetica, sans-serif; font-size: 12pt;\">Besser sp\u00e4t als nie.<\/span><\/p>\n<p style=\"text-align: center;\"><span style=\"font-family: arial, helvetica, sans-serif; font-size: 12pt;\">Vor drei Jahren haben wir Dublin einen Besuch abgestattet.<\/span><\/p>\n<p style=\"text-align: center;\"><span style=\"font-family: arial, helvetica, sans-serif; font-size: 12pt;\">Als 2022er Reiseziel f\u00fcr ein verl\u00e4ngertes Wochenende haben wir uns dieses Mal Valencia ausgesucht.<\/span><\/p>\n<p style=\"text-align: center;\">\u00a0<\/p>\n<p style=\"text-align: center;\"><span style=\"font-family: arial, helvetica, sans-serif; font-size: 12pt;\"><img decoding=\"async\" class=\"alignnone wp-image-19083\" src=\"https:\/\/welcome-ontour.de\/wordpress\/wp-content\/uploads\/2022\/12\/2022-04-27-04-300x184.jpg\" alt=\"\" width=\"600\" height=\"367\" srcset=\"https:\/\/welcome-ontour.de\/wordpress\/wp-content\/uploads\/2022\/12\/2022-04-27-04-300x184.jpg 300w, https:\/\/welcome-ontour.de\/wordpress\/wp-content\/uploads\/2022\/12\/2022-04-27-04-700x429.jpg 700w, https:\/\/welcome-ontour.de\/wordpress\/wp-content\/uploads\/2022\/12\/2022-04-27-04-768x470.jpg 768w, https:\/\/welcome-ontour.de\/wordpress\/wp-content\/uploads\/2022\/12\/2022-04-27-04.jpg 810w\" sizes=\"(max-width: 600px) 100vw, 600px\" \/><\/span><\/p>\n<p style=\"text-align: center;\">\u00a0<\/p>\n<p style=\"text-align: center;\"><span style=\"font-family: arial, helvetica, sans-serif; font-size: 12pt;\">Easyjet bietet eine komfortable Nonstopverbindung in die drittgr\u00f6\u00dfte Stadt Spaniens an.<\/span><\/p>\n<p style=\"text-align: center;\"><span style=\"font-family: arial, helvetica, sans-serif; font-size: 12pt;\">F\u00fcr die kurze Reisezeit kommen wir mit Handgep\u00e4ck aus.<\/span><\/p>\n<p style=\"text-align: center;\"><span style=\"font-family: arial, helvetica, sans-serif; font-size: 12pt;\">Ein bezahlbares Hotel in Innenstadtn\u00e4he ist schnell gefunden.<\/span><\/p>\n<p style=\"text-align: center;\"><span style=\"font-family: arial, helvetica, sans-serif; font-size: 12pt;\">Als Ende 2021 von allen das Urlaubs-Okay kommt, werden Fl\u00fcge und Unterkunft gebucht.<\/span><\/p>\n<p style=\"text-align: center;\"><span style=\"font-family: arial, helvetica, sans-serif; font-size: 12pt;\">Ende April \/ Anfang Mai k\u00f6nnen wir mit sonnigem Wetter und angenehmen Temperaturen rechnen.<\/span><\/p>\n<p style=\"text-align: center;\"><span style=\"font-family: arial, helvetica, sans-serif; font-size: 12pt;\">Zwei Monate vor Abreise cancelt Easyjet den Hinflug.<\/span><\/p>\n<p style=\"text-align: center;\"><span style=\"font-family: arial, helvetica, sans-serif; font-size: 12pt;\">Wir k\u00f6nnten einen Tag fr\u00fcher oder sp\u00e4ter fliegen, wollen wir aber nicht.<\/span><\/p>\n<p style=\"text-align: center;\"><span style=\"font-family: arial, helvetica, sans-serif; font-size: 12pt;\">Also lassen wir uns die Kosten des Hinfluges erstatten und k\u00fcmmern uns um eine alternative Anreise.<\/span><\/p>\n<p style=\"text-align: center;\"><span style=\"font-family: arial, helvetica, sans-serif; font-size: 12pt;\">Nonstop ist leider nicht m\u00f6glich.<\/span><\/p>\n<p style=\"text-align: center;\"><span style=\"font-family: arial, helvetica, sans-serif; font-size: 12pt;\">Stattdessen buchen wir Eurowings Fl\u00fcge mit Umstieg in D\u00fcsseldorf.<\/span><\/p>\n<p style=\"text-align: center;\"><span style=\"font-family: arial, helvetica, sans-serif; font-size: 12pt;\">Am Vorabend werden Miniatur Reisetaschen gepackt und die Wecker gestellt.<\/span><\/p>\n<p style=\"text-align: center;\">\u00a0<\/p>\n<p style=\"text-align: center;\"><span style=\"font-family: arial, helvetica, sans-serif; font-size: 12pt;\"><img decoding=\"async\" class=\"alignnone wp-image-19084 size-medium\" src=\"https:\/\/welcome-ontour.de\/wordpress\/wp-content\/uploads\/2022\/12\/2022-04-27-05-300x88.jpg\" alt=\"\" width=\"300\" height=\"88\" srcset=\"https:\/\/welcome-ontour.de\/wordpress\/wp-content\/uploads\/2022\/12\/2022-04-27-05-300x88.jpg 300w, https:\/\/welcome-ontour.de\/wordpress\/wp-content\/uploads\/2022\/12\/2022-04-27-05.jpg 331w\" sizes=\"(max-width: 300px) 100vw, 300px\" \/><\/span><\/p>\n<p><a href=\"https:\/\/welcome-ontour.de\/wordpress\/index.php\/reiseberichte\/\"><img decoding=\"async\" class=\"alignleft wp-image-19080\" title=\"Reiseberichte\" src=\"https:\/\/welcome-ontour.de\/wordpress\/wp-content\/uploads\/2022\/12\/2022-04-27-01-300x234.jpg\" alt=\"\" width=\"66\" height=\"51\" srcset=\"https:\/\/welcome-ontour.de\/wordpress\/wp-content\/uploads\/2022\/12\/2022-04-27-01-300x234.jpg 300w, https:\/\/welcome-ontour.de\/wordpress\/wp-content\/uploads\/2022\/12\/2022-04-27-01.jpg 350w\" sizes=\"(max-width: 66px) 100vw, 66px\" \/><\/a> <a href=\" https:\/\/welcome-ontour.de\/wordpress\/index.php\/2022-04-28\"><img decoding=\"async\" class=\"alignright wp-image-19081\" title=\"Vor\" src=\"https:\/\/welcome-ontour.de\/wordpress\/wp-content\/uploads\/2022\/12\/2022-04-27-02-300x234.jpg\" alt=\"\" width=\"66\" height=\"51\" srcset=\"https:\/\/welcome-ontour.de\/wordpress\/wp-content\/uploads\/2022\/12\/2022-04-27-02-300x234.jpg 300w, https:\/\/welcome-ontour.de\/wordpress\/wp-content\/uploads\/2022\/12\/2022-04-27-02.jpg 350w\" sizes=\"(max-width: 66px) 100vw, 66px\" \/><\/a><\/p>\n<p>&nbsp;<\/p>\n<p style=\"text-align: center;\">\u00a0<\/p>\n<p>&nbsp;<\/p>\n","protected":false},"excerpt":{"rendered":"<p>Prolog\u00a0 \u00a0 \u00a0 Anreise\/Altstadt\u00a0 \u00a0 \u00a0 Altstadt\u00a0 \u00a0 \u00a0 Strand\/Konzert\u00a0 \u00a0 \u00a0 Neustadt\/Strand\u00a0 \u00a0 \u00a0 Altstadt\/R\u00fcckreise\u00a0 \u00a0 \u00a0 Fazit\u00a0 \u00a0 \u00a0\u00a0 &nbsp; &nbsp; &nbsp; 4242 Hashtag \u00a0 Valencia 2022 \u00a0 \u00a0 Prolog \u00a0 Nachdem es in den letzten zwei Jahren nicht m\u00f6glich war, ist es 2022 endlich wieder so weit. Die Urlaubsgruppe aus Wandlitz geht wieder auf Tour. Wir, das sind vier P\u00e4rchen aus unserem Wohnort, die sich seit Sturm- und Drangzeiten kennen. Kurz vor Eintritt ins Rentenalter kommen wir auf die Idee, gemeinsam zu verreisen. Besser sp\u00e4t als nie. Vor drei Jahren haben wir Dublin einen Besuch abgestattet. Als 2022er Reiseziel f\u00fcr ein verl\u00e4ngertes Wochenende haben wir uns dieses Mal Valencia ausgesucht. \u00a0 \u00a0 Easyjet bietet eine komfortable Nonstopverbindung in die drittgr\u00f6\u00dfte Stadt Spaniens an. F\u00fcr die kurze Reisezeit kommen wir mit Handgep\u00e4ck aus. Ein bezahlbares Hotel in Innenstadtn\u00e4he ist schnell gefunden. Als Ende 2021 von allen das Urlaubs-Okay kommt, werden Fl\u00fcge und Unterkunft gebucht. Ende April \/ Anfang Mai k\u00f6nnen wir mit sonnigem Wetter und angenehmen Temperaturen rechnen. Zwei Monate vor Abreise cancelt Easyjet den Hinflug. Wir k\u00f6nnten einen Tag fr\u00fcher oder sp\u00e4ter fliegen, wollen wir aber nicht. Also lassen wir uns die Kosten des Hinfluges erstatten und k\u00fcmmern uns um eine alternative Anreise. Nonstop ist leider nicht m\u00f6glich. Stattdessen buchen wir Eurowings Fl\u00fcge mit Umstieg in D\u00fcsseldorf. Am Vorabend werden Miniatur Reisetaschen gepackt und die Wecker gestellt. \u00a0 &nbsp; \u00a0 &nbsp;<\/p>\n","protected":false},"author":1,"featured_media":0,"parent":0,"menu_order":0,"comment_status":"closed","ping_status":"closed","template":"","meta":{"footnotes":""},"class_list":["post-17946","page","type-page","status-publish","hentry"],"_links":{"self":[{"href":"https:\/\/welcome-ontour.de\/wordpress\/index.php\/wp-json\/wp\/v2\/pages\/17946","targetHints":{"allow":["GET"]}}],"collection":[{"href":"https:\/\/welcome-ontour.de\/wordpress\/index.php\/wp-json\/wp\/v2\/pages"}],"about":[{"href":"https:\/\/welcome-ontour.de\/wordpress\/index.php\/wp-json\/wp\/v2\/types\/page"}],"author":[{"embeddable":true,"href":"https:\/\/welcome-ontour.de\/wordpress\/index.php\/wp-json\/wp\/v2\/users\/1"}],"replies":[{"embeddable":true,"href":"https:\/\/welcome-ontour.de\/wordpress\/index.php\/wp-json\/wp\/v2\/comments?post=17946"}],"version-history":[{"count":19,"href":"https:\/\/welcome-ontour.de\/wordpress\/index.php\/wp-json\/wp\/v2\/pages\/17946\/revisions"}],"predecessor-version":[{"id":19887,"href":"https:\/\/welcome-ontour.de\/wordpress\/index.php\/wp-json\/wp\/v2\/pages\/17946\/revisions\/19887"}],"wp:attachment":[{"href":"https:\/\/welcome-ontour.de\/wordpress\/index.php\/wp-json\/wp\/v2\/media?parent=17946"}],"curies":[{"name":"wp","href":"https:\/\/api.w.org\/{rel}","templated":true}]}}