{"id":17456,"date":"2022-04-07T08:49:12","date_gmt":"2022-04-07T08:49:12","guid":{"rendered":"https:\/\/welcome-ontour.de\/wordpress\/?page_id=17456"},"modified":"2022-06-30T23:06:16","modified_gmt":"2022-06-30T23:06:16","slug":"2022-03-14","status":"publish","type":"page","link":"https:\/\/welcome-ontour.de\/wordpress\/index.php\/2022-03-14\/","title":{"rendered":"2022 03 14 fazit"},"content":{"rendered":"<p style=\"text-align: center;\"><span style=\"font-size: 8pt; font-family: arial, helvetica, sans-serif;\"><a href=\"https:\/\/welcome-ontour.de\/wordpress\/index.php\/2022-03-05\">Prolog<\/a>\u00a0\u00a0 \u00a0 \u00a0\u00a0<a href=\"https:\/\/welcome-ontour.de\/wordpress\/index.php\/2022-03-06\">Anreise<\/a>\u00a0 \u00a0 \u00a0 \u00a0 \u00a0 <a href=\"https:\/\/welcome-ontour.de\/wordpress\/index.php\/2022-03-07\">Soller<\/a>\u00a0 \u00a0 \u00a0 <a href=\"https:\/\/welcome-ontour.de\/wordpress\/index.php\/2022-03-08\">Fornells<\/a> \u00a0 \u00a0 \u00a0 <a href=\"https:\/\/welcome-ontour.de\/wordpress\/index.php\/2022-03-09\">Relax<\/a>\u00a0 \u00a0 \u00a0 \u00a0 \u00a0<a href=\"https:\/\/welcome-ontour.de\/wordpress\/index.php\/2022-03-10\">Pollenca<\/a>\u00a0 \u00a0 \u00a0 \u00a0 \u00a0 \u00a0<a href=\"https:\/\/welcome-ontour.de\/wordpress\/index.php\/2022-03-11\">Sant Jordi<\/a>\u00a0 \u00a0 \u00a0 \u00a0 \u00a0 <a href=\"https:\/\/welcome-ontour.de\/wordpress\/index.php\/2022-03-12\">Palma<\/a>\u00a0 \u00a0 \u00a0 \u00a0 \u00a0<a href=\"https:\/\/welcome-ontour.de\/wordpress\/index.php\/2022-03-13\">R\u00fcckreise<\/a>\u00a0\u00a0 \u00a0 \u00a0 \u00a0\u00a0<a href=\"https:\/\/welcome-ontour.de\/wordpress\/index.php\/2022-03-14\">Fazit<\/a><\/span><\/p>\n<p style=\"text-align: center;\"><span style=\"font-family: arial, helvetica, sans-serif; font-size: 10pt;\"><a href=\"https:\/\/welcome-ontour.de\/wordpress\/index.php\/2022-03-13\">&lt; zur\u00fcck<\/a>\u00a0 \u00a0 \u00a0 \u00a0 \u00a0 \u00a0 \u00a0 \u00a0 \u00a0 \u00a0 \u00a0 \u00a0 \u00a0 \u00a0 \u00a0 \u00a0 \u00a0 \u00a0 \u00a0 \u00a0 \u00a0 \u00a0 \u00a0 \u00a0 \u00a0 \u00a0 \u00a0 \u00a0 \u00a0 \u00a0 \u00a0 \u00a0 \u00a0 \u00a0 \u00a0 \u00a0 \u00a0 \u00a0 \u00a0 \u00a0 \u00a0 \u00a0 \u00a0 \u00a0 \u00a0 \u00a0 \u00a0 \u00a0 \u00a0 \u00a0 \u00a0 \u00a0 \u00a0 \u00a0 \u00a0 \u00a0 \u00a0 \u00a0 \u00a0 \u00a0 \u00a0 \u00a0 \u00a0 \u00a0 \u00a0 \u00a0 \u00a0 \u00a0 \u00a0 \u00a0 \u00a0 \u00a0 \u00a0 \u00a0 \u00a0 \u00a0 \u00a0 \u00a0 \u00a0 \u00a0 \u00a0 \u00a0 \u00a0 \u00a0 \u00a0 \u00a0 \u00a0 \u00a0 \u00a0 \u00a0 \u00a0 \u00a0 <a href=\"https:\/\/welcome-ontour.de\/wordpress\/index.php\/reiseberichte\/\">Reiseberichte &gt;<\/a><\/span><\/p>\n<p style=\"text-align: center;\"><strong><span style=\"font-family: arial, helvetica, sans-serif; font-size: 14pt;\">Fazit<\/span><\/strong><\/p>\n<p>&nbsp;<\/p>\n<p style=\"text-align: center;\"><span style=\"font-family: arial, helvetica, sans-serif; font-size: 12pt;\">Nach Mallorca kann man immer mal kurz reisen.<\/span><\/p>\n<p style=\"text-align: center;\"><span style=\"font-family: arial, helvetica, sans-serif; font-size: 12pt;\">Es gibt unz\u00e4hlige g\u00fcnstige Flugverbindungen und \u00dcbernachtungsm\u00f6glichkeiten f\u00fcr jeden Geldbeutel.<\/span><\/p>\n<p style=\"text-align: center;\"><span style=\"font-family: arial, helvetica, sans-serif; font-size: 12pt;\">Nur hatten leider 90% der Hotels geschlossen und bei den Fl\u00fcgen sah es gar nicht sooo unz\u00e4hlig aus.<\/span><\/p>\n<p style=\"text-align: center;\"><span style=\"font-family: arial, helvetica, sans-serif; font-size: 12pt;\">Ob das seine Ursachen in der Nebensaison oder der noch immer anwesenden Corona Krise hat, wissen wir nicht.<\/span><\/p>\n<p style=\"text-align: center;\"><span style=\"font-family: arial, helvetica, sans-serif; font-size: 12pt;\">Auf jeden Fall war es deutlich sp\u00fcrbar.<\/span><\/p>\n<p style=\"text-align: center;\"><span style=\"font-family: arial, helvetica, sans-serif; font-size: 12pt;\">Ganze Strandregionen, besonders im Norden und Westen der Insel waren verweist bzw. zugenagelt.<\/span><\/p>\n<p style=\"text-align: center;\"><span style=\"font-family: arial, helvetica, sans-serif; font-size: 12pt;\">Man muss sich im Vorfeld schon ziemlich genau \u00fcberlegen, <\/span><\/p>\n<p style=\"text-align: center;\"><span style=\"font-family: arial, helvetica, sans-serif; font-size: 12pt;\">f\u00fcr welche Region man sich entscheidet, um nicht fast allein dort zu sein.<\/span><\/p>\n<p style=\"text-align: center;\"><span style=\"font-family: arial, helvetica, sans-serif; font-size: 12pt;\">Den s\u00fcdwestlichen Zipfel Mallorcas hatten wir bisher noch nicht besucht.<\/span><\/p>\n<p style=\"text-align: center;\"><span style=\"font-family: arial, helvetica, sans-serif; font-size: 12pt;\">Die landschaftlich wunderbaren Buchten sind leider gr\u00f6\u00dftenteils v\u00f6llig zugebaut und damit optisch ruiniert.<\/span><\/p>\n<p style=\"text-align: center;\"><span style=\"font-family: arial, helvetica, sans-serif; font-size: 12pt;\">Man m\u00f6chte sich nicht vorstellen, was sich hier im Sommer abspielt.<\/span><\/p>\n<p style=\"text-align: center;\"><span style=\"font-family: arial, helvetica, sans-serif; font-size: 12pt;\">Dank Mietwagen konnten wir schnell die oftmals \u00fcberurbanisierte K\u00fcstenregion verlassen <\/span><\/p>\n<p style=\"text-align: center;\"><span style=\"font-family: arial, helvetica, sans-serif; font-size: 12pt;\">und den kleinen Bergstra\u00dfen des Transmontana Gebirges das andere Mallorca finden.<\/span><\/p>\n<p style=\"text-align: center;\"><span style=\"font-family: arial, helvetica, sans-serif; font-size: 12pt;\">Auch wenn wir in den weitl\u00e4ufigen Ebenen im Inselinneren unterwegs waren, hatte die Insel ein anderes Gesicht.<\/span><\/p>\n<p style=\"text-align: center;\"><span style=\"font-family: arial, helvetica, sans-serif; font-size: 12pt;\">Wettertechnisch hatten wir uns etwas mehr erhofft.<\/span><\/p>\n<p style=\"text-align: center;\"><span style=\"font-family: arial, helvetica, sans-serif; font-size: 12pt;\">Die Temperaturen zwischen 12 und 17\u00b0 waren kein Problem.<\/span><\/p>\n<p style=\"text-align: center;\"><span style=\"font-family: arial, helvetica, sans-serif; font-size: 12pt;\">Nur die oft geschlossene Wolkendecke hat uns manches Mal genervt.<\/span><\/p>\n<p style=\"text-align: center;\"><span style=\"font-family: arial, helvetica, sans-serif; font-size: 12pt;\"><a href=\"https:\/\/welcome-ontour.de\/wordpress\/wp-content\/uploads\/2022\/05\/2022-03-14-01.jpg\"><img decoding=\"async\" class=\"alignnone wp-image-17685\" src=\"https:\/\/welcome-ontour.de\/wordpress\/wp-content\/uploads\/2022\/05\/2022-03-14-01-300x213.jpg\" alt=\"\" width=\"810\" height=\"575\" srcset=\"https:\/\/welcome-ontour.de\/wordpress\/wp-content\/uploads\/2022\/05\/2022-03-14-01-300x213.jpg 300w, https:\/\/welcome-ontour.de\/wordpress\/wp-content\/uploads\/2022\/05\/2022-03-14-01-700x497.jpg 700w, https:\/\/welcome-ontour.de\/wordpress\/wp-content\/uploads\/2022\/05\/2022-03-14-01-768x545.jpg 768w, https:\/\/welcome-ontour.de\/wordpress\/wp-content\/uploads\/2022\/05\/2022-03-14-01.jpg 1400w\" sizes=\"(max-width: 810px) 100vw, 810px\" \/><\/a><\/span><\/p>\n<p>&nbsp;<\/p>\n<p style=\"text-align: center;\"><span style=\"font-family: arial, helvetica, sans-serif; font-size: 12pt;\">Die Fl\u00fcge mit Easyjet waren okay.<\/span><\/p>\n<p style=\"text-align: center;\"><span style=\"font-family: arial, helvetica, sans-serif; font-size: 12pt;\">Leider beide Male bis auf den letzten Platz ausgebucht.<\/span><\/p>\n<p style=\"text-align: center;\"><span style=\"font-family: arial, helvetica, sans-serif; font-size: 12pt;\">Also gab es dieses Mal keinen freien Sitzplatz zwischen uns.<\/span><\/p>\n<p style=\"text-align: center;\"><span style=\"font-family: arial, helvetica, sans-serif; font-size: 12pt;\">Mit dem Mietwagen waren wir zufrieden.<\/span><\/p>\n<p style=\"text-align: center;\"><span style=\"font-family: arial, helvetica, sans-serif; font-size: 12pt;\">Der nagelneue Ford Ecosport war mehr als ausreichend motorisiert, hatte genug Platz <\/span><\/p>\n<p style=\"text-align: center;\"><span style=\"font-family: arial, helvetica, sans-serif; font-size: 12pt;\">und das eingebaute Navi war eine angenehme Erleichterung.<\/span><\/p>\n<p style=\"text-align: center;\"><span style=\"font-family: arial, helvetica, sans-serif; font-size: 12pt;\">Unser Quartier an den Klippen bei Santa Ponca k\u00f6nnen wir zu 100% weiterempfehlen.<\/span><\/p>\n<p style=\"text-align: center;\"><span style=\"font-family: arial, helvetica, sans-serif; font-size: 12pt;\">Wir sind jeden Abend gern wieder nach Hause gekommen und haben uns hier wohl gef\u00fchlt.<\/span><\/p>\n<p style=\"text-align: center;\"><span style=\"font-family: arial, helvetica, sans-serif; font-size: 12pt;\">Das Sentido Punta Del Mar Hotel und Spa hat eine hervorragend funktionierende Mannschaft.<\/span><\/p>\n<p style=\"text-align: center;\"><span style=\"font-family: arial, helvetica, sans-serif; font-size: 12pt;\">Immer freundlich und gut gelaunt und trotzdem absolut professionell.<\/span><\/p>\n<p style=\"text-align: center;\"><span style=\"font-family: arial, helvetica, sans-serif; font-size: 12pt;\">Einen Parkplatz am Hotel zu finden war ebenfalls immer m\u00f6glich.<\/span><\/p>\n<p>&nbsp;<\/p>\n<p style=\"text-align: center;\"><span style=\"font-family: arial, helvetica, sans-serif; font-size: 12pt;\"><img decoding=\"async\" class=\"alignnone wp-image-17689 size-full\" src=\"https:\/\/welcome-ontour.de\/wordpress\/wp-content\/uploads\/2022\/05\/02.jpg\" alt=\"\" width=\"402\" height=\"255\" srcset=\"https:\/\/welcome-ontour.de\/wordpress\/wp-content\/uploads\/2022\/05\/02.jpg 402w, https:\/\/welcome-ontour.de\/wordpress\/wp-content\/uploads\/2022\/05\/02-300x190.jpg 300w\" sizes=\"(max-width: 402px) 100vw, 402px\" \/><\/span><\/p>\n<p>&nbsp;<\/p>\n<p style=\"text-align: center;\"><span style=\"font-family: arial, helvetica, sans-serif; font-size: 12pt;\">Kurz und knapp die Zahlen des Urlaubs.<\/span><\/p>\n<p style=\"text-align: center;\"><span style=\"font-family: arial, helvetica, sans-serif; font-size: 12pt;\">Die Fl\u00fcge haben wir am Anfang des Jahres, 2 Monate vor Reisebeginn direkt bei der Airline gebucht.<\/span><\/p>\n<p style=\"text-align: center;\"><span style=\"font-family: arial, helvetica, sans-serif; font-size: 12pt;\">Inklusive der Notausgangssitze waren etwa 100 Euro pro Person daf\u00fcr f\u00e4llig.<\/span><\/p>\n<p style=\"text-align: center;\"><span style=\"font-family: arial, helvetica, sans-serif; font-size: 12pt;\">Die Unterkunft gab es als Offerte bei hotels.com.<\/span><\/p>\n<p style=\"text-align: center;\"><span style=\"font-family: arial, helvetica, sans-serif; font-size: 12pt;\">Eine Woche Premium Room mit Fr\u00fchst\u00fcck f\u00fcr 2 Personen haben 820 Euro gekostet.<\/span><\/p>\n<p style=\"text-align: center;\"><span style=\"font-family: arial, helvetica, sans-serif; font-size: 12pt;\">Mietwagenpreise sind in Pandemiezeiten leider erheblich gestiegen.<\/span><\/p>\n<p style=\"text-align: center;\"><span style=\"font-family: arial, helvetica, sans-serif; font-size: 12pt;\">Wir haben ein Sonderangebot bei Billiger-Mietwagen gefunden.<\/span><\/p>\n<p style=\"text-align: center;\"><span style=\"font-family: arial, helvetica, sans-serif; font-size: 12pt;\">F\u00fcr eine Woche Compact-Car beim Vermieter Budget waren 180 Euro zu \u00fcberweisen.<\/span><\/p>\n<p>&nbsp;<\/p>\n<p style=\"text-align: center;\"><span style=\"font-family: arial, helvetica, sans-serif; font-size: 12pt;\"><img decoding=\"async\" class=\"alignnone wp-image-17687 size-full\" src=\"https:\/\/welcome-ontour.de\/wordpress\/wp-content\/uploads\/2022\/05\/2022-03-14-03.jpg\" alt=\"\" width=\"510\" height=\"281\" srcset=\"https:\/\/welcome-ontour.de\/wordpress\/wp-content\/uploads\/2022\/05\/2022-03-14-03.jpg 510w, https:\/\/welcome-ontour.de\/wordpress\/wp-content\/uploads\/2022\/05\/2022-03-14-03-300x165.jpg 300w\" sizes=\"(max-width: 510px) 100vw, 510px\" \/><\/span><\/p>\n<p>&nbsp;<\/p>\n<p style=\"text-align: center;\"><span style=\"font-family: arial, helvetica, sans-serif; font-size: 12pt;\">Uns hat die Winterwoche auf der spanischen Ferieninsel gut gefallen.<\/span><\/p>\n<p style=\"text-align: center;\"><span style=\"font-family: arial, helvetica, sans-serif; font-size: 12pt;\">Wir haben uns den Luxus geg\u00f6nnt, einfach planlos in den Tag zu starten.<\/span><\/p>\n<p style=\"text-align: center;\"><span style=\"font-family: arial, helvetica, sans-serif; font-size: 12pt;\">Das hat uns beiden gut getan.<\/span><\/p>\n<p style=\"text-align: center;\"><span style=\"font-family: arial, helvetica, sans-serif; font-size: 12pt;\">Ich hab neulich irgendwo ein Zitat gelesen.<\/span><\/p>\n<p>&nbsp;<\/p>\n<p style=\"text-align: center;\"><em><span style=\"font-family: arial, helvetica, sans-serif; font-size: 12pt;\">\u201eWir sollten viel \u00f6fter von ganzen Herzen etwas tun, das kein Ziel verfolgt, <\/span><\/em><\/p>\n<p style=\"text-align: center;\"><em><span style=\"font-family: arial, helvetica, sans-serif; font-size: 12pt;\">das keine Eile hat und sich nicht lohnen muss.\u201c<\/span><\/em><\/p>\n<p>&nbsp;<\/p>\n<p style=\"text-align: center;\"><span style=\"font-family: arial, helvetica, sans-serif; font-size: 12pt;\">Trifft den Sinn dieser Tour ziemlich perfekt.<\/span><\/p>\n<p style=\"text-align: center;\"><span style=\"font-family: arial, helvetica, sans-serif; font-size: 12pt;\">Erholt sind wir nach 8 Tagen wieder zu Hause eingetrudelt.<\/span><\/p>\n<p style=\"text-align: center;\"><span style=\"font-family: arial, helvetica, sans-serif; font-size: 12pt;\">Entspannt, happy und bereit zu neuen Abenteuern.<\/span><\/p>\n<p style=\"text-align: center;\"><span style=\"font-family: arial, helvetica, sans-serif; font-size: 12pt;\">In diesem Sinne bis zum n\u00e4chsten Mal.<\/span><\/p>\n<p style=\"text-align: center;\"><span style=\"font-family: arial, helvetica, sans-serif; font-size: 12pt;\">Macht\u2019s gut Leute.<\/span><\/p>\n<p style=\"text-align: center;\"><span style=\"font-family: arial, helvetica, sans-serif; font-size: 12pt;\">Ute und Andie<\/span><\/p>\n<p>&nbsp;<\/p>\n<p style=\"text-align: center;\"><img decoding=\"async\" class=\"alignnone wp-image-17096\" src=\"https:\/\/welcome-ontour.de\/wordpress\/wp-content\/uploads\/2022\/01\/2022-03-05-03.jpg\" alt=\"\" width=\"200\" height=\"199\" srcset=\"https:\/\/welcome-ontour.de\/wordpress\/wp-content\/uploads\/2022\/01\/2022-03-05-03.jpg 300w, https:\/\/welcome-ontour.de\/wordpress\/wp-content\/uploads\/2022\/01\/2022-03-05-03-150x150.jpg 150w\" sizes=\"(max-width: 200px) 100vw, 200px\" \/><\/p>\n<p style=\"text-align: center;\"><span style=\"font-family: arial, helvetica, sans-serif; font-size: 10pt;\"><a href=\"https:\/\/welcome-ontour.de\/wordpress\/index.php\/2022-03-13\">&lt; zur\u00fcck<\/a>\u00a0 \u00a0 \u00a0 \u00a0 \u00a0 \u00a0 \u00a0 \u00a0 \u00a0 \u00a0 \u00a0 \u00a0 \u00a0 \u00a0 \u00a0 \u00a0 \u00a0 \u00a0 \u00a0 \u00a0 \u00a0 \u00a0 \u00a0 \u00a0 \u00a0 \u00a0 \u00a0 \u00a0 \u00a0 \u00a0 \u00a0 \u00a0 \u00a0 \u00a0 \u00a0 \u00a0 \u00a0 \u00a0 \u00a0 \u00a0 \u00a0 \u00a0 \u00a0 \u00a0 \u00a0 \u00a0 \u00a0 \u00a0 \u00a0 \u00a0 \u00a0 \u00a0 \u00a0 \u00a0 \u00a0 \u00a0 \u00a0 \u00a0 \u00a0 \u00a0 \u00a0 \u00a0 \u00a0 \u00a0 \u00a0 \u00a0 \u00a0 \u00a0 \u00a0 \u00a0 \u00a0 \u00a0 \u00a0 \u00a0 \u00a0 \u00a0 \u00a0 \u00a0 \u00a0 \u00a0 \u00a0 \u00a0 \u00a0 \u00a0 \u00a0 \u00a0 \u00a0 \u00a0 \u00a0 \u00a0 \u00a0 \u00a0 <a href=\"https:\/\/welcome-ontour.de\/wordpress\/index.php\/reiseberichte\/\">Reiseberichte &gt;<\/a><\/span><\/p>\n","protected":false},"excerpt":{"rendered":"<p>Prolog\u00a0\u00a0 \u00a0 \u00a0\u00a0Anreise\u00a0 \u00a0 \u00a0 \u00a0 \u00a0 Soller\u00a0 \u00a0 \u00a0 Fornells \u00a0 \u00a0 \u00a0 Relax\u00a0 \u00a0 \u00a0 \u00a0 \u00a0Pollenca\u00a0 \u00a0 \u00a0 \u00a0 \u00a0 \u00a0Sant Jordi\u00a0 \u00a0 \u00a0 \u00a0 \u00a0 Palma\u00a0 \u00a0 \u00a0 \u00a0 \u00a0R\u00fcckreise\u00a0\u00a0 \u00a0 \u00a0 \u00a0\u00a0Fazit &lt; zur\u00fcck\u00a0 \u00a0 \u00a0 \u00a0 \u00a0 \u00a0 \u00a0 \u00a0 \u00a0 \u00a0 \u00a0 \u00a0 \u00a0 \u00a0 \u00a0 \u00a0 \u00a0 \u00a0 \u00a0 \u00a0 \u00a0 \u00a0 \u00a0 \u00a0 \u00a0 \u00a0 \u00a0 \u00a0 \u00a0 \u00a0 \u00a0 \u00a0 \u00a0 \u00a0 \u00a0 \u00a0 \u00a0 \u00a0 \u00a0 \u00a0 \u00a0 \u00a0 \u00a0 \u00a0 \u00a0 \u00a0 \u00a0 \u00a0 \u00a0 \u00a0 \u00a0 \u00a0 \u00a0 \u00a0 \u00a0 \u00a0 \u00a0 \u00a0 \u00a0 \u00a0 \u00a0 \u00a0 \u00a0 \u00a0 \u00a0 \u00a0 \u00a0 \u00a0 \u00a0 \u00a0 \u00a0 \u00a0 \u00a0 \u00a0 \u00a0 \u00a0 \u00a0 \u00a0 \u00a0 \u00a0 \u00a0 \u00a0 \u00a0 \u00a0 \u00a0 \u00a0 \u00a0 \u00a0 \u00a0 \u00a0 \u00a0 \u00a0 Reiseberichte &gt; Fazit &nbsp; Nach Mallorca kann man immer mal kurz reisen. Es gibt unz\u00e4hlige g\u00fcnstige Flugverbindungen und \u00dcbernachtungsm\u00f6glichkeiten f\u00fcr jeden Geldbeutel. Nur hatten leider 90% der Hotels geschlossen und bei den Fl\u00fcgen sah es gar nicht sooo unz\u00e4hlig aus. Ob das seine Ursachen in der Nebensaison oder der noch immer anwesenden Corona Krise hat, wissen wir nicht. Auf jeden Fall war es deutlich sp\u00fcrbar. Ganze Strandregionen, besonders im Norden und Westen der Insel waren verweist bzw. zugenagelt. Man muss sich im Vorfeld schon ziemlich genau \u00fcberlegen, f\u00fcr welche Region man sich entscheidet, um nicht fast allein dort zu sein. Den s\u00fcdwestlichen Zipfel Mallorcas hatten wir bisher noch nicht besucht. Die landschaftlich wunderbaren Buchten sind leider gr\u00f6\u00dftenteils v\u00f6llig zugebaut und damit optisch ruiniert. Man m\u00f6chte sich nicht vorstellen, was sich hier im Sommer abspielt. Dank Mietwagen konnten wir schnell die oftmals \u00fcberurbanisierte K\u00fcstenregion verlassen und den kleinen Bergstra\u00dfen des Transmontana Gebirges das andere Mallorca finden. Auch wenn wir in den weitl\u00e4ufigen Ebenen im Inselinneren unterwegs waren, hatte die Insel ein anderes Gesicht. Wettertechnisch hatten wir uns etwas mehr erhofft. Die Temperaturen zwischen 12 und 17\u00b0 waren kein Problem. Nur die oft geschlossene Wolkendecke hat uns manches Mal genervt. &nbsp; Die Fl\u00fcge mit Easyjet waren okay. Leider beide Male bis auf den letzten Platz ausgebucht. Also gab es dieses Mal keinen freien Sitzplatz zwischen uns. Mit dem Mietwagen waren wir zufrieden. Der nagelneue Ford Ecosport war mehr als ausreichend motorisiert, hatte genug Platz und das eingebaute Navi war eine angenehme Erleichterung. Unser Quartier an den Klippen bei Santa Ponca k\u00f6nnen wir zu 100% weiterempfehlen. Wir sind jeden Abend gern wieder nach Hause gekommen und haben uns hier wohl gef\u00fchlt. Das Sentido Punta Del Mar Hotel und Spa hat eine hervorragend funktionierende Mannschaft. Immer freundlich und gut gelaunt und trotzdem absolut professionell. Einen Parkplatz am Hotel zu finden war ebenfalls immer m\u00f6glich. &nbsp; &nbsp; Kurz und knapp die Zahlen des Urlaubs. Die Fl\u00fcge haben wir am Anfang des Jahres, 2 Monate vor Reisebeginn direkt bei der Airline gebucht. Inklusive der Notausgangssitze waren etwa 100 Euro pro Person daf\u00fcr f\u00e4llig. Die Unterkunft gab es als Offerte bei hotels.com. Eine Woche Premium Room mit Fr\u00fchst\u00fcck f\u00fcr 2 Personen haben 820 Euro gekostet. Mietwagenpreise sind in Pandemiezeiten leider erheblich gestiegen. Wir haben ein Sonderangebot bei Billiger-Mietwagen gefunden. F\u00fcr eine Woche Compact-Car beim Vermieter Budget waren 180 Euro zu \u00fcberweisen. &nbsp; &nbsp; Uns hat die Winterwoche auf der spanischen Ferieninsel gut gefallen. Wir haben uns den Luxus geg\u00f6nnt, einfach planlos in den Tag zu starten. Das hat uns beiden gut getan. Ich hab neulich irgendwo ein Zitat gelesen. &nbsp; \u201eWir sollten viel \u00f6fter von ganzen Herzen etwas tun, das kein Ziel verfolgt, das keine Eile hat und sich nicht lohnen muss.\u201c &nbsp; Trifft den Sinn dieser Tour ziemlich perfekt. Erholt sind wir nach 8 Tagen wieder zu Hause eingetrudelt. Entspannt, happy und bereit zu neuen Abenteuern. In diesem Sinne bis zum n\u00e4chsten Mal. Macht\u2019s gut Leute. Ute und Andie &nbsp; &lt; zur\u00fcck\u00a0 \u00a0 \u00a0 \u00a0 \u00a0 \u00a0 \u00a0 \u00a0 \u00a0 \u00a0 \u00a0 \u00a0 \u00a0 \u00a0 \u00a0 \u00a0 \u00a0 \u00a0 \u00a0 \u00a0 \u00a0 \u00a0 \u00a0 \u00a0 \u00a0 \u00a0 \u00a0 \u00a0 \u00a0 \u00a0 \u00a0 \u00a0 \u00a0 \u00a0 \u00a0 \u00a0 \u00a0 \u00a0 \u00a0 \u00a0 \u00a0 \u00a0 \u00a0 \u00a0 \u00a0 \u00a0 \u00a0 \u00a0 \u00a0 \u00a0 \u00a0 \u00a0 \u00a0 \u00a0 \u00a0 \u00a0 \u00a0 \u00a0 \u00a0 \u00a0 \u00a0 \u00a0 \u00a0 \u00a0 \u00a0 \u00a0 \u00a0 \u00a0 \u00a0 \u00a0 \u00a0 \u00a0 \u00a0 \u00a0 \u00a0 \u00a0 \u00a0 \u00a0 \u00a0 \u00a0 \u00a0 \u00a0 \u00a0 \u00a0 \u00a0 \u00a0 \u00a0 \u00a0 \u00a0 \u00a0 \u00a0 \u00a0 Reiseberichte &gt;<\/p>\n","protected":false},"author":1,"featured_media":0,"parent":0,"menu_order":0,"comment_status":"closed","ping_status":"closed","template":"","meta":{"footnotes":""},"class_list":["post-17456","page","type-page","status-publish","hentry"],"_links":{"self":[{"href":"https:\/\/welcome-ontour.de\/wordpress\/index.php\/wp-json\/wp\/v2\/pages\/17456","targetHints":{"allow":["GET"]}}],"collection":[{"href":"https:\/\/welcome-ontour.de\/wordpress\/index.php\/wp-json\/wp\/v2\/pages"}],"about":[{"href":"https:\/\/welcome-ontour.de\/wordpress\/index.php\/wp-json\/wp\/v2\/types\/page"}],"author":[{"embeddable":true,"href":"https:\/\/welcome-ontour.de\/wordpress\/index.php\/wp-json\/wp\/v2\/users\/1"}],"replies":[{"embeddable":true,"href":"https:\/\/welcome-ontour.de\/wordpress\/index.php\/wp-json\/wp\/v2\/comments?post=17456"}],"version-history":[{"count":8,"href":"https:\/\/welcome-ontour.de\/wordpress\/index.php\/wp-json\/wp\/v2\/pages\/17456\/revisions"}],"predecessor-version":[{"id":17688,"href":"https:\/\/welcome-ontour.de\/wordpress\/index.php\/wp-json\/wp\/v2\/pages\/17456\/revisions\/17688"}],"wp:attachment":[{"href":"https:\/\/welcome-ontour.de\/wordpress\/index.php\/wp-json\/wp\/v2\/media?parent=17456"}],"curies":[{"name":"wp","href":"https:\/\/api.w.org\/{rel}","templated":true}]}}