{"id":17446,"date":"2022-04-07T08:40:57","date_gmt":"2022-04-07T08:40:57","guid":{"rendered":"https:\/\/welcome-ontour.de\/wordpress\/?page_id=17446"},"modified":"2022-06-30T23:06:16","modified_gmt":"2022-06-30T23:06:16","slug":"2022-03-09","status":"publish","type":"page","link":"https:\/\/welcome-ontour.de\/wordpress\/index.php\/2022-03-09\/","title":{"rendered":"2022 03 09"},"content":{"rendered":"<p style=\"text-align: center;\"><span style=\"font-size: 8pt; font-family: arial, helvetica, sans-serif;\"><a href=\"https:\/\/welcome-ontour.de\/wordpress\/index.php\/2022-03-05\">Prolog<\/a>\u00a0\u00a0 \u00a0 \u00a0\u00a0<a href=\"https:\/\/welcome-ontour.de\/wordpress\/index.php\/2022-03-06\">Anreise<\/a>\u00a0 \u00a0 \u00a0 \u00a0 \u00a0 <a href=\"https:\/\/welcome-ontour.de\/wordpress\/index.php\/2022-03-07\">Soller<\/a>\u00a0 \u00a0 \u00a0 <a href=\"https:\/\/welcome-ontour.de\/wordpress\/index.php\/2022-03-08\">Fornells<\/a> \u00a0 \u00a0 \u00a0 <a href=\"https:\/\/welcome-ontour.de\/wordpress\/index.php\/2022-03-09\">Relax<\/a>\u00a0 \u00a0 \u00a0 \u00a0 \u00a0<a href=\"https:\/\/welcome-ontour.de\/wordpress\/index.php\/2022-03-10\">Pollenca<\/a>\u00a0 \u00a0 \u00a0 \u00a0 \u00a0 \u00a0<a href=\"https:\/\/welcome-ontour.de\/wordpress\/index.php\/2022-03-11\">Sant Jordi<\/a>\u00a0 \u00a0 \u00a0 \u00a0 \u00a0 <a href=\"https:\/\/welcome-ontour.de\/wordpress\/index.php\/2022-03-12\">Palma<\/a>\u00a0 \u00a0 \u00a0 \u00a0 \u00a0<a href=\"https:\/\/welcome-ontour.de\/wordpress\/index.php\/2022-03-13\">R\u00fcckreise<\/a>\u00a0\u00a0 \u00a0 \u00a0 \u00a0\u00a0<a href=\"https:\/\/welcome-ontour.de\/wordpress\/index.php\/2022-03-14\">Fazit<\/a><\/span><\/p>\n<p style=\"text-align: center;\"><span style=\"font-family: arial, helvetica, sans-serif; font-size: 10pt;\"><a href=\"https:\/\/welcome-ontour.de\/wordpress\/index.php\/2022-03-08\">&lt; zur\u00fcck<\/a>\u00a0 \u00a0 \u00a0 \u00a0 \u00a0 \u00a0 \u00a0 \u00a0 \u00a0 \u00a0 \u00a0 \u00a0 \u00a0 \u00a0 \u00a0 \u00a0 \u00a0 \u00a0 \u00a0 \u00a0 \u00a0 \u00a0 \u00a0 \u00a0 \u00a0 \u00a0 \u00a0 \u00a0 \u00a0 \u00a0 \u00a0 \u00a0 \u00a0 \u00a0 \u00a0 \u00a0 \u00a0 \u00a0 \u00a0 \u00a0 \u00a0 \u00a0 \u00a0 \u00a0 \u00a0 \u00a0 \u00a0 \u00a0 \u00a0 \u00a0 \u00a0 \u00a0 \u00a0 \u00a0 \u00a0 \u00a0 \u00a0 \u00a0 \u00a0 \u00a0 \u00a0 \u00a0 \u00a0 \u00a0 \u00a0 \u00a0 \u00a0 \u00a0 \u00a0 \u00a0 \u00a0 \u00a0 \u00a0 \u00a0 \u00a0 \u00a0 \u00a0 \u00a0 \u00a0 \u00a0 \u00a0 \u00a0 \u00a0 \u00a0 \u00a0 \u00a0 \u00a0 \u00a0 \u00a0 \u00a0 \u00a0 \u00a0 \u00a0 \u00a0 \u00a0 <a href=\"https:\/\/welcome-ontour.de\/wordpress\/index.php\/2022-03-10\">weiter &gt;<\/a><\/span><\/p>\n<p style=\"text-align: center;\"><strong><span style=\"font-family: arial, helvetica, sans-serif; font-size: 14pt;\">Mi 9.3.<\/span><\/strong><\/p>\n<p style=\"text-align: center;\"><strong><span style=\"font-family: arial, helvetica, sans-serif; font-size: 14pt;\">Relax<\/span><\/strong><\/p>\n<p>&nbsp;<\/p>\n<p style=\"text-align: center;\"><span style=\"font-family: arial, helvetica, sans-serif; font-size: 12pt;\">Heute haben wir unseren Ausschlaftag.<\/span><\/p>\n<p style=\"text-align: center;\"><span style=\"font-family: arial, helvetica, sans-serif; font-size: 12pt;\">Beim Fr\u00fchst\u00fcck sind wir halb elf die Letzten.<\/span><\/p>\n<p style=\"text-align: center;\"><span style=\"font-family: arial, helvetica, sans-serif; font-size: 12pt;\">Den sonnigen Tag verbringen wir heute windgesch\u00fctzt auf den bequemen Liegen der Pool Area.<\/span><\/p>\n<p style=\"text-align: center;\"><span style=\"font-family: arial, helvetica, sans-serif; font-size: 12pt;\">Heute wird nichts anderes als Urlaub gemacht.<\/span><\/p>\n<p>&nbsp;<\/p>\n<p style=\"text-align: center;\"><span style=\"font-family: arial, helvetica, sans-serif; font-size: 12pt;\"><img decoding=\"async\" class=\"alignnone wp-image-17549\" src=\"https:\/\/welcome-ontour.de\/wordpress\/wp-content\/uploads\/2022\/04\/2022-03-09-01.jpg\" alt=\"\" width=\"666\" height=\"333\" srcset=\"https:\/\/welcome-ontour.de\/wordpress\/wp-content\/uploads\/2022\/04\/2022-03-09-01.jpg 810w, https:\/\/welcome-ontour.de\/wordpress\/wp-content\/uploads\/2022\/04\/2022-03-09-01-300x150.jpg 300w, https:\/\/welcome-ontour.de\/wordpress\/wp-content\/uploads\/2022\/04\/2022-03-09-01-700x350.jpg 700w, https:\/\/welcome-ontour.de\/wordpress\/wp-content\/uploads\/2022\/04\/2022-03-09-01-768x384.jpg 768w\" sizes=\"(max-width: 666px) 100vw, 666px\" \/><\/span><\/p>\n<p>&nbsp;<\/p>\n<p style=\"text-align: center;\"><span style=\"font-family: arial, helvetica, sans-serif; font-size: 12pt;\">Bei oft wolkenlosem Himmel genie\u00dfen wir entspannt die volle Kraft der Sonne.<\/span><\/p>\n<p style=\"text-align: center;\"><span style=\"font-family: arial, helvetica, sans-serif; font-size: 12pt;\">Nur unterbrochen von einem kurzen Lunch an der Poolbar.<\/span><\/p>\n<p>&nbsp;<\/p>\n<p style=\"text-align: center;\"><span style=\"font-family: arial, helvetica, sans-serif; font-size: 12pt;\"><img decoding=\"async\" class=\"alignnone wp-image-17550\" src=\"https:\/\/welcome-ontour.de\/wordpress\/wp-content\/uploads\/2022\/04\/2022-03-09-02-227x300.jpg\" alt=\"\" width=\"290\" height=\"384\" srcset=\"https:\/\/welcome-ontour.de\/wordpress\/wp-content\/uploads\/2022\/04\/2022-03-09-02-227x300.jpg 227w, https:\/\/welcome-ontour.de\/wordpress\/wp-content\/uploads\/2022\/04\/2022-03-09-02.jpg 302w\" sizes=\"(max-width: 290px) 100vw, 290px\" \/> <img decoding=\"async\" class=\"alignnone wp-image-17551\" src=\"https:\/\/welcome-ontour.de\/wordpress\/wp-content\/uploads\/2022\/04\/2022-03-09-03-300x226.jpg\" alt=\"\" width=\"510\" height=\"384\" srcset=\"https:\/\/welcome-ontour.de\/wordpress\/wp-content\/uploads\/2022\/04\/2022-03-09-03-300x226.jpg 300w, https:\/\/welcome-ontour.de\/wordpress\/wp-content\/uploads\/2022\/04\/2022-03-09-03.jpg 510w\" sizes=\"(max-width: 510px) 100vw, 510px\" \/><\/span><\/p>\n<p>&nbsp;<\/p>\n<p style=\"text-align: center;\"><span style=\"font-family: arial, helvetica, sans-serif; font-size: 12pt;\">Zum Nachmittag wechseln wir auf unsere eigene Sonnenterasse.<\/span><\/p>\n<p style=\"text-align: center;\"><span style=\"font-family: arial, helvetica, sans-serif; font-size: 12pt;\">Der Balkon wird bis zum Sunset von der Sonne gew\u00e4rmt.<\/span><\/p>\n<p style=\"text-align: center;\"><span style=\"font-family: arial, helvetica, sans-serif; font-size: 12pt;\">Die Wolken bleiben \u00fcber den Bergen h\u00e4ngen.<\/span><\/p>\n<p>&nbsp;<\/p>\n<p style=\"text-align: center;\"><span style=\"font-family: arial, helvetica, sans-serif; font-size: 12pt;\"><img decoding=\"async\" class=\"alignnone wp-image-17552 size-full\" src=\"https:\/\/welcome-ontour.de\/wordpress\/wp-content\/uploads\/2022\/04\/2022-03-09-04.jpg\" alt=\"\" width=\"810\" height=\"397\" srcset=\"https:\/\/welcome-ontour.de\/wordpress\/wp-content\/uploads\/2022\/04\/2022-03-09-04.jpg 810w, https:\/\/welcome-ontour.de\/wordpress\/wp-content\/uploads\/2022\/04\/2022-03-09-04-300x147.jpg 300w, https:\/\/welcome-ontour.de\/wordpress\/wp-content\/uploads\/2022\/04\/2022-03-09-04-700x343.jpg 700w, https:\/\/welcome-ontour.de\/wordpress\/wp-content\/uploads\/2022\/04\/2022-03-09-04-768x376.jpg 768w\" sizes=\"(max-width: 810px) 100vw, 810px\" \/><\/span><\/p>\n<p>&nbsp;<\/p>\n<p style=\"text-align: center;\"><span style=\"font-family: arial, helvetica, sans-serif; font-size: 12pt;\">Sanfte Reggaemusik und kalte K\u00fchlschrankdrinks, mehr brauchen wir hier und heute nicht.<\/span><\/p>\n<p>&nbsp;<\/p>\n<p style=\"text-align: center;\"><span style=\"font-family: arial, helvetica, sans-serif; font-size: 12pt;\"><img decoding=\"async\" class=\"alignnone wp-image-17553\" src=\"https:\/\/welcome-ontour.de\/wordpress\/wp-content\/uploads\/2022\/04\/2022-03-09-05-209x300.jpg\" alt=\"\" width=\"264\" height=\"378\" srcset=\"https:\/\/welcome-ontour.de\/wordpress\/wp-content\/uploads\/2022\/04\/2022-03-09-05-209x300.jpg 209w, https:\/\/welcome-ontour.de\/wordpress\/wp-content\/uploads\/2022\/04\/2022-03-09-05.jpg 279w\" sizes=\"(max-width: 264px) 100vw, 264px\" \/> <img decoding=\"async\" class=\"alignnone wp-image-17554\" src=\"https:\/\/welcome-ontour.de\/wordpress\/wp-content\/uploads\/2022\/04\/2022-03-09-06-209x300.jpg\" alt=\"\" width=\"264\" height=\"378\" srcset=\"https:\/\/welcome-ontour.de\/wordpress\/wp-content\/uploads\/2022\/04\/2022-03-09-06-209x300.jpg 209w, https:\/\/welcome-ontour.de\/wordpress\/wp-content\/uploads\/2022\/04\/2022-03-09-06.jpg 279w\" sizes=\"(max-width: 264px) 100vw, 264px\" \/> <img decoding=\"async\" class=\"alignnone wp-image-17555\" src=\"https:\/\/welcome-ontour.de\/wordpress\/wp-content\/uploads\/2022\/04\/2022-03-09-07-209x300.jpg\" alt=\"\" width=\"264\" height=\"378\" srcset=\"https:\/\/welcome-ontour.de\/wordpress\/wp-content\/uploads\/2022\/04\/2022-03-09-07-209x300.jpg 209w, https:\/\/welcome-ontour.de\/wordpress\/wp-content\/uploads\/2022\/04\/2022-03-09-07.jpg 279w\" sizes=\"(max-width: 264px) 100vw, 264px\" \/><\/span><\/p>\n<p>&nbsp;<\/p>\n<p style=\"text-align: center;\"><span style=\"font-family: arial, helvetica, sans-serif; font-size: 12pt;\">Abends holen wir uns Tickets f\u00fcr das abendliche Hotelb\u00fcfett.<\/span><\/p>\n<p style=\"text-align: center;\"><span style=\"font-family: arial, helvetica, sans-serif; font-size: 12pt;\">Ist gro\u00dfartig vielf\u00e4ltig und kostet 20 Euro pro Person.<\/span><\/p>\n<p>&nbsp;<\/p>\n<p style=\"text-align: center;\"><span style=\"font-family: arial, helvetica, sans-serif; font-size: 12pt;\"><img decoding=\"async\" class=\"alignnone wp-image-17556\" src=\"https:\/\/welcome-ontour.de\/wordpress\/wp-content\/uploads\/2022\/04\/2022-03-09-08-148x300.jpg\" alt=\"\" width=\"155\" height=\"315\" srcset=\"https:\/\/welcome-ontour.de\/wordpress\/wp-content\/uploads\/2022\/04\/2022-03-09-08-148x300.jpg 148w, https:\/\/welcome-ontour.de\/wordpress\/wp-content\/uploads\/2022\/04\/2022-03-09-08.jpg 197w\" sizes=\"(max-width: 155px) 100vw, 155px\" \/> <img decoding=\"async\" class=\"alignnone wp-image-17557\" src=\"https:\/\/welcome-ontour.de\/wordpress\/wp-content\/uploads\/2022\/04\/2022-03-09-09-300x209.jpg\" alt=\"\" width=\"453\" height=\"315\" srcset=\"https:\/\/welcome-ontour.de\/wordpress\/wp-content\/uploads\/2022\/04\/2022-03-09-09-300x209.jpg 300w, https:\/\/welcome-ontour.de\/wordpress\/wp-content\/uploads\/2022\/04\/2022-03-09-09.jpg 510w\" sizes=\"(max-width: 453px) 100vw, 453px\" \/> <img decoding=\"async\" class=\"alignnone wp-image-17558\" src=\"https:\/\/welcome-ontour.de\/wordpress\/wp-content\/uploads\/2022\/04\/2022-03-09-10-148x300.jpg\" alt=\"\" width=\"155\" height=\"315\" srcset=\"https:\/\/welcome-ontour.de\/wordpress\/wp-content\/uploads\/2022\/04\/2022-03-09-10-148x300.jpg 148w, https:\/\/welcome-ontour.de\/wordpress\/wp-content\/uploads\/2022\/04\/2022-03-09-10.jpg 197w\" sizes=\"(max-width: 155px) 100vw, 155px\" \/><\/span><\/p>\n<p>&nbsp;<\/p>\n<p style=\"text-align: center;\"><span style=\"font-family: arial, helvetica, sans-serif; font-size: 12pt;\">Fr\u00fcher unvorstellbar, dass wir unsere kostbare Urlaubszeit auf diese Weise vertr\u00f6delt h\u00e4tten, <\/span><\/p>\n<p style=\"text-align: center;\"><span style=\"font-family: arial, helvetica, sans-serif; font-size: 12pt;\">aber der Gammeltag hat uns beiden gut getan.<\/span><\/p>\n<p>&nbsp;<\/p>\n<p style=\"text-align: center;\"><span style=\"font-family: arial, helvetica, sans-serif; font-size: 12pt;\"><img decoding=\"async\" class=\"alignnone wp-image-17559 size-full\" src=\"https:\/\/welcome-ontour.de\/wordpress\/wp-content\/uploads\/2022\/04\/2022-03-09-11.jpg\" alt=\"\" width=\"810\" height=\"386\" srcset=\"https:\/\/welcome-ontour.de\/wordpress\/wp-content\/uploads\/2022\/04\/2022-03-09-11.jpg 810w, https:\/\/welcome-ontour.de\/wordpress\/wp-content\/uploads\/2022\/04\/2022-03-09-11-300x143.jpg 300w, https:\/\/welcome-ontour.de\/wordpress\/wp-content\/uploads\/2022\/04\/2022-03-09-11-700x334.jpg 700w, https:\/\/welcome-ontour.de\/wordpress\/wp-content\/uploads\/2022\/04\/2022-03-09-11-768x366.jpg 768w\" sizes=\"(max-width: 810px) 100vw, 810px\" \/><\/span><\/p>\n<p>&nbsp;<\/p>\n<p style=\"text-align: center;\"><span style=\"font-family: arial, helvetica, sans-serif; font-size: 12pt;\">Gefahrene Kilometer: 0<\/span><\/p>\n<p style=\"text-align: center;\"><span style=\"font-family: arial, helvetica, sans-serif; font-size: 12pt;\">Unterkunft: Sentido Punta Del Mar Hotel and Spa, Santa Ponca, Mallorca ****<\/span><\/p>\n<p>&nbsp;<\/p>\n<p style=\"text-align: center;\"><img decoding=\"async\" class=\"alignnone wp-image-17096\" src=\"https:\/\/welcome-ontour.de\/wordpress\/wp-content\/uploads\/2022\/01\/2022-03-05-03.jpg\" alt=\"\" width=\"200\" height=\"199\" srcset=\"https:\/\/welcome-ontour.de\/wordpress\/wp-content\/uploads\/2022\/01\/2022-03-05-03.jpg 300w, https:\/\/welcome-ontour.de\/wordpress\/wp-content\/uploads\/2022\/01\/2022-03-05-03-150x150.jpg 150w\" sizes=\"(max-width: 200px) 100vw, 200px\" \/><\/p>\n<p style=\"text-align: center;\"><span style=\"font-family: arial, helvetica, sans-serif; font-size: 10pt;\"><a href=\"https:\/\/welcome-ontour.de\/wordpress\/index.php\/2022-03-08\">&lt; zur\u00fcck<\/a>\u00a0 \u00a0 \u00a0 \u00a0 \u00a0 \u00a0 \u00a0 \u00a0 \u00a0 \u00a0 \u00a0 \u00a0 \u00a0 \u00a0 \u00a0 \u00a0 \u00a0 \u00a0 \u00a0 \u00a0 \u00a0 \u00a0 \u00a0 \u00a0 \u00a0 \u00a0 \u00a0 \u00a0 \u00a0 \u00a0 \u00a0 \u00a0 \u00a0 \u00a0 \u00a0 \u00a0 \u00a0 \u00a0 \u00a0 \u00a0 \u00a0 \u00a0 \u00a0 \u00a0 \u00a0 \u00a0 \u00a0 \u00a0 \u00a0 \u00a0 \u00a0 \u00a0 \u00a0 \u00a0 \u00a0 \u00a0 \u00a0 \u00a0 \u00a0 \u00a0 \u00a0 \u00a0 \u00a0 \u00a0 \u00a0 \u00a0 \u00a0 \u00a0 \u00a0 \u00a0 \u00a0 \u00a0 \u00a0 \u00a0 \u00a0 \u00a0 \u00a0 \u00a0 \u00a0 \u00a0 \u00a0 \u00a0 \u00a0 \u00a0 \u00a0 \u00a0 \u00a0 \u00a0 \u00a0 \u00a0 \u00a0 \u00a0 \u00a0 \u00a0 \u00a0 <a href=\"https:\/\/welcome-ontour.de\/wordpress\/index.php\/2022-03-10\">weiter &gt;<\/a><\/span><\/p>\n","protected":false},"excerpt":{"rendered":"<p>Prolog\u00a0\u00a0 \u00a0 \u00a0\u00a0Anreise\u00a0 \u00a0 \u00a0 \u00a0 \u00a0 Soller\u00a0 \u00a0 \u00a0 Fornells \u00a0 \u00a0 \u00a0 Relax\u00a0 \u00a0 \u00a0 \u00a0 \u00a0Pollenca\u00a0 \u00a0 \u00a0 \u00a0 \u00a0 \u00a0Sant Jordi\u00a0 \u00a0 \u00a0 \u00a0 \u00a0 Palma\u00a0 \u00a0 \u00a0 \u00a0 \u00a0R\u00fcckreise\u00a0\u00a0 \u00a0 \u00a0 \u00a0\u00a0Fazit &lt; zur\u00fcck\u00a0 \u00a0 \u00a0 \u00a0 \u00a0 \u00a0 \u00a0 \u00a0 \u00a0 \u00a0 \u00a0 \u00a0 \u00a0 \u00a0 \u00a0 \u00a0 \u00a0 \u00a0 \u00a0 \u00a0 \u00a0 \u00a0 \u00a0 \u00a0 \u00a0 \u00a0 \u00a0 \u00a0 \u00a0 \u00a0 \u00a0 \u00a0 \u00a0 \u00a0 \u00a0 \u00a0 \u00a0 \u00a0 \u00a0 \u00a0 \u00a0 \u00a0 \u00a0 \u00a0 \u00a0 \u00a0 \u00a0 \u00a0 \u00a0 \u00a0 \u00a0 \u00a0 \u00a0 \u00a0 \u00a0 \u00a0 \u00a0 \u00a0 \u00a0 \u00a0 \u00a0 \u00a0 \u00a0 \u00a0 \u00a0 \u00a0 \u00a0 \u00a0 \u00a0 \u00a0 \u00a0 \u00a0 \u00a0 \u00a0 \u00a0 \u00a0 \u00a0 \u00a0 \u00a0 \u00a0 \u00a0 \u00a0 \u00a0 \u00a0 \u00a0 \u00a0 \u00a0 \u00a0 \u00a0 \u00a0 \u00a0 \u00a0 \u00a0 \u00a0 \u00a0 weiter &gt; Mi 9.3. Relax &nbsp; Heute haben wir unseren Ausschlaftag. Beim Fr\u00fchst\u00fcck sind wir halb elf die Letzten. Den sonnigen Tag verbringen wir heute windgesch\u00fctzt auf den bequemen Liegen der Pool Area. Heute wird nichts anderes als Urlaub gemacht. &nbsp; &nbsp; Bei oft wolkenlosem Himmel genie\u00dfen wir entspannt die volle Kraft der Sonne. Nur unterbrochen von einem kurzen Lunch an der Poolbar. &nbsp; &nbsp; Zum Nachmittag wechseln wir auf unsere eigene Sonnenterasse. Der Balkon wird bis zum Sunset von der Sonne gew\u00e4rmt. Die Wolken bleiben \u00fcber den Bergen h\u00e4ngen. &nbsp; &nbsp; Sanfte Reggaemusik und kalte K\u00fchlschrankdrinks, mehr brauchen wir hier und heute nicht. &nbsp; &nbsp; Abends holen wir uns Tickets f\u00fcr das abendliche Hotelb\u00fcfett. Ist gro\u00dfartig vielf\u00e4ltig und kostet 20 Euro pro Person. &nbsp; &nbsp; Fr\u00fcher unvorstellbar, dass wir unsere kostbare Urlaubszeit auf diese Weise vertr\u00f6delt h\u00e4tten, aber der Gammeltag hat uns beiden gut getan. &nbsp; &nbsp; Gefahrene Kilometer: 0 Unterkunft: Sentido Punta Del Mar Hotel and Spa, Santa Ponca, Mallorca **** &nbsp; &lt; zur\u00fcck\u00a0 \u00a0 \u00a0 \u00a0 \u00a0 \u00a0 \u00a0 \u00a0 \u00a0 \u00a0 \u00a0 \u00a0 \u00a0 \u00a0 \u00a0 \u00a0 \u00a0 \u00a0 \u00a0 \u00a0 \u00a0 \u00a0 \u00a0 \u00a0 \u00a0 \u00a0 \u00a0 \u00a0 \u00a0 \u00a0 \u00a0 \u00a0 \u00a0 \u00a0 \u00a0 \u00a0 \u00a0 \u00a0 \u00a0 \u00a0 \u00a0 \u00a0 \u00a0 \u00a0 \u00a0 \u00a0 \u00a0 \u00a0 \u00a0 \u00a0 \u00a0 \u00a0 \u00a0 \u00a0 \u00a0 \u00a0 \u00a0 \u00a0 \u00a0 \u00a0 \u00a0 \u00a0 \u00a0 \u00a0 \u00a0 \u00a0 \u00a0 \u00a0 \u00a0 \u00a0 \u00a0 \u00a0 \u00a0 \u00a0 \u00a0 \u00a0 \u00a0 \u00a0 \u00a0 \u00a0 \u00a0 \u00a0 \u00a0 \u00a0 \u00a0 \u00a0 \u00a0 \u00a0 \u00a0 \u00a0 \u00a0 \u00a0 \u00a0 \u00a0 \u00a0 weiter &gt;<\/p>\n","protected":false},"author":1,"featured_media":0,"parent":0,"menu_order":0,"comment_status":"closed","ping_status":"closed","template":"","meta":{"footnotes":""},"class_list":["post-17446","page","type-page","status-publish","hentry"],"_links":{"self":[{"href":"https:\/\/welcome-ontour.de\/wordpress\/index.php\/wp-json\/wp\/v2\/pages\/17446","targetHints":{"allow":["GET"]}}],"collection":[{"href":"https:\/\/welcome-ontour.de\/wordpress\/index.php\/wp-json\/wp\/v2\/pages"}],"about":[{"href":"https:\/\/welcome-ontour.de\/wordpress\/index.php\/wp-json\/wp\/v2\/types\/page"}],"author":[{"embeddable":true,"href":"https:\/\/welcome-ontour.de\/wordpress\/index.php\/wp-json\/wp\/v2\/users\/1"}],"replies":[{"embeddable":true,"href":"https:\/\/welcome-ontour.de\/wordpress\/index.php\/wp-json\/wp\/v2\/comments?post=17446"}],"version-history":[{"count":9,"href":"https:\/\/welcome-ontour.de\/wordpress\/index.php\/wp-json\/wp\/v2\/pages\/17446\/revisions"}],"predecessor-version":[{"id":17658,"href":"https:\/\/welcome-ontour.de\/wordpress\/index.php\/wp-json\/wp\/v2\/pages\/17446\/revisions\/17658"}],"wp:attachment":[{"href":"https:\/\/welcome-ontour.de\/wordpress\/index.php\/wp-json\/wp\/v2\/media?parent=17446"}],"curies":[{"name":"wp","href":"https:\/\/api.w.org\/{rel}","templated":true}]}}