{"id":16317,"date":"2021-11-14T14:13:57","date_gmt":"2021-11-14T14:13:57","guid":{"rendered":"https:\/\/welcome-ontour.de\/wordpress\/index.php\/2021-08-20\/"},"modified":"2022-06-30T23:07:06","modified_gmt":"2022-06-30T23:07:06","slug":"2021-08-20","status":"publish","type":"page","link":"https:\/\/welcome-ontour.de\/wordpress\/index.php\/2021-08-20\/","title":{"rendered":"2021 08 20"},"content":{"rendered":"<p style=\"text-align: center;\"><span style=\"font-family: arial, helvetica, sans-serif;\"><span style=\"font-size: 8pt;\"><a href=\"https:\/\/welcome-ontour.de\/wordpress\/index.php\/2021-08-13-prolog\/\">Prolog<\/a>\u00a0 \u00a0 \u00a0\u00a0<a href=\"https:\/\/welcome-ontour.de\/wordpress\/index.php\/2021-08-14\/\">Anreise<\/a>\u00a0 \u00a0 \u00a0\u00a0<a href=\"https:\/\/welcome-ontour.de\/wordpress\/index.php\/2021-08-15\/\">Petrcane<\/a>\u00a0 \u00a0 \u00a0\u00a0<a href=\"https:\/\/welcome-ontour.de\/wordpress\/index.php\/2021-08-21\/\">Voyage<\/a>\u00a0 \u00a0 \u00a0\u00a0<a href=\"https:\/\/welcome-ontour.de\/wordpress\/index.php\/2021-08-22\/\">Krka<\/a>\u00a0\u00a0 \u00a0\u00a0<a href=\"https:\/\/welcome-ontour.de\/wordpress\/index.php\/2021-08-23\/\">Split<\/a>\u00a0 \u00a0 \u00a0\u00a0<a href=\"https:\/\/welcome-ontour.de\/wordpress\/index.php\/2021-08-24\/\">Omis\/Brac<\/a>\u00a0\u00a0 \u00a0\u00a0<a href=\"https:\/\/welcome-ontour.de\/wordpress\/index.php\/2021-08-25\/\">Sibenik<\/a>\u00a0 \u00a0 \u00a0\u00a0<a href=\"https:\/\/welcome-ontour.de\/wordpress\/index.php\/2021-08-26\/\">Kornati<\/a>\u00a0\u00a0 \u00a0\u00a0<a href=\"https:\/\/welcome-ontour.de\/wordpress\/index.php\/2021-08-27\/\">Zadar<\/a>\u00a0 \u00a0 \u00a0\u00a0<a href=\"https:\/\/welcome-ontour.de\/wordpress\/index.php\/2021-08-29\/\">Relax<\/a>\u00a0\u00a0 \u00a0\u00a0<\/span><span style=\"font-size: 8pt;\"><a href=\"https:\/\/welcome-ontour.de\/wordpress\/index.php\/2021-08-31\/\">R\u00fcckreise<\/a>\u00a0 \u00a0 \u00a0\u00a0<a href=\"https:\/\/welcome-ontour.de\/wordpress\/index.php\/2021-09-01-fazit\/\">Fazit<\/a><\/span><\/span><\/p>\n<p style=\"text-align: center;\"><span style=\"font-family: arial, helvetica, sans-serif;\">\u00a0<\/span><\/p>\n<p style=\"text-align: center;\"><span style=\"font-family: arial, helvetica, sans-serif;\"><a href=\"https:\/\/welcome-ontour.de\/wordpress\/index.php\/2021-08-19\/\">&lt; zur\u00fcck<\/a>\u00a0 \u00a0 \u00a0 \u00a0\u00a0 \u00a0 \u00a0 \u00a0 \u00a0 \u00a0 \u00a0 \u00a0 \u00a0 \u00a0 \u00a0 \u00a0 \u00a0 \u00a0 \u00a0 \u00a0 \u00a0 \u00a0 \u00a0 \u00a0 \u00a0 \u00a0 \u00a0 \u00a0 \u00a0 \u00a0 \u00a0 \u00a0 \u00a0 \u00a0 \u00a0 \u00a0 \u00a0 \u00a0 \u00a0 \u00a0 \u00a0 \u00a0 \u00a0 \u00a0 \u00a0 \u00a0 \u00a0 \u00a0 \u00a0 \u00a0 \u00a0 \u00a0 \u00a0 \u00a0 \u00a0 \u00a0 \u00a0 \u00a0 \u00a0 \u00a0 \u00a0 \u00a0 \u00a0 \u00a0 \u00a0 \u00a0 \u00a0 \u00a0 \u00a0 \u00a0 \u00a0 \u00a0 \u00a0 \u00a0 \u00a0 \u00a0 \u00a0 \u00a0 \u00a0 \u00a0 \u00a0 \u00a0 \u00a0 \u00a0 \u00a0 \u00a0 \u00a0 \u00a0 \u00a0 \u00a0 \u00a0 \u00a0 \u00a0 \u00a0 \u00a0 \u00a0 \u00a0 \u00a0 \u00a0 \u00a0 \u00a0 \u00a0 \u00a0\u00a0<a href=\"https:\/\/welcome-ontour.de\/wordpress\/index.php\/2021-08-21\/\">weiter &gt;<\/a><\/span><\/p>\n<p style=\"text-align: center;\">\u00a0<\/p>\n<p style=\"text-align: center;\"><span style=\"font-size: 14pt;\"><strong><span style=\"font-family: arial, helvetica, sans-serif;\">Fr 20.8. <\/span><\/strong><\/span><\/p>\n<p style=\"text-align: center;\">\u00a0<\/p>\n<p style=\"text-align: center;\"><span style=\"font-size: 14pt;\"><strong><span style=\"font-family: arial, helvetica, sans-serif;\">Relax<\/span><\/strong><\/span><\/p>\n<p style=\"text-align: center;\"><span style=\"font-family: arial, helvetica, sans-serif; font-size: 12pt;\">\u00a0<\/span><\/p>\n<p style=\"text-align: center;\"><span style=\"font-family: arial, helvetica, sans-serif; font-size: 12pt;\">Ute hat Geburtstag.<\/span><\/p>\n<p style=\"text-align: center;\"><span style=\"font-family: arial, helvetica, sans-serif; font-size: 12pt;\">\u00a0<\/span><\/p>\n<p style=\"text-align: center;\"><span style=\"font-family: arial, helvetica, sans-serif; font-size: 12pt;\"><img decoding=\"async\" class=\" size-full wp-image-16301\" title=\"Wieder tolles Wetter\" src=\"https:\/\/welcome-ontour.de\/wordpress\/wp-content\/uploads\/2021\/11\/phoca_thumb_l_2021-08-20-01.jpg\" alt=\"\" width=\"810\" height=\"378\" srcset=\"https:\/\/welcome-ontour.de\/wordpress\/wp-content\/uploads\/2021\/11\/phoca_thumb_l_2021-08-20-01.jpg 810w, https:\/\/welcome-ontour.de\/wordpress\/wp-content\/uploads\/2021\/11\/phoca_thumb_l_2021-08-20-01-300x140.jpg 300w, https:\/\/welcome-ontour.de\/wordpress\/wp-content\/uploads\/2021\/11\/phoca_thumb_l_2021-08-20-01-700x327.jpg 700w, https:\/\/welcome-ontour.de\/wordpress\/wp-content\/uploads\/2021\/11\/phoca_thumb_l_2021-08-20-01-768x358.jpg 768w\" sizes=\"(max-width: 810px) 100vw, 810px\" \/><\/span><\/p>\n<p style=\"text-align: center;\"><span style=\"font-family: arial, helvetica, sans-serif; font-size: 12pt;\">\u00a0<\/span><\/p>\n<p style=\"text-align: center;\"><span style=\"font-family: arial, helvetica, sans-serif; font-size: 12pt;\">Beim Fr\u00fchst\u00fcck in der Sonne besprechen wir den Tag.<\/span><\/p>\n<p style=\"text-align: center;\"><span style=\"font-family: arial, helvetica, sans-serif; font-size: 12pt;\">\u00a0<\/span><\/p>\n<p style=\"text-align: center;\"><span style=\"font-family: arial, helvetica, sans-serif; font-size: 12pt;\"><img decoding=\"async\" class=\" size-full wp-image-16302\" title=\"Geburtstagsgr\u00fc\u00dfe am Fr\u00fchst\u00fcckstisch\" src=\"https:\/\/welcome-ontour.de\/wordpress\/wp-content\/uploads\/2021\/11\/phoca_thumb_l_2021-08-20-02.jpg\" alt=\"\" width=\"810\" height=\"371\" srcset=\"https:\/\/welcome-ontour.de\/wordpress\/wp-content\/uploads\/2021\/11\/phoca_thumb_l_2021-08-20-02.jpg 810w, https:\/\/welcome-ontour.de\/wordpress\/wp-content\/uploads\/2021\/11\/phoca_thumb_l_2021-08-20-02-300x137.jpg 300w, https:\/\/welcome-ontour.de\/wordpress\/wp-content\/uploads\/2021\/11\/phoca_thumb_l_2021-08-20-02-700x321.jpg 700w, https:\/\/welcome-ontour.de\/wordpress\/wp-content\/uploads\/2021\/11\/phoca_thumb_l_2021-08-20-02-768x352.jpg 768w\" sizes=\"(max-width: 810px) 100vw, 810px\" \/><\/span><\/p>\n<p style=\"text-align: center;\"><span style=\"font-family: arial, helvetica, sans-serif; font-size: 12pt;\">\u00a0<\/span><\/p>\n<p style=\"text-align: center;\"><span style=\"font-family: arial, helvetica, sans-serif; font-size: 12pt;\">Und kommen zum Entschluss, uns einen weiteren wunderbaren Badetag zu genehmigen.<\/span><\/p>\n<p style=\"text-align: center;\"><span style=\"font-family: arial, helvetica, sans-serif; font-size: 12pt;\">\u00a0<\/span><\/p>\n<p style=\"text-align: center;\"><span style=\"font-family: arial, helvetica, sans-serif; font-size: 12pt;\"><img decoding=\"async\" class=\" size-full wp-image-16303\" title=\"Badetag\" src=\"https:\/\/welcome-ontour.de\/wordpress\/wp-content\/uploads\/2021\/11\/phoca_thumb_l_2021-08-20-03.jpg\" alt=\"\" width=\"810\" height=\"387\" srcset=\"https:\/\/welcome-ontour.de\/wordpress\/wp-content\/uploads\/2021\/11\/phoca_thumb_l_2021-08-20-03.jpg 810w, https:\/\/welcome-ontour.de\/wordpress\/wp-content\/uploads\/2021\/11\/phoca_thumb_l_2021-08-20-03-300x143.jpg 300w, https:\/\/welcome-ontour.de\/wordpress\/wp-content\/uploads\/2021\/11\/phoca_thumb_l_2021-08-20-03-700x334.jpg 700w, https:\/\/welcome-ontour.de\/wordpress\/wp-content\/uploads\/2021\/11\/phoca_thumb_l_2021-08-20-03-768x367.jpg 768w\" sizes=\"(max-width: 810px) 100vw, 810px\" \/><\/span><\/p>\n<p style=\"text-align: center;\"><span style=\"font-family: arial, helvetica, sans-serif; font-size: 12pt;\">\u00a0<\/span><\/p>\n<p style=\"text-align: center;\"><span style=\"font-family: arial, helvetica, sans-serif; font-size: 12pt;\">Es soll wieder hei\u00df werden und schon fr\u00fch sind es \u00fcber 30\u00b0.<\/span><\/p>\n<p style=\"text-align: center;\"><span style=\"font-family: arial, helvetica, sans-serif; font-size: 12pt;\">Das Wasser hat 27\u00b0 und ist, wie immer morgens spiegelglatt.<\/span><\/p>\n<p style=\"text-align: center;\"><span style=\"font-family: arial, helvetica, sans-serif; font-size: 12pt;\">Der Blick auf die vorbei ziehenden Schiffe sorgt f\u00fcr Vorfreude auf das kommende Abenteuer.<\/span><\/p>\n<p style=\"text-align: center;\"><span style=\"font-family: arial, helvetica, sans-serif; font-size: 12pt;\">\u00a0<\/span><\/p>\n<p style=\"text-align: center;\"><span style=\"font-family: arial, helvetica, sans-serif; font-size: 12pt;\"><img decoding=\"async\" class=\" size-full wp-image-16304\" title=\"Vorbei ziehende Schiffe\" src=\"https:\/\/welcome-ontour.de\/wordpress\/wp-content\/uploads\/2021\/11\/phoca_thumb_l_2021-08-20-04.jpg\" width=\"319\" height=\"240\" srcset=\"https:\/\/welcome-ontour.de\/wordpress\/wp-content\/uploads\/2021\/11\/phoca_thumb_l_2021-08-20-04.jpg 400w, https:\/\/welcome-ontour.de\/wordpress\/wp-content\/uploads\/2021\/11\/phoca_thumb_l_2021-08-20-04-300x226.jpg 300w\" sizes=\"(max-width: 319px) 100vw, 319px\" \/>\u00a0 <img decoding=\"async\" class=\" size-full wp-image-16305\" title=\"Sonnenbrillenspiegelbild\" src=\"https:\/\/welcome-ontour.de\/wordpress\/wp-content\/uploads\/2021\/11\/phoca_thumb_l_2021-08-20-05.jpg\" alt=\"\" width=\"241\" height=\"240\" srcset=\"https:\/\/welcome-ontour.de\/wordpress\/wp-content\/uploads\/2021\/11\/phoca_thumb_l_2021-08-20-05.jpg 241w, https:\/\/welcome-ontour.de\/wordpress\/wp-content\/uploads\/2021\/11\/phoca_thumb_l_2021-08-20-05-150x150.jpg 150w\" sizes=\"(max-width: 241px) 100vw, 241px\" \/><\/span><\/p>\n<p style=\"text-align: center;\"><span style=\"font-family: arial, helvetica, sans-serif; font-size: 12pt;\">\u00a0<\/span><\/p>\n<p style=\"text-align: center;\"><span style=\"font-family: arial, helvetica, sans-serif; font-size: 12pt;\">An unserem letzten vollen Tag hier hole ich f\u00fcr den Geburtstagshasen eiskalten Sekt, <\/span><\/p>\n<p style=\"text-align: center;\"><span style=\"font-family: arial, helvetica, sans-serif; font-size: 12pt;\">leckere Beefburger und kroatischen Kr\u00e4uterlik\u00f6r an den Strand.<\/span><\/p>\n<p style=\"text-align: center;\"><span style=\"font-family: arial, helvetica, sans-serif; font-size: 12pt;\">\u00a0<\/span><\/p>\n<p style=\"text-align: center;\"><span style=\"font-family: arial, helvetica, sans-serif; font-size: 12pt;\"><img decoding=\"async\" class=\" size-full wp-image-16306\" title=\"Lik\u00f6rchen\" src=\"https:\/\/welcome-ontour.de\/wordpress\/wp-content\/uploads\/2021\/11\/phoca_thumb_l_2021-08-20-06.jpg\" width=\"176\" height=\"234\" srcset=\"https:\/\/welcome-ontour.de\/wordpress\/wp-content\/uploads\/2021\/11\/phoca_thumb_l_2021-08-20-06.jpg 301w, https:\/\/welcome-ontour.de\/wordpress\/wp-content\/uploads\/2021\/11\/phoca_thumb_l_2021-08-20-06-226x300.jpg 226w\" sizes=\"(max-width: 176px) 100vw, 176px\" \/>\u00a0 <img decoding=\"async\" class=\" size-full wp-image-16307\" title=\"St\u00f6\u00dfchen\" src=\"https:\/\/welcome-ontour.de\/wordpress\/wp-content\/uploads\/2021\/11\/phoca_thumb_l_2021-08-20-07.jpg\" width=\"437\" height=\"234\" srcset=\"https:\/\/welcome-ontour.de\/wordpress\/wp-content\/uploads\/2021\/11\/phoca_thumb_l_2021-08-20-07.jpg 400w, https:\/\/welcome-ontour.de\/wordpress\/wp-content\/uploads\/2021\/11\/phoca_thumb_l_2021-08-20-07-300x161.jpg 300w\" sizes=\"(max-width: 437px) 100vw, 437px\" \/>\u00a0 <img decoding=\"async\" class=\" size-full wp-image-16308\" title=\"Geburtstagssekt\" src=\"https:\/\/welcome-ontour.de\/wordpress\/wp-content\/uploads\/2021\/11\/phoca_thumb_l_2021-08-20-08.jpg\" width=\"177\" height=\"234\" srcset=\"https:\/\/welcome-ontour.de\/wordpress\/wp-content\/uploads\/2021\/11\/phoca_thumb_l_2021-08-20-08.jpg 302w, https:\/\/welcome-ontour.de\/wordpress\/wp-content\/uploads\/2021\/11\/phoca_thumb_l_2021-08-20-08-227x300.jpg 227w\" sizes=\"(max-width: 177px) 100vw, 177px\" \/><\/span><\/p>\n<p style=\"text-align: center;\"><span style=\"font-family: arial, helvetica, sans-serif; font-size: 12pt;\">\u00a0<\/span><\/p>\n<p style=\"text-align: center;\"><span style=\"font-family: arial, helvetica, sans-serif; font-size: 12pt;\">Das Wetter meint es auch heute gut mit uns.<\/span><\/p>\n<p style=\"text-align: center;\"><span style=\"font-family: arial, helvetica, sans-serif; font-size: 12pt;\">Bei dem mittlerweile leichten Wind sind die 35\u00b0 gut zu ertragen.<\/span><\/p>\n<p style=\"text-align: center;\"><span style=\"font-family: arial, helvetica, sans-serif; font-size: 12pt;\">\u00a0<\/span><\/p>\n<p style=\"text-align: center;\"><span style=\"font-family: arial, helvetica, sans-serif; font-size: 12pt;\"><img decoding=\"async\" class=\" size-full wp-image-16309\" title=\"Leichter Wind = leichte Wellen\" src=\"https:\/\/welcome-ontour.de\/wordpress\/wp-content\/uploads\/2021\/11\/phoca_thumb_l_2021-08-20-09.jpg\" alt=\"\" width=\"810\" height=\"386\" srcset=\"https:\/\/welcome-ontour.de\/wordpress\/wp-content\/uploads\/2021\/11\/phoca_thumb_l_2021-08-20-09.jpg 810w, https:\/\/welcome-ontour.de\/wordpress\/wp-content\/uploads\/2021\/11\/phoca_thumb_l_2021-08-20-09-300x143.jpg 300w, https:\/\/welcome-ontour.de\/wordpress\/wp-content\/uploads\/2021\/11\/phoca_thumb_l_2021-08-20-09-700x334.jpg 700w, https:\/\/welcome-ontour.de\/wordpress\/wp-content\/uploads\/2021\/11\/phoca_thumb_l_2021-08-20-09-768x366.jpg 768w\" sizes=\"(max-width: 810px) 100vw, 810px\" \/><\/span><\/p>\n<p style=\"text-align: center;\"><span style=\"font-family: arial, helvetica, sans-serif; font-size: 12pt;\">\u00a0<\/span><\/p>\n<p style=\"text-align: center;\"><span style=\"font-family: arial, helvetica, sans-serif; font-size: 12pt;\">Bei der Gelegenheit ein Lob an den Lidl Sonnenschutz.<\/span><\/p>\n<p style=\"text-align: center;\"><span style=\"font-family: arial, helvetica, sans-serif; font-size: 12pt;\">Abends gibt es ein letztes B\u00fcfett Dinner<\/span><\/p>\n<p style=\"text-align: center;\"><span style=\"font-family: arial, helvetica, sans-serif; font-size: 12pt;\">\u00a0<\/span><\/p>\n<p style=\"text-align: center;\"><span style=\"font-family: arial, helvetica, sans-serif; font-size: 12pt;\"><img decoding=\"async\" class=\" size-full wp-image-16310\" title=\"Abend B\u00fcfett\" src=\"https:\/\/welcome-ontour.de\/wordpress\/wp-content\/uploads\/2021\/11\/phoca_thumb_l_2021-08-20-10.jpg\" width=\"336\" height=\"253\" srcset=\"https:\/\/welcome-ontour.de\/wordpress\/wp-content\/uploads\/2021\/11\/phoca_thumb_l_2021-08-20-10.jpg 400w, https:\/\/welcome-ontour.de\/wordpress\/wp-content\/uploads\/2021\/11\/phoca_thumb_l_2021-08-20-10-300x227.jpg 300w\" sizes=\"(max-width: 336px) 100vw, 336px\" \/>\u00a0 <img decoding=\"async\" class=\" size-full wp-image-16311\" title=\"Abendessen\" src=\"https:\/\/welcome-ontour.de\/wordpress\/wp-content\/uploads\/2021\/11\/phoca_thumb_l_2021-08-20-11.jpg\" width=\"125\" height=\"253\" srcset=\"https:\/\/welcome-ontour.de\/wordpress\/wp-content\/uploads\/2021\/11\/phoca_thumb_l_2021-08-20-11.jpg 197w, https:\/\/welcome-ontour.de\/wordpress\/wp-content\/uploads\/2021\/11\/phoca_thumb_l_2021-08-20-11-148x300.jpg 148w\" sizes=\"(max-width: 125px) 100vw, 125px\" \/>\u00a0 <img decoding=\"async\" class=\" size-full wp-image-16312\" title=\"Muscheln und Kalamaris\" src=\"https:\/\/welcome-ontour.de\/wordpress\/wp-content\/uploads\/2021\/11\/phoca_thumb_l_2021-08-20-12.jpg\" width=\"336\" height=\"253\" srcset=\"https:\/\/welcome-ontour.de\/wordpress\/wp-content\/uploads\/2021\/11\/phoca_thumb_l_2021-08-20-12.jpg 400w, https:\/\/welcome-ontour.de\/wordpress\/wp-content\/uploads\/2021\/11\/phoca_thumb_l_2021-08-20-12-300x227.jpg 300w\" sizes=\"(max-width: 336px) 100vw, 336px\" \/><\/span><\/p>\n<p style=\"text-align: center;\"><span style=\"font-family: arial, helvetica, sans-serif; font-size: 12pt;\">\u00a0<\/span><\/p>\n<p style=\"text-align: center;\"><span style=\"font-family: arial, helvetica, sans-serif; font-size: 12pt;\"><img decoding=\"async\" class=\" size-full wp-image-16313\" title=\"Sonnenuntergang am Abendbrottisch\" src=\"https:\/\/welcome-ontour.de\/wordpress\/wp-content\/uploads\/2021\/11\/phoca_thumb_l_2021-08-20-13.jpg\" alt=\"\" width=\"810\" height=\"387\" srcset=\"https:\/\/welcome-ontour.de\/wordpress\/wp-content\/uploads\/2021\/11\/phoca_thumb_l_2021-08-20-13.jpg 810w, https:\/\/welcome-ontour.de\/wordpress\/wp-content\/uploads\/2021\/11\/phoca_thumb_l_2021-08-20-13-300x143.jpg 300w, https:\/\/welcome-ontour.de\/wordpress\/wp-content\/uploads\/2021\/11\/phoca_thumb_l_2021-08-20-13-700x334.jpg 700w, https:\/\/welcome-ontour.de\/wordpress\/wp-content\/uploads\/2021\/11\/phoca_thumb_l_2021-08-20-13-768x367.jpg 768w\" sizes=\"(max-width: 810px) 100vw, 810px\" \/><\/span><\/p>\n<p style=\"text-align: center;\"><span style=\"font-family: arial, helvetica, sans-serif; font-size: 12pt;\">\u00a0<\/span><\/p>\n<p style=\"text-align: center;\"><span style=\"font-family: arial, helvetica, sans-serif; font-size: 12pt;\">und anschlie\u00dfend die Abschlussdrinks in der Fratelli Bar.<\/span><\/p>\n<p style=\"text-align: center;\"><span style=\"font-family: arial, helvetica, sans-serif; font-size: 12pt;\">\u00a0<\/span><\/p>\n<p style=\"text-align: center;\"><span style=\"font-family: arial, helvetica, sans-serif; font-size: 12pt;\"><img decoding=\"async\" class=\" size-full wp-image-16314\" title=\"Fratelli\" src=\"https:\/\/welcome-ontour.de\/wordpress\/wp-content\/uploads\/2021\/11\/phoca_thumb_l_2021-08-20-14.jpg\" alt=\"\" width=\"211\" height=\"279\" srcset=\"https:\/\/welcome-ontour.de\/wordpress\/wp-content\/uploads\/2021\/11\/phoca_thumb_l_2021-08-20-14.jpg 302w, https:\/\/welcome-ontour.de\/wordpress\/wp-content\/uploads\/2021\/11\/phoca_thumb_l_2021-08-20-14-227x300.jpg 227w\" sizes=\"(max-width: 211px) 100vw, 211px\" \/>\u00a0 <img decoding=\"async\" class=\" size-full wp-image-16315\" title=\"Fratelli\" src=\"https:\/\/welcome-ontour.de\/wordpress\/wp-content\/uploads\/2021\/11\/phoca_thumb_l_2021-08-20-15.jpg\" alt=\"\" width=\"370\" height=\"279\" srcset=\"https:\/\/welcome-ontour.de\/wordpress\/wp-content\/uploads\/2021\/11\/phoca_thumb_l_2021-08-20-15.jpg 400w, https:\/\/welcome-ontour.de\/wordpress\/wp-content\/uploads\/2021\/11\/phoca_thumb_l_2021-08-20-15-300x227.jpg 300w\" sizes=\"(max-width: 370px) 100vw, 370px\" \/>\u00a0 <img decoding=\"async\" class=\" size-full wp-image-16316\" title=\"Fratelli\" src=\"https:\/\/welcome-ontour.de\/wordpress\/wp-content\/uploads\/2021\/11\/phoca_thumb_l_2021-08-20-16.jpg\" alt=\"\" width=\"210\" height=\"279\" srcset=\"https:\/\/welcome-ontour.de\/wordpress\/wp-content\/uploads\/2021\/11\/phoca_thumb_l_2021-08-20-16.jpg 301w, https:\/\/welcome-ontour.de\/wordpress\/wp-content\/uploads\/2021\/11\/phoca_thumb_l_2021-08-20-16-226x300.jpg 226w\" sizes=\"(max-width: 210px) 100vw, 210px\" \/><\/span><\/p>\n<p style=\"text-align: center;\"><span style=\"font-family: arial, helvetica, sans-serif; font-size: 12pt;\">\u00a0<\/span><\/p>\n<p style=\"text-align: center;\"><span style=\"font-family: arial, helvetica, sans-serif; font-size: 12pt;\">Auf dem Balkon unseres Zimmers sto\u00dfen wir mit eiskaltem Sekt <\/span><\/p>\n<p style=\"text-align: center;\"><span style=\"font-family: arial, helvetica, sans-serif; font-size: 12pt;\">und in Anwesenheit des heutigen Vollmonds <\/span><span style=\"font-family: arial, helvetica, sans-serif; font-size: 12pt;\">auf Ute\u2019s Geburtstag <\/span><\/p>\n<p style=\"text-align: center;\"><span style=\"font-family: arial, helvetica, sans-serif; font-size: 12pt;\">und die wunderbare Woche hier an.<\/span><\/p>\n<p style=\"text-align: center;\"><span style=\"font-family: arial, helvetica, sans-serif; font-size: 12pt;\">\u00a0<\/span><\/p>\n<p style=\"text-align: center;\"><span style=\"font-family: arial, helvetica, sans-serif; font-size: 12pt;\">Gefahrene Kilometer: 0<\/span><\/p>\n<p style=\"text-align: center;\"><span style=\"font-family: arial, helvetica, sans-serif; font-size: 12pt;\">\u00a0<\/span><\/p>\n<p style=\"text-align: center;\"><span style=\"font-family: arial, helvetica, sans-serif; font-size: 12pt;\">Unterkunft: Pinija Hotel, Petrcane, 141\u20ac *****<\/span><\/p>\n<p style=\"text-align: center;\"><span style=\"font-family: arial, helvetica, sans-serif; font-size: 12pt;\">\u00a0<\/span><\/p>\n<p style=\"text-align: center;\"><span style=\"font-family: arial, helvetica, sans-serif; font-size: 12pt;\"><img decoding=\"async\" class=\" size-full wp-image-16178\" title=\"Kroatien 2021\" src=\"https:\/\/welcome-ontour.de\/wordpress\/wp-content\/uploads\/2021\/11\/phoca_thumb_l_2021-08-13-03.jpg\" width=\"250\" height=\"95\" \/><\/span><\/p>\n<p style=\"text-align: center;\"><span style=\"font-family: arial, helvetica, sans-serif; font-size: 12pt;\">\u00a0<\/span><\/p>\n<p style=\"text-align: center;\"><a href=\"https:\/\/welcome-ontour.de\/wordpress\/index.php\/2021-08-19\/\">&lt; zur\u00fcck<\/a>\u00a0 \u00a0 \u00a0 \u00a0 \u00a0 \u00a0 \u00a0 \u00a0 \u00a0 \u00a0 \u00a0 \u00a0 \u00a0 \u00a0 \u00a0 \u00a0 \u00a0 \u00a0 \u00a0 \u00a0 \u00a0 \u00a0 \u00a0 \u00a0 \u00a0 \u00a0 \u00a0 \u00a0 \u00a0 \u00a0 \u00a0 \u00a0 \u00a0 \u00a0 \u00a0 \u00a0 \u00a0 \u00a0 \u00a0 \u00a0 \u00a0 \u00a0 \u00a0 \u00a0 \u00a0 \u00a0 \u00a0 \u00a0 \u00a0 \u00a0 \u00a0 \u00a0 \u00a0 \u00a0 \u00a0 \u00a0 \u00a0 \u00a0 \u00a0 \u00a0 \u00a0 \u00a0 \u00a0 \u00a0 \u00a0 \u00a0 \u00a0 \u00a0 \u00a0 \u00a0 \u00a0 \u00a0 \u00a0 \u00a0 \u00a0 \u00a0 \u00a0 \u00a0 \u00a0 \u00a0 \u00a0 \u00a0 \u00a0 \u00a0 \u00a0 \u00a0 \u00a0 \u00a0 \u00a0 \u00a0 \u00a0 \u00a0 \u00a0 \u00a0 \u00a0 \u00a0 \u00a0 \u00a0 \u00a0\u00a0<a href=\"https:\/\/welcome-ontour.de\/wordpress\/index.php\/2021-08-21\/\">weiter &gt;<\/a><\/p>\n","protected":false},"excerpt":{"rendered":"<p>Prolog\u00a0 \u00a0 \u00a0\u00a0Anreise\u00a0 \u00a0 \u00a0\u00a0Petrcane\u00a0 \u00a0 \u00a0\u00a0Voyage\u00a0 \u00a0 \u00a0\u00a0Krka\u00a0\u00a0 \u00a0\u00a0Split\u00a0 \u00a0 \u00a0\u00a0Omis\/Brac\u00a0\u00a0 \u00a0\u00a0Sibenik\u00a0 \u00a0 \u00a0\u00a0Kornati\u00a0\u00a0 \u00a0\u00a0Zadar\u00a0 \u00a0 \u00a0\u00a0Relax\u00a0\u00a0 \u00a0\u00a0R\u00fcckreise\u00a0 \u00a0 \u00a0\u00a0Fazit \u00a0 &lt; zur\u00fcck\u00a0 \u00a0 \u00a0 \u00a0\u00a0 \u00a0 \u00a0 \u00a0 \u00a0 \u00a0 \u00a0 \u00a0 \u00a0 \u00a0 \u00a0 \u00a0 \u00a0 \u00a0 \u00a0 \u00a0 \u00a0 \u00a0 \u00a0 \u00a0 \u00a0 \u00a0 \u00a0 \u00a0 \u00a0 \u00a0 \u00a0 \u00a0 \u00a0 \u00a0 \u00a0 \u00a0 \u00a0 \u00a0 \u00a0 \u00a0 \u00a0 \u00a0 \u00a0 \u00a0 \u00a0 \u00a0 \u00a0 \u00a0 \u00a0 \u00a0 \u00a0 \u00a0 \u00a0 \u00a0 \u00a0 \u00a0 \u00a0 \u00a0 \u00a0 \u00a0 \u00a0 \u00a0 \u00a0 \u00a0 \u00a0 \u00a0 \u00a0 \u00a0 \u00a0 \u00a0 \u00a0 \u00a0 \u00a0 \u00a0 \u00a0 \u00a0 \u00a0 \u00a0 \u00a0 \u00a0 \u00a0 \u00a0 \u00a0 \u00a0 \u00a0 \u00a0 \u00a0 \u00a0 \u00a0 \u00a0 \u00a0 \u00a0 \u00a0 \u00a0 \u00a0 \u00a0 \u00a0 \u00a0 \u00a0 \u00a0 \u00a0 \u00a0 \u00a0\u00a0weiter &gt; \u00a0 Fr 20.8. \u00a0 Relax \u00a0 Ute hat Geburtstag. \u00a0 \u00a0 Beim Fr\u00fchst\u00fcck in der Sonne besprechen wir den Tag. \u00a0 \u00a0 Und kommen zum Entschluss, uns einen weiteren wunderbaren Badetag zu genehmigen. \u00a0 \u00a0 Es soll wieder hei\u00df werden und schon fr\u00fch sind es \u00fcber 30\u00b0. Das Wasser hat 27\u00b0 und ist, wie immer morgens spiegelglatt. Der Blick auf die vorbei ziehenden Schiffe sorgt f\u00fcr Vorfreude auf das kommende Abenteuer. \u00a0 \u00a0 \u00a0 An unserem letzten vollen Tag hier hole ich f\u00fcr den Geburtstagshasen eiskalten Sekt, leckere Beefburger und kroatischen Kr\u00e4uterlik\u00f6r an den Strand. \u00a0 \u00a0 \u00a0 \u00a0 Das Wetter meint es auch heute gut mit uns. Bei dem mittlerweile leichten Wind sind die 35\u00b0 gut zu ertragen. \u00a0 \u00a0 Bei der Gelegenheit ein Lob an den Lidl Sonnenschutz. Abends gibt es ein letztes B\u00fcfett Dinner \u00a0 \u00a0 \u00a0 \u00a0 \u00a0 und anschlie\u00dfend die Abschlussdrinks in der Fratelli Bar. \u00a0 \u00a0 \u00a0 \u00a0 Auf dem Balkon unseres Zimmers sto\u00dfen wir mit eiskaltem Sekt und in Anwesenheit des heutigen Vollmonds auf Ute\u2019s Geburtstag und die wunderbare Woche hier an. \u00a0 Gefahrene Kilometer: 0 \u00a0 Unterkunft: Pinija Hotel, Petrcane, 141\u20ac ***** \u00a0 \u00a0 &lt; zur\u00fcck\u00a0 \u00a0 \u00a0 \u00a0 \u00a0 \u00a0 \u00a0 \u00a0 \u00a0 \u00a0 \u00a0 \u00a0 \u00a0 \u00a0 \u00a0 \u00a0 \u00a0 \u00a0 \u00a0 \u00a0 \u00a0 \u00a0 \u00a0 \u00a0 \u00a0 \u00a0 \u00a0 \u00a0 \u00a0 \u00a0 \u00a0 \u00a0 \u00a0 \u00a0 \u00a0 \u00a0 \u00a0 \u00a0 \u00a0 \u00a0 \u00a0 \u00a0 \u00a0 \u00a0 \u00a0 \u00a0 \u00a0 \u00a0 \u00a0 \u00a0 \u00a0 \u00a0 \u00a0 \u00a0 \u00a0 \u00a0 \u00a0 \u00a0 \u00a0 \u00a0 \u00a0 \u00a0 \u00a0 \u00a0 \u00a0 \u00a0 \u00a0 \u00a0 \u00a0 \u00a0 \u00a0 \u00a0 \u00a0 \u00a0 \u00a0 \u00a0 \u00a0 \u00a0 \u00a0 \u00a0 \u00a0 \u00a0 \u00a0 \u00a0 \u00a0 \u00a0 \u00a0 \u00a0 \u00a0 \u00a0 \u00a0 \u00a0 \u00a0 \u00a0 \u00a0 \u00a0 \u00a0 \u00a0 \u00a0\u00a0weiter &gt;<\/p>\n","protected":false},"author":1,"featured_media":16301,"parent":0,"menu_order":12,"comment_status":"closed","ping_status":"closed","template":"","meta":{"footnotes":""},"class_list":["post-16317","page","type-page","status-publish","has-post-thumbnail","hentry"],"_links":{"self":[{"href":"https:\/\/welcome-ontour.de\/wordpress\/index.php\/wp-json\/wp\/v2\/pages\/16317","targetHints":{"allow":["GET"]}}],"collection":[{"href":"https:\/\/welcome-ontour.de\/wordpress\/index.php\/wp-json\/wp\/v2\/pages"}],"about":[{"href":"https:\/\/welcome-ontour.de\/wordpress\/index.php\/wp-json\/wp\/v2\/types\/page"}],"author":[{"embeddable":true,"href":"https:\/\/welcome-ontour.de\/wordpress\/index.php\/wp-json\/wp\/v2\/users\/1"}],"replies":[{"embeddable":true,"href":"https:\/\/welcome-ontour.de\/wordpress\/index.php\/wp-json\/wp\/v2\/comments?post=16317"}],"version-history":[{"count":1,"href":"https:\/\/welcome-ontour.de\/wordpress\/index.php\/wp-json\/wp\/v2\/pages\/16317\/revisions"}],"predecessor-version":[{"id":16710,"href":"https:\/\/welcome-ontour.de\/wordpress\/index.php\/wp-json\/wp\/v2\/pages\/16317\/revisions\/16710"}],"wp:featuredmedia":[{"embeddable":true,"href":"https:\/\/welcome-ontour.de\/wordpress\/index.php\/wp-json\/wp\/v2\/media\/16301"}],"wp:attachment":[{"href":"https:\/\/welcome-ontour.de\/wordpress\/index.php\/wp-json\/wp\/v2\/media?parent=16317"}],"curies":[{"name":"wp","href":"https:\/\/api.w.org\/{rel}","templated":true}]}}